{"id":3024,"date":"2025-04-09T22:09:21","date_gmt":"2025-04-09T14:09:21","guid":{"rendered":"https:\/\/led.amasly.com\/?page_id=3024"},"modified":"2025-04-09T22:09:30","modified_gmt":"2025-04-09T14:09:30","slug":"what-are-the-different-types-of-explosionproof-lights","status":"publish","type":"page","link":"https:\/\/led.amasly.com\/es_mx\/knowledge\/explosion-proof-products-knowledge\/what-are-the-different-types-of-explosionproof-lights\/","title":{"rendered":"\u00bfCu\u00e1les son los distintos tipos de luces antideflagrantes?"},"content":{"rendered":"<div class=\"wp-block-uagb-container uagb-block-27bae773 alignfull uagb-is-root-container\"><div class=\"uagb-container-inner-blocks-wrap\"><\/div><\/div>\n\n\n\n<h2 class=\"wp-block-heading has-text-align-left\"><strong>\u00bfCu\u00e1les son los diferentes tipos de explosi\u00f3n?<\/strong><strong>&nbsp;<\/strong><strong>\u00bfLuces de prueba?<\/strong><strong><\/strong><\/h2>\n\n\n\n<div class=\"wp-block-uagb-image uagb-block-da1360b5 wp-block-uagb-image--layout-default wp-block-uagb-image--effect-static wp-block-uagb-image--align-none\"><figure class=\"wp-block-uagb-image__figure\"><a class=\"\" href=\"https:\/\/led.amasly.com\/es_mx\/\" target=\"\" rel=\"noopener\"><img decoding=\"async\" srcset=\"https:\/\/led.amasly.com\/wp-content\/uploads\/2025\/01\/LED-explosion-proof-flood-lights.png ,https:\/\/led.amasly.com\/wp-content\/uploads\/2025\/01\/LED-explosion-proof-flood-lights.png 780w, https:\/\/led.amasly.com\/wp-content\/uploads\/2025\/01\/LED-explosion-proof-flood-lights.png 360w\" sizes=\"auto, (max-width: 480px) 150px\" src=\"https:\/\/led.amasly.com\/wp-content\/uploads\/2025\/01\/LED-explosion-proof-flood-lights.png\" alt=\"\" class=\"uag-image-1675\" width=\"1004\" height=\"308\" title=\"Proyectores LED antideflagrantes\" loading=\"lazy\" role=\"img\"><\/a><\/figure><\/div>\n\n\n\n<p>Las luces a prueba de explosiones son un tipo de equipo de iluminaci\u00f3n especialmente dise\u00f1ado para su uso en entornos peligrosos, capaz de utilizarse con seguridad en entornos con gases, vapores o polvo inflamables y explosivos. Sus caracter\u00edsticas incluyen a prueba de explosiones, a prueba de polvo, a prueba de agua y resistentes a la corrosi\u00f3n. Las l\u00e1mparas a prueba de explosiones suelen estar dise\u00f1adas con materiales y estructuras especiales para garantizar que no provoquen chispas ni generen altas temperaturas en entornos peligrosos. &nbsp;&nbsp;<\/p>\n\n\n\n<h2 class=\"wp-block-heading\"><strong>Luz antideflagrante Tipo:<\/strong><strong><\/strong><\/h2>\n\n\n\n<p>Seg\u00fan la forma se divide en: luz redonda a prueba de explosiones (luz de gran altura a prueba de explosiones), luz cuadrada a prueba de explosiones (luz de inundaci\u00f3n a prueba de explosiones), luces largas a prueba de explosiones, luces de salida de emergencia a prueba de explosiones, luces m\u00f3viles a prueba de explosiones, luces de calle a prueba de explosiones.<\/p>\n\n\n\n<p>De acuerdo con el tipo de prueba de explosi\u00f3n se divide en prueba de explosi\u00f3n, aumento de la seguridad, la presi\u00f3n positiva, sin chispas tipo y el polvo a prueba de explosi\u00f3n un total de cinco tipos principales, sino tambi\u00e9n por el otro tipo a prueba de explosi\u00f3n y el tipo a prueba de explosi\u00f3n por encima o combinaci\u00f3n de varios tipos de compuestos y de tipo especial.<\/p>\n\n\n\n<h2 class=\"wp-block-heading\">A prueba de explosiones<\/h2>\n\n\n\n<figure class=\"wp-block-table\"><table class=\"has-fixed-layout\"><tbody><tr><td><strong>tipo antideflagrante<\/strong><strong><\/strong><\/td><td><strong>principio antideflagrante<\/strong><strong><\/strong><\/td><td><strong>Aplicaci\u00f3n<\/strong><strong><\/strong><\/td><\/tr><tr><td>Seguridad reforzada tipo \"e\"<\/td><td>Los equipos el\u00e9ctricos que no generan arcos o chispas en condiciones normales de funcionamiento est\u00e1n protegidos por medidas adicionales para aumentar su seguridad y fiabilidad y evitar la generaci\u00f3n de temperaturas peligrosas, arcos y chispas de sus componentes internos y externos.<\/td><td>iluminaci\u00f3n antideflagrante, motores antideflagrantes, cajas de derivaci\u00f3n antideflagrantes, clavijas y tomas de corriente antideflagrantes, mangueras de conexi\u00f3n flexible antideflagrantes<\/td><\/tr><tr><td>Ign\u00edfugo \"d\"<\/td><td>Una envolvente para equipos el\u00e9ctricos que puede soportar la explosi\u00f3n de una mezcla combustible que ha entrado en el interior de la envolvente sin sufrir da\u00f1os, y que no encender\u00e1 una atm\u00f3sfera explosiva externa formada por uno o m\u00e1s gases o vapores a trav\u00e9s de cualquier junta o agujero estructural de la envolvente.<\/td><td>caja de distribuci\u00f3n antideflagrante, pulsador antideflagrante, columna de maniobra antideflagrante, disyuntor antideflagrante, l\u00e1mpara antideflagrante, motor antideflagrante.<\/td><\/tr><tr><td>Presi\u00f3n positiva tipo \"p\"<\/td><td>El tipo de presi\u00f3n positiva \"p\" reduce la concentraci\u00f3n de la mezcla explosiva en el interior por debajo del l\u00edmite de explosi\u00f3n manteniendo la presi\u00f3n del gas protector en el interior por encima de la del \u00e1rea circundante para evitar la entrada de la mezcla explosiva en la envolvente o el paso de suficiente gas protector a trav\u00e9s de la envolvente para que la concentraci\u00f3n de la mezcla explosiva en el interior se reduzca por debajo del l\u00edmite de explosi\u00f3n.<\/td><td>cabina de analizador antideflagrante, unidad de control y distribuci\u00f3n de energ\u00eda antideflagrante<\/td><\/tr><tr><td>Seguridad intr\u00ednseca \"i\"<\/td><td>En las condiciones de ensayo especificadas, las chispas el\u00e9ctricas y los efectos t\u00e9rmicos generados por los circuitos del interior del aparato en funcionamiento normal o en las condiciones de aver\u00eda especificadas no deber\u00e1n inflamar la mezcla explosiva especificada.Aparato el\u00e9ctrico que no puede inflamar los gases o vapores explosivos especificados en las condiciones de ensayo especificadas o en las condiciones de aver\u00eda especificadas.<\/td><td>equipos de comunicaci\u00f3n a prueba de explosiones, sensores a prueba de explosiones, equipos de medici\u00f3n y control a prueba de explosiones.<\/td><\/tr><tr><td>Tipo moldeado \"m\"<\/td><td>La parte del arco, chispa o alta temperatura que puede producir la ignici\u00f3n de una mezcla explosiva se funde de forma que no pueda inflamar la mezcla de gases explosivos circundante.<\/td><td>transformadores antideflagrantes<\/td><\/tr><\/tbody><\/table><\/figure>\n\n\n\n<p class=\"has-text-align-left\">Amasly es una empresa de iluminaci\u00f3n profesional, nuestros productos se centran en la iluminaci\u00f3n industrial y la iluminaci\u00f3n exterior. <\/p>\n\n\n\n<p class=\"has-text-align-left\">Los principales productos son luces led a prueba de explosiones, aparatos el\u00e9ctricos a prueba de explosiones, luces led de gran altura, luces led de inundaci\u00f3n, farolas led, luces led trif\u00e1sicas y luces led solares.<\/p>\n\n\n\n<p class=\"has-text-align-left\">Nuestros productos se han exportado a 68 pa\u00edses de todo el mundo, como Europa y Estados Unidos, y se ha ganado el reconocimiento de los principales proveedores de productos de iluminaci\u00f3n del mundo con sus productos de alta calidad.<\/p>\n\n\n\n<div class=\"wp-block-uagb-container uagb-block-c7d898dd alignfull uagb-is-root-container\"><div class=\"uagb-container-inner-blocks-wrap\"><\/div><\/div>\n\n\n\n<h2 class=\"wp-block-heading\">Productos relacionados<\/h2>\n\n\n\n<div class=\"wp-block-uagb-container uagb-block-66e4defc alignfull uagb-is-root-container\"><div class=\"uagb-container-inner-blocks-wrap\">\n<div class=\"wp-block-uagb-container uagb-block-a42945f9\">\n<div class=\"wp-block-uagb-image uagb-block-7296296b wp-block-uagb-image--layout-default wp-block-uagb-image--effect-static wp-block-uagb-image--align-none\"><figure class=\"wp-block-uagb-image__figure\"><a class=\"\" href=\"https:\/\/led.amasly.com\/es_mx\/products\/\" target=\"\" rel=\"noopener\"><img decoding=\"async\" srcset=\"https:\/\/led.amasly.com\/wp-content\/uploads\/2024\/09\/Explosion-proof-high-bay-lights.png ,https:\/\/led.amasly.com\/wp-content\/uploads\/2024\/09\/Explosion-proof-high-bay-lights.png 780w, https:\/\/led.amasly.com\/wp-content\/uploads\/2024\/09\/Explosion-proof-high-bay-lights.png 360w\" sizes=\"auto, (max-width: 480px) 150px\" src=\"https:\/\/led.amasly.com\/wp-content\/uploads\/2024\/09\/Explosion-proof-high-bay-lights.png\" alt=\"\" class=\"uag-image-1495\" width=\"300\" height=\"300\" title=\"Luces de gran altura a prueba de explosiones\" loading=\"lazy\" role=\"img\"><\/a><\/figure><\/div>\n<\/div>\n\n\n\n<div class=\"wp-block-uagb-container uagb-block-4d3efde5\">\n<div class=\"wp-block-uagb-image uagb-block-c9e90797 wp-block-uagb-image--layout-default wp-block-uagb-image--effect-static wp-block-uagb-image--align-none\"><figure class=\"wp-block-uagb-image__figure\"><a class=\"\" href=\"https:\/\/led.amasly.com\/es_mx\/products\/\" target=\"\" rel=\"noopener\"><img decoding=\"async\" srcset=\"https:\/\/led.amasly.com\/wp-content\/uploads\/2024\/07\/LED-tri-proof-lights2.png ,https:\/\/led.amasly.com\/wp-content\/uploads\/2024\/07\/LED-tri-proof-lights2.png 780w, https:\/\/led.amasly.com\/wp-content\/uploads\/2024\/07\/LED-tri-proof-lights2.png 360w\" sizes=\"auto, (max-width: 480px) 150px\" src=\"https:\/\/led.amasly.com\/wp-content\/uploads\/2024\/07\/LED-tri-proof-lights2.png\" alt=\"\" class=\"uag-image-1132\" width=\"300\" height=\"300\" title=\"Luces LED-tri-proof2\" loading=\"lazy\" role=\"img\"><\/a><\/figure><\/div>\n<\/div>\n\n\n\n<div class=\"wp-block-uagb-container uagb-block-11c2578b\">\n<div class=\"wp-block-uagb-image uagb-block-6e8883aa wp-block-uagb-image--layout-default wp-block-uagb-image--effect-static wp-block-uagb-image--align-none\"><figure class=\"wp-block-uagb-image__figure\"><a class=\"\" href=\"https:\/\/led.amasly.com\/es_mx\/products\/\" target=\"\" rel=\"noopener\"><img decoding=\"async\" srcset=\"https:\/\/led.amasly.com\/wp-content\/uploads\/2024\/09\/LED-Explosion-Proof-Gas-Station-Light.png ,https:\/\/led.amasly.com\/wp-content\/uploads\/2024\/09\/LED-Explosion-Proof-Gas-Station-Light.png 780w, https:\/\/led.amasly.com\/wp-content\/uploads\/2024\/09\/LED-Explosion-Proof-Gas-Station-Light.png 360w\" sizes=\"auto, (max-width: 480px) 150px\" src=\"https:\/\/led.amasly.com\/wp-content\/uploads\/2024\/09\/LED-Explosion-Proof-Gas-Station-Light.png\" alt=\"\" class=\"uag-image-1501\" width=\"300\" height=\"300\" title=\"L\u00e1mpara LED antideflagrante para gasolineras\" loading=\"lazy\" role=\"img\"><\/a><\/figure><\/div>\n<\/div>\n<\/div><\/div>\n\n\n\n<div class=\"wp-block-uagb-container uagb-block-548945b5 alignfull uagb-is-root-container\"><div class=\"uagb-container-inner-blocks-wrap\">\n<div class=\"wp-block-uagb-container uagb-block-967755d5\">\n<h4 class=\"wp-block-heading has-text-align-center\"><a href=\"https:\/\/led.amasly.com\/es_mx\/products\/\">Luces LED antideflagrantes<\/a><\/h4>\n<\/div>\n\n\n\n<div class=\"wp-block-uagb-container uagb-block-9bc52fc2\">\n<h4 class=\"wp-block-heading has-text-align-center\"><a href=\"https:\/\/led.amasly.com\/es_mx\/products\/\">Luces LED Tri-Proof<\/a><\/h4>\n<\/div>\n\n\n\n<div class=\"wp-block-uagb-container uagb-block-8ffa0a23\">\n<h4 class=\"wp-block-heading has-text-align-center\"><a href=\"https:\/\/led.amasly.com\/es_mx\/products\/\">Luces de gasolinera a prueba de explosiones<\/a><\/h4>\n<\/div>\n<\/div><\/div>\n\n\n\n<div class=\"wp-block-uagb-container uagb-block-29499fe0 alignfull uagb-is-root-container\"><div class=\"uagb-container-inner-blocks-wrap\">\n<div class=\"wp-block-uagb-container uagb-block-777ee1c7\">\n<div class=\"wp-block-uagb-image uagb-block-2e9a1851 wp-block-uagb-image--layout-default wp-block-uagb-image--effect-static wp-block-uagb-image--align-none\"><figure class=\"wp-block-uagb-image__figure\"><a class=\"\" href=\"https:\/\/led.amasly.com\/es_mx\/products\/\" target=\"\" rel=\"noopener\"><img decoding=\"async\" srcset=\"https:\/\/led.amasly.com\/wp-content\/uploads\/2024\/10\/50W-100W-150W-200W-300W-LED-Flood-Light.jpg ,https:\/\/led.amasly.com\/wp-content\/uploads\/2024\/10\/50W-100W-150W-200W-300W-LED-Flood-Light.jpg 780w, https:\/\/led.amasly.com\/wp-content\/uploads\/2024\/10\/50W-100W-150W-200W-300W-LED-Flood-Light.jpg 360w\" sizes=\"auto, (max-width: 480px) 150px\" src=\"https:\/\/led.amasly.com\/wp-content\/uploads\/2024\/10\/50W-100W-150W-200W-300W-LED-Flood-Light.jpg\" alt=\"\" class=\"uag-image-1526\" width=\"300\" height=\"300\" title=\"L\u00e1mpara de inundaci\u00f3n LED 50W 100W 150W 200W 300W\" loading=\"lazy\" role=\"img\"><\/a><\/figure><\/div>\n<\/div>\n\n\n\n<div class=\"wp-block-uagb-container uagb-block-af8c8683\">\n<div class=\"wp-block-uagb-image uagb-block-67947854 wp-block-uagb-image--layout-default wp-block-uagb-image--effect-static wp-block-uagb-image--align-none\"><figure class=\"wp-block-uagb-image__figure\"><a class=\"\" href=\"https:\/\/led.amasly.com\/es_mx\/products\/\" target=\"\" rel=\"noopener\"><img decoding=\"async\" srcset=\"https:\/\/led.amasly.com\/wp-content\/uploads\/2024\/07\/led-tri-proof-light.png ,https:\/\/led.amasly.com\/wp-content\/uploads\/2024\/07\/led-tri-proof-light.png 780w, https:\/\/led.amasly.com\/wp-content\/uploads\/2024\/07\/led-tri-proof-light.png 360w\" sizes=\"auto, (max-width: 480px) 150px\" src=\"https:\/\/led.amasly.com\/wp-content\/uploads\/2024\/07\/led-tri-proof-light.png\" alt=\"\" class=\"uag-image-1130\" width=\"300\" height=\"300\" title=\"luz led-tri-proof\" loading=\"lazy\" role=\"img\"><\/a><\/figure><\/div>\n<\/div>\n\n\n\n<div class=\"wp-block-uagb-container uagb-block-0fdfdd58\">\n<div class=\"wp-block-uagb-image uagb-block-1187d32d wp-block-uagb-image--layout-default wp-block-uagb-image--effect-static wp-block-uagb-image--align-none\"><figure class=\"wp-block-uagb-image__figure\"><a class=\"\" href=\"https:\/\/led.amasly.com\/es_mx\/products\/\" target=\"\" rel=\"noopener\"><img decoding=\"async\" srcset=\"https:\/\/led.amasly.com\/wp-content\/uploads\/2024\/07\/LED-street-light.jpg ,https:\/\/led.amasly.com\/wp-content\/uploads\/2024\/07\/LED-street-light.jpg 780w, https:\/\/led.amasly.com\/wp-content\/uploads\/2024\/07\/LED-street-light.jpg 360w\" sizes=\"auto, (max-width: 480px) 150px\" src=\"https:\/\/led.amasly.com\/wp-content\/uploads\/2024\/07\/LED-street-light.jpg\" alt=\"\" class=\"uag-image-1145\" width=\"300\" height=\"300\" title=\"Alumbrado p\u00fablico LED\" loading=\"lazy\" role=\"img\"><\/a><\/figure><\/div>\n<\/div>\n<\/div><\/div>\n\n\n\n<div class=\"wp-block-uagb-container uagb-block-6a60882c alignfull uagb-is-root-container\"><div class=\"uagb-container-inner-blocks-wrap\">\n<div class=\"wp-block-uagb-container uagb-block-f1e91a35\">\n<h4 class=\"wp-block-heading has-text-align-center\"><a href=\"https:\/\/led.amasly.com\/es_mx\/products\/\">Proyectores LED<\/a><\/h4>\n<\/div>\n\n\n\n<div class=\"wp-block-uagb-container uagb-block-165bfa58\">\n<h4 class=\"wp-block-heading has-text-align-center\"><a href=\"https:\/\/led.amasly.com\/es_mx\/products\/\">Tubos de luz LED trif\u00e1sicos<\/a><\/h4>\n<\/div>\n\n\n\n<div class=\"wp-block-uagb-container uagb-block-f6096e3b\">\n<h4 class=\"wp-block-heading has-text-align-center\"><a href=\"https:\/\/led.amasly.com\/es_mx\/products\/\">Alumbrado p\u00fablico LED<\/a><\/h4>\n<\/div>\n<\/div><\/div>\n\n\n\n<div class=\"wp-block-uagb-container uagb-block-99c0e0a5 alignfull uagb-is-root-container\"><div class=\"uagb-container-inner-blocks-wrap\"><\/div><\/div>\n\n\n\n<p><\/p>","protected":false},"excerpt":{"rendered":"<p>What are the different types of explosion&nbsp;proof lights? Explosion proof lights are a type of lighting equipment specially designed for use in hazardous environments, capable of being used safely in flammable and explosive gases, vapors or dust environments. Its features include explosion-proof, dust-proof, water-proof and corrosion-resistant. Explosion-proof lamps are usually designed with special materials and [&hellip;]<\/p>\n","protected":false},"author":1,"featured_media":0,"parent":2374,"menu_order":0,"comment_status":"closed","ping_status":"closed","template":"","meta":{"_uag_custom_page_level_css":"","site-sidebar-layout":"no-sidebar","site-content-layout":"","ast-site-content-layout":"default","site-content-style":"default","site-sidebar-style":"default","ast-global-header-display":"","ast-banner-title-visibility":"","ast-main-header-display":"","ast-hfb-above-header-display":"","ast-hfb-below-header-display":"","ast-hfb-mobile-header-display":"","site-post-title":"disabled","ast-breadcrumbs-content":"","ast-featured-img":"","footer-sml-layout":"","ast-disable-related-posts":"","theme-transparent-header-meta":"enabled","adv-header-id-meta":"","stick-header-meta":"","header-above-stick-meta":"","header-main-stick-meta":"","header-below-stick-meta":"","astra-migrate-meta-layouts":"set","ast-page-background-enabled":"default","ast-page-background-meta":{"desktop":{"background-color":"var(--ast-global-color-4)","background-image":"","background-repeat":"repeat","background-position":"center center","background-size":"auto","background-attachment":"scroll","background-type":"","background-media":"","overlay-type":"","overlay-color":"","overlay-opacity":"","overlay-gradient":""},"tablet":{"background-color":"","background-image":"","background-repeat":"repeat","background-position":"center center","background-size":"auto","background-attachment":"scroll","background-type":"","background-media":"","overlay-type":"","overlay-color":"","overlay-opacity":"","overlay-gradient":""},"mobile":{"background-color":"","background-image":"","background-repeat":"repeat","background-position":"center center","background-size":"auto","background-attachment":"scroll","background-type":"","background-media":"","overlay-type":"","overlay-color":"","overlay-opacity":"","overlay-gradient":""}},"ast-content-background-meta":{"desktop":{"background-color":"var(--ast-global-color-5)","background-image":"","background-repeat":"repeat","background-position":"center center","background-size":"auto","background-attachment":"scroll","background-type":"","background-media":"","overlay-type":"","overlay-color":"","overlay-opacity":"","overlay-gradient":""},"tablet":{"background-color":"var(--ast-global-color-5)","background-image":"","background-repeat":"repeat","background-position":"center center","background-size":"auto","background-attachment":"scroll","background-type":"","background-media":"","overlay-type":"","overlay-color":"","overlay-opacity":"","overlay-gradient":""},"mobile":{"background-color":"var(--ast-global-color-5)","background-image":"","background-repeat":"repeat","background-position":"center center","background-size":"auto","background-attachment":"scroll","background-type":"","background-media":"","overlay-type":"","overlay-color":"","overlay-opacity":"","overlay-gradient":""}},"footnotes":""},"class_list":["post-3024","page","type-page","status-publish","hentry"],"uagb_featured_image_src":{"full":false,"thumbnail":false,"medium":false,"medium_large":false,"large":false,"1536x1536":false,"2048x2048":false,"trp-custom-language-flag":false},"uagb_author_info":{"display_name":"Joe","author_link":"https:\/\/led.amasly.com\/es_mx\/author\/jacklin\/"},"uagb_comment_info":0,"uagb_excerpt":"What are the different types of explosion&nbsp;proof lights? Explosion proof lights are a type of lighting equipment specially designed for use in hazardous environments, capable of being used safely in flammable and explosive gases, vapors or dust environments. Its features include explosion-proof, dust-proof, water-proof and corrosion-resistant. Explosion-proof lamps are usually designed with special materials and&hellip;","_links":{"self":[{"href":"https:\/\/led.amasly.com\/es_mx\/wp-json\/wp\/v2\/pages\/3024","targetHints":{"allow":["GET"]}}],"collection":[{"href":"https:\/\/led.amasly.com\/es_mx\/wp-json\/wp\/v2\/pages"}],"about":[{"href":"https:\/\/led.amasly.com\/es_mx\/wp-json\/wp\/v2\/types\/page"}],"author":[{"embeddable":true,"href":"https:\/\/led.amasly.com\/es_mx\/wp-json\/wp\/v2\/users\/1"}],"replies":[{"embeddable":true,"href":"https:\/\/led.amasly.com\/es_mx\/wp-json\/wp\/v2\/comments?post=3024"}],"version-history":[{"count":1,"href":"https:\/\/led.amasly.com\/es_mx\/wp-json\/wp\/v2\/pages\/3024\/revisions"}],"predecessor-version":[{"id":3025,"href":"https:\/\/led.amasly.com\/es_mx\/wp-json\/wp\/v2\/pages\/3024\/revisions\/3025"}],"up":[{"embeddable":true,"href":"https:\/\/led.amasly.com\/es_mx\/wp-json\/wp\/v2\/pages\/2374"}],"wp:attachment":[{"href":"https:\/\/led.amasly.com\/es_mx\/wp-json\/wp\/v2\/media?parent=3024"}],"curies":[{"name":"wp","href":"https:\/\/api.w.org\/{rel}","templated":true}]}}