{"id":3013,"date":"2025-04-09T21:24:55","date_gmt":"2025-04-09T13:24:55","guid":{"rendered":"https:\/\/led.amasly.com\/?page_id=3013"},"modified":"2025-04-09T21:24:59","modified_gmt":"2025-04-09T13:24:59","slug":"what-is-an-explosion-proof-flashlight","status":"publish","type":"page","link":"https:\/\/led.amasly.com\/es_mx\/knowledge\/explosion-proof-products-knowledge\/what-is-an-explosion-proof-flashlight\/","title":{"rendered":"\u00bfQu\u00e9 es una linterna antideflagrante?"},"content":{"rendered":"<div class=\"wp-block-uagb-container uagb-block-27bae773 alignfull uagb-is-root-container\"><div class=\"uagb-container-inner-blocks-wrap\"><\/div><\/div>\n\n\n\n<h2 class=\"wp-block-heading has-text-align-center\"><strong>\u00bfQu\u00e9 es una linterna antideflagrante?<\/strong><strong><\/strong><\/h2>\n\n\n\n<div class=\"wp-block-uagb-image uagb-block-da1360b5 wp-block-uagb-image--layout-default wp-block-uagb-image--effect-static wp-block-uagb-image--align-none\"><figure class=\"wp-block-uagb-image__figure\"><a class=\"\" href=\"https:\/\/led.amasly.com\/es_mx\/products\/\" target=\"\" rel=\"noopener\"><img decoding=\"async\" srcset=\"https:\/\/led.amasly.com\/wp-content\/uploads\/2025\/03\/explosion-proof-flashlights-explosion-proof-mobile-work-lights.jpg ,https:\/\/led.amasly.com\/wp-content\/uploads\/2025\/03\/explosion-proof-flashlights-explosion-proof-mobile-work-lights.jpg 780w, https:\/\/led.amasly.com\/wp-content\/uploads\/2025\/03\/explosion-proof-flashlights-explosion-proof-mobile-work-lights.jpg 360w\" sizes=\"auto, (max-width: 480px) 150px\" src=\"https:\/\/led.amasly.com\/wp-content\/uploads\/2025\/03\/explosion-proof-flashlights-explosion-proof-mobile-work-lights.jpg\" alt=\"\" class=\"uag-image-2770\" width=\"1004\" height=\"308\" title=\"linternas antideflagrantes luces de trabajo m\u00f3viles antideflagrantes\" loading=\"lazy\" role=\"img\"><\/a><\/figure><\/div>\n\n\n\n<p>La linterna a prueba de explosiones es un tipo de herramienta de iluminaci\u00f3n dise\u00f1ada para lugares inflamables y explosivos, utilizada principalmente en la lucha contra incendios, energ\u00eda el\u00e9ctrica, empresas industriales y mineras y otros lugares inflamables y explosivos para proporcionar iluminaci\u00f3n m\u00f3vil. Se utiliza para la lucha contra incendios, energ\u00eda el\u00e9ctrica, empresas industriales y mineras y otros lugares inflamables y explosivos para proporcionar equipos de iluminaci\u00f3n m\u00f3vil.<\/p>\n\n\n\n<h2 class=\"wp-block-heading\"><strong>A prueba de explosiones<\/strong><strong>&nbsp;clasificaci\u00f3n de las linternas:<\/strong><strong><\/strong><\/h2>\n\n\n\n<p>Las linternas antideflagrantes se dividen principalmente en antideflagrantes e intr\u00ednsecamente seguras, de las cuales las antideflagrantes intr\u00ednsecamente seguras representan m\u00e1s de 90% en el mercado.<\/p>\n\n\n\n<p>Linterna a prueba de explosiones a trav\u00e9s de la c\u00e1scara del dise\u00f1o sellado y material de la c\u00e1scara m\u00e1s gruesa para asegurar el aislamiento completo del ambiente externo, el interruptor es generalmente un interruptor magn\u00e9tico o interruptor giratorio para satisfacer las necesidades de la estructura de una sola pieza a prueba de explosiones.<\/p>\n\n\n\n<p>Intr\u00ednsecamente seguro Linterna a prueba de explosiones es principalmente a trav\u00e9s de la l\u00ednea y el dise\u00f1o de la bater\u00eda para alcanzar el nivel de seguridad, la c\u00e1scara juega principalmente un papel b\u00e1sico de protecci\u00f3n.<\/p>\n\n\n\n<p>Adem\u00e1s, la linterna antideflagrante intr\u00ednsecamente segura tambi\u00e9n cuenta con conexi\u00f3n antirretroceso, protecci\u00f3n contra sobrecarga, protecci\u00f3n contra sobredescarga, protecci\u00f3n contra cortocircuito y doble protecci\u00f3n contra cortocircuito de la bater\u00eda y otras funciones el\u00e9ctricas, lo que hace que el producto sea seguro y est\u00e9 repleto de funciones.<\/p>\n\n\n\n<h2 class=\"wp-block-heading\"><strong>La diferencia entre <\/strong><strong>A prueba de explosiones<\/strong><strong>&nbsp;linterna y la linterna ordinaria se refleja principalmente en los siguientes aspectos:<\/strong><strong><\/strong><\/h2>\n\n\n\n<h3 class=\"wp-block-heading\"><strong>1. prestaciones de seguridad<\/strong><strong><\/strong><\/h3>\n\n\n\n<p>El dise\u00f1o de las linternas antideflagrantes se centra en la seguridad de uso en entornos inflamables y explosivos, su estructura interna y la selecci\u00f3n de materiales para evitar chispas, arcos o superficies a alta temperatura, para evitar explosiones causadas por gases explosivos, vapores o polvo en el ambiente.<\/p>\n\n\n\n<p>Las linternas normales no suelen tener estas caracter\u00edsticas a prueba de explosiones.<\/p>\n\n\n\n<h3 class=\"wp-block-heading\"><strong>2. Material y estructura<\/strong><strong><\/strong><\/h3>\n\n\n\n<p>Las linternas antideflagrantes suelen estar fabricadas con materiales de aleaci\u00f3n especial antideflagrantes, ign\u00edfugos, resistentes a la corrosi\u00f3n y resistentes a altas y bajas temperaturas para mejorar su resistencia a la intemperie y su durabilidad en entornos adversos.<\/p>\n\n\n\n<p>Las linternas corrientes est\u00e1n fabricadas con diversos materiales y no tienen caracter\u00edsticas antideflagrantes.<\/p>\n\n\n\n<h3 class=\"wp-block-heading\"><strong>3. Bater\u00eda y circuito<\/strong><strong><\/strong><\/h3>\n\n\n\n<p>Las bater\u00edas y los circuitos utilizados en las linternas antideflagrantes est\u00e1n especialmente dise\u00f1ados y procesados para evitar situaciones peligrosas como cortocircuitos, combusti\u00f3n o explosi\u00f3n en condiciones extremas. Al mismo tiempo, tambi\u00e9n est\u00e1n equipados con medidas de protecci\u00f3n contra sobrecorriente, sobretensi\u00f3n y sobretemperatura para garantizar el funcionamiento seguro de la bater\u00eda y el circuito.<\/p>\n\n\n\n<p>Las pilas y los circuitos de las linternas ordinarias son relativamente sencillos y no tienen estos dise\u00f1os especiales de seguridad.<\/p>\n\n\n\n<h3 class=\"wp-block-heading\"><strong>4. Resistente al agua y al polvo<\/strong><strong><\/strong><\/h3>\n\n\n\n<p>Las linternas a prueba de explosiones tienden a tener mayores clasificaciones a prueba de agua y polvo, y se pueden utilizar en entornos m\u00e1s exigentes, como las clasificaciones IP67 o IP68, pueden estar bajo el agua o en entornos polvorientos para mantener un funcionamiento normal.<\/p>\n\n\n\n<p>Las linternas ordinarias no tienen requisitos claros, y la mayor\u00eda no tienen requisitos de impermeabilidad y resistencia al polvo.<\/p>\n\n\n\n<h3 class=\"wp-block-heading\"><strong>5. Normas de certificaci\u00f3n<\/strong><strong><\/strong><\/h3>\n\n\n\n<p>Las linternas antideflagrantes deben superar una certificaci\u00f3n antideflagrante espec\u00edfica, como la certificaci\u00f3n Ex de China o la internacional ATEX, <a href=\"http:\/\/www.iecex-certs.com\/\" rel=\"nofollow noopener\" target=\"_blank\">Certificaci\u00f3n IECEx<\/a>, etc., para garantizar que su uso es seguro en el entorno peligroso especificado.<\/p>\n\n\n\n<p>Las linternas normales no requieren estas certificaciones especiales.<\/p>\n\n\n\n<h3 class=\"wp-block-heading\"><strong>6. Entorno de uso<\/strong><strong><\/strong><\/h3>\n\n\n\n<p>Las linternas antideflagrantes se utilizan principalmente en entornos inflamables y explosivos peligrosos, como petroqu\u00edmicas, dep\u00f3sitos de petr\u00f3leo, minas de carb\u00f3n y otros lugares. En estos entornos, el uso de linternas ordinarias puede causar accidentes de seguridad, mientras que las linternas a prueba de explosiones pueden reducir eficazmente este riesgo.<\/p>\n\n\n\n<p>Las linternas normales, por su parte, son adecuadas para entornos generales de vida y trabajo, como hogares, oficinas, actividades al aire libre, etc.<\/p>\n\n\n\n<p>En resumen, las linternas antideflagrantes est\u00e1n dise\u00f1adas para entornos especiales y de alto riesgo, con funciones de seguridad y protecci\u00f3n m\u00e1s potentes, mientras que las linternas normales se centran m\u00e1s en la iluminaci\u00f3n general y la comodidad de transporte, entre otras caracter\u00edsticas.<\/p>\n\n\n\n<p>A la hora de elegir una linterna, debe seleccionar el tipo adecuado seg\u00fan el entorno de uso y las necesidades espec\u00edficas para garantizar la seguridad y el rendimiento.<\/p>\n\n\n\n<p>La linterna Amasly a prueba de explosiones no s\u00f3lo es resistente al agua y a los golpes, sino que tambi\u00e9n utiliza una carcasa de aleaci\u00f3n de alta dureza e incorpora un dise\u00f1o a prueba de ca\u00eddas. Esto le permite mantener un funcionamiento estable incluso en las condiciones ambientales m\u00e1s duras.<\/p>\n\n\n\n<p class=\"has-text-align-left\">Su componente principal es la fuente de luz LED, que no s\u00f3lo ahorra energ\u00eda y tiene una larga vida \u00fatil, sino que tambi\u00e9n tiene un excelente rendimiento de brillo. En el barril o la placa de identificaci\u00f3n de la linterna a prueba de explosiones, ver\u00e1 la marca a prueba de explosiones visible, tales como <a href=\"http:\/\/www.iecex-certs.com\/\" rel=\"nofollow noopener\" target=\"_blank\">ExdIIBT4 Gb<\/a>, que representa el rendimiento a prueba de explosiones del producto. Si se utiliza en presencia de hidr\u00f3geno, acetileno, disulfuro de carbono y otros entornos especiales, debe elegir un nivel superior de marcado antideflagrante, como ExdIICT6, para garantizar la seguridad.<\/p>\n\n\n\n<div class=\"wp-block-uagb-container uagb-block-c7d898dd alignfull uagb-is-root-container\"><div class=\"uagb-container-inner-blocks-wrap\"><\/div><\/div>\n\n\n\n<h2 class=\"wp-block-heading\">Productos relacionados<\/h2>\n\n\n\n<div class=\"wp-block-uagb-container uagb-block-66e4defc alignfull uagb-is-root-container\"><div class=\"uagb-container-inner-blocks-wrap\">\n<div class=\"wp-block-uagb-container uagb-block-a42945f9\">\n<div class=\"wp-block-uagb-image uagb-block-7296296b wp-block-uagb-image--layout-default wp-block-uagb-image--effect-static wp-block-uagb-image--align-none\"><figure class=\"wp-block-uagb-image__figure\"><a class=\"\" href=\"https:\/\/led.amasly.com\/es_mx\/products\/\" target=\"\" rel=\"noopener\"><img decoding=\"async\" srcset=\"https:\/\/led.amasly.com\/wp-content\/uploads\/2024\/09\/Explosion-proof-high-bay-lights.png ,https:\/\/led.amasly.com\/wp-content\/uploads\/2024\/09\/Explosion-proof-high-bay-lights.png 780w, https:\/\/led.amasly.com\/wp-content\/uploads\/2024\/09\/Explosion-proof-high-bay-lights.png 360w\" sizes=\"auto, (max-width: 480px) 150px\" src=\"https:\/\/led.amasly.com\/wp-content\/uploads\/2024\/09\/Explosion-proof-high-bay-lights.png\" alt=\"\" class=\"uag-image-1495\" width=\"300\" height=\"300\" title=\"Luces de gran altura a prueba de explosiones\" loading=\"lazy\" role=\"img\"><\/a><\/figure><\/div>\n<\/div>\n\n\n\n<div class=\"wp-block-uagb-container uagb-block-4d3efde5\">\n<div class=\"wp-block-uagb-image uagb-block-c9e90797 wp-block-uagb-image--layout-default wp-block-uagb-image--effect-static wp-block-uagb-image--align-none\"><figure class=\"wp-block-uagb-image__figure\"><a class=\"\" href=\"https:\/\/led.amasly.com\/es_mx\/products\/\" target=\"\" rel=\"noopener\"><img decoding=\"async\" srcset=\"https:\/\/led.amasly.com\/wp-content\/uploads\/2024\/07\/LED-tri-proof-lights2.png ,https:\/\/led.amasly.com\/wp-content\/uploads\/2024\/07\/LED-tri-proof-lights2.png 780w, https:\/\/led.amasly.com\/wp-content\/uploads\/2024\/07\/LED-tri-proof-lights2.png 360w\" sizes=\"auto, (max-width: 480px) 150px\" src=\"https:\/\/led.amasly.com\/wp-content\/uploads\/2024\/07\/LED-tri-proof-lights2.png\" alt=\"\" class=\"uag-image-1132\" width=\"300\" height=\"300\" title=\"Luces LED-tri-proof2\" loading=\"lazy\" role=\"img\"><\/a><\/figure><\/div>\n<\/div>\n\n\n\n<div class=\"wp-block-uagb-container uagb-block-11c2578b\">\n<div class=\"wp-block-uagb-image uagb-block-6e8883aa wp-block-uagb-image--layout-default wp-block-uagb-image--effect-static wp-block-uagb-image--align-none\"><figure class=\"wp-block-uagb-image__figure\"><a class=\"\" href=\"https:\/\/led.amasly.com\/es_mx\/products\/\" target=\"\" rel=\"noopener\"><img decoding=\"async\" srcset=\"https:\/\/led.amasly.com\/wp-content\/uploads\/2024\/09\/LED-Explosion-Proof-Gas-Station-Light.png ,https:\/\/led.amasly.com\/wp-content\/uploads\/2024\/09\/LED-Explosion-Proof-Gas-Station-Light.png 780w, https:\/\/led.amasly.com\/wp-content\/uploads\/2024\/09\/LED-Explosion-Proof-Gas-Station-Light.png 360w\" sizes=\"auto, (max-width: 480px) 150px\" src=\"https:\/\/led.amasly.com\/wp-content\/uploads\/2024\/09\/LED-Explosion-Proof-Gas-Station-Light.png\" alt=\"\" class=\"uag-image-1501\" width=\"300\" height=\"300\" title=\"L\u00e1mpara LED antideflagrante para gasolineras\" loading=\"lazy\" role=\"img\"><\/a><\/figure><\/div>\n<\/div>\n<\/div><\/div>\n\n\n\n<div class=\"wp-block-uagb-container uagb-block-548945b5 alignfull uagb-is-root-container\"><div class=\"uagb-container-inner-blocks-wrap\">\n<div class=\"wp-block-uagb-container uagb-block-967755d5\">\n<h4 class=\"wp-block-heading has-text-align-center\"><a href=\"https:\/\/led.amasly.com\/es_mx\/products\/\">Luces LED antideflagrantes<\/a><\/h4>\n<\/div>\n\n\n\n<div class=\"wp-block-uagb-container uagb-block-9bc52fc2\">\n<h4 class=\"wp-block-heading has-text-align-center\"><a href=\"https:\/\/led.amasly.com\/es_mx\/products\/\">Luces LED Tri-Proof<\/a><\/h4>\n<\/div>\n\n\n\n<div class=\"wp-block-uagb-container uagb-block-8ffa0a23\">\n<h4 class=\"wp-block-heading has-text-align-center\"><a href=\"https:\/\/led.amasly.com\/es_mx\/products\/\">Luces de gasolinera a prueba de explosiones<\/a><\/h4>\n<\/div>\n<\/div><\/div>\n\n\n\n<div class=\"wp-block-uagb-container uagb-block-29499fe0 alignfull uagb-is-root-container\"><div class=\"uagb-container-inner-blocks-wrap\">\n<div class=\"wp-block-uagb-container uagb-block-777ee1c7\">\n<div class=\"wp-block-uagb-image uagb-block-2e9a1851 wp-block-uagb-image--layout-default wp-block-uagb-image--effect-static wp-block-uagb-image--align-none\"><figure class=\"wp-block-uagb-image__figure\"><a class=\"\" href=\"https:\/\/led.amasly.com\/es_mx\/products\/\" target=\"\" rel=\"noopener\"><img decoding=\"async\" srcset=\"https:\/\/led.amasly.com\/wp-content\/uploads\/2024\/10\/50W-100W-150W-200W-300W-LED-Flood-Light.jpg ,https:\/\/led.amasly.com\/wp-content\/uploads\/2024\/10\/50W-100W-150W-200W-300W-LED-Flood-Light.jpg 780w, https:\/\/led.amasly.com\/wp-content\/uploads\/2024\/10\/50W-100W-150W-200W-300W-LED-Flood-Light.jpg 360w\" sizes=\"auto, (max-width: 480px) 150px\" src=\"https:\/\/led.amasly.com\/wp-content\/uploads\/2024\/10\/50W-100W-150W-200W-300W-LED-Flood-Light.jpg\" alt=\"\" class=\"uag-image-1526\" width=\"300\" height=\"300\" title=\"L\u00e1mpara de inundaci\u00f3n LED 50W 100W 150W 200W 300W\" loading=\"lazy\" role=\"img\"><\/a><\/figure><\/div>\n<\/div>\n\n\n\n<div class=\"wp-block-uagb-container uagb-block-af8c8683\">\n<div class=\"wp-block-uagb-image uagb-block-67947854 wp-block-uagb-image--layout-default wp-block-uagb-image--effect-static wp-block-uagb-image--align-none\"><figure class=\"wp-block-uagb-image__figure\"><a class=\"\" href=\"https:\/\/led.amasly.com\/es_mx\/products\/\" target=\"\" rel=\"noopener\"><img decoding=\"async\" srcset=\"https:\/\/led.amasly.com\/wp-content\/uploads\/2024\/07\/led-tri-proof-light.png ,https:\/\/led.amasly.com\/wp-content\/uploads\/2024\/07\/led-tri-proof-light.png 780w, https:\/\/led.amasly.com\/wp-content\/uploads\/2024\/07\/led-tri-proof-light.png 360w\" sizes=\"auto, (max-width: 480px) 150px\" src=\"https:\/\/led.amasly.com\/wp-content\/uploads\/2024\/07\/led-tri-proof-light.png\" alt=\"\" class=\"uag-image-1130\" width=\"300\" height=\"300\" title=\"luz led-tri-proof\" loading=\"lazy\" role=\"img\"><\/a><\/figure><\/div>\n<\/div>\n\n\n\n<div class=\"wp-block-uagb-container uagb-block-0fdfdd58\">\n<div class=\"wp-block-uagb-image uagb-block-1187d32d wp-block-uagb-image--layout-default wp-block-uagb-image--effect-static wp-block-uagb-image--align-none\"><figure class=\"wp-block-uagb-image__figure\"><a class=\"\" href=\"https:\/\/led.amasly.com\/es_mx\/products\/\" target=\"\" rel=\"noopener\"><img decoding=\"async\" srcset=\"https:\/\/led.amasly.com\/wp-content\/uploads\/2024\/07\/LED-street-light.jpg ,https:\/\/led.amasly.com\/wp-content\/uploads\/2024\/07\/LED-street-light.jpg 780w, https:\/\/led.amasly.com\/wp-content\/uploads\/2024\/07\/LED-street-light.jpg 360w\" sizes=\"auto, (max-width: 480px) 150px\" src=\"https:\/\/led.amasly.com\/wp-content\/uploads\/2024\/07\/LED-street-light.jpg\" alt=\"\" class=\"uag-image-1145\" width=\"300\" height=\"300\" title=\"Alumbrado p\u00fablico LED\" loading=\"lazy\" role=\"img\"><\/a><\/figure><\/div>\n<\/div>\n<\/div><\/div>\n\n\n\n<div class=\"wp-block-uagb-container uagb-block-6a60882c alignfull uagb-is-root-container\"><div class=\"uagb-container-inner-blocks-wrap\">\n<div class=\"wp-block-uagb-container uagb-block-f1e91a35\">\n<h4 class=\"wp-block-heading has-text-align-center\"><a href=\"https:\/\/led.amasly.com\/es_mx\/products\/\">Proyectores LED<\/a><\/h4>\n<\/div>\n\n\n\n<div class=\"wp-block-uagb-container uagb-block-165bfa58\">\n<h4 class=\"wp-block-heading has-text-align-center\"><a href=\"https:\/\/led.amasly.com\/es_mx\/products\/\">Tubos de luz LED trif\u00e1sicos<\/a><\/h4>\n<\/div>\n\n\n\n<div class=\"wp-block-uagb-container uagb-block-f6096e3b\">\n<h4 class=\"wp-block-heading has-text-align-center\"><a href=\"https:\/\/led.amasly.com\/es_mx\/products\/\">Alumbrado p\u00fablico LED<\/a><\/h4>\n<\/div>\n<\/div><\/div>\n\n\n\n<div class=\"wp-block-uagb-container uagb-block-99c0e0a5 alignfull uagb-is-root-container\"><div class=\"uagb-container-inner-blocks-wrap\"><\/div><\/div>\n\n\n\n<p><\/p>","protected":false},"excerpt":{"rendered":"<p>What is an explosion proof flashlight? Explosion proof flashlight is a kind of lighting tool designed for flammable and explosive places, mainly used in fire fighting, electric power, industrial and mining enterprises and other flammable and explosive places to provide mobile lighting. It is used for firefighting, electric power, industrial and mining enterprises and other [&hellip;]<\/p>\n","protected":false},"author":1,"featured_media":0,"parent":2374,"menu_order":0,"comment_status":"closed","ping_status":"closed","template":"","meta":{"_uag_custom_page_level_css":"","site-sidebar-layout":"no-sidebar","site-content-layout":"","ast-site-content-layout":"default","site-content-style":"default","site-sidebar-style":"default","ast-global-header-display":"","ast-banner-title-visibility":"","ast-main-header-display":"","ast-hfb-above-header-display":"","ast-hfb-below-header-display":"","ast-hfb-mobile-header-display":"","site-post-title":"disabled","ast-breadcrumbs-content":"","ast-featured-img":"","footer-sml-layout":"","ast-disable-related-posts":"","theme-transparent-header-meta":"enabled","adv-header-id-meta":"","stick-header-meta":"","header-above-stick-meta":"","header-main-stick-meta":"","header-below-stick-meta":"","astra-migrate-meta-layouts":"set","ast-page-background-enabled":"default","ast-page-background-meta":{"desktop":{"background-color":"var(--ast-global-color-4)","background-image":"","background-repeat":"repeat","background-position":"center center","background-size":"auto","background-attachment":"scroll","background-type":"","background-media":"","overlay-type":"","overlay-color":"","overlay-opacity":"","overlay-gradient":""},"tablet":{"background-color":"","background-image":"","background-repeat":"repeat","background-position":"center center","background-size":"auto","background-attachment":"scroll","background-type":"","background-media":"","overlay-type":"","overlay-color":"","overlay-opacity":"","overlay-gradient":""},"mobile":{"background-color":"","background-image":"","background-repeat":"repeat","background-position":"center center","background-size":"auto","background-attachment":"scroll","background-type":"","background-media":"","overlay-type":"","overlay-color":"","overlay-opacity":"","overlay-gradient":""}},"ast-content-background-meta":{"desktop":{"background-color":"var(--ast-global-color-5)","background-image":"","background-repeat":"repeat","background-position":"center center","background-size":"auto","background-attachment":"scroll","background-type":"","background-media":"","overlay-type":"","overlay-color":"","overlay-opacity":"","overlay-gradient":""},"tablet":{"background-color":"var(--ast-global-color-5)","background-image":"","background-repeat":"repeat","background-position":"center center","background-size":"auto","background-attachment":"scroll","background-type":"","background-media":"","overlay-type":"","overlay-color":"","overlay-opacity":"","overlay-gradient":""},"mobile":{"background-color":"var(--ast-global-color-5)","background-image":"","background-repeat":"repeat","background-position":"center center","background-size":"auto","background-attachment":"scroll","background-type":"","background-media":"","overlay-type":"","overlay-color":"","overlay-opacity":"","overlay-gradient":""}},"footnotes":""},"class_list":["post-3013","page","type-page","status-publish","hentry"],"uagb_featured_image_src":{"full":false,"thumbnail":false,"medium":false,"medium_large":false,"large":false,"1536x1536":false,"2048x2048":false,"trp-custom-language-flag":false},"uagb_author_info":{"display_name":"Joe","author_link":"https:\/\/led.amasly.com\/es_mx\/author\/jacklin\/"},"uagb_comment_info":0,"uagb_excerpt":"What is an explosion proof flashlight? Explosion proof flashlight is a kind of lighting tool designed for flammable and explosive places, mainly used in fire fighting, electric power, industrial and mining enterprises and other flammable and explosive places to provide mobile lighting. It is used for firefighting, electric power, industrial and mining enterprises and other&hellip;","_links":{"self":[{"href":"https:\/\/led.amasly.com\/es_mx\/wp-json\/wp\/v2\/pages\/3013","targetHints":{"allow":["GET"]}}],"collection":[{"href":"https:\/\/led.amasly.com\/es_mx\/wp-json\/wp\/v2\/pages"}],"about":[{"href":"https:\/\/led.amasly.com\/es_mx\/wp-json\/wp\/v2\/types\/page"}],"author":[{"embeddable":true,"href":"https:\/\/led.amasly.com\/es_mx\/wp-json\/wp\/v2\/users\/1"}],"replies":[{"embeddable":true,"href":"https:\/\/led.amasly.com\/es_mx\/wp-json\/wp\/v2\/comments?post=3013"}],"version-history":[{"count":1,"href":"https:\/\/led.amasly.com\/es_mx\/wp-json\/wp\/v2\/pages\/3013\/revisions"}],"predecessor-version":[{"id":3020,"href":"https:\/\/led.amasly.com\/es_mx\/wp-json\/wp\/v2\/pages\/3013\/revisions\/3020"}],"up":[{"embeddable":true,"href":"https:\/\/led.amasly.com\/es_mx\/wp-json\/wp\/v2\/pages\/2374"}],"wp:attachment":[{"href":"https:\/\/led.amasly.com\/es_mx\/wp-json\/wp\/v2\/media?parent=3013"}],"curies":[{"name":"wp","href":"https:\/\/api.w.org\/{rel}","templated":true}]}}