{"id":2984,"date":"2025-04-08T22:58:28","date_gmt":"2025-04-08T14:58:28","guid":{"rendered":"https:\/\/led.amasly.com\/?page_id=2984"},"modified":"2026-01-27T22:46:45","modified_gmt":"2026-01-27T14:46:45","slug":"led-light-knowledge","status":"publish","type":"page","link":"https:\/\/led.amasly.com\/es_mx\/knowledge\/led-light-knowledge\/","title":{"rendered":"Luz LED Conocimientos"},"content":{"rendered":"<div class=\"wp-block-columns is-layout-flex wp-container-core-columns-is-layout-28f84493 wp-block-columns-is-layout-flex\">\n<div class=\"wp-block-column is-layout-flow wp-block-column-is-layout-flow\"><\/div>\n\n\n\n<div class=\"wp-block-column is-layout-flow wp-block-column-is-layout-flow\"><\/div>\n<\/div>\n\n\n\n<div class=\"wp-block-columns is-layout-flex wp-container-core-columns-is-layout-28f84493 wp-block-columns-is-layout-flex\">\n<div class=\"wp-block-column is-layout-flow wp-block-column-is-layout-flow\" style=\"flex-basis:100%\">\n<p class=\"has-medium-font-size\">La luz LED es un chip de material semiconductor electroluminiscente, solidificado al soporte con pegamento de plata o cola blanca, y luego conectado al chip y a la placa de circuito con alambre de plata u oro, sellado alrededor con resina epoxi para proteger el alambre del n\u00facleo interno, y finalmente instalada la carcasa, por lo que la luz LED tiene un buen rendimiento s\u00edsmico.<br><\/p>\n\n\n\n<p class=\"has-medium-font-size\">LED (Light Emitting Diode), diodo emisor de luz, es un dispositivo semiconductor s\u00f3lido que puede convertir la energ\u00eda el\u00e9ctrica en luz visible, que puede convertir directamente la electricidad en luz. El coraz\u00f3n del LED es un chip semiconductor, un extremo del chip est\u00e1 unido a un soporte, un extremo es un electrodo negativo, y el otro extremo est\u00e1 conectado al electrodo positivo de la fuente de alimentaci\u00f3n, de modo que todo el chip est\u00e1 encapsulado por resina epoxi.<br><\/p>\n\n\n\n<p class=\"has-medium-font-size\">Los aparatos de iluminaci\u00f3n LED pueden dividirse en dos partes: iluminaci\u00f3n interior e iluminaci\u00f3n exterior. Los tipos comunes de aparatos de iluminaci\u00f3n LED en el mercado incluyen principalmente los siguientes tipos de productos: farola LED de m\u00f3dulo de alta potencia, foco LED, vaso de l\u00e1mpara LED, portal\u00e1mparas LED, portal\u00e1mparas LED, tira de l\u00e1mpara LED, tubo de l\u00e1mpara LED, l\u00e1mpara LED, tira de l\u00e1mpara LED, cadena de l\u00e1mpara LED, bombilla LED, cuenta de l\u00e1mpara LED, mecha LED, chip LED, downlight LED, luz de vela LED, luz de estrella LED, luces de inducci\u00f3n LE D, luces LED de bajo consumo, luces LED de alto consumo, luces LED de bajo consumo, luces LED de lluvia de meteoritos, luces LED de purificaci\u00f3n de vitaminas del aire, luces LED controladas por voz, luces LED planas, luces LED t\u00e1ctiles, iluminaci\u00f3n LED semiconductora, luces LED de alta potencia para el cielo, luces LED antideflagrantes, pantalla de tubos LED, luces LED anticorrosi\u00f3n y antipolvo a prueba de explosiones, l\u00e1mpara LED de estado s\u00f3lido a prueba de explosiones sin mantenimiento, lente de l\u00e1mpara fluorescente LED, proyector LED a prueba de explosiones, l\u00e1mpara LED de alta potencia, l\u00e1mpara fluorescente LED, televisor LED, retroiluminaci\u00f3n LED, luz LED para autom\u00f3viles, luz LED de relleno, linterna LED fuerte, reflector LED, l\u00e1mpara LED de coraje, l\u00e1mpara LED de ma\u00edz, luz LED enterrada, luz LED de armario, luz LED de escenario, l\u00e1mpara LED de campo mercante, l\u00e1mpara LED de torno, l\u00e1mpara LED de diente, l\u00e1mpara LED de carro de mina, l\u00e1mpara LED plana antideflagrante, l\u00e1mpara LED de t\u00fanel, otros productos LED de clasificaci\u00f3n.<\/p>\n<\/div>\n<\/div>\n\n\n\n<h1 class=\"wp-block-heading\">Luz LED Conocimientos<\/h1>\n\n\n\n<ul class=\"wp-block-list\">\n<li class=\"has-large-font-size\"><strong><a href=\"https:\/\/led.amasly.com\/es_mx\/explosion-proof-products-knowledge\/how-many-hours-can-led-lights-stay-on-\uff1f\/\">\u00bfCu\u00e1ntas horas pueden permanecer encendidas las luces LED?<\/a><\/strong><\/li>\n<\/ul>\n\n\n\n<ul class=\"wp-block-list\">\n<li class=\"has-large-font-size\"><strong><a href=\"https:\/\/led.amasly.com\/es_mx\/explosion-proof-products-knowledge\/is-it-ok-to-sleep-next-to-led-lights\/\">\u00bfSe puede dormir cerca de luces LED?<\/a><\/strong><\/li>\n<\/ul>\n\n\n\n<ul class=\"wp-block-list\">\n<li class=\"has-large-font-size\"><strong><a href=\"https:\/\/led.amasly.com\/es_mx\/explosion-proof-products-knowledge\/is-it-okay-to-use-led-light-everyday\/\">\u00bfEst\u00e1 bien utilizar luz LED todos los d\u00edas?<\/a><\/strong><\/li>\n<\/ul>\n\n\n\n<ul class=\"wp-block-list\">\n<li class=\"has-large-font-size\"><strong><a href=\"https:\/\/led.amasly.com\/es_mx\/explosion-proof-products-knowledge\/do-led-lights-have-any-effect-on-human-health\/\">Tienen las luces LED alg\u00fan efecto sobre la salud humana\uff1f<\/a><\/strong><\/li>\n\n\n\n<li class=\"has-large-font-size\"><strong><a href=\"https:\/\/led.amasly.com\/es_mx\/led-light-knowledge\/what-is-power-factor-led-lighting-power-factor-key-information\/\">\u00bfQu\u00e9 es el factor de potencia? Informaci\u00f3n clave sobre el factor de potencia de la iluminaci\u00f3n LED<\/a><\/strong><\/li>\n\n\n\n<li class=\"has-large-font-size\"><strong><a href=\"https:\/\/led.amasly.com\/es_mx\/led-light-knowledge\/how-much-do-street-lights-cost-factors-affecting-the-price-of-street-lights\/\">\u00bfCu\u00e1nto cuestan las farolas? Factores que influyen en el precio de las farolas<\/a><\/strong><\/li>\n<\/ul>\n\n\n\n<ul class=\"wp-block-list\">\n<li class=\"has-large-font-size\"><strong><a href=\"https:\/\/led.amasly.com\/es_mx\/explosion-proof-products-knowledge\/is-it-safe-to-let-led-lights-on-all-night\/\">\u00bfEs seguro dejar las luces LED encendidas toda la noche?<\/a><\/strong><\/li>\n<\/ul>\n\n\n\n<ul class=\"wp-block-list\">\n<li class=\"has-large-font-size\"><strong><a href=\"https:\/\/led.amasly.com\/es_mx\/led-light-knowledge\/what-are-the-common-quality-problems-of-led-street-lights\/\">\u00bfCu\u00e1les son los problemas habituales de calidad de las farolas LED?<\/a><\/strong><\/li>\n\n\n\n<li class=\"has-large-font-size\"><strong><a href=\"https:\/\/led.amasly.com\/es_mx\/led-light-knowledge\/the-critical-role-of-lighting-in-healthcare-organizationsis\/\">El papel fundamental de la iluminaci\u00f3n en las organizaciones sanitarias<\/a><\/strong><\/li>\n\n\n\n<li class=\"has-large-font-size\"><strong><a href=\"https:\/\/led.amasly.com\/es_mx\/led-light-knowledge\/which-color-led-light-is-best-for-sleeping\/\">\u00bfQu\u00e9 color de luz LED es mejor para dormir?<\/a><\/strong><\/li>\n<\/ul>\n\n\n\n<ul class=\"wp-block-list\">\n<li class=\"has-large-font-size\"><strong><a href=\"https:\/\/led.amasly.com\/es_mx\/led-light-knowledge\/led-lights-do-not-light-up-common-causes-and-solutions\/\">\u00bfLas luces LED no se encienden? Causas comunes y soluciones<\/a><\/strong><\/li>\n<\/ul>\n\n\n\n<ul class=\"wp-block-list\">\n<li class=\"has-large-font-size\"><strong><a href=\"https:\/\/led.amasly.com\/es_mx\/led-light-knowledge\/what-is-the-difference-between-dimmable-and-non-dimmable-led-lights\/\">\u00bfCu\u00e1l es la diferencia entre luces LED regulables y no regulables?<\/a><\/strong><\/li>\n\n\n\n<li class=\"has-large-font-size\"><strong><a href=\"https:\/\/led.amasly.com\/es_mx\/led-light-knowledge\/how-long-do-led-lights-lifespan\/\">\u00bfCu\u00e1nto duran las luces LED?<\/a><\/strong><\/li>\n\n\n\n<li class=\"has-large-font-size\"><strong><a href=\"https:\/\/led.amasly.com\/es_mx\/led-light-knowledge\/performance-of-led-lamps-and-their-requirements\/\">Rendimiento de las l\u00e1mparas LED y sus requisitos<\/a><\/strong><\/li>\n<\/ul>\n\n\n\n<ul class=\"wp-block-list\">\n<li class=\"has-large-font-size\"><strong><a href=\"https:\/\/led.amasly.com\/es_mx\/led-light-knowledge\/60-watt-vs-100-watt-lamps-whats-the-difference-and-which-is-better\/\">L\u00e1mparas de 60 vatios frente a l\u00e1mparas de 100 vatios: \u00bfcu\u00e1l es la diferencia y cu\u00e1l es mejor?<\/a><\/strong><\/li>\n\n\n\n<li class=\"has-large-font-size\"><strong><a href=\"https:\/\/led.amasly.com\/es_mx\/led-light-knowledge\/what-is-led-color-temperature-how-to-choose-between-3000k-4000k-and-5000k\/\">\u00bfQu\u00e9 es la temperatura de color de los LED? C\u00f3mo elegir entre 3000K, 4000K y 5000K<\/a><\/strong><\/li>\n\n\n\n<li class=\"has-large-font-size\"><strong><strong><a href=\"https:\/\/led.amasly.com\/es_mx\/knowledge\/led-light-knowledge\/are-led-lights-safe-seven-common-misconceptions\/\">\u00bfSon seguras las luces LED? Siete errores comunes<\/a><\/strong><\/strong><\/li>\n<\/ul>\n\n\n\n<div class=\"wp-block-uagb-container uagb-block-2f7a90f6 alignfull uagb-is-root-container\"><div class=\"uagb-container-inner-blocks-wrap\">\n<div class=\"wp-block-uagb-info-box uagb-block-8b5cd174 uagb-infobox__content-wrap  uagb-infobox-icon-above-title uagb-infobox-image-valign-top wp-block-uagb-info-box--has-margin\"><div class=\"uagb-infobox-margin-wrapper\"><div class=\"uagb-ifb-content\"><div class=\"uagb-ifb-title-wrap\"><\/div><\/div><\/div><\/div>\n<\/div><\/div>\n\n\n\n<h2 class=\"wp-block-heading\">Productos relacionados<\/h2>\n\n\n\n<div class=\"wp-block-uagb-container uagb-block-492a12c6 alignfull uagb-is-root-container\"><div class=\"uagb-container-inner-blocks-wrap\">\n<div class=\"wp-block-uagb-container uagb-block-489233b8\">\n<div class=\"wp-block-uagb-image uagb-block-f86481bd wp-block-uagb-image--layout-default wp-block-uagb-image--effect-static wp-block-uagb-image--align-none\"><figure class=\"wp-block-uagb-image__figure\"><a class=\"\" href=\"https:\/\/led.amasly.com\/es_mx\/products\/\" target=\"\" rel=\"noopener\"><img decoding=\"async\" srcset=\"https:\/\/led.amasly.com\/wp-content\/uploads\/2024\/09\/Explosion-proof-high-bay-lights.png ,https:\/\/led.amasly.com\/wp-content\/uploads\/2024\/09\/Explosion-proof-high-bay-lights.png 780w, https:\/\/led.amasly.com\/wp-content\/uploads\/2024\/09\/Explosion-proof-high-bay-lights.png 360w\" sizes=\"auto, (max-width: 480px) 150px\" src=\"https:\/\/led.amasly.com\/wp-content\/uploads\/2024\/09\/Explosion-proof-high-bay-lights.png\" alt=\"\" class=\"uag-image-1495\" width=\"300\" height=\"300\" title=\"Luces de gran altura a prueba de explosiones\" loading=\"lazy\" role=\"img\"><\/a><\/figure><\/div>\n<\/div>\n\n\n\n<div class=\"wp-block-uagb-container uagb-block-41faa083\">\n<div class=\"wp-block-uagb-image uagb-block-f71a09a9 wp-block-uagb-image--layout-default wp-block-uagb-image--effect-static wp-block-uagb-image--align-none\"><figure class=\"wp-block-uagb-image__figure\"><a class=\"\" href=\"https:\/\/led.amasly.com\/es_mx\/products\/\" target=\"\" rel=\"noopener\"><img decoding=\"async\" srcset=\"https:\/\/led.amasly.com\/wp-content\/uploads\/2024\/08\/Explosion-proof-flood-light.png ,https:\/\/led.amasly.com\/wp-content\/uploads\/2024\/08\/Explosion-proof-flood-light.png 780w, https:\/\/led.amasly.com\/wp-content\/uploads\/2024\/08\/Explosion-proof-flood-light.png 360w\" sizes=\"auto, (max-width: 480px) 150px\" src=\"https:\/\/led.amasly.com\/wp-content\/uploads\/2024\/08\/Explosion-proof-flood-light.png\" alt=\"\" class=\"uag-image-1482\" width=\"300\" height=\"300\" title=\"Proyector antideflagrante\" loading=\"lazy\" role=\"img\"><\/a><\/figure><\/div>\n<\/div>\n\n\n\n<div class=\"wp-block-uagb-container uagb-block-85cfaedc\">\n<div class=\"wp-block-uagb-image uagb-block-21b5cff7 wp-block-uagb-image--layout-default wp-block-uagb-image--effect-static wp-block-uagb-image--align-none\"><figure class=\"wp-block-uagb-image__figure\"><a class=\"\" href=\"https:\/\/led.amasly.com\/es_mx\/products\/\" target=\"\" rel=\"noopener\"><img decoding=\"async\" srcset=\"https:\/\/led.amasly.com\/wp-content\/uploads\/2025\/01\/1.jpg ,https:\/\/led.amasly.com\/wp-content\/uploads\/2025\/01\/1.jpg 780w, https:\/\/led.amasly.com\/wp-content\/uploads\/2025\/01\/1.jpg 360w\" sizes=\"auto, (max-width: 480px) 150px\" src=\"https:\/\/led.amasly.com\/wp-content\/uploads\/2025\/01\/1.jpg\" alt=\"\" class=\"uag-image-1686\" width=\"800\" height=\"800\" title=\"1\" loading=\"lazy\" role=\"img\"><\/a><\/figure><\/div>\n<\/div>\n\n\n\n<div class=\"wp-block-uagb-container uagb-block-26ed2c96\">\n<div class=\"wp-block-uagb-image uagb-block-74690288 wp-block-uagb-image--layout-default wp-block-uagb-image--effect-static wp-block-uagb-image--align-none\"><figure class=\"wp-block-uagb-image__figure\"><a class=\"\" href=\"https:\/\/led.amasly.com\/es_mx\/products\/\" target=\"\" rel=\"noopener\"><img decoding=\"async\" srcset=\"https:\/\/led.amasly.com\/wp-content\/uploads\/2024\/09\/LED-Explosion-Proof-Gas-Station-Light.png ,https:\/\/led.amasly.com\/wp-content\/uploads\/2024\/09\/LED-Explosion-Proof-Gas-Station-Light.png 780w, https:\/\/led.amasly.com\/wp-content\/uploads\/2024\/09\/LED-Explosion-Proof-Gas-Station-Light.png 360w\" sizes=\"auto, (max-width: 480px) 150px\" src=\"https:\/\/led.amasly.com\/wp-content\/uploads\/2024\/09\/LED-Explosion-Proof-Gas-Station-Light.png\" alt=\"\" class=\"uag-image-1501\" width=\"300\" height=\"300\" title=\"L\u00e1mpara LED antideflagrante para gasolineras\" loading=\"lazy\" role=\"img\"><\/a><\/figure><\/div>\n<\/div>\n<\/div><\/div>\n\n\n\n<div class=\"wp-block-uagb-container uagb-block-7c7b1c72 alignfull uagb-is-root-container\"><div class=\"uagb-container-inner-blocks-wrap\">\n<div class=\"wp-block-uagb-container uagb-block-de40c4b5\">\n<h5 class=\"wp-block-heading has-text-align-center\"><a href=\"https:\/\/led.amasly.com\/es_mx\/products\/\">Luz de gran altura a prueba de explosiones<\/a><\/h5>\n<\/div>\n\n\n\n<div class=\"wp-block-uagb-container uagb-block-f38acbf0\">\n<h5 class=\"wp-block-heading has-text-align-center\"><a href=\"https:\/\/led.amasly.com\/es_mx\/products\/\">Proyectores antideflagrantes<\/a><\/h5>\n<\/div>\n\n\n\n<div class=\"wp-block-uagb-container uagb-block-2cdde923\">\n<h5 class=\"wp-block-heading has-text-align-center\"><a href=\"https:\/\/led.amasly.com\/es_mx\/products\/\">Luz lineal a prueba de explosiones<\/a><\/h5>\n<\/div>\n\n\n\n<div class=\"wp-block-uagb-container uagb-block-4786d708\">\n<h5 class=\"wp-block-heading has-text-align-center\"><a href=\"https:\/\/led.amasly.com\/es_mx\/products\/\">Luz de gasolinera a prueba de explosiones<\/a><\/h5>\n<\/div>\n<\/div><\/div>\n\n\n\n<div class=\"wp-block-uagb-container uagb-block-cb024e0e alignfull uagb-is-root-container\"><div class=\"uagb-container-inner-blocks-wrap\">\n<div class=\"wp-block-uagb-container uagb-block-af459a34\">\n<div class=\"wp-block-uagb-image uagb-block-b2e8e1b3 wp-block-uagb-image--layout-default wp-block-uagb-image--effect-static wp-block-uagb-image--align-none\"><figure class=\"wp-block-uagb-image__figure\"><a class=\"\" href=\"https:\/\/led.amasly.com\/es_mx\/products\/\" target=\"\" rel=\"noopener\"><img decoding=\"async\" srcset=\"https:\/\/led.amasly.com\/wp-content\/uploads\/2024\/10\/50W-100W-150W-200W-300W-LED-Flood-Light.jpg ,https:\/\/led.amasly.com\/wp-content\/uploads\/2024\/10\/50W-100W-150W-200W-300W-LED-Flood-Light.jpg 780w, https:\/\/led.amasly.com\/wp-content\/uploads\/2024\/10\/50W-100W-150W-200W-300W-LED-Flood-Light.jpg 360w\" sizes=\"auto, (max-width: 480px) 150px\" src=\"https:\/\/led.amasly.com\/wp-content\/uploads\/2024\/10\/50W-100W-150W-200W-300W-LED-Flood-Light.jpg\" alt=\"\" class=\"uag-image-1526\" width=\"300\" height=\"300\" title=\"L\u00e1mpara de inundaci\u00f3n LED 50W 100W 150W 200W 300W\" loading=\"lazy\" role=\"img\"><\/a><\/figure><\/div>\n<\/div>\n\n\n\n<div class=\"wp-block-uagb-container uagb-block-4b67c5ea\">\n<div class=\"wp-block-uagb-image uagb-block-9e04f065 wp-block-uagb-image--layout-default wp-block-uagb-image--effect-static wp-block-uagb-image--align-none\"><figure class=\"wp-block-uagb-image__figure\"><a class=\"\" href=\"https:\/\/led.amasly.com\/es_mx\/products\/\" target=\"\" rel=\"noopener\"><img decoding=\"async\" srcset=\"https:\/\/led.amasly.com\/wp-content\/uploads\/2024\/08\/2000W-LED-Stadium-Light.jpg ,https:\/\/led.amasly.com\/wp-content\/uploads\/2024\/08\/2000W-LED-Stadium-Light.jpg 780w, https:\/\/led.amasly.com\/wp-content\/uploads\/2024\/08\/2000W-LED-Stadium-Light.jpg 360w\" sizes=\"auto, (max-width: 480px) 150px\" src=\"https:\/\/led.amasly.com\/wp-content\/uploads\/2024\/08\/2000W-LED-Stadium-Light.jpg\" alt=\"\" class=\"uag-image-1473\" width=\"300\" height=\"300\" title=\"L\u00e1mpara de estadio LED 2000W\" loading=\"lazy\" role=\"img\"><\/a><\/figure><\/div>\n<\/div>\n\n\n\n<div class=\"wp-block-uagb-container uagb-block-51e4eb1c\">\n<div class=\"wp-block-uagb-image uagb-block-6fd8bb55 wp-block-uagb-image--layout-default wp-block-uagb-image--effect-static wp-block-uagb-image--align-none\"><figure class=\"wp-block-uagb-image__figure\"><a class=\"\" href=\"https:\/\/led.amasly.com\/es_mx\/products\/\" target=\"\" rel=\"noopener\"><img decoding=\"async\" srcset=\"https:\/\/led.amasly.com\/wp-content\/uploads\/2024\/07\/high-bay-light.jpg ,https:\/\/led.amasly.com\/wp-content\/uploads\/2024\/07\/high-bay-light.jpg 780w, https:\/\/led.amasly.com\/wp-content\/uploads\/2024\/07\/high-bay-light.jpg 360w\" sizes=\"auto, (max-width: 480px) 150px\" src=\"https:\/\/led.amasly.com\/wp-content\/uploads\/2024\/07\/high-bay-light.jpg\" alt=\"\" class=\"uag-image-1134\" width=\"800\" height=\"800\" title=\"high-bay-light\" loading=\"lazy\" role=\"img\"><\/a><\/figure><\/div>\n<\/div>\n\n\n\n<div class=\"wp-block-uagb-container uagb-block-d8b9b3c2\">\n<div class=\"wp-block-uagb-image uagb-block-b794b600 wp-block-uagb-image--layout-default wp-block-uagb-image--effect-static wp-block-uagb-image--align-none\"><figure class=\"wp-block-uagb-image__figure\"><a class=\"\" href=\"https:\/\/led.amasly.com\/es_mx\/products\/\" target=\"\" rel=\"noopener\"><img decoding=\"async\" srcset=\"https:\/\/led.amasly.com\/wp-content\/uploads\/2024\/07\/LED-street-light.jpg ,https:\/\/led.amasly.com\/wp-content\/uploads\/2024\/07\/LED-street-light.jpg 780w, https:\/\/led.amasly.com\/wp-content\/uploads\/2024\/07\/LED-street-light.jpg 360w\" sizes=\"auto, (max-width: 480px) 150px\" src=\"https:\/\/led.amasly.com\/wp-content\/uploads\/2024\/07\/LED-street-light.jpg\" alt=\"\" class=\"uag-image-1145\" width=\"300\" height=\"300\" title=\"Alumbrado p\u00fablico LED\" loading=\"lazy\" role=\"img\"><\/a><\/figure><\/div>\n<\/div>\n<\/div><\/div>\n\n\n\n<div class=\"wp-block-uagb-container uagb-block-b852371c alignfull uagb-is-root-container\"><div class=\"uagb-container-inner-blocks-wrap\">\n<div class=\"wp-block-uagb-container uagb-block-27e46e5d\">\n<h5 class=\"wp-block-heading has-text-align-center\"><a href=\"https:\/\/led.amasly.com\/es_mx\/products\/\">Proyectores LED<\/a><\/h5>\n<\/div>\n\n\n\n<div class=\"wp-block-uagb-container uagb-block-347094b5\">\n<h5 class=\"wp-block-heading has-text-align-center\"><a href=\"https:\/\/led.amasly.com\/es_mx\/products\/\">Luz LED para estadios<\/a><\/h5>\n<\/div>\n\n\n\n<div class=\"wp-block-uagb-container uagb-block-bbddcbbe\">\n<h5 class=\"wp-block-heading has-text-align-center\"><a href=\"https:\/\/led.amasly.com\/es_mx\/products\/\">Luz LED para techos altos<\/a><\/h5>\n<\/div>\n\n\n\n<div class=\"wp-block-uagb-container uagb-block-5eb607f2\">\n<h5 class=\"wp-block-heading has-text-align-center\"><a href=\"https:\/\/led.amasly.com\/es_mx\/products\/\">Farolas LED<\/a><\/h5>\n<\/div>\n<\/div><\/div>\n\n\n\n<div class=\"wp-block-uagb-container uagb-block-69eeacf9 alignfull uagb-is-root-container\"><div class=\"uagb-container-inner-blocks-wrap\">\n<div class=\"wp-block-uagb-info-box uagb-block-2763a303 uagb-infobox__content-wrap  uagb-infobox-icon-above-title uagb-infobox-image-valign-top wp-block-uagb-info-box--has-margin\"><div class=\"uagb-infobox-margin-wrapper\"><div class=\"uagb-ifb-content\"><div class=\"uagb-ifb-title-wrap\"><\/div><\/div><\/div><\/div>\n<\/div><\/div>","protected":false},"excerpt":{"rendered":"<p>LED light is an electroluminescent semiconductor material chip, solidified to the bracket with silver glue or white glue, and then connected to the chip and circuit board with silver or gold wire, sealed around with epoxy resin to protect the internal core wire, and finally installed the shell, so the LED light has good seismic [&hellip;]<\/p>\n","protected":false},"author":1,"featured_media":0,"parent":2370,"menu_order":0,"comment_status":"closed","ping_status":"closed","template":"","meta":{"_uag_custom_page_level_css":"","site-sidebar-layout":"no-sidebar","site-content-layout":"","ast-site-content-layout":"default","site-content-style":"default","site-sidebar-style":"default","ast-global-header-display":"","ast-banner-title-visibility":"","ast-main-header-display":"","ast-hfb-above-header-display":"","ast-hfb-below-header-display":"","ast-hfb-mobile-header-display":"","site-post-title":"disabled","ast-breadcrumbs-content":"","ast-featured-img":"","footer-sml-layout":"","ast-disable-related-posts":"","theme-transparent-header-meta":"enabled","adv-header-id-meta":"","stick-header-meta":"","header-above-stick-meta":"","header-main-stick-meta":"","header-below-stick-meta":"","astra-migrate-meta-layouts":"set","ast-page-background-enabled":"default","ast-page-background-meta":{"desktop":{"background-color":"var(--ast-global-color-4)","background-image":"","background-repeat":"repeat","background-position":"center center","background-size":"auto","background-attachment":"scroll","background-type":"","background-media":"","overlay-type":"","overlay-color":"","overlay-opacity":"","overlay-gradient":""},"tablet":{"background-color":"","background-image":"","background-repeat":"repeat","background-position":"center center","background-size":"auto","background-attachment":"scroll","background-type":"","background-media":"","overlay-type":"","overlay-color":"","overlay-opacity":"","overlay-gradient":""},"mobile":{"background-color":"","background-image":"","background-repeat":"repeat","background-position":"center center","background-size":"auto","background-attachment":"scroll","background-type":"","background-media":"","overlay-type":"","overlay-color":"","overlay-opacity":"","overlay-gradient":""}},"ast-content-background-meta":{"desktop":{"background-color":"var(--ast-global-color-5)","background-image":"","background-repeat":"repeat","background-position":"center center","background-size":"auto","background-attachment":"scroll","background-type":"","background-media":"","overlay-type":"","overlay-color":"","overlay-opacity":"","overlay-gradient":""},"tablet":{"background-color":"var(--ast-global-color-5)","background-image":"","background-repeat":"repeat","background-position":"center center","background-size":"auto","background-attachment":"scroll","background-type":"","background-media":"","overlay-type":"","overlay-color":"","overlay-opacity":"","overlay-gradient":""},"mobile":{"background-color":"var(--ast-global-color-5)","background-image":"","background-repeat":"repeat","background-position":"center center","background-size":"auto","background-attachment":"scroll","background-type":"","background-media":"","overlay-type":"","overlay-color":"","overlay-opacity":"","overlay-gradient":""}},"footnotes":""},"class_list":["post-2984","page","type-page","status-publish","hentry"],"uagb_featured_image_src":{"full":false,"thumbnail":false,"medium":false,"medium_large":false,"large":false,"1536x1536":false,"2048x2048":false,"trp-custom-language-flag":false},"uagb_author_info":{"display_name":"Joe","author_link":"https:\/\/led.amasly.com\/es_mx\/author\/jacklin\/"},"uagb_comment_info":0,"uagb_excerpt":"LED light is an electroluminescent semiconductor material chip, solidified to the bracket with silver glue or white glue, and then connected to the chip and circuit board with silver or gold wire, sealed around with epoxy resin to protect the internal core wire, and finally installed the shell, so the LED light has good seismic&hellip;","_links":{"self":[{"href":"https:\/\/led.amasly.com\/es_mx\/wp-json\/wp\/v2\/pages\/2984","targetHints":{"allow":["GET"]}}],"collection":[{"href":"https:\/\/led.amasly.com\/es_mx\/wp-json\/wp\/v2\/pages"}],"about":[{"href":"https:\/\/led.amasly.com\/es_mx\/wp-json\/wp\/v2\/types\/page"}],"author":[{"embeddable":true,"href":"https:\/\/led.amasly.com\/es_mx\/wp-json\/wp\/v2\/users\/1"}],"replies":[{"embeddable":true,"href":"https:\/\/led.amasly.com\/es_mx\/wp-json\/wp\/v2\/comments?post=2984"}],"version-history":[{"count":7,"href":"https:\/\/led.amasly.com\/es_mx\/wp-json\/wp\/v2\/pages\/2984\/revisions"}],"predecessor-version":[{"id":4185,"href":"https:\/\/led.amasly.com\/es_mx\/wp-json\/wp\/v2\/pages\/2984\/revisions\/4185"}],"up":[{"embeddable":true,"href":"https:\/\/led.amasly.com\/es_mx\/wp-json\/wp\/v2\/pages\/2370"}],"wp:attachment":[{"href":"https:\/\/led.amasly.com\/es_mx\/wp-json\/wp\/v2\/media?parent=2984"}],"curies":[{"name":"wp","href":"https:\/\/api.w.org\/{rel}","templated":true}]}}