{"id":2974,"date":"2025-04-07T21:56:34","date_gmt":"2025-04-07T13:56:34","guid":{"rendered":"https:\/\/led.amasly.com\/?page_id=2974"},"modified":"2026-01-18T14:27:47","modified_gmt":"2026-01-18T06:27:47","slug":"flood-lights-price-list","status":"publish","type":"page","link":"https:\/\/led.amasly.com\/es_mx\/light-price\/flood-lights-price-list\/","title":{"rendered":"Lista de precios de las luces de inundaci\u00f3n"},"content":{"rendered":"<div class=\"wp-block-uagb-container uagb-block-27bae773 alignfull uagb-is-root-container\"><div class=\"uagb-container-inner-blocks-wrap\"><\/div><\/div>\n\n\n\n<h1 class=\"wp-block-heading has-text-align-center\"><strong>Amasly <\/strong><strong>Inundaci\u00f3n<\/strong><strong>&nbsp;L<\/strong><strong>iertos derechos<\/strong><strong>&nbsp;Lista de precios<\/strong><strong><\/strong><\/h1>\n\n\n\n<p><strong>Inundaci\u00f3n<\/strong><strong>&nbsp;<\/strong><strong>luces tambi\u00e9n conocidas como focos LED, proyectores LED<\/strong><strong><\/strong><\/p>\n\n\n\n<h2 class=\"wp-block-heading\"><strong>Razones de la diferencia entre los focos LED <strong>precio<\/strong>:<\/strong><\/h2>\n\n\n\n<p>1. Marca y fabricante: Las diferentes marcas de focos LED tienen diferencias en calidad, tecnolog\u00eda, materiales y otros aspectos, por lo que el precio ser\u00e1 diferente. Las marcas conocidas suelen tener una mayor reputaci\u00f3n y cuota de mercado, y el precio del producto es relativamente alto.<\/p>\n\n\n\n<p>2. Modelo y potencia: Las luces de inundaci\u00f3n LED con diferentes modelos y potencia, aplicables a diferentes escenas y necesidades, dando lugar a diferencias de precio. Por ejemplo, algunas luces de inundaci\u00f3n de alta potencia son adecuados para la iluminaci\u00f3n de grandes lugares, el precio es relativamente alto.<\/p>\n\n\n\n<p>3. Rendimiento y tecnolog\u00eda: El rendimiento t\u00e9cnico de los proyectores LED tambi\u00e9n es un factor importante que influye en el precio. Por ejemplo, el brillo de la fuente de luz, la reproducci\u00f3n del color, la vida \u00fatil, el rendimiento de disipaci\u00f3n del calor, etc. Un rendimiento de alto nivel suele ir acompa\u00f1ado de un precio m\u00e1s elevado.<\/p>\n\n\n\n<h2 class=\"wp-block-heading\"><strong>Otros factores que influyen en el precio de los LED flood<\/strong><strong>&nbsp;<\/strong><strong>luces:<\/strong><strong><\/strong><\/h2>\n\n\n\n<p>1. La oferta y la demanda del mercado: la oferta y la demanda del mercado de focos LED tambi\u00e9n influyen en el precio. En caso de que la demanda sea mayor que la oferta, el precio puede subir; por el contrario, puede bajar.<\/p>\n\n\n\n<p>2. Cantidad y canal de compra: La cantidad y el canal de compra de las luces LED de inundaci\u00f3n tambi\u00e9n tendr\u00e1n un impacto en el precio final. En t\u00e9rminos generales, la compra al por mayor puede disfrutar de ciertos descuentos, mientras que los diferentes canales de venta tambi\u00e9n pueden tener diferentes estrategias de precios.<\/p>\n\n\n\n<p>En resumen, el precio de los proyectores LED var\u00eda en funci\u00f3n de varios factores. Si usted tiene la necesidad de comprar, se recomienda elegir la luz de inundaci\u00f3n del LED adecuado de acuerdo a sus necesidades reales, el presupuesto y la situaci\u00f3n del mercado. Al mismo tiempo, adem\u00e1s del factor precio, tambi\u00e9n debe considerar la calidad del producto, el rendimiento y el servicio post-venta y otros factores a la hora de comprar.<\/p>\n\n\n\n<h2 class=\"wp-block-heading\"><strong>Los lugares de aplicaci\u00f3n de las inundaciones<\/strong><strong>&nbsp;<\/strong><strong>Las luces incluyen principalmente:<\/strong><strong><\/strong><\/h2>\n\n\n\n<p>1. Iluminaci\u00f3n del aspecto del edificio: los proyectores pueden resaltar el aspecto del edificio, destacar diferentes partes del mismo y hacerlo m\u00e1s llamativo.<\/p>\n\n\n\n<p>2. Iluminaci\u00f3n paisaj\u00edstica: los proyectores son adecuados para la iluminaci\u00f3n paisaj\u00edstica de plazas, parques, parques de atracciones, zool\u00f3gicos, jardines, piscinas, fuentes y salas de exposiciones.<\/p>\n\n\n\n<p>3. Iluminaci\u00f3n interior de edificios: los proyectores no s\u00f3lo se utilizan para la iluminaci\u00f3n exterior, sino que tambi\u00e9n son adecuados para la iluminaci\u00f3n interior. Por ejemplo, en salas de exposiciones, museos y centros de arte.<\/p>\n\n\n\n<p>4. Iluminaci\u00f3n esc\u00e9nica: los focos desempe\u00f1an un papel importante en el escenario.<\/p>\n\n\n\n<p>5. iluminaci\u00f3n de pabellones deportivos: los proyectores desempe\u00f1an un papel fundamental en pabellones deportivos como estadios de f\u00fatbol, canchas de baloncesto, pistas de tenis y estadios de atletismo.<\/p>\n\n\n\n<p>El precio de los proyectores LED var\u00eda en funci\u00f3n de factores como la marca, el modelo, la potencia y el rendimiento. En general, el precio suele oscilar entre decenas y cientos de d\u00f3lares. El precio concreto tambi\u00e9n debe determinarse en funci\u00f3n del n\u00famero de compras, los canales de adquisici\u00f3n y la oferta y la demanda del mercado, entre otros factores.<\/p>\n\n\n\n<h2 class=\"wp-block-heading\"><strong>Amasly<\/strong><strong>&nbsp;<\/strong><strong>Introducci\u00f3n<\/strong><strong><\/strong><\/h2>\n\n\n\n<p>Amasly es una empresa de iluminaci\u00f3n profesional, nuestros productos se centra en la iluminaci\u00f3n industrial y la iluminaci\u00f3n al aire libre. Los productos principales son luces a prueba de explosiones llevadas, aparato el\u00e9ctrico a prueba de explosiones, altas luces llevadas de la bah\u00eda, luces de inundaci\u00f3n llevadas, luces de calle llevadas, luces tri-prueba llevadas y luces llevadas solares.<\/p>\n\n\n\n<p>Nuestros productos se han exportado a 68 pa\u00edses de todo el mundo, como Europa y Estados Unidos, y se ha ganado el reconocimiento de los principales proveedores de productos de iluminaci\u00f3n del mundo con sus productos de alta calidad.<\/p>\n\n\n\n<p>Amasly ofrece una amplia gama de diferentes tipos de focos, luces de estadio y a precios muy competitivos.<\/p>\n\n\n\n<h2 class=\"wp-block-heading\"><strong>Lista de precios de la l\u00e1mpara empotrada LED Amasly<\/strong><strong><\/strong><\/h2>\n\n\n\n<div class=\"wp-block-uagb-image uagb-block-782176ad wp-block-uagb-image--layout-default wp-block-uagb-image--effect-static wp-block-uagb-image--align-none\"><figure class=\"wp-block-uagb-image__figure\"><img decoding=\"async\" srcset=\"https:\/\/led.amasly.com\/wp-content\/uploads\/2025\/04\/LED-Flood-Light.png ,https:\/\/led.amasly.com\/wp-content\/uploads\/2025\/04\/LED-Flood-Light.png 780w, https:\/\/led.amasly.com\/wp-content\/uploads\/2025\/04\/LED-Flood-Light.png 360w\" sizes=\"auto, (max-width: 480px) 150px\" src=\"https:\/\/led.amasly.com\/wp-content\/uploads\/2025\/04\/LED-Flood-Light.png\" alt=\"flood\u00a0lights price\" class=\"uag-image-2975\" width=\"850\" height=\"732\" title=\"Proyectores LED\" loading=\"lazy\" role=\"img\"\/><\/figure><\/div>\n\n\n\n<figure class=\"wp-block-table\"><table class=\"has-fixed-layout\"><tbody><tr><td>TG03-50<\/td><td>50W<\/td><td>$6.09<\/td><\/tr><tr><td>TG03-100<\/td><td>100W<\/td><td>$9.80<\/td><\/tr><tr><td>TG03-150<\/td><td>150w<\/td><td>$14.11<\/td><\/tr><tr><td>TG03-200<\/td><td>200W<\/td><td>$15.41<\/td><\/tr><tr><td>TG03-300<\/td><td>300W<\/td><td>$23.60<\/td><\/tr><\/tbody><\/table><\/figure>\n\n\n\n<div class=\"wp-block-uagb-image uagb-block-f2e6a796 wp-block-uagb-image--layout-default wp-block-uagb-image--effect-static wp-block-uagb-image--align-none\"><figure class=\"wp-block-uagb-image__figure\"><img decoding=\"async\" srcset=\"https:\/\/led.amasly.com\/wp-content\/uploads\/2025\/04\/Stadium-Light-1024x697.png ,https:\/\/led.amasly.com\/wp-content\/uploads\/2025\/04\/Stadium-Light.png 780w, https:\/\/led.amasly.com\/wp-content\/uploads\/2025\/04\/Stadium-Light.png 360w\" sizes=\"auto, (max-width: 480px) 150px\" src=\"https:\/\/led.amasly.com\/wp-content\/uploads\/2025\/04\/Stadium-Light-1024x697.png\" alt=\"\" class=\"uag-image-2976\" width=\"2329\" height=\"1586\" title=\"Luz del estadio\" loading=\"lazy\" role=\"img\"><\/figure><\/div>\n\n\n\n<figure class=\"wp-block-table\"><table class=\"has-fixed-layout\"><tbody><tr><td>TG01-300<\/td><td>300<\/td><td>$39.00<\/td><\/tr><tr><td>TG01-400<\/td><td>400<\/td><td>$51.07<\/td><\/tr><tr><td>TG01-500<\/td><td>500<\/td><td>$66.49<\/td><\/tr><\/tbody><\/table><\/figure>\n\n\n\n<p class=\"has-text-align-center has-medium-font-size\"><strong>P\u00f3ngase en contacto con Amasly para obtener m\u00e1s informaci\u00f3n sobre productos, precios y hojas de datos.                                                                                                             Correo electr\u00f3nico: sales01@amasly.com, Whatsapp\/wechat:0086-13732643699<\/strong><\/p>\n\n\n\n<h2 class=\"wp-block-heading\"><strong>Preguntas frecuentes sobre Amasly Light<\/strong><\/h2>\n\n\n\n<p><strong>P1.\u00bfPuedo recibir un pedido de muestra de luz led?<\/strong><strong><\/strong><\/p>\n\n\n\n<p>R: S\u00ed, aceptamos pedidos de muestras para probar y comprobar la calidad. Las muestras mezcladas son aceptables.<\/p>\n\n\n\n<p><strong>P2: \u00bfY el plazo de entrega?<\/strong><strong><\/strong><\/p>\n\n\n\n<p>R: La muestra necesita 3-5 d\u00edas, el tiempo de producci\u00f3n en masa necesita 1-2 semanas.<\/p>\n\n\n\n<p><strong>Q3.Do usted tiene cualquier l\u00edmite MOQ para la luz led orden?<\/strong><strong><\/strong><\/p>\n\n\n\n<p>R: Bajo MOQ 1pc para la comprobaci\u00f3n de la muestra est\u00e1 disponible.<\/p>\n\n\n\n<p><strong>Q4. \u00bfC\u00f3mo env\u00edan la mercanc\u00eda y cu\u00e1nto tarda en llegar?<\/strong><strong><\/strong><\/p>\n\n\n\n<p>R: Normalmente enviamos por <a href=\"https:\/\/www.dhl.com\" rel=\"nofollow noopener\" target=\"_blank\">DHL<\/a>, UPS, FedEx o TNT. El env\u00edo suele tardar entre 3 y 5 d\u00edas en llegar. Tambi\u00e9n se ofrece la opci\u00f3n de env\u00edo a\u00e9reo y mar\u00edtimo.<\/p>\n\n\n\n<p><strong>Q5. \u00bfC\u00f3mo tramitar un pedido de luz led?<\/strong><strong><\/strong><\/p>\n\n\n\n<p>A:<\/p>\n\n\n\n<p>En primer lugar, comun\u00edquenos sus necesidades o su solicitud.<\/p>\n\n\n\n<p>En segundo lugar, presupuestamos seg\u00fan sus requisitos o nuestras sugerencias.<\/p>\n\n\n\n<p>En tercer lugar, el cliente confirma las muestras y realiza el dep\u00f3sito para el pedido formal.<\/p>\n\n\n\n<p>En cuarto lugar, organizamos la producci\u00f3n.<\/p>\n\n\n\n<p><strong>P6.\u00bfPuedo imprimir mi <\/strong><strong>LOGO<\/strong><strong>&nbsp;en producto de luz led ?<\/strong><strong><\/strong><\/p>\n\n\n\n<p>R: S\u00ed, por favor inf\u00f3rmenos formalmente antes de nuestra producci\u00f3n y confirmar el dise\u00f1o en primer lugar sobre la base de nuestra muestra.<\/p>\n\n\n\n<p><strong>P7: \u00bfOfrecen garant\u00eda para los productos?<\/strong><strong><\/strong><\/p>\n\n\n\n<p>R: S\u00ed, ofrecemos de 2 a 5 a\u00f1os de garant\u00eda para nuestros productos.<\/p>\n\n\n\n<p><strong>P8: \u00bfC\u00f3mo tratar los fallos?<\/strong><strong><\/strong><\/p>\n\n\n\n<p>A:<\/p>\n\n\n\n<p>En primer lugar, nuestros productos se producen dinstrict sistema de control de calidad y la tasa de defectos ser\u00e1 inferior a 0,2%<\/p>\n\n\n\n<p>En segundo lugar, durante el per\u00edodo de garant\u00eda, proporcionaremos piezas para sustituir la pieza defectuosa.. Para los pedidos al por mayor, proporcionaremos piezas vulnerables por adelantado, o podemos discutir soluciones, incluyendo la retirada del mercado sobre la base de la situaci\u00f3n real.<\/p>\n\n\n\n<p><strong>P9: \u00bfPodemos fabricar l\u00e1mparas antideflagrantes de bajo voltaje con voltajes CA\/CC de 12 V, 24 V, 36 V o 48 V? <\/strong><\/p>\n\n\n\n<p>Amasly se puede utilizar como luminaria antideflagrante tanto de baja como de alta tensi\u00f3n: CA\/CC 12 V, 24 V, 36 V, 48 V, CA 85-265 V, CA 380 V. <\/p>\n\n\n\n<p><strong>P10: \u00bfSe pueden a\u00f1adir bater\u00edas de emergencia Explosion Poof Lights? <\/strong><\/p>\n\n\n\n<p>La l\u00e1mpara a prueba de explosiones Amasly puede equiparse con bater\u00edas de litio de emergencia. La duraci\u00f3n de la emergencia es de 90 minutos, 120 minutos o 180 minutos. <\/p>\n\n\n\n<p><strong>P11: \u00bfSe puede personalizar la l\u00e1mpara a prueba de explosiones Amasly como producto OEM? <\/strong><\/p>\n\n\n\n<p>Las l\u00e1mparas a prueba de explosiones de Amasly se pueden personalizar seg\u00fan los requisitos del cliente, tanto en lo que respecta a las l\u00e1mparas como a las cajas de embalaje.<\/p>\n\n\n\n<div class=\"wp-block-uagb-container uagb-block-c7d898dd alignfull uagb-is-root-container\"><div class=\"uagb-container-inner-blocks-wrap\"><\/div><\/div>\n\n\n\n<h2 class=\"wp-block-heading\">Productos relacionados<\/h2>\n\n\n\n<div class=\"wp-block-uagb-container uagb-block-66e4defc alignfull uagb-is-root-container\"><div class=\"uagb-container-inner-blocks-wrap\">\n<div class=\"wp-block-uagb-container uagb-block-a42945f9\">\n<div class=\"wp-block-uagb-image uagb-block-7296296b wp-block-uagb-image--layout-default wp-block-uagb-image--effect-static wp-block-uagb-image--align-none\"><figure class=\"wp-block-uagb-image__figure\"><a class=\"\" href=\"https:\/\/led.amasly.com\/es_mx\/products\/\" target=\"\" rel=\"noopener\"><img decoding=\"async\" srcset=\"https:\/\/led.amasly.com\/wp-content\/uploads\/2024\/09\/Explosion-proof-high-bay-lights.png ,https:\/\/led.amasly.com\/wp-content\/uploads\/2024\/09\/Explosion-proof-high-bay-lights.png 780w, https:\/\/led.amasly.com\/wp-content\/uploads\/2024\/09\/Explosion-proof-high-bay-lights.png 360w\" sizes=\"auto, (max-width: 480px) 150px\" src=\"https:\/\/led.amasly.com\/wp-content\/uploads\/2024\/09\/Explosion-proof-high-bay-lights.png\" alt=\"\" class=\"uag-image-1495\" width=\"300\" height=\"300\" title=\"Luces de gran altura a prueba de explosiones\" loading=\"lazy\" role=\"img\"><\/a><\/figure><\/div>\n<\/div>\n\n\n\n<div class=\"wp-block-uagb-container uagb-block-4d3efde5\">\n<div class=\"wp-block-uagb-image uagb-block-c9e90797 wp-block-uagb-image--layout-default wp-block-uagb-image--effect-static wp-block-uagb-image--align-none\"><figure class=\"wp-block-uagb-image__figure\"><a class=\"\" href=\"https:\/\/led.amasly.com\/es_mx\/products\/\" target=\"\" rel=\"noopener\"><img decoding=\"async\" srcset=\"https:\/\/led.amasly.com\/wp-content\/uploads\/2024\/07\/LED-tri-proof-lights2.png ,https:\/\/led.amasly.com\/wp-content\/uploads\/2024\/07\/LED-tri-proof-lights2.png 780w, https:\/\/led.amasly.com\/wp-content\/uploads\/2024\/07\/LED-tri-proof-lights2.png 360w\" sizes=\"auto, (max-width: 480px) 150px\" src=\"https:\/\/led.amasly.com\/wp-content\/uploads\/2024\/07\/LED-tri-proof-lights2.png\" alt=\"\" class=\"uag-image-1132\" width=\"300\" height=\"300\" title=\"Luces LED-tri-proof2\" loading=\"lazy\" role=\"img\"><\/a><\/figure><\/div>\n<\/div>\n\n\n\n<div class=\"wp-block-uagb-container uagb-block-11c2578b\">\n<div class=\"wp-block-uagb-image uagb-block-6e8883aa wp-block-uagb-image--layout-default wp-block-uagb-image--effect-static wp-block-uagb-image--align-none\"><figure class=\"wp-block-uagb-image__figure\"><a class=\"\" href=\"https:\/\/led.amasly.com\/es_mx\/products\/\" target=\"\" rel=\"noopener\"><img decoding=\"async\" srcset=\"https:\/\/led.amasly.com\/wp-content\/uploads\/2024\/09\/LED-Explosion-Proof-Gas-Station-Light.png ,https:\/\/led.amasly.com\/wp-content\/uploads\/2024\/09\/LED-Explosion-Proof-Gas-Station-Light.png 780w, https:\/\/led.amasly.com\/wp-content\/uploads\/2024\/09\/LED-Explosion-Proof-Gas-Station-Light.png 360w\" sizes=\"auto, (max-width: 480px) 150px\" src=\"https:\/\/led.amasly.com\/wp-content\/uploads\/2024\/09\/LED-Explosion-Proof-Gas-Station-Light.png\" alt=\"\" class=\"uag-image-1501\" width=\"300\" height=\"300\" title=\"L\u00e1mpara LED antideflagrante para gasolineras\" loading=\"lazy\" role=\"img\"><\/a><\/figure><\/div>\n<\/div>\n<\/div><\/div>\n\n\n\n<div class=\"wp-block-uagb-container uagb-block-548945b5 alignfull uagb-is-root-container\"><div class=\"uagb-container-inner-blocks-wrap\">\n<div class=\"wp-block-uagb-container uagb-block-967755d5\">\n<h4 class=\"wp-block-heading has-text-align-center\"><a href=\"https:\/\/led.amasly.com\/es_mx\/products\/\">Luces LED antideflagrantes<\/a><\/h4>\n<\/div>\n\n\n\n<div class=\"wp-block-uagb-container uagb-block-9bc52fc2\">\n<h4 class=\"wp-block-heading has-text-align-center\"><a href=\"https:\/\/led.amasly.com\/es_mx\/products\/\">Luces LED Tri-Proof<\/a><\/h4>\n<\/div>\n\n\n\n<div class=\"wp-block-uagb-container uagb-block-8ffa0a23\">\n<h4 class=\"wp-block-heading has-text-align-center\"><a href=\"https:\/\/led.amasly.com\/es_mx\/products\/\">Luces de gasolinera a prueba de explosiones<\/a><\/h4>\n<\/div>\n<\/div><\/div>\n\n\n\n<div class=\"wp-block-uagb-container uagb-block-29499fe0 alignfull uagb-is-root-container\"><div class=\"uagb-container-inner-blocks-wrap\">\n<div class=\"wp-block-uagb-container uagb-block-777ee1c7\">\n<div class=\"wp-block-uagb-image uagb-block-2e9a1851 wp-block-uagb-image--layout-default wp-block-uagb-image--effect-static wp-block-uagb-image--align-none\"><figure class=\"wp-block-uagb-image__figure\"><a class=\"\" href=\"https:\/\/led.amasly.com\/es_mx\/products\/\" target=\"\" rel=\"noopener\"><img decoding=\"async\" srcset=\"https:\/\/led.amasly.com\/wp-content\/uploads\/2024\/10\/50W-100W-150W-200W-300W-LED-Flood-Light.jpg ,https:\/\/led.amasly.com\/wp-content\/uploads\/2024\/10\/50W-100W-150W-200W-300W-LED-Flood-Light.jpg 780w, https:\/\/led.amasly.com\/wp-content\/uploads\/2024\/10\/50W-100W-150W-200W-300W-LED-Flood-Light.jpg 360w\" sizes=\"auto, (max-width: 480px) 150px\" src=\"https:\/\/led.amasly.com\/wp-content\/uploads\/2024\/10\/50W-100W-150W-200W-300W-LED-Flood-Light.jpg\" alt=\"\" class=\"uag-image-1526\" width=\"300\" height=\"300\" title=\"L\u00e1mpara de inundaci\u00f3n LED 50W 100W 150W 200W 300W\" loading=\"lazy\" role=\"img\"><\/a><\/figure><\/div>\n<\/div>\n\n\n\n<div class=\"wp-block-uagb-container uagb-block-af8c8683\">\n<div class=\"wp-block-uagb-image uagb-block-67947854 wp-block-uagb-image--layout-default wp-block-uagb-image--effect-static wp-block-uagb-image--align-none\"><figure class=\"wp-block-uagb-image__figure\"><a class=\"\" href=\"https:\/\/led.amasly.com\/es_mx\/products\/\" target=\"\" rel=\"noopener\"><img decoding=\"async\" srcset=\"https:\/\/led.amasly.com\/wp-content\/uploads\/2024\/07\/led-tri-proof-light.png ,https:\/\/led.amasly.com\/wp-content\/uploads\/2024\/07\/led-tri-proof-light.png 780w, https:\/\/led.amasly.com\/wp-content\/uploads\/2024\/07\/led-tri-proof-light.png 360w\" sizes=\"auto, (max-width: 480px) 150px\" src=\"https:\/\/led.amasly.com\/wp-content\/uploads\/2024\/07\/led-tri-proof-light.png\" alt=\"\" class=\"uag-image-1130\" width=\"300\" height=\"300\" title=\"luz led-tri-proof\" loading=\"lazy\" role=\"img\"><\/a><\/figure><\/div>\n<\/div>\n\n\n\n<div class=\"wp-block-uagb-container uagb-block-0fdfdd58\">\n<div class=\"wp-block-uagb-image uagb-block-1187d32d wp-block-uagb-image--layout-default wp-block-uagb-image--effect-static wp-block-uagb-image--align-none\"><figure class=\"wp-block-uagb-image__figure\"><a class=\"\" href=\"https:\/\/led.amasly.com\/es_mx\/products\/\" target=\"\" rel=\"noopener\"><img decoding=\"async\" srcset=\"https:\/\/led.amasly.com\/wp-content\/uploads\/2024\/07\/LED-street-light.jpg ,https:\/\/led.amasly.com\/wp-content\/uploads\/2024\/07\/LED-street-light.jpg 780w, https:\/\/led.amasly.com\/wp-content\/uploads\/2024\/07\/LED-street-light.jpg 360w\" sizes=\"auto, (max-width: 480px) 150px\" src=\"https:\/\/led.amasly.com\/wp-content\/uploads\/2024\/07\/LED-street-light.jpg\" alt=\"\" class=\"uag-image-1145\" width=\"300\" height=\"300\" title=\"Alumbrado p\u00fablico LED\" loading=\"lazy\" role=\"img\"><\/a><\/figure><\/div>\n<\/div>\n<\/div><\/div>\n\n\n\n<div class=\"wp-block-uagb-container uagb-block-6a60882c alignfull uagb-is-root-container\"><div class=\"uagb-container-inner-blocks-wrap\">\n<div class=\"wp-block-uagb-container uagb-block-f1e91a35\">\n<h4 class=\"wp-block-heading has-text-align-center\"><a href=\"https:\/\/led.amasly.com\/es_mx\/products\/\">Proyectores LED<\/a><\/h4>\n<\/div>\n\n\n\n<div class=\"wp-block-uagb-container uagb-block-165bfa58\">\n<h4 class=\"wp-block-heading has-text-align-center\"><a href=\"https:\/\/led.amasly.com\/es_mx\/products\/\">Tubos de luz LED trif\u00e1sicos<\/a><\/h4>\n<\/div>\n\n\n\n<div class=\"wp-block-uagb-container uagb-block-f6096e3b\">\n<h4 class=\"wp-block-heading has-text-align-center\"><a href=\"https:\/\/led.amasly.com\/es_mx\/products\/\">Alumbrado p\u00fablico LED<\/a><\/h4>\n<\/div>\n<\/div><\/div>\n\n\n\n<div class=\"wp-block-uagb-container uagb-block-99c0e0a5 alignfull uagb-is-root-container\"><div class=\"uagb-container-inner-blocks-wrap\"><\/div><\/div>\n\n\n\n<p><\/p>","protected":false},"excerpt":{"rendered":"<p>Amasly Flood&nbsp;Lights&nbsp;Price List Flood&nbsp;lights also known as LED spotlights, LED projector lights Reasons for the difference of LED flood\u00a0lights price: 1. Brand and manufacturer: Different brands of LED flood lights&nbsp;have differences in quality, technology, materials and other aspects, so the price will be different. Well-known brands usually have a higher reputation and market share, and [&hellip;]<\/p>\n","protected":false},"author":1,"featured_media":0,"parent":2869,"menu_order":0,"comment_status":"closed","ping_status":"closed","template":"","meta":{"_uag_custom_page_level_css":"","site-sidebar-layout":"no-sidebar","site-content-layout":"","ast-site-content-layout":"default","site-content-style":"default","site-sidebar-style":"default","ast-global-header-display":"","ast-banner-title-visibility":"","ast-main-header-display":"","ast-hfb-above-header-display":"","ast-hfb-below-header-display":"","ast-hfb-mobile-header-display":"","site-post-title":"disabled","ast-breadcrumbs-content":"","ast-featured-img":"","footer-sml-layout":"","ast-disable-related-posts":"","theme-transparent-header-meta":"enabled","adv-header-id-meta":"","stick-header-meta":"","header-above-stick-meta":"","header-main-stick-meta":"","header-below-stick-meta":"","astra-migrate-meta-layouts":"set","ast-page-background-enabled":"default","ast-page-background-meta":{"desktop":{"background-color":"var(--ast-global-color-4)","background-image":"","background-repeat":"repeat","background-position":"center center","background-size":"auto","background-attachment":"scroll","background-type":"","background-media":"","overlay-type":"","overlay-color":"","overlay-opacity":"","overlay-gradient":""},"tablet":{"background-color":"","background-image":"","background-repeat":"repeat","background-position":"center center","background-size":"auto","background-attachment":"scroll","background-type":"","background-media":"","overlay-type":"","overlay-color":"","overlay-opacity":"","overlay-gradient":""},"mobile":{"background-color":"","background-image":"","background-repeat":"repeat","background-position":"center center","background-size":"auto","background-attachment":"scroll","background-type":"","background-media":"","overlay-type":"","overlay-color":"","overlay-opacity":"","overlay-gradient":""}},"ast-content-background-meta":{"desktop":{"background-color":"var(--ast-global-color-5)","background-image":"","background-repeat":"repeat","background-position":"center center","background-size":"auto","background-attachment":"scroll","background-type":"","background-media":"","overlay-type":"","overlay-color":"","overlay-opacity":"","overlay-gradient":""},"tablet":{"background-color":"var(--ast-global-color-5)","background-image":"","background-repeat":"repeat","background-position":"center center","background-size":"auto","background-attachment":"scroll","background-type":"","background-media":"","overlay-type":"","overlay-color":"","overlay-opacity":"","overlay-gradient":""},"mobile":{"background-color":"var(--ast-global-color-5)","background-image":"","background-repeat":"repeat","background-position":"center center","background-size":"auto","background-attachment":"scroll","background-type":"","background-media":"","overlay-type":"","overlay-color":"","overlay-opacity":"","overlay-gradient":""}},"footnotes":""},"class_list":["post-2974","page","type-page","status-publish","hentry"],"uagb_featured_image_src":{"full":false,"thumbnail":false,"medium":false,"medium_large":false,"large":false,"1536x1536":false,"2048x2048":false,"trp-custom-language-flag":false},"uagb_author_info":{"display_name":"Joe","author_link":"https:\/\/led.amasly.com\/es_mx\/author\/jacklin\/"},"uagb_comment_info":0,"uagb_excerpt":"Amasly Flood&nbsp;Lights&nbsp;Price List Flood&nbsp;lights also known as LED spotlights, LED projector lights Reasons for the difference of LED flood\u00a0lights price: 1. Brand and manufacturer: Different brands of LED flood lights&nbsp;have differences in quality, technology, materials and other aspects, so the price will be different. Well-known brands usually have a higher reputation and market share, and&hellip;","_links":{"self":[{"href":"https:\/\/led.amasly.com\/es_mx\/wp-json\/wp\/v2\/pages\/2974","targetHints":{"allow":["GET"]}}],"collection":[{"href":"https:\/\/led.amasly.com\/es_mx\/wp-json\/wp\/v2\/pages"}],"about":[{"href":"https:\/\/led.amasly.com\/es_mx\/wp-json\/wp\/v2\/types\/page"}],"author":[{"embeddable":true,"href":"https:\/\/led.amasly.com\/es_mx\/wp-json\/wp\/v2\/users\/1"}],"replies":[{"embeddable":true,"href":"https:\/\/led.amasly.com\/es_mx\/wp-json\/wp\/v2\/comments?post=2974"}],"version-history":[{"count":2,"href":"https:\/\/led.amasly.com\/es_mx\/wp-json\/wp\/v2\/pages\/2974\/revisions"}],"predecessor-version":[{"id":4495,"href":"https:\/\/led.amasly.com\/es_mx\/wp-json\/wp\/v2\/pages\/2974\/revisions\/4495"}],"up":[{"embeddable":true,"href":"https:\/\/led.amasly.com\/es_mx\/wp-json\/wp\/v2\/pages\/2869"}],"wp:attachment":[{"href":"https:\/\/led.amasly.com\/es_mx\/wp-json\/wp\/v2\/media?parent=2974"}],"curies":[{"name":"wp","href":"https:\/\/api.w.org\/{rel}","templated":true}]}}