{"id":2664,"date":"2025-03-22T23:12:25","date_gmt":"2025-03-22T15:12:25","guid":{"rendered":"https:\/\/led.amasly.com\/?page_id=2664"},"modified":"2025-03-22T23:12:31","modified_gmt":"2025-03-22T15:12:31","slug":"luces-de-exterior-a-prueba-de-explosiones-iluminacion-de-seguridad-de-gasolineras-tecnologia-basica-y-practica-de-aplicacion","status":"publish","type":"page","link":"https:\/\/led.amasly.com\/es_mx\/conocimiento\/conocimientos-sobre-productos-antideflagrantes\/luces-de-exterior-a-prueba-de-explosiones-iluminacion-de-seguridad-de-gasolineras-tecnologia-basica-y-practica-de-aplicacion\/","title":{"rendered":"Luces de exterior a prueba de explosiones: Tecnolog\u00eda b\u00e1sica y pr\u00e1ctica de aplicaci\u00f3n de la iluminaci\u00f3n de seguridad de estaciones de gas natural"},"content":{"rendered":"\n<div class=\"wp-block-uagb-container uagb-block-27bae773 alignfull uagb-is-root-container\"><div class=\"uagb-container-inner-blocks-wrap\"><\/div><\/div>\n\n\n\n<h2 class=\"wp-block-heading has-text-align-left\"><strong>Explosion proof<\/strong><strong>&nbsp;Outdoor Lights: Natural Gas Station Safety Lighting Core Technology and Application Practice<\/strong><strong><\/strong><\/h2>\n\n\n\n<div class=\"wp-block-uagb-image uagb-block-da1360b5 wp-block-uagb-image--layout-default wp-block-uagb-image--effect-static wp-block-uagb-image--align-none\"><figure class=\"wp-block-uagb-image__figure\"><img decoding=\"async\" srcset=\"https:\/\/led.amasly.com\/wp-content\/uploads\/2025\/01\/LED-explosion-proof-flood-lights.png ,https:\/\/led.amasly.com\/wp-content\/uploads\/2025\/01\/LED-explosion-proof-flood-lights.png 780w, https:\/\/led.amasly.com\/wp-content\/uploads\/2025\/01\/LED-explosion-proof-flood-lights.png 360w\" sizes=\"auto, (max-width: 480px) 150px\" src=\"https:\/\/led.amasly.com\/wp-content\/uploads\/2025\/01\/LED-explosion-proof-flood-lights.png\" alt=\"\" class=\"uag-image-1675\" width=\"1004\" height=\"308\" title=\"LED explosion proof flood lights\" loading=\"lazy\" role=\"img\"><\/figure><\/div>\n\n\n\n<p>Accompanied by the natural gas industry&#8217;s safety standards continue to improve, Explosion proof&nbsp;outdoor lights with its intrinsically safe design, high energy efficiency and adaptability to extreme environments, has become a gas storage stations, gas refueling stations, transmission and distribution pipeline network and other scenes necessary lighting equipment.<\/p>\n\n\n\n<p>This article combines the industry&#8217;s latest technical guidelines and practice cases, in-depth analysis of Explosion proof&nbsp;outdoor lights in the natural gas station application value, and provide professional selection and maintenance guidelines to help companies build a compliant, intelligent lighting system.<\/p>\n\n\n\n<h2 class=\"wp-block-heading\"><strong>First, the core challenges of the natural gas station lighting environment and the need for <\/strong><strong>Explosion proof<\/strong><strong>&nbsp;outdoor lights<\/strong><strong><\/strong><\/h2>\n\n\n\n<p>Natural gas station as a high-risk workplace, the presence of methane, hydrogen sulfide and other flammable and explosive gases, ordinary lighting equipment is prone to high temperatures, electric sparks or structural defects triggered by an explosion.<\/p>\n\n\n\n<p>According to statistics, in 2024, the global natural gas industry due to lighting system challenges lead to safety accidents, 72% and lamps and lanterns Explosion proof&nbsp;performance is directly related to the lack of.<\/p>\n\n\n\n<h3 class=\"wp-block-heading\"><strong>1.1 traditional lamps and lanterns fatal flaws<\/strong><strong><\/strong><\/h3>\n\n\n\n<p>High-pressure sodium lamps: surface temperature of more than 200 \u2103, in the natural gas leakage is very easy to ignite the gas; ordinary LED lamps: the lack of Explosion proof&nbsp;structure, the circuit sparks probably triggered by the risk of explosion; maintenance costs are high: the traditional lamps and lanterns need to be replaced every 1.5 years on average, the cost of a single maintenance up to $ 3,000 [in the case of medium-sized gas stations].<\/p>\n\n\n\n<h3 class=\"wp-block-heading\"><strong>1.2 <\/strong><strong>Explosion proof<\/strong><strong>&nbsp;outdoor light innovation value<\/strong><strong><\/strong><\/h3>\n\n\n\n<p>Approved Ex d IIC T6 Gb Explosion proof\u00a0certified LED Explosion proof\u00a0outdoor lights, using a fully sealed die-cast aluminum shell and double-layer tempered glass protection, the explosion energy can be completely isolated. Actual test shows that its surface temperature \u2264 55 \u2103, in the methane concentration of 18% of the environment can still be stable operation <a href=\"http:\/\/www.iecex-certs.com\/\" rel=\"nofollow noopener\" target=\"_blank\">[IEC 60079 <\/a>guidelines verification].<\/p>\n\n\n\n<h2 class=\"wp-block-heading\"><strong>Second. <\/strong><strong>Amasly Lighting <\/strong><strong>Explosion proof<\/strong><strong>&nbsp;outdoor lights five core technology advantages<\/strong><strong><\/strong><\/h2>\n\n\n\n<h3 class=\"wp-block-heading\"><strong>2.1 Triple <\/strong><strong>Explosion proof<\/strong><strong>&nbsp;care mechanism<\/strong><strong><\/strong><\/h3>\n\n\n\n<p>Structure Explosion proof: 5mm thickened shell design, impact strength up to 60J, can withstand the natural gas station common mechanical collision 9;<\/p>\n\n\n\n<p>Electrical Explosion proof: PCB potting process + Explosion proof&nbsp;wiring chamber, to eliminate arc generation;<\/p>\n\n\n\n<p>Thermal management Explosion proof: nano thermal conductive coating and fin cooling technology, temperature rise reduced by 45%.<\/p>\n\n\n\n<h3 class=\"wp-block-heading\"><strong>2.2 Energy efficient performance<\/strong><strong><\/strong><\/h3>\n\n\n\n<p>A coastal LNG receiving station renovation case shows that after replacing 120 Explosion proof&nbsp;outdoor lights [100W\/150W]:<\/p>\n\n\n\n<figure class=\"wp-block-table\"><table class=\"has-fixed-layout\"><tbody><tr><td>Parameter<\/td><td>Conventional sodium lamp<\/td><td>Explosion&nbsp;proof LED flood light<\/td><td>Enhancement range<\/td><\/tr><tr><td>Luminous efficacy(lm\/W)<\/td><td>&nbsp;80<\/td><td>160<\/td><td>+88%<\/td><\/tr><tr><td>Lifetime(h)<\/td><td>12,000<\/td><td>50,000<\/td><td>+316%<\/td><\/tr><tr><td>failure rate<\/td><td>&nbsp;15%<\/td><td>2%<\/td><td>-87%<\/td><\/tr><\/tbody><\/table><\/figure>\n\n\n\n<p>Annual power consumption from 480,000 degrees to 144,000 degrees, energy saving 70%;<\/p>\n\n\n\n<p>Maintenance costs are reduced by 90%, with a payback period of only 1.1 years.<\/p>\n\n\n\n<h3 class=\"wp-block-heading\"><strong>2.3 Extreme environmental adaptability<\/strong><strong><\/strong><\/h3>\n\n\n\n<p>Temperature: -40\u2103~+85\u2103 wide temperature domain operation [approved MIL-STD-810G military standard test] 9;<\/p>\n\n\n\n<p>Anti-corrosion: 316L stainless steel bracket + PVDF coating, acid and alkali resistance level up to ISO 12944 C5-M6;<\/p>\n\n\n\n<p>Protection class IP66, applicable scenes Outdoor loading and unloading area, aerated canopy<\/p>\n\n\n\n<p>Protection class IP68, applicable scenes Storage tank area, underground pipeline corridor<\/p>\n\n\n\n<h3 class=\"wp-block-heading\"><strong>2.4 Precise optical design<\/strong><strong><\/strong><\/h3>\n\n\n\n<p>Adopting asymmetric secondary light distribution technology, the beam angle is adjustable [30\u00b0\u00d760\u00b0 to 120\u00b0\u00d7150\u00b0], avoiding the interference of glare in the storage tank area. In a natural gas treatment plant test, the work surface illumination uniformity from 0.35 to 0.81, inspection efficiency increased by 50%.<\/p>\n\n\n\n<h3 class=\"wp-block-heading\"><strong>2.5 Intelligent IOT control<\/strong><strong><\/strong><\/h3>\n\n\n\n<p>Holding 4G\/PLC\/DALI multi-module networking, implementation:<\/p>\n\n\n\n<p>Brightness automatically adjusted with ambient light [0-100% stepless dimming]; gas concentration exceeds the standard automatically enhance the lighting and linkage alarm; remote monitoring of each lamp voltage, temperature and other parameters, fault warning accuracy of 99.2%.<\/p>\n\n\n\n<h2 class=\"wp-block-heading\"><strong>Third. <\/strong><strong>Natural gas station <\/strong><strong>Explosion proof<\/strong><strong>&nbsp;outdoor lamp selection guide<\/strong><strong><\/strong><\/h2>\n\n\n\n<h3 class=\"wp-block-heading\"><strong>3.1 Fundamental certification requirements<\/strong><strong><\/strong><\/h3>\n\n\n\n<figure class=\"wp-block-table\"><table class=\"has-fixed-layout\"><tbody><tr><td>Scenarios<\/td><td>Approvals Standards<\/td><td>Protection class<\/td><\/tr><tr><td>Tank farm<\/td><td>Ex d IIC T6 Gb + ATEX<\/td><td>IP68<\/td><\/tr><tr><td>Loading platform<\/td><td>Ex tD A21<\/td><td>IP65 IP66<\/td><\/tr><tr><td>Underground corridors<\/td><td>&nbsp;IECEx + CNEx<\/td><td>IP68<\/td><\/tr><\/tbody><\/table><\/figure>\n\n\n\n<h3 class=\"wp-block-heading\"><strong>3.2 Power configuration proposition<\/strong><strong><\/strong><\/h3>\n\n\n\n<figure class=\"wp-block-table\"><table class=\"has-fixed-layout\"><tbody><tr><td>Application Scene<\/td><td>Installation Height<\/td><td>Recommended Power<\/td><td>Illumination Standard<\/td><\/tr><tr><td>Gas station canopy<\/td><td>4-6m<\/td><td>80W<\/td><td>\u2265100 lux<\/td><\/tr><tr><td>LNG storage tank area<\/td><td>10-15m<\/td><td>400W<\/td><td>\u2265150 lux<\/td><\/tr><tr><td>Pipeline network inspection channel<\/td><td>3-5m<\/td><td>100W<\/td><td>\u226575 lux<\/td><\/tr><\/tbody><\/table><\/figure>\n\n\n\n<h2 class=\"wp-block-heading\"><strong>Fourth, the actual case: <\/strong><strong>Explosion proof<\/strong><strong>&nbsp;outdoor lights typical applications<\/strong><strong><\/strong><\/h2>\n\n\n\n<h3 class=\"wp-block-heading\"><strong>4.1 Gas station lighting upgrade project<\/strong><strong><\/strong><\/h3>\n\n\n\n<p>Hubei, a CNG filling station using 60 Explosion proof&nbsp;outdoor lights [80W\/100W], after the transformation:<\/p>\n\n\n\n<p>The accident rate of night operation decreased by 85%; the annual electricity expense decreased by $10,200, and the maintenance cost decreased by 95%.<\/p>\n\n\n\n<h3 class=\"wp-block-heading\"><strong>4.2 Offshore LNG platform lighting system<\/strong><strong><\/strong><\/h3>\n\n\n\n<p>An offshore platform deploys 150 400W Explosion proof&nbsp;outdoor lights in the deck area, equipped with anti-salt spray coating and anti-seismic bracket, maintaining IP68 protection level under extreme weather, and the equipment failure rate is less than 0.5%.<\/p>\n\n\n\n<h2 class=\"wp-block-heading\"><strong>Fifth<\/strong><strong>. Maintenance specifications and future technical momentum<\/strong><strong><\/strong><\/h2>\n\n\n\n<h3 class=\"wp-block-heading\"><strong>5.1 Daily maintenance points<\/strong><strong><\/strong><\/h3>\n\n\n\n<p>Quarterly inspection: seal integrity, lens cleanliness, grounding resistance test;<\/p>\n\n\n\n<p>Annual testing: Explosion proof&nbsp;structural integrity assessment, light source light failure rate needs to be &lt;10%.<\/p>\n\n\n\n<h3 class=\"wp-block-heading\"><strong>5.2 Technology Development Direction<\/strong><strong><\/strong><\/h3>\n\n\n\n<p>AI vision fusion: integration of thermal imaging and gas sensors, identify leaks within 0.5 seconds and mark the location;<\/p>\n\n\n\n<p>Optical storage integration: photovoltaic energy storage system to implement off-grid power supply, an oil field in Saudi Arabia has implemented 100% energy self-sufficiency;<\/p>\n\n\n\n<p>Digital Twin Maintenance: Approved 3D modeling to predict equipment lifespan, increasing maintenance response time by 80%.<\/p>\n\n\n\n<h2 class=\"wp-block-heading\"><strong>Act Now:<\/strong><strong><\/strong><\/h2>\n\n\n\n<p class=\"has-text-align-left\">Get the \u201cNatural Gas Station Explosion proof&nbsp;Lighting White Paper\u201d or customized solutions, please visit Amasly Lighting or call +86 13732643699, our engineers will supply you with professional selection proposition within 24 hours.<\/p>\n\n\n\n<div class=\"wp-block-uagb-container uagb-block-c7d898dd alignfull uagb-is-root-container\"><div class=\"uagb-container-inner-blocks-wrap\"><\/div><\/div>\n\n\n\n<h2 class=\"wp-block-heading\">Related Products<\/h2>\n\n\n\n<div class=\"wp-block-uagb-container uagb-block-66e4defc alignfull uagb-is-root-container\"><div class=\"uagb-container-inner-blocks-wrap\">\n<div class=\"wp-block-uagb-container uagb-block-a42945f9\">\n<div class=\"wp-block-uagb-image uagb-block-7296296b wp-block-uagb-image--layout-default wp-block-uagb-image--effect-static wp-block-uagb-image--align-none\"><figure class=\"wp-block-uagb-image__figure\"><a class=\"\" href=\"https:\/\/led.amasly.com\/products\/\" target=\"\" rel=\"noopener\"><img decoding=\"async\" srcset=\"https:\/\/led.amasly.com\/wp-content\/uploads\/2024\/09\/Explosion-proof-high-bay-lights.png ,https:\/\/led.amasly.com\/wp-content\/uploads\/2024\/09\/Explosion-proof-high-bay-lights.png 780w, https:\/\/led.amasly.com\/wp-content\/uploads\/2024\/09\/Explosion-proof-high-bay-lights.png 360w\" sizes=\"auto, (max-width: 480px) 150px\" src=\"https:\/\/led.amasly.com\/wp-content\/uploads\/2024\/09\/Explosion-proof-high-bay-lights.png\" alt=\"\" class=\"uag-image-1495\" width=\"300\" height=\"300\" title=\"Explosion proof high bay lights\" loading=\"lazy\" role=\"img\"><\/a><\/figure><\/div>\n<\/div>\n\n\n\n<div class=\"wp-block-uagb-container uagb-block-4d3efde5\">\n<div class=\"wp-block-uagb-image uagb-block-c9e90797 wp-block-uagb-image--layout-default wp-block-uagb-image--effect-static wp-block-uagb-image--align-none\"><figure class=\"wp-block-uagb-image__figure\"><a class=\"\" href=\"https:\/\/led.amasly.com\/products\/\" target=\"\" rel=\"noopener\"><img decoding=\"async\" srcset=\"https:\/\/led.amasly.com\/wp-content\/uploads\/2024\/07\/LED-tri-proof-lights2.png ,https:\/\/led.amasly.com\/wp-content\/uploads\/2024\/07\/LED-tri-proof-lights2.png 780w, https:\/\/led.amasly.com\/wp-content\/uploads\/2024\/07\/LED-tri-proof-lights2.png 360w\" sizes=\"auto, (max-width: 480px) 150px\" src=\"https:\/\/led.amasly.com\/wp-content\/uploads\/2024\/07\/LED-tri-proof-lights2.png\" alt=\"\" class=\"uag-image-1132\" width=\"300\" height=\"300\" title=\"LED-tri-proof-lights2\" loading=\"lazy\" role=\"img\"><\/a><\/figure><\/div>\n<\/div>\n\n\n\n<div class=\"wp-block-uagb-container uagb-block-11c2578b\">\n<div class=\"wp-block-uagb-image uagb-block-6e8883aa wp-block-uagb-image--layout-default wp-block-uagb-image--effect-static wp-block-uagb-image--align-none\"><figure class=\"wp-block-uagb-image__figure\"><a class=\"\" href=\"https:\/\/led.amasly.com\/products\/\" target=\"\" rel=\"noopener\"><img decoding=\"async\" srcset=\"https:\/\/led.amasly.com\/wp-content\/uploads\/2024\/09\/LED-Explosion-Proof-Gas-Station-Light.png ,https:\/\/led.amasly.com\/wp-content\/uploads\/2024\/09\/LED-Explosion-Proof-Gas-Station-Light.png 780w, https:\/\/led.amasly.com\/wp-content\/uploads\/2024\/09\/LED-Explosion-Proof-Gas-Station-Light.png 360w\" sizes=\"auto, (max-width: 480px) 150px\" src=\"https:\/\/led.amasly.com\/wp-content\/uploads\/2024\/09\/LED-Explosion-Proof-Gas-Station-Light.png\" alt=\"\" class=\"uag-image-1501\" width=\"300\" height=\"300\" title=\"LED Explosion Proof Gas Station Light\" loading=\"lazy\" role=\"img\"><\/a><\/figure><\/div>\n<\/div>\n<\/div><\/div>\n\n\n\n<div class=\"wp-block-uagb-container uagb-block-548945b5 alignfull uagb-is-root-container\"><div class=\"uagb-container-inner-blocks-wrap\">\n<div class=\"wp-block-uagb-container uagb-block-967755d5\">\n<h4 class=\"wp-block-heading has-text-align-center\"><a href=\"https:\/\/led.amasly.com\/products\/\">LED Explosion Proof Lights<\/a><\/h4>\n<\/div>\n\n\n\n<div class=\"wp-block-uagb-container uagb-block-9bc52fc2\">\n<h4 class=\"wp-block-heading has-text-align-center\"><a href=\"https:\/\/led.amasly.com\/products\/\">LED Tri-Proof Lights<\/a><\/h4>\n<\/div>\n\n\n\n<div class=\"wp-block-uagb-container uagb-block-8ffa0a23\">\n<h4 class=\"wp-block-heading has-text-align-center\"><a href=\"https:\/\/led.amasly.com\/products\/\">Explosion Proof Gas Station Lights<\/a><\/h4>\n<\/div>\n<\/div><\/div>\n\n\n\n<div class=\"wp-block-uagb-container uagb-block-29499fe0 alignfull uagb-is-root-container\"><div class=\"uagb-container-inner-blocks-wrap\">\n<div class=\"wp-block-uagb-container uagb-block-777ee1c7\">\n<div class=\"wp-block-uagb-image uagb-block-2e9a1851 wp-block-uagb-image--layout-default wp-block-uagb-image--effect-static wp-block-uagb-image--align-none\"><figure class=\"wp-block-uagb-image__figure\"><a class=\"\" href=\"https:\/\/led.amasly.com\/products\/\" target=\"\" rel=\"noopener\"><img decoding=\"async\" srcset=\"https:\/\/led.amasly.com\/wp-content\/uploads\/2024\/10\/50W-100W-150W-200W-300W-LED-Flood-Light.jpg ,https:\/\/led.amasly.com\/wp-content\/uploads\/2024\/10\/50W-100W-150W-200W-300W-LED-Flood-Light.jpg 780w, https:\/\/led.amasly.com\/wp-content\/uploads\/2024\/10\/50W-100W-150W-200W-300W-LED-Flood-Light.jpg 360w\" sizes=\"auto, (max-width: 480px) 150px\" src=\"https:\/\/led.amasly.com\/wp-content\/uploads\/2024\/10\/50W-100W-150W-200W-300W-LED-Flood-Light.jpg\" alt=\"\" class=\"uag-image-1526\" width=\"300\" height=\"300\" title=\"50W 100W 150W 200W 300W LED Flood Light\" loading=\"lazy\" role=\"img\"><\/a><\/figure><\/div>\n<\/div>\n\n\n\n<div class=\"wp-block-uagb-container uagb-block-af8c8683\">\n<div class=\"wp-block-uagb-image uagb-block-67947854 wp-block-uagb-image--layout-default wp-block-uagb-image--effect-static wp-block-uagb-image--align-none\"><figure class=\"wp-block-uagb-image__figure\"><a class=\"\" href=\"https:\/\/led.amasly.com\/products\/\" target=\"\" rel=\"noopener\"><img decoding=\"async\" srcset=\"https:\/\/led.amasly.com\/wp-content\/uploads\/2024\/07\/led-tri-proof-light.png ,https:\/\/led.amasly.com\/wp-content\/uploads\/2024\/07\/led-tri-proof-light.png 780w, https:\/\/led.amasly.com\/wp-content\/uploads\/2024\/07\/led-tri-proof-light.png 360w\" sizes=\"auto, (max-width: 480px) 150px\" src=\"https:\/\/led.amasly.com\/wp-content\/uploads\/2024\/07\/led-tri-proof-light.png\" alt=\"\" class=\"uag-image-1130\" width=\"300\" height=\"300\" title=\"led-tri-proof-light\" loading=\"lazy\" role=\"img\"><\/a><\/figure><\/div>\n<\/div>\n\n\n\n<div class=\"wp-block-uagb-container uagb-block-0fdfdd58\">\n<div class=\"wp-block-uagb-image uagb-block-1187d32d wp-block-uagb-image--layout-default wp-block-uagb-image--effect-static wp-block-uagb-image--align-none\"><figure class=\"wp-block-uagb-image__figure\"><a class=\"\" href=\"https:\/\/led.amasly.com\/products\/\" target=\"\" rel=\"noopener\"><img decoding=\"async\" srcset=\"https:\/\/led.amasly.com\/wp-content\/uploads\/2024\/07\/LED-street-light.jpg ,https:\/\/led.amasly.com\/wp-content\/uploads\/2024\/07\/LED-street-light.jpg 780w, https:\/\/led.amasly.com\/wp-content\/uploads\/2024\/07\/LED-street-light.jpg 360w\" sizes=\"auto, (max-width: 480px) 150px\" src=\"https:\/\/led.amasly.com\/wp-content\/uploads\/2024\/07\/LED-street-light.jpg\" alt=\"\" class=\"uag-image-1145\" width=\"300\" height=\"300\" title=\"LED-street-light\" loading=\"lazy\" role=\"img\"><\/a><\/figure><\/div>\n<\/div>\n<\/div><\/div>\n\n\n\n<div class=\"wp-block-uagb-container uagb-block-6a60882c alignfull uagb-is-root-container\"><div class=\"uagb-container-inner-blocks-wrap\">\n<div class=\"wp-block-uagb-container uagb-block-f1e91a35\">\n<h4 class=\"wp-block-heading has-text-align-center\"><a href=\"https:\/\/led.amasly.com\/products\/\">LED Flood Lights<\/a><\/h4>\n<\/div>\n\n\n\n<div class=\"wp-block-uagb-container uagb-block-165bfa58\">\n<h4 class=\"wp-block-heading has-text-align-center\"><a href=\"https:\/\/led.amasly.com\/products\/\">LED Tri-Proof Tube Lights<\/a><\/h4>\n<\/div>\n\n\n\n<div class=\"wp-block-uagb-container uagb-block-f6096e3b\">\n<h4 class=\"wp-block-heading has-text-align-center\"><a href=\"https:\/\/led.amasly.com\/products\/\">LED Street Lights<\/a><\/h4>\n<\/div>\n<\/div><\/div>\n\n\n\n<div class=\"wp-block-uagb-container uagb-block-99c0e0a5 alignfull uagb-is-root-container\"><div class=\"uagb-container-inner-blocks-wrap\"><\/div><\/div>\n\n\n\n<p><\/p>\n","protected":false},"excerpt":{"rendered":"<p>Explosion proof&nbsp;Outdoor Lights: Natural Gas Station Safety Lighting Core Technology and Application Practice Accompanied by the natural gas industry&#8217;s safety standards continue to improve, Explosion proof&nbsp;outdoor lights with its intrinsically safe design, high energy efficiency and adaptability to extreme environments, has become a gas storage stations, gas refueling stations, transmission and distribution pipeline network and [&hellip;]<\/p>\n","protected":false},"author":1,"featured_media":0,"parent":2374,"menu_order":0,"comment_status":"closed","ping_status":"closed","template":"","meta":{"_uag_custom_page_level_css":"","site-sidebar-layout":"no-sidebar","site-content-layout":"","ast-site-content-layout":"default","site-content-style":"default","site-sidebar-style":"default","ast-global-header-display":"","ast-banner-title-visibility":"","ast-main-header-display":"","ast-hfb-above-header-display":"","ast-hfb-below-header-display":"","ast-hfb-mobile-header-display":"","site-post-title":"disabled","ast-breadcrumbs-content":"","ast-featured-img":"","footer-sml-layout":"","ast-disable-related-posts":"","theme-transparent-header-meta":"enabled","adv-header-id-meta":"","stick-header-meta":"","header-above-stick-meta":"","header-main-stick-meta":"","header-below-stick-meta":"","astra-migrate-meta-layouts":"set","ast-page-background-enabled":"default","ast-page-background-meta":{"desktop":{"background-color":"var(--ast-global-color-4)","background-image":"","background-repeat":"repeat","background-position":"center center","background-size":"auto","background-attachment":"scroll","background-type":"","background-media":"","overlay-type":"","overlay-color":"","overlay-opacity":"","overlay-gradient":""},"tablet":{"background-color":"","background-image":"","background-repeat":"repeat","background-position":"center center","background-size":"auto","background-attachment":"scroll","background-type":"","background-media":"","overlay-type":"","overlay-color":"","overlay-opacity":"","overlay-gradient":""},"mobile":{"background-color":"","background-image":"","background-repeat":"repeat","background-position":"center center","background-size":"auto","background-attachment":"scroll","background-type":"","background-media":"","overlay-type":"","overlay-color":"","overlay-opacity":"","overlay-gradient":""}},"ast-content-background-meta":{"desktop":{"background-color":"var(--ast-global-color-5)","background-image":"","background-repeat":"repeat","background-position":"center center","background-size":"auto","background-attachment":"scroll","background-type":"","background-media":"","overlay-type":"","overlay-color":"","overlay-opacity":"","overlay-gradient":""},"tablet":{"background-color":"var(--ast-global-color-5)","background-image":"","background-repeat":"repeat","background-position":"center center","background-size":"auto","background-attachment":"scroll","background-type":"","background-media":"","overlay-type":"","overlay-color":"","overlay-opacity":"","overlay-gradient":""},"mobile":{"background-color":"var(--ast-global-color-5)","background-image":"","background-repeat":"repeat","background-position":"center center","background-size":"auto","background-attachment":"scroll","background-type":"","background-media":"","overlay-type":"","overlay-color":"","overlay-opacity":"","overlay-gradient":""}},"footnotes":""},"class_list":["post-2664","page","type-page","status-publish","hentry"],"uagb_featured_image_src":{"full":false,"thumbnail":false,"medium":false,"medium_large":false,"large":false,"1536x1536":false,"2048x2048":false,"trp-custom-language-flag":false},"uagb_author_info":{"display_name":"Joe","author_link":"https:\/\/led.amasly.com\/es_mx\/author\/jacklin\/"},"uagb_comment_info":0,"uagb_excerpt":"Explosion proof&nbsp;Outdoor Lights: Natural Gas Station Safety Lighting Core Technology and Application Practice Accompanied by the natural gas industry&#8217;s safety standards continue to improve, Explosion proof&nbsp;outdoor lights with its intrinsically safe design, high energy efficiency and adaptability to extreme environments, has become a gas storage stations, gas refueling stations, transmission and distribution pipeline network and&hellip;","_links":{"self":[{"href":"https:\/\/led.amasly.com\/es_mx\/wp-json\/wp\/v2\/pages\/2664","targetHints":{"allow":["GET"]}}],"collection":[{"href":"https:\/\/led.amasly.com\/es_mx\/wp-json\/wp\/v2\/pages"}],"about":[{"href":"https:\/\/led.amasly.com\/es_mx\/wp-json\/wp\/v2\/types\/page"}],"author":[{"embeddable":true,"href":"https:\/\/led.amasly.com\/es_mx\/wp-json\/wp\/v2\/users\/1"}],"replies":[{"embeddable":true,"href":"https:\/\/led.amasly.com\/es_mx\/wp-json\/wp\/v2\/comments?post=2664"}],"version-history":[{"count":1,"href":"https:\/\/led.amasly.com\/es_mx\/wp-json\/wp\/v2\/pages\/2664\/revisions"}],"predecessor-version":[{"id":2668,"href":"https:\/\/led.amasly.com\/es_mx\/wp-json\/wp\/v2\/pages\/2664\/revisions\/2668"}],"up":[{"embeddable":true,"href":"https:\/\/led.amasly.com\/es_mx\/wp-json\/wp\/v2\/pages\/2374"}],"wp:attachment":[{"href":"https:\/\/led.amasly.com\/es_mx\/wp-json\/wp\/v2\/media?parent=2664"}],"curies":[{"name":"wp","href":"https:\/\/api.w.org\/{rel}","templated":true}]}}