{"id":2398,"date":"2025-03-09T15:41:35","date_gmt":"2025-03-09T07:41:35","guid":{"rendered":"https:\/\/led.amasly.com\/?page_id=2398"},"modified":"2026-01-25T22:07:01","modified_gmt":"2026-01-25T14:07:01","slug":"explosion-proof-canopy-light-theefficient-lighting-solution-for-hazardous-areas","status":"publish","type":"page","link":"https:\/\/led.amasly.com\/es_mx\/knowledge\/explosion-proof-products-knowledge\/explosion-proof-canopy-light-theefficient-lighting-solution-for-hazardous-areas\/","title":{"rendered":"L\u00e1mpara de tejadillo a prueba de explosiones: La soluci\u00f3n de iluminaci\u00f3n eficiente para zonas peligrosas"},"content":{"rendered":"<div class=\"wp-block-uagb-container uagb-block-27bae773 alignfull uagb-is-root-container\"><div class=\"uagb-container-inner-blocks-wrap\"><\/div><\/div>\n\n\n\n<h1 class=\"wp-block-heading has-text-align-center\"><strong>Luz de tejadillo a prueba de explosiones: El<\/strong><strong>&nbsp;<\/strong><strong>Soluci\u00f3n de iluminaci\u00f3n eficiente para zonas peligrosas<\/strong><\/h1>\n\n\n\n<h2 class=\"wp-block-heading\"><strong>L\u00e1mpara con cubierta a prueba de explosiones<\/strong> <strong>Introducci\u00f3n<\/strong><\/h2>\n\n\n\n<p>En las industrias en las que la seguridad no es negociable, como las refiner\u00edas de petr\u00f3leo, las plantas qu\u00edmicas y las explotaciones mineras, la iluminaci\u00f3n no s\u00f3lo debe ser eficiente, sino tambi\u00e9n intr\u00ednsecamente segura. Aqu\u00ed es donde&nbsp;<strong>luces de tejadillo antideflagrantes<\/strong>&nbsp;entran en juego. Dise\u00f1adas para funcionar en entornos peligrosos, estas luces proporcionan una iluminaci\u00f3n fiable a la vez que evitan el riesgo de explosiones causadas por chispas o altas temperaturas. En este art\u00edculo, exploraremos las caracter\u00edsticas, ventajas y aplicaciones de las luces de tejadillo a prueba de explosiones, ayud\u00e1ndole a elegir la mejor opci\u00f3n para sus necesidades.<\/p>\n\n\n\n<div class=\"wp-block-uagb-image uagb-block-0c2b7062 wp-block-uagb-image--layout-default wp-block-uagb-image--effect-static wp-block-uagb-image--align-none\"><figure class=\"wp-block-uagb-image__figure\"><img decoding=\"async\" srcset=\"https:\/\/led.amasly.com\/wp-content\/uploads\/2025\/03\/\u56fe\u724724.png 603w, https:\/\/led.amasly.com\/wp-content\/uploads\/2025\/03\/\u56fe\u724724-300x215.png 300w\" sizes=\"auto, (max-width: 480px) 150px\" src=\"https:\/\/led.amasly.com\/wp-content\/uploads\/2025\/03\/\u56fe\u724724.png\" alt=\"200W LED Explosion proof Lights, Explosion Proof Canopy Light\" class=\"uag-image-2163\" width=\"603\" height=\"432\" title=\"Luces LED antideflagrantes de 200 W\" loading=\"lazy\" role=\"img\"\/><\/figure><\/div>\n\n\n\n<h2 class=\"wp-block-heading\"><strong>\u00bfQu\u00e9 es una l\u00e1mpara de tejadillo a prueba de explosiones?<\/strong><strong><\/strong><\/h2>\n\n\n\n<p>En&nbsp;<strong>luz de marquesina antideflagrante<\/strong>&nbsp;es un accesorio de iluminaci\u00f3n especializado dise\u00f1ado para su uso en \u00e1reas donde hay gases, vapores o polvo inflamables. Estas luces est\u00e1n construidas con materiales robustos y dise\u00f1os sellados para contener cualquier chispa o calor potencial, garantizando que no enciendan la atm\u00f3sfera circundante. Se utilizan habitualmente en gasolineras, plataformas petrol\u00edferas, instalaciones de almacenamiento de productos qu\u00edmicos y otros entornos de alto riesgo.<\/p>\n\n\n\n<h3 class=\"wp-block-heading\"><strong>Caracter\u00edsticas principales de las luces de tejadillo a prueba de explosiones<\/strong><strong><\/strong><\/h3>\n\n\n\n<p>1.Construcci\u00f3n duradera: Fabricadas con materiales de alta calidad como aluminio o acero inoxidable, las luces de marquesina a prueba de explosiones son resistentes a la corrosi\u00f3n, los impactos y las condiciones clim\u00e1ticas extremas.<\/p>\n\n\n\n<p>2.Seguridad certificada: Estas luces suelen estar certificadas por normas internacionales como ATEX, IECEx o UL, lo que garantiza que cumplen estrictos requisitos de seguridad para ubicaciones peligrosas.<\/p>\n\n\n\n<p>3.LED de bajo consumo: Las modernas luces de marquesina a prueba de explosiones utilizan tecnolog\u00eda LED, que ofrece un alto brillo, bajo consumo de energ\u00eda y una vida \u00fatil m\u00e1s larga en comparaci\u00f3n con la iluminaci\u00f3n tradicional.<\/p>\n\n\n\n<p>4.Instalaci\u00f3n vers\u00e1til: Dise\u00f1adas para un f\u00e1cil montaje, estas luces pueden instalarse en marquesinas, techos o paredes, lo que las hace adecuadas para una gran variedad de aplicaciones industriales.<\/p>\n\n\n\n<p>5.Bajo mantenimiento: Con su dise\u00f1o robusto y sus LED de larga duraci\u00f3n, las luces de marquesina a prueba de explosiones requieren un mantenimiento m\u00ednimo, lo que reduce los costes operativos.<\/p>\n\n\n\n<h3 class=\"wp-block-heading\"><strong>Aplicaciones de las luces de tejadillo a prueba de explosiones<\/strong><strong><\/strong><\/h3>\n\n\n\n<p>1.Gasolineras: Estas luces son ideales para iluminar surtidores de combustible y marquesinas en gasolineras, donde hay vapores inflamables.<\/p>\n\n\n\n<p>2.Instalaciones de petr\u00f3leo y gas: En refiner\u00edas y sitios de perforaci\u00f3n, las luces de marquesina a prueba de explosiones proporcionan una iluminaci\u00f3n segura y fiable en zonas de alto riesgo.<\/p>\n\n\n\n<p>3.Plantas qu\u00edmicas: Estas luminarias se utilizan en zonas de procesamiento y almacenamiento de productos qu\u00edmicos, donde las sustancias vol\u00e1tiles requieren soluciones de iluminaci\u00f3n a prueba de explosiones.<\/p>\n\n\n\n<p>4.Aparcamientos: Las luces de marquesina a prueba de explosiones tambi\u00e9n son adecuadas para aparcamientos subterr\u00e1neos, donde pueden acumularse gases inflamables.<\/p>\n\n\n\n<p>5.Operaciones mineras: En las minas, estas luces garantizan la visibilidad a la vez que minimizan el riesgo de ignici\u00f3n de polvo o gases combustibles.<\/p>\n\n\n\n<h3 class=\"wp-block-heading\"><strong>C\u00f3mo elegir la l\u00e1mpara de tejadillo antideflagrante adecuada<\/strong><strong><\/strong><\/h3>\n\n\n\n<p>1.Identifique la clasificaci\u00f3n de zona peligrosa: Determine la zona espec\u00edfica (Zona 1, Zona 2, etc.) y el tipo de sustancias peligrosas presentes para seleccionar una luz con la certificaci\u00f3n adecuada.<\/p>\n\n\n\n<p>2.Tenga en cuenta la luminosidad y la cobertura: Elija una luz con una potencia en l\u00famenes y un \u00e1ngulo de haz suficientes para iluminar adecuadamente su espacio de trabajo.<\/p>\n\n\n\n<p>3.Eval\u00fae la durabilidad: Opte por luminarias fabricadas con materiales de alta calidad que puedan soportar las condiciones ambientales de sus instalaciones.<\/p>\n\n\n\n<p>4. Verifique las certificaciones: aseg\u00farese de que la luz cumpla con las normas de seguridad pertinentes, como ATEX o <a href=\"http:\/\/www.ul.com\" rel=\"nofollow noopener\" target=\"_blank\">UL<\/a>, para garantizar el cumplimiento normativo y la tranquilidad.<\/p>\n\n\n\n<p>5.Compara precios: Busque opciones asequibles sin renunciar a la calidad. Muchos fabricantes ofrecen luces de marquesina a prueba de explosiones a precios competitivos, con opciones para diferentes presupuestos.<\/p>\n\n\n\n<h3 class=\"wp-block-heading\"><strong>Ventajas de las luces de tejadillo a prueba de explosiones<\/strong><strong><\/strong><\/h3>\n\n\n\n<p>1.Mayor seguridad: Al evitar que se escapen las chispas y el calor, estas luces reducen significativamente el riesgo de explosiones en entornos peligrosos.<\/p>\n\n\n\n<p>2.Rentable: Las luces LED para marquesinas a prueba de explosiones consumen menos energ\u00eda y tienen una vida \u00fatil m\u00e1s larga, lo que se traduce en facturas de electricidad m\u00e1s bajas y costes de sustituci\u00f3n reducidos.<\/p>\n\n\n\n<p>3.F\u00e1cil instalaci\u00f3n: Con opciones de montaje vers\u00e1tiles, estas luces se pueden instalar r\u00e1pidamente en varias configuraciones, ahorrando tiempo y mano de obra.<\/p>\n\n\n\n<p>4.Bajo mantenimiento: Su dise\u00f1o duradero y sus LED de larga duraci\u00f3n se traducen en menos sustituciones y reparaciones, lo que minimiza el tiempo de inactividad.<\/p>\n\n\n\n<p>5.Cumplimiento de la normativa: El uso de luces de marquesina certificadas a prueba de explosiones garantiza que su instalaci\u00f3n cumple las normas de seguridad y evita posibles multas o problemas legales.<\/p>\n\n\n\n<h3 class=\"wp-block-heading\"><strong>\u00bfPor qu\u00e9 elegir nuestras luces de tejadillo a prueba de explosiones?<\/strong><strong><\/strong><\/h3>\n\n\n\n<p>Amasly es una empresa de iluminaci\u00f3n profesional, nuestros productos se centra en la iluminaci\u00f3n industrial y la iluminaci\u00f3n al aire libre. Los productos principales son luces a prueba de explosiones llevadas, aparato el\u00e9ctrico a prueba de explosiones, altas luces llevadas de la bah\u00eda, luces de inundaci\u00f3n llevadas, luces de calle llevadas, luces tri-prueba llevadas y luces llevadas solares.<\/p>\n\n\n\n<p><a href=\"https:\/\/led.amasly.com\/es_mx\/\">Iluminaci\u00f3n Amasly<\/a> es una empresa l\u00edder en iluminaci\u00f3n profesional dedicada a iluminar espacios con creatividad, innovaci\u00f3n y sostenibilidad. Centrados en la calidad, la eficiencia y la satisfacci\u00f3n del cliente, ofrecemos una amplia gama de soluciones de iluminaci\u00f3n de vanguardia adaptadas a las diversas necesidades de nuestros clientes.<\/p>\n\n\n\n<p>Nuestro equipo de expertos combina conocimientos t\u00e9cnicos con visi\u00f3n art\u00edstica para dise\u00f1ar y desarrollar productos de iluminaci\u00f3n que no s\u00f3lo mejoran los entornos, sino que tambi\u00e9n reflejan las \u00faltimas tendencias y tecnolog\u00edas del sector. Desde proyectos residenciales a comerciales, ofrecemos soluciones de iluminaci\u00f3n personalizadas que transforman los espacios y crean experiencias cautivadoras.<\/p>\n\n\n\n<p>Comprometidos con la sostenibilidad, integramos tecnolog\u00edas energ\u00e9ticamente eficientes y pr\u00e1cticas respetuosas con el medio ambiente en nuestros productos y operaciones, esforz\u00e1ndonos por reducir el impacto medioambiental al tiempo que maximizamos el rendimiento. Con un enfoque centrado en el cliente, priorizamos la comprensi\u00f3n de los requisitos \u00fanicos de cada proyecto y la entrega de soluciones que superen las expectativas.<\/p>\n\n\n\n<p>No somos s\u00f3lo una empresa de iluminaci\u00f3n; somos un equipo de profesionales apasionados dedicados a forjar un futuro m\u00e1s brillante y sostenible mediante soluciones de iluminaci\u00f3n innovadoras e inspiradoras.<\/p>\n\n\n\n<h3 class=\"wp-block-heading\"><strong>Conclusi\u00f3n<\/strong><strong><\/strong><\/h3>\n\n\n\n<p>Las luces de tejadillo a prueba de explosiones son una soluci\u00f3n de iluminaci\u00f3n esencial para las industrias que operan en entornos peligrosos. Su dise\u00f1o robusto, eficiencia energ\u00e9tica y cumplimiento de las normas de seguridad las convierten en una opci\u00f3n fiable para garantizar tanto la iluminaci\u00f3n como la seguridad. Si conoce las caracter\u00edsticas, aplicaciones y ventajas de estas l\u00e1mparas, podr\u00e1 tomar una decisi\u00f3n informada y elegir la l\u00e1mpara de tejadillo antideflagrante que mejor se adapte a sus necesidades.<\/p>\n\n\n\n<p class=\"has-text-align-left\">Tanto si gestiona una gasolinera, una refiner\u00eda de petr\u00f3leo o una planta qu\u00edmica, invertir en luces de marquesina antideflagrantes de alta calidad es un paso hacia la creaci\u00f3n de un lugar de trabajo m\u00e1s seguro y eficiente. Explore hoy mismo nuestra gama de opciones asequibles y certificadas para encontrar la soluci\u00f3n de iluminaci\u00f3n perfecta para sus instalaciones.<\/p>\n\n\n\n<div class=\"wp-block-uagb-container uagb-block-c7d898dd alignfull uagb-is-root-container\"><div class=\"uagb-container-inner-blocks-wrap\"><\/div><\/div>\n\n\n\n<h2 class=\"wp-block-heading\">Productos relacionados<\/h2>\n\n\n\n<div class=\"wp-block-uagb-container uagb-block-66e4defc alignfull uagb-is-root-container\"><div class=\"uagb-container-inner-blocks-wrap\">\n<div class=\"wp-block-uagb-container uagb-block-a42945f9\">\n<div class=\"wp-block-uagb-image uagb-block-7296296b wp-block-uagb-image--layout-default wp-block-uagb-image--effect-static wp-block-uagb-image--align-none\"><figure class=\"wp-block-uagb-image__figure\"><a class=\"\" href=\"https:\/\/led.amasly.com\/es_mx\/products\/\" target=\"\" rel=\"noopener\"><img decoding=\"async\" srcset=\"https:\/\/led.amasly.com\/wp-content\/uploads\/2024\/09\/Explosion-proof-high-bay-lights.png ,https:\/\/led.amasly.com\/wp-content\/uploads\/2024\/09\/Explosion-proof-high-bay-lights.png 780w, https:\/\/led.amasly.com\/wp-content\/uploads\/2024\/09\/Explosion-proof-high-bay-lights.png 360w\" sizes=\"auto, (max-width: 480px) 150px\" src=\"https:\/\/led.amasly.com\/wp-content\/uploads\/2024\/09\/Explosion-proof-high-bay-lights.png\" alt=\"\" class=\"uag-image-1495\" width=\"300\" height=\"300\" title=\"Luces de gran altura a prueba de explosiones\" loading=\"lazy\" role=\"img\"><\/a><\/figure><\/div>\n<\/div>\n\n\n\n<div class=\"wp-block-uagb-container uagb-block-4d3efde5\">\n<div class=\"wp-block-uagb-image uagb-block-c9e90797 wp-block-uagb-image--layout-default wp-block-uagb-image--effect-static wp-block-uagb-image--align-none\"><figure class=\"wp-block-uagb-image__figure\"><a class=\"\" href=\"https:\/\/led.amasly.com\/es_mx\/products\/\" target=\"\" rel=\"noopener\"><img decoding=\"async\" srcset=\"https:\/\/led.amasly.com\/wp-content\/uploads\/2024\/07\/LED-tri-proof-lights2.png ,https:\/\/led.amasly.com\/wp-content\/uploads\/2024\/07\/LED-tri-proof-lights2.png 780w, https:\/\/led.amasly.com\/wp-content\/uploads\/2024\/07\/LED-tri-proof-lights2.png 360w\" sizes=\"auto, (max-width: 480px) 150px\" src=\"https:\/\/led.amasly.com\/wp-content\/uploads\/2024\/07\/LED-tri-proof-lights2.png\" alt=\"\" class=\"uag-image-1132\" width=\"300\" height=\"300\" title=\"Luces LED-tri-proof2\" loading=\"lazy\" role=\"img\"><\/a><\/figure><\/div>\n<\/div>\n\n\n\n<div class=\"wp-block-uagb-container uagb-block-11c2578b\">\n<div class=\"wp-block-uagb-image uagb-block-6e8883aa wp-block-uagb-image--layout-default wp-block-uagb-image--effect-static wp-block-uagb-image--align-none\"><figure class=\"wp-block-uagb-image__figure\"><a class=\"\" href=\"https:\/\/led.amasly.com\/es_mx\/products\/\" target=\"\" rel=\"noopener\"><img decoding=\"async\" srcset=\"https:\/\/led.amasly.com\/wp-content\/uploads\/2024\/09\/LED-Explosion-Proof-Gas-Station-Light.png ,https:\/\/led.amasly.com\/wp-content\/uploads\/2024\/09\/LED-Explosion-Proof-Gas-Station-Light.png 780w, https:\/\/led.amasly.com\/wp-content\/uploads\/2024\/09\/LED-Explosion-Proof-Gas-Station-Light.png 360w\" sizes=\"auto, (max-width: 480px) 150px\" src=\"https:\/\/led.amasly.com\/wp-content\/uploads\/2024\/09\/LED-Explosion-Proof-Gas-Station-Light.png\" alt=\"\" class=\"uag-image-1501\" width=\"300\" height=\"300\" title=\"L\u00e1mpara LED antideflagrante para gasolineras\" loading=\"lazy\" role=\"img\"><\/a><\/figure><\/div>\n<\/div>\n<\/div><\/div>\n\n\n\n<div class=\"wp-block-uagb-container uagb-block-548945b5 alignfull uagb-is-root-container\"><div class=\"uagb-container-inner-blocks-wrap\">\n<div class=\"wp-block-uagb-container uagb-block-967755d5\">\n<h4 class=\"wp-block-heading has-text-align-center\"><a href=\"https:\/\/led.amasly.com\/es_mx\/products\/\">Luces LED antideflagrantes<\/a><\/h4>\n<\/div>\n\n\n\n<div class=\"wp-block-uagb-container uagb-block-9bc52fc2\">\n<h4 class=\"wp-block-heading has-text-align-center\"><a href=\"https:\/\/led.amasly.com\/es_mx\/products\/\">Luces LED Tri-Proof<\/a><\/h4>\n<\/div>\n\n\n\n<div class=\"wp-block-uagb-container uagb-block-8ffa0a23\">\n<h4 class=\"wp-block-heading has-text-align-center\"><a href=\"https:\/\/led.amasly.com\/es_mx\/products\/\">Luces de gasolinera a prueba de explosiones<\/a><\/h4>\n<\/div>\n<\/div><\/div>\n\n\n\n<div class=\"wp-block-uagb-container uagb-block-29499fe0 alignfull uagb-is-root-container\"><div class=\"uagb-container-inner-blocks-wrap\">\n<div class=\"wp-block-uagb-container uagb-block-777ee1c7\">\n<div class=\"wp-block-uagb-image uagb-block-2e9a1851 wp-block-uagb-image--layout-default wp-block-uagb-image--effect-static wp-block-uagb-image--align-none\"><figure class=\"wp-block-uagb-image__figure\"><a class=\"\" href=\"https:\/\/led.amasly.com\/es_mx\/products\/\" target=\"\" rel=\"noopener\"><img decoding=\"async\" srcset=\"https:\/\/led.amasly.com\/wp-content\/uploads\/2024\/10\/50W-100W-150W-200W-300W-LED-Flood-Light.jpg ,https:\/\/led.amasly.com\/wp-content\/uploads\/2024\/10\/50W-100W-150W-200W-300W-LED-Flood-Light.jpg 780w, https:\/\/led.amasly.com\/wp-content\/uploads\/2024\/10\/50W-100W-150W-200W-300W-LED-Flood-Light.jpg 360w\" sizes=\"auto, (max-width: 480px) 150px\" src=\"https:\/\/led.amasly.com\/wp-content\/uploads\/2024\/10\/50W-100W-150W-200W-300W-LED-Flood-Light.jpg\" alt=\"\" class=\"uag-image-1526\" width=\"300\" height=\"300\" title=\"L\u00e1mpara de inundaci\u00f3n LED 50W 100W 150W 200W 300W\" loading=\"lazy\" role=\"img\"><\/a><\/figure><\/div>\n<\/div>\n\n\n\n<div class=\"wp-block-uagb-container uagb-block-af8c8683\">\n<div class=\"wp-block-uagb-image uagb-block-67947854 wp-block-uagb-image--layout-default wp-block-uagb-image--effect-static wp-block-uagb-image--align-none\"><figure class=\"wp-block-uagb-image__figure\"><a class=\"\" href=\"https:\/\/led.amasly.com\/es_mx\/products\/\" target=\"\" rel=\"noopener\"><img decoding=\"async\" srcset=\"https:\/\/led.amasly.com\/wp-content\/uploads\/2024\/07\/led-tri-proof-light.png ,https:\/\/led.amasly.com\/wp-content\/uploads\/2024\/07\/led-tri-proof-light.png 780w, https:\/\/led.amasly.com\/wp-content\/uploads\/2024\/07\/led-tri-proof-light.png 360w\" sizes=\"auto, (max-width: 480px) 150px\" src=\"https:\/\/led.amasly.com\/wp-content\/uploads\/2024\/07\/led-tri-proof-light.png\" alt=\"\" class=\"uag-image-1130\" width=\"300\" height=\"300\" title=\"luz led-tri-proof\" loading=\"lazy\" role=\"img\"><\/a><\/figure><\/div>\n<\/div>\n\n\n\n<div class=\"wp-block-uagb-container uagb-block-0fdfdd58\">\n<div class=\"wp-block-uagb-image uagb-block-1187d32d wp-block-uagb-image--layout-default wp-block-uagb-image--effect-static wp-block-uagb-image--align-none\"><figure class=\"wp-block-uagb-image__figure\"><a class=\"\" href=\"https:\/\/led.amasly.com\/es_mx\/products\/\" target=\"\" rel=\"noopener\"><img decoding=\"async\" srcset=\"https:\/\/led.amasly.com\/wp-content\/uploads\/2024\/07\/LED-street-light.jpg ,https:\/\/led.amasly.com\/wp-content\/uploads\/2024\/07\/LED-street-light.jpg 780w, https:\/\/led.amasly.com\/wp-content\/uploads\/2024\/07\/LED-street-light.jpg 360w\" sizes=\"auto, (max-width: 480px) 150px\" src=\"https:\/\/led.amasly.com\/wp-content\/uploads\/2024\/07\/LED-street-light.jpg\" alt=\"\" class=\"uag-image-1145\" width=\"300\" height=\"300\" title=\"Alumbrado p\u00fablico LED\" loading=\"lazy\" role=\"img\"><\/a><\/figure><\/div>\n<\/div>\n<\/div><\/div>\n\n\n\n<div class=\"wp-block-uagb-container uagb-block-6a60882c alignfull uagb-is-root-container\"><div class=\"uagb-container-inner-blocks-wrap\">\n<div class=\"wp-block-uagb-container uagb-block-f1e91a35\">\n<h4 class=\"wp-block-heading has-text-align-center\"><a href=\"https:\/\/led.amasly.com\/es_mx\/products\/\">Proyectores LED<\/a><\/h4>\n<\/div>\n\n\n\n<div class=\"wp-block-uagb-container uagb-block-165bfa58\">\n<h4 class=\"wp-block-heading has-text-align-center\"><a href=\"https:\/\/led.amasly.com\/es_mx\/products\/\">Tubos de luz LED trif\u00e1sicos<\/a><\/h4>\n<\/div>\n\n\n\n<div class=\"wp-block-uagb-container uagb-block-f6096e3b\">\n<h4 class=\"wp-block-heading has-text-align-center\"><a href=\"https:\/\/led.amasly.com\/es_mx\/products\/\">Alumbrado p\u00fablico LED<\/a><\/h4>\n<\/div>\n<\/div><\/div>\n\n\n\n<div class=\"wp-block-uagb-container uagb-block-99c0e0a5 alignfull uagb-is-root-container\"><div class=\"uagb-container-inner-blocks-wrap\"><\/div><\/div>\n\n\n\n<p><\/p>","protected":false},"excerpt":{"rendered":"<p>Explosion Proof Canopy Light: The&nbsp;Efficient Lighting Solution for Hazardous Areas Explosion Proof Canopy Light Introduction In industries where safety is non-negotiable, such as oil refineries, chemical plants, and mining operations, lighting must not only be efficient but also inherently safe. This is where&nbsp;explosion proof canopy lights&nbsp;come into play. Designed to operate in hazardous environments, these [&hellip;]<\/p>\n","protected":false},"author":1,"featured_media":0,"parent":2374,"menu_order":0,"comment_status":"closed","ping_status":"closed","template":"","meta":{"_uag_custom_page_level_css":"","site-sidebar-layout":"no-sidebar","site-content-layout":"","ast-site-content-layout":"default","site-content-style":"default","site-sidebar-style":"default","ast-global-header-display":"","ast-banner-title-visibility":"","ast-main-header-display":"","ast-hfb-above-header-display":"","ast-hfb-below-header-display":"","ast-hfb-mobile-header-display":"","site-post-title":"disabled","ast-breadcrumbs-content":"","ast-featured-img":"","footer-sml-layout":"","ast-disable-related-posts":"","theme-transparent-header-meta":"enabled","adv-header-id-meta":"","stick-header-meta":"","header-above-stick-meta":"","header-main-stick-meta":"","header-below-stick-meta":"","astra-migrate-meta-layouts":"set","ast-page-background-enabled":"default","ast-page-background-meta":{"desktop":{"background-color":"var(--ast-global-color-4)","background-image":"","background-repeat":"repeat","background-position":"center center","background-size":"auto","background-attachment":"scroll","background-type":"","background-media":"","overlay-type":"","overlay-color":"","overlay-opacity":"","overlay-gradient":""},"tablet":{"background-color":"","background-image":"","background-repeat":"repeat","background-position":"center center","background-size":"auto","background-attachment":"scroll","background-type":"","background-media":"","overlay-type":"","overlay-color":"","overlay-opacity":"","overlay-gradient":""},"mobile":{"background-color":"","background-image":"","background-repeat":"repeat","background-position":"center center","background-size":"auto","background-attachment":"scroll","background-type":"","background-media":"","overlay-type":"","overlay-color":"","overlay-opacity":"","overlay-gradient":""}},"ast-content-background-meta":{"desktop":{"background-color":"var(--ast-global-color-5)","background-image":"","background-repeat":"repeat","background-position":"center center","background-size":"auto","background-attachment":"scroll","background-type":"","background-media":"","overlay-type":"","overlay-color":"","overlay-opacity":"","overlay-gradient":""},"tablet":{"background-color":"var(--ast-global-color-5)","background-image":"","background-repeat":"repeat","background-position":"center center","background-size":"auto","background-attachment":"scroll","background-type":"","background-media":"","overlay-type":"","overlay-color":"","overlay-opacity":"","overlay-gradient":""},"mobile":{"background-color":"var(--ast-global-color-5)","background-image":"","background-repeat":"repeat","background-position":"center center","background-size":"auto","background-attachment":"scroll","background-type":"","background-media":"","overlay-type":"","overlay-color":"","overlay-opacity":"","overlay-gradient":""}},"footnotes":""},"class_list":["post-2398","page","type-page","status-publish","hentry"],"uagb_featured_image_src":{"full":false,"thumbnail":false,"medium":false,"medium_large":false,"large":false,"1536x1536":false,"2048x2048":false,"trp-custom-language-flag":false},"uagb_author_info":{"display_name":"Joe","author_link":"https:\/\/led.amasly.com\/es_mx\/author\/jacklin\/"},"uagb_comment_info":0,"uagb_excerpt":"Explosion Proof Canopy Light: The&nbsp;Efficient Lighting Solution for Hazardous Areas Explosion Proof Canopy Light Introduction In industries where safety is non-negotiable, such as oil refineries, chemical plants, and mining operations, lighting must not only be efficient but also inherently safe. This is where&nbsp;explosion proof canopy lights&nbsp;come into play. Designed to operate in hazardous environments, these&hellip;","_links":{"self":[{"href":"https:\/\/led.amasly.com\/es_mx\/wp-json\/wp\/v2\/pages\/2398","targetHints":{"allow":["GET"]}}],"collection":[{"href":"https:\/\/led.amasly.com\/es_mx\/wp-json\/wp\/v2\/pages"}],"about":[{"href":"https:\/\/led.amasly.com\/es_mx\/wp-json\/wp\/v2\/types\/page"}],"author":[{"embeddable":true,"href":"https:\/\/led.amasly.com\/es_mx\/wp-json\/wp\/v2\/users\/1"}],"replies":[{"embeddable":true,"href":"https:\/\/led.amasly.com\/es_mx\/wp-json\/wp\/v2\/comments?post=2398"}],"version-history":[{"count":3,"href":"https:\/\/led.amasly.com\/es_mx\/wp-json\/wp\/v2\/pages\/2398\/revisions"}],"predecessor-version":[{"id":4803,"href":"https:\/\/led.amasly.com\/es_mx\/wp-json\/wp\/v2\/pages\/2398\/revisions\/4803"}],"up":[{"embeddable":true,"href":"https:\/\/led.amasly.com\/es_mx\/wp-json\/wp\/v2\/pages\/2374"}],"wp:attachment":[{"href":"https:\/\/led.amasly.com\/es_mx\/wp-json\/wp\/v2\/media?parent=2398"}],"curies":[{"name":"wp","href":"https:\/\/api.w.org\/{rel}","templated":true}]}}