{"id":2308,"date":"2025-03-07T19:54:43","date_gmt":"2025-03-07T11:54:43","guid":{"rendered":"https:\/\/led.amasly.com\/?page_id=2308"},"modified":"2026-01-22T13:38:28","modified_gmt":"2026-01-22T05:38:28","slug":"tunnel-intelligent-lighting-solution","status":"publish","type":"page","link":"https:\/\/led.amasly.com\/es_mx\/solutions\/tunnel-intelligent-lighting-solution\/","title":{"rendered":"Soluci\u00f3n de iluminaci\u00f3n inteligente para t\u00faneles"},"content":{"rendered":"<div class=\"wp-block-uagb-container uagb-block-27bae773 alignfull uagb-is-root-container\"><div class=\"uagb-container-inner-blocks-wrap\"><\/div><\/div>\n\n\n\n<h1 class=\"wp-block-heading has-text-align-center\">Soluci\u00f3n de iluminaci\u00f3n inteligente para t\u00faneles<\/h1>\n\n\n\n<h2 class=\"wp-block-heading\">Presentaci\u00f3n de la soluci\u00f3n de iluminaci\u00f3n inteligente para t\u00faneles:<\/h2>\n\n\n\n<p>En la construcci\u00f3n urbana moderna, los t\u00faneles, como canal importante de conexi\u00f3n entre varias zonas de la ciudad, el dise\u00f1o y el funcionamiento de su sistema de iluminaci\u00f3n no s\u00f3lo est\u00e1n relacionados con la seguridad del tr\u00e1fico, sino que tambi\u00e9n tienen un impacto directo en el uso eficaz de la energ\u00eda y la protecci\u00f3n del medio ambiente. Con el progreso de la ciencia y la tecnolog\u00eda y la profundizaci\u00f3n del concepto ecol\u00f3gico, las soluciones de control del ahorro energ\u00e9tico en la iluminaci\u00f3n de t\u00faneles se han convertido en el centro de atenci\u00f3n de la industria. En este documento, vamos a analizar la demanda de iluminaci\u00f3n de t\u00faneles, la aplicaci\u00f3n de tecnolog\u00edas de ahorro de energ\u00eda, estrategias de control inteligente y sus efectos de aplicaci\u00f3n, la discusi\u00f3n en profundidad de la iluminaci\u00f3n de t\u00faneles programa de control de ahorro de energ\u00eda de dise\u00f1o integral y la pr\u00e1ctica.<\/p>\n\n\n\n<div class=\"wp-block-uagb-image uagb-block-3e64c453 wp-block-uagb-image--layout-default wp-block-uagb-image--effect-static wp-block-uagb-image--align-none\"><figure class=\"wp-block-uagb-image__figure\"><img decoding=\"async\" srcset=\"https:\/\/led.amasly.com\/wp-content\/uploads\/2025\/03\/tunnel-lighting1.png ,https:\/\/led.amasly.com\/wp-content\/uploads\/2025\/03\/tunnel-lighting1.png 780w, https:\/\/led.amasly.com\/wp-content\/uploads\/2025\/03\/tunnel-lighting1.png 360w\" sizes=\"auto, (max-width: 480px) 150px\" src=\"https:\/\/led.amasly.com\/wp-content\/uploads\/2025\/03\/tunnel-lighting1.png\" alt=\"Tunnel Intelligent Lighting Solution\" class=\"uag-image-2309\" width=\"760\" height=\"478\" title=\"Soluci\u00f3n de iluminaci\u00f3n inteligente para t\u00faneles\" loading=\"lazy\" role=\"img\"\/><\/figure><\/div>\n\n\n\n<h2 class=\"wp-block-heading\"><strong>Primero, soluci\u00f3n de iluminaci\u00f3n inteligente para t\u00faneles<\/strong>: <strong>An\u00e1lisis de la demanda de iluminaci\u00f3n en t\u00faneles<\/strong><\/h2>\n\n\n\n<p>El dise\u00f1o de la iluminaci\u00f3n de los t\u00faneles debe tener muy en cuenta la seguridad del tr\u00e1fico rodado y la comodidad visual del conductor. En t\u00e9rminos generales, la iluminaci\u00f3n de los t\u00faneles se puede dividir en cuatro partes: secci\u00f3n de entrada, secci\u00f3n de transici\u00f3n, secci\u00f3n central y secci\u00f3n de salida, cada una de las cuales tiene diferentes requisitos de iluminaci\u00f3n. <\/p>\n\n\n\n<p>La secci\u00f3n de entrada requiere una iluminaci\u00f3n de alto brillo para reducir el \u201cefecto agujero negro\u201d, la secci\u00f3n de transici\u00f3n necesita reducir gradualmente el brillo para adaptarse a los cambios de luz externa, la secci\u00f3n central mantiene un brillo moderado para garantizar la seguridad en la conducci\u00f3n y la secci\u00f3n de salida debe evitar el \u201cefecto agujero blanco\u201d de la estimulaci\u00f3n repentina de la visi\u00f3n del conductor. Adem\u00e1s, existe una diferencia significativa entre los requisitos de iluminaci\u00f3n nocturna y diurna, que deben ajustarse de manera flexible a trav\u00e9s del sistema de control inteligente.<\/p>\n\n\n\n<h2 class=\"wp-block-heading\"><strong>Segundo, <strong>Soluci\u00f3n de iluminaci\u00f3n inteligente para t\u00faneles<\/strong>: la aplicaci\u00f3n de tecnolog\u00eda de ahorro energ\u00e9tico.<\/strong><\/h2>\n\n\n\n<h3 class=\"wp-block-heading\"><strong>1. Tecnolog\u00eda de iluminaci\u00f3n LED<\/strong><strong><\/strong><\/h3>\n\n\n\n<p>&nbsp;&nbsp;&nbsp;&nbsp;El LED (diodo emisor de luz) como fuente de luz de nueva generaci\u00f3n, con sus ventajas de alta eficiencia, larga vida \u00fatil, protecci\u00f3n del medio ambiente y ahorro de energ\u00eda, se ha utilizado ampliamente en la iluminaci\u00f3n de t\u00faneles. En comparaci\u00f3n con las tradicionales l\u00e1mparas de sodio de alta presi\u00f3n y l\u00e1mparas de halogenuros met\u00e1licos, las l\u00e1mparas LED tienen una mayor eficiencia energ\u00e9tica, un menor consumo de energ\u00eda y una mejor calidad de luz, lo que puede mejorar eficazmente la calidad de la iluminaci\u00f3n de t\u00faneles.<\/p>\n\n\n\n<h3 class=\"wp-block-heading\"><strong>2. Tecnolog\u00eda de regulaci\u00f3n inteligente<\/strong><strong><\/strong><\/h3>\n\n\n\n<p>&nbsp;&nbsp;&nbsp;&nbsp;La tecnolog\u00eda de atenuaci\u00f3n inteligente detecta la intensidad de la luz dentro y fuera del t\u00fanel, el flujo de tr\u00e1fico, la velocidad y otra informaci\u00f3n, y ajusta autom\u00e1ticamente el brillo de la iluminaci\u00f3n de cada zona. Cuando el tr\u00e1fico es escaso o durante las horas de menor tr\u00e1fico nocturno, el brillo de la iluminaci\u00f3n puede reducirse adecuadamente para ahorrar energ\u00eda, mientras que cuando el tr\u00e1fico es denso o las condiciones meteorol\u00f3gicas son adversas, el brillo de la iluminaci\u00f3n puede aumentarse para garantizar la seguridad de la conducci\u00f3n.<\/p>\n\n\n\n<h3 class=\"wp-block-heading\"><strong>3. Sistemas fotovoltaicos y de almacenamiento de energ\u00eda<\/strong><strong><\/strong><\/h3>\n\n\n\n<p>&nbsp;&nbsp;&nbsp;&nbsp;Si las condiciones lo permiten, se pueden instalar paneles fotovoltaicos en la parte superior o alrededor del t\u00fanel para convertir la energ\u00eda solar en electricidad y proporcionar energ\u00eda verde para el sistema de iluminaci\u00f3n del t\u00fanel. Al mismo tiempo, con el sistema de almacenamiento de energ\u00eda, cuando la luz es insuficiente para liberar la electricidad almacenada, para realizar el uso eficaz de la energ\u00eda y la autosuficiencia.<\/p>\n\n\n\n<p>El gabinete de control de iluminaci\u00f3n del t\u00fanel adopta un sistema de regulaci\u00f3n inteligente, dise\u00f1o de programa, estable y se puede realizar el control bajo demanda, el sistema consta de gabinete de control de regulaci\u00f3n de iluminaci\u00f3n, unidad inteligente, l\u00e1mparas y linternas, software del sistema, transductor de deriva de luz, dividido en iluminaci\u00f3n mejorada, iluminaci\u00f3n b\u00e1sica, dos tipos.<\/p>\n\n\n\n<h3 class=\"wp-block-heading\"><strong>Caracter\u00edsticas del producto.<\/strong><strong><\/strong><\/h3>\n\n\n\n<p>1, efecto de ahorro de energ\u00eda es notable, la tasa de ahorro de energ\u00eda de 20%, la vida \u00fatil de hasta 20 a\u00f1os o m\u00e1s.<\/p>\n\n\n\n<p>2, el sensor de t\u00fanel propuesto, el control de tiempo para la atenuaci\u00f3n, la recogida de consumo de energ\u00eda, el an\u00e1lisis de consumo de energ\u00eda<\/p>\n\n\n\n<p>3\u3001Productos con funci\u00f3n de derivaci\u00f3n autom\u00e1tica, una vez que hay un obst\u00e1culo de ense\u00f1anza, se puede derivar autom\u00e1ticamente a la fuente de alimentaci\u00f3n de red.<\/p>\n\n\n\n<p>4, un alto grado de control inteligente: el producto tiene una funci\u00f3n de control del programa, el usuario puede establecer su propio tiempo para cambiar a diferentes niveles de ahorro de energ\u00eda, sino tambi\u00e9n establecer su propio tiempo para encender las luces.<\/p>\n\n\n\n<p>5, libre de mantenimiento a largo plazo: gabinete de la secci\u00f3n de iluminaci\u00f3n utilizando tecnolog\u00eda avanzada, la selecci\u00f3n de dispositivos de alta calidad, la aplicaci\u00f3n de procesos optimizados y estrictas pruebas de calidad, el producto puede estar en una variedad de entornos dif\u00edciles de la red y la complejidad del producto.<\/p>\n\n\n\n<p>Una gran variedad de entornos de red dif\u00edciles y condiciones de carga complejas, trabajo fiable continuo y estable, para lograr a largo plazo libre de mantenimiento.<\/p>\n\n\n\n<p>6, par\u00e1metros de visualizaci\u00f3n de la pantalla de control industrial, incluyendo corriente y tensi\u00f3n, estado de aver\u00eda y otros par\u00e1metros de funcionamiento.<\/p>\n\n\n\n<p>7\u3001Funciones de protecci\u00f3n: cortocircuito, sobrecorriente, subtensi\u00f3n, sobretensi\u00f3n, protecci\u00f3n contra sobrecalentamiento.<\/p>\n\n\n\n<h2 class=\"wp-block-heading\"><strong>Tercero. <strong>Soluci\u00f3n de iluminaci\u00f3n inteligente para t\u00faneles<\/strong>: Estrategia de control inteligente<\/strong><\/h2>\n\n\n\n<h3 class=\"wp-block-heading\"><strong>1. Control centralizado y aplicaci\u00f3n descentralizada<\/strong><strong><\/strong><\/h3>\n\n\n\n<p>&nbsp;&nbsp;&nbsp;&nbsp;El centro de control inteligente de la iluminaci\u00f3n del t\u00fanel se encarga de recoger y analizar los datos de los sensores de forma centralizada y formular la estrategia de iluminaci\u00f3n \u00f3ptima. Al mismo tiempo, se instalan unidades de ejecuci\u00f3n descentralizadas en cada zona del t\u00fanel para ajustar el brillo de la iluminaci\u00f3n seg\u00fan las instrucciones del centro de control, a fin de lograr una respuesta r\u00e1pida y un control preciso.<\/p>\n\n\n\n<div class=\"wp-block-uagb-image uagb-block-49d9538e wp-block-uagb-image--layout-default wp-block-uagb-image--effect-static wp-block-uagb-image--align-none\"><figure class=\"wp-block-uagb-image__figure\"><a class=\"\" href=\"https:\/\/led.amasly.com\/es_mx\/products\/\" target=\"\" rel=\"noopener\"><img decoding=\"async\" srcset=\"https:\/\/led.amasly.com\/wp-content\/uploads\/2025\/03\/tunnel-lighting2.png ,https:\/\/led.amasly.com\/wp-content\/uploads\/2025\/03\/tunnel-lighting2.png 780w, https:\/\/led.amasly.com\/wp-content\/uploads\/2025\/03\/tunnel-lighting2.png 360w\" sizes=\"auto, (max-width: 480px) 150px\" src=\"https:\/\/led.amasly.com\/wp-content\/uploads\/2025\/03\/tunnel-lighting2.png\" alt=\"\" class=\"uag-image-2310\" width=\"762\" height=\"489\" title=\"iluminaci\u00f3n de t\u00faneles2\" loading=\"lazy\" role=\"img\"><\/a><\/figure><\/div>\n\n\n\n<h3 class=\"wp-block-heading\"><strong>2. Mantenimiento predictivo<\/strong><strong><\/strong><\/h3>\n\n\n\n<p>&nbsp;&nbsp;&nbsp;&nbsp;Utilizando la tecnolog\u00eda de an\u00e1lisis de big data, la monitorizaci\u00f3n en tiempo real y el an\u00e1lisis predictivo del estado de funcionamiento del sistema de iluminaci\u00f3n del t\u00fanel, la detecci\u00f3n oportuna de posibles fallos y el mantenimiento, reduciendo el desperdicio de energ\u00eda y los riesgos de seguridad causados por fallos en los equipos.<\/p>\n\n\n\n<h3 class=\"wp-block-heading\"><strong>3. Plan de iluminaci\u00f3n de emergencia<\/strong><strong><\/strong><\/h3>\n\n\n\n<p>&nbsp;&nbsp;&nbsp;&nbsp;Se formula un plan global de alumbrado de emergencia para garantizar que el sistema de alumbrado de emergencia pueda activarse r\u00e1pidamente en caso de emergencia (por ejemplo, incendio, corte de electricidad, etc.), a fin de garantizar la evacuaci\u00f3n segura de las personas que se encuentren en el t\u00fanel.<\/p>\n\n\n\n<h2 class=\"wp-block-heading\"><strong>Cuarto. <strong>Soluci\u00f3n de iluminaci\u00f3n inteligente para t\u00faneles<\/strong>: Efecto de la implementaci\u00f3n y perspectivas<\/strong><\/h2>\n\n\n\n<p>&nbsp;&nbsp;&nbsp;&nbsp;Mediante la aplicaci\u00f3n del programa de control de ahorro de energ\u00eda en la iluminaci\u00f3n de t\u00faneles, no s\u00f3lo se puede reducir significativamente el consumo de energ\u00eda de iluminaci\u00f3n de t\u00faneles, reducir los costes de funcionamiento, sino tambi\u00e9n mejorar la calidad de la iluminaci\u00f3n de t\u00faneles, mejorar la seguridad del tr\u00e1fico. Al mismo tiempo, el programa est\u00e1 en consonancia con el concepto de desarrollo verde, que ayuda a promover el desarrollo sostenible de la infraestructura de transporte urbano.<\/p>\n\n\n\n<p>&nbsp;&nbsp;&nbsp;&nbsp;De cara al futuro, con el progreso continuo del IoT, la computaci\u00f3n en la nube, la inteligencia artificial y otras tecnolog\u00edas, el control del ahorro de energ\u00eda en la iluminaci\u00f3n de t\u00faneles ser\u00e1 m\u00e1s inteligente y refinado. Por ejemplo, a trav\u00e9s de algoritmos de aprendizaje profundo para optimizar la estrategia de iluminaci\u00f3n, para lograr una experiencia de iluminaci\u00f3n m\u00e1s personalizada; el uso de la tecnolog\u00eda de comunicaci\u00f3n 5G para mejorar la velocidad de transmisi\u00f3n de datos, para lograr la monitorizaci\u00f3n remota en tiempo real y la respuesta r\u00e1pida. La aplicaci\u00f3n de estas tecnolog\u00edas promover\u00e1 a\u00fan m\u00e1s el desarrollo de la tecnolog\u00eda de control de ahorro de energ\u00eda de iluminaci\u00f3n de t\u00faneles, contribuyendo con m\u00e1s energ\u00eda verde a la construcci\u00f3n del transporte urbano.<\/p>\n\n\n\n<p>Est\u00e1ndar: <a href=\"http:\/\/www.iec.com\" rel=\"nofollow noopener\" target=\"_blank\">IEC 60598<\/a><\/p>\n\n\n\n<div class=\"wp-block-uagb-container uagb-block-c7d898dd alignfull uagb-is-root-container\"><div class=\"uagb-container-inner-blocks-wrap\"><\/div><\/div>\n\n\n\n<h2 class=\"wp-block-heading\">Productos relacionados<\/h2>\n\n\n\n<div class=\"wp-block-uagb-container uagb-block-66e4defc alignfull uagb-is-root-container\"><div class=\"uagb-container-inner-blocks-wrap\">\n<div class=\"wp-block-uagb-container uagb-block-a42945f9\">\n<div class=\"wp-block-uagb-image uagb-block-7296296b wp-block-uagb-image--layout-default wp-block-uagb-image--effect-static wp-block-uagb-image--align-none\"><figure class=\"wp-block-uagb-image__figure\"><a class=\"\" href=\"https:\/\/led.amasly.com\/es_mx\/products\/\" target=\"\" rel=\"noopener\"><img decoding=\"async\" srcset=\"https:\/\/led.amasly.com\/wp-content\/uploads\/2024\/09\/Explosion-proof-high-bay-lights.png ,https:\/\/led.amasly.com\/wp-content\/uploads\/2024\/09\/Explosion-proof-high-bay-lights.png 780w, https:\/\/led.amasly.com\/wp-content\/uploads\/2024\/09\/Explosion-proof-high-bay-lights.png 360w\" sizes=\"auto, (max-width: 480px) 150px\" src=\"https:\/\/led.amasly.com\/wp-content\/uploads\/2024\/09\/Explosion-proof-high-bay-lights.png\" alt=\"\" class=\"uag-image-1495\" width=\"300\" height=\"300\" title=\"Luces de gran altura a prueba de explosiones\" loading=\"lazy\" role=\"img\"><\/a><\/figure><\/div>\n<\/div>\n\n\n\n<div class=\"wp-block-uagb-container uagb-block-4d3efde5\">\n<div class=\"wp-block-uagb-image uagb-block-c9e90797 wp-block-uagb-image--layout-default wp-block-uagb-image--effect-static wp-block-uagb-image--align-none\"><figure class=\"wp-block-uagb-image__figure\"><a class=\"\" href=\"https:\/\/led.amasly.com\/es_mx\/products\/\" target=\"\" rel=\"noopener\"><img decoding=\"async\" srcset=\"https:\/\/led.amasly.com\/wp-content\/uploads\/2024\/07\/LED-tri-proof-lights2.png ,https:\/\/led.amasly.com\/wp-content\/uploads\/2024\/07\/LED-tri-proof-lights2.png 780w, https:\/\/led.amasly.com\/wp-content\/uploads\/2024\/07\/LED-tri-proof-lights2.png 360w\" sizes=\"auto, (max-width: 480px) 150px\" src=\"https:\/\/led.amasly.com\/wp-content\/uploads\/2024\/07\/LED-tri-proof-lights2.png\" alt=\"\" class=\"uag-image-1132\" width=\"300\" height=\"300\" title=\"Luces LED-tri-proof2\" loading=\"lazy\" role=\"img\"><\/a><\/figure><\/div>\n<\/div>\n\n\n\n<div class=\"wp-block-uagb-container uagb-block-11c2578b\">\n<div class=\"wp-block-uagb-image uagb-block-6e8883aa wp-block-uagb-image--layout-default wp-block-uagb-image--effect-static wp-block-uagb-image--align-none\"><figure class=\"wp-block-uagb-image__figure\"><a class=\"\" href=\"https:\/\/led.amasly.com\/es_mx\/products\/\" target=\"\" rel=\"noopener\"><img decoding=\"async\" srcset=\"https:\/\/led.amasly.com\/wp-content\/uploads\/2024\/09\/LED-Explosion-Proof-Gas-Station-Light.png ,https:\/\/led.amasly.com\/wp-content\/uploads\/2024\/09\/LED-Explosion-Proof-Gas-Station-Light.png 780w, https:\/\/led.amasly.com\/wp-content\/uploads\/2024\/09\/LED-Explosion-Proof-Gas-Station-Light.png 360w\" sizes=\"auto, (max-width: 480px) 150px\" src=\"https:\/\/led.amasly.com\/wp-content\/uploads\/2024\/09\/LED-Explosion-Proof-Gas-Station-Light.png\" alt=\"\" class=\"uag-image-1501\" width=\"300\" height=\"300\" title=\"L\u00e1mpara LED antideflagrante para gasolineras\" loading=\"lazy\" role=\"img\"><\/a><\/figure><\/div>\n<\/div>\n<\/div><\/div>\n\n\n\n<div class=\"wp-block-uagb-container uagb-block-548945b5 alignfull uagb-is-root-container\"><div class=\"uagb-container-inner-blocks-wrap\">\n<div class=\"wp-block-uagb-container uagb-block-967755d5\">\n<h4 class=\"wp-block-heading has-text-align-center\"><a href=\"https:\/\/led.amasly.com\/es_mx\/products\/\">Luces LED antideflagrantes<\/a><\/h4>\n<\/div>\n\n\n\n<div class=\"wp-block-uagb-container uagb-block-9bc52fc2\">\n<h4 class=\"wp-block-heading has-text-align-center\"><a href=\"https:\/\/led.amasly.com\/es_mx\/products\/\">Luces LED Tri-Proof<\/a><\/h4>\n<\/div>\n\n\n\n<div class=\"wp-block-uagb-container uagb-block-8ffa0a23\">\n<h4 class=\"wp-block-heading has-text-align-center\"><a href=\"https:\/\/led.amasly.com\/es_mx\/products\/\">Luces de gasolinera a prueba de explosiones<\/a><\/h4>\n<\/div>\n<\/div><\/div>\n\n\n\n<div class=\"wp-block-uagb-container uagb-block-29499fe0 alignfull uagb-is-root-container\"><div class=\"uagb-container-inner-blocks-wrap\">\n<div class=\"wp-block-uagb-container uagb-block-777ee1c7\">\n<div class=\"wp-block-uagb-image uagb-block-2e9a1851 wp-block-uagb-image--layout-default wp-block-uagb-image--effect-static wp-block-uagb-image--align-none\"><figure class=\"wp-block-uagb-image__figure\"><a class=\"\" href=\"https:\/\/led.amasly.com\/es_mx\/products\/\" target=\"\" rel=\"noopener\"><img decoding=\"async\" srcset=\"https:\/\/led.amasly.com\/wp-content\/uploads\/2024\/10\/50W-100W-150W-200W-300W-LED-Flood-Light.jpg ,https:\/\/led.amasly.com\/wp-content\/uploads\/2024\/10\/50W-100W-150W-200W-300W-LED-Flood-Light.jpg 780w, https:\/\/led.amasly.com\/wp-content\/uploads\/2024\/10\/50W-100W-150W-200W-300W-LED-Flood-Light.jpg 360w\" sizes=\"auto, (max-width: 480px) 150px\" src=\"https:\/\/led.amasly.com\/wp-content\/uploads\/2024\/10\/50W-100W-150W-200W-300W-LED-Flood-Light.jpg\" alt=\"\" class=\"uag-image-1526\" width=\"300\" height=\"300\" title=\"L\u00e1mpara de inundaci\u00f3n LED 50W 100W 150W 200W 300W\" loading=\"lazy\" role=\"img\"><\/a><\/figure><\/div>\n<\/div>\n\n\n\n<div class=\"wp-block-uagb-container uagb-block-af8c8683\">\n<div class=\"wp-block-uagb-image uagb-block-67947854 wp-block-uagb-image--layout-default wp-block-uagb-image--effect-static wp-block-uagb-image--align-none\"><figure class=\"wp-block-uagb-image__figure\"><a class=\"\" href=\"https:\/\/led.amasly.com\/es_mx\/products\/\" target=\"\" rel=\"noopener\"><img decoding=\"async\" srcset=\"https:\/\/led.amasly.com\/wp-content\/uploads\/2024\/07\/led-tri-proof-light.png ,https:\/\/led.amasly.com\/wp-content\/uploads\/2024\/07\/led-tri-proof-light.png 780w, https:\/\/led.amasly.com\/wp-content\/uploads\/2024\/07\/led-tri-proof-light.png 360w\" sizes=\"auto, (max-width: 480px) 150px\" src=\"https:\/\/led.amasly.com\/wp-content\/uploads\/2024\/07\/led-tri-proof-light.png\" alt=\"\" class=\"uag-image-1130\" width=\"300\" height=\"300\" title=\"luz led-tri-proof\" loading=\"lazy\" role=\"img\"><\/a><\/figure><\/div>\n<\/div>\n\n\n\n<div class=\"wp-block-uagb-container uagb-block-0fdfdd58\">\n<div class=\"wp-block-uagb-image uagb-block-1187d32d wp-block-uagb-image--layout-default wp-block-uagb-image--effect-static wp-block-uagb-image--align-none\"><figure class=\"wp-block-uagb-image__figure\"><a class=\"\" href=\"https:\/\/led.amasly.com\/es_mx\/products\/\" target=\"\" rel=\"noopener\"><img decoding=\"async\" srcset=\"https:\/\/led.amasly.com\/wp-content\/uploads\/2024\/07\/LED-street-light.jpg ,https:\/\/led.amasly.com\/wp-content\/uploads\/2024\/07\/LED-street-light.jpg 780w, https:\/\/led.amasly.com\/wp-content\/uploads\/2024\/07\/LED-street-light.jpg 360w\" sizes=\"auto, (max-width: 480px) 150px\" src=\"https:\/\/led.amasly.com\/wp-content\/uploads\/2024\/07\/LED-street-light.jpg\" alt=\"\" class=\"uag-image-1145\" width=\"300\" height=\"300\" title=\"Alumbrado p\u00fablico LED\" loading=\"lazy\" role=\"img\"><\/a><\/figure><\/div>\n<\/div>\n<\/div><\/div>\n\n\n\n<div class=\"wp-block-uagb-container uagb-block-6a60882c alignfull uagb-is-root-container\"><div class=\"uagb-container-inner-blocks-wrap\">\n<div class=\"wp-block-uagb-container uagb-block-f1e91a35\">\n<h4 class=\"wp-block-heading has-text-align-center\"><a href=\"https:\/\/led.amasly.com\/es_mx\/products\/\">Proyectores LED<\/a><\/h4>\n<\/div>\n\n\n\n<div class=\"wp-block-uagb-container uagb-block-165bfa58\">\n<h4 class=\"wp-block-heading has-text-align-center\"><a href=\"https:\/\/led.amasly.com\/es_mx\/products\/\">Tubos de luz LED trif\u00e1sicos<\/a><\/h4>\n<\/div>\n\n\n\n<div class=\"wp-block-uagb-container uagb-block-f6096e3b\">\n<h4 class=\"wp-block-heading has-text-align-center\"><a href=\"https:\/\/led.amasly.com\/es_mx\/products\/\">Alumbrado p\u00fablico LED<\/a><\/h4>\n<\/div>\n<\/div><\/div>\n\n\n\n<div class=\"wp-block-uagb-container uagb-block-99c0e0a5 alignfull uagb-is-root-container\"><div class=\"uagb-container-inner-blocks-wrap\"><\/div><\/div>\n\n\n\n<p><\/p>","protected":false},"excerpt":{"rendered":"<p>Tunnel Intelligent Lighting Solution Tunnel Intelligent Lighting Solution Introduce: In modern urban construction, tunnels as an important channel connecting various areas of the city, the design and operation of its lighting system is not only related to traffic safety, but also has a direct impact on the effective use of energy and environmental protection. With [&hellip;]<\/p>\n","protected":false},"author":1,"featured_media":0,"parent":1808,"menu_order":0,"comment_status":"closed","ping_status":"closed","template":"","meta":{"_uag_custom_page_level_css":"","site-sidebar-layout":"no-sidebar","site-content-layout":"","ast-site-content-layout":"default","site-content-style":"default","site-sidebar-style":"default","ast-global-header-display":"","ast-banner-title-visibility":"","ast-main-header-display":"","ast-hfb-above-header-display":"","ast-hfb-below-header-display":"","ast-hfb-mobile-header-display":"","site-post-title":"disabled","ast-breadcrumbs-content":"","ast-featured-img":"","footer-sml-layout":"","ast-disable-related-posts":"","theme-transparent-header-meta":"enabled","adv-header-id-meta":"","stick-header-meta":"","header-above-stick-meta":"","header-main-stick-meta":"","header-below-stick-meta":"","astra-migrate-meta-layouts":"set","ast-page-background-enabled":"default","ast-page-background-meta":{"desktop":{"background-color":"var(--ast-global-color-4)","background-image":"","background-repeat":"repeat","background-position":"center center","background-size":"auto","background-attachment":"scroll","background-type":"","background-media":"","overlay-type":"","overlay-color":"","overlay-opacity":"","overlay-gradient":""},"tablet":{"background-color":"","background-image":"","background-repeat":"repeat","background-position":"center center","background-size":"auto","background-attachment":"scroll","background-type":"","background-media":"","overlay-type":"","overlay-color":"","overlay-opacity":"","overlay-gradient":""},"mobile":{"background-color":"","background-image":"","background-repeat":"repeat","background-position":"center center","background-size":"auto","background-attachment":"scroll","background-type":"","background-media":"","overlay-type":"","overlay-color":"","overlay-opacity":"","overlay-gradient":""}},"ast-content-background-meta":{"desktop":{"background-color":"var(--ast-global-color-5)","background-image":"","background-repeat":"repeat","background-position":"center center","background-size":"auto","background-attachment":"scroll","background-type":"","background-media":"","overlay-type":"","overlay-color":"","overlay-opacity":"","overlay-gradient":""},"tablet":{"background-color":"var(--ast-global-color-5)","background-image":"","background-repeat":"repeat","background-position":"center center","background-size":"auto","background-attachment":"scroll","background-type":"","background-media":"","overlay-type":"","overlay-color":"","overlay-opacity":"","overlay-gradient":""},"mobile":{"background-color":"var(--ast-global-color-5)","background-image":"","background-repeat":"repeat","background-position":"center center","background-size":"auto","background-attachment":"scroll","background-type":"","background-media":"","overlay-type":"","overlay-color":"","overlay-opacity":"","overlay-gradient":""}},"footnotes":""},"class_list":["post-2308","page","type-page","status-publish","hentry"],"uagb_featured_image_src":{"full":false,"thumbnail":false,"medium":false,"medium_large":false,"large":false,"1536x1536":false,"2048x2048":false,"trp-custom-language-flag":false},"uagb_author_info":{"display_name":"Joe","author_link":"https:\/\/led.amasly.com\/es_mx\/author\/jacklin\/"},"uagb_comment_info":0,"uagb_excerpt":"Tunnel Intelligent Lighting Solution Tunnel Intelligent Lighting Solution Introduce: In modern urban construction, tunnels as an important channel connecting various areas of the city, the design and operation of its lighting system is not only related to traffic safety, but also has a direct impact on the effective use of energy and environmental protection. With&hellip;","_links":{"self":[{"href":"https:\/\/led.amasly.com\/es_mx\/wp-json\/wp\/v2\/pages\/2308","targetHints":{"allow":["GET"]}}],"collection":[{"href":"https:\/\/led.amasly.com\/es_mx\/wp-json\/wp\/v2\/pages"}],"about":[{"href":"https:\/\/led.amasly.com\/es_mx\/wp-json\/wp\/v2\/types\/page"}],"author":[{"embeddable":true,"href":"https:\/\/led.amasly.com\/es_mx\/wp-json\/wp\/v2\/users\/1"}],"replies":[{"embeddable":true,"href":"https:\/\/led.amasly.com\/es_mx\/wp-json\/wp\/v2\/comments?post=2308"}],"version-history":[{"count":3,"href":"https:\/\/led.amasly.com\/es_mx\/wp-json\/wp\/v2\/pages\/2308\/revisions"}],"predecessor-version":[{"id":4590,"href":"https:\/\/led.amasly.com\/es_mx\/wp-json\/wp\/v2\/pages\/2308\/revisions\/4590"}],"up":[{"embeddable":true,"href":"https:\/\/led.amasly.com\/es_mx\/wp-json\/wp\/v2\/pages\/1808"}],"wp:attachment":[{"href":"https:\/\/led.amasly.com\/es_mx\/wp-json\/wp\/v2\/media?parent=2308"}],"curies":[{"name":"wp","href":"https:\/\/api.w.org\/{rel}","templated":true}]}}