{"id":1992,"date":"2025-02-25T20:52:31","date_gmt":"2025-02-25T12:52:31","guid":{"rendered":"https:\/\/led.amasly.com\/?page_id=1992"},"modified":"2026-01-22T13:48:29","modified_gmt":"2026-01-22T05:48:29","slug":"underground-parking-lots-lighting-solution","status":"publish","type":"page","link":"https:\/\/led.amasly.com\/es_mx\/solutions\/underground-parking-lots-lighting-solution\/","title":{"rendered":"Soluci\u00f3n de iluminaci\u00f3n para aparcamientos subterr\u00e1neos"},"content":{"rendered":"<div class=\"wp-block-uagb-container uagb-block-27bae773 alignfull uagb-is-root-container\"><div class=\"uagb-container-inner-blocks-wrap\"><\/div><\/div>\n\n\n\n<h1 class=\"wp-block-heading has-text-align-center\">Soluci\u00f3n inteligente de iluminaci\u00f3n para estacionamientos subterr\u00e1neos<\/h1>\n\n\n\n<p class=\"has-medium-font-size\">En el enorme espacio de un garaje subterr\u00e1neo, ante las necesidades de iluminaci\u00f3n de una gran superficie las 24 horas del d\u00eda, c\u00f3mo garantizar que el garaje est\u00e9 bien iluminado y sea seguro y eficiente energ\u00e9ticamente al mismo tiempo se ha convertido en un reto importante.<\/p>\n\n\n\n<div class=\"wp-block-uagb-image uagb-block-8b506501 wp-block-uagb-image--layout-default wp-block-uagb-image--effect-static wp-block-uagb-image--align-none\"><figure class=\"wp-block-uagb-image__figure\"><img decoding=\"async\" srcset=\"https:\/\/led.amasly.com\/wp-content\/uploads\/2025\/02\/1-1024x631.jpg ,https:\/\/led.amasly.com\/wp-content\/uploads\/2025\/02\/1.jpg 780w, https:\/\/led.amasly.com\/wp-content\/uploads\/2025\/02\/1.jpg 360w\" sizes=\"auto, (max-width: 480px) 150px\" src=\"https:\/\/led.amasly.com\/wp-content\/uploads\/2025\/02\/1-1024x631.jpg\" alt=\"Underground Parking Lots Lighting Solution\" class=\"uag-image-1993\" width=\"1024\" height=\"631\" title=\"Soluci\u00f3n de iluminaci\u00f3n para aparcamientos subterr\u00e1neos\" loading=\"lazy\" role=\"img\"\/><\/figure><\/div>\n\n\n\n<p class=\"has-medium-font-size\">El mismo d\u00eda de iluminaci\u00f3n de ahorro de energ\u00eda cerca de la demanda del mercado, cuidadosamente dise\u00f1ado y puesto en marcha cuatro soluciones de iluminaci\u00f3n de la serie s\u00f3tano, dise\u00f1ado para diferentes tama\u00f1os y necesidades del s\u00f3tano a medida ambiente de iluminaci\u00f3n ideal, no s\u00f3lo para mejorar la experiencia de estacionamiento, sino tambi\u00e9n para lograr un doble ahorro en costes y energ\u00eda.<\/p>\n\n\n\n<h2 class=\"wp-block-heading\">En primer lugar, soluci\u00f3n de iluminaci\u00f3n para estacionamientos subterr\u00e1neos: esquema de iluminaci\u00f3n eficiente a tiempo completo: espacio de estacionamiento + tubo luminoso largo en el carril.<\/h2>\n\n\n\n<p class=\"has-medium-font-size\">Para el s\u00f3tano que necesita mucho tiempo y la iluminaci\u00f3n de alto brillo, el uso de espacio de estacionamiento + carril gama completa tubo largo brillante es m\u00e1s rentable, y la serie de 5-6w s\u00f3tano - ultra-alta eficiencia luminosa tubo largo brillante corresponde a las l\u00e1mparas de ahorro de energ\u00eda ordinaria en el mercado de 18w y por encima, que puede lograr m\u00e1s de 65% efecto de ahorro de energ\u00eda al tiempo que garantiza la calidad de la iluminaci\u00f3n.<\/p>\n\n\n\n<p class=\"has-medium-font-size\">Este programa tiene un bajo coste de inversi\u00f3n, un mantenimiento sencillo y un ciclo de retorno de la inversi\u00f3n de s\u00f3lo unos 5-6 meses.<\/p>\n\n\n\n<h2 class=\"wp-block-heading\">Segundo, soluci\u00f3n de iluminaci\u00f3n para estacionamientos subterr\u00e1neos: esquema din\u00e1mico de control inteligente de ahorro de energ\u00eda: espacio de estacionamiento + radar de rango completo para carriles.<\/h2>\n\n\n\n<p class=\"has-medium-font-size\">Para el s\u00f3tano que necesita iluminaci\u00f3n din\u00e1mica y la iluminaci\u00f3n de disparo, el uso de aparcamiento + carril luces de radar global puede mejorar a\u00fan m\u00e1s la tasa de ahorro de energ\u00eda. 2-6W serie s\u00f3tano - tubo de radar ultra-alta eficiencia luminosa, equipado con tecnolog\u00eda de radar de microondas de inducci\u00f3n inteligente 5.8G, puede permitir que la luz se ajusta din\u00e1micamente con el veh\u00edculo, para lograr el coche para encender la luz, el coche lejos de la luz oscura iluminaci\u00f3n inteligente, la tasa de ahorro de energ\u00eda de hasta 70%.<\/p>\n\n\n\n<div class=\"wp-block-uagb-image uagb-block-bae702f6 wp-block-uagb-image--layout-default wp-block-uagb-image--effect-static wp-block-uagb-image--align-none\"><figure class=\"wp-block-uagb-image__figure\"><a class=\"\" href=\"https:\/\/led.amasly.com\/es_mx\/\" target=\"\" rel=\"noopener\"><img decoding=\"async\" srcset=\"https:\/\/led.amasly.com\/wp-content\/uploads\/2025\/02\/4-1024x576.gif ,https:\/\/led.amasly.com\/wp-content\/uploads\/2025\/02\/4.gif 780w, https:\/\/led.amasly.com\/wp-content\/uploads\/2025\/02\/4.gif 360w\" sizes=\"auto, (max-width: 480px) 150px\" src=\"https:\/\/led.amasly.com\/wp-content\/uploads\/2025\/02\/4-1024x576.gif\" alt=\"\" class=\"uag-image-1994\" width=\"1280\" height=\"720\" title=\"4\" loading=\"lazy\" role=\"img\"><\/a><\/figure><\/div>\n\n\n\n<p class=\"has-medium-font-size\">Esta soluci\u00f3n no s\u00f3lo equilibra las necesidades de iluminaci\u00f3n del s\u00f3tano, sino que tambi\u00e9n reduce mucho el consumo de energ\u00eda. Aunque la inversi\u00f3n inicial es ligeramente superior, el ciclo de amortizaci\u00f3n de 6-9 meses demuestra su gran eficiencia.<\/p>\n\n\n\n<h2 class=\"wp-block-heading\">Tercero, soluci\u00f3n de iluminaci\u00f3n para estacionamientos subterr\u00e1neos: esquema de iluminaci\u00f3n inteligente con IA: espacio de estacionamiento + carril con l\u00e1mpara inteligente con IA.<\/h2>\n\n\n\n<p class=\"has-medium-font-size\">Para el s\u00f3tano donde no se requiere que el brillo de la iluminaci\u00f3n general sea alto y la tasa de activaci\u00f3n es relativamente baja, la iluminaci\u00f3n inteligente del s\u00f3tano se puede mejorar mediante el uso de l\u00e1mparas inteligentes AI de plaza de aparcamiento + carril. Serie S\u00f3tano - L\u00e1mpara AI de ultra alta eficiencia lum\u00ednica con rango de ajuste de brillo de 0-18W, el s\u00f3tano puede ser segmentado y de tiempo compartido para una gesti\u00f3n fina, para lograr la iluminaci\u00f3n bajo demanda, mostrar plenamente la sabidur\u00eda de la iluminaci\u00f3n.<\/p>\n\n\n\n<div class=\"wp-block-uagb-image uagb-block-e809ecd8 wp-block-uagb-image--layout-default wp-block-uagb-image--effect-static wp-block-uagb-image--align-none\"><figure class=\"wp-block-uagb-image__figure\"><img decoding=\"async\" srcset=\"https:\/\/led.amasly.com\/wp-content\/uploads\/2025\/02\/2-1024x576.jpg ,https:\/\/led.amasly.com\/wp-content\/uploads\/2025\/02\/2.jpg 780w, https:\/\/led.amasly.com\/wp-content\/uploads\/2025\/02\/2.jpg 360w\" sizes=\"auto, (max-width: 480px) 150px\" src=\"https:\/\/led.amasly.com\/wp-content\/uploads\/2025\/02\/2-1024x576.jpg\" alt=\"\" class=\"uag-image-1995\" width=\"1440\" height=\"810\" title=\"2\" loading=\"lazy\" role=\"img\"><\/figure><\/div>\n\n\n\n<p class=\"has-medium-font-size\">La tasa de ahorro energ\u00e9tico de este programa depende del nivel de la tasa de activaci\u00f3n, aunque la inversi\u00f3n inicial es elevada, pero la experiencia en iluminaci\u00f3n inteligente y los 8-9 meses de ciclo de retorno de la inversi\u00f3n demuestran sin duda su valor de inversi\u00f3n a largo plazo.<\/p>\n\n\n\n<h2 class=\"wp-block-heading\">Cuarto, soluci\u00f3n de iluminaci\u00f3n para estacionamientos subterr\u00e1neos: esquema de equilibrio del consumo de luz: tubo de radar de estacionamiento + tubo luminoso largo para carriles.<\/h2>\n\n\n\n<p class=\"has-medium-font-size\">Para el s\u00f3tano con ciertos requisitos de eficiencia lum\u00ednica, ahorro de energ\u00eda y presupuesto, la soluci\u00f3n de tubo radar de plaza de aparcamiento + tubo luminoso largo de carril es una sabia elecci\u00f3n. Todas las plazas de aparcamiento se instalan con la serie s\u00f3tano - luces de radar de ultra-alta eficiencia lum\u00ednica, el coche se abre 6w modo de alto brillo, el coche salta autom\u00e1ticamente a 2w modo de bajo brillo, iluminaci\u00f3n din\u00e1mica y ahorro de energ\u00eda. Todos los carriles se instalan con la serie de s\u00f3tano - ultra-alta eficiencia luminosa tubos largos brillantes, 5-6w tubos largos brillantes puede hacer que los carriles siempre brillante, mejorar la seguridad y la comodidad de aparcamiento.<\/p>\n\n\n\n<div class=\"wp-block-uagb-image uagb-block-92918285 wp-block-uagb-image--layout-default wp-block-uagb-image--effect-static wp-block-uagb-image--align-none\"><figure class=\"wp-block-uagb-image__figure\"><img decoding=\"async\" srcset=\"https:\/\/led.amasly.com\/wp-content\/uploads\/2025\/02\/3.jpg ,https:\/\/led.amasly.com\/wp-content\/uploads\/2025\/02\/3.jpg 780w, https:\/\/led.amasly.com\/wp-content\/uploads\/2025\/02\/3.jpg 360w\" sizes=\"auto, (max-width: 480px) 150px\" src=\"https:\/\/led.amasly.com\/wp-content\/uploads\/2025\/02\/3.jpg\" alt=\"\" class=\"uag-image-1996\" width=\"660\" height=\"495\" title=\"3\" loading=\"lazy\" role=\"img\"><\/figure><\/div>\n\n\n\n<p class=\"has-medium-font-size\">Este programa es rentable, por lo que \u201calto brillo + bajo consumo de energ\u00eda + baja inversi\u00f3n\u201d transformaci\u00f3n de la iluminaci\u00f3n del s\u00f3tano se convierte en una realidad, la tasa de ahorro de energ\u00eda integral puede alcanzar alrededor de 70%, el per\u00edodo de retorno de la inversi\u00f3n se controla en 6-9 meses, adecuado para todo tipo de escenas del s\u00f3tano.<\/p>\n\n\n\n<p class=\"has-medium-font-size\">Aunque la renovaci\u00f3n de la iluminaci\u00f3n de bajo consumo del s\u00f3tano requiere una cierta inversi\u00f3n inicial, a largo plazo, las cuatro principales soluciones de iluminaci\u00f3n de bajo consumo del s\u00f3tano en el mismo d\u00eda pueden reducir significativamente los costes de funcionamiento, recuperar r\u00e1pidamente la inversi\u00f3n y aportar una protecci\u00f3n medioambiental duradera y beneficios econ\u00f3micos al s\u00f3tano.<\/p>\n\n\n\n<p class=\"has-medium-font-size\">Elija la serie de iluminaci\u00f3n de bajo consumo del mismo d\u00eda, abra una nueva era de iluminaci\u00f3n inteligente, eficiente y de bajo consumo para s\u00f3tanos, y cree un futuro de desarrollo sostenible para la gesti\u00f3n de propiedades.<\/p>\n\n\n\n<p>Est\u00e1ndar: <a href=\"http:\/\/www.iec.com\" rel=\"nofollow noopener\" target=\"_blank\">IEC 60598<\/a><\/p>\n\n\n\n<div class=\"wp-block-uagb-container uagb-block-c7d898dd alignfull uagb-is-root-container\"><div class=\"uagb-container-inner-blocks-wrap\"><\/div><\/div>\n\n\n\n<h2 class=\"wp-block-heading\">Productos relacionados<\/h2>\n\n\n\n<div class=\"wp-block-uagb-container uagb-block-66e4defc alignfull uagb-is-root-container\"><div class=\"uagb-container-inner-blocks-wrap\">\n<div class=\"wp-block-uagb-container uagb-block-a42945f9\">\n<div class=\"wp-block-uagb-image uagb-block-7296296b wp-block-uagb-image--layout-default wp-block-uagb-image--effect-static wp-block-uagb-image--align-none\"><figure class=\"wp-block-uagb-image__figure\"><a class=\"\" href=\"https:\/\/led.amasly.com\/es_mx\/products\/\" target=\"\" rel=\"noopener\"><img decoding=\"async\" srcset=\"https:\/\/led.amasly.com\/wp-content\/uploads\/2024\/09\/Explosion-proof-high-bay-lights.png ,https:\/\/led.amasly.com\/wp-content\/uploads\/2024\/09\/Explosion-proof-high-bay-lights.png 780w, https:\/\/led.amasly.com\/wp-content\/uploads\/2024\/09\/Explosion-proof-high-bay-lights.png 360w\" sizes=\"auto, (max-width: 480px) 150px\" src=\"https:\/\/led.amasly.com\/wp-content\/uploads\/2024\/09\/Explosion-proof-high-bay-lights.png\" alt=\"\" class=\"uag-image-1495\" width=\"300\" height=\"300\" title=\"Luces de gran altura a prueba de explosiones\" loading=\"lazy\" role=\"img\"><\/a><\/figure><\/div>\n<\/div>\n\n\n\n<div class=\"wp-block-uagb-container uagb-block-4d3efde5\">\n<div class=\"wp-block-uagb-image uagb-block-c9e90797 wp-block-uagb-image--layout-default wp-block-uagb-image--effect-static wp-block-uagb-image--align-none\"><figure class=\"wp-block-uagb-image__figure\"><a class=\"\" href=\"https:\/\/led.amasly.com\/es_mx\/products\/\" target=\"\" rel=\"noopener\"><img decoding=\"async\" srcset=\"https:\/\/led.amasly.com\/wp-content\/uploads\/2024\/07\/LED-tri-proof-lights2.png ,https:\/\/led.amasly.com\/wp-content\/uploads\/2024\/07\/LED-tri-proof-lights2.png 780w, https:\/\/led.amasly.com\/wp-content\/uploads\/2024\/07\/LED-tri-proof-lights2.png 360w\" sizes=\"auto, (max-width: 480px) 150px\" src=\"https:\/\/led.amasly.com\/wp-content\/uploads\/2024\/07\/LED-tri-proof-lights2.png\" alt=\"\" class=\"uag-image-1132\" width=\"300\" height=\"300\" title=\"Luces LED-tri-proof2\" loading=\"lazy\" role=\"img\"><\/a><\/figure><\/div>\n<\/div>\n\n\n\n<div class=\"wp-block-uagb-container uagb-block-11c2578b\">\n<div class=\"wp-block-uagb-image uagb-block-6e8883aa wp-block-uagb-image--layout-default wp-block-uagb-image--effect-static wp-block-uagb-image--align-none\"><figure class=\"wp-block-uagb-image__figure\"><a class=\"\" href=\"https:\/\/led.amasly.com\/es_mx\/products\/\" target=\"\" rel=\"noopener\"><img decoding=\"async\" srcset=\"https:\/\/led.amasly.com\/wp-content\/uploads\/2024\/09\/LED-Explosion-Proof-Gas-Station-Light.png ,https:\/\/led.amasly.com\/wp-content\/uploads\/2024\/09\/LED-Explosion-Proof-Gas-Station-Light.png 780w, https:\/\/led.amasly.com\/wp-content\/uploads\/2024\/09\/LED-Explosion-Proof-Gas-Station-Light.png 360w\" sizes=\"auto, (max-width: 480px) 150px\" src=\"https:\/\/led.amasly.com\/wp-content\/uploads\/2024\/09\/LED-Explosion-Proof-Gas-Station-Light.png\" alt=\"\" class=\"uag-image-1501\" width=\"300\" height=\"300\" title=\"L\u00e1mpara LED antideflagrante para gasolineras\" loading=\"lazy\" role=\"img\"><\/a><\/figure><\/div>\n<\/div>\n<\/div><\/div>\n\n\n\n<div class=\"wp-block-uagb-container uagb-block-548945b5 alignfull uagb-is-root-container\"><div class=\"uagb-container-inner-blocks-wrap\">\n<div class=\"wp-block-uagb-container uagb-block-967755d5\">\n<h4 class=\"wp-block-heading has-text-align-center\"><a href=\"https:\/\/led.amasly.com\/es_mx\/products\/\">Luces LED antideflagrantes<\/a><\/h4>\n<\/div>\n\n\n\n<div class=\"wp-block-uagb-container uagb-block-9bc52fc2\">\n<h4 class=\"wp-block-heading has-text-align-center\"><a href=\"https:\/\/led.amasly.com\/es_mx\/products\/\">Luces LED Tri-Proof<\/a><\/h4>\n<\/div>\n\n\n\n<div class=\"wp-block-uagb-container uagb-block-8ffa0a23\">\n<h4 class=\"wp-block-heading has-text-align-center\"><a href=\"https:\/\/led.amasly.com\/es_mx\/products\/\">Luces de gasolinera a prueba de explosiones<\/a><\/h4>\n<\/div>\n<\/div><\/div>\n\n\n\n<div class=\"wp-block-uagb-container uagb-block-29499fe0 alignfull uagb-is-root-container\"><div class=\"uagb-container-inner-blocks-wrap\">\n<div class=\"wp-block-uagb-container uagb-block-777ee1c7\">\n<div class=\"wp-block-uagb-image uagb-block-2e9a1851 wp-block-uagb-image--layout-default wp-block-uagb-image--effect-static wp-block-uagb-image--align-none\"><figure class=\"wp-block-uagb-image__figure\"><a class=\"\" href=\"https:\/\/led.amasly.com\/es_mx\/products\/\" target=\"\" rel=\"noopener\"><img decoding=\"async\" srcset=\"https:\/\/led.amasly.com\/wp-content\/uploads\/2024\/10\/50W-100W-150W-200W-300W-LED-Flood-Light.jpg ,https:\/\/led.amasly.com\/wp-content\/uploads\/2024\/10\/50W-100W-150W-200W-300W-LED-Flood-Light.jpg 780w, https:\/\/led.amasly.com\/wp-content\/uploads\/2024\/10\/50W-100W-150W-200W-300W-LED-Flood-Light.jpg 360w\" sizes=\"auto, (max-width: 480px) 150px\" src=\"https:\/\/led.amasly.com\/wp-content\/uploads\/2024\/10\/50W-100W-150W-200W-300W-LED-Flood-Light.jpg\" alt=\"\" class=\"uag-image-1526\" width=\"300\" height=\"300\" title=\"L\u00e1mpara de inundaci\u00f3n LED 50W 100W 150W 200W 300W\" loading=\"lazy\" role=\"img\"><\/a><\/figure><\/div>\n<\/div>\n\n\n\n<div class=\"wp-block-uagb-container uagb-block-af8c8683\">\n<div class=\"wp-block-uagb-image uagb-block-67947854 wp-block-uagb-image--layout-default wp-block-uagb-image--effect-static wp-block-uagb-image--align-none\"><figure class=\"wp-block-uagb-image__figure\"><a class=\"\" href=\"https:\/\/led.amasly.com\/es_mx\/products\/\" target=\"\" rel=\"noopener\"><img decoding=\"async\" srcset=\"https:\/\/led.amasly.com\/wp-content\/uploads\/2024\/07\/led-tri-proof-light.png ,https:\/\/led.amasly.com\/wp-content\/uploads\/2024\/07\/led-tri-proof-light.png 780w, https:\/\/led.amasly.com\/wp-content\/uploads\/2024\/07\/led-tri-proof-light.png 360w\" sizes=\"auto, (max-width: 480px) 150px\" src=\"https:\/\/led.amasly.com\/wp-content\/uploads\/2024\/07\/led-tri-proof-light.png\" alt=\"\" class=\"uag-image-1130\" width=\"300\" height=\"300\" title=\"luz led-tri-proof\" loading=\"lazy\" role=\"img\"><\/a><\/figure><\/div>\n<\/div>\n\n\n\n<div class=\"wp-block-uagb-container uagb-block-0fdfdd58\">\n<div class=\"wp-block-uagb-image uagb-block-1187d32d wp-block-uagb-image--layout-default wp-block-uagb-image--effect-static wp-block-uagb-image--align-none\"><figure class=\"wp-block-uagb-image__figure\"><a class=\"\" href=\"https:\/\/led.amasly.com\/es_mx\/products\/\" target=\"\" rel=\"noopener\"><img decoding=\"async\" srcset=\"https:\/\/led.amasly.com\/wp-content\/uploads\/2024\/07\/LED-street-light.jpg ,https:\/\/led.amasly.com\/wp-content\/uploads\/2024\/07\/LED-street-light.jpg 780w, https:\/\/led.amasly.com\/wp-content\/uploads\/2024\/07\/LED-street-light.jpg 360w\" sizes=\"auto, (max-width: 480px) 150px\" src=\"https:\/\/led.amasly.com\/wp-content\/uploads\/2024\/07\/LED-street-light.jpg\" alt=\"\" class=\"uag-image-1145\" width=\"300\" height=\"300\" title=\"Alumbrado p\u00fablico LED\" loading=\"lazy\" role=\"img\"><\/a><\/figure><\/div>\n<\/div>\n<\/div><\/div>\n\n\n\n<div class=\"wp-block-uagb-container uagb-block-6a60882c alignfull uagb-is-root-container\"><div class=\"uagb-container-inner-blocks-wrap\">\n<div class=\"wp-block-uagb-container uagb-block-f1e91a35\">\n<h4 class=\"wp-block-heading has-text-align-center\"><a href=\"https:\/\/led.amasly.com\/es_mx\/products\/\">Proyectores LED<\/a><\/h4>\n<\/div>\n\n\n\n<div class=\"wp-block-uagb-container uagb-block-165bfa58\">\n<h4 class=\"wp-block-heading has-text-align-center\"><a href=\"https:\/\/led.amasly.com\/es_mx\/products\/\">Tubos de luz LED trif\u00e1sicos<\/a><\/h4>\n<\/div>\n\n\n\n<div class=\"wp-block-uagb-container uagb-block-f6096e3b\">\n<h4 class=\"wp-block-heading has-text-align-center\"><a href=\"https:\/\/led.amasly.com\/es_mx\/products\/\">Alumbrado p\u00fablico LED<\/a><\/h4>\n<\/div>\n<\/div><\/div>\n\n\n\n<div class=\"wp-block-uagb-container uagb-block-99c0e0a5 alignfull uagb-is-root-container\"><div class=\"uagb-container-inner-blocks-wrap\"><\/div><\/div>\n\n\n\n<p><\/p>","protected":false},"excerpt":{"rendered":"<p>Intelligent Underground Parking Lots Lighting Solution In the huge underground garage space, facing the lighting needs of a large area of 24 hours, how to ensure that the garage is well-lit, safe and energy-efficient at the same time has become an important challenge. The same day energy-saving lighting close to the market demand, carefully designed [&hellip;]<\/p>\n","protected":false},"author":1,"featured_media":0,"parent":1808,"menu_order":0,"comment_status":"closed","ping_status":"closed","template":"","meta":{"_uag_custom_page_level_css":"","site-sidebar-layout":"no-sidebar","site-content-layout":"","ast-site-content-layout":"default","site-content-style":"default","site-sidebar-style":"default","ast-global-header-display":"","ast-banner-title-visibility":"","ast-main-header-display":"","ast-hfb-above-header-display":"","ast-hfb-below-header-display":"","ast-hfb-mobile-header-display":"","site-post-title":"disabled","ast-breadcrumbs-content":"","ast-featured-img":"","footer-sml-layout":"","ast-disable-related-posts":"","theme-transparent-header-meta":"enabled","adv-header-id-meta":"","stick-header-meta":"","header-above-stick-meta":"","header-main-stick-meta":"","header-below-stick-meta":"","astra-migrate-meta-layouts":"set","ast-page-background-enabled":"default","ast-page-background-meta":{"desktop":{"background-color":"var(--ast-global-color-4)","background-image":"","background-repeat":"repeat","background-position":"center center","background-size":"auto","background-attachment":"scroll","background-type":"","background-media":"","overlay-type":"","overlay-color":"","overlay-opacity":"","overlay-gradient":""},"tablet":{"background-color":"","background-image":"","background-repeat":"repeat","background-position":"center center","background-size":"auto","background-attachment":"scroll","background-type":"","background-media":"","overlay-type":"","overlay-color":"","overlay-opacity":"","overlay-gradient":""},"mobile":{"background-color":"","background-image":"","background-repeat":"repeat","background-position":"center center","background-size":"auto","background-attachment":"scroll","background-type":"","background-media":"","overlay-type":"","overlay-color":"","overlay-opacity":"","overlay-gradient":""}},"ast-content-background-meta":{"desktop":{"background-color":"var(--ast-global-color-5)","background-image":"","background-repeat":"repeat","background-position":"center center","background-size":"auto","background-attachment":"scroll","background-type":"","background-media":"","overlay-type":"","overlay-color":"","overlay-opacity":"","overlay-gradient":""},"tablet":{"background-color":"var(--ast-global-color-5)","background-image":"","background-repeat":"repeat","background-position":"center center","background-size":"auto","background-attachment":"scroll","background-type":"","background-media":"","overlay-type":"","overlay-color":"","overlay-opacity":"","overlay-gradient":""},"mobile":{"background-color":"var(--ast-global-color-5)","background-image":"","background-repeat":"repeat","background-position":"center center","background-size":"auto","background-attachment":"scroll","background-type":"","background-media":"","overlay-type":"","overlay-color":"","overlay-opacity":"","overlay-gradient":""}},"footnotes":""},"class_list":["post-1992","page","type-page","status-publish","hentry"],"uagb_featured_image_src":{"full":false,"thumbnail":false,"medium":false,"medium_large":false,"large":false,"1536x1536":false,"2048x2048":false,"trp-custom-language-flag":false},"uagb_author_info":{"display_name":"Joe","author_link":"https:\/\/led.amasly.com\/es_mx\/author\/jacklin\/"},"uagb_comment_info":0,"uagb_excerpt":"Intelligent Underground Parking Lots Lighting Solution In the huge underground garage space, facing the lighting needs of a large area of 24 hours, how to ensure that the garage is well-lit, safe and energy-efficient at the same time has become an important challenge. The same day energy-saving lighting close to the market demand, carefully designed&hellip;","_links":{"self":[{"href":"https:\/\/led.amasly.com\/es_mx\/wp-json\/wp\/v2\/pages\/1992","targetHints":{"allow":["GET"]}}],"collection":[{"href":"https:\/\/led.amasly.com\/es_mx\/wp-json\/wp\/v2\/pages"}],"about":[{"href":"https:\/\/led.amasly.com\/es_mx\/wp-json\/wp\/v2\/types\/page"}],"author":[{"embeddable":true,"href":"https:\/\/led.amasly.com\/es_mx\/wp-json\/wp\/v2\/users\/1"}],"replies":[{"embeddable":true,"href":"https:\/\/led.amasly.com\/es_mx\/wp-json\/wp\/v2\/comments?post=1992"}],"version-history":[{"count":3,"href":"https:\/\/led.amasly.com\/es_mx\/wp-json\/wp\/v2\/pages\/1992\/revisions"}],"predecessor-version":[{"id":4594,"href":"https:\/\/led.amasly.com\/es_mx\/wp-json\/wp\/v2\/pages\/1992\/revisions\/4594"}],"up":[{"embeddable":true,"href":"https:\/\/led.amasly.com\/es_mx\/wp-json\/wp\/v2\/pages\/1808"}],"wp:attachment":[{"href":"https:\/\/led.amasly.com\/es_mx\/wp-json\/wp\/v2\/media?parent=1992"}],"curies":[{"name":"wp","href":"https:\/\/api.w.org\/{rel}","templated":true}]}}