{"id":1872,"date":"2025-02-17T20:35:48","date_gmt":"2025-02-17T12:35:48","guid":{"rendered":"https:\/\/led.amasly.com\/?page_id=1872"},"modified":"2026-01-22T13:29:38","modified_gmt":"2026-01-22T05:29:38","slug":"spray-paint-booth-lighting-solution","status":"publish","type":"page","link":"https:\/\/led.amasly.com\/es_mx\/solutions\/spray-paint-booth-lighting-solution\/","title":{"rendered":"Soluci\u00f3n de iluminaci\u00f3n para cabinas de pintura"},"content":{"rendered":"<div class=\"wp-block-uagb-container uagb-block-27bae773 alignfull uagb-is-root-container\"><div class=\"uagb-container-inner-blocks-wrap\"><\/div><\/div>\n\n\n\n<h1 class=\"wp-block-heading has-text-align-center\">Soluci\u00f3n de iluminaci\u00f3n para cabinas de pintura<\/h1>\n\n\n\n<h2 class=\"wp-block-heading\">Soluci\u00f3n de iluminaci\u00f3n para cabinas de pintura en aerosol Presentaci\u00f3n:<\/h2>\n\n\n\n<p class=\"has-medium-font-size\">La cabina de pintura es un lugar dedicado a procesos como la pintura de coches. La iluminaci\u00f3n es una de las condiciones importantes para garantizar el buen desarrollo de los trabajos de pintura. A continuaci\u00f3n se presentan los requisitos est\u00e1ndar de iluminaci\u00f3n de la cabina de pintura para garantizar la seguridad y la eficacia del entorno de trabajo. <\/p>\n\n\n\n<div class=\"wp-block-uagb-image uagb-block-5cafb6e3 wp-block-uagb-image--layout-default wp-block-uagb-image--effect-static wp-block-uagb-image--align-none\"><figure class=\"wp-block-uagb-image__figure\"><img decoding=\"async\" srcset=\"https:\/\/led.amasly.com\/wp-content\/uploads\/2025\/02\/ae1190ec525cf7c5f16750c1ae3fc57b_u34809169623780316508fm253fmtautoapp138fJPEG_w750h500.jpg ,https:\/\/led.amasly.com\/wp-content\/uploads\/2025\/02\/ae1190ec525cf7c5f16750c1ae3fc57b_u34809169623780316508fm253fmtautoapp138fJPEG_w750h500.jpg 780w, https:\/\/led.amasly.com\/wp-content\/uploads\/2025\/02\/ae1190ec525cf7c5f16750c1ae3fc57b_u34809169623780316508fm253fmtautoapp138fJPEG_w750h500.jpg 360w\" sizes=\"auto, (max-width: 480px) 150px\" src=\"https:\/\/led.amasly.com\/wp-content\/uploads\/2025\/02\/ae1190ec525cf7c5f16750c1ae3fc57b_u34809169623780316508fm253fmtautoapp138fJPEG_w750h500.jpg\" alt=\"Spray Paint Booth Lighting Solution \" class=\"uag-image-1873\" width=\"750\" height=\"500\" title=\"Soluci\u00f3n de iluminaci\u00f3n para cabinas de pintura \" loading=\"lazy\" role=\"img\"\/><\/figure><\/div>\n\n\n\n<h3 class=\"wp-block-heading has-medium-font-size\">En primer lugar, soluci\u00f3n de iluminaci\u00f3n para cabinas de pintura en aerosol: la intensidad de la iluminaci\u00f3n de la cabina de pintura debe cumplir con las normas nacionales pertinentes. <\/h3>\n\n\n\n<p class=\"has-medium-font-size\">En t\u00e9rminos generales, la intensidad luminosa de la cabina de pulverizaci\u00f3n debe estar entre 500 y 1000 lux para garantizar que el personal pueda ver claramente el \u00e1rea de trabajo y evitar errores o accidentes laborales causados por una iluminaci\u00f3n insuficiente.<\/p>\n\n\n\n<h3 class=\"wp-block-heading has-medium-font-size\">En segundo lugar, soluci\u00f3n de iluminaci\u00f3n para cabinas de pintura en aerosol: el equipo de iluminaci\u00f3n de la cabina de pintura debe tener ciertas prestaciones antideflagrantes. <\/h3>\n\n\n\n<p class=\"has-medium-font-size\">La pintura es una sustancia qu\u00edmica inflamable. Cuando la concentraci\u00f3n de pintura en el aire alcanza un determinado nivel, se inflama y explota al exponerse a altas temperaturas o llamas abiertas. La cabina de pintura es un lugar donde siempre hay pintura presente. El riesgo de incendio del taller de la cabina de pulverizaci\u00f3n est\u00e1 relacionado con el tipo de pintura utilizada, el m\u00e9todo de pulverizaci\u00f3n y la cantidad utilizada, as\u00ed como con las condiciones de la cabina de pulverizaci\u00f3n. En situaciones en las que se utilizan pinturas inflamables y disolventes org\u00e1nicos, el riesgo de explosi\u00f3n e incendio es mayor. Los accidentes por explosi\u00f3n e incendio pueden causar graves p\u00e9rdidas de vidas y bienes y afectar seriamente al proceso normal de producci\u00f3n. <\/p>\n\n\n\n<p class=\"has-medium-font-size\">Las l\u00e1mparas a prueba de explosiones son l\u00e1mparas que incorporan diversas medidas espec\u00edficas para evitar la ignici\u00f3n de mezclas explosivas circundantes, como entornos con gases explosivos, entornos con polvo explosivo y gases. Es decir, las l\u00e1mparas LED a prueba de explosiones no presentan riesgo de combusti\u00f3n ni explosi\u00f3n cuando entran en contacto con gases explosivos y pueden desempe\u00f1ar una funci\u00f3n a prueba de explosiones. Al mismo tiempo, el nivel de protecci\u00f3n del equipo de iluminaci\u00f3n tambi\u00e9n debe cumplir los requisitos del entorno de trabajo de la cabina de pulverizaci\u00f3n para evitar da\u00f1os en las l\u00e1mparas por polvo, gases corrosivos, etc.<\/p>\n\n\n\n<div class=\"wp-block-uagb-image uagb-block-70264c38 wp-block-uagb-image--layout-default wp-block-uagb-image--effect-static wp-block-uagb-image--align-none\"><figure class=\"wp-block-uagb-image__figure\"><img decoding=\"async\" srcset=\"https:\/\/led.amasly.com\/wp-content\/uploads\/2025\/02\/c2956f7d5b3578c1a7dd90ac99459aab_u1350078580711437809fm253fmtautoapp138fJPEG_w667h500.jpg ,https:\/\/led.amasly.com\/wp-content\/uploads\/2025\/02\/c2956f7d5b3578c1a7dd90ac99459aab_u1350078580711437809fm253fmtautoapp138fJPEG_w667h500.jpg 780w, https:\/\/led.amasly.com\/wp-content\/uploads\/2025\/02\/c2956f7d5b3578c1a7dd90ac99459aab_u1350078580711437809fm253fmtautoapp138fJPEG_w667h500.jpg 360w\" sizes=\"auto, (max-width: 480px) 150px\" src=\"https:\/\/led.amasly.com\/wp-content\/uploads\/2025\/02\/c2956f7d5b3578c1a7dd90ac99459aab_u1350078580711437809fm253fmtautoapp138fJPEG_w667h500.jpg\" alt=\"\" class=\"uag-image-1875\" width=\"500\" height=\"375\" title=\"c2956f7d5b3578c1a7dd90ac99459aab_u=1350078580,711437809&amp;fm=253&amp;fmt=auto&amp;app=138&amp;f=JPEG_w=667&amp;h=500\" loading=\"lazy\" role=\"img\"><\/figure><\/div>\n\n\n\n<p class=\"has-medium-font-size\">Adem\u00e1s, el equipo de iluminaci\u00f3n de la cabina de pintura debe tener cierta resistencia a la corrosi\u00f3n. Los productos qu\u00edmicos y disolventes de la cabina de pintura pueden provocar cierta corrosi\u00f3n en el equipo de iluminaci\u00f3n. Por lo tanto, los materiales del equipo de iluminaci\u00f3n deben estar hechos de materiales con buena resistencia a la corrosi\u00f3n, y se requiere una inspecci\u00f3n y mantenimiento regulares para garantizar su funcionamiento normal y vida \u00fatil. <\/p>\n\n\n\n<p class=\"has-medium-font-size\">Adem\u00e1s, el equipo de iluminaci\u00f3n de la cabina de pintura tambi\u00e9n debe tener un cierto nivel de protecci\u00f3n contra el polvo. Durante el proceso de pintura a pistola, se producir\u00e1 una gran cantidad de part\u00edculas finas. Si entran en el interior del equipo de iluminaci\u00f3n, no s\u00f3lo afectar\u00e1 al efecto de iluminaci\u00f3n, sino que tambi\u00e9n puede causar fallos en el equipo. Por lo tanto, el equipo de iluminaci\u00f3n debe contar con medidas eficaces de protecci\u00f3n contra el polvo, como un dise\u00f1o sellado y filtros, para reducir el impacto de las part\u00edculas externas en el equipo. <\/p>\n\n\n\n<h2 class=\"wp-block-heading has-large-font-size\">Soluci\u00f3n de iluminaci\u00f3n para cabinas de pintura en aerosol: Requisitos de iluminaci\u00f3n en una cabina de pintura:<\/h2>\n\n\n\n<p class=\"has-medium-font-size\">1. 1. Intensidad de iluminaci\u00f3n adecuada: La cabina de pulverizaci\u00f3n debe proporcionar una intensidad de iluminaci\u00f3n suficiente para garantizar que los trabajadores puedan ver con precisi\u00f3n la zona de trabajo y los objetos procesados. Por lo general, la intensidad de iluminaci\u00f3n debe situarse entre 500 y 1.000 lux. <\/p>\n\n\n\n<div class=\"wp-block-uagb-image uagb-block-5a9e8c5b wp-block-uagb-image--layout-default wp-block-uagb-image--effect-static wp-block-uagb-image--align-none\"><figure class=\"wp-block-uagb-image__figure\"><a class=\"\" href=\"https:\/\/led.amasly.com\/es_mx\/\" target=\"\" rel=\"noopener\"><img decoding=\"async\" srcset=\"https:\/\/led.amasly.com\/wp-content\/uploads\/2025\/02\/ce5b1501b901acdd8f26292758e2967e_painter-5956474_1280-1024x683.jpg ,https:\/\/led.amasly.com\/wp-content\/uploads\/2025\/02\/ce5b1501b901acdd8f26292758e2967e_painter-5956474_1280.jpg 780w, https:\/\/led.amasly.com\/wp-content\/uploads\/2025\/02\/ce5b1501b901acdd8f26292758e2967e_painter-5956474_1280.jpg 360w\" sizes=\"auto, (max-width: 480px) 150px\" src=\"https:\/\/led.amasly.com\/wp-content\/uploads\/2025\/02\/ce5b1501b901acdd8f26292758e2967e_painter-5956474_1280-1024x683.jpg\" alt=\"\" class=\"uag-image-1876\" width=\"1280\" height=\"854\" title=\"ce5b1501b901acdd8f26292758e2967e_painter-5956474_1280\" loading=\"lazy\" role=\"img\"><\/a><\/figure><\/div>\n\n\n\n<p class=\"has-medium-font-size\">2. Distribuci\u00f3n uniforme de la iluminaci\u00f3n: El proceso de pintado requiere una distribuci\u00f3n uniforme de la iluminaci\u00f3n para evitar obstrucciones visuales causadas por sombras o reflejos. Por lo tanto, deben instalarse varios dispositivos de iluminaci\u00f3n en la cabina de pintura para garantizar que toda la zona de trabajo est\u00e9 iluminada uniformemente. <\/p>\n\n\n\n<p class=\"has-medium-font-size\">3. Buena reproducci\u00f3n crom\u00e1tica: El sistema de iluminaci\u00f3n de la cabina de pulverizaci\u00f3n debe tener una buena reproducci\u00f3n crom\u00e1tica para garantizar que los colores de los objetos pulverizados puedan visualizarse con precisi\u00f3n. Elija el equipo de iluminaci\u00f3n y los accesorios adecuados para minimizar la distorsi\u00f3n del color. <\/p>\n\n\n\n<p class=\"has-medium-font-size\">4. Equipo de iluminaci\u00f3n a prueba de explosiones: El equipo de iluminaci\u00f3n de la cabina de pulverizaci\u00f3n debe cumplir los requisitos a prueba de explosiones para evitar accidentes por incendio o explosi\u00f3n causados por el equipo de iluminaci\u00f3n durante el proceso de pintura por pulverizaci\u00f3n. Utilice l\u00e1mparas a prueba de explosiones y sistemas de iluminaci\u00f3n especialmente dise\u00f1ados para garantizar la seguridad del entorno de trabajo. <\/p>\n\n\n\n<p class=\"has-medium-font-size\">5. Dise\u00f1o a prueba de polvo: Durante el proceso de pintura, se produce una gran cantidad de polvo y part\u00edculas finas. Los equipos de iluminaci\u00f3n de la cabina de pintura deben tener un dise\u00f1o a prueba de polvo para evitar que el polvo penetre en las luminarias, lo que podr\u00eda provocar fallos en las l\u00e1mparas o afectar al efecto de la iluminaci\u00f3n. <\/p>\n\n\n\n<p class=\"has-medium-font-size\">6. \u00c1ngulo de iluminaci\u00f3n ajustable: Durante el proceso de pintado, los trabajadores pueden necesitar ajustar el \u00e1ngulo de iluminaci\u00f3n para conseguir el mejor efecto visual. Por lo tanto, el equipo de iluminaci\u00f3n de la cabina de pintura debe tener un \u00e1ngulo de iluminaci\u00f3n ajustable para satisfacer diferentes requisitos operativos. <\/p>\n\n\n\n<div class=\"wp-block-uagb-image uagb-block-2134e63a wp-block-uagb-image--layout-default wp-block-uagb-image--effect-static wp-block-uagb-image--align-none\"><figure class=\"wp-block-uagb-image__figure\"><img decoding=\"async\" srcset=\"https:\/\/led.amasly.com\/wp-content\/uploads\/2025\/02\/88150ef17596ea36df23e5b819afb9e2_u42383924702067432178fm253fmtautoapp138fJPEG_w751h500.jpg ,https:\/\/led.amasly.com\/wp-content\/uploads\/2025\/02\/88150ef17596ea36df23e5b819afb9e2_u42383924702067432178fm253fmtautoapp138fJPEG_w751h500.jpg 780w, https:\/\/led.amasly.com\/wp-content\/uploads\/2025\/02\/88150ef17596ea36df23e5b819afb9e2_u42383924702067432178fm253fmtautoapp138fJPEG_w751h500.jpg 360w\" sizes=\"auto, (max-width: 480px) 150px\" src=\"https:\/\/led.amasly.com\/wp-content\/uploads\/2025\/02\/88150ef17596ea36df23e5b819afb9e2_u42383924702067432178fm253fmtautoapp138fJPEG_w751h500.jpg\" alt=\"\" class=\"uag-image-1877\" width=\"751\" height=\"500\" title=\"88150ef17596ea36df23e5b819afb9e2_u=4238392470,2067432178&amp;fm=253&amp;fmt=auto&amp;app=138&amp;f=JPEG_w=751&amp;h=500\" loading=\"lazy\" role=\"img\"><\/figure><\/div>\n\n\n\n<p class=\"has-medium-font-size\">En conclusi\u00f3n, existen ciertas normas para la iluminaci\u00f3n de las cabinas de pintura. La intensidad de la iluminaci\u00f3n, el rendimiento a prueba de explosiones, la resistencia a la corrosi\u00f3n y el rendimiento a prueba de polvo son factores importantes que deben tenerse en cuenta en el dise\u00f1o de la iluminaci\u00f3n de las cabinas de pintura. S\u00f3lo cumpliendo estos requisitos se puede garantizar la seguridad y la eficacia de los trabajos de pintura por pulverizaci\u00f3n. Por lo tanto, en el dise\u00f1o de la iluminaci\u00f3n y la selecci\u00f3n del equipo de las cabinas de pintura por pulverizaci\u00f3n, es necesario operar estrictamente de acuerdo con las normas pertinentes para garantizar unas buenas condiciones de trabajo y la seguridad de los operarios.<\/p>\n\n\n\n<p>Est\u00e1ndar: <a href=\"http:\/\/www.iec.com\" rel=\"nofollow noopener\" target=\"_blank\">IEC 60598 IEC60079<\/a><\/p>\n\n\n\n<div class=\"wp-block-uagb-container uagb-block-c7d898dd alignfull uagb-is-root-container\"><div class=\"uagb-container-inner-blocks-wrap\"><\/div><\/div>\n\n\n\n<h2 class=\"wp-block-heading\">Productos relacionados<\/h2>\n\n\n\n<div class=\"wp-block-uagb-container uagb-block-66e4defc alignfull uagb-is-root-container\"><div class=\"uagb-container-inner-blocks-wrap\">\n<div class=\"wp-block-uagb-container uagb-block-a42945f9\">\n<div class=\"wp-block-uagb-image uagb-block-7296296b wp-block-uagb-image--layout-default wp-block-uagb-image--effect-static wp-block-uagb-image--align-none\"><figure class=\"wp-block-uagb-image__figure\"><a class=\"\" href=\"https:\/\/led.amasly.com\/es_mx\/products\/\" target=\"\" rel=\"noopener\"><img decoding=\"async\" srcset=\"https:\/\/led.amasly.com\/wp-content\/uploads\/2024\/09\/Explosion-proof-high-bay-lights.png ,https:\/\/led.amasly.com\/wp-content\/uploads\/2024\/09\/Explosion-proof-high-bay-lights.png 780w, https:\/\/led.amasly.com\/wp-content\/uploads\/2024\/09\/Explosion-proof-high-bay-lights.png 360w\" sizes=\"auto, (max-width: 480px) 150px\" src=\"https:\/\/led.amasly.com\/wp-content\/uploads\/2024\/09\/Explosion-proof-high-bay-lights.png\" alt=\"\" class=\"uag-image-1495\" width=\"300\" height=\"300\" title=\"Luces de gran altura a prueba de explosiones\" loading=\"lazy\" role=\"img\"><\/a><\/figure><\/div>\n<\/div>\n\n\n\n<div class=\"wp-block-uagb-container uagb-block-4d3efde5\">\n<div class=\"wp-block-uagb-image uagb-block-c9e90797 wp-block-uagb-image--layout-default wp-block-uagb-image--effect-static wp-block-uagb-image--align-none\"><figure class=\"wp-block-uagb-image__figure\"><a class=\"\" href=\"https:\/\/led.amasly.com\/es_mx\/products\/\" target=\"\" rel=\"noopener\"><img decoding=\"async\" srcset=\"https:\/\/led.amasly.com\/wp-content\/uploads\/2024\/07\/LED-tri-proof-lights2.png ,https:\/\/led.amasly.com\/wp-content\/uploads\/2024\/07\/LED-tri-proof-lights2.png 780w, https:\/\/led.amasly.com\/wp-content\/uploads\/2024\/07\/LED-tri-proof-lights2.png 360w\" sizes=\"auto, (max-width: 480px) 150px\" src=\"https:\/\/led.amasly.com\/wp-content\/uploads\/2024\/07\/LED-tri-proof-lights2.png\" alt=\"\" class=\"uag-image-1132\" width=\"300\" height=\"300\" title=\"Luces LED-tri-proof2\" loading=\"lazy\" role=\"img\"><\/a><\/figure><\/div>\n<\/div>\n\n\n\n<div class=\"wp-block-uagb-container uagb-block-11c2578b\">\n<div class=\"wp-block-uagb-image uagb-block-6e8883aa wp-block-uagb-image--layout-default wp-block-uagb-image--effect-static wp-block-uagb-image--align-none\"><figure class=\"wp-block-uagb-image__figure\"><a class=\"\" href=\"https:\/\/led.amasly.com\/es_mx\/products\/\" target=\"\" rel=\"noopener\"><img decoding=\"async\" srcset=\"https:\/\/led.amasly.com\/wp-content\/uploads\/2024\/09\/LED-Explosion-Proof-Gas-Station-Light.png ,https:\/\/led.amasly.com\/wp-content\/uploads\/2024\/09\/LED-Explosion-Proof-Gas-Station-Light.png 780w, https:\/\/led.amasly.com\/wp-content\/uploads\/2024\/09\/LED-Explosion-Proof-Gas-Station-Light.png 360w\" sizes=\"auto, (max-width: 480px) 150px\" src=\"https:\/\/led.amasly.com\/wp-content\/uploads\/2024\/09\/LED-Explosion-Proof-Gas-Station-Light.png\" alt=\"\" class=\"uag-image-1501\" width=\"300\" height=\"300\" title=\"L\u00e1mpara LED antideflagrante para gasolineras\" loading=\"lazy\" role=\"img\"><\/a><\/figure><\/div>\n<\/div>\n<\/div><\/div>\n\n\n\n<div class=\"wp-block-uagb-container uagb-block-548945b5 alignfull uagb-is-root-container\"><div class=\"uagb-container-inner-blocks-wrap\">\n<div class=\"wp-block-uagb-container uagb-block-967755d5\">\n<h4 class=\"wp-block-heading has-text-align-center\"><a href=\"https:\/\/led.amasly.com\/es_mx\/products\/\">Luces LED antideflagrantes<\/a><\/h4>\n<\/div>\n\n\n\n<div class=\"wp-block-uagb-container uagb-block-9bc52fc2\">\n<h4 class=\"wp-block-heading has-text-align-center\"><a href=\"https:\/\/led.amasly.com\/es_mx\/products\/\">Luces LED Tri-Proof<\/a><\/h4>\n<\/div>\n\n\n\n<div class=\"wp-block-uagb-container uagb-block-8ffa0a23\">\n<h4 class=\"wp-block-heading has-text-align-center\"><a href=\"https:\/\/led.amasly.com\/es_mx\/products\/\">Luces de gasolinera a prueba de explosiones<\/a><\/h4>\n<\/div>\n<\/div><\/div>\n\n\n\n<div class=\"wp-block-uagb-container uagb-block-29499fe0 alignfull uagb-is-root-container\"><div class=\"uagb-container-inner-blocks-wrap\">\n<div class=\"wp-block-uagb-container uagb-block-777ee1c7\">\n<div class=\"wp-block-uagb-image uagb-block-2e9a1851 wp-block-uagb-image--layout-default wp-block-uagb-image--effect-static wp-block-uagb-image--align-none\"><figure class=\"wp-block-uagb-image__figure\"><a class=\"\" href=\"https:\/\/led.amasly.com\/es_mx\/products\/\" target=\"\" rel=\"noopener\"><img decoding=\"async\" srcset=\"https:\/\/led.amasly.com\/wp-content\/uploads\/2024\/10\/50W-100W-150W-200W-300W-LED-Flood-Light.jpg ,https:\/\/led.amasly.com\/wp-content\/uploads\/2024\/10\/50W-100W-150W-200W-300W-LED-Flood-Light.jpg 780w, https:\/\/led.amasly.com\/wp-content\/uploads\/2024\/10\/50W-100W-150W-200W-300W-LED-Flood-Light.jpg 360w\" sizes=\"auto, (max-width: 480px) 150px\" src=\"https:\/\/led.amasly.com\/wp-content\/uploads\/2024\/10\/50W-100W-150W-200W-300W-LED-Flood-Light.jpg\" alt=\"\" class=\"uag-image-1526\" width=\"300\" height=\"300\" title=\"L\u00e1mpara de inundaci\u00f3n LED 50W 100W 150W 200W 300W\" loading=\"lazy\" role=\"img\"><\/a><\/figure><\/div>\n<\/div>\n\n\n\n<div class=\"wp-block-uagb-container uagb-block-af8c8683\">\n<div class=\"wp-block-uagb-image uagb-block-67947854 wp-block-uagb-image--layout-default wp-block-uagb-image--effect-static wp-block-uagb-image--align-none\"><figure class=\"wp-block-uagb-image__figure\"><a class=\"\" href=\"https:\/\/led.amasly.com\/es_mx\/products\/\" target=\"\" rel=\"noopener\"><img decoding=\"async\" srcset=\"https:\/\/led.amasly.com\/wp-content\/uploads\/2024\/07\/led-tri-proof-light.png ,https:\/\/led.amasly.com\/wp-content\/uploads\/2024\/07\/led-tri-proof-light.png 780w, https:\/\/led.amasly.com\/wp-content\/uploads\/2024\/07\/led-tri-proof-light.png 360w\" sizes=\"auto, (max-width: 480px) 150px\" src=\"https:\/\/led.amasly.com\/wp-content\/uploads\/2024\/07\/led-tri-proof-light.png\" alt=\"\" class=\"uag-image-1130\" width=\"300\" height=\"300\" title=\"luz led-tri-proof\" loading=\"lazy\" role=\"img\"><\/a><\/figure><\/div>\n<\/div>\n\n\n\n<div class=\"wp-block-uagb-container uagb-block-0fdfdd58\">\n<div class=\"wp-block-uagb-image uagb-block-1187d32d wp-block-uagb-image--layout-default wp-block-uagb-image--effect-static wp-block-uagb-image--align-none\"><figure class=\"wp-block-uagb-image__figure\"><a class=\"\" href=\"https:\/\/led.amasly.com\/es_mx\/products\/\" target=\"\" rel=\"noopener\"><img decoding=\"async\" srcset=\"https:\/\/led.amasly.com\/wp-content\/uploads\/2024\/07\/LED-street-light.jpg ,https:\/\/led.amasly.com\/wp-content\/uploads\/2024\/07\/LED-street-light.jpg 780w, https:\/\/led.amasly.com\/wp-content\/uploads\/2024\/07\/LED-street-light.jpg 360w\" sizes=\"auto, (max-width: 480px) 150px\" src=\"https:\/\/led.amasly.com\/wp-content\/uploads\/2024\/07\/LED-street-light.jpg\" alt=\"\" class=\"uag-image-1145\" width=\"300\" height=\"300\" title=\"Alumbrado p\u00fablico LED\" loading=\"lazy\" role=\"img\"><\/a><\/figure><\/div>\n<\/div>\n<\/div><\/div>\n\n\n\n<div class=\"wp-block-uagb-container uagb-block-6a60882c alignfull uagb-is-root-container\"><div class=\"uagb-container-inner-blocks-wrap\">\n<div class=\"wp-block-uagb-container uagb-block-f1e91a35\">\n<h4 class=\"wp-block-heading has-text-align-center\"><a href=\"https:\/\/led.amasly.com\/es_mx\/products\/\">Proyectores LED<\/a><\/h4>\n<\/div>\n\n\n\n<div class=\"wp-block-uagb-container uagb-block-165bfa58\">\n<h4 class=\"wp-block-heading has-text-align-center\"><a href=\"https:\/\/led.amasly.com\/es_mx\/products\/\">Tubos de luz LED trif\u00e1sicos<\/a><\/h4>\n<\/div>\n\n\n\n<div class=\"wp-block-uagb-container uagb-block-f6096e3b\">\n<h4 class=\"wp-block-heading has-text-align-center\"><a href=\"https:\/\/led.amasly.com\/es_mx\/products\/\">Alumbrado p\u00fablico LED<\/a><\/h4>\n<\/div>\n<\/div><\/div>\n\n\n\n<p><\/p>","protected":false},"excerpt":{"rendered":"<p>Spray Paint Booth Lighting Solution Spray Paint Booth Lighting Solution Introduce: The spray booth is a dedicated place for processes such as car painting. Lighting is one of the important conditions to ensure the smooth progress of the painting work. The following will introduce the standard requirements for lighting in the spray booth to ensure [&hellip;]<\/p>\n","protected":false},"author":1,"featured_media":0,"parent":1808,"menu_order":0,"comment_status":"closed","ping_status":"closed","template":"","meta":{"_uag_custom_page_level_css":"","site-sidebar-layout":"no-sidebar","site-content-layout":"","ast-site-content-layout":"default","site-content-style":"default","site-sidebar-style":"default","ast-global-header-display":"","ast-banner-title-visibility":"","ast-main-header-display":"","ast-hfb-above-header-display":"","ast-hfb-below-header-display":"","ast-hfb-mobile-header-display":"","site-post-title":"disabled","ast-breadcrumbs-content":"","ast-featured-img":"","footer-sml-layout":"","ast-disable-related-posts":"","theme-transparent-header-meta":"enabled","adv-header-id-meta":"","stick-header-meta":"","header-above-stick-meta":"","header-main-stick-meta":"","header-below-stick-meta":"","astra-migrate-meta-layouts":"set","ast-page-background-enabled":"default","ast-page-background-meta":{"desktop":{"background-color":"var(--ast-global-color-4)","background-image":"","background-repeat":"repeat","background-position":"center center","background-size":"auto","background-attachment":"scroll","background-type":"","background-media":"","overlay-type":"","overlay-color":"","overlay-opacity":"","overlay-gradient":""},"tablet":{"background-color":"","background-image":"","background-repeat":"repeat","background-position":"center center","background-size":"auto","background-attachment":"scroll","background-type":"","background-media":"","overlay-type":"","overlay-color":"","overlay-opacity":"","overlay-gradient":""},"mobile":{"background-color":"","background-image":"","background-repeat":"repeat","background-position":"center center","background-size":"auto","background-attachment":"scroll","background-type":"","background-media":"","overlay-type":"","overlay-color":"","overlay-opacity":"","overlay-gradient":""}},"ast-content-background-meta":{"desktop":{"background-color":"var(--ast-global-color-5)","background-image":"","background-repeat":"repeat","background-position":"center center","background-size":"auto","background-attachment":"scroll","background-type":"","background-media":"","overlay-type":"","overlay-color":"","overlay-opacity":"","overlay-gradient":""},"tablet":{"background-color":"var(--ast-global-color-5)","background-image":"","background-repeat":"repeat","background-position":"center center","background-size":"auto","background-attachment":"scroll","background-type":"","background-media":"","overlay-type":"","overlay-color":"","overlay-opacity":"","overlay-gradient":""},"mobile":{"background-color":"var(--ast-global-color-5)","background-image":"","background-repeat":"repeat","background-position":"center center","background-size":"auto","background-attachment":"scroll","background-type":"","background-media":"","overlay-type":"","overlay-color":"","overlay-opacity":"","overlay-gradient":""}},"footnotes":""},"class_list":["post-1872","page","type-page","status-publish","hentry"],"uagb_featured_image_src":{"full":false,"thumbnail":false,"medium":false,"medium_large":false,"large":false,"1536x1536":false,"2048x2048":false,"trp-custom-language-flag":false},"uagb_author_info":{"display_name":"Joe","author_link":"https:\/\/led.amasly.com\/es_mx\/author\/jacklin\/"},"uagb_comment_info":0,"uagb_excerpt":"Spray Paint Booth Lighting Solution Spray Paint Booth Lighting Solution Introduce: The spray booth is a dedicated place for processes such as car painting. Lighting is one of the important conditions to ensure the smooth progress of the painting work. The following will introduce the standard requirements for lighting in the spray booth to ensure&hellip;","_links":{"self":[{"href":"https:\/\/led.amasly.com\/es_mx\/wp-json\/wp\/v2\/pages\/1872","targetHints":{"allow":["GET"]}}],"collection":[{"href":"https:\/\/led.amasly.com\/es_mx\/wp-json\/wp\/v2\/pages"}],"about":[{"href":"https:\/\/led.amasly.com\/es_mx\/wp-json\/wp\/v2\/types\/page"}],"author":[{"embeddable":true,"href":"https:\/\/led.amasly.com\/es_mx\/wp-json\/wp\/v2\/users\/1"}],"replies":[{"embeddable":true,"href":"https:\/\/led.amasly.com\/es_mx\/wp-json\/wp\/v2\/comments?post=1872"}],"version-history":[{"count":4,"href":"https:\/\/led.amasly.com\/es_mx\/wp-json\/wp\/v2\/pages\/1872\/revisions"}],"predecessor-version":[{"id":4586,"href":"https:\/\/led.amasly.com\/es_mx\/wp-json\/wp\/v2\/pages\/1872\/revisions\/4586"}],"up":[{"embeddable":true,"href":"https:\/\/led.amasly.com\/es_mx\/wp-json\/wp\/v2\/pages\/1808"}],"wp:attachment":[{"href":"https:\/\/led.amasly.com\/es_mx\/wp-json\/wp\/v2\/media?parent=1872"}],"curies":[{"name":"wp","href":"https:\/\/api.w.org\/{rel}","templated":true}]}}