{"id":4971,"date":"2026-02-05T23:13:44","date_gmt":"2026-02-05T15:13:44","guid":{"rendered":"https:\/\/led.amasly.com\/?page_id=4971"},"modified":"2026-02-05T23:13:47","modified_gmt":"2026-02-05T15:13:47","slug":"20-60w-explosion-proof-led-linear-light-analysis-selection-and-installation-guide","status":"publish","type":"page","link":"https:\/\/led.amasly.com\/es\/knowledge\/explosion-proof-products-knowledge\/20-60w-explosion-proof-led-linear-light-analysis-selection-and-installation-guide\/","title":{"rendered":"20-60w luz lineal led antideflagrante Gu\u00eda de an\u00e1lisis, selecci\u00f3n e instalaci\u00f3n"},"content":{"rendered":"<div class=\"wp-block-uagb-container uagb-block-27bae773 alignfull uagb-is-root-container\"><div class=\"uagb-container-inner-blocks-wrap\"><\/div><\/div>\n\n\n\n<h1 class=\"wp-block-heading has-text-align-center\"><strong>20-60w luz lineal led a prueba de explosiones<\/strong><strong>&nbsp;Gu\u00eda de an\u00e1lisis, selecci\u00f3n e instalaci\u00f3n<\/strong><strong><\/strong><\/h1>\n\n\n\n<p>Existen numerosos <strong>20-60w Luz LED lineal antideflagrante<\/strong>. \u00bfC\u00f3mo elegir? En este art\u00edculo se ofrece una descripci\u00f3n detallada de varias luminarias lineales LED antideflagrantes comunes, con un an\u00e1lisis y una comparaci\u00f3n exhaustivos de las caracter\u00edsticas, los materiales, las especificaciones, las dimensiones, los m\u00e9todos de instalaci\u00f3n y los entornos de aplicaci\u00f3n de los productos. Le guiar\u00e1 en la elecci\u00f3n de la luminaria lineal LED antideflagrante m\u00e1s adecuada:<\/p>\n\n\n\n<h2 class=\"wp-block-heading\">1.\u00a0<strong>20-60w Luz LED lineal a prueba de explosiones: Luz fluorescente LED totalmente de pl\u00e1stico, resistente a la corrosi\u00f3n y a prueba de explosiones<\/strong><\/h2>\n\n\n\n<div class=\"wp-block-uagb-image uagb-block-a0378858 wp-block-uagb-image--layout-default wp-block-uagb-image--effect-static wp-block-uagb-image--align-none\"><figure class=\"wp-block-uagb-image__figure\"><img decoding=\"async\" srcset=\"https:\/\/led.amasly.com\/wp-content\/uploads\/2026\/02\/Explosion-proof-linear-fluorescence-lights.png ,https:\/\/led.amasly.com\/wp-content\/uploads\/2026\/02\/Explosion-proof-linear-fluorescence-lights.png 780w, https:\/\/led.amasly.com\/wp-content\/uploads\/2026\/02\/Explosion-proof-linear-fluorescence-lights.png 360w\" sizes=\"auto, (max-width: 480px) 150px\" src=\"https:\/\/led.amasly.com\/wp-content\/uploads\/2026\/02\/Explosion-proof-linear-fluorescence-lights.png\" alt=\"\" class=\"uag-image-4972\" width=\"300\" height=\"300\" title=\"L\u00e1mparas de fluorescencia lineal antideflagrantes\" loading=\"lazy\" role=\"img\"><\/figure><\/div>\n\n\n\n<h3 class=\"wp-block-heading\"><strong>Caracter\u00edsticas:<\/strong><strong><\/strong><\/h3>\n\n\n\n<p>Carcasa moldeada por inyecci\u00f3n de material de aleaci\u00f3n de policarbonato, con gran resistencia a los impactos, a las altas temperaturas, al fr\u00edo y a la corrosi\u00f3n;<\/p>\n\n\n\n<p>Lente moldeada por inyecci\u00f3n de material de policarbonato, de alta transmitancia luminosa, capaz de soportar fuertes impactos, con dise\u00f1o estriado que evita eficazmente el deslumbramiento;<\/p>\n\n\n\n<p>M\u00f3dulo de iluminaci\u00f3n de emergencia disponible bajo pedido; cambia autom\u00e1ticamente al modo de emergencia durante los cortes de corriente;<\/p>\n\n\n\n<p>Dimensiones: 0,6 m y 1,2 m<\/p>\n\n\n\n<p>Potencia: 9 W, 18 W, 30 W, 36 W, 2x9 W, 2x18 W, 2x30 W, 2x36 W<\/p>\n\n\n\n<p>Voltaje: AC110V, AC220V<\/p>\n\n\n\n<p>Clasificaci\u00f3n a prueba de explosiones: Ex db eb \u2161C T6 Gb \/ Ex tb \u2162C T80\u2103 Db *Ex db eb mb \u2161C T6 Gb \/ Ex tb \u2162C T80\u2103 Db.<\/p>\n\n\n\n<p>Grado de protecci\u00f3n: IP66<\/p>\n\n\n\n<p>M\u00e9todos de montaje: Techo empotrado, Barra colgante, Montaje en pared, Suspensi\u00f3n por cadena, Barra curva, Montaje con brida, Montaje en carril<\/p>\n\n\n\n<p>Aplicaci\u00f3n: El producto es adecuado para su uso en f\u00e1bricas, calles, almacenes, talleres y otros lugares.<\/p>\n\n\n\n<h2 class=\"wp-block-heading\">2.\u00a0<strong>20-60w Luz LED lineal a prueba de explosiones: Tubo de luz antideflagrante<\/strong><\/h2>\n\n\n\n<figure class=\"wp-block-image aligncenter size-full\"><img decoding=\"async\" width=\"300\" height=\"300\" src=\"https:\/\/led.amasly.com\/wp-content\/uploads\/2026\/02\/Explosion-proof-tube-light.jpg\" alt=\"\" class=\"wp-image-4973\" title=\"\" srcset=\"https:\/\/led.amasly.com\/wp-content\/uploads\/2026\/02\/Explosion-proof-tube-light.jpg 300w, https:\/\/led.amasly.com\/wp-content\/uploads\/2026\/02\/Explosion-proof-tube-light-150x150.jpg 150w, https:\/\/led.amasly.com\/wp-content\/uploads\/2026\/02\/Explosion-proof-tube-light-12x12.jpg 12w\" sizes=\"(max-width: 300px) 100vw, 300px\" \/><\/figure>\n\n\n\n<h3 class=\"wp-block-heading\"><strong>Caracter\u00edsticas:<\/strong><strong><\/strong><\/h3>\n\n\n\n<p>Carcasa: Aleaci\u00f3n de aluminio fundido a presi\u00f3n con superficie granallada y recubrimiento de polvo electrost\u00e1tico de alta presi\u00f3n;<\/p>\n\n\n\n<p>Tubo transparente: Vidrio templado de alta resistencia;<\/p>\n\n\n\n<p>Fijaciones expuestas: Acero inoxidable de alta resistencia a la corrosi\u00f3n;<\/p>\n\n\n\n<p>Incorpora una rejilla para optimizar la distribuci\u00f3n de la luz y reducir el deslumbramiento;<\/p>\n\n\n\n<p>La carcasa alcanza un grado de protecci\u00f3n IP66, por lo que resiste eficazmente fuertes aguaceros;<\/p>\n\n\n\n<p>Dimensiones: 0,6 m y 1,2 m<\/p>\n\n\n\n<p>Potencia: 9 W, 18 W, 36 W, 2x9 W, 2x18 W, 2x30 W, 2x36 W<\/p>\n\n\n\n<p>Voltaje: AC110V, AC220V<\/p>\n\n\n\n<p>Clasificaci\u00f3n antideflagrante: Ex nRIIC T6 GcEx tb lC T80\u00b0C Db<\/p>\n\n\n\n<p>Grado de protecci\u00f3n: IP66<\/p>\n\n\n\n<p>Opciones de montaje: Techo empotrado, montaje en poste, montaje en pared, suspensi\u00f3n por cadena, brazo curvo, montaje con brida, montaje en barandilla<\/p>\n\n\n\n<p>Aplicaciones: Ampliamente utilizado para iluminaci\u00f3n de trabajo en instalaciones petrol\u00edferas, qu\u00edmicas, muelles, puertos, aeroespaciales, aviaci\u00f3n y militares;<\/p>\n\n\n\n<p>Adecuado para entornos que requieren una alta resistencia a la humedad y protecci\u00f3n contra la corrosi\u00f3n.<\/p>\n\n\n\n<h2 class=\"wp-block-heading\">3.\u00a0<strong>20-60w Luz LED lineal a prueba de explosiones: Luz fluorescente limpia a prueba de explosiones<\/strong><\/h2>\n\n\n\n<figure class=\"wp-block-image aligncenter size-full\"><img decoding=\"async\" width=\"300\" height=\"300\" src=\"https:\/\/led.amasly.com\/wp-content\/uploads\/2026\/02\/Explosion-proof-linear-light.png\" alt=\"\" class=\"wp-image-4974\" title=\"\" srcset=\"https:\/\/led.amasly.com\/wp-content\/uploads\/2026\/02\/Explosion-proof-linear-light.png 300w, https:\/\/led.amasly.com\/wp-content\/uploads\/2026\/02\/Explosion-proof-linear-light-150x150.png 150w, https:\/\/led.amasly.com\/wp-content\/uploads\/2026\/02\/Explosion-proof-linear-light-12x12.png 12w\" sizes=\"(max-width: 300px) 100vw, 300px\" \/><\/figure>\n\n\n\n<h3 class=\"wp-block-heading\"><strong>Caracter\u00edsticas:<\/strong><strong><\/strong><\/h3>\n\n\n\n<p>La carcasa est\u00e1 formada por placas de acero curvadas con un acabado de pintura en polvo electrost\u00e1tica de alta presi\u00f3n;<\/p>\n\n\n\n<p>Carcasa de acero inoxidable con acabado superficial pulido disponible bajo pedido;<\/p>\n\n\n\n<p>La carcasa y el bastidor de presi\u00f3n est\u00e1n conectados mediante un mecanismo de cadena interna, con un reflector interno abatible para facilitar el cableado;<\/p>\n\n\n\n<p>Los pernos de fijaci\u00f3n incorporan medidas antica\u00edda, lo que simplifica el desmontaje de la cubierta para su mantenimiento;<\/p>\n\n\n\n<p>Presenta un exclusivo dise\u00f1o de doble leng\u00fceta de sellado para una mayor impermeabilidad y resistencia al polvo;<\/p>\n\n\n\n<p>Si se solicita, puede equiparse con un dispositivo de emergencia que cambia autom\u00e1ticamente al modo de iluminaci\u00f3n de emergencia durante los cortes de corriente;<\/p>\n\n\n\n<p>Dimensiones: 0,6 m y 1,2 m<\/p>\n\n\n\n<p>Potencia: 9 W, 18 W, 36 W, 2x9 W, 2x18 W, 2x30 W, 2x36 W<\/p>\n\n\n\n<p>Voltaje: AC110V, AC220V<\/p>\n\n\n\n<p>Clasificaci\u00f3n a prueba de explosiones: Ex d e \u2161C T6 Gb \/ Ex d e mb \u2161C T4 Gb<\/p>\n\n\n\n<p>Grado de protecci\u00f3n: IP66<\/p>\n\n\n\n<p>Opciones de montaje: Montaje en superficie o empotrado<\/p>\n\n\n\n<h2 class=\"wp-block-heading\">4.\u00a0<strong>20-60w Luz LED lineal a prueba de explosiones: Tira de luz antideflagrante<\/strong><\/h2>\n\n\n\n<figure class=\"wp-block-image aligncenter size-full\"><img decoding=\"async\" width=\"710\" height=\"710\" src=\"https:\/\/led.amasly.com\/wp-content\/uploads\/2026\/02\/Explosion-proof-linear-lights.jpg\" alt=\"20-60w\u00a0Explosion proof LED Linear Light\" class=\"wp-image-4975\" title=\"\" srcset=\"https:\/\/led.amasly.com\/wp-content\/uploads\/2026\/02\/Explosion-proof-linear-lights.jpg 710w, https:\/\/led.amasly.com\/wp-content\/uploads\/2026\/02\/Explosion-proof-linear-lights-300x300.jpg 300w, https:\/\/led.amasly.com\/wp-content\/uploads\/2026\/02\/Explosion-proof-linear-lights-150x150.jpg 150w, https:\/\/led.amasly.com\/wp-content\/uploads\/2026\/02\/Explosion-proof-linear-lights-12x12.jpg 12w\" sizes=\"(max-width: 710px) 100vw, 710px\" \/><\/figure>\n\n\n\n<h3 class=\"wp-block-heading\"><strong>Caracter\u00edsticas:<\/strong><strong><\/strong><\/h3>\n\n\n\n<p>Carcasa de extrusi\u00f3n de aluminio de gran pureza con tratamiento superficial anodizado para una excelente conductividad t\u00e9rmica y resistencia a la corrosi\u00f3n;<\/p>\n\n\n\n<p>El difusor de material de PC de primera calidad con tecnolog\u00eda de difusi\u00f3n de la luz garantiza una distribuci\u00f3n \u00f3ptima de la luz, eliminando eficazmente el deslumbramiento para una iluminaci\u00f3n uniforme y suave;<\/p>\n\n\n\n<p>El dise\u00f1o estructural especial facilita la disipaci\u00f3n eficaz del calor del funcionamiento de los LED, manteniendo un rendimiento constante de la fuente de luz;<\/p>\n\n\n\n<p>M\u00f3dulo de iluminaci\u00f3n de emergencia disponible bajo pedido; cambia autom\u00e1ticamente al modo de emergencia durante los cortes de corriente;<\/p>\n\n\n\n<p>Dimensiones: 0.3m. 0,6m, 0,9m<\/p>\n\n\n\n<p>Potencia: 20 W, 30 W, 40 W, 50 W, 60 W<\/p>\n\n\n\n<p>Clasificaci\u00f3n a prueba de explosiones: <a href=\"http:\/\/www.iecex.com\" rel=\"nofollow noopener\" target=\"_blank\">Ex d Mb II C T6 Gb<\/a><\/p>\n\n\n\n<p>Grado de protecci\u00f3n: IP66<\/p>\n\n\n\n<p>Voltaje: AC\/DC 12V, 24V, 36V; AC 110V; AC 220V<\/p>\n\n\n\n<p>Opciones de montaje: Techo empotrado, barra suspendida, montaje en pared, suspensi\u00f3n por cadena, barra curva, brida, barandilla<\/p>\n\n\n\n<p class=\"has-text-align-left\">Aplicaciones: <strong>20-60w Luz LED lineal antideflagrante<\/strong> para salas de control, oficinas de campo, salas de bater\u00edas, zonas de amon\u00edaco l\u00edquido, pasarelas de torres de refiner\u00edas, pasarelas de tanques de almacenamiento, pasarelas de plataformas, recintos de bombas\/v\u00e1lvulas, pasillos de tuber\u00edas, pasarelas de muelles de productos qu\u00edmicos peligrosos y entornos similares. Adecuado para lugares muy h\u00famedos que requieren una resistencia superior a la corrosi\u00f3n.<\/p>\n\n\n\n<p>Amasly, una marca profesional de iluminaci\u00f3n industrial (sitios web: led.amasly.com y amasly.com), est\u00e1 especializada en I+D, producci\u00f3n y venta de aparatos de iluminaci\u00f3n industrial. Centrada en los mercados del Sudeste Asi\u00e1tico y Oriente Medio, sus productos se venden en m\u00e1s de 100 pa\u00edses y regiones de todo el mundo. Todos los productos antideflagrantes cumplen los requisitos de certificaci\u00f3n ATEX. Sus principales productos son: Luces antideflagrantes, equipos el\u00e9ctricos antideflagrantes, luces industriales\/mineras, proyectores, farolas y accesorios de iluminaci\u00f3n solar, <strong>20-60w Luz LED lineal antideflagrante<\/strong> etc.<\/p>\n\n\n\n<div class=\"wp-block-uagb-container uagb-block-c7d898dd alignfull uagb-is-root-container\"><div class=\"uagb-container-inner-blocks-wrap\"><\/div><\/div>\n\n\n\n<h2 class=\"wp-block-heading\">Productos relacionados<\/h2>\n\n\n\n<div class=\"wp-block-uagb-container uagb-block-66e4defc alignfull uagb-is-root-container\"><div class=\"uagb-container-inner-blocks-wrap\">\n<div class=\"wp-block-uagb-container uagb-block-a42945f9\">\n<div class=\"wp-block-uagb-image uagb-block-7296296b wp-block-uagb-image--layout-default wp-block-uagb-image--effect-static wp-block-uagb-image--align-none\"><figure class=\"wp-block-uagb-image__figure\"><a class=\"\" href=\"https:\/\/led.amasly.com\/es\/products\/\" target=\"\" rel=\"noopener\"><img decoding=\"async\" srcset=\"https:\/\/led.amasly.com\/wp-content\/uploads\/2024\/09\/Explosion-proof-high-bay-lights.png ,https:\/\/led.amasly.com\/wp-content\/uploads\/2024\/09\/Explosion-proof-high-bay-lights.png 780w, https:\/\/led.amasly.com\/wp-content\/uploads\/2024\/09\/Explosion-proof-high-bay-lights.png 360w\" sizes=\"auto, (max-width: 480px) 150px\" src=\"https:\/\/led.amasly.com\/wp-content\/uploads\/2024\/09\/Explosion-proof-high-bay-lights.png\" alt=\"\" class=\"uag-image-1495\" width=\"300\" height=\"300\" title=\"Luces de gran altura a prueba de explosiones\" loading=\"lazy\" role=\"img\"><\/a><\/figure><\/div>\n<\/div>\n\n\n\n<div class=\"wp-block-uagb-container uagb-block-4d3efde5\">\n<div class=\"wp-block-uagb-image uagb-block-c9e90797 wp-block-uagb-image--layout-default wp-block-uagb-image--effect-static wp-block-uagb-image--align-none\"><figure class=\"wp-block-uagb-image__figure\"><a class=\"\" href=\"https:\/\/led.amasly.com\/es\/products\/\" target=\"\" rel=\"noopener\"><img decoding=\"async\" srcset=\"https:\/\/led.amasly.com\/wp-content\/uploads\/2024\/07\/LED-tri-proof-lights2.png ,https:\/\/led.amasly.com\/wp-content\/uploads\/2024\/07\/LED-tri-proof-lights2.png 780w, https:\/\/led.amasly.com\/wp-content\/uploads\/2024\/07\/LED-tri-proof-lights2.png 360w\" sizes=\"auto, (max-width: 480px) 150px\" src=\"https:\/\/led.amasly.com\/wp-content\/uploads\/2024\/07\/LED-tri-proof-lights2.png\" alt=\"\" class=\"uag-image-1132\" width=\"300\" height=\"300\" title=\"Luces LED-tri-proof2\" loading=\"lazy\" role=\"img\"><\/a><\/figure><\/div>\n<\/div>\n\n\n\n<div class=\"wp-block-uagb-container uagb-block-11c2578b\">\n<div class=\"wp-block-uagb-image uagb-block-6e8883aa wp-block-uagb-image--layout-default wp-block-uagb-image--effect-static wp-block-uagb-image--align-none\"><figure class=\"wp-block-uagb-image__figure\"><a class=\"\" href=\"https:\/\/led.amasly.com\/es\/products\/\" target=\"\" rel=\"noopener\"><img decoding=\"async\" srcset=\"https:\/\/led.amasly.com\/wp-content\/uploads\/2024\/09\/LED-Explosion-Proof-Gas-Station-Light.png ,https:\/\/led.amasly.com\/wp-content\/uploads\/2024\/09\/LED-Explosion-Proof-Gas-Station-Light.png 780w, https:\/\/led.amasly.com\/wp-content\/uploads\/2024\/09\/LED-Explosion-Proof-Gas-Station-Light.png 360w\" sizes=\"auto, (max-width: 480px) 150px\" src=\"https:\/\/led.amasly.com\/wp-content\/uploads\/2024\/09\/LED-Explosion-Proof-Gas-Station-Light.png\" alt=\"\" class=\"uag-image-1501\" width=\"300\" height=\"300\" title=\"L\u00e1mpara LED antideflagrante para gasolineras\" loading=\"lazy\" role=\"img\"><\/a><\/figure><\/div>\n<\/div>\n<\/div><\/div>\n\n\n\n<div class=\"wp-block-uagb-container uagb-block-548945b5 alignfull uagb-is-root-container\"><div class=\"uagb-container-inner-blocks-wrap\">\n<div class=\"wp-block-uagb-container uagb-block-967755d5\">\n<h4 class=\"wp-block-heading has-text-align-center\"><a href=\"https:\/\/led.amasly.com\/es\/products\/\">Luces LED antideflagrantes<\/a><\/h4>\n<\/div>\n\n\n\n<div class=\"wp-block-uagb-container uagb-block-9bc52fc2\">\n<h4 class=\"wp-block-heading has-text-align-center\"><a href=\"https:\/\/led.amasly.com\/es\/products\/\">Luces LED Tri-Proof<\/a><\/h4>\n<\/div>\n\n\n\n<div class=\"wp-block-uagb-container uagb-block-8ffa0a23\">\n<h4 class=\"wp-block-heading has-text-align-center\"><a href=\"https:\/\/led.amasly.com\/es\/products\/\">Luces de gasolinera a prueba de explosiones<\/a><\/h4>\n<\/div>\n<\/div><\/div>\n\n\n\n<div class=\"wp-block-uagb-container uagb-block-29499fe0 alignfull uagb-is-root-container\"><div class=\"uagb-container-inner-blocks-wrap\">\n<div class=\"wp-block-uagb-container uagb-block-777ee1c7\">\n<div class=\"wp-block-uagb-image uagb-block-2e9a1851 wp-block-uagb-image--layout-default wp-block-uagb-image--effect-static wp-block-uagb-image--align-none\"><figure class=\"wp-block-uagb-image__figure\"><a class=\"\" href=\"https:\/\/led.amasly.com\/es\/products\/\" target=\"\" rel=\"noopener\"><img decoding=\"async\" srcset=\"https:\/\/led.amasly.com\/wp-content\/uploads\/2024\/10\/50W-100W-150W-200W-300W-LED-Flood-Light.jpg ,https:\/\/led.amasly.com\/wp-content\/uploads\/2024\/10\/50W-100W-150W-200W-300W-LED-Flood-Light.jpg 780w, https:\/\/led.amasly.com\/wp-content\/uploads\/2024\/10\/50W-100W-150W-200W-300W-LED-Flood-Light.jpg 360w\" sizes=\"auto, (max-width: 480px) 150px\" src=\"https:\/\/led.amasly.com\/wp-content\/uploads\/2024\/10\/50W-100W-150W-200W-300W-LED-Flood-Light.jpg\" alt=\"\" class=\"uag-image-1526\" width=\"300\" height=\"300\" title=\"L\u00e1mpara de inundaci\u00f3n LED 50W 100W 150W 200W 300W\" loading=\"lazy\" role=\"img\"><\/a><\/figure><\/div>\n<\/div>\n\n\n\n<div class=\"wp-block-uagb-container uagb-block-af8c8683\">\n<div class=\"wp-block-uagb-image uagb-block-67947854 wp-block-uagb-image--layout-default wp-block-uagb-image--effect-static wp-block-uagb-image--align-none\"><figure class=\"wp-block-uagb-image__figure\"><a class=\"\" href=\"https:\/\/led.amasly.com\/es\/products\/\" target=\"\" rel=\"noopener\"><img decoding=\"async\" srcset=\"https:\/\/led.amasly.com\/wp-content\/uploads\/2024\/07\/led-tri-proof-light.png ,https:\/\/led.amasly.com\/wp-content\/uploads\/2024\/07\/led-tri-proof-light.png 780w, https:\/\/led.amasly.com\/wp-content\/uploads\/2024\/07\/led-tri-proof-light.png 360w\" sizes=\"auto, (max-width: 480px) 150px\" src=\"https:\/\/led.amasly.com\/wp-content\/uploads\/2024\/07\/led-tri-proof-light.png\" alt=\"\" class=\"uag-image-1130\" width=\"300\" height=\"300\" title=\"luz led-tri-proof\" loading=\"lazy\" role=\"img\"><\/a><\/figure><\/div>\n<\/div>\n\n\n\n<div class=\"wp-block-uagb-container uagb-block-0fdfdd58\">\n<div class=\"wp-block-uagb-image uagb-block-1187d32d wp-block-uagb-image--layout-default wp-block-uagb-image--effect-static wp-block-uagb-image--align-none\"><figure class=\"wp-block-uagb-image__figure\"><a class=\"\" href=\"https:\/\/led.amasly.com\/es\/products\/\" target=\"\" rel=\"noopener\"><img decoding=\"async\" srcset=\"https:\/\/led.amasly.com\/wp-content\/uploads\/2024\/07\/LED-street-light.jpg ,https:\/\/led.amasly.com\/wp-content\/uploads\/2024\/07\/LED-street-light.jpg 780w, https:\/\/led.amasly.com\/wp-content\/uploads\/2024\/07\/LED-street-light.jpg 360w\" sizes=\"auto, (max-width: 480px) 150px\" src=\"https:\/\/led.amasly.com\/wp-content\/uploads\/2024\/07\/LED-street-light.jpg\" alt=\"\" class=\"uag-image-1145\" width=\"300\" height=\"300\" title=\"Alumbrado p\u00fablico LED\" loading=\"lazy\" role=\"img\"><\/a><\/figure><\/div>\n<\/div>\n<\/div><\/div>\n\n\n\n<div class=\"wp-block-uagb-container uagb-block-6a60882c alignfull uagb-is-root-container\"><div class=\"uagb-container-inner-blocks-wrap\">\n<div class=\"wp-block-uagb-container uagb-block-f1e91a35\">\n<h4 class=\"wp-block-heading has-text-align-center\"><a href=\"https:\/\/led.amasly.com\/es\/products\/\">Proyectores LED<\/a><\/h4>\n<\/div>\n\n\n\n<div class=\"wp-block-uagb-container uagb-block-165bfa58\">\n<h4 class=\"wp-block-heading has-text-align-center\"><a href=\"https:\/\/led.amasly.com\/es\/products\/\">Tubos de luz LED trif\u00e1sicos<\/a><\/h4>\n<\/div>\n\n\n\n<div class=\"wp-block-uagb-container uagb-block-f6096e3b\">\n<h4 class=\"wp-block-heading has-text-align-center\"><a href=\"https:\/\/led.amasly.com\/es\/products\/\">Alumbrado p\u00fablico LED<\/a><\/h4>\n<\/div>\n<\/div><\/div>\n\n\n\n<div class=\"wp-block-uagb-container uagb-block-99c0e0a5 alignfull uagb-is-root-container\"><div class=\"uagb-container-inner-blocks-wrap\"><\/div><\/div>\n\n\n\n<p><\/p>","protected":false},"excerpt":{"rendered":"<p>20-60w explosion proof led linear light&nbsp;Analysis, Selection and Installation Guide There are numerous 20-60w\u00a0Explosion proof LED Linear Light. How should one make a selection? This article provides a detailed overview of several common explosion-proof LED linear lights, offering a comprehensive analysis and comparison across product features, materials, specifications, dimensions, installation methods, and application environments. It [&hellip;]<\/p>\n","protected":false},"author":1,"featured_media":0,"parent":2374,"menu_order":0,"comment_status":"closed","ping_status":"closed","template":"","meta":{"_uag_custom_page_level_css":"","site-sidebar-layout":"no-sidebar","site-content-layout":"","ast-site-content-layout":"default","site-content-style":"default","site-sidebar-style":"default","ast-global-header-display":"","ast-banner-title-visibility":"","ast-main-header-display":"","ast-hfb-above-header-display":"","ast-hfb-below-header-display":"","ast-hfb-mobile-header-display":"","site-post-title":"disabled","ast-breadcrumbs-content":"","ast-featured-img":"","footer-sml-layout":"","ast-disable-related-posts":"","theme-transparent-header-meta":"enabled","adv-header-id-meta":"","stick-header-meta":"","header-above-stick-meta":"","header-main-stick-meta":"","header-below-stick-meta":"","astra-migrate-meta-layouts":"set","ast-page-background-enabled":"default","ast-page-background-meta":{"desktop":{"background-color":"var(--ast-global-color-4)","background-image":"","background-repeat":"repeat","background-position":"center center","background-size":"auto","background-attachment":"scroll","background-type":"","background-media":"","overlay-type":"","overlay-color":"","overlay-opacity":"","overlay-gradient":""},"tablet":{"background-color":"","background-image":"","background-repeat":"repeat","background-position":"center center","background-size":"auto","background-attachment":"scroll","background-type":"","background-media":"","overlay-type":"","overlay-color":"","overlay-opacity":"","overlay-gradient":""},"mobile":{"background-color":"","background-image":"","background-repeat":"repeat","background-position":"center center","background-size":"auto","background-attachment":"scroll","background-type":"","background-media":"","overlay-type":"","overlay-color":"","overlay-opacity":"","overlay-gradient":""}},"ast-content-background-meta":{"desktop":{"background-color":"var(--ast-global-color-5)","background-image":"","background-repeat":"repeat","background-position":"center center","background-size":"auto","background-attachment":"scroll","background-type":"","background-media":"","overlay-type":"","overlay-color":"","overlay-opacity":"","overlay-gradient":""},"tablet":{"background-color":"var(--ast-global-color-5)","background-image":"","background-repeat":"repeat","background-position":"center center","background-size":"auto","background-attachment":"scroll","background-type":"","background-media":"","overlay-type":"","overlay-color":"","overlay-opacity":"","overlay-gradient":""},"mobile":{"background-color":"var(--ast-global-color-5)","background-image":"","background-repeat":"repeat","background-position":"center center","background-size":"auto","background-attachment":"scroll","background-type":"","background-media":"","overlay-type":"","overlay-color":"","overlay-opacity":"","overlay-gradient":""}},"footnotes":""},"class_list":["post-4971","page","type-page","status-publish","hentry"],"uagb_featured_image_src":{"full":false,"thumbnail":false,"medium":false,"medium_large":false,"large":false,"1536x1536":false,"2048x2048":false,"trp-custom-language-flag":false},"uagb_author_info":{"display_name":"Joe","author_link":"https:\/\/led.amasly.com\/es\/author\/jacklin\/"},"uagb_comment_info":0,"uagb_excerpt":"20-60w explosion proof led linear light&nbsp;Analysis, Selection and Installation Guide There are numerous 20-60w\u00a0Explosion proof LED Linear Light. How should one make a selection? This article provides a detailed overview of several common explosion-proof LED linear lights, offering a comprehensive analysis and comparison across product features, materials, specifications, dimensions, installation methods, and application environments. It&hellip;","_links":{"self":[{"href":"https:\/\/led.amasly.com\/es\/wp-json\/wp\/v2\/pages\/4971","targetHints":{"allow":["GET"]}}],"collection":[{"href":"https:\/\/led.amasly.com\/es\/wp-json\/wp\/v2\/pages"}],"about":[{"href":"https:\/\/led.amasly.com\/es\/wp-json\/wp\/v2\/types\/page"}],"author":[{"embeddable":true,"href":"https:\/\/led.amasly.com\/es\/wp-json\/wp\/v2\/users\/1"}],"replies":[{"embeddable":true,"href":"https:\/\/led.amasly.com\/es\/wp-json\/wp\/v2\/comments?post=4971"}],"version-history":[{"count":1,"href":"https:\/\/led.amasly.com\/es\/wp-json\/wp\/v2\/pages\/4971\/revisions"}],"predecessor-version":[{"id":4976,"href":"https:\/\/led.amasly.com\/es\/wp-json\/wp\/v2\/pages\/4971\/revisions\/4976"}],"up":[{"embeddable":true,"href":"https:\/\/led.amasly.com\/es\/wp-json\/wp\/v2\/pages\/2374"}],"wp:attachment":[{"href":"https:\/\/led.amasly.com\/es\/wp-json\/wp\/v2\/media?parent=4971"}],"curies":[{"name":"wp","href":"https:\/\/api.w.org\/{rel}","templated":true}]}}