{"id":4196,"date":"2025-12-12T23:35:27","date_gmt":"2025-12-12T15:35:27","guid":{"rendered":"https:\/\/led.amasly.com\/?page_id=4196"},"modified":"2026-01-24T21:13:36","modified_gmt":"2026-01-24T13:13:36","slug":"how-to-choose-the-right-led-flood-lights-these-5-key-points-you-must-know","status":"publish","type":"page","link":"https:\/\/led.amasly.com\/es\/knowledge\/outdoor-light-knowledge\/how-to-choose-the-right-led-flood-lights-these-5-key-points-you-must-know\/","title":{"rendered":"\u00bfC\u00f3mo elegir los proyectores LED adecuados? Estos son los 5 puntos clave que debe conocer"},"content":{"rendered":"<div class=\"wp-block-uagb-container uagb-block-27bae773 alignfull uagb-is-root-container\"><div class=\"uagb-container-inner-blocks-wrap\"><\/div><\/div>\n\n\n\n<h1 class=\"wp-block-heading has-text-align-center\"><strong>\u00bfC\u00f3mo elegir los proyectores LED adecuados? Estos son los 5 puntos clave que debe conocer<\/strong><\/h1>\n\n\n\n<p>Los proyectores LED son la mejor elecci\u00f3n por su alta eficiencia y ahorro energ\u00e9tico. Cinco factores fundamentales gu\u00edan su precisa toma de decisiones: La adaptaci\u00f3n de la potencia a los escenarios ofrece una alta eficacia luminosa y bajos costes de electricidad; la temperatura de color y el CRI dan forma al ambiente; la protecci\u00f3n IP se adapta a los entornos; el dise\u00f1o de la disipaci\u00f3n t\u00e9rmica garantiza la longevidad; el control inteligente permite un ahorro de energ\u00eda flexible. Elija productos certificados y d\u00e9 prioridad al servicio posventa. Amasly Lighting le ayuda a crear soluciones de iluminaci\u00f3n seguras y eficientes.<\/p>\n\n\n\n<p>En la iluminaci\u00f3n comercial y paisaj\u00edstica moderna, los proyectores LED se han convertido en la soluci\u00f3n preferida para edificios, locales y paisajes al aire libre por su eficiencia energ\u00e9tica, larga vida \u00fatil y potencia luminosa estable. Sin embargo, con la gran variedad de proyectores LED que hay en el mercado, \u00bfc\u00f3mo elegir el modelo m\u00e1s adecuado? Los siguientes cinco factores b\u00e1sicos le ayudar\u00e1n a tomar una decisi\u00f3n informada.<\/p>\n\n\n\n<figure class=\"wp-block-image aligncenter size-large\"><a href=\"https:\/\/led.amasly.com\/es\/\"><img decoding=\"async\" width=\"1024\" height=\"412\" src=\"https:\/\/led.amasly.com\/wp-content\/uploads\/2025\/11\/FLood-lights-1024x412.png\" alt=\"LED FLood lights\" class=\"wp-image-4332\" title=\"\" srcset=\"https:\/\/led.amasly.com\/wp-content\/uploads\/2025\/11\/FLood-lights-1024x412.png 1024w, https:\/\/led.amasly.com\/wp-content\/uploads\/2025\/11\/FLood-lights-300x121.png 300w, https:\/\/led.amasly.com\/wp-content\/uploads\/2025\/11\/FLood-lights-768x309.png 768w, https:\/\/led.amasly.com\/wp-content\/uploads\/2025\/11\/FLood-lights-1536x617.png 1536w, https:\/\/led.amasly.com\/wp-content\/uploads\/2025\/11\/FLood-lights-18x7.png 18w, https:\/\/led.amasly.com\/wp-content\/uploads\/2025\/11\/FLood-lights.png 1610w\" sizes=\"(max-width: 1024px) 100vw, 1024px\" \/><\/a><\/figure>\n\n\n\n<h2 class=\"wp-block-heading\"><strong>I. Definir los requisitos de iluminaci\u00f3n: Potencia y eficiencia luminosa<\/strong><strong><\/strong><\/h2>\n\n\n\n<p>La potencia nominal de un foco LED determina su luminosidad y su \u00e1rea de cobertura. Seleccione la potencia adecuada en funci\u00f3n de su aplicaci\u00f3n: opte por 30-50 W para peque\u00f1os espacios comerciales o paisajismo decorativo, mientras que los grandes edificios o plazas requieren 100 W o m\u00e1s. Adem\u00e1s, preste atenci\u00f3n a la **eficacia luminosa (lm\/W)** del producto: los valores m\u00e1s altos indican una mayor eficiencia energ\u00e9tica, lo que reduce significativamente los costes de electricidad a lo largo del tiempo.<\/p>\n\n\n\n<h2 class=\"wp-block-heading\"><strong>II<\/strong><strong>. Temperatura de color e \u00edndice de reproducci\u00f3n crom\u00e1tica : Creaci\u00f3n del ambiente ideal<\/strong><strong><\/strong><\/h2>\n\n\n\n<p>La temperatura del color (K) influye directamente en la percepci\u00f3n de calidez o frialdad de la iluminaci\u00f3n. Por ejemplo, la luz c\u00e1lida de 3000 K crea ambientes acogedores, mientras que la luz blanca de 5000 K resalta los detalles arquitect\u00f3nicos. **El \u00edndice de reproducci\u00f3n crom\u00e1tica (Ra)** determina la precisi\u00f3n del color de los objetos: los productos con Ra\u226580 reproducen fielmente los colores iluminados, por lo que son ideales para entornos en los que el color es fundamental, como galer\u00edas de arte y espacios comerciales.<\/p>\n\n\n\n<h2 class=\"wp-block-heading\"><strong>III. Calificaci\u00f3n de la protecci\u00f3n: Adaptaci\u00f3n a entornos complejos<\/strong><strong><\/strong><\/h2>\n\n\n\n<p>Los proyectores LED para exteriores requieren altos grados de protecci\u00f3n. IP65 es el est\u00e1ndar b\u00e1sico, que ofrece resistencia a los chorros de agua y al polvo; IP66 o IP67 son m\u00e1s adecuados para regiones lluviosas o polvorientas. A la hora de elegir, confirme el grado de protecci\u00f3n en funci\u00f3n del entorno de instalaci\u00f3n (por ejemplo, pared, suelo, bajo el agua) para evitar cortocircuitos o corrosi\u00f3n por entrada de agua que podr\u00edan acortar la vida \u00fatil de la luminaria.<\/p>\n\n\n\n<figure class=\"wp-block-image size-full\"><img decoding=\"async\" width=\"300\" height=\"300\" src=\"https:\/\/led.amasly.com\/wp-content\/uploads\/2025\/12\/LED-flood-ight.jpg\" alt=\"\" class=\"wp-image-4383\" title=\"\" srcset=\"https:\/\/led.amasly.com\/wp-content\/uploads\/2025\/12\/LED-flood-ight.jpg 300w, https:\/\/led.amasly.com\/wp-content\/uploads\/2025\/12\/LED-flood-ight-150x150.jpg 150w, https:\/\/led.amasly.com\/wp-content\/uploads\/2025\/12\/LED-flood-ight-12x12.jpg 12w\" sizes=\"(max-width: 300px) 100vw, 300px\" \/><\/figure>\n\n\n\n<h2 class=\"wp-block-heading\"><strong>IV. Dise\u00f1o de la disipaci\u00f3n del calor: La clave de la longevidad<\/strong><strong><\/strong><\/h2>\n\n\n\n<p>La disipaci\u00f3n del calor de una luminaria LED determina directamente su vida \u00fatil. Los productos de primera calidad suelen tener **carcasas de aleaci\u00f3n de aluminio con estructuras de disipaci\u00f3n t\u00e9rmica con aletas** para garantizar una r\u00e1pida eliminaci\u00f3n del calor. A la hora de comprar, revise las especificaciones de disipaci\u00f3n t\u00e9rmica del producto u opte por marcas de confianza para evitar el deterioro acelerado de la luz causado por una refrigeraci\u00f3n inadecuada.<\/p>\n\n\n\n<h2 class=\"wp-block-heading\"><strong>V. Control inteligente: Aumento de la flexibilidad<\/strong><strong><\/strong><\/h2>\n\n\n\n<p>Con los avances de IoT, los proyectores LED con **ajuste de intensidad\/color y control remoto** se est\u00e1n convirtiendo en la corriente principal. A trav\u00e9s de aplicaciones m\u00f3viles o sistemas inteligentes, los usuarios pueden ajustar sin esfuerzo el brillo, la temperatura de color o incluso los modos de escena preestablecidos (por ejemplo, pantallas de luces navide\u00f1as), equilibrando la eficiencia energ\u00e9tica con las necesidades personalizadas.<\/p>\n\n\n\n<p class=\"has-text-align-left\">El rendimiento y la calidad de los proyectores LED repercuten directamente en los resultados de la iluminaci\u00f3n y la rentabilidad de la inversi\u00f3n. D\u00e9 prioridad a los productos certificados por CCC, CE y RoHS, y eval\u00fae el servicio posventa de la marca (por ejemplo, duraci\u00f3n de la garant\u00eda, asistencia t\u00e9cnica). Como proveedor l\u00edder de soluciones de iluminaci\u00f3n LED, Mingshida ofrece una gama completa de proyectores rentables con opciones de personalizaci\u00f3n para ayudarle a crear entornos de iluminaci\u00f3n seguros, eficientes y est\u00e9ticamente agradables.<\/p>\n\n\n\n<p>Est\u00e1ndar: <a href=\"http:\/\/www.iec.com\" rel=\"nofollow noopener\" target=\"_blank\">IEC60598<\/a><\/p>\n\n\n\n<div class=\"wp-block-uagb-container uagb-block-c7d898dd alignfull uagb-is-root-container\"><div class=\"uagb-container-inner-blocks-wrap\"><\/div><\/div>\n\n\n\n<h2 class=\"wp-block-heading\">Productos relacionados<\/h2>\n\n\n\n<div class=\"wp-block-uagb-container uagb-block-66e4defc alignfull uagb-is-root-container\"><div class=\"uagb-container-inner-blocks-wrap\">\n<div class=\"wp-block-uagb-container uagb-block-a42945f9\">\n<div class=\"wp-block-uagb-image uagb-block-7296296b wp-block-uagb-image--layout-default wp-block-uagb-image--effect-static wp-block-uagb-image--align-none\"><figure class=\"wp-block-uagb-image__figure\"><a class=\"\" href=\"https:\/\/led.amasly.com\/es\/products\/\" target=\"\" rel=\"noopener\"><img decoding=\"async\" srcset=\"https:\/\/led.amasly.com\/wp-content\/uploads\/2024\/09\/Explosion-proof-high-bay-lights.png ,https:\/\/led.amasly.com\/wp-content\/uploads\/2024\/09\/Explosion-proof-high-bay-lights.png 780w, https:\/\/led.amasly.com\/wp-content\/uploads\/2024\/09\/Explosion-proof-high-bay-lights.png 360w\" sizes=\"auto, (max-width: 480px) 150px\" src=\"https:\/\/led.amasly.com\/wp-content\/uploads\/2024\/09\/Explosion-proof-high-bay-lights.png\" alt=\"\" class=\"uag-image-1495\" width=\"300\" height=\"300\" title=\"Luces de gran altura a prueba de explosiones\" loading=\"lazy\" role=\"img\"><\/a><\/figure><\/div>\n<\/div>\n\n\n\n<div class=\"wp-block-uagb-container uagb-block-4d3efde5\">\n<div class=\"wp-block-uagb-image uagb-block-c9e90797 wp-block-uagb-image--layout-default wp-block-uagb-image--effect-static wp-block-uagb-image--align-none\"><figure class=\"wp-block-uagb-image__figure\"><a class=\"\" href=\"https:\/\/led.amasly.com\/es\/products\/\" target=\"\" rel=\"noopener\"><img decoding=\"async\" srcset=\"https:\/\/led.amasly.com\/wp-content\/uploads\/2024\/07\/LED-tri-proof-lights2.png ,https:\/\/led.amasly.com\/wp-content\/uploads\/2024\/07\/LED-tri-proof-lights2.png 780w, https:\/\/led.amasly.com\/wp-content\/uploads\/2024\/07\/LED-tri-proof-lights2.png 360w\" sizes=\"auto, (max-width: 480px) 150px\" src=\"https:\/\/led.amasly.com\/wp-content\/uploads\/2024\/07\/LED-tri-proof-lights2.png\" alt=\"\" class=\"uag-image-1132\" width=\"300\" height=\"300\" title=\"Luces LED-tri-proof2\" loading=\"lazy\" role=\"img\"><\/a><\/figure><\/div>\n<\/div>\n\n\n\n<div class=\"wp-block-uagb-container uagb-block-11c2578b\">\n<div class=\"wp-block-uagb-image uagb-block-6e8883aa wp-block-uagb-image--layout-default wp-block-uagb-image--effect-static wp-block-uagb-image--align-none\"><figure class=\"wp-block-uagb-image__figure\"><a class=\"\" href=\"https:\/\/led.amasly.com\/es\/products\/\" target=\"\" rel=\"noopener\"><img decoding=\"async\" srcset=\"https:\/\/led.amasly.com\/wp-content\/uploads\/2024\/09\/LED-Explosion-Proof-Gas-Station-Light.png ,https:\/\/led.amasly.com\/wp-content\/uploads\/2024\/09\/LED-Explosion-Proof-Gas-Station-Light.png 780w, https:\/\/led.amasly.com\/wp-content\/uploads\/2024\/09\/LED-Explosion-Proof-Gas-Station-Light.png 360w\" sizes=\"auto, (max-width: 480px) 150px\" src=\"https:\/\/led.amasly.com\/wp-content\/uploads\/2024\/09\/LED-Explosion-Proof-Gas-Station-Light.png\" alt=\"\" class=\"uag-image-1501\" width=\"300\" height=\"300\" title=\"L\u00e1mpara LED antideflagrante para gasolineras\" loading=\"lazy\" role=\"img\"><\/a><\/figure><\/div>\n<\/div>\n<\/div><\/div>\n\n\n\n<div class=\"wp-block-uagb-container uagb-block-548945b5 alignfull uagb-is-root-container\"><div class=\"uagb-container-inner-blocks-wrap\">\n<div class=\"wp-block-uagb-container uagb-block-967755d5\">\n<h4 class=\"wp-block-heading has-text-align-center\"><a href=\"https:\/\/led.amasly.com\/es\/products\/\">Luces LED antideflagrantes<\/a><\/h4>\n<\/div>\n\n\n\n<div class=\"wp-block-uagb-container uagb-block-9bc52fc2\">\n<h4 class=\"wp-block-heading has-text-align-center\"><a href=\"https:\/\/led.amasly.com\/es\/products\/\">Luces LED Tri-Proof<\/a><\/h4>\n<\/div>\n\n\n\n<div class=\"wp-block-uagb-container uagb-block-8ffa0a23\">\n<h4 class=\"wp-block-heading has-text-align-center\"><a href=\"https:\/\/led.amasly.com\/es\/products\/\">Luces de gasolinera a prueba de explosiones<\/a><\/h4>\n<\/div>\n<\/div><\/div>\n\n\n\n<div class=\"wp-block-uagb-container uagb-block-29499fe0 alignfull uagb-is-root-container\"><div class=\"uagb-container-inner-blocks-wrap\">\n<div class=\"wp-block-uagb-container uagb-block-777ee1c7\">\n<div class=\"wp-block-uagb-image uagb-block-2e9a1851 wp-block-uagb-image--layout-default wp-block-uagb-image--effect-static wp-block-uagb-image--align-none\"><figure class=\"wp-block-uagb-image__figure\"><a class=\"\" href=\"https:\/\/led.amasly.com\/es\/products\/\" target=\"\" rel=\"noopener\"><img decoding=\"async\" srcset=\"https:\/\/led.amasly.com\/wp-content\/uploads\/2024\/10\/50W-100W-150W-200W-300W-LED-Flood-Light.jpg ,https:\/\/led.amasly.com\/wp-content\/uploads\/2024\/10\/50W-100W-150W-200W-300W-LED-Flood-Light.jpg 780w, https:\/\/led.amasly.com\/wp-content\/uploads\/2024\/10\/50W-100W-150W-200W-300W-LED-Flood-Light.jpg 360w\" sizes=\"auto, (max-width: 480px) 150px\" src=\"https:\/\/led.amasly.com\/wp-content\/uploads\/2024\/10\/50W-100W-150W-200W-300W-LED-Flood-Light.jpg\" alt=\"\" class=\"uag-image-1526\" width=\"300\" height=\"300\" title=\"L\u00e1mpara de inundaci\u00f3n LED 50W 100W 150W 200W 300W\" loading=\"lazy\" role=\"img\"><\/a><\/figure><\/div>\n<\/div>\n\n\n\n<div class=\"wp-block-uagb-container uagb-block-af8c8683\">\n<div class=\"wp-block-uagb-image uagb-block-67947854 wp-block-uagb-image--layout-default wp-block-uagb-image--effect-static wp-block-uagb-image--align-none\"><figure class=\"wp-block-uagb-image__figure\"><a class=\"\" href=\"https:\/\/led.amasly.com\/es\/products\/\" target=\"\" rel=\"noopener\"><img decoding=\"async\" srcset=\"https:\/\/led.amasly.com\/wp-content\/uploads\/2024\/07\/led-tri-proof-light.png ,https:\/\/led.amasly.com\/wp-content\/uploads\/2024\/07\/led-tri-proof-light.png 780w, https:\/\/led.amasly.com\/wp-content\/uploads\/2024\/07\/led-tri-proof-light.png 360w\" sizes=\"auto, (max-width: 480px) 150px\" src=\"https:\/\/led.amasly.com\/wp-content\/uploads\/2024\/07\/led-tri-proof-light.png\" alt=\"\" class=\"uag-image-1130\" width=\"300\" height=\"300\" title=\"luz led-tri-proof\" loading=\"lazy\" role=\"img\"><\/a><\/figure><\/div>\n<\/div>\n\n\n\n<div class=\"wp-block-uagb-container uagb-block-0fdfdd58\">\n<div class=\"wp-block-uagb-image uagb-block-1187d32d wp-block-uagb-image--layout-default wp-block-uagb-image--effect-static wp-block-uagb-image--align-none\"><figure class=\"wp-block-uagb-image__figure\"><a class=\"\" href=\"https:\/\/led.amasly.com\/es\/products\/\" target=\"\" rel=\"noopener\"><img decoding=\"async\" srcset=\"https:\/\/led.amasly.com\/wp-content\/uploads\/2024\/07\/LED-street-light.jpg ,https:\/\/led.amasly.com\/wp-content\/uploads\/2024\/07\/LED-street-light.jpg 780w, https:\/\/led.amasly.com\/wp-content\/uploads\/2024\/07\/LED-street-light.jpg 360w\" sizes=\"auto, (max-width: 480px) 150px\" src=\"https:\/\/led.amasly.com\/wp-content\/uploads\/2024\/07\/LED-street-light.jpg\" alt=\"\" class=\"uag-image-1145\" width=\"300\" height=\"300\" title=\"Alumbrado p\u00fablico LED\" loading=\"lazy\" role=\"img\"><\/a><\/figure><\/div>\n<\/div>\n<\/div><\/div>\n\n\n\n<div class=\"wp-block-uagb-container uagb-block-6a60882c alignfull uagb-is-root-container\"><div class=\"uagb-container-inner-blocks-wrap\">\n<div class=\"wp-block-uagb-container uagb-block-f1e91a35\">\n<h4 class=\"wp-block-heading has-text-align-center\"><a href=\"https:\/\/led.amasly.com\/es\/products\/\">Proyectores LED<\/a><\/h4>\n<\/div>\n\n\n\n<div class=\"wp-block-uagb-container uagb-block-165bfa58\">\n<h4 class=\"wp-block-heading has-text-align-center\"><a href=\"https:\/\/led.amasly.com\/es\/products\/\">Tubos de luz LED trif\u00e1sicos<\/a><\/h4>\n<\/div>\n\n\n\n<div class=\"wp-block-uagb-container uagb-block-f6096e3b\">\n<h4 class=\"wp-block-heading has-text-align-center\"><a href=\"https:\/\/led.amasly.com\/es\/products\/\">Alumbrado p\u00fablico LED<\/a><\/h4>\n<\/div>\n<\/div><\/div>\n\n\n\n<div class=\"wp-block-uagb-container uagb-block-99c0e0a5 alignfull uagb-is-root-container\"><div class=\"uagb-container-inner-blocks-wrap\"><\/div><\/div>\n\n\n\n<p><\/p>","protected":false},"excerpt":{"rendered":"<p>How to Choose the Right LED Flood Lights? These 5 Key Points You Must Know! LED flood lights are the top choice for high efficiency and energy savings. Five core factors guide your precise decision-making: Power matching for scenarios delivers high luminous efficacy and low electricity costs; Color temperature and CRI shape ambiance; IP protection [&hellip;]<\/p>\n","protected":false},"author":1,"featured_media":0,"parent":4122,"menu_order":0,"comment_status":"closed","ping_status":"closed","template":"","meta":{"_uag_custom_page_level_css":"","site-sidebar-layout":"no-sidebar","site-content-layout":"","ast-site-content-layout":"default","site-content-style":"default","site-sidebar-style":"default","ast-global-header-display":"","ast-banner-title-visibility":"","ast-main-header-display":"","ast-hfb-above-header-display":"","ast-hfb-below-header-display":"","ast-hfb-mobile-header-display":"","site-post-title":"disabled","ast-breadcrumbs-content":"","ast-featured-img":"","footer-sml-layout":"","ast-disable-related-posts":"","theme-transparent-header-meta":"enabled","adv-header-id-meta":"","stick-header-meta":"","header-above-stick-meta":"","header-main-stick-meta":"","header-below-stick-meta":"","astra-migrate-meta-layouts":"set","ast-page-background-enabled":"default","ast-page-background-meta":{"desktop":{"background-color":"var(--ast-global-color-4)","background-image":"","background-repeat":"repeat","background-position":"center center","background-size":"auto","background-attachment":"scroll","background-type":"","background-media":"","overlay-type":"","overlay-color":"","overlay-opacity":"","overlay-gradient":""},"tablet":{"background-color":"","background-image":"","background-repeat":"repeat","background-position":"center center","background-size":"auto","background-attachment":"scroll","background-type":"","background-media":"","overlay-type":"","overlay-color":"","overlay-opacity":"","overlay-gradient":""},"mobile":{"background-color":"","background-image":"","background-repeat":"repeat","background-position":"center center","background-size":"auto","background-attachment":"scroll","background-type":"","background-media":"","overlay-type":"","overlay-color":"","overlay-opacity":"","overlay-gradient":""}},"ast-content-background-meta":{"desktop":{"background-color":"var(--ast-global-color-5)","background-image":"","background-repeat":"repeat","background-position":"center center","background-size":"auto","background-attachment":"scroll","background-type":"","background-media":"","overlay-type":"","overlay-color":"","overlay-opacity":"","overlay-gradient":""},"tablet":{"background-color":"var(--ast-global-color-5)","background-image":"","background-repeat":"repeat","background-position":"center center","background-size":"auto","background-attachment":"scroll","background-type":"","background-media":"","overlay-type":"","overlay-color":"","overlay-opacity":"","overlay-gradient":""},"mobile":{"background-color":"var(--ast-global-color-5)","background-image":"","background-repeat":"repeat","background-position":"center center","background-size":"auto","background-attachment":"scroll","background-type":"","background-media":"","overlay-type":"","overlay-color":"","overlay-opacity":"","overlay-gradient":""}},"footnotes":""},"class_list":["post-4196","page","type-page","status-publish","hentry"],"uagb_featured_image_src":{"full":false,"thumbnail":false,"medium":false,"medium_large":false,"large":false,"1536x1536":false,"2048x2048":false,"trp-custom-language-flag":false},"uagb_author_info":{"display_name":"Joe","author_link":"https:\/\/led.amasly.com\/es\/author\/jacklin\/"},"uagb_comment_info":0,"uagb_excerpt":"How to Choose the Right LED Flood Lights? These 5 Key Points You Must Know! LED flood lights are the top choice for high efficiency and energy savings. Five core factors guide your precise decision-making: Power matching for scenarios delivers high luminous efficacy and low electricity costs; Color temperature and CRI shape ambiance; IP protection&hellip;","_links":{"self":[{"href":"https:\/\/led.amasly.com\/es\/wp-json\/wp\/v2\/pages\/4196","targetHints":{"allow":["GET"]}}],"collection":[{"href":"https:\/\/led.amasly.com\/es\/wp-json\/wp\/v2\/pages"}],"about":[{"href":"https:\/\/led.amasly.com\/es\/wp-json\/wp\/v2\/types\/page"}],"author":[{"embeddable":true,"href":"https:\/\/led.amasly.com\/es\/wp-json\/wp\/v2\/users\/1"}],"replies":[{"embeddable":true,"href":"https:\/\/led.amasly.com\/es\/wp-json\/wp\/v2\/comments?post=4196"}],"version-history":[{"count":3,"href":"https:\/\/led.amasly.com\/es\/wp-json\/wp\/v2\/pages\/4196\/revisions"}],"predecessor-version":[{"id":4711,"href":"https:\/\/led.amasly.com\/es\/wp-json\/wp\/v2\/pages\/4196\/revisions\/4711"}],"up":[{"embeddable":true,"href":"https:\/\/led.amasly.com\/es\/wp-json\/wp\/v2\/pages\/4122"}],"wp:attachment":[{"href":"https:\/\/led.amasly.com\/es\/wp-json\/wp\/v2\/media?parent=4196"}],"curies":[{"name":"wp","href":"https:\/\/api.w.org\/{rel}","templated":true}]}}