{"id":4155,"date":"2025-07-21T21:11:16","date_gmt":"2025-07-21T13:11:16","guid":{"rendered":"https:\/\/led.amasly.com\/?page_id=4155"},"modified":"2026-01-24T20:11:22","modified_gmt":"2026-01-24T12:11:22","slug":"basketball-court-lighting-configuration-guide","status":"publish","type":"page","link":"https:\/\/led.amasly.com\/es\/knowledge\/outdoor-light-knowledge\/basketball-court-lighting-configuration-guide\/","title":{"rendered":"Gu\u00eda de configuraci\u00f3n de la iluminaci\u00f3n de canchas de baloncesto"},"content":{"rendered":"<div class=\"wp-block-uagb-container uagb-block-27bae773 alignfull uagb-is-root-container\"><div class=\"uagb-container-inner-blocks-wrap\"><\/div><\/div>\n\n\n\n<h1 class=\"wp-block-heading has-text-align-center\"><strong>Gu\u00eda de configuraci\u00f3n de la iluminaci\u00f3n de canchas de baloncesto<\/strong><strong><\/strong><\/h1>\n\n\n\n<h2 class=\"wp-block-heading\"><strong>Iluminaci\u00f3n exterior de canchas de baloncesto <strong>Gu\u00eda de configuraci\u00f3n<\/strong><\/strong><\/h2>\n\n\n\n<p>A la hora de elegir la iluminaci\u00f3n de una cancha de baloncesto al aire libre, hay que tener en cuenta los siguientes factores clave:<\/p>\n\n\n\n<h2 class=\"wp-block-heading\"><strong>1. <strong>Gu\u00eda de configuraci\u00f3n de la iluminaci\u00f3n de canchas de baloncesto<\/strong><\/strong> <strong>Uniformidad:<\/strong><\/h2>\n\n\n\n<p>Una iluminaci\u00f3n uniforme evita las zonas demasiado brillantes u oscuras, proporcionando un entorno visual confortable. Elija las luminarias y soluciones de dise\u00f1o adecuadas para garantizar que la distribuci\u00f3n de la iluminancia en la cancha de baloncesto sea uniforme.<\/p>\n\n\n\n<figure class=\"wp-block-image aligncenter size-large\"><img decoding=\"async\" width=\"1024\" height=\"576\" src=\"https:\/\/led.amasly.com\/wp-content\/uploads\/2025\/07\/Basketball-Court-Lighting-1-1024x576.png\" alt=\"\" class=\"wp-image-4189\" title=\"\" srcset=\"https:\/\/led.amasly.com\/wp-content\/uploads\/2025\/07\/Basketball-Court-Lighting-1-1024x576.png 1024w, https:\/\/led.amasly.com\/wp-content\/uploads\/2025\/07\/Basketball-Court-Lighting-1-300x169.png 300w, https:\/\/led.amasly.com\/wp-content\/uploads\/2025\/07\/Basketball-Court-Lighting-1-768x432.png 768w, https:\/\/led.amasly.com\/wp-content\/uploads\/2025\/07\/Basketball-Court-Lighting-1-18x10.png 18w, https:\/\/led.amasly.com\/wp-content\/uploads\/2025\/07\/Basketball-Court-Lighting-1.png 1080w\" sizes=\"(max-width: 1024px) 100vw, 1024px\" \/><\/figure>\n\n\n\n<h2 class=\"wp-block-heading\"><strong>2. <strong>Gu\u00eda de configuraci\u00f3n de la iluminaci\u00f3n de canchas de baloncesto<\/strong><\/strong> <strong>Iluminancia:<\/strong><\/h2>\n\n\n\n<p>La iluminancia es un indicador clave de la calidad de la iluminaci\u00f3n, que se refiere a la cantidad de luz por unidad de superficie. La iluminancia en la cancha de baloncesto debe ser lo suficientemente alta como para permitir a los atletas ver claramente todos los detalles de la cancha, al tiempo que proporciona una buena visibilidad para los espectadores y las c\u00e1maras.<\/p>\n\n\n\n<figure class=\"wp-block-image aligncenter size-large\"><img decoding=\"async\" width=\"1024\" height=\"708\" src=\"https:\/\/led.amasly.com\/wp-content\/uploads\/2025\/07\/basketball-court-1024x708.jpg\" alt=\"Basketball Court Lighting Configuration Guide\" class=\"wp-image-4190\" title=\"\" srcset=\"https:\/\/led.amasly.com\/wp-content\/uploads\/2025\/07\/basketball-court-1024x708.jpg 1024w, https:\/\/led.amasly.com\/wp-content\/uploads\/2025\/07\/basketball-court-300x208.jpg 300w, https:\/\/led.amasly.com\/wp-content\/uploads\/2025\/07\/basketball-court-768x531.jpg 768w, https:\/\/led.amasly.com\/wp-content\/uploads\/2025\/07\/basketball-court-18x12.jpg 18w, https:\/\/led.amasly.com\/wp-content\/uploads\/2025\/07\/basketball-court.jpg 1080w\" sizes=\"(max-width: 1024px) 100vw, 1024px\" \/><\/figure>\n\n\n\n<h2 class=\"wp-block-heading\"><strong>3. <strong>Gu\u00eda de configuraci\u00f3n de la iluminaci\u00f3n de canchas de baloncesto<\/strong><\/strong> <strong>Control del deslumbramiento:<\/strong><\/h2>\n\n\n\n<p>Control del deslumbramiento: El deslumbramiento puede perjudicar el confort visual de los deportistas y la calidad del juego. Seleccione los dispositivos de iluminaci\u00f3n y los lugares de instalaci\u00f3n adecuados para reducir el deslumbramiento directo, asegur\u00e1ndose de que la luz sea suave y no deslumbrante.<\/p>\n\n\n\n<figure class=\"wp-block-image aligncenter size-large\"><img decoding=\"async\" width=\"1024\" height=\"705\" src=\"https:\/\/led.amasly.com\/wp-content\/uploads\/2025\/07\/basketball-court-light-1024x705.jpg\" alt=\"\" class=\"wp-image-4191\" title=\"\" srcset=\"https:\/\/led.amasly.com\/wp-content\/uploads\/2025\/07\/basketball-court-light-1024x705.jpg 1024w, https:\/\/led.amasly.com\/wp-content\/uploads\/2025\/07\/basketball-court-light-300x207.jpg 300w, https:\/\/led.amasly.com\/wp-content\/uploads\/2025\/07\/basketball-court-light-768x529.jpg 768w, https:\/\/led.amasly.com\/wp-content\/uploads\/2025\/07\/basketball-court-light-18x12.jpg 18w, https:\/\/led.amasly.com\/wp-content\/uploads\/2025\/07\/basketball-court-light.jpg 1080w\" sizes=\"(max-width: 1024px) 100vw, 1024px\" \/><\/figure>\n\n\n\n<p>Control del deslumbramiento:<\/p>\n\n\n\n<p>El deslumbramiento puede afectar al confort visual de los deportistas y a la calidad del juego. Seleccione los dispositivos de iluminaci\u00f3n y los lugares de instalaci\u00f3n adecuados para reducir el deslumbramiento directo, asegur\u00e1ndose de que la luz sea suave y no deslumbrante.<\/p>\n\n\n\n<figure class=\"wp-block-image aligncenter size-full\"><img decoding=\"async\" width=\"775\" height=\"814\" src=\"https:\/\/led.amasly.com\/wp-content\/uploads\/2025\/07\/basketball-court-light-pole.jpg\" alt=\"\" class=\"wp-image-4192\" title=\"\" srcset=\"https:\/\/led.amasly.com\/wp-content\/uploads\/2025\/07\/basketball-court-light-pole.jpg 775w, https:\/\/led.amasly.com\/wp-content\/uploads\/2025\/07\/basketball-court-light-pole-286x300.jpg 286w, https:\/\/led.amasly.com\/wp-content\/uploads\/2025\/07\/basketball-court-light-pole-768x807.jpg 768w, https:\/\/led.amasly.com\/wp-content\/uploads\/2025\/07\/basketball-court-light-pole-11x12.jpg 11w\" sizes=\"(max-width: 775px) 100vw, 775px\" \/><\/figure>\n\n\n\n<h2 class=\"wp-block-heading\"><strong>4. <strong>Gu\u00eda de configuraci\u00f3n de la iluminaci\u00f3n de canchas de baloncesto<\/strong><\/strong> <strong>Altura de instalaci\u00f3n:<\/strong><\/h2>\n\n\n\n<p>La altura de instalaci\u00f3n de las luminarias debe ser de entre 6 y 8 metros para garantizar que la iluminaci\u00f3n cubra toda la cancha de baloncesto y proporcione una distribuci\u00f3n uniforme de la luz.<\/p>\n\n\n\n<h2 class=\"wp-block-heading\"><strong>Gu\u00eda de configuraci\u00f3n de la iluminaci\u00f3n de canchas de baloncesto<\/strong> <strong>Resumen<\/strong><\/h2>\n\n\n\n<p class=\"has-text-align-left\">A la hora de seleccionar productos de iluminaci\u00f3n espec\u00edficos, tenga en cuenta las marcas de iluminaci\u00f3n deportiva m\u00e1s conocidas del mercado. Amasly Sports Lighting ofrece soluciones de iluminaci\u00f3n profesionales y proporciona dise\u00f1os y servicios personalizados adaptados a las necesidades espec\u00edficas de las distintas canchas de baloncesto.<\/p>\n\n\n\n<div class=\"wp-block-uagb-container uagb-block-c7d898dd alignfull uagb-is-root-container\"><div class=\"uagb-container-inner-blocks-wrap\"><\/div><\/div>\n\n\n\n<h2 class=\"wp-block-heading\"><strong>Preguntas m\u00e1s frecuentes sobre Amasly Light<\/strong><\/h2>\n\n\n\n<p><strong>P1.\u00bfPuedo recibir un pedido de muestra de luz led?<\/strong><strong><\/strong><\/p>\n\n\n\n<p>R: S\u00ed, aceptamos pedidos de muestras para probar y comprobar la calidad. Las muestras mezcladas son aceptables.<\/p>\n\n\n\n<p><strong>P2: \u00bfY el plazo de entrega?<\/strong><strong><\/strong><\/p>\n\n\n\n<p>R: La muestra necesita 3-5 d\u00edas, el tiempo de producci\u00f3n en masa necesita 1-2 semanas.<\/p>\n\n\n\n<p><strong>Q3.Do usted tiene cualquier l\u00edmite MOQ para la luz led orden?<\/strong><strong><\/strong><\/p>\n\n\n\n<p>R: Bajo MOQ 1pc para la comprobaci\u00f3n de la muestra est\u00e1 disponible.<\/p>\n\n\n\n<p><strong>Q4. \u00bfC\u00f3mo env\u00edan la mercanc\u00eda y cu\u00e1nto tarda en llegar?<\/strong><strong><\/strong><\/p>\n\n\n\n<p>R: Normalmente enviamos por <a href=\"https:\/\/www.dhl.com\" rel=\"nofollow noopener\" target=\"_blank\">DHL<\/a>, UPS, FedEx o TNT. Suele tardar entre 3 y 5 d\u00edas en llegar. L\u00ednea a\u00e9rea y mar\u00edtima de env\u00edo tambi\u00e9n opcional.<\/p>\n\n\n\n<p><strong>Q5. \u00bfC\u00f3mo tramitar un pedido de luz led?<\/strong><strong><\/strong><\/p>\n\n\n\n<p>A:<\/p>\n\n\n\n<p>En primer lugar, comun\u00edquenos sus necesidades o su solicitud.<\/p>\n\n\n\n<p>En segundo lugar, presupuestamos seg\u00fan sus requisitos o nuestras sugerencias.<\/p>\n\n\n\n<p>En tercer lugar, el cliente confirma las muestras y realiza el dep\u00f3sito para el pedido formal.<\/p>\n\n\n\n<p>En cuarto lugar, organizamos la producci\u00f3n.<\/p>\n\n\n\n<p><strong>P6.\u00bfPuedo imprimir mi <\/strong><strong>LOGO<\/strong><strong>&nbsp;en producto de luz led ?<\/strong><strong><\/strong><\/p>\n\n\n\n<p>R: S\u00ed, por favor inf\u00f3rmenos formalmente antes de nuestra producci\u00f3n y confirmar el dise\u00f1o en primer lugar sobre la base de nuestra muestra.<\/p>\n\n\n\n<p><strong>P7: \u00bfOfrecen garant\u00eda para los productos?<\/strong><strong><\/strong><\/p>\n\n\n\n<p>R: S\u00ed, ofrecemos de 2 a 5 a\u00f1os de garant\u00eda para nuestros productos.<\/p>\n\n\n\n<p><strong>P8: \u00bfC\u00f3mo tratar los fallos?<\/strong><strong><\/strong><\/p>\n\n\n\n<p>A:<\/p>\n\n\n\n<p>En primer lugar, nuestros productos se producen dinstrict sistema de control de calidad y la tasa de defectos ser\u00e1 inferior a 0,2%<\/p>\n\n\n\n<p>En segundo lugar, durante el per\u00edodo de garant\u00eda, proporcionaremos piezas para sustituir la pieza defectuosa.. Para los pedidos al por mayor, proporcionaremos piezas vulnerables por adelantado, o podemos discutir soluciones, incluyendo la retirada del producto, en funci\u00f3n de la situaci\u00f3n real.<\/p>\n\n\n\n<p><strong>P9: \u00bfSe pueden fabricar l\u00e1mparas antideflagrantes de bajo voltaje con tensiones de CA\/CC de 12 V, 24 V, 36 V o 48 V? <\/strong><\/p>\n\n\n\n<p>Amasly se puede utilizar como luces a prueba de explosiones tanto de bajo voltaje como de alto voltaje - AC\/DC 12V, 24V, 36V, 48V, AC 85-265V, AC 380V. <\/p>\n\n\n\n<p><strong>Q10: \u00bfSe pueden a\u00f1adir pilas de emergencia a las luces Poof Explosion? <\/strong><\/p>\n\n\n\n<p>La l\u00e1mpara antideflagrante Amasly puede equiparse con bater\u00edas de litio de emergencia. La duraci\u00f3n de emergencia es de 90 minutos, 120 minutos o 180 minutos. <\/p>\n\n\n\n<p><strong>P11: \u00bfSe puede personalizar la l\u00e1mpara a prueba de explosiones Amasly como producto OEM? <\/strong><\/p>\n\n\n\n<p>Las l\u00e1mparas antideflagrantes Amasly pueden personalizarse seg\u00fan los requisitos del cliente, tanto para las l\u00e1mparas como para las cajas de embalaje.<\/p>\n\n\n\n<h2 class=\"wp-block-heading\">Productos relacionados<\/h2>\n\n\n\n<div class=\"wp-block-uagb-container uagb-block-66e4defc alignfull uagb-is-root-container\"><div class=\"uagb-container-inner-blocks-wrap\">\n<div class=\"wp-block-uagb-container uagb-block-a42945f9\">\n<div class=\"wp-block-uagb-image uagb-block-7296296b wp-block-uagb-image--layout-default wp-block-uagb-image--effect-static wp-block-uagb-image--align-none\"><figure class=\"wp-block-uagb-image__figure\"><a class=\"\" href=\"https:\/\/led.amasly.com\/es\/products\/\" target=\"\" rel=\"noopener\"><img decoding=\"async\" srcset=\"https:\/\/led.amasly.com\/wp-content\/uploads\/2024\/09\/Explosion-proof-high-bay-lights.png ,https:\/\/led.amasly.com\/wp-content\/uploads\/2024\/09\/Explosion-proof-high-bay-lights.png 780w, https:\/\/led.amasly.com\/wp-content\/uploads\/2024\/09\/Explosion-proof-high-bay-lights.png 360w\" sizes=\"auto, (max-width: 480px) 150px\" src=\"https:\/\/led.amasly.com\/wp-content\/uploads\/2024\/09\/Explosion-proof-high-bay-lights.png\" alt=\"\" class=\"uag-image-1495\" width=\"300\" height=\"300\" title=\"Luces de gran altura a prueba de explosiones\" loading=\"lazy\" role=\"img\"><\/a><\/figure><\/div>\n<\/div>\n\n\n\n<div class=\"wp-block-uagb-container uagb-block-4d3efde5\">\n<div class=\"wp-block-uagb-image uagb-block-c9e90797 wp-block-uagb-image--layout-default wp-block-uagb-image--effect-static wp-block-uagb-image--align-none\"><figure class=\"wp-block-uagb-image__figure\"><a class=\"\" href=\"https:\/\/led.amasly.com\/es\/products\/\" target=\"\" rel=\"noopener\"><img decoding=\"async\" srcset=\"https:\/\/led.amasly.com\/wp-content\/uploads\/2024\/07\/LED-tri-proof-lights2.png ,https:\/\/led.amasly.com\/wp-content\/uploads\/2024\/07\/LED-tri-proof-lights2.png 780w, https:\/\/led.amasly.com\/wp-content\/uploads\/2024\/07\/LED-tri-proof-lights2.png 360w\" sizes=\"auto, (max-width: 480px) 150px\" src=\"https:\/\/led.amasly.com\/wp-content\/uploads\/2024\/07\/LED-tri-proof-lights2.png\" alt=\"\" class=\"uag-image-1132\" width=\"300\" height=\"300\" title=\"Luces LED-tri-proof2\" loading=\"lazy\" role=\"img\"><\/a><\/figure><\/div>\n<\/div>\n\n\n\n<div class=\"wp-block-uagb-container uagb-block-11c2578b\">\n<div class=\"wp-block-uagb-image uagb-block-6e8883aa wp-block-uagb-image--layout-default wp-block-uagb-image--effect-static wp-block-uagb-image--align-none\"><figure class=\"wp-block-uagb-image__figure\"><a class=\"\" href=\"https:\/\/led.amasly.com\/es\/products\/\" target=\"\" rel=\"noopener\"><img decoding=\"async\" srcset=\"https:\/\/led.amasly.com\/wp-content\/uploads\/2024\/09\/LED-Explosion-Proof-Gas-Station-Light.png ,https:\/\/led.amasly.com\/wp-content\/uploads\/2024\/09\/LED-Explosion-Proof-Gas-Station-Light.png 780w, https:\/\/led.amasly.com\/wp-content\/uploads\/2024\/09\/LED-Explosion-Proof-Gas-Station-Light.png 360w\" sizes=\"auto, (max-width: 480px) 150px\" src=\"https:\/\/led.amasly.com\/wp-content\/uploads\/2024\/09\/LED-Explosion-Proof-Gas-Station-Light.png\" alt=\"\" class=\"uag-image-1501\" width=\"300\" height=\"300\" title=\"L\u00e1mpara LED antideflagrante para gasolineras\" loading=\"lazy\" role=\"img\"><\/a><\/figure><\/div>\n<\/div>\n<\/div><\/div>\n\n\n\n<div class=\"wp-block-uagb-container uagb-block-548945b5 alignfull uagb-is-root-container\"><div class=\"uagb-container-inner-blocks-wrap\">\n<div class=\"wp-block-uagb-container uagb-block-967755d5\">\n<h4 class=\"wp-block-heading has-text-align-center\"><a href=\"https:\/\/led.amasly.com\/es\/products\/\">Luces LED antideflagrantes<\/a><\/h4>\n<\/div>\n\n\n\n<div class=\"wp-block-uagb-container uagb-block-9bc52fc2\">\n<h4 class=\"wp-block-heading has-text-align-center\"><a href=\"https:\/\/led.amasly.com\/es\/products\/\">Luces LED Tri-Proof<\/a><\/h4>\n<\/div>\n\n\n\n<div class=\"wp-block-uagb-container uagb-block-8ffa0a23\">\n<h4 class=\"wp-block-heading has-text-align-center\"><a href=\"https:\/\/led.amasly.com\/es\/products\/\">Luces de gasolinera a prueba de explosiones<\/a><\/h4>\n<\/div>\n<\/div><\/div>\n\n\n\n<div class=\"wp-block-uagb-container uagb-block-29499fe0 alignfull uagb-is-root-container\"><div class=\"uagb-container-inner-blocks-wrap\">\n<div class=\"wp-block-uagb-container uagb-block-777ee1c7\">\n<div class=\"wp-block-uagb-image uagb-block-2e9a1851 wp-block-uagb-image--layout-default wp-block-uagb-image--effect-static wp-block-uagb-image--align-none\"><figure class=\"wp-block-uagb-image__figure\"><a class=\"\" href=\"https:\/\/led.amasly.com\/es\/products\/\" target=\"\" rel=\"noopener\"><img decoding=\"async\" srcset=\"https:\/\/led.amasly.com\/wp-content\/uploads\/2024\/10\/50W-100W-150W-200W-300W-LED-Flood-Light.jpg ,https:\/\/led.amasly.com\/wp-content\/uploads\/2024\/10\/50W-100W-150W-200W-300W-LED-Flood-Light.jpg 780w, https:\/\/led.amasly.com\/wp-content\/uploads\/2024\/10\/50W-100W-150W-200W-300W-LED-Flood-Light.jpg 360w\" sizes=\"auto, (max-width: 480px) 150px\" src=\"https:\/\/led.amasly.com\/wp-content\/uploads\/2024\/10\/50W-100W-150W-200W-300W-LED-Flood-Light.jpg\" alt=\"\" class=\"uag-image-1526\" width=\"300\" height=\"300\" title=\"L\u00e1mpara de inundaci\u00f3n LED 50W 100W 150W 200W 300W\" loading=\"lazy\" role=\"img\"><\/a><\/figure><\/div>\n<\/div>\n\n\n\n<div class=\"wp-block-uagb-container uagb-block-af8c8683\">\n<div class=\"wp-block-uagb-image uagb-block-67947854 wp-block-uagb-image--layout-default wp-block-uagb-image--effect-static wp-block-uagb-image--align-none\"><figure class=\"wp-block-uagb-image__figure\"><a class=\"\" href=\"https:\/\/led.amasly.com\/es\/products\/\" target=\"\" rel=\"noopener\"><img decoding=\"async\" srcset=\"https:\/\/led.amasly.com\/wp-content\/uploads\/2024\/07\/led-tri-proof-light.png ,https:\/\/led.amasly.com\/wp-content\/uploads\/2024\/07\/led-tri-proof-light.png 780w, https:\/\/led.amasly.com\/wp-content\/uploads\/2024\/07\/led-tri-proof-light.png 360w\" sizes=\"auto, (max-width: 480px) 150px\" src=\"https:\/\/led.amasly.com\/wp-content\/uploads\/2024\/07\/led-tri-proof-light.png\" alt=\"\" class=\"uag-image-1130\" width=\"300\" height=\"300\" title=\"luz led-tri-proof\" loading=\"lazy\" role=\"img\"><\/a><\/figure><\/div>\n<\/div>\n\n\n\n<div class=\"wp-block-uagb-container uagb-block-0fdfdd58\">\n<div class=\"wp-block-uagb-image uagb-block-1187d32d wp-block-uagb-image--layout-default wp-block-uagb-image--effect-static wp-block-uagb-image--align-none\"><figure class=\"wp-block-uagb-image__figure\"><a class=\"\" href=\"https:\/\/led.amasly.com\/es\/products\/\" target=\"\" rel=\"noopener\"><img decoding=\"async\" srcset=\"https:\/\/led.amasly.com\/wp-content\/uploads\/2024\/07\/LED-street-light.jpg ,https:\/\/led.amasly.com\/wp-content\/uploads\/2024\/07\/LED-street-light.jpg 780w, https:\/\/led.amasly.com\/wp-content\/uploads\/2024\/07\/LED-street-light.jpg 360w\" sizes=\"auto, (max-width: 480px) 150px\" src=\"https:\/\/led.amasly.com\/wp-content\/uploads\/2024\/07\/LED-street-light.jpg\" alt=\"\" class=\"uag-image-1145\" width=\"300\" height=\"300\" title=\"Alumbrado p\u00fablico LED\" loading=\"lazy\" role=\"img\"><\/a><\/figure><\/div>\n<\/div>\n<\/div><\/div>\n\n\n\n<div class=\"wp-block-uagb-container uagb-block-6a60882c alignfull uagb-is-root-container\"><div class=\"uagb-container-inner-blocks-wrap\">\n<div class=\"wp-block-uagb-container uagb-block-f1e91a35\">\n<h4 class=\"wp-block-heading has-text-align-center\"><a href=\"https:\/\/led.amasly.com\/es\/products\/\">Proyectores LED<\/a><\/h4>\n<\/div>\n\n\n\n<div class=\"wp-block-uagb-container uagb-block-165bfa58\">\n<h4 class=\"wp-block-heading has-text-align-center\"><a href=\"https:\/\/led.amasly.com\/es\/products\/\">Tubos de luz LED trif\u00e1sicos<\/a><\/h4>\n<\/div>\n\n\n\n<div class=\"wp-block-uagb-container uagb-block-f6096e3b\">\n<h4 class=\"wp-block-heading has-text-align-center\"><a href=\"https:\/\/led.amasly.com\/es\/products\/\">Alumbrado p\u00fablico LED<\/a><\/h4>\n<\/div>\n<\/div><\/div>\n\n\n\n<div class=\"wp-block-uagb-container uagb-block-99c0e0a5 alignfull uagb-is-root-container\"><div class=\"uagb-container-inner-blocks-wrap\"><\/div><\/div>\n\n\n\n<p><\/p>","protected":false},"excerpt":{"rendered":"<p>Basketball Court Lighting Configuration Guide Outdoor Basketball Court Lighting Configuration Guide When selecting light for an outdoor basketball court, you need to consider the following key factors: 1. Basketball Court Lighting Configuration Guide Uniformity: Uniform lighting prevents overly bright or dark areas, providing a comfortable visual environment. Choose appropriate lighting fixtures and design solutions to [&hellip;]<\/p>\n","protected":false},"author":1,"featured_media":0,"parent":4122,"menu_order":0,"comment_status":"closed","ping_status":"closed","template":"","meta":{"_uag_custom_page_level_css":"","site-sidebar-layout":"no-sidebar","site-content-layout":"","ast-site-content-layout":"default","site-content-style":"default","site-sidebar-style":"default","ast-global-header-display":"","ast-banner-title-visibility":"","ast-main-header-display":"","ast-hfb-above-header-display":"","ast-hfb-below-header-display":"","ast-hfb-mobile-header-display":"","site-post-title":"disabled","ast-breadcrumbs-content":"","ast-featured-img":"","footer-sml-layout":"","ast-disable-related-posts":"","theme-transparent-header-meta":"enabled","adv-header-id-meta":"","stick-header-meta":"","header-above-stick-meta":"","header-main-stick-meta":"","header-below-stick-meta":"","astra-migrate-meta-layouts":"set","ast-page-background-enabled":"default","ast-page-background-meta":{"desktop":{"background-color":"var(--ast-global-color-4)","background-image":"","background-repeat":"repeat","background-position":"center center","background-size":"auto","background-attachment":"scroll","background-type":"","background-media":"","overlay-type":"","overlay-color":"","overlay-opacity":"","overlay-gradient":""},"tablet":{"background-color":"","background-image":"","background-repeat":"repeat","background-position":"center center","background-size":"auto","background-attachment":"scroll","background-type":"","background-media":"","overlay-type":"","overlay-color":"","overlay-opacity":"","overlay-gradient":""},"mobile":{"background-color":"","background-image":"","background-repeat":"repeat","background-position":"center center","background-size":"auto","background-attachment":"scroll","background-type":"","background-media":"","overlay-type":"","overlay-color":"","overlay-opacity":"","overlay-gradient":""}},"ast-content-background-meta":{"desktop":{"background-color":"var(--ast-global-color-5)","background-image":"","background-repeat":"repeat","background-position":"center center","background-size":"auto","background-attachment":"scroll","background-type":"","background-media":"","overlay-type":"","overlay-color":"","overlay-opacity":"","overlay-gradient":""},"tablet":{"background-color":"var(--ast-global-color-5)","background-image":"","background-repeat":"repeat","background-position":"center center","background-size":"auto","background-attachment":"scroll","background-type":"","background-media":"","overlay-type":"","overlay-color":"","overlay-opacity":"","overlay-gradient":""},"mobile":{"background-color":"var(--ast-global-color-5)","background-image":"","background-repeat":"repeat","background-position":"center center","background-size":"auto","background-attachment":"scroll","background-type":"","background-media":"","overlay-type":"","overlay-color":"","overlay-opacity":"","overlay-gradient":""}},"footnotes":""},"class_list":["post-4155","page","type-page","status-publish","hentry"],"uagb_featured_image_src":{"full":false,"thumbnail":false,"medium":false,"medium_large":false,"large":false,"1536x1536":false,"2048x2048":false,"trp-custom-language-flag":false},"uagb_author_info":{"display_name":"Joe","author_link":"https:\/\/led.amasly.com\/es\/author\/jacklin\/"},"uagb_comment_info":0,"uagb_excerpt":"Basketball Court Lighting Configuration Guide Outdoor Basketball Court Lighting Configuration Guide When selecting light for an outdoor basketball court, you need to consider the following key factors: 1. Basketball Court Lighting Configuration Guide Uniformity: Uniform lighting prevents overly bright or dark areas, providing a comfortable visual environment. Choose appropriate lighting fixtures and design solutions to&hellip;","_links":{"self":[{"href":"https:\/\/led.amasly.com\/es\/wp-json\/wp\/v2\/pages\/4155","targetHints":{"allow":["GET"]}}],"collection":[{"href":"https:\/\/led.amasly.com\/es\/wp-json\/wp\/v2\/pages"}],"about":[{"href":"https:\/\/led.amasly.com\/es\/wp-json\/wp\/v2\/types\/page"}],"author":[{"embeddable":true,"href":"https:\/\/led.amasly.com\/es\/wp-json\/wp\/v2\/users\/1"}],"replies":[{"embeddable":true,"href":"https:\/\/led.amasly.com\/es\/wp-json\/wp\/v2\/comments?post=4155"}],"version-history":[{"count":3,"href":"https:\/\/led.amasly.com\/es\/wp-json\/wp\/v2\/pages\/4155\/revisions"}],"predecessor-version":[{"id":4701,"href":"https:\/\/led.amasly.com\/es\/wp-json\/wp\/v2\/pages\/4155\/revisions\/4701"}],"up":[{"embeddable":true,"href":"https:\/\/led.amasly.com\/es\/wp-json\/wp\/v2\/pages\/4122"}],"wp:attachment":[{"href":"https:\/\/led.amasly.com\/es\/wp-json\/wp\/v2\/media?parent=4155"}],"curies":[{"name":"wp","href":"https:\/\/api.w.org\/{rel}","templated":true}]}}