{"id":3978,"date":"2025-05-24T22:25:02","date_gmt":"2025-05-24T14:25:02","guid":{"rendered":"https:\/\/led.amasly.com\/?page_id=3978"},"modified":"2026-01-18T14:08:15","modified_gmt":"2026-01-18T06:08:15","slug":"explosion-proof-linear-lights-price","status":"publish","type":"page","link":"https:\/\/led.amasly.com\/es\/light-price\/explosion-proof-linear-lights-price\/","title":{"rendered":"Precio de las luces lineales a prueba de explosiones"},"content":{"rendered":"<div class=\"wp-block-uagb-container uagb-block-27bae773 alignfull uagb-is-root-container\"><div class=\"uagb-container-inner-blocks-wrap\"><\/div><\/div>\n\n\n\n<h1 class=\"wp-block-heading has-text-align-center\"><strong>Precio de las luces lineales antideflagrantes<\/strong><\/h1>\n\n\n\n<p>Las tiras de luces a prueba de explosiones Amasly se exportan a todos los continentes del mundo, m\u00e1s de 60 pa\u00edses, con certificaciones de producto completas y garant\u00eda de calidad.<\/p>\n\n\n\n<h2 class=\"wp-block-heading\"><strong>Amasly<\/strong> <strong><strong>Caracter\u00edsticas de las luces lineales antideflagrantes<\/strong><\/strong><\/h2>\n\n\n\n<p>Larga vida tan fLas partes estructurales de las l\u00e1mparas est\u00e1n hechas de aluminio anticorrosivo, la superficie est\u00e1 anodizada y luego rociada con polvo de pl\u00e1stico anticorrosivo de resina pura para exteriores, y el soporte de montaje y los tornillos est\u00e1n hechos de acero inoxidable SUS304, que se puede aplicar al ambiente costero durante mucho tiempo;<\/p>\n\n\n\n<p>L\u00e1mparas dise\u00f1adas para la estructura de sellado integrado, sin costura abierta, sin deformaci\u00f3n, el uso a largo plazo en el duro ambiente de trabajo al aire libre sin agua, insectos, cenizas;<\/p>\n\n\n\n<p>L\u00e1mparas dise\u00f1adas para la estructura anti-vibraci\u00f3n de alta resistencia, circuito de elasticidad anti-aflojamiento de conexi\u00f3n, se puede aplicar a la ubicaci\u00f3n de las zonas de fuerte vibraci\u00f3n durante mucho tiempo;<\/p>\n\n\n\n<p>Salida de luz flexible, sin deslumbramiento, sin peligro de luz azul, especialmente adecuada para iluminaci\u00f3n de larga duraci\u00f3n en escenas de perfil bajo donde trabajan personas;<\/p>\n\n\n\n<p>La cubierta de transmisi\u00f3n de luz est\u00e1 fabricada con material difusor no met\u00e1lico para exteriores, que puede exponerse a un entorno ultravioleta intenso durante mucho tiempo sin amarillear, volverse quebradizo ni agrietarse;<\/p>\n\n\n\n<p>Todo el grado de protecci\u00f3n de la l\u00e1mpara IP67, adecuado para todo tipo de arena interior y exterior, polvo, lluvia y niebla, olas violentas y el medio ambiente de inmersi\u00f3n en agua a corto plazo;<\/p>\n\n\n\n<p>M\u00e9todos de instalaci\u00f3n e interfaces flexibles y diversificados, ampliamente aplicables a diversos escenarios de instalaci\u00f3n;<\/p>\n\n\n\n<p>Las l\u00e1mparas y linternas se pueden personalizar con el m\u00e1s alto grado de anticorrosi\u00f3n marina, el soporte de montaje y los tornillos est\u00e1n hechos de material de acero inoxidable SUS316L, se pueden aplicar a un entorno de funcionamiento en alta mar a largo plazo;<\/p>\n\n\n\n<p>Dise\u00f1o independiente de la caja de conexiones, cableado conveniente al mismo tiempo, se puede hacer en paralelo con el uso de m\u00faltiples l\u00e1mparas, reduciendo el costo de instalaci\u00f3n de cajas de conexiones.<\/p>\n\n\n\n<h2 class=\"wp-block-heading\"><strong>Instalaci\u00f3n<\/strong><\/h2>\n\n\n\n<p>Ampliamente utilizado en sala de control de campo, oficina de campo, sala de bater\u00edas, \u00e1rea de amon\u00edaco l\u00edquido, pasarela de torre de refinaci\u00f3n, pasarela de tanque de almacenamiento de petr\u00f3leo, pasarela de plataforma, cobertizo de v\u00e1lvula de bomba, tuber\u00eda a lo largo de la l\u00ednea, chimeneas de terminal de productos qu\u00edmicos peligrosos y otros lugares de iluminaci\u00f3n;<\/p>\n\n\n\n<p>Adecuado para lugares con alto nivel de protecci\u00f3n contra la humedad y la corrosi\u00f3n;<\/p>\n\n\n\n<p>Apto para gas explosivo 1 zona, 2 zonas;<\/p>\n\n\n\n<p>Apto para entornos con gases explosivos IIA, IIB, IIC;<\/p>\n\n\n\n<p>Adecuado para el grupo de temperatura T1~T6.<\/p>\n\n\n\n<h2 class=\"wp-block-heading\"><strong>Amasly Luces lineales antideflagrantes precio<\/strong><\/h2>\n\n\n\n<div class=\"wp-block-uagb-image uagb-block-87c4869a wp-block-uagb-image--layout-default wp-block-uagb-image--effect-static wp-block-uagb-image--align-none\"><figure class=\"wp-block-uagb-image__figure\"><img decoding=\"async\" srcset=\"https:\/\/led.amasly.com\/wp-content\/uploads\/2025\/05\/Explosion-proof-linear-lights.jpg ,https:\/\/led.amasly.com\/wp-content\/uploads\/2025\/05\/Explosion-proof-linear-lights.jpg 780w, https:\/\/led.amasly.com\/wp-content\/uploads\/2025\/05\/Explosion-proof-linear-lights.jpg 360w\" sizes=\"auto, (max-width: 480px) 150px\" src=\"https:\/\/led.amasly.com\/wp-content\/uploads\/2025\/05\/Explosion-proof-linear-lights.jpg\" alt=\"Explosion proof linear lights, Explosion proof linear lights price\" class=\"uag-image-3979\" width=\"800\" height=\"800\" title=\"Luces lineales antideflagrantes\" loading=\"lazy\" role=\"img\"\/><\/figure><\/div>\n\n\n\n<figure class=\"wp-block-table\"><table class=\"has-fixed-layout\"><tbody><tr><td>Modelo<\/td><td>Potencia<\/td><td>Hasta Precio\/USD<\/td><\/tr><tr><td>BAD61<\/td><td>20W<\/td><td>$39.19<\/td><\/tr><tr><td>BAD61<\/td><td>30W<\/td><td>$39.19<\/td><\/tr><tr><td>BAD61<\/td><td>40W<\/td><td>$56.17<\/td><\/tr><tr><td>BAD61<\/td><td>50W<\/td><td>$56.17<\/td><\/tr><\/tbody><\/table><\/figure>\n\n\n\n<h2 class=\"wp-block-heading\"><strong>Preguntas m\u00e1s frecuentes sobre Amasly Light<\/strong><\/h2>\n\n\n\n<p><strong>P1.\u00bfPuedo recibir un pedido de muestra de luz led?<\/strong><strong><\/strong><\/p>\n\n\n\n<p>R: S\u00ed, aceptamos pedidos de muestras para probar y comprobar la calidad. Las muestras mezcladas son aceptables.<\/p>\n\n\n\n<p><strong>P2: \u00bfY el plazo de entrega?<\/strong><strong><\/strong><\/p>\n\n\n\n<p>R: La muestra necesita 3-5 d\u00edas, el tiempo de producci\u00f3n en masa necesita 1-2 semanas.<\/p>\n\n\n\n<p><strong>Q3.Do usted tiene cualquier l\u00edmite MOQ para la luz led orden?<\/strong><strong><\/strong><\/p>\n\n\n\n<p>R: Bajo MOQ 1pc para la comprobaci\u00f3n de la muestra est\u00e1 disponible.<\/p>\n\n\n\n<p><strong>Q4. \u00bfC\u00f3mo env\u00edan la mercanc\u00eda y cu\u00e1nto tarda en llegar?<\/strong><strong><\/strong><\/p>\n\n\n\n<p>R: Normalmente enviamos por <a href=\"https:\/\/www.dhl.com\" rel=\"nofollow noopener\" target=\"_blank\">DHL<\/a>, UPS, FedEx o TNT. Suele tardar entre 3 y 5 d\u00edas en llegar. L\u00ednea a\u00e9rea y mar\u00edtima de env\u00edo tambi\u00e9n opcional.<\/p>\n\n\n\n<p><strong>Q5. \u00bfC\u00f3mo tramitar un pedido de luz led?<\/strong><strong><\/strong><\/p>\n\n\n\n<p>A:<\/p>\n\n\n\n<p>En primer lugar, comun\u00edquenos sus necesidades o su solicitud.<\/p>\n\n\n\n<p>En segundo lugar, presupuestamos seg\u00fan sus requisitos o nuestras sugerencias.<\/p>\n\n\n\n<p>En tercer lugar, el cliente confirma las muestras y realiza el dep\u00f3sito para el pedido formal.<\/p>\n\n\n\n<p>En cuarto lugar, organizamos la producci\u00f3n.<\/p>\n\n\n\n<p><strong>P6.\u00bfPuedo imprimir mi <\/strong><strong>LOGO<\/strong><strong>&nbsp;en producto de luz led ?<\/strong><strong><\/strong><\/p>\n\n\n\n<p>R: S\u00ed, por favor inf\u00f3rmenos formalmente antes de nuestra producci\u00f3n y confirmar el dise\u00f1o en primer lugar sobre la base de nuestra muestra.<\/p>\n\n\n\n<p><strong>P7: \u00bfOfrecen garant\u00eda para los productos?<\/strong><strong><\/strong><\/p>\n\n\n\n<p>R: S\u00ed, ofrecemos de 2 a 5 a\u00f1os de garant\u00eda para nuestros productos.<\/p>\n\n\n\n<p><strong>P8: \u00bfC\u00f3mo tratar los fallos?<\/strong><strong><\/strong><\/p>\n\n\n\n<p>A:<\/p>\n\n\n\n<p>En primer lugar, nuestros productos se producen dinstrict sistema de control de calidad y la tasa de defectos ser\u00e1 inferior a 0,2%<\/p>\n\n\n\n<p>En segundo lugar, durante el per\u00edodo de garant\u00eda, proporcionaremos piezas para sustituir la pieza defectuosa.. Para los pedidos al por mayor, proporcionaremos piezas vulnerables por adelantado, o podemos discutir soluciones, incluyendo la retirada del producto, en funci\u00f3n de la situaci\u00f3n real.<\/p>\n\n\n\n<p><strong>P9: \u00bfSe pueden fabricar l\u00e1mparas antideflagrantes de bajo voltaje con tensiones de CA\/CC de 12 V, 24 V, 36 V o 48 V? <\/strong><\/p>\n\n\n\n<p>Amasly se puede utilizar como luces a prueba de explosiones tanto de bajo voltaje como de alto voltaje - AC\/DC 12V, 24V, 36V, 48V, AC 85-265V, AC 380V. <\/p>\n\n\n\n<p><strong>Q10: \u00bfSe pueden a\u00f1adir pilas de emergencia a las luces Poof Explosion? <\/strong><\/p>\n\n\n\n<p>La l\u00e1mpara antideflagrante Amasly puede equiparse con bater\u00edas de litio de emergencia. La duraci\u00f3n de emergencia es de 90 minutos, 120 minutos o 180 minutos. <\/p>\n\n\n\n<p><strong>P11: \u00bfSe puede personalizar la l\u00e1mpara a prueba de explosiones Amasly como producto OEM? <\/strong><\/p>\n\n\n\n<p>Las l\u00e1mparas antideflagrantes Amasly pueden personalizarse seg\u00fan los requisitos del cliente, tanto para las l\u00e1mparas como para las cajas de embalaje.<\/p>\n\n\n\n<div class=\"wp-block-uagb-container uagb-block-c7d898dd alignfull uagb-is-root-container\"><div class=\"uagb-container-inner-blocks-wrap\"><\/div><\/div>\n\n\n\n<h2 class=\"wp-block-heading\">Productos relacionados<\/h2>\n\n\n\n<div class=\"wp-block-uagb-container uagb-block-66e4defc alignfull uagb-is-root-container\"><div class=\"uagb-container-inner-blocks-wrap\">\n<div class=\"wp-block-uagb-container uagb-block-a42945f9\">\n<div class=\"wp-block-uagb-image uagb-block-7296296b wp-block-uagb-image--layout-default wp-block-uagb-image--effect-static wp-block-uagb-image--align-none\"><figure class=\"wp-block-uagb-image__figure\"><a class=\"\" href=\"https:\/\/led.amasly.com\/es\/products\/\" target=\"\" rel=\"noopener\"><img decoding=\"async\" srcset=\"https:\/\/led.amasly.com\/wp-content\/uploads\/2024\/09\/Explosion-proof-high-bay-lights.png ,https:\/\/led.amasly.com\/wp-content\/uploads\/2024\/09\/Explosion-proof-high-bay-lights.png 780w, https:\/\/led.amasly.com\/wp-content\/uploads\/2024\/09\/Explosion-proof-high-bay-lights.png 360w\" sizes=\"auto, (max-width: 480px) 150px\" src=\"https:\/\/led.amasly.com\/wp-content\/uploads\/2024\/09\/Explosion-proof-high-bay-lights.png\" alt=\"\" class=\"uag-image-1495\" width=\"300\" height=\"300\" title=\"Luces de gran altura a prueba de explosiones\" loading=\"lazy\" role=\"img\"><\/a><\/figure><\/div>\n<\/div>\n\n\n\n<div class=\"wp-block-uagb-container uagb-block-4d3efde5\">\n<div class=\"wp-block-uagb-image uagb-block-c9e90797 wp-block-uagb-image--layout-default wp-block-uagb-image--effect-static wp-block-uagb-image--align-none\"><figure class=\"wp-block-uagb-image__figure\"><a class=\"\" href=\"https:\/\/led.amasly.com\/es\/products\/\" target=\"\" rel=\"noopener\"><img decoding=\"async\" srcset=\"https:\/\/led.amasly.com\/wp-content\/uploads\/2024\/07\/LED-tri-proof-lights2.png ,https:\/\/led.amasly.com\/wp-content\/uploads\/2024\/07\/LED-tri-proof-lights2.png 780w, https:\/\/led.amasly.com\/wp-content\/uploads\/2024\/07\/LED-tri-proof-lights2.png 360w\" sizes=\"auto, (max-width: 480px) 150px\" src=\"https:\/\/led.amasly.com\/wp-content\/uploads\/2024\/07\/LED-tri-proof-lights2.png\" alt=\"\" class=\"uag-image-1132\" width=\"300\" height=\"300\" title=\"Luces LED-tri-proof2\" loading=\"lazy\" role=\"img\"><\/a><\/figure><\/div>\n<\/div>\n\n\n\n<div class=\"wp-block-uagb-container uagb-block-11c2578b\">\n<div class=\"wp-block-uagb-image uagb-block-6e8883aa wp-block-uagb-image--layout-default wp-block-uagb-image--effect-static wp-block-uagb-image--align-none\"><figure class=\"wp-block-uagb-image__figure\"><a class=\"\" href=\"https:\/\/led.amasly.com\/es\/products\/\" target=\"\" rel=\"noopener\"><img decoding=\"async\" srcset=\"https:\/\/led.amasly.com\/wp-content\/uploads\/2024\/09\/LED-Explosion-Proof-Gas-Station-Light.png ,https:\/\/led.amasly.com\/wp-content\/uploads\/2024\/09\/LED-Explosion-Proof-Gas-Station-Light.png 780w, https:\/\/led.amasly.com\/wp-content\/uploads\/2024\/09\/LED-Explosion-Proof-Gas-Station-Light.png 360w\" sizes=\"auto, (max-width: 480px) 150px\" src=\"https:\/\/led.amasly.com\/wp-content\/uploads\/2024\/09\/LED-Explosion-Proof-Gas-Station-Light.png\" alt=\"\" class=\"uag-image-1501\" width=\"300\" height=\"300\" title=\"L\u00e1mpara LED antideflagrante para gasolineras\" loading=\"lazy\" role=\"img\"><\/a><\/figure><\/div>\n<\/div>\n<\/div><\/div>\n\n\n\n<div class=\"wp-block-uagb-container uagb-block-548945b5 alignfull uagb-is-root-container\"><div class=\"uagb-container-inner-blocks-wrap\">\n<div class=\"wp-block-uagb-container uagb-block-967755d5\">\n<h4 class=\"wp-block-heading has-text-align-center\"><a href=\"https:\/\/led.amasly.com\/es\/products\/\">Luces LED antideflagrantes<\/a><\/h4>\n<\/div>\n\n\n\n<div class=\"wp-block-uagb-container uagb-block-9bc52fc2\">\n<h4 class=\"wp-block-heading has-text-align-center\"><a href=\"https:\/\/led.amasly.com\/es\/products\/\">Luces LED Tri-Proof<\/a><\/h4>\n<\/div>\n\n\n\n<div class=\"wp-block-uagb-container uagb-block-8ffa0a23\">\n<h4 class=\"wp-block-heading has-text-align-center\"><a href=\"https:\/\/led.amasly.com\/es\/products\/\">Luces de gasolinera a prueba de explosiones<\/a><\/h4>\n<\/div>\n<\/div><\/div>\n\n\n\n<div class=\"wp-block-uagb-container uagb-block-29499fe0 alignfull uagb-is-root-container\"><div class=\"uagb-container-inner-blocks-wrap\">\n<div class=\"wp-block-uagb-container uagb-block-777ee1c7\">\n<div class=\"wp-block-uagb-image uagb-block-2e9a1851 wp-block-uagb-image--layout-default wp-block-uagb-image--effect-static wp-block-uagb-image--align-none\"><figure class=\"wp-block-uagb-image__figure\"><a class=\"\" href=\"https:\/\/led.amasly.com\/es\/products\/\" target=\"\" rel=\"noopener\"><img decoding=\"async\" srcset=\"https:\/\/led.amasly.com\/wp-content\/uploads\/2024\/10\/50W-100W-150W-200W-300W-LED-Flood-Light.jpg ,https:\/\/led.amasly.com\/wp-content\/uploads\/2024\/10\/50W-100W-150W-200W-300W-LED-Flood-Light.jpg 780w, https:\/\/led.amasly.com\/wp-content\/uploads\/2024\/10\/50W-100W-150W-200W-300W-LED-Flood-Light.jpg 360w\" sizes=\"auto, (max-width: 480px) 150px\" src=\"https:\/\/led.amasly.com\/wp-content\/uploads\/2024\/10\/50W-100W-150W-200W-300W-LED-Flood-Light.jpg\" alt=\"\" class=\"uag-image-1526\" width=\"300\" height=\"300\" title=\"L\u00e1mpara de inundaci\u00f3n LED 50W 100W 150W 200W 300W\" loading=\"lazy\" role=\"img\"><\/a><\/figure><\/div>\n<\/div>\n\n\n\n<div class=\"wp-block-uagb-container uagb-block-af8c8683\">\n<div class=\"wp-block-uagb-image uagb-block-67947854 wp-block-uagb-image--layout-default wp-block-uagb-image--effect-static wp-block-uagb-image--align-none\"><figure class=\"wp-block-uagb-image__figure\"><a class=\"\" href=\"https:\/\/led.amasly.com\/es\/products\/\" target=\"\" rel=\"noopener\"><img decoding=\"async\" srcset=\"https:\/\/led.amasly.com\/wp-content\/uploads\/2024\/07\/led-tri-proof-light.png ,https:\/\/led.amasly.com\/wp-content\/uploads\/2024\/07\/led-tri-proof-light.png 780w, https:\/\/led.amasly.com\/wp-content\/uploads\/2024\/07\/led-tri-proof-light.png 360w\" sizes=\"auto, (max-width: 480px) 150px\" src=\"https:\/\/led.amasly.com\/wp-content\/uploads\/2024\/07\/led-tri-proof-light.png\" alt=\"\" class=\"uag-image-1130\" width=\"300\" height=\"300\" title=\"luz led-tri-proof\" loading=\"lazy\" role=\"img\"><\/a><\/figure><\/div>\n<\/div>\n\n\n\n<div class=\"wp-block-uagb-container uagb-block-0fdfdd58\">\n<div class=\"wp-block-uagb-image uagb-block-1187d32d wp-block-uagb-image--layout-default wp-block-uagb-image--effect-static wp-block-uagb-image--align-none\"><figure class=\"wp-block-uagb-image__figure\"><a class=\"\" href=\"https:\/\/led.amasly.com\/es\/products\/\" target=\"\" rel=\"noopener\"><img decoding=\"async\" srcset=\"https:\/\/led.amasly.com\/wp-content\/uploads\/2024\/07\/LED-street-light.jpg ,https:\/\/led.amasly.com\/wp-content\/uploads\/2024\/07\/LED-street-light.jpg 780w, https:\/\/led.amasly.com\/wp-content\/uploads\/2024\/07\/LED-street-light.jpg 360w\" sizes=\"auto, (max-width: 480px) 150px\" src=\"https:\/\/led.amasly.com\/wp-content\/uploads\/2024\/07\/LED-street-light.jpg\" alt=\"\" class=\"uag-image-1145\" width=\"300\" height=\"300\" title=\"Alumbrado p\u00fablico LED\" loading=\"lazy\" role=\"img\"><\/a><\/figure><\/div>\n<\/div>\n<\/div><\/div>\n\n\n\n<div class=\"wp-block-uagb-container uagb-block-6a60882c alignfull uagb-is-root-container\"><div class=\"uagb-container-inner-blocks-wrap\">\n<div class=\"wp-block-uagb-container uagb-block-f1e91a35\">\n<h4 class=\"wp-block-heading has-text-align-center\"><a href=\"https:\/\/led.amasly.com\/es\/products\/\">Proyectores LED<\/a><\/h4>\n<\/div>\n\n\n\n<div class=\"wp-block-uagb-container uagb-block-165bfa58\">\n<h4 class=\"wp-block-heading has-text-align-center\"><a href=\"https:\/\/led.amasly.com\/es\/products\/\">Tubos de luz LED trif\u00e1sicos<\/a><\/h4>\n<\/div>\n\n\n\n<div class=\"wp-block-uagb-container uagb-block-f6096e3b\">\n<h4 class=\"wp-block-heading has-text-align-center\"><a href=\"https:\/\/led.amasly.com\/es\/products\/\">Alumbrado p\u00fablico LED<\/a><\/h4>\n<\/div>\n<\/div><\/div>\n\n\n\n<div class=\"wp-block-uagb-container uagb-block-99c0e0a5 alignfull uagb-is-root-container\"><div class=\"uagb-container-inner-blocks-wrap\"><\/div><\/div>\n\n\n\n<p><\/p>","protected":false},"excerpt":{"rendered":"<p>Explosion proof linear lights price Amasly Explosion Proof Strip Lights are exported to all continents of the world, more than 60 countries, with complete product certifications and quality assurance. Amasly Explosion proof linear lights features Long life so fThe structural parts of the lamps are made of anticorrosive aluminum, the surface is anodized and then [&hellip;]<\/p>\n","protected":false},"author":1,"featured_media":0,"parent":2869,"menu_order":0,"comment_status":"closed","ping_status":"closed","template":"","meta":{"_uag_custom_page_level_css":"","site-sidebar-layout":"no-sidebar","site-content-layout":"","ast-site-content-layout":"default","site-content-style":"default","site-sidebar-style":"default","ast-global-header-display":"","ast-banner-title-visibility":"","ast-main-header-display":"","ast-hfb-above-header-display":"","ast-hfb-below-header-display":"","ast-hfb-mobile-header-display":"","site-post-title":"disabled","ast-breadcrumbs-content":"","ast-featured-img":"","footer-sml-layout":"","ast-disable-related-posts":"","theme-transparent-header-meta":"enabled","adv-header-id-meta":"","stick-header-meta":"","header-above-stick-meta":"","header-main-stick-meta":"","header-below-stick-meta":"","astra-migrate-meta-layouts":"set","ast-page-background-enabled":"default","ast-page-background-meta":{"desktop":{"background-color":"var(--ast-global-color-4)","background-image":"","background-repeat":"repeat","background-position":"center center","background-size":"auto","background-attachment":"scroll","background-type":"","background-media":"","overlay-type":"","overlay-color":"","overlay-opacity":"","overlay-gradient":""},"tablet":{"background-color":"","background-image":"","background-repeat":"repeat","background-position":"center center","background-size":"auto","background-attachment":"scroll","background-type":"","background-media":"","overlay-type":"","overlay-color":"","overlay-opacity":"","overlay-gradient":""},"mobile":{"background-color":"","background-image":"","background-repeat":"repeat","background-position":"center center","background-size":"auto","background-attachment":"scroll","background-type":"","background-media":"","overlay-type":"","overlay-color":"","overlay-opacity":"","overlay-gradient":""}},"ast-content-background-meta":{"desktop":{"background-color":"var(--ast-global-color-5)","background-image":"","background-repeat":"repeat","background-position":"center center","background-size":"auto","background-attachment":"scroll","background-type":"","background-media":"","overlay-type":"","overlay-color":"","overlay-opacity":"","overlay-gradient":""},"tablet":{"background-color":"var(--ast-global-color-5)","background-image":"","background-repeat":"repeat","background-position":"center center","background-size":"auto","background-attachment":"scroll","background-type":"","background-media":"","overlay-type":"","overlay-color":"","overlay-opacity":"","overlay-gradient":""},"mobile":{"background-color":"var(--ast-global-color-5)","background-image":"","background-repeat":"repeat","background-position":"center center","background-size":"auto","background-attachment":"scroll","background-type":"","background-media":"","overlay-type":"","overlay-color":"","overlay-opacity":"","overlay-gradient":""}},"footnotes":""},"class_list":["post-3978","page","type-page","status-publish","hentry"],"uagb_featured_image_src":{"full":false,"thumbnail":false,"medium":false,"medium_large":false,"large":false,"1536x1536":false,"2048x2048":false,"trp-custom-language-flag":false},"uagb_author_info":{"display_name":"Joe","author_link":"https:\/\/led.amasly.com\/es\/author\/jacklin\/"},"uagb_comment_info":0,"uagb_excerpt":"Explosion proof linear lights price Amasly Explosion Proof Strip Lights are exported to all continents of the world, more than 60 countries, with complete product certifications and quality assurance. Amasly Explosion proof linear lights features Long life so fThe structural parts of the lamps are made of anticorrosive aluminum, the surface is anodized and then&hellip;","_links":{"self":[{"href":"https:\/\/led.amasly.com\/es\/wp-json\/wp\/v2\/pages\/3978","targetHints":{"allow":["GET"]}}],"collection":[{"href":"https:\/\/led.amasly.com\/es\/wp-json\/wp\/v2\/pages"}],"about":[{"href":"https:\/\/led.amasly.com\/es\/wp-json\/wp\/v2\/types\/page"}],"author":[{"embeddable":true,"href":"https:\/\/led.amasly.com\/es\/wp-json\/wp\/v2\/users\/1"}],"replies":[{"embeddable":true,"href":"https:\/\/led.amasly.com\/es\/wp-json\/wp\/v2\/comments?post=3978"}],"version-history":[{"count":3,"href":"https:\/\/led.amasly.com\/es\/wp-json\/wp\/v2\/pages\/3978\/revisions"}],"predecessor-version":[{"id":4491,"href":"https:\/\/led.amasly.com\/es\/wp-json\/wp\/v2\/pages\/3978\/revisions\/4491"}],"up":[{"embeddable":true,"href":"https:\/\/led.amasly.com\/es\/wp-json\/wp\/v2\/pages\/2869"}],"wp:attachment":[{"href":"https:\/\/led.amasly.com\/es\/wp-json\/wp\/v2\/media?parent=3978"}],"curies":[{"name":"wp","href":"https:\/\/api.w.org\/{rel}","templated":true}]}}