{"id":3198,"date":"2025-04-29T22:16:35","date_gmt":"2025-04-29T14:16:35","guid":{"rendered":"https:\/\/led.amasly.com\/?page_id=3198"},"modified":"2025-04-29T22:16:40","modified_gmt":"2025-04-29T14:16:40","slug":"industrial-lighting-system-optimization-for-waste-to-power-plant-corrosion-resistant-led-selection-guide","status":"publish","type":"page","link":"https:\/\/led.amasly.com\/es\/knowledge\/explosion-proof-products-knowledge\/industrial-lighting-system-optimization-for-waste-to-power-plant-corrosion-resistant-led-selection-guide\/","title":{"rendered":"Optimizaci\u00f3n del sistema de iluminaci\u00f3n industrial para plantas de conversi\u00f3n de residuos en energ\u00eda: Gu\u00eda de selecci\u00f3n de LED resistentes a la corrosi\u00f3n"},"content":{"rendered":"<div class=\"wp-block-uagb-container uagb-block-27bae773 alignfull uagb-is-root-container\"><div class=\"uagb-container-inner-blocks-wrap\"><\/div><\/div>\n\n\n\n<h1 class=\"wp-block-heading has-text-align-center\">Optimizaci\u00f3n del sistema de iluminaci\u00f3n industrial para plantas de conversi\u00f3n de residuos en energ\u00eda: Gu\u00eda de selecci\u00f3n de LED resistentes a la corrosi\u00f3n<\/h1>\n\n\n\n<h2 class=\"wp-block-heading\">Valor estrat\u00e9gico de la iluminaci\u00f3n industrial en la generaci\u00f3n de energ\u00eda a partir de la incineraci\u00f3n de residuos<\/h2>\n\n\n\n<p>En el marco de los Objetivos Dobles de Carbono, las plantas de producci\u00f3n de energ\u00eda a partir de residuos se han convertido en infraestructuras urbanas cr\u00edticas, en las que la gesti\u00f3n de la eficiencia energ\u00e9tica acapara ahora la atenci\u00f3n de la industria. Las estad\u00edsticas muestran que los sistemas de iluminaci\u00f3n industrial representan 12%-15% del consumo total de energ\u00eda, y que las sustituciones de luminarias inducidas por la corrosi\u00f3n aumentan los costes anuales en 37%. Por lo tanto, la implantaci\u00f3n de soluciones LED anticorrosi\u00f3n de alta eficiencia se ha convertido en un elemento fundamental para la optimizaci\u00f3n operativa.<\/p>\n\n\n\n<h2 class=\"wp-block-heading\">An\u00e1lisis medioambiental de los sistemas de iluminaci\u00f3n de las centrales el\u00e9ctricas de residuos<\/h2>\n\n\n\n<h3 class=\"wp-block-heading\">Retos operativos \u00fanicos<\/h3>\n\n\n\n<ul class=\"wp-block-list\">\n<li>Corrosi\u00f3n qu\u00edmica: Concentraciones de H2S\/NH3 que alcanzan 200-500ppm<\/li>\n\n\n\n<li>Fluctuaciones t\u00e9rmicas: Zonas de calderas a 60\u2103\u00b110\u2103<\/li>\n\n\n\n<li>Contaminaci\u00f3n por part\u00edculas: Niveles de PM2,5 superiores a 300\u03bcg\/m\u00b3 en naves con filtro de mangas.<\/li>\n\n\n\n<li>Vibraciones mec\u00e1nicas: 5-15Hz vibraciones de baja frecuencia del equipo<\/li>\n<\/ul>\n\n\n\n<h3 class=\"wp-block-heading\">Matriz de especificaciones t\u00e9cnicas<\/h3>\n\n\n\n<figure class=\"wp-block-table\"><table class=\"has-fixed-layout\"><thead><tr><th>Par\u00e1metro<\/th><th>Requisito<\/th><th>Est\u00e1ndar<\/th><\/tr><\/thead><tbody><tr><td>Clasificaci\u00f3n IP<\/td><td>IP66\/IP67<\/td><td><a href=\"http:\/\/www.iecex-certs.com\/\" rel=\"nofollow noopener\" target=\"_blank\">IEC 60529<\/a><\/td><\/tr><tr><td>Clase de corrosi\u00f3n<\/td><td>WF2 (1200h niebla salina)<\/td><td>ISO 9227<\/td><\/tr><tr><td>Resistencia a las vibraciones<\/td><td>5-50Hz\/3Grms<\/td><td>IEC 60068-2-6<\/td><\/tr><tr><td>A prueba de explosiones<\/td><td>Ex d IIB T4 Gb<\/td><td>IEC 60079<\/td><\/tr><\/tbody><\/table><\/figure>\n\n\n\n<h2 class=\"wp-block-heading\">Soluciones de iluminaci\u00f3n por zonas<\/h2>\n\n\n\n<h3 class=\"wp-block-heading\">1. Iluminaci\u00f3n de la sala del turbogenerador<\/h3>\n\n\n\n<p><strong>Medio ambiente<\/strong>: 15m de altura de techo, 0,8-1,2mg\/m\u00b3 de mezcla de aceite y gas<br><strong>Soluci\u00f3n<\/strong>: L\u00e1mparas LED antideflagrantes serie BAD de Amasly<\/p>\n\n\n\n<ul class=\"wp-block-list\">\n<li>Carcasa de fundici\u00f3n inyectada de acero inoxidable 304<\/li>\n\n\n\n<li>Controlador inteligente de corriente constante integrado<\/li>\n\n\n\n<li>Eficacia de 140 lm\/W, vida \u00fatil de 50.000 horas<\/li>\n\n\n\n<li>Dise\u00f1o modular ajustable 0-90<\/li>\n<\/ul>\n\n\n\n<h3 class=\"wp-block-heading\">2. Iluminaci\u00f3n de la secci\u00f3n de calderas<\/h3>\n\n\n\n<p><strong>Desaf\u00edos<\/strong>: Radiaci\u00f3n t\u00e9rmica 50kW\/m\u00b2, riesgo de explosi\u00f3n de polvo St1<br><strong>Innovaci\u00f3n<\/strong>: Variante BAD de alta temperatura<\/p>\n\n\n\n<ul class=\"wp-block-list\">\n<li>Almohadillas t\u00e9rmicas de calidad aeroespacial<\/li>\n\n\n\n<li>Cristal templado de doble capa<\/li>\n\n\n\n<li>Circuito de compensaci\u00f3n de temperatura (-40\u2103~+85\u2103)<\/li>\n\n\n\n<li>Cumplimiento de la certificaci\u00f3n ATEX<\/li>\n<\/ul>\n\n\n\n<h3 class=\"wp-block-heading\">3. Iluminaci\u00f3n de tratamiento de gases de combusti\u00f3n<\/h3>\n\n\n\n<p><strong>Protecci\u00f3n contra la corrosi\u00f3n<\/strong>: Tecnolog\u00eda de triple escudo de la serie BAT<\/p>\n\n\n\n<ul class=\"wp-block-list\">\n<li>Nanorrevestimiento (Patente: ZL202010XXXXXX.X)<\/li>\n\n\n\n<li>Juntas de PTFE resistentes a los \u00e1cidos<\/li>\n\n\n\n<li>Estructura guardapolvo de nido de abeja<\/li>\n\n\n\n<li>5000K CCT para una inspecci\u00f3n m\u00e1s clara<\/li>\n<\/ul>\n\n\n\n<h3 class=\"wp-block-heading\">4. Iluminaci\u00f3n del centro de control<\/h3>\n\n\n\n<p><strong>Requisitos<\/strong>: UGR85, iluminancia 500lux<br><strong>Aplicaci\u00f3n<\/strong>: Luces LED empotrables de rejilla<\/p>\n\n\n\n<ul class=\"wp-block-list\">\n<li>Tecnolog\u00eda de guiado de la luz mediante microprismas<\/li>\n\n\n\n<li>Regulaci\u00f3n inteligente (0-10V\/DALI)<\/li>\n\n\n\n<li>Conformidad EMI Clase B<\/li>\n\n\n\n<li>THD&lt;15%<\/li>\n<\/ul>\n\n\n\n<h2 class=\"wp-block-heading\">An\u00e1lisis de la eficiencia energ\u00e9tica<\/h2>\n\n\n\n<p>Datos de rendimiento de la modernizaci\u00f3n de una planta de 2\u00d7750t\/d:<\/p>\n\n\n\n<figure class=\"wp-block-table\"><table class=\"has-fixed-layout\"><thead><tr><th>M\u00e9trica<\/th><th>Antes de la readaptaci\u00f3n<\/th><th>Post-Retrofit<\/th><th>Mejora<\/th><\/tr><\/thead><tbody><tr><td>Consumo anual<\/td><td>286.000 kWh<\/td><td>158.000 kWh<\/td><td>44.7%<\/td><\/tr><tr><td>Frecuencia de mantenimiento<\/td><td>6\/a\u00f1o<\/td><td>0,5\/a\u00f1o<\/td><td>91.7%<\/td><\/tr><tr><td>Reducci\u00f3n de CO2<\/td><td>-<\/td><td>102 toneladas<\/td><td>-<\/td><\/tr><\/tbody><\/table><\/figure>\n\n\n\n<h2 class=\"wp-block-heading\">Tendencias del sector<\/h2>\n\n\n\n<ol start=\"1\" class=\"wp-block-list\">\n<li>Controles de iluminaci\u00f3n inteligentes integrados en DCS<\/li>\n\n\n\n<li>Sistemas h\u00edbridos FV-almacenamiento-luz<\/li>\n\n\n\n<li>Predicci\u00f3n de la esperanza de vida basada en gemelos digitales<\/li>\n\n\n\n<li>Plataformas de gesti\u00f3n de instalaciones basadas en IoT<\/li>\n<\/ol>\n\n\n\n<p class=\"has-text-align-left\"><strong>Asesoramiento t\u00e9cnico<\/strong>: Exija la documentaci\u00f3n completa de certificaci\u00f3n IECEx e informes de mantenimiento del flujo luminoso TM-21 para garantizar el cumplimiento de la vida \u00fatil L70 durante la selecci\u00f3n de los LED.<\/p>\n\n\n\n<div class=\"wp-block-uagb-container uagb-block-c7d898dd alignfull uagb-is-root-container\"><div class=\"uagb-container-inner-blocks-wrap\"><\/div><\/div>\n\n\n\n<h2 class=\"wp-block-heading\">Productos relacionados<\/h2>\n\n\n\n<div class=\"wp-block-uagb-container uagb-block-66e4defc alignfull uagb-is-root-container\"><div class=\"uagb-container-inner-blocks-wrap\">\n<div class=\"wp-block-uagb-container uagb-block-a42945f9\">\n<div class=\"wp-block-uagb-image uagb-block-7296296b wp-block-uagb-image--layout-default wp-block-uagb-image--effect-static wp-block-uagb-image--align-none\"><figure class=\"wp-block-uagb-image__figure\"><a class=\"\" href=\"https:\/\/led.amasly.com\/es\/products\/\" target=\"\" rel=\"noopener\"><img decoding=\"async\" srcset=\"https:\/\/led.amasly.com\/wp-content\/uploads\/2024\/09\/Explosion-proof-high-bay-lights.png ,https:\/\/led.amasly.com\/wp-content\/uploads\/2024\/09\/Explosion-proof-high-bay-lights.png 780w, https:\/\/led.amasly.com\/wp-content\/uploads\/2024\/09\/Explosion-proof-high-bay-lights.png 360w\" sizes=\"auto, (max-width: 480px) 150px\" src=\"https:\/\/led.amasly.com\/wp-content\/uploads\/2024\/09\/Explosion-proof-high-bay-lights.png\" alt=\"\" class=\"uag-image-1495\" width=\"300\" height=\"300\" title=\"Luces de gran altura a prueba de explosiones\" loading=\"lazy\" role=\"img\"><\/a><\/figure><\/div>\n<\/div>\n\n\n\n<div class=\"wp-block-uagb-container uagb-block-4d3efde5\">\n<div class=\"wp-block-uagb-image uagb-block-c9e90797 wp-block-uagb-image--layout-default wp-block-uagb-image--effect-static wp-block-uagb-image--align-none\"><figure class=\"wp-block-uagb-image__figure\"><a class=\"\" href=\"https:\/\/led.amasly.com\/es\/products\/\" target=\"\" rel=\"noopener\"><img decoding=\"async\" srcset=\"https:\/\/led.amasly.com\/wp-content\/uploads\/2024\/07\/LED-tri-proof-lights2.png ,https:\/\/led.amasly.com\/wp-content\/uploads\/2024\/07\/LED-tri-proof-lights2.png 780w, https:\/\/led.amasly.com\/wp-content\/uploads\/2024\/07\/LED-tri-proof-lights2.png 360w\" sizes=\"auto, (max-width: 480px) 150px\" src=\"https:\/\/led.amasly.com\/wp-content\/uploads\/2024\/07\/LED-tri-proof-lights2.png\" alt=\"\" class=\"uag-image-1132\" width=\"300\" height=\"300\" title=\"Luces LED-tri-proof2\" loading=\"lazy\" role=\"img\"><\/a><\/figure><\/div>\n<\/div>\n\n\n\n<div class=\"wp-block-uagb-container uagb-block-11c2578b\">\n<div class=\"wp-block-uagb-image uagb-block-6e8883aa wp-block-uagb-image--layout-default wp-block-uagb-image--effect-static wp-block-uagb-image--align-none\"><figure class=\"wp-block-uagb-image__figure\"><a class=\"\" href=\"https:\/\/led.amasly.com\/es\/products\/\" target=\"\" rel=\"noopener\"><img decoding=\"async\" srcset=\"https:\/\/led.amasly.com\/wp-content\/uploads\/2024\/09\/LED-Explosion-Proof-Gas-Station-Light.png ,https:\/\/led.amasly.com\/wp-content\/uploads\/2024\/09\/LED-Explosion-Proof-Gas-Station-Light.png 780w, https:\/\/led.amasly.com\/wp-content\/uploads\/2024\/09\/LED-Explosion-Proof-Gas-Station-Light.png 360w\" sizes=\"auto, (max-width: 480px) 150px\" src=\"https:\/\/led.amasly.com\/wp-content\/uploads\/2024\/09\/LED-Explosion-Proof-Gas-Station-Light.png\" alt=\"\" class=\"uag-image-1501\" width=\"300\" height=\"300\" title=\"L\u00e1mpara LED antideflagrante para gasolineras\" loading=\"lazy\" role=\"img\"><\/a><\/figure><\/div>\n<\/div>\n<\/div><\/div>\n\n\n\n<div class=\"wp-block-uagb-container uagb-block-548945b5 alignfull uagb-is-root-container\"><div class=\"uagb-container-inner-blocks-wrap\">\n<div class=\"wp-block-uagb-container uagb-block-967755d5\">\n<h4 class=\"wp-block-heading has-text-align-center\"><a href=\"https:\/\/led.amasly.com\/es\/products\/\">Luces LED antideflagrantes<\/a><\/h4>\n<\/div>\n\n\n\n<div class=\"wp-block-uagb-container uagb-block-9bc52fc2\">\n<h4 class=\"wp-block-heading has-text-align-center\"><a href=\"https:\/\/led.amasly.com\/es\/products\/\">Luces LED Tri-Proof<\/a><\/h4>\n<\/div>\n\n\n\n<div class=\"wp-block-uagb-container uagb-block-8ffa0a23\">\n<h4 class=\"wp-block-heading has-text-align-center\"><a href=\"https:\/\/led.amasly.com\/es\/products\/\">Luces de gasolinera a prueba de explosiones<\/a><\/h4>\n<\/div>\n<\/div><\/div>\n\n\n\n<div class=\"wp-block-uagb-container uagb-block-29499fe0 alignfull uagb-is-root-container\"><div class=\"uagb-container-inner-blocks-wrap\">\n<div class=\"wp-block-uagb-container uagb-block-777ee1c7\">\n<div class=\"wp-block-uagb-image uagb-block-2e9a1851 wp-block-uagb-image--layout-default wp-block-uagb-image--effect-static wp-block-uagb-image--align-none\"><figure class=\"wp-block-uagb-image__figure\"><a class=\"\" href=\"https:\/\/led.amasly.com\/es\/products\/\" target=\"\" rel=\"noopener\"><img decoding=\"async\" srcset=\"https:\/\/led.amasly.com\/wp-content\/uploads\/2024\/10\/50W-100W-150W-200W-300W-LED-Flood-Light.jpg ,https:\/\/led.amasly.com\/wp-content\/uploads\/2024\/10\/50W-100W-150W-200W-300W-LED-Flood-Light.jpg 780w, https:\/\/led.amasly.com\/wp-content\/uploads\/2024\/10\/50W-100W-150W-200W-300W-LED-Flood-Light.jpg 360w\" sizes=\"auto, (max-width: 480px) 150px\" src=\"https:\/\/led.amasly.com\/wp-content\/uploads\/2024\/10\/50W-100W-150W-200W-300W-LED-Flood-Light.jpg\" alt=\"\" class=\"uag-image-1526\" width=\"300\" height=\"300\" title=\"L\u00e1mpara de inundaci\u00f3n LED 50W 100W 150W 200W 300W\" loading=\"lazy\" role=\"img\"><\/a><\/figure><\/div>\n<\/div>\n\n\n\n<div class=\"wp-block-uagb-container uagb-block-af8c8683\">\n<div class=\"wp-block-uagb-image uagb-block-67947854 wp-block-uagb-image--layout-default wp-block-uagb-image--effect-static wp-block-uagb-image--align-none\"><figure class=\"wp-block-uagb-image__figure\"><a class=\"\" href=\"https:\/\/led.amasly.com\/es\/products\/\" target=\"\" rel=\"noopener\"><img decoding=\"async\" srcset=\"https:\/\/led.amasly.com\/wp-content\/uploads\/2024\/07\/led-tri-proof-light.png ,https:\/\/led.amasly.com\/wp-content\/uploads\/2024\/07\/led-tri-proof-light.png 780w, https:\/\/led.amasly.com\/wp-content\/uploads\/2024\/07\/led-tri-proof-light.png 360w\" sizes=\"auto, (max-width: 480px) 150px\" src=\"https:\/\/led.amasly.com\/wp-content\/uploads\/2024\/07\/led-tri-proof-light.png\" alt=\"\" class=\"uag-image-1130\" width=\"300\" height=\"300\" title=\"luz led-tri-proof\" loading=\"lazy\" role=\"img\"><\/a><\/figure><\/div>\n<\/div>\n\n\n\n<div class=\"wp-block-uagb-container uagb-block-0fdfdd58\">\n<div class=\"wp-block-uagb-image uagb-block-1187d32d wp-block-uagb-image--layout-default wp-block-uagb-image--effect-static wp-block-uagb-image--align-none\"><figure class=\"wp-block-uagb-image__figure\"><a class=\"\" href=\"https:\/\/led.amasly.com\/es\/products\/\" target=\"\" rel=\"noopener\"><img decoding=\"async\" srcset=\"https:\/\/led.amasly.com\/wp-content\/uploads\/2024\/07\/LED-street-light.jpg ,https:\/\/led.amasly.com\/wp-content\/uploads\/2024\/07\/LED-street-light.jpg 780w, https:\/\/led.amasly.com\/wp-content\/uploads\/2024\/07\/LED-street-light.jpg 360w\" sizes=\"auto, (max-width: 480px) 150px\" src=\"https:\/\/led.amasly.com\/wp-content\/uploads\/2024\/07\/LED-street-light.jpg\" alt=\"\" class=\"uag-image-1145\" width=\"300\" height=\"300\" title=\"Alumbrado p\u00fablico LED\" loading=\"lazy\" role=\"img\"><\/a><\/figure><\/div>\n<\/div>\n<\/div><\/div>\n\n\n\n<div class=\"wp-block-uagb-container uagb-block-6a60882c alignfull uagb-is-root-container\"><div class=\"uagb-container-inner-blocks-wrap\">\n<div class=\"wp-block-uagb-container uagb-block-f1e91a35\">\n<h4 class=\"wp-block-heading has-text-align-center\"><a href=\"https:\/\/led.amasly.com\/es\/products\/\">Proyectores LED<\/a><\/h4>\n<\/div>\n\n\n\n<div class=\"wp-block-uagb-container uagb-block-165bfa58\">\n<h4 class=\"wp-block-heading has-text-align-center\"><a href=\"https:\/\/led.amasly.com\/es\/products\/\">Tubos de luz LED trif\u00e1sicos<\/a><\/h4>\n<\/div>\n\n\n\n<div class=\"wp-block-uagb-container uagb-block-f6096e3b\">\n<h4 class=\"wp-block-heading has-text-align-center\"><a href=\"https:\/\/led.amasly.com\/es\/products\/\">Alumbrado p\u00fablico LED<\/a><\/h4>\n<\/div>\n<\/div><\/div>\n\n\n\n<div class=\"wp-block-uagb-container uagb-block-99c0e0a5 alignfull uagb-is-root-container\"><div class=\"uagb-container-inner-blocks-wrap\"><\/div><\/div>\n\n\n\n<p><\/p>","protected":false},"excerpt":{"rendered":"<p>Industrial Lighting System Optimization for Waste-to-Power Plant: Corrosion-Resistant LED Selection Guide Strategic Value of Industrial Lighting in Waste Incineration Power Generation Under the Dual Carbon Goals, waste-to-energy plants have become critical urban infrastructure, where energy efficiency management now commands industry attention. Statistics show industrial lighting systems account for 12%-15% of total power consumption, with corrosion-induced [&hellip;]<\/p>\n","protected":false},"author":1,"featured_media":0,"parent":2374,"menu_order":0,"comment_status":"closed","ping_status":"closed","template":"","meta":{"_uag_custom_page_level_css":"","site-sidebar-layout":"no-sidebar","site-content-layout":"","ast-site-content-layout":"default","site-content-style":"default","site-sidebar-style":"default","ast-global-header-display":"","ast-banner-title-visibility":"","ast-main-header-display":"","ast-hfb-above-header-display":"","ast-hfb-below-header-display":"","ast-hfb-mobile-header-display":"","site-post-title":"disabled","ast-breadcrumbs-content":"","ast-featured-img":"","footer-sml-layout":"","ast-disable-related-posts":"","theme-transparent-header-meta":"enabled","adv-header-id-meta":"","stick-header-meta":"","header-above-stick-meta":"","header-main-stick-meta":"","header-below-stick-meta":"","astra-migrate-meta-layouts":"set","ast-page-background-enabled":"default","ast-page-background-meta":{"desktop":{"background-color":"var(--ast-global-color-4)","background-image":"","background-repeat":"repeat","background-position":"center center","background-size":"auto","background-attachment":"scroll","background-type":"","background-media":"","overlay-type":"","overlay-color":"","overlay-opacity":"","overlay-gradient":""},"tablet":{"background-color":"","background-image":"","background-repeat":"repeat","background-position":"center center","background-size":"auto","background-attachment":"scroll","background-type":"","background-media":"","overlay-type":"","overlay-color":"","overlay-opacity":"","overlay-gradient":""},"mobile":{"background-color":"","background-image":"","background-repeat":"repeat","background-position":"center center","background-size":"auto","background-attachment":"scroll","background-type":"","background-media":"","overlay-type":"","overlay-color":"","overlay-opacity":"","overlay-gradient":""}},"ast-content-background-meta":{"desktop":{"background-color":"var(--ast-global-color-5)","background-image":"","background-repeat":"repeat","background-position":"center center","background-size":"auto","background-attachment":"scroll","background-type":"","background-media":"","overlay-type":"","overlay-color":"","overlay-opacity":"","overlay-gradient":""},"tablet":{"background-color":"var(--ast-global-color-5)","background-image":"","background-repeat":"repeat","background-position":"center center","background-size":"auto","background-attachment":"scroll","background-type":"","background-media":"","overlay-type":"","overlay-color":"","overlay-opacity":"","overlay-gradient":""},"mobile":{"background-color":"var(--ast-global-color-5)","background-image":"","background-repeat":"repeat","background-position":"center center","background-size":"auto","background-attachment":"scroll","background-type":"","background-media":"","overlay-type":"","overlay-color":"","overlay-opacity":"","overlay-gradient":""}},"footnotes":""},"class_list":["post-3198","page","type-page","status-publish","hentry"],"uagb_featured_image_src":{"full":false,"thumbnail":false,"medium":false,"medium_large":false,"large":false,"1536x1536":false,"2048x2048":false,"trp-custom-language-flag":false},"uagb_author_info":{"display_name":"Joe","author_link":"https:\/\/led.amasly.com\/es\/author\/jacklin\/"},"uagb_comment_info":0,"uagb_excerpt":"Industrial Lighting System Optimization for Waste-to-Power Plant: Corrosion-Resistant LED Selection Guide Strategic Value of Industrial Lighting in Waste Incineration Power Generation Under the Dual Carbon Goals, waste-to-energy plants have become critical urban infrastructure, where energy efficiency management now commands industry attention. Statistics show industrial lighting systems account for 12%-15% of total power consumption, with corrosion-induced&hellip;","_links":{"self":[{"href":"https:\/\/led.amasly.com\/es\/wp-json\/wp\/v2\/pages\/3198","targetHints":{"allow":["GET"]}}],"collection":[{"href":"https:\/\/led.amasly.com\/es\/wp-json\/wp\/v2\/pages"}],"about":[{"href":"https:\/\/led.amasly.com\/es\/wp-json\/wp\/v2\/types\/page"}],"author":[{"embeddable":true,"href":"https:\/\/led.amasly.com\/es\/wp-json\/wp\/v2\/users\/1"}],"replies":[{"embeddable":true,"href":"https:\/\/led.amasly.com\/es\/wp-json\/wp\/v2\/comments?post=3198"}],"version-history":[{"count":1,"href":"https:\/\/led.amasly.com\/es\/wp-json\/wp\/v2\/pages\/3198\/revisions"}],"predecessor-version":[{"id":3199,"href":"https:\/\/led.amasly.com\/es\/wp-json\/wp\/v2\/pages\/3198\/revisions\/3199"}],"up":[{"embeddable":true,"href":"https:\/\/led.amasly.com\/es\/wp-json\/wp\/v2\/pages\/2374"}],"wp:attachment":[{"href":"https:\/\/led.amasly.com\/es\/wp-json\/wp\/v2\/media?parent=3198"}],"curies":[{"name":"wp","href":"https:\/\/api.w.org\/{rel}","templated":true}]}}