{"id":3193,"date":"2025-04-29T21:46:04","date_gmt":"2025-04-29T13:46:04","guid":{"rendered":"https:\/\/led.amasly.com\/?page_id=3193"},"modified":"2025-04-29T21:46:14","modified_gmt":"2025-04-29T13:46:14","slug":"comprehensive-guide-to-led-explosion-proof-light-lifespan-7-proven-techniques-to-extend-it","status":"publish","type":"page","link":"https:\/\/led.amasly.com\/es\/knowledge\/explosion-proof-products-knowledge\/comprehensive-guide-to-led-explosion-proof-light-lifespan-7-proven-techniques-to-extend-it\/","title":{"rendered":"Gu\u00eda completa sobre la vida \u00fatil de las luces LED antideflagrantes y 7 t\u00e9cnicas probadas para prolongarla"},"content":{"rendered":"<div class=\"wp-block-uagb-container uagb-block-27bae773 alignfull uagb-is-root-container\"><div class=\"uagb-container-inner-blocks-wrap\"><\/div><\/div>\n\n\n\n<h1 class=\"wp-block-heading has-text-align-center\">Gu\u00eda completa sobre la vida \u00fatil de las luces LED antideflagrantes y 7 t\u00e9cnicas probadas para prolongarla<\/h1>\n\n\n\n<h3 class=\"wp-block-heading\">Luces LED antideflagrantes en aplicaciones industriales<\/h3>\n\n\n\n<div class=\"wp-block-uagb-image uagb-block-f33c74d8 wp-block-uagb-image--layout-default wp-block-uagb-image--effect-static wp-block-uagb-image--align-none\"><figure class=\"wp-block-uagb-image__figure\"><img decoding=\"async\" srcset=\"https:\/\/led.amasly.com\/wp-content\/uploads\/2025\/04\/Industrial-LED-explosion-proof-lights-1024x576.jpg ,https:\/\/led.amasly.com\/wp-content\/uploads\/2025\/04\/Industrial-LED-explosion-proof-lights.jpg 780w, https:\/\/led.amasly.com\/wp-content\/uploads\/2025\/04\/Industrial-LED-explosion-proof-lights.jpg 360w\" sizes=\"auto, (max-width: 480px) 150px\" src=\"https:\/\/led.amasly.com\/wp-content\/uploads\/2025\/04\/Industrial-LED-explosion-proof-lights-1024x576.jpg\" alt=\"\" class=\"uag-image-3195\" width=\"1920\" height=\"1080\" title=\"Luces LED industriales antideflagrantes\" loading=\"lazy\" role=\"img\"><\/figure><\/div>\n\n\n\n<h2 class=\"wp-block-heading\"><strong>I. Principales ventajas de las luces LED antideflagrantes<\/strong><\/h2>\n\n\n\n<p>En comparaci\u00f3n con la iluminaci\u00f3n antideflagrante tradicional, la tecnolog\u00eda LED ofrece mejoras revolucionarias:<\/p>\n\n\n\n<ul class=\"wp-block-list\">\n<li><strong>Eficiencia energ\u00e9tica<\/strong>: 40-60% menor consumo de energ\u00eda (<a target=\"_blank\" rel=\"noreferrer noopener\">Ver cuadro comparativo de eficiencia energ\u00e9tica<\/a>)<\/li>\n\n\n\n<li><strong>Eficacia luminosa<\/strong>: 120-150 lm\/W, superando a las l\u00e1mparas de halogenuros met\u00e1licos (80 lm\/W)<\/li>\n\n\n\n<li><strong>Resistencia a las vibraciones<\/strong>: Sin estructura de filamentos, soporta niveles de vibraci\u00f3n de 10 G<\/li>\n\n\n\n<li><strong>Inicio instant\u00e1neo<\/strong>: Activaci\u00f3n en 0,5 segundos, lo que elimina los retrasos en el calentamiento<\/li>\n<\/ul>\n\n\n\n<h2 class=\"wp-block-heading\"><strong>Cuadro comparativo de eficiencia energ\u00e9tica<\/strong><\/h2>\n\n\n\n<figure class=\"wp-block-table\"><table class=\"has-fixed-layout\"><thead><tr><th>Par\u00e1metro<\/th><th>L\u00e1mparas LED antideflagrantes (50-120 W)<\/th><th>L\u00e1mparas tradicionales (halogenuros met\u00e1licos\/fluorescentes)<\/th><th>Ahorro de energ\u00eda<\/th><\/tr><\/thead><tbody><tr><td><strong>Consumo real<\/strong><\/td><td>50 W (sin p\u00e9rdida de balasto)<\/td><td>115 W (halogenuros met\u00e1licos de 100 W + reactancia de 15 W)<\/td><td><strong>56,5% reducci\u00f3n<\/strong><\/td><\/tr><tr><td><strong>Eficacia luminosa (lm\/W)<\/strong><\/td><td>80-120 lm\/W<\/td><td>Halogenuros met\u00e1licos: 60-80 lm\/W; Fluorescente: 50-70 lm\/W<\/td><td><strong>30-100% mejora<\/strong><\/td><\/tr><tr><td><strong>Consumo anual de energ\u00eda (por aparato)<\/strong><\/td><td>219 kWh (50W, 12h\/d\u00eda)<\/td><td>503,7 kWh (halogenuros met\u00e1licos de 100 W, 12 h\/d\u00eda)<\/td><td><strong>56,5% ahorro<\/strong><\/td><\/tr><tr><td><strong>Coste anual de 700 instalaciones<\/strong><\/td><td>$588\/d\u00eda (120W LED)<\/td><td>$1.260\/d\u00eda (halogenuros met\u00e1licos de 250 W)<\/td><td><strong>53,3% ahorro<\/strong><\/td><\/tr><tr><td><strong>Conversi\u00f3n de energ\u00eda en luz<\/strong><\/td><td>&gt;80%<\/td><td>20-50%<\/td><td><strong>Mejora 60-300%<\/strong><\/td><\/tr><tr><td><strong>Ratio de sustituci\u00f3n de potencia<\/strong><\/td><td>El LED de 16W sustituye al fluorescente de 36W<\/td><td>Se necesitan luces tradicionales de mayor potencia<\/td><td><strong>60% ahorro<\/strong><\/td><\/tr><\/tbody><\/table><\/figure>\n\n\n\n<h2 class=\"wp-block-heading\"><strong>II. An\u00e1lisis en profundidad de la vida \u00fatil de las luces LED antideflagrantes<\/strong><\/h2>\n\n\n\n<h3 class=\"wp-block-heading\"><strong>2.1 Comparaci\u00f3n entre la vida \u00fatil te\u00f3rica y la real<\/strong><\/h3>\n\n\n\n<figure class=\"wp-block-table\"><table class=\"has-fixed-layout\"><thead><tr><th>Fuente de luz<\/th><th>Vida \u00fatil te\u00f3rica (horas)<\/th><th>Vida \u00fatil en el mundo real (horas)<\/th><th>Lumen Depreciaci\u00f3n<\/th><\/tr><\/thead><tbody><tr><td>Chips LED<\/td><td>50,000-100,000<\/td><td>30,000-60,000<\/td><td>70% despu\u00e9s de 5 a\u00f1os<\/td><\/tr><tr><td>Halogenuros met\u00e1licos<\/td><td>10,000-15,000<\/td><td>6,000-8,000<\/td><td>60% despu\u00e9s de 1 a\u00f1o<\/td><\/tr><tr><td>Sodio a alta presi\u00f3n<\/td><td>24,000<\/td><td>12,000-15,000<\/td><td>50% despu\u00e9s de 2 a\u00f1os<\/td><\/tr><\/tbody><\/table><\/figure>\n\n\n\n<h3 class=\"wp-block-heading\"><strong>2.2 5 factores cr\u00edticos que afectan a la esperanza de vida<\/strong><\/h3>\n\n\n\n<ol start=\"1\" class=\"wp-block-list\">\n<li><strong>Gesti\u00f3n t\u00e9rmica<\/strong>: Un aumento de la temperatura de uni\u00f3n de 10 \u00b0C reduce la vida \u00fatil en 30% (<a target=\"_blank\" rel=\"noreferrer noopener\">Gr\u00e1fico de temperatura vs. vida \u00fatil<\/a>)<\/li>\n\n\n\n<li><strong>Calidad del conductor<\/strong>: Los controladores de corriente constante de alta calidad prolongan la vida \u00fatil 2-3 veces<\/li>\n\n\n\n<li><strong>Tecnolog\u00eda de envasado<\/strong>: El embalaje COB dura 20% m\u00e1s que el SMD<\/li>\n\n\n\n<li><strong>Adaptabilidad medioambiental<\/strong>: El uso de plantas qu\u00edmicas reduce la vida \u00fatil en 40%<\/li>\n\n\n\n<li><strong>Frecuencia de mantenimiento<\/strong>: El mantenimiento regular prolonga la vida \u00fatil 35%<\/li>\n<\/ol>\n\n\n\n<div class=\"wp-block-uagb-image uagb-block-498ef2a3 wp-block-uagb-image--layout-default wp-block-uagb-image--effect-static wp-block-uagb-image--align-none\"><figure class=\"wp-block-uagb-image__figure\"><img decoding=\"async\" srcset=\"https:\/\/led.amasly.com\/wp-content\/uploads\/2025\/04\/LED-explosion-proof-lighting-in-hazardous-industrial-environments-576x1024.jpg ,https:\/\/led.amasly.com\/wp-content\/uploads\/2025\/04\/LED-explosion-proof-lighting-in-hazardous-industrial-environments.jpg 780w, https:\/\/led.amasly.com\/wp-content\/uploads\/2025\/04\/LED-explosion-proof-lighting-in-hazardous-industrial-environments.jpg 360w\" sizes=\"auto, (max-width: 480px) 150px\" src=\"https:\/\/led.amasly.com\/wp-content\/uploads\/2025\/04\/LED-explosion-proof-lighting-in-hazardous-industrial-environments-576x1024.jpg\" alt=\"\" class=\"uag-image-3196\" width=\"1080\" height=\"1920\" title=\"Iluminaci\u00f3n LED antideflagrante en entornos industriales peligrosos\" loading=\"lazy\" role=\"img\"><\/figure><\/div>\n\n\n\n<h2 class=\"wp-block-heading\"><strong>III. Vida \u00fatil de la luz LED antideflagrante<\/strong>: <strong>7 t\u00e9cnicas expertas para alargar la vida \u00fatil<\/strong><\/h2>\n\n\n\n<h3 class=\"wp-block-heading\"><strong>3.1 Normas de instalaci\u00f3n (Impacto 30%)<\/strong><\/h3>\n\n\n\n<ul class=\"wp-block-list\">\n<li><strong>Especificaciones del cable<\/strong>: Uso obligatorio de cables de goma de alta resistencia YCW (tabla de referencia de secciones transversales incluida)<\/li>\n\n\n\n<li><strong>Soluciones antivibraci\u00f3n<\/strong>:\n<ul class=\"wp-block-list\">\n<li>Instale amortiguadores de goma en las zonas de alta vibraci\u00f3n<\/li>\n\n\n\n<li>A\u00f1adir dispositivos antibalanceo para montaje colgante<\/li>\n<\/ul>\n<\/li>\n\n\n\n<li><strong>Requisitos de conexi\u00f3n a tierra<\/strong>: Resistencia a tierra \u22644\u03a9, se recomienda doble sistema de puesta a tierra.<\/li>\n<\/ul>\n\n\n\n<h3 class=\"wp-block-heading\"><strong>3.2 Control medioambiental (Impacto 25%)<\/strong><\/h3>\n\n\n\n<ul class=\"wp-block-list\">\n<li><strong>Gesti\u00f3n de la temperatura<\/strong>:\n<ul class=\"wp-block-list\">\n<li>Instalar ventiladores inteligentes (\u226515 CFM de flujo de aire).<\/li>\n\n\n\n<li>Utilizar sistemas de refrigeraci\u00f3n por agua en entornos &gt;50\u00b0C<\/li>\n<\/ul>\n<\/li>\n\n\n\n<li><strong>Protecci\u00f3n contra la corrosi\u00f3n<\/strong>:\n<ul class=\"wp-block-list\">\n<li>Carcasa de acero inoxidable 316L para zonas costeras<\/li>\n\n\n\n<li>Tratamiento anticorrosi\u00f3n mensual en zonas qu\u00edmicas<\/li>\n<\/ul>\n<\/li>\n<\/ul>\n\n\n\n<h3 class=\"wp-block-heading\"><strong>3.3 Mejores pr\u00e1cticas operativas (Impacto 20%)<\/strong><\/h3>\n\n\n\n<ul class=\"wp-block-list\">\n<li><strong>Sistemas de control inteligentes<\/strong>:\n<ul class=\"wp-block-list\">\n<li>Sistemas de regulaci\u00f3n PLC (ajuste de luminosidad 30-100%)<\/li>\n\n\n\n<li>Funcionamiento intermitente (4 horas encendido \/ 0,5 horas apagado)<\/li>\n<\/ul>\n<\/li>\n\n\n\n<li><strong>Estabilizaci\u00f3n de la tensi\u00f3n<\/strong>:\n<ul class=\"wp-block-list\">\n<li>Reguladores de tensi\u00f3n de precisi\u00f3n \u00b13%<\/li>\n\n\n\n<li>Diodos supresores de transitorios TVS<\/li>\n<\/ul>\n<\/li>\n<\/ul>\n\n\n\n<h3 class=\"wp-block-heading\"><strong>3.4 Programa de mantenimiento<\/strong><\/h3>\n\n\n\n<figure class=\"wp-block-table\"><table class=\"has-fixed-layout\"><thead><tr><th>Tarea<\/th><th>Frecuencia<\/th><th>Herramientas necesarias<\/th><th>Norma de rendimiento<\/th><\/tr><\/thead><tbody><tr><td>Limpieza de disipadores de calor<\/td><td>Mensualmente<\/td><td>Pistola de aire, cepillo<\/td><td>Distancia entre aletas sin obst\u00e1culos<\/td><\/tr><tr><td>Prueba de integridad de la junta<\/td><td>Trimestral<\/td><td>Comprobador de presi\u00f3n<\/td><td>Mantiene la clasificaci\u00f3n IP66<\/td><\/tr><tr><td>Comprobaci\u00f3n el\u00e9ctrica<\/td><td>Semestral<\/td><td>Mult\u00edmetro, lux\u00f3metro<\/td><td>Fluctuaci\u00f3n de la corriente \u2264\u00b15%<\/td><\/tr><tr><td>Cuidado de superficies a prueba de explosiones<\/td><td>Anual<\/td><td>Pasta fosfatante, aceite antioxidante<\/td><td>Rugosidad superficial Ra \u22646,3\u03bcm<\/td><\/tr><\/tbody><\/table><\/figure>\n\n\n\n<h3 class=\"wp-block-heading\"><strong>3.5 Gesti\u00f3n de componentes<\/strong><\/h3>\n\n\n\n<ul class=\"wp-block-list\">\n<li><strong>Sustituci\u00f3n de m\u00f3dulos LED<\/strong>: Sustituir cuando la eficacia sea inferior a 70%<\/li>\n\n\n\n<li><strong>Inspecci\u00f3n de conductores<\/strong>: Sustituir si coeficiente de ondulaci\u00f3n &gt;10%<\/li>\n\n\n\n<li><strong>Sustituci\u00f3n de juntas<\/strong>: Sustituci\u00f3n obligatoria de las piezas de goma cada 2 a\u00f1os<\/li>\n<\/ul>\n\n\n\n<h3 class=\"wp-block-heading\"><strong>3.6 Integraci\u00f3n de tecnolog\u00edas inteligentes<\/strong><\/h3>\n\n\n\n<ul class=\"wp-block-list\">\n<li><strong>Monitorizaci\u00f3n IoT<\/strong>:\n<ul class=\"wp-block-list\">\n<li>Alertas de temperatura (apagado autom\u00e1tico a &gt;85\u00b0C)<\/li>\n\n\n\n<li>Informes mensuales de depreciaci\u00f3n lum\u00ednica<\/li>\n\n\n\n<li>Alarmas de vibraci\u00f3n (activadas con una aceleraci\u00f3n &gt;5G)<\/li>\n<\/ul>\n<\/li>\n<\/ul>\n\n\n\n<h3 class=\"wp-block-heading\"><strong>3.7 Gu\u00eda de selecci\u00f3n de productos<\/strong><\/h3>\n\n\n\n<ul class=\"wp-block-list\">\n<li><strong>Caracter\u00edsticas Premium<\/strong>:\n<ul class=\"wp-block-list\">\n<li><a href=\"http:\/\/www.cree.com\/\" rel=\"nofollow noopener\" target=\"_blank\">LED de la serie CREE\/XHP<\/a><\/li>\n\n\n\n<li>Controladores Infineon\/Texas Instruments<\/li>\n\n\n\n<li>Disipador de aluminio fundido a presi\u00f3n (\u22653 mm de grosor).<\/li>\n\n\n\n<li>Clasificaci\u00f3n IP68 (inmersi\u00f3n de 1 m durante 72 horas)<\/li>\n<\/ul>\n<\/li>\n<\/ul>\n\n\n\n<h2 class=\"wp-block-heading\"><strong>IV. Datos de aplicaci\u00f3n industrial<\/strong><\/h2>\n\n\n\n<ul class=\"wp-block-list\">\n<li><strong>Petr\u00f3leo y gas<\/strong>: Los LED premium duran entre 5 y 7 a\u00f1os, frente a los 2-3 a\u00f1os de los productos est\u00e1ndar<\/li>\n\n\n\n<li><strong>Miner\u00eda<\/strong>: Los sistemas con un mantenimiento adecuado presentan una tasa de fallos 35% de los sistemas sin mantenimiento.<\/li>\n\n\n\n<li><strong>Maquinaria portuaria<\/strong>: Las soluciones LED reducen los costes anuales de mantenimiento en 62%<\/li>\n<\/ul>\n\n\n\n<div class=\"wp-block-uagb-container uagb-block-c7d898dd alignfull uagb-is-root-container\"><div class=\"uagb-container-inner-blocks-wrap\"><\/div><\/div>\n\n\n\n<h2 class=\"wp-block-heading\">Productos relacionados<\/h2>\n\n\n\n<div class=\"wp-block-uagb-container uagb-block-66e4defc alignfull uagb-is-root-container\"><div class=\"uagb-container-inner-blocks-wrap\">\n<div class=\"wp-block-uagb-container uagb-block-a42945f9\">\n<div class=\"wp-block-uagb-image uagb-block-7296296b wp-block-uagb-image--layout-default wp-block-uagb-image--effect-static wp-block-uagb-image--align-none\"><figure class=\"wp-block-uagb-image__figure\"><a class=\"\" href=\"https:\/\/led.amasly.com\/es\/products\/\" target=\"\" rel=\"noopener\"><img decoding=\"async\" srcset=\"https:\/\/led.amasly.com\/wp-content\/uploads\/2024\/09\/Explosion-proof-high-bay-lights.png ,https:\/\/led.amasly.com\/wp-content\/uploads\/2024\/09\/Explosion-proof-high-bay-lights.png 780w, https:\/\/led.amasly.com\/wp-content\/uploads\/2024\/09\/Explosion-proof-high-bay-lights.png 360w\" sizes=\"auto, (max-width: 480px) 150px\" src=\"https:\/\/led.amasly.com\/wp-content\/uploads\/2024\/09\/Explosion-proof-high-bay-lights.png\" alt=\"\" class=\"uag-image-1495\" width=\"300\" height=\"300\" title=\"Luces de gran altura a prueba de explosiones\" loading=\"lazy\" role=\"img\"><\/a><\/figure><\/div>\n<\/div>\n\n\n\n<div class=\"wp-block-uagb-container uagb-block-4d3efde5\">\n<div class=\"wp-block-uagb-image uagb-block-c9e90797 wp-block-uagb-image--layout-default wp-block-uagb-image--effect-static wp-block-uagb-image--align-none\"><figure class=\"wp-block-uagb-image__figure\"><a class=\"\" href=\"https:\/\/led.amasly.com\/es\/products\/\" target=\"\" rel=\"noopener\"><img decoding=\"async\" srcset=\"https:\/\/led.amasly.com\/wp-content\/uploads\/2024\/07\/LED-tri-proof-lights2.png ,https:\/\/led.amasly.com\/wp-content\/uploads\/2024\/07\/LED-tri-proof-lights2.png 780w, https:\/\/led.amasly.com\/wp-content\/uploads\/2024\/07\/LED-tri-proof-lights2.png 360w\" sizes=\"auto, (max-width: 480px) 150px\" src=\"https:\/\/led.amasly.com\/wp-content\/uploads\/2024\/07\/LED-tri-proof-lights2.png\" alt=\"\" class=\"uag-image-1132\" width=\"300\" height=\"300\" title=\"Luces LED-tri-proof2\" loading=\"lazy\" role=\"img\"><\/a><\/figure><\/div>\n<\/div>\n\n\n\n<div class=\"wp-block-uagb-container uagb-block-11c2578b\">\n<div class=\"wp-block-uagb-image uagb-block-6e8883aa wp-block-uagb-image--layout-default wp-block-uagb-image--effect-static wp-block-uagb-image--align-none\"><figure class=\"wp-block-uagb-image__figure\"><a class=\"\" href=\"https:\/\/led.amasly.com\/es\/products\/\" target=\"\" rel=\"noopener\"><img decoding=\"async\" srcset=\"https:\/\/led.amasly.com\/wp-content\/uploads\/2024\/09\/LED-Explosion-Proof-Gas-Station-Light.png ,https:\/\/led.amasly.com\/wp-content\/uploads\/2024\/09\/LED-Explosion-Proof-Gas-Station-Light.png 780w, https:\/\/led.amasly.com\/wp-content\/uploads\/2024\/09\/LED-Explosion-Proof-Gas-Station-Light.png 360w\" sizes=\"auto, (max-width: 480px) 150px\" src=\"https:\/\/led.amasly.com\/wp-content\/uploads\/2024\/09\/LED-Explosion-Proof-Gas-Station-Light.png\" alt=\"\" class=\"uag-image-1501\" width=\"300\" height=\"300\" title=\"L\u00e1mpara LED antideflagrante para gasolineras\" loading=\"lazy\" role=\"img\"><\/a><\/figure><\/div>\n<\/div>\n<\/div><\/div>\n\n\n\n<div class=\"wp-block-uagb-container uagb-block-548945b5 alignfull uagb-is-root-container\"><div class=\"uagb-container-inner-blocks-wrap\">\n<div class=\"wp-block-uagb-container uagb-block-967755d5\">\n<h4 class=\"wp-block-heading has-text-align-center\"><a href=\"https:\/\/led.amasly.com\/es\/products\/\">Luces LED antideflagrantes<\/a><\/h4>\n<\/div>\n\n\n\n<div class=\"wp-block-uagb-container uagb-block-9bc52fc2\">\n<h4 class=\"wp-block-heading has-text-align-center\"><a href=\"https:\/\/led.amasly.com\/es\/products\/\">Luces LED Tri-Proof<\/a><\/h4>\n<\/div>\n\n\n\n<div class=\"wp-block-uagb-container uagb-block-8ffa0a23\">\n<h4 class=\"wp-block-heading has-text-align-center\"><a href=\"https:\/\/led.amasly.com\/es\/products\/\">Luces de gasolinera a prueba de explosiones<\/a><\/h4>\n<\/div>\n<\/div><\/div>\n\n\n\n<div class=\"wp-block-uagb-container uagb-block-29499fe0 alignfull uagb-is-root-container\"><div class=\"uagb-container-inner-blocks-wrap\">\n<div class=\"wp-block-uagb-container uagb-block-777ee1c7\">\n<div class=\"wp-block-uagb-image uagb-block-2e9a1851 wp-block-uagb-image--layout-default wp-block-uagb-image--effect-static wp-block-uagb-image--align-none\"><figure class=\"wp-block-uagb-image__figure\"><a class=\"\" href=\"https:\/\/led.amasly.com\/es\/products\/\" target=\"\" rel=\"noopener\"><img decoding=\"async\" srcset=\"https:\/\/led.amasly.com\/wp-content\/uploads\/2024\/10\/50W-100W-150W-200W-300W-LED-Flood-Light.jpg ,https:\/\/led.amasly.com\/wp-content\/uploads\/2024\/10\/50W-100W-150W-200W-300W-LED-Flood-Light.jpg 780w, https:\/\/led.amasly.com\/wp-content\/uploads\/2024\/10\/50W-100W-150W-200W-300W-LED-Flood-Light.jpg 360w\" sizes=\"auto, (max-width: 480px) 150px\" src=\"https:\/\/led.amasly.com\/wp-content\/uploads\/2024\/10\/50W-100W-150W-200W-300W-LED-Flood-Light.jpg\" alt=\"\" class=\"uag-image-1526\" width=\"300\" height=\"300\" title=\"L\u00e1mpara de inundaci\u00f3n LED 50W 100W 150W 200W 300W\" loading=\"lazy\" role=\"img\"><\/a><\/figure><\/div>\n<\/div>\n\n\n\n<div class=\"wp-block-uagb-container uagb-block-af8c8683\">\n<div class=\"wp-block-uagb-image uagb-block-67947854 wp-block-uagb-image--layout-default wp-block-uagb-image--effect-static wp-block-uagb-image--align-none\"><figure class=\"wp-block-uagb-image__figure\"><a class=\"\" href=\"https:\/\/led.amasly.com\/es\/products\/\" target=\"\" rel=\"noopener\"><img decoding=\"async\" srcset=\"https:\/\/led.amasly.com\/wp-content\/uploads\/2024\/07\/led-tri-proof-light.png ,https:\/\/led.amasly.com\/wp-content\/uploads\/2024\/07\/led-tri-proof-light.png 780w, https:\/\/led.amasly.com\/wp-content\/uploads\/2024\/07\/led-tri-proof-light.png 360w\" sizes=\"auto, (max-width: 480px) 150px\" src=\"https:\/\/led.amasly.com\/wp-content\/uploads\/2024\/07\/led-tri-proof-light.png\" alt=\"\" class=\"uag-image-1130\" width=\"300\" height=\"300\" title=\"luz led-tri-proof\" loading=\"lazy\" role=\"img\"><\/a><\/figure><\/div>\n<\/div>\n\n\n\n<div class=\"wp-block-uagb-container uagb-block-0fdfdd58\">\n<div class=\"wp-block-uagb-image uagb-block-1187d32d wp-block-uagb-image--layout-default wp-block-uagb-image--effect-static wp-block-uagb-image--align-none\"><figure class=\"wp-block-uagb-image__figure\"><a class=\"\" href=\"https:\/\/led.amasly.com\/es\/products\/\" target=\"\" rel=\"noopener\"><img decoding=\"async\" srcset=\"https:\/\/led.amasly.com\/wp-content\/uploads\/2024\/07\/LED-street-light.jpg ,https:\/\/led.amasly.com\/wp-content\/uploads\/2024\/07\/LED-street-light.jpg 780w, https:\/\/led.amasly.com\/wp-content\/uploads\/2024\/07\/LED-street-light.jpg 360w\" sizes=\"auto, (max-width: 480px) 150px\" src=\"https:\/\/led.amasly.com\/wp-content\/uploads\/2024\/07\/LED-street-light.jpg\" alt=\"\" class=\"uag-image-1145\" width=\"300\" height=\"300\" title=\"Alumbrado p\u00fablico LED\" loading=\"lazy\" role=\"img\"><\/a><\/figure><\/div>\n<\/div>\n<\/div><\/div>\n\n\n\n<div class=\"wp-block-uagb-container uagb-block-6a60882c alignfull uagb-is-root-container\"><div class=\"uagb-container-inner-blocks-wrap\">\n<div class=\"wp-block-uagb-container uagb-block-f1e91a35\">\n<h4 class=\"wp-block-heading has-text-align-center\"><a href=\"https:\/\/led.amasly.com\/es\/products\/\">Proyectores LED<\/a><\/h4>\n<\/div>\n\n\n\n<div class=\"wp-block-uagb-container uagb-block-165bfa58\">\n<h4 class=\"wp-block-heading has-text-align-center\"><a href=\"https:\/\/led.amasly.com\/es\/products\/\">Tubos de luz LED trif\u00e1sicos<\/a><\/h4>\n<\/div>\n\n\n\n<div class=\"wp-block-uagb-container uagb-block-f6096e3b\">\n<h4 class=\"wp-block-heading has-text-align-center\"><a href=\"https:\/\/led.amasly.com\/es\/products\/\">Alumbrado p\u00fablico LED<\/a><\/h4>\n<\/div>\n<\/div><\/div>\n\n\n\n<div class=\"wp-block-uagb-container uagb-block-99c0e0a5 alignfull uagb-is-root-container\"><div class=\"uagb-container-inner-blocks-wrap\"><\/div><\/div>\n\n\n\n<p><\/p>","protected":false},"excerpt":{"rendered":"<p>Comprehensive Guide to LED Explosion Proof Light Lifespan &amp; 7 Proven Techniques to Extend It LED Explosion Proof Lights in Industrial Applications I. Core Advantages of LED Explosion Proof Lights Compared to traditional explosion-proof lighting, LED technology offers groundbreaking improvements: Energy Efficiency Comparison Chart Parameter LED Explosion-Proof Lights (50W-120W) Traditional Lights (Metal Halide\/Fluorescent) Energy Savings [&hellip;]<\/p>\n","protected":false},"author":1,"featured_media":0,"parent":2374,"menu_order":0,"comment_status":"closed","ping_status":"closed","template":"","meta":{"_uag_custom_page_level_css":"","site-sidebar-layout":"no-sidebar","site-content-layout":"","ast-site-content-layout":"default","site-content-style":"default","site-sidebar-style":"default","ast-global-header-display":"","ast-banner-title-visibility":"","ast-main-header-display":"","ast-hfb-above-header-display":"","ast-hfb-below-header-display":"","ast-hfb-mobile-header-display":"","site-post-title":"disabled","ast-breadcrumbs-content":"","ast-featured-img":"","footer-sml-layout":"","ast-disable-related-posts":"","theme-transparent-header-meta":"enabled","adv-header-id-meta":"","stick-header-meta":"","header-above-stick-meta":"","header-main-stick-meta":"","header-below-stick-meta":"","astra-migrate-meta-layouts":"set","ast-page-background-enabled":"default","ast-page-background-meta":{"desktop":{"background-color":"var(--ast-global-color-4)","background-image":"","background-repeat":"repeat","background-position":"center center","background-size":"auto","background-attachment":"scroll","background-type":"","background-media":"","overlay-type":"","overlay-color":"","overlay-opacity":"","overlay-gradient":""},"tablet":{"background-color":"","background-image":"","background-repeat":"repeat","background-position":"center center","background-size":"auto","background-attachment":"scroll","background-type":"","background-media":"","overlay-type":"","overlay-color":"","overlay-opacity":"","overlay-gradient":""},"mobile":{"background-color":"","background-image":"","background-repeat":"repeat","background-position":"center center","background-size":"auto","background-attachment":"scroll","background-type":"","background-media":"","overlay-type":"","overlay-color":"","overlay-opacity":"","overlay-gradient":""}},"ast-content-background-meta":{"desktop":{"background-color":"var(--ast-global-color-5)","background-image":"","background-repeat":"repeat","background-position":"center center","background-size":"auto","background-attachment":"scroll","background-type":"","background-media":"","overlay-type":"","overlay-color":"","overlay-opacity":"","overlay-gradient":""},"tablet":{"background-color":"var(--ast-global-color-5)","background-image":"","background-repeat":"repeat","background-position":"center center","background-size":"auto","background-attachment":"scroll","background-type":"","background-media":"","overlay-type":"","overlay-color":"","overlay-opacity":"","overlay-gradient":""},"mobile":{"background-color":"var(--ast-global-color-5)","background-image":"","background-repeat":"repeat","background-position":"center center","background-size":"auto","background-attachment":"scroll","background-type":"","background-media":"","overlay-type":"","overlay-color":"","overlay-opacity":"","overlay-gradient":""}},"footnotes":""},"class_list":["post-3193","page","type-page","status-publish","hentry"],"uagb_featured_image_src":{"full":false,"thumbnail":false,"medium":false,"medium_large":false,"large":false,"1536x1536":false,"2048x2048":false,"trp-custom-language-flag":false},"uagb_author_info":{"display_name":"Joe","author_link":"https:\/\/led.amasly.com\/es\/author\/jacklin\/"},"uagb_comment_info":0,"uagb_excerpt":"Comprehensive Guide to LED Explosion Proof Light Lifespan &amp; 7 Proven Techniques to Extend It LED Explosion Proof Lights in Industrial Applications I. Core Advantages of LED Explosion Proof Lights Compared to traditional explosion-proof lighting, LED technology offers groundbreaking improvements: Energy Efficiency Comparison Chart Parameter LED Explosion-Proof Lights (50W-120W) Traditional Lights (Metal Halide\/Fluorescent) Energy Savings&hellip;","_links":{"self":[{"href":"https:\/\/led.amasly.com\/es\/wp-json\/wp\/v2\/pages\/3193","targetHints":{"allow":["GET"]}}],"collection":[{"href":"https:\/\/led.amasly.com\/es\/wp-json\/wp\/v2\/pages"}],"about":[{"href":"https:\/\/led.amasly.com\/es\/wp-json\/wp\/v2\/types\/page"}],"author":[{"embeddable":true,"href":"https:\/\/led.amasly.com\/es\/wp-json\/wp\/v2\/users\/1"}],"replies":[{"embeddable":true,"href":"https:\/\/led.amasly.com\/es\/wp-json\/wp\/v2\/comments?post=3193"}],"version-history":[{"count":1,"href":"https:\/\/led.amasly.com\/es\/wp-json\/wp\/v2\/pages\/3193\/revisions"}],"predecessor-version":[{"id":3197,"href":"https:\/\/led.amasly.com\/es\/wp-json\/wp\/v2\/pages\/3193\/revisions\/3197"}],"up":[{"embeddable":true,"href":"https:\/\/led.amasly.com\/es\/wp-json\/wp\/v2\/pages\/2374"}],"wp:attachment":[{"href":"https:\/\/led.amasly.com\/es\/wp-json\/wp\/v2\/media?parent=3193"}],"curies":[{"name":"wp","href":"https:\/\/api.w.org\/{rel}","templated":true}]}}