{"id":3173,"date":"2025-04-23T20:41:19","date_gmt":"2025-04-23T12:41:19","guid":{"rendered":"https:\/\/led.amasly.com\/?page_id=3173"},"modified":"2025-04-23T20:41:24","modified_gmt":"2025-04-23T12:41:24","slug":"luces-antideflagrantes-para-salas-de-pintura-de-barcos-normas-de-seguridad-guia-de-seleccion-e-instalacion","status":"publish","type":"page","link":"https:\/\/led.amasly.com\/es\/conocimiento\/conocimientos-sobre-productos-antideflagrantes\/luces-antideflagrantes-para-salas-de-pintura-de-barcos-normas-de-seguridad-guia-de-seleccion-e-instalacion\/","title":{"rendered":"Luces antideflagrantes para salas de pintura de buques: Normas de seguridad, selecci\u00f3n y gu\u00eda de instalaci\u00f3n"},"content":{"rendered":"<div class=\"wp-block-uagb-container uagb-block-27bae773 alignfull uagb-is-root-container\"><div class=\"uagb-container-inner-blocks-wrap\"><\/div><\/div>\n\n\n\n<h1 class=\"wp-block-heading has-text-align-center\"><strong>Selecci\u00f3n e instalaci\u00f3n de luces antideflagrantes: Requisitos b\u00e1sicos de seguridad para las salas de pintura de los buques<\/strong><\/h1>\n\n\n\n<div class=\"wp-block-uagb-image uagb-block-da1360b5 wp-block-uagb-image--layout-default wp-block-uagb-image--effect-static wp-block-uagb-image--align-none\"><figure class=\"wp-block-uagb-image__figure\"><a class=\"\" href=\"https:\/\/led.amasly.com\/es\/productos\/\" target=\"\" rel=\"noopener\"><img decoding=\"async\" srcset=\"https:\/\/led.amasly.com\/wp-content\/uploads\/2025\/01\/LED-explosion-proof-flood-lights.png ,https:\/\/led.amasly.com\/wp-content\/uploads\/2025\/01\/LED-explosion-proof-flood-lights.png 780w, https:\/\/led.amasly.com\/wp-content\/uploads\/2025\/01\/LED-explosion-proof-flood-lights.png 360w\" sizes=\"auto, (max-width: 480px) 150px\" src=\"https:\/\/led.amasly.com\/wp-content\/uploads\/2025\/01\/LED-explosion-proof-flood-lights.png\" alt=\"\" class=\"uag-image-1675\" width=\"1004\" height=\"308\" title=\"Proyectores LED antideflagrantes\" loading=\"lazy\" role=\"img\"><\/a><\/figure><\/div>\n\n\n\n<h2 class=\"wp-block-heading\"><strong>Selecci\u00f3n de l\u00e1mparas antideflagrantes: 5 tipos y aplicaciones<\/strong><\/h2>\n\n\n\n<p>Seg\u00fan la normativa de construcci\u00f3n naval, las luces antideflagrantes para las salas de pintura deben seleccionarse entre las cinco categor\u00edas siguientes:<\/p>\n\n\n\n<ol start=\"1\" class=\"wp-block-list\">\n<li><strong>L\u00e1mpara antideflagrante intr\u00ednsecamente segura (Ex \u201ci\u201d)<\/strong>: Ideal para iluminaci\u00f3n de bajo consumo limitando la energ\u00eda del circuito.<\/li>\n\n\n\n<li><strong>Luz antideflagrante a prueba de explosiones (Ex \u201cd\u201d)<\/strong>: Carcasa robusta que resiste explosiones internas, adecuada para iluminaci\u00f3n primaria de alto riesgo.<\/li>\n\n\n\n<li><strong>Luz antideflagrante de mayor seguridad (Ex \u201ce\u201d)<\/strong>: Aislamiento y sellado mejorados para evitar chispas, recomendado para un uso estable a largo plazo.<\/li>\n\n\n\n<li><strong>L\u00e1mparas antideflagrantes presurizadas (Ex \u201cp\u201d)<\/strong>: Bloquea los gases inflamables mediante un flujo de aire continuo, ideal para zonas mal ventiladas.<\/li>\n\n\n\n<li><strong>Protecci\u00f3n especial Luces antideflagrantes (Ex \u201cs\u201d)<\/strong>: Dise\u00f1os certificados personalizados para condiciones complejas.<\/li>\n<\/ol>\n\n\n\n<p><strong>Nota<\/strong>: Las luces antideflagrantes rellenas de arena (Ex \u201cq\u201d) y encapsuladas (Ex \u201cm\u201d) est\u00e1n prohibidas en las salas de pintura.<\/p>\n\n\n\n<h2 class=\"wp-block-heading\"><strong>Instalaci\u00f3n de luces a prueba de explosiones: Requisitos de cableado y sellado<\/strong><\/h2>\n\n\n\n<ol start=\"1\" class=\"wp-block-list\">\n<li><strong>Normas sobre cables<\/strong>\n<ul class=\"wp-block-list\">\n<li><strong>Cables de luz antideflagrantes<\/strong>\u00a0debe ser\u00a0<strong>blindado<\/strong>\u00a0o a trav\u00e9s de conductos met\u00e1licos sellados. Utilice una armadura resistente a la corrosi\u00f3n (por ejemplo, acero galvanizado) y selle las juntas de los conductos con masilla antideflagrante para evitar la entrada de gas.<\/li>\n\n\n\n<li><strong>Errores comunes<\/strong>: Los cables no blindados expuestos o los conductos no sellados comprometen la protecci\u00f3n contra explosiones.<\/li>\n<\/ul>\n<\/li>\n\n\n\n<li><strong>Dise\u00f1o de sellado<\/strong>\n<ul class=\"wp-block-list\">\n<li>Las luces antideflagrantes requieren\u00a0<strong>carcasas resistentes a los golpes<\/strong>\u00a0(por ejemplo, policarbonato) y protectores de acero inoxidable, con un grado m\u00ednimo de protecci\u00f3n IP66.<\/li>\n\n\n\n<li><strong>Problemas t\u00edpicos<\/strong>: Carcasas agrietadas o juntas degradadas. Inspeccione las juntas trimestralmente y sustituya inmediatamente las piezas da\u00f1adas.<\/li>\n<\/ul>\n<\/li>\n<\/ol>\n\n\n\n<h2 class=\"wp-block-heading\"><strong>Puesta a tierra de luces a prueba de explosiones: Normativa y buenas pr\u00e1cticas<\/strong><\/h2>\n\n\n\n<p>Todos los componentes met\u00e1licos (carcasa, soportes, etc.) deben estar conectados a tierra, excepto:<\/p>\n\n\n\n<ul class=\"wp-block-list\">\n<li>Dispositivos con doble aislamiento que funcionan a \u226450V.<\/li>\n\n\n\n<li>Cubiertas o protecciones no conductoras.<\/li>\n<\/ul>\n\n\n\n<p><strong>Consejos de aplicaci\u00f3n<\/strong>:<\/p>\n\n\n\n<ol start=\"1\" class=\"wp-block-list\">\n<li><strong>Toma de tierra directa<\/strong>: Cuando se monten en estructuras met\u00e1licas de barcos, pulir las superficies de contacto y aplicar pasta conductora anticorrosi\u00f3n.<\/li>\n\n\n\n<li><strong>Cables de tierra suplementarios<\/strong>: Aunque cumpla la normativa, a\u00f1ada un cable de tierra amarillo-verde (\u22652,5 mm\u00b2 de secci\u00f3n) para solucionar el aflojamiento inducido por las vibraciones.<\/li>\n<\/ol>\n\n\n\n<h2 class=\"wp-block-heading\"><strong>Mantenimiento de l\u00e1mparas antideflagrantes: 3 problemas comunes y soluciones<\/strong><\/h2>\n\n\n\n<h4 class=\"wp-block-heading\"><strong>Problema 1: Fallo de estanqueidad en la luz antideflagrante<\/strong><\/h4>\n\n\n\n<ul class=\"wp-block-list\">\n<li><strong>Riesgo<\/strong>: Infiltraci\u00f3n de gas inflamable.<\/li>\n\n\n\n<li><strong>Soluciones<\/strong>:\n<ul class=\"wp-block-list\">\n<li>Sustituya las juntas por otras de silicona y aplique aceite de silicona para retrasar el envejecimiento.<\/li>\n\n\n\n<li>Instale soportes antivibratorios.<\/li>\n<\/ul>\n<\/li>\n<\/ul>\n\n\n\n<h4 class=\"wp-block-heading\"><strong>Problema 2: Cableado no conforme para l\u00e1mparas antideflagrantes<\/strong><\/h4>\n\n\n\n<ul class=\"wp-block-list\">\n<li><strong>Riesgo<\/strong>: Chispas de cables corro\u00eddos o da\u00f1ados.<\/li>\n\n\n\n<li><strong>Comprobaci\u00f3n r\u00e1pida<\/strong>: Los cables blindados tienen di\u00e1metros m\u00e1s gruesos con trenzado met\u00e1lico; inspeccione las cajas de empalmes para ver si tienen prensaestopas a prueba de explosiones.<\/li>\n<\/ul>\n\n\n\n<h4 class=\"wp-block-heading\"><strong>Problema 3: Conexi\u00f3n a tierra inadecuada de la luz antideflagrante<\/strong><\/h4>\n\n\n\n<ul class=\"wp-block-list\">\n<li><strong>Riesgo<\/strong>: Encendido por acumulaci\u00f3n est\u00e1tica.<\/li>\n\n\n\n<li><strong>Arregla<\/strong>:\n<ul class=\"wp-block-list\">\n<li>Utilice un mult\u00edmetro para comprobar la resistencia entre la luz y el casco; vuelva a conectar a tierra si es &gt;1\u03a9.<\/li>\n\n\n\n<li>A\u00f1ada arandelas el\u00e1sticas a las conexiones a tierra para evitar que se aflojen.<\/li>\n<\/ul>\n<\/li>\n<\/ul>\n\n\n\n<h2 class=\"wp-block-heading\"><strong>Inspecci\u00f3n de l\u00e1mparas antideflagrantes: Lista de comprobaci\u00f3n anual<\/strong><\/h2>\n\n\n\n<ol start=\"1\" class=\"wp-block-list\">\n<li><strong>Comprobaci\u00f3n de la certificaci\u00f3n<\/strong>: Verificar la validez de la certificaci\u00f3n Ex (normalmente 5 a\u00f1os) y cotejar las etiquetas con la documentaci\u00f3n.<\/li>\n\n\n\n<li><strong>Prueba de estanquidad<\/strong>: Roc\u00ede agua para validar la clasificaci\u00f3n IP; compruebe si hay condensaci\u00f3n interna cuando est\u00e1 encendido.<\/li>\n\n\n\n<li><strong>Prueba de resistencia a tierra<\/strong>: Mida con un meg\u00f3hmetro; aseg\u00farese de que \u22641\u03a9.<\/li>\n<\/ol>\n\n\n\n<h2 class=\"wp-block-heading has-text-align-left\"><strong>Conclusi\u00f3n<\/strong><\/h2>\n\n\n\n<p class=\"has-text-align-left\"><br>Las luces antideflagrantes son fundamentales para la seguridad de las operaciones en las salas de pintura de los barcos. Prioridad <a href=\"http:\/\/www.iecex-certs.com\/\" rel=\"nofollow noopener\" target=\"_blank\">Certificaci\u00f3n ATEX\/IECEx<\/a> productos y aplicar un sistema de gesti\u00f3n del ciclo de vida (\u201cuna luz, un archivo\u201d). El cumplimiento de estrictos protocolos de selecci\u00f3n, instalaci\u00f3n, conexi\u00f3n a tierra y mantenimiento minimiza los riesgos de explosi\u00f3n y garantiza la seguridad de los buques y el cumplimiento de la normativa.<\/p>\n\n\n\n<div class=\"wp-block-uagb-container uagb-block-c7d898dd alignfull uagb-is-root-container\"><div class=\"uagb-container-inner-blocks-wrap\"><\/div><\/div>\n\n\n\n<h2 class=\"wp-block-heading\">Productos relacionados<\/h2>\n\n\n\n<div class=\"wp-block-uagb-container uagb-block-66e4defc alignfull uagb-is-root-container\"><div class=\"uagb-container-inner-blocks-wrap\">\n<div class=\"wp-block-uagb-container uagb-block-a42945f9\">\n<div class=\"wp-block-uagb-image uagb-block-7296296b wp-block-uagb-image--layout-default wp-block-uagb-image--effect-static wp-block-uagb-image--align-none\"><figure class=\"wp-block-uagb-image__figure\"><a class=\"\" href=\"https:\/\/led.amasly.com\/es\/productos\/\" target=\"\" rel=\"noopener\"><img decoding=\"async\" srcset=\"https:\/\/led.amasly.com\/wp-content\/uploads\/2024\/09\/Explosion-proof-high-bay-lights.png ,https:\/\/led.amasly.com\/wp-content\/uploads\/2024\/09\/Explosion-proof-high-bay-lights.png 780w, https:\/\/led.amasly.com\/wp-content\/uploads\/2024\/09\/Explosion-proof-high-bay-lights.png 360w\" sizes=\"auto, (max-width: 480px) 150px\" src=\"https:\/\/led.amasly.com\/wp-content\/uploads\/2024\/09\/Explosion-proof-high-bay-lights.png\" alt=\"\" class=\"uag-image-1495\" width=\"300\" height=\"300\" title=\"Luces de gran altura a prueba de explosiones\" loading=\"lazy\" role=\"img\"><\/a><\/figure><\/div>\n<\/div>\n\n\n\n<div class=\"wp-block-uagb-container uagb-block-4d3efde5\">\n<div class=\"wp-block-uagb-image uagb-block-c9e90797 wp-block-uagb-image--layout-default wp-block-uagb-image--effect-static wp-block-uagb-image--align-none\"><figure class=\"wp-block-uagb-image__figure\"><a class=\"\" href=\"https:\/\/led.amasly.com\/es\/productos\/\" target=\"\" rel=\"noopener\"><img decoding=\"async\" srcset=\"https:\/\/led.amasly.com\/wp-content\/uploads\/2024\/07\/LED-tri-proof-lights2.png ,https:\/\/led.amasly.com\/wp-content\/uploads\/2024\/07\/LED-tri-proof-lights2.png 780w, https:\/\/led.amasly.com\/wp-content\/uploads\/2024\/07\/LED-tri-proof-lights2.png 360w\" sizes=\"auto, (max-width: 480px) 150px\" src=\"https:\/\/led.amasly.com\/wp-content\/uploads\/2024\/07\/LED-tri-proof-lights2.png\" alt=\"\" class=\"uag-image-1132\" width=\"300\" height=\"300\" title=\"Luces LED-tri-proof2\" loading=\"lazy\" role=\"img\"><\/a><\/figure><\/div>\n<\/div>\n\n\n\n<div class=\"wp-block-uagb-container uagb-block-11c2578b\">\n<div class=\"wp-block-uagb-image uagb-block-6e8883aa wp-block-uagb-image--layout-default wp-block-uagb-image--effect-static wp-block-uagb-image--align-none\"><figure class=\"wp-block-uagb-image__figure\"><a class=\"\" href=\"https:\/\/led.amasly.com\/es\/productos\/\" target=\"\" rel=\"noopener\"><img decoding=\"async\" srcset=\"https:\/\/led.amasly.com\/wp-content\/uploads\/2024\/09\/LED-Explosion-Proof-Gas-Station-Light.png ,https:\/\/led.amasly.com\/wp-content\/uploads\/2024\/09\/LED-Explosion-Proof-Gas-Station-Light.png 780w, https:\/\/led.amasly.com\/wp-content\/uploads\/2024\/09\/LED-Explosion-Proof-Gas-Station-Light.png 360w\" sizes=\"auto, (max-width: 480px) 150px\" src=\"https:\/\/led.amasly.com\/wp-content\/uploads\/2024\/09\/LED-Explosion-Proof-Gas-Station-Light.png\" alt=\"\" class=\"uag-image-1501\" width=\"300\" height=\"300\" title=\"L\u00e1mpara LED antideflagrante para gasolineras\" loading=\"lazy\" role=\"img\"><\/a><\/figure><\/div>\n<\/div>\n<\/div><\/div>\n\n\n\n<div class=\"wp-block-uagb-container uagb-block-548945b5 alignfull uagb-is-root-container\"><div class=\"uagb-container-inner-blocks-wrap\">\n<div class=\"wp-block-uagb-container uagb-block-967755d5\">\n<h4 class=\"wp-block-heading has-text-align-center\"><a href=\"https:\/\/led.amasly.com\/es\/productos\/\">Luces LED antideflagrantes<\/a><\/h4>\n<\/div>\n\n\n\n<div class=\"wp-block-uagb-container uagb-block-9bc52fc2\">\n<h4 class=\"wp-block-heading has-text-align-center\"><a href=\"https:\/\/led.amasly.com\/es\/productos\/\">Luces LED Tri-Proof<\/a><\/h4>\n<\/div>\n\n\n\n<div class=\"wp-block-uagb-container uagb-block-8ffa0a23\">\n<h4 class=\"wp-block-heading has-text-align-center\"><a href=\"https:\/\/led.amasly.com\/es\/productos\/\">Luces de gasolinera a prueba de explosiones<\/a><\/h4>\n<\/div>\n<\/div><\/div>\n\n\n\n<div class=\"wp-block-uagb-container uagb-block-29499fe0 alignfull uagb-is-root-container\"><div class=\"uagb-container-inner-blocks-wrap\">\n<div class=\"wp-block-uagb-container uagb-block-777ee1c7\">\n<div class=\"wp-block-uagb-image uagb-block-2e9a1851 wp-block-uagb-image--layout-default wp-block-uagb-image--effect-static wp-block-uagb-image--align-none\"><figure class=\"wp-block-uagb-image__figure\"><a class=\"\" href=\"https:\/\/led.amasly.com\/es\/productos\/\" target=\"\" rel=\"noopener\"><img decoding=\"async\" srcset=\"https:\/\/led.amasly.com\/wp-content\/uploads\/2024\/10\/50W-100W-150W-200W-300W-LED-Flood-Light.jpg ,https:\/\/led.amasly.com\/wp-content\/uploads\/2024\/10\/50W-100W-150W-200W-300W-LED-Flood-Light.jpg 780w, https:\/\/led.amasly.com\/wp-content\/uploads\/2024\/10\/50W-100W-150W-200W-300W-LED-Flood-Light.jpg 360w\" sizes=\"auto, (max-width: 480px) 150px\" src=\"https:\/\/led.amasly.com\/wp-content\/uploads\/2024\/10\/50W-100W-150W-200W-300W-LED-Flood-Light.jpg\" alt=\"\" class=\"uag-image-1526\" width=\"300\" height=\"300\" title=\"L\u00e1mpara de inundaci\u00f3n LED 50W 100W 150W 200W 300W\" loading=\"lazy\" role=\"img\"><\/a><\/figure><\/div>\n<\/div>\n\n\n\n<div class=\"wp-block-uagb-container uagb-block-af8c8683\">\n<div class=\"wp-block-uagb-image uagb-block-67947854 wp-block-uagb-image--layout-default wp-block-uagb-image--effect-static wp-block-uagb-image--align-none\"><figure class=\"wp-block-uagb-image__figure\"><a class=\"\" href=\"https:\/\/led.amasly.com\/es\/productos\/\" target=\"\" rel=\"noopener\"><img decoding=\"async\" srcset=\"https:\/\/led.amasly.com\/wp-content\/uploads\/2024\/07\/led-tri-proof-light.png ,https:\/\/led.amasly.com\/wp-content\/uploads\/2024\/07\/led-tri-proof-light.png 780w, https:\/\/led.amasly.com\/wp-content\/uploads\/2024\/07\/led-tri-proof-light.png 360w\" sizes=\"auto, (max-width: 480px) 150px\" src=\"https:\/\/led.amasly.com\/wp-content\/uploads\/2024\/07\/led-tri-proof-light.png\" alt=\"\" class=\"uag-image-1130\" width=\"300\" height=\"300\" title=\"luz led-tri-proof\" loading=\"lazy\" role=\"img\"><\/a><\/figure><\/div>\n<\/div>\n\n\n\n<div class=\"wp-block-uagb-container uagb-block-0fdfdd58\">\n<div class=\"wp-block-uagb-image uagb-block-1187d32d wp-block-uagb-image--layout-default wp-block-uagb-image--effect-static wp-block-uagb-image--align-none\"><figure class=\"wp-block-uagb-image__figure\"><a class=\"\" href=\"https:\/\/led.amasly.com\/es\/productos\/\" target=\"\" rel=\"noopener\"><img decoding=\"async\" srcset=\"https:\/\/led.amasly.com\/wp-content\/uploads\/2024\/07\/LED-street-light.jpg ,https:\/\/led.amasly.com\/wp-content\/uploads\/2024\/07\/LED-street-light.jpg 780w, https:\/\/led.amasly.com\/wp-content\/uploads\/2024\/07\/LED-street-light.jpg 360w\" sizes=\"auto, (max-width: 480px) 150px\" src=\"https:\/\/led.amasly.com\/wp-content\/uploads\/2024\/07\/LED-street-light.jpg\" alt=\"\" class=\"uag-image-1145\" width=\"300\" height=\"300\" title=\"Alumbrado p\u00fablico LED\" loading=\"lazy\" role=\"img\"><\/a><\/figure><\/div>\n<\/div>\n<\/div><\/div>\n\n\n\n<div class=\"wp-block-uagb-container uagb-block-6a60882c alignfull uagb-is-root-container\"><div class=\"uagb-container-inner-blocks-wrap\">\n<div class=\"wp-block-uagb-container uagb-block-f1e91a35\">\n<h4 class=\"wp-block-heading has-text-align-center\"><a href=\"https:\/\/led.amasly.com\/es\/productos\/\">Proyectores LED<\/a><\/h4>\n<\/div>\n\n\n\n<div class=\"wp-block-uagb-container uagb-block-165bfa58\">\n<h4 class=\"wp-block-heading has-text-align-center\"><a href=\"https:\/\/led.amasly.com\/es\/productos\/\">Tubos de luz LED trif\u00e1sicos<\/a><\/h4>\n<\/div>\n\n\n\n<div class=\"wp-block-uagb-container uagb-block-f6096e3b\">\n<h4 class=\"wp-block-heading has-text-align-center\"><a href=\"https:\/\/led.amasly.com\/es\/productos\/\">Alumbrado p\u00fablico LED<\/a><\/h4>\n<\/div>\n<\/div><\/div>\n\n\n\n<div class=\"wp-block-uagb-container uagb-block-99c0e0a5 alignfull uagb-is-root-container\"><div class=\"uagb-container-inner-blocks-wrap\"><\/div><\/div>\n\n\n\n<p><\/p>","protected":false},"excerpt":{"rendered":"<p>Explosion-Proof Light Selection and Installation: Core Safety Requirements for Ship Paint Rooms Explosion-Proof Light Selection: 5 Types and Applications According to shipbuilding regulations, explosion-proof lights for paint rooms must be selected from the following five categories: Note: Sand-filled (Ex &#8220;q&#8221;) and Encapsulated (Ex &#8220;m&#8221;) explosion-proof lights are prohibited in paint rooms. Explosion-Proof Light Installation: Cable [&hellip;]<\/p>\n","protected":false},"author":1,"featured_media":0,"parent":2374,"menu_order":0,"comment_status":"closed","ping_status":"closed","template":"","meta":{"_uag_custom_page_level_css":"","site-sidebar-layout":"no-sidebar","site-content-layout":"","ast-site-content-layout":"default","site-content-style":"default","site-sidebar-style":"default","ast-global-header-display":"","ast-banner-title-visibility":"","ast-main-header-display":"","ast-hfb-above-header-display":"","ast-hfb-below-header-display":"","ast-hfb-mobile-header-display":"","site-post-title":"disabled","ast-breadcrumbs-content":"","ast-featured-img":"","footer-sml-layout":"","ast-disable-related-posts":"","theme-transparent-header-meta":"enabled","adv-header-id-meta":"","stick-header-meta":"","header-above-stick-meta":"","header-main-stick-meta":"","header-below-stick-meta":"","astra-migrate-meta-layouts":"set","ast-page-background-enabled":"default","ast-page-background-meta":{"desktop":{"background-color":"var(--ast-global-color-4)","background-image":"","background-repeat":"repeat","background-position":"center center","background-size":"auto","background-attachment":"scroll","background-type":"","background-media":"","overlay-type":"","overlay-color":"","overlay-opacity":"","overlay-gradient":""},"tablet":{"background-color":"","background-image":"","background-repeat":"repeat","background-position":"center center","background-size":"auto","background-attachment":"scroll","background-type":"","background-media":"","overlay-type":"","overlay-color":"","overlay-opacity":"","overlay-gradient":""},"mobile":{"background-color":"","background-image":"","background-repeat":"repeat","background-position":"center center","background-size":"auto","background-attachment":"scroll","background-type":"","background-media":"","overlay-type":"","overlay-color":"","overlay-opacity":"","overlay-gradient":""}},"ast-content-background-meta":{"desktop":{"background-color":"var(--ast-global-color-5)","background-image":"","background-repeat":"repeat","background-position":"center center","background-size":"auto","background-attachment":"scroll","background-type":"","background-media":"","overlay-type":"","overlay-color":"","overlay-opacity":"","overlay-gradient":""},"tablet":{"background-color":"var(--ast-global-color-5)","background-image":"","background-repeat":"repeat","background-position":"center center","background-size":"auto","background-attachment":"scroll","background-type":"","background-media":"","overlay-type":"","overlay-color":"","overlay-opacity":"","overlay-gradient":""},"mobile":{"background-color":"var(--ast-global-color-5)","background-image":"","background-repeat":"repeat","background-position":"center center","background-size":"auto","background-attachment":"scroll","background-type":"","background-media":"","overlay-type":"","overlay-color":"","overlay-opacity":"","overlay-gradient":""}},"footnotes":""},"class_list":["post-3173","page","type-page","status-publish","hentry"],"uagb_featured_image_src":{"full":false,"thumbnail":false,"medium":false,"medium_large":false,"large":false,"1536x1536":false,"2048x2048":false,"trp-custom-language-flag":false},"uagb_author_info":{"display_name":"Joe","author_link":"https:\/\/led.amasly.com\/es\/author\/jacklin\/"},"uagb_comment_info":0,"uagb_excerpt":"Explosion-Proof Light Selection and Installation: Core Safety Requirements for Ship Paint Rooms Explosion-Proof Light Selection: 5 Types and Applications According to shipbuilding regulations, explosion-proof lights for paint rooms must be selected from the following five categories: Note: Sand-filled (Ex &#8220;q&#8221;) and Encapsulated (Ex &#8220;m&#8221;) explosion-proof lights are prohibited in paint rooms. Explosion-Proof Light Installation: Cable&hellip;","_links":{"self":[{"href":"https:\/\/led.amasly.com\/es\/wp-json\/wp\/v2\/pages\/3173","targetHints":{"allow":["GET"]}}],"collection":[{"href":"https:\/\/led.amasly.com\/es\/wp-json\/wp\/v2\/pages"}],"about":[{"href":"https:\/\/led.amasly.com\/es\/wp-json\/wp\/v2\/types\/page"}],"author":[{"embeddable":true,"href":"https:\/\/led.amasly.com\/es\/wp-json\/wp\/v2\/users\/1"}],"replies":[{"embeddable":true,"href":"https:\/\/led.amasly.com\/es\/wp-json\/wp\/v2\/comments?post=3173"}],"version-history":[{"count":1,"href":"https:\/\/led.amasly.com\/es\/wp-json\/wp\/v2\/pages\/3173\/revisions"}],"predecessor-version":[{"id":3175,"href":"https:\/\/led.amasly.com\/es\/wp-json\/wp\/v2\/pages\/3173\/revisions\/3175"}],"up":[{"embeddable":true,"href":"https:\/\/led.amasly.com\/es\/wp-json\/wp\/v2\/pages\/2374"}],"wp:attachment":[{"href":"https:\/\/led.amasly.com\/es\/wp-json\/wp\/v2\/media?parent=3173"}],"curies":[{"name":"wp","href":"https:\/\/api.w.org\/{rel}","templated":true}]}}