{"id":2981,"date":"2025-04-08T21:10:14","date_gmt":"2025-04-08T13:10:14","guid":{"rendered":"https:\/\/led.amasly.com\/?page_id=2981"},"modified":"2025-04-08T22:38:21","modified_gmt":"2025-04-08T14:38:21","slug":"can-led-lights-be-used-in-an-explosion-proof-area-%ef%bc%9f","status":"publish","type":"page","link":"https:\/\/led.amasly.com\/es\/knowledge\/explosion-proof-products-knowledge\/can-led-lights-be-used-in-an-explosion-proof-area-%ef%bc%9f\/","title":{"rendered":"\u00bfSe pueden utilizar luces led en una zona a prueba de explosiones?"},"content":{"rendered":"<div class=\"wp-block-uagb-container uagb-block-27bae773 alignfull uagb-is-root-container\"><div class=\"uagb-container-inner-blocks-wrap\"><\/div><\/div>\n\n\n\n<h2 class=\"wp-block-heading has-text-align-left\"><strong>\u00bfSe pueden utilizar luces led en una zona a prueba de explosiones?<\/strong><strong><\/strong><\/h2>\n\n\n\n<div class=\"wp-block-uagb-image uagb-block-da1360b5 wp-block-uagb-image--layout-default wp-block-uagb-image--effect-static wp-block-uagb-image--align-none\"><figure class=\"wp-block-uagb-image__figure\"><img decoding=\"async\" srcset=\"https:\/\/led.amasly.com\/wp-content\/uploads\/2025\/01\/LED-explosion-proof-flood-lights.png ,https:\/\/led.amasly.com\/wp-content\/uploads\/2025\/01\/LED-explosion-proof-flood-lights.png 780w, https:\/\/led.amasly.com\/wp-content\/uploads\/2025\/01\/LED-explosion-proof-flood-lights.png 360w\" sizes=\"auto, (max-width: 480px) 150px\" src=\"https:\/\/led.amasly.com\/wp-content\/uploads\/2025\/01\/LED-explosion-proof-flood-lights.png\" alt=\"\" class=\"uag-image-1675\" width=\"1004\" height=\"308\" title=\"Proyectores LED antideflagrantes\" loading=\"lazy\" role=\"img\"><\/figure><\/div>\n\n\n\n<p>A menudo se plantean preguntas como \"\u00bfEn qu\u00e9 zona se encuentra la iluminaci\u00f3n antideflagrante?<\/p>\n\n\n\n<p>En una zona a prueba de explosiones s\u00f3lo se pueden utilizar luces a prueba de explosiones, las l\u00e1mparas y linternas ordinarias no se pueden utilizar en una zona a prueba de explosiones. Las l\u00e1mparas ordinarias se utilizan en lugares donde existen gases y polvos no combustibles.<\/p>\n\n\n\n<h2 class=\"wp-block-heading\"><strong>\u00bfQu\u00e9 es una zona antideflagrante, una zona peligrosa?<\/strong><strong><\/strong><\/h2>\n\n\n\n<p>Seg\u00fan la clasificaci\u00f3n de zonas peligrosas de la Comisi\u00f3n Electrot\u00e9cnica Internacional (CEI)\/Comisi\u00f3n Electrot\u00e9cnica Europea (CEEN), de la siguiente manera:<\/p>\n\n\n\n<h3 class=\"wp-block-heading\"><strong>Zona 0 (Zona 0): <\/strong><strong><\/strong><\/h3>\n\n\n\n<p>se refiere a la zona en la que los gases explosivos est\u00e1n siempre o durante un largo per\u00edodo de tiempo presentes, y en la que el peligro es superior a 1000 horas\/a\u00f1o.<\/p>\n\n\n\n<p>Zona en la que las mezclas de gases explosivos est\u00e1n presentes de forma continua o durante largos periodos de tiempo durante el funcionamiento normal.<\/p>\n\n\n\n<p>Por ejemplo, el interior de los tanques de almacenamiento de algunas refiner\u00edas de petr\u00f3leo, donde los gases vol\u00e1tiles inflamables est\u00e1n presentes continuamente dentro de los tanques debido al almacenamiento de aceites inflamables y explosivos, es un entorno de Zona 0. La posibilidad de que se produzca una explosi\u00f3n en esta zona es extremadamente alta, y los requisitos de protecci\u00f3n contra explosiones de los equipos el\u00e9ctricos, etc., son los m\u00e1s estrictos. La posibilidad de que se produzca una explosi\u00f3n en esta zona es extremadamente alta, y los requisitos a prueba de explosiones para los equipos el\u00e9ctricos, etc., son los m\u00e1s estrictos.<\/p>\n\n\n\n<h3 class=\"wp-block-heading\"><strong>Zona 1 (Zona 1): <\/strong><strong><\/strong><\/h3>\n\n\n\n<p>se refiere a una zona en la que puede haber gases inflamables durante el funcionamiento normal con un riesgo de 10 a 1000 horas\/a\u00f1o.<\/p>\n\n\n\n<p>El funcionamiento normal se refiere al funcionamiento rutinario de los equipos dentro de sus par\u00e1metros de dise\u00f1o.<\/p>\n\n\n\n<p>Por ejemplo, en la planta de producci\u00f3n qu\u00edmica, algunos de la interfaz de tuber\u00edas para el transporte de gases combustibles, aunque las medidas de sellado, pero en el funcionamiento normal del proceso todav\u00eda puede ser una peque\u00f1a cantidad de fugas de gas combustible, lo que resulta en la formaci\u00f3n de mezclas explosivas de gas, este tipo de zona se dividir\u00e1 en Zona 1. 1 zona de la explosi\u00f3n de la posibilidad de un grado relativamente alto de explosi\u00f3n, el rendimiento a prueba de explosiones de los requisitos de los equipos tambi\u00e9n son muy estrictas.<\/p>\n\n\n\n<h3 class=\"wp-block-heading\"><strong>Zona 2 (Zona 2): <\/strong><strong><\/strong><\/h3>\n\n\n\n<p>se refiere a la ausencia de gases inflamables en condiciones normales, aunque sea ocasional, la existencia de un per\u00edodo muy corto de tiempo, el estado de accidente del riesgo de 0,1 a 10 horas \/ a\u00f1o.<\/p>\n\n\n\n<p>En algunas plantas industriales bien ventiladas, aunque hay una peque\u00f1a cantidad de equipos que pueden tener fugas de gases inflamables, pero el sistema de ventilaci\u00f3n puede diluir los gases fugados y agotarlos a tiempo, por lo que es improbable que existan mezclas de gases explosivos durante un largo periodo de tiempo, y este tipo de \u00e1reas se clasifican como zona 2. En comparaci\u00f3n con las zonas 0 y 1, la zona 2 tiene una menor probabilidad de explosi\u00f3n, pero a\u00fan as\u00ed requiere medidas adecuadas de protecci\u00f3n contra explosiones.<\/p>\n\n\n\n<h2 class=\"wp-block-heading\"><strong>Para entornos con polvo, ATEX tiene una clasificaci\u00f3n similar: <\/strong><strong><\/strong><\/h2>\n\n\n\n<h3 class=\"wp-block-heading\"><strong>Zona 20: <\/strong><strong><\/strong><\/h3>\n\n\n\n<p>Lugares y el interior de recipientes donde el polvo combustible se produce de forma continua o con la frecuencia suficiente para formar mezclas de polvo y aire combustibles y\/o donde es probable que se forme una capa de polvo incontrolada y extremadamente gruesa en el transcurso del funcionamiento normal.<\/p>\n\n\n\n<p>Por ejemplo, la planta de molturaci\u00f3n de determinados molinos harineros, donde se generan grandes cantidades de polvo de harina durante el proceso de producci\u00f3n con concentraciones elevadas y persistentes de polvo, entrar\u00eda dentro de la Zona 20.<\/p>\n\n\n\n<h3 class=\"wp-block-heading\"><strong>Zona 21: <\/strong><strong><\/strong><\/h3>\n\n\n\n<p>Lugares en los que puede haber polvo en cantidades suficientes para formar una mezcla combustible de polvo y aire durante el funcionamiento normal, pero que no est\u00e1n clasificados como Zona 20.<\/p>\n\n\n\n<p>Suele incluir \u00e1reas adyacentes a fuentes de emisi\u00f3n de polvo (por ejemplo, tolvas, contenedores, etc.), donde puede haber fugas intermitentes de polvo, lo que da lugar a la formaci\u00f3n de polvo combustible y mezclas de aire en \u00e1reas localizadas, como algunas de las \u00e1reas de manipulaci\u00f3n de materiales pueden caer en la Zona 21.<\/p>\n\n\n\n<h3 class=\"wp-block-heading\"><strong>Zona 22: <\/strong><strong><\/strong><\/h3>\n\n\n\n<p>Lugares donde el polvo combustible se produce ocasionalmente y s\u00f3lo durante cortos per\u00edodos de tiempo en condiciones inusuales, o donde el polvo combustible se acumula ocasionalmente o puede estar en capas y genera una mezcla de polvo combustible en el aire.<\/p>\n\n\n\n<p class=\"has-text-align-left\">Por ejemplo, en algunos talleres que producen polvo pero que est\u00e1n bien ventilados y gestionados, puede producirse una peque\u00f1a acumulaci\u00f3n de polvo s\u00f3lo en condiciones anormales, como un fallo del equipo, y dichas \u00e1reas se clasifican como Zona 22.<\/p>\n\n\n\n<p>Ahora lo sabes: <strong>\u00bfSe pueden utilizar luces led en una zona a prueba de explosiones?<\/strong><\/p>\n\n\n\n<div class=\"wp-block-uagb-container uagb-block-c7d898dd alignfull uagb-is-root-container\"><div class=\"uagb-container-inner-blocks-wrap\"><\/div><\/div>\n\n\n\n<h2 class=\"wp-block-heading\">Productos relacionados<\/h2>\n\n\n\n<div class=\"wp-block-uagb-container uagb-block-66e4defc alignfull uagb-is-root-container\"><div class=\"uagb-container-inner-blocks-wrap\">\n<div class=\"wp-block-uagb-container uagb-block-a42945f9\">\n<div class=\"wp-block-uagb-image uagb-block-7296296b wp-block-uagb-image--layout-default wp-block-uagb-image--effect-static wp-block-uagb-image--align-none\"><figure class=\"wp-block-uagb-image__figure\"><a class=\"\" href=\"https:\/\/led.amasly.com\/es\/products\/\" target=\"\" rel=\"noopener\"><img decoding=\"async\" srcset=\"https:\/\/led.amasly.com\/wp-content\/uploads\/2024\/09\/Explosion-proof-high-bay-lights.png ,https:\/\/led.amasly.com\/wp-content\/uploads\/2024\/09\/Explosion-proof-high-bay-lights.png 780w, https:\/\/led.amasly.com\/wp-content\/uploads\/2024\/09\/Explosion-proof-high-bay-lights.png 360w\" sizes=\"auto, (max-width: 480px) 150px\" src=\"https:\/\/led.amasly.com\/wp-content\/uploads\/2024\/09\/Explosion-proof-high-bay-lights.png\" alt=\"\" class=\"uag-image-1495\" width=\"300\" height=\"300\" title=\"Luces de gran altura a prueba de explosiones\" loading=\"lazy\" role=\"img\"><\/a><\/figure><\/div>\n<\/div>\n\n\n\n<div class=\"wp-block-uagb-container uagb-block-4d3efde5\">\n<div class=\"wp-block-uagb-image uagb-block-c9e90797 wp-block-uagb-image--layout-default wp-block-uagb-image--effect-static wp-block-uagb-image--align-none\"><figure class=\"wp-block-uagb-image__figure\"><a class=\"\" href=\"https:\/\/led.amasly.com\/es\/products\/\" target=\"\" rel=\"noopener\"><img decoding=\"async\" srcset=\"https:\/\/led.amasly.com\/wp-content\/uploads\/2024\/07\/LED-tri-proof-lights2.png ,https:\/\/led.amasly.com\/wp-content\/uploads\/2024\/07\/LED-tri-proof-lights2.png 780w, https:\/\/led.amasly.com\/wp-content\/uploads\/2024\/07\/LED-tri-proof-lights2.png 360w\" sizes=\"auto, (max-width: 480px) 150px\" src=\"https:\/\/led.amasly.com\/wp-content\/uploads\/2024\/07\/LED-tri-proof-lights2.png\" alt=\"\" class=\"uag-image-1132\" width=\"300\" height=\"300\" title=\"Luces LED-tri-proof2\" loading=\"lazy\" role=\"img\"><\/a><\/figure><\/div>\n<\/div>\n\n\n\n<div class=\"wp-block-uagb-container uagb-block-11c2578b\">\n<div class=\"wp-block-uagb-image uagb-block-6e8883aa wp-block-uagb-image--layout-default wp-block-uagb-image--effect-static wp-block-uagb-image--align-none\"><figure class=\"wp-block-uagb-image__figure\"><a class=\"\" href=\"https:\/\/led.amasly.com\/es\/products\/\" target=\"\" rel=\"noopener\"><img decoding=\"async\" srcset=\"https:\/\/led.amasly.com\/wp-content\/uploads\/2024\/09\/LED-Explosion-Proof-Gas-Station-Light.png ,https:\/\/led.amasly.com\/wp-content\/uploads\/2024\/09\/LED-Explosion-Proof-Gas-Station-Light.png 780w, https:\/\/led.amasly.com\/wp-content\/uploads\/2024\/09\/LED-Explosion-Proof-Gas-Station-Light.png 360w\" sizes=\"auto, (max-width: 480px) 150px\" src=\"https:\/\/led.amasly.com\/wp-content\/uploads\/2024\/09\/LED-Explosion-Proof-Gas-Station-Light.png\" alt=\"\" class=\"uag-image-1501\" width=\"300\" height=\"300\" title=\"L\u00e1mpara LED antideflagrante para gasolineras\" loading=\"lazy\" role=\"img\"><\/a><\/figure><\/div>\n<\/div>\n<\/div><\/div>\n\n\n\n<div class=\"wp-block-uagb-container uagb-block-548945b5 alignfull uagb-is-root-container\"><div class=\"uagb-container-inner-blocks-wrap\">\n<div class=\"wp-block-uagb-container uagb-block-967755d5\">\n<h4 class=\"wp-block-heading has-text-align-center\"><a href=\"https:\/\/led.amasly.com\/es\/products\/\">Luces LED antideflagrantes<\/a><\/h4>\n<\/div>\n\n\n\n<div class=\"wp-block-uagb-container uagb-block-9bc52fc2\">\n<h4 class=\"wp-block-heading has-text-align-center\"><a href=\"https:\/\/led.amasly.com\/es\/products\/\">Luces LED Tri-Proof<\/a><\/h4>\n<\/div>\n\n\n\n<div class=\"wp-block-uagb-container uagb-block-8ffa0a23\">\n<h4 class=\"wp-block-heading has-text-align-center\"><a href=\"https:\/\/led.amasly.com\/es\/products\/\">Luces de gasolinera a prueba de explosiones<\/a><\/h4>\n<\/div>\n<\/div><\/div>\n\n\n\n<div class=\"wp-block-uagb-container uagb-block-29499fe0 alignfull uagb-is-root-container\"><div class=\"uagb-container-inner-blocks-wrap\">\n<div class=\"wp-block-uagb-container uagb-block-777ee1c7\">\n<div class=\"wp-block-uagb-image uagb-block-2e9a1851 wp-block-uagb-image--layout-default wp-block-uagb-image--effect-static wp-block-uagb-image--align-none\"><figure class=\"wp-block-uagb-image__figure\"><a class=\"\" href=\"https:\/\/led.amasly.com\/es\/products\/\" target=\"\" rel=\"noopener\"><img decoding=\"async\" srcset=\"https:\/\/led.amasly.com\/wp-content\/uploads\/2024\/10\/50W-100W-150W-200W-300W-LED-Flood-Light.jpg ,https:\/\/led.amasly.com\/wp-content\/uploads\/2024\/10\/50W-100W-150W-200W-300W-LED-Flood-Light.jpg 780w, https:\/\/led.amasly.com\/wp-content\/uploads\/2024\/10\/50W-100W-150W-200W-300W-LED-Flood-Light.jpg 360w\" sizes=\"auto, (max-width: 480px) 150px\" src=\"https:\/\/led.amasly.com\/wp-content\/uploads\/2024\/10\/50W-100W-150W-200W-300W-LED-Flood-Light.jpg\" alt=\"\" class=\"uag-image-1526\" width=\"300\" height=\"300\" title=\"L\u00e1mpara de inundaci\u00f3n LED 50W 100W 150W 200W 300W\" loading=\"lazy\" role=\"img\"><\/a><\/figure><\/div>\n<\/div>\n\n\n\n<div class=\"wp-block-uagb-container uagb-block-af8c8683\">\n<div class=\"wp-block-uagb-image uagb-block-67947854 wp-block-uagb-image--layout-default wp-block-uagb-image--effect-static wp-block-uagb-image--align-none\"><figure class=\"wp-block-uagb-image__figure\"><a class=\"\" href=\"https:\/\/led.amasly.com\/es\/products\/\" target=\"\" rel=\"noopener\"><img decoding=\"async\" srcset=\"https:\/\/led.amasly.com\/wp-content\/uploads\/2024\/07\/led-tri-proof-light.png ,https:\/\/led.amasly.com\/wp-content\/uploads\/2024\/07\/led-tri-proof-light.png 780w, https:\/\/led.amasly.com\/wp-content\/uploads\/2024\/07\/led-tri-proof-light.png 360w\" sizes=\"auto, (max-width: 480px) 150px\" src=\"https:\/\/led.amasly.com\/wp-content\/uploads\/2024\/07\/led-tri-proof-light.png\" alt=\"\" class=\"uag-image-1130\" width=\"300\" height=\"300\" title=\"luz led-tri-proof\" loading=\"lazy\" role=\"img\"><\/a><\/figure><\/div>\n<\/div>\n\n\n\n<div class=\"wp-block-uagb-container uagb-block-0fdfdd58\">\n<div class=\"wp-block-uagb-image uagb-block-1187d32d wp-block-uagb-image--layout-default wp-block-uagb-image--effect-static wp-block-uagb-image--align-none\"><figure class=\"wp-block-uagb-image__figure\"><a class=\"\" href=\"https:\/\/led.amasly.com\/es\/products\/\" target=\"\" rel=\"noopener\"><img decoding=\"async\" srcset=\"https:\/\/led.amasly.com\/wp-content\/uploads\/2024\/07\/LED-street-light.jpg ,https:\/\/led.amasly.com\/wp-content\/uploads\/2024\/07\/LED-street-light.jpg 780w, https:\/\/led.amasly.com\/wp-content\/uploads\/2024\/07\/LED-street-light.jpg 360w\" sizes=\"auto, (max-width: 480px) 150px\" src=\"https:\/\/led.amasly.com\/wp-content\/uploads\/2024\/07\/LED-street-light.jpg\" alt=\"\" class=\"uag-image-1145\" width=\"300\" height=\"300\" title=\"Alumbrado p\u00fablico LED\" loading=\"lazy\" role=\"img\"><\/a><\/figure><\/div>\n<\/div>\n<\/div><\/div>\n\n\n\n<div class=\"wp-block-uagb-container uagb-block-6a60882c alignfull uagb-is-root-container\"><div class=\"uagb-container-inner-blocks-wrap\">\n<div class=\"wp-block-uagb-container uagb-block-f1e91a35\">\n<h4 class=\"wp-block-heading has-text-align-center\"><a href=\"https:\/\/led.amasly.com\/es\/products\/\">Proyectores LED<\/a><\/h4>\n<\/div>\n\n\n\n<div class=\"wp-block-uagb-container uagb-block-165bfa58\">\n<h4 class=\"wp-block-heading has-text-align-center\"><a href=\"https:\/\/led.amasly.com\/es\/products\/\">Tubos de luz LED trif\u00e1sicos<\/a><\/h4>\n<\/div>\n\n\n\n<div class=\"wp-block-uagb-container uagb-block-f6096e3b\">\n<h4 class=\"wp-block-heading has-text-align-center\"><a href=\"https:\/\/led.amasly.com\/es\/products\/\">Alumbrado p\u00fablico LED<\/a><\/h4>\n<\/div>\n<\/div><\/div>\n\n\n\n<div class=\"wp-block-uagb-container uagb-block-99c0e0a5 alignfull uagb-is-root-container\"><div class=\"uagb-container-inner-blocks-wrap\"><\/div><\/div>\n\n\n\n<p><\/p>","protected":false},"excerpt":{"rendered":"<p>Can led lights be used in an explosion proof area? Questions such as \u201cWhat zone is explosion-proof lighting in?\u201d are often asked. Only explosion-proof lights can be used in an explosion-proof area, ordinary lamps and lanterns can not be used in an explosion-proof area. Ordinary lamps are used in places where non-combustible gases and dusts [&hellip;]<\/p>\n","protected":false},"author":1,"featured_media":0,"parent":2374,"menu_order":0,"comment_status":"closed","ping_status":"closed","template":"","meta":{"_uag_custom_page_level_css":"","site-sidebar-layout":"no-sidebar","site-content-layout":"","ast-site-content-layout":"default","site-content-style":"default","site-sidebar-style":"default","ast-global-header-display":"","ast-banner-title-visibility":"","ast-main-header-display":"","ast-hfb-above-header-display":"","ast-hfb-below-header-display":"","ast-hfb-mobile-header-display":"","site-post-title":"disabled","ast-breadcrumbs-content":"","ast-featured-img":"","footer-sml-layout":"","ast-disable-related-posts":"","theme-transparent-header-meta":"enabled","adv-header-id-meta":"","stick-header-meta":"","header-above-stick-meta":"","header-main-stick-meta":"","header-below-stick-meta":"","astra-migrate-meta-layouts":"set","ast-page-background-enabled":"default","ast-page-background-meta":{"desktop":{"background-color":"var(--ast-global-color-4)","background-image":"","background-repeat":"repeat","background-position":"center center","background-size":"auto","background-attachment":"scroll","background-type":"","background-media":"","overlay-type":"","overlay-color":"","overlay-opacity":"","overlay-gradient":""},"tablet":{"background-color":"","background-image":"","background-repeat":"repeat","background-position":"center center","background-size":"auto","background-attachment":"scroll","background-type":"","background-media":"","overlay-type":"","overlay-color":"","overlay-opacity":"","overlay-gradient":""},"mobile":{"background-color":"","background-image":"","background-repeat":"repeat","background-position":"center center","background-size":"auto","background-attachment":"scroll","background-type":"","background-media":"","overlay-type":"","overlay-color":"","overlay-opacity":"","overlay-gradient":""}},"ast-content-background-meta":{"desktop":{"background-color":"var(--ast-global-color-5)","background-image":"","background-repeat":"repeat","background-position":"center center","background-size":"auto","background-attachment":"scroll","background-type":"","background-media":"","overlay-type":"","overlay-color":"","overlay-opacity":"","overlay-gradient":""},"tablet":{"background-color":"var(--ast-global-color-5)","background-image":"","background-repeat":"repeat","background-position":"center center","background-size":"auto","background-attachment":"scroll","background-type":"","background-media":"","overlay-type":"","overlay-color":"","overlay-opacity":"","overlay-gradient":""},"mobile":{"background-color":"var(--ast-global-color-5)","background-image":"","background-repeat":"repeat","background-position":"center center","background-size":"auto","background-attachment":"scroll","background-type":"","background-media":"","overlay-type":"","overlay-color":"","overlay-opacity":"","overlay-gradient":""}},"footnotes":""},"class_list":["post-2981","page","type-page","status-publish","hentry"],"uagb_featured_image_src":{"full":false,"thumbnail":false,"medium":false,"medium_large":false,"large":false,"1536x1536":false,"2048x2048":false,"trp-custom-language-flag":false},"uagb_author_info":{"display_name":"Joe","author_link":"https:\/\/led.amasly.com\/es\/author\/jacklin\/"},"uagb_comment_info":0,"uagb_excerpt":"Can led lights be used in an explosion proof area? Questions such as \u201cWhat zone is explosion-proof lighting in?\u201d are often asked. Only explosion-proof lights can be used in an explosion-proof area, ordinary lamps and lanterns can not be used in an explosion-proof area. Ordinary lamps are used in places where non-combustible gases and dusts&hellip;","_links":{"self":[{"href":"https:\/\/led.amasly.com\/es\/wp-json\/wp\/v2\/pages\/2981","targetHints":{"allow":["GET"]}}],"collection":[{"href":"https:\/\/led.amasly.com\/es\/wp-json\/wp\/v2\/pages"}],"about":[{"href":"https:\/\/led.amasly.com\/es\/wp-json\/wp\/v2\/types\/page"}],"author":[{"embeddable":true,"href":"https:\/\/led.amasly.com\/es\/wp-json\/wp\/v2\/users\/1"}],"replies":[{"embeddable":true,"href":"https:\/\/led.amasly.com\/es\/wp-json\/wp\/v2\/comments?post=2981"}],"version-history":[{"count":3,"href":"https:\/\/led.amasly.com\/es\/wp-json\/wp\/v2\/pages\/2981\/revisions"}],"predecessor-version":[{"id":3002,"href":"https:\/\/led.amasly.com\/es\/wp-json\/wp\/v2\/pages\/2981\/revisions\/3002"}],"up":[{"embeddable":true,"href":"https:\/\/led.amasly.com\/es\/wp-json\/wp\/v2\/pages\/2374"}],"wp:attachment":[{"href":"https:\/\/led.amasly.com\/es\/wp-json\/wp\/v2\/media?parent=2981"}],"curies":[{"name":"wp","href":"https:\/\/api.w.org\/{rel}","templated":true}]}}