{"id":2250,"date":"2025-03-05T21:59:57","date_gmt":"2025-03-05T13:59:57","guid":{"rendered":"https:\/\/led.amasly.com\/?page_id=2250"},"modified":"2026-01-22T11:30:42","modified_gmt":"2026-01-22T03:30:42","slug":"exhibition-hall-lighting-solutions","status":"publish","type":"page","link":"https:\/\/led.amasly.com\/es\/solutions\/exhibition-hall-lighting-solutions\/","title":{"rendered":"Sala de exposiciones Soluciones de iluminaci\u00f3n"},"content":{"rendered":"<div class=\"wp-block-uagb-container uagb-block-27bae773 alignfull uagb-is-root-container\"><div class=\"uagb-container-inner-blocks-wrap\"><\/div><\/div>\n\n\n\n<h1 class=\"wp-block-heading has-text-align-center\"><strong>Sala de exposiciones<\/strong> <strong>Soluciones de iluminaci\u00f3n inteligente<\/strong><\/h1>\n\n\n\n<h2 class=\"wp-block-heading\"><strong>Sala de exposiciones Dise\u00f1o de soluciones de iluminaci\u00f3n<\/strong><\/h2>\n\n\n\n<p>La iluminaci\u00f3n de las exposiciones desempe\u00f1a un papel importante a la hora de resaltar los objetos expuestos y realzar la atm\u00f3sfera del espacio. El dise\u00f1o de la iluminaci\u00f3n de la exposici\u00f3n incluye tres formas: iluminaci\u00f3n natural, iluminaci\u00f3n artificial e iluminaci\u00f3n integrada. Sin embargo, en lo que respecta a las exposiciones comerciales, debido a su corto periodo de exposici\u00f3n y a los elevados requisitos de nivel de iluminaci\u00f3n, la mayor\u00eda de ellas utilizan iluminaci\u00f3n artificial o luz natural y fuentes de luz artificial combinadas con dos formas de iluminaci\u00f3n (excepto la exposici\u00f3n al aire libre).<\/p>\n\n\n\n<div class=\"wp-block-uagb-image uagb-block-b3f70273 wp-block-uagb-image--layout-default wp-block-uagb-image--effect-static wp-block-uagb-image--align-none\"><figure class=\"wp-block-uagb-image__figure\"><img decoding=\"async\" srcset=\"https:\/\/led.amasly.com\/wp-content\/uploads\/2025\/03\/Exhibition-hall-lighting-2-1024x768.jpg ,https:\/\/led.amasly.com\/wp-content\/uploads\/2025\/03\/Exhibition-hall-lighting-2.jpg 780w, https:\/\/led.amasly.com\/wp-content\/uploads\/2025\/03\/Exhibition-hall-lighting-2.jpg 360w\" sizes=\"auto, (max-width: 480px) 150px\" src=\"https:\/\/led.amasly.com\/wp-content\/uploads\/2025\/03\/Exhibition-hall-lighting-2-1024x768.jpg\" alt=\"Exhibition hall Lighting Solutions\" class=\"uag-image-2255\" width=\"1024\" height=\"768\" title=\"Sala de exposiciones Soluciones de iluminaci\u00f3n\" loading=\"lazy\" role=\"img\"\/><\/figure><\/div>\n\n\n\n<h2 class=\"wp-block-heading\"><strong>1.los requisitos b\u00e1sicos de <strong>Sala de exposiciones Soluciones de iluminaci\u00f3n<\/strong><\/strong><\/h2>\n\n\n\n<h3 class=\"wp-block-heading\"><strong>1.1 Iluminaci\u00f3n<\/strong><strong><\/strong><\/h3>\n\n\n\n<p>Los distintos expositores requieren diferentes valores de iluminancia. Por ejemplo, los alimentos, los art\u00edculos diversos, los libros y las flores necesitan 100-500 lx; los textiles oscuros, la joyer\u00eda y el cuero requieren 200-1000 lx; el arte necesita 300-500 lx; las m\u00e1quinas y los electrodom\u00e9sticos necesitan 100-200 lx.<\/p>\n\n\n\n<h3 class=\"wp-block-heading\"><strong>1.2 Distribuci\u00f3n del brillo<\/strong><strong><\/strong><\/h3>\n\n\n\n<p>En la exposici\u00f3n, el tema de la exposici\u00f3n debe ser la parte m\u00e1s brillante de la visi\u00f3n. Las fuentes de luz, las l\u00e1mparas no llaman la atenci\u00f3n, para ayudar al p\u00fablico a centrarse en la visi\u00f3n de los objetos expuestos. Para los objetos expuestos que deben destacarse, se suele utilizar iluminaci\u00f3n local para realzar su contraste de brillo con el entorno.<\/p>\n\n\n\n<p>La distribuci\u00f3n de la luminosidad ambiental determina la adaptaci\u00f3n visual del p\u00fablico. Entre las salas de exposici\u00f3n con distintos niveles de iluminaci\u00f3n, especialmente en la parte del pasillo de la sala de exposici\u00f3n con disparidad de luces y sombras, debe haber una transici\u00f3n gradual de las zonas de iluminaci\u00f3n, para que el p\u00fablico no tenga una sensaci\u00f3n de penumbra al pasar del entorno luminoso al espacio oscuro, lo que reduce el inter\u00e9s de la visi\u00f3n.<\/p>\n\n\n\n<p>El brillo y el color del fondo de los objetos expuestos no deben ser abrumadores. La relaci\u00f3n entre el brillo de los objetos expuestos y el fondo debe oscilar entre 1:3 y 3:1. En general, el fondo debe tener un acabado mate e incoloro (o gris claro). En general, el fondo debe tener un acabado mate e incoloro (o gris claro).<\/p>\n\n\n\n<div class=\"wp-block-uagb-image uagb-block-99535a38 wp-block-uagb-image--layout-default wp-block-uagb-image--effect-static wp-block-uagb-image--align-none\"><figure class=\"wp-block-uagb-image__figure\"><a class=\"\" href=\"https:\/\/led.amasly.com\/es\/products\/\" target=\"\" rel=\"noopener\"><img decoding=\"async\" srcset=\"https:\/\/led.amasly.com\/wp-content\/uploads\/2025\/03\/Exhibition-hall-lighting-3-1024x682.jpg ,https:\/\/led.amasly.com\/wp-content\/uploads\/2025\/03\/Exhibition-hall-lighting-3.jpg 780w, https:\/\/led.amasly.com\/wp-content\/uploads\/2025\/03\/Exhibition-hall-lighting-3.jpg 360w\" sizes=\"auto, (max-width: 480px) 150px\" src=\"https:\/\/led.amasly.com\/wp-content\/uploads\/2025\/03\/Exhibition-hall-lighting-3-1024x682.jpg\" alt=\"\" class=\"uag-image-2256\" width=\"1280\" height=\"852\" title=\"Iluminaci\u00f3n de pabellones (3)\" loading=\"lazy\" role=\"img\"><\/a><\/figure><\/div>\n\n\n\n<h3 class=\"wp-block-heading\"><strong>1.3 Reflexi\u00f3n y deslumbramiento<\/strong><strong><\/strong><\/h3>\n\n\n\n<p>En el espacio de exposici\u00f3n, es muy importante evitar las interferencias de reflejos y deslumbramientos sobre el p\u00fablico. En la fase preliminar de planificaci\u00f3n y organizaci\u00f3n, debe considerarse cuidadosamente la posici\u00f3n de las ventanas y l\u00e1mparas y la distribuci\u00f3n de la iluminaci\u00f3n de la sala de exposiciones. En primer lugar, se debe evitar el deslumbramiento directo, como el uso de iluminaci\u00f3n natural, debe bloquear estrictamente la luz solar directa, las l\u00e1mparas de iluminaci\u00f3n de luz artificial deben tener suficiente \u00e1ngulo de sombreado; El segundo es evitar la interferencia reflectante. Hay varios casos de interferencia reflectante:<\/p>\n\n\n\n<p>(1) El deslumbramiento causado por el reflejo de la fuente luminosa a trav\u00e9s del cristal del espejo u otra superficie brillante a los ojos del p\u00fablico es un reflejo.<\/p>\n\n\n\n<p>(2) El brillo del p\u00fablico o de otros objetos es superior al brillo de la superficie de exposici\u00f3n, y la imagen reflejada que aparece en el cristal o en la superficie brillante es un reflejo secundario.<\/p>\n\n\n\n<p>(3) Reflejos de cortinas de luz en objetos expuestos con materiales brillantes.<\/p>\n\n\n\n<p>Para evitar un reflejo \u00fanico, la fuente de iluminaci\u00f3n de los objetos expuestos planos debe disponerse fuera de la zona de interferencia del reflejo. Si la iluminaci\u00f3n de los objetos expuestos puede ser superior al nivel de iluminaci\u00f3n general de la sala de exposiciones y a la iluminaci\u00f3n de la zona del p\u00fablico, el reflejo secundario puede debilitarse.<\/p>\n\n\n\n<h3 class=\"wp-block-heading\"><strong>1.4 Color de la fuente de luz<\/strong><strong><\/strong><\/h3>\n\n\n\n<p>Debido a la adaptaci\u00f3n crom\u00e1tica de la visi\u00f3n, tanto si hace sol como si est\u00e1 nublado, mientras haya suficiente iluminaci\u00f3n, el color percibido del objeto siempre permanece constante. Por lo tanto, desde la perspectiva del color de la fuente de luz, la luz natural es la fuente de iluminaci\u00f3n ideal. Si se utiliza la forma de iluminaci\u00f3n artificial, para mantener el color inherente de los objetos expuestos, la elecci\u00f3n de la fuente de luz de color luz diurna es ideal.<\/p>\n\n\n\n<h3 class=\"wp-block-heading\"><strong>1,5 Flexibilidad<\/strong><strong><\/strong><\/h3>\n\n\n\n<p>La actividad comercial de exposici\u00f3n es relativamente fuerte, de ciclo corto, para cumplir este requisito, lo mejor es utilizar gu\u00edas \u00f3pticas flexibles y focos con formas de iluminaci\u00f3n general. En la sala de exposiciones con iluminaci\u00f3n natural, debe haber un control manual o autom\u00e1tico del dispositivo de parasol para ajustar el flujo luminoso en cualquier momento cuando cambia la luz.<\/p>\n\n\n\n<h3 class=\"wp-block-heading\"><strong>1.6 Seguridad<\/strong><strong><\/strong><\/h3>\n\n\n\n<p>Debe prestarse atenci\u00f3n a la disipaci\u00f3n del calor de la fuente de luz, y el consumo el\u00e9ctrico no debe superar la carga de la fuente de alimentaci\u00f3n para garantizar que la exposici\u00f3n se desarrolle sin problemas y con seguridad seg\u00fan lo previsto.<\/p>\n\n\n\n<h2 class=\"wp-block-heading\"><strong>2. <strong><strong>Sala de exposiciones Soluciones de iluminaci\u00f3n<\/strong><\/strong> forma de iluminaci\u00f3n<\/strong><\/h2>\n\n\n\n<p>Las l\u00e1mparas m\u00e1s utilizadas para la iluminaci\u00f3n de exposiciones son las l\u00e1mparas incandescentes utilizadas para la iluminaci\u00f3n general, los tubos fluorescentes de luz diurna y de color blanco fr\u00edo utilizados para la parte superior o el escaparate, los peque\u00f1os focos utilizados como iluminaci\u00f3n clave y las luces de color utilizadas para crear ambiente, etc., que deben seleccionarse en funci\u00f3n de las circunstancias espec\u00edficas.<\/p>\n\n\n\n<div class=\"wp-block-uagb-image uagb-block-08bd5d9c wp-block-uagb-image--layout-default wp-block-uagb-image--effect-static wp-block-uagb-image--align-none\"><figure class=\"wp-block-uagb-image__figure\"><a class=\"\" href=\"https:\/\/led.amasly.com\/es\/products\/\" target=\"\" rel=\"noopener\"><img decoding=\"async\" srcset=\"https:\/\/led.amasly.com\/wp-content\/uploads\/2025\/03\/Exhibition-hall-lighting-1-1024x633.jpg ,https:\/\/led.amasly.com\/wp-content\/uploads\/2025\/03\/Exhibition-hall-lighting-1.jpg 780w, https:\/\/led.amasly.com\/wp-content\/uploads\/2025\/03\/Exhibition-hall-lighting-1.jpg 360w\" sizes=\"auto, (max-width: 480px) 150px\" src=\"https:\/\/led.amasly.com\/wp-content\/uploads\/2025\/03\/Exhibition-hall-lighting-1-1024x633.jpg\" alt=\"\" class=\"uag-image-2257\" width=\"1280\" height=\"791\" title=\"Iluminaci\u00f3n de pabellones (1)\" loading=\"lazy\" role=\"img\"><\/a><\/figure><\/div>\n\n\n\n<p>Las formas de iluminaci\u00f3n de las exposiciones son las siguientes:<\/p>\n\n\n\n<p>(1). Las l\u00e1mparas y faroles del techo y de la vitrina deben bloquearse con una rejilla de puntera o una pantalla de luz (en la vitrina), de modo que la luz quede directamente debajo o diagramada a continuaci\u00f3n.<\/p>\n\n\n\n<p>(2) La caja de diapositivas adopta la iluminaci\u00f3n por reflexi\u00f3n de la pared lateral (superficie plana o curva), y la luz debe ser uniforme y suave.<\/p>\n\n\n\n<p>(3) La vitrina mural utiliza la iluminaci\u00f3n mixta superior y lateral.<\/p>\n\n\n\n<p>(4) La iluminaci\u00f3n del trazado puede ser de luces de ranura o de luces de ranura.<\/p>\n\n\n\n<p>(5) Deber\u00e1n utilizarse focos para iluminar los objetos expuestos m\u00e1s destacados.<\/p>\n\n\n\n<p>(6) Para crear un determinado ambiente o fondo se puede iluminar con luz fr\u00eda o con luces de colores.<\/p>\n\n\n\n<p>(7) Seg\u00fan los requisitos de dise\u00f1o, se puede organizar la publicidad de iluminaci\u00f3n o el modelado.<\/p>\n\n\n\n<p><a href=\"http:\/\/www.iec.com\" rel=\"nofollow noopener\" target=\"_blank\">Norma: IEC 60598<\/a><\/p>\n\n\n\n<div class=\"wp-block-uagb-container uagb-block-c7d898dd alignfull uagb-is-root-container\"><div class=\"uagb-container-inner-blocks-wrap\"><\/div><\/div>\n\n\n\n<h2 class=\"wp-block-heading\">Productos relacionados<\/h2>\n\n\n\n<div class=\"wp-block-uagb-container uagb-block-66e4defc alignfull uagb-is-root-container\"><div class=\"uagb-container-inner-blocks-wrap\">\n<div class=\"wp-block-uagb-container uagb-block-a42945f9\">\n<div class=\"wp-block-uagb-image uagb-block-7296296b wp-block-uagb-image--layout-default wp-block-uagb-image--effect-static wp-block-uagb-image--align-none\"><figure class=\"wp-block-uagb-image__figure\"><a class=\"\" href=\"https:\/\/led.amasly.com\/es\/products\/\" target=\"\" rel=\"noopener\"><img decoding=\"async\" srcset=\"https:\/\/led.amasly.com\/wp-content\/uploads\/2024\/09\/Explosion-proof-high-bay-lights.png ,https:\/\/led.amasly.com\/wp-content\/uploads\/2024\/09\/Explosion-proof-high-bay-lights.png 780w, https:\/\/led.amasly.com\/wp-content\/uploads\/2024\/09\/Explosion-proof-high-bay-lights.png 360w\" sizes=\"auto, (max-width: 480px) 150px\" src=\"https:\/\/led.amasly.com\/wp-content\/uploads\/2024\/09\/Explosion-proof-high-bay-lights.png\" alt=\"\" class=\"uag-image-1495\" width=\"300\" height=\"300\" title=\"Luces de gran altura a prueba de explosiones\" loading=\"lazy\" role=\"img\"><\/a><\/figure><\/div>\n<\/div>\n\n\n\n<div class=\"wp-block-uagb-container uagb-block-4d3efde5\">\n<div class=\"wp-block-uagb-image uagb-block-c9e90797 wp-block-uagb-image--layout-default wp-block-uagb-image--effect-static wp-block-uagb-image--align-none\"><figure class=\"wp-block-uagb-image__figure\"><a class=\"\" href=\"https:\/\/led.amasly.com\/es\/products\/\" target=\"\" rel=\"noopener\"><img decoding=\"async\" srcset=\"https:\/\/led.amasly.com\/wp-content\/uploads\/2024\/07\/LED-tri-proof-lights2.png ,https:\/\/led.amasly.com\/wp-content\/uploads\/2024\/07\/LED-tri-proof-lights2.png 780w, https:\/\/led.amasly.com\/wp-content\/uploads\/2024\/07\/LED-tri-proof-lights2.png 360w\" sizes=\"auto, (max-width: 480px) 150px\" src=\"https:\/\/led.amasly.com\/wp-content\/uploads\/2024\/07\/LED-tri-proof-lights2.png\" alt=\"\" class=\"uag-image-1132\" width=\"300\" height=\"300\" title=\"Luces LED-tri-proof2\" loading=\"lazy\" role=\"img\"><\/a><\/figure><\/div>\n<\/div>\n\n\n\n<div class=\"wp-block-uagb-container uagb-block-11c2578b\">\n<div class=\"wp-block-uagb-image uagb-block-6e8883aa wp-block-uagb-image--layout-default wp-block-uagb-image--effect-static wp-block-uagb-image--align-none\"><figure class=\"wp-block-uagb-image__figure\"><a class=\"\" href=\"https:\/\/led.amasly.com\/es\/products\/\" target=\"\" rel=\"noopener\"><img decoding=\"async\" srcset=\"https:\/\/led.amasly.com\/wp-content\/uploads\/2024\/09\/LED-Explosion-Proof-Gas-Station-Light.png ,https:\/\/led.amasly.com\/wp-content\/uploads\/2024\/09\/LED-Explosion-Proof-Gas-Station-Light.png 780w, https:\/\/led.amasly.com\/wp-content\/uploads\/2024\/09\/LED-Explosion-Proof-Gas-Station-Light.png 360w\" sizes=\"auto, (max-width: 480px) 150px\" src=\"https:\/\/led.amasly.com\/wp-content\/uploads\/2024\/09\/LED-Explosion-Proof-Gas-Station-Light.png\" alt=\"\" class=\"uag-image-1501\" width=\"300\" height=\"300\" title=\"L\u00e1mpara LED antideflagrante para gasolineras\" loading=\"lazy\" role=\"img\"><\/a><\/figure><\/div>\n<\/div>\n<\/div><\/div>\n\n\n\n<div class=\"wp-block-uagb-container uagb-block-548945b5 alignfull uagb-is-root-container\"><div class=\"uagb-container-inner-blocks-wrap\">\n<div class=\"wp-block-uagb-container uagb-block-967755d5\">\n<h4 class=\"wp-block-heading has-text-align-center\"><a href=\"https:\/\/led.amasly.com\/es\/products\/\">Luces LED antideflagrantes<\/a><\/h4>\n<\/div>\n\n\n\n<div class=\"wp-block-uagb-container uagb-block-9bc52fc2\">\n<h4 class=\"wp-block-heading has-text-align-center\"><a href=\"https:\/\/led.amasly.com\/es\/products\/\">Luces LED Tri-Proof<\/a><\/h4>\n<\/div>\n\n\n\n<div class=\"wp-block-uagb-container uagb-block-8ffa0a23\">\n<h4 class=\"wp-block-heading has-text-align-center\"><a href=\"https:\/\/led.amasly.com\/es\/products\/\">Luces de gasolinera a prueba de explosiones<\/a><\/h4>\n<\/div>\n<\/div><\/div>\n\n\n\n<div class=\"wp-block-uagb-container uagb-block-29499fe0 alignfull uagb-is-root-container\"><div class=\"uagb-container-inner-blocks-wrap\">\n<div class=\"wp-block-uagb-container uagb-block-777ee1c7\">\n<div class=\"wp-block-uagb-image uagb-block-2e9a1851 wp-block-uagb-image--layout-default wp-block-uagb-image--effect-static wp-block-uagb-image--align-none\"><figure class=\"wp-block-uagb-image__figure\"><a class=\"\" href=\"https:\/\/led.amasly.com\/es\/products\/\" target=\"\" rel=\"noopener\"><img decoding=\"async\" srcset=\"https:\/\/led.amasly.com\/wp-content\/uploads\/2024\/10\/50W-100W-150W-200W-300W-LED-Flood-Light.jpg ,https:\/\/led.amasly.com\/wp-content\/uploads\/2024\/10\/50W-100W-150W-200W-300W-LED-Flood-Light.jpg 780w, https:\/\/led.amasly.com\/wp-content\/uploads\/2024\/10\/50W-100W-150W-200W-300W-LED-Flood-Light.jpg 360w\" sizes=\"auto, (max-width: 480px) 150px\" src=\"https:\/\/led.amasly.com\/wp-content\/uploads\/2024\/10\/50W-100W-150W-200W-300W-LED-Flood-Light.jpg\" alt=\"\" class=\"uag-image-1526\" width=\"300\" height=\"300\" title=\"L\u00e1mpara de inundaci\u00f3n LED 50W 100W 150W 200W 300W\" loading=\"lazy\" role=\"img\"><\/a><\/figure><\/div>\n<\/div>\n\n\n\n<div class=\"wp-block-uagb-container uagb-block-af8c8683\">\n<div class=\"wp-block-uagb-image uagb-block-67947854 wp-block-uagb-image--layout-default wp-block-uagb-image--effect-static wp-block-uagb-image--align-none\"><figure class=\"wp-block-uagb-image__figure\"><a class=\"\" href=\"https:\/\/led.amasly.com\/es\/products\/\" target=\"\" rel=\"noopener\"><img decoding=\"async\" srcset=\"https:\/\/led.amasly.com\/wp-content\/uploads\/2024\/07\/led-tri-proof-light.png ,https:\/\/led.amasly.com\/wp-content\/uploads\/2024\/07\/led-tri-proof-light.png 780w, https:\/\/led.amasly.com\/wp-content\/uploads\/2024\/07\/led-tri-proof-light.png 360w\" sizes=\"auto, (max-width: 480px) 150px\" src=\"https:\/\/led.amasly.com\/wp-content\/uploads\/2024\/07\/led-tri-proof-light.png\" alt=\"\" class=\"uag-image-1130\" width=\"300\" height=\"300\" title=\"luz led-tri-proof\" loading=\"lazy\" role=\"img\"><\/a><\/figure><\/div>\n<\/div>\n\n\n\n<div class=\"wp-block-uagb-container uagb-block-0fdfdd58\">\n<div class=\"wp-block-uagb-image uagb-block-1187d32d wp-block-uagb-image--layout-default wp-block-uagb-image--effect-static wp-block-uagb-image--align-none\"><figure class=\"wp-block-uagb-image__figure\"><a class=\"\" href=\"https:\/\/led.amasly.com\/es\/products\/\" target=\"\" rel=\"noopener\"><img decoding=\"async\" srcset=\"https:\/\/led.amasly.com\/wp-content\/uploads\/2024\/07\/LED-street-light.jpg ,https:\/\/led.amasly.com\/wp-content\/uploads\/2024\/07\/LED-street-light.jpg 780w, https:\/\/led.amasly.com\/wp-content\/uploads\/2024\/07\/LED-street-light.jpg 360w\" sizes=\"auto, (max-width: 480px) 150px\" src=\"https:\/\/led.amasly.com\/wp-content\/uploads\/2024\/07\/LED-street-light.jpg\" alt=\"\" class=\"uag-image-1145\" width=\"300\" height=\"300\" title=\"Alumbrado p\u00fablico LED\" loading=\"lazy\" role=\"img\"><\/a><\/figure><\/div>\n<\/div>\n<\/div><\/div>\n\n\n\n<div class=\"wp-block-uagb-container uagb-block-6a60882c alignfull uagb-is-root-container\"><div class=\"uagb-container-inner-blocks-wrap\">\n<div class=\"wp-block-uagb-container uagb-block-f1e91a35\">\n<h4 class=\"wp-block-heading has-text-align-center\"><a href=\"https:\/\/led.amasly.com\/es\/products\/\">Proyectores LED<\/a><\/h4>\n<\/div>\n\n\n\n<div class=\"wp-block-uagb-container uagb-block-165bfa58\">\n<h4 class=\"wp-block-heading has-text-align-center\"><a href=\"https:\/\/led.amasly.com\/es\/products\/\">Tubos de luz LED trif\u00e1sicos<\/a><\/h4>\n<\/div>\n\n\n\n<div class=\"wp-block-uagb-container uagb-block-f6096e3b\">\n<h4 class=\"wp-block-heading has-text-align-center\"><a href=\"https:\/\/led.amasly.com\/es\/products\/\">Alumbrado p\u00fablico LED<\/a><\/h4>\n<\/div>\n<\/div><\/div>\n\n\n\n<div class=\"wp-block-uagb-container uagb-block-99c0e0a5 alignfull uagb-is-root-container\"><div class=\"uagb-container-inner-blocks-wrap\"><\/div><\/div>","protected":false},"excerpt":{"rendered":"<p>Exhibition hall Intelligent Lighting Solutions Exhibition hall Lighting Solutions design Exhibition lighting plays an important role in highlighting exhibits and enhancing the atmosphere of the space. The lighting design of the exhibition includes three forms of natural lighting, artificial lighting and integrated lighting. However, as far as commercial exhibitions are concerned, because of their short [&hellip;]<\/p>\n","protected":false},"author":1,"featured_media":0,"parent":1808,"menu_order":0,"comment_status":"closed","ping_status":"closed","template":"","meta":{"_uag_custom_page_level_css":"","site-sidebar-layout":"no-sidebar","site-content-layout":"","ast-site-content-layout":"default","site-content-style":"default","site-sidebar-style":"default","ast-global-header-display":"","ast-banner-title-visibility":"","ast-main-header-display":"","ast-hfb-above-header-display":"","ast-hfb-below-header-display":"","ast-hfb-mobile-header-display":"","site-post-title":"disabled","ast-breadcrumbs-content":"","ast-featured-img":"","footer-sml-layout":"","ast-disable-related-posts":"","theme-transparent-header-meta":"enabled","adv-header-id-meta":"","stick-header-meta":"","header-above-stick-meta":"","header-main-stick-meta":"","header-below-stick-meta":"","astra-migrate-meta-layouts":"set","ast-page-background-enabled":"default","ast-page-background-meta":{"desktop":{"background-color":"var(--ast-global-color-4)","background-image":"","background-repeat":"repeat","background-position":"center center","background-size":"auto","background-attachment":"scroll","background-type":"","background-media":"","overlay-type":"","overlay-color":"","overlay-opacity":"","overlay-gradient":""},"tablet":{"background-color":"","background-image":"","background-repeat":"repeat","background-position":"center center","background-size":"auto","background-attachment":"scroll","background-type":"","background-media":"","overlay-type":"","overlay-color":"","overlay-opacity":"","overlay-gradient":""},"mobile":{"background-color":"","background-image":"","background-repeat":"repeat","background-position":"center center","background-size":"auto","background-attachment":"scroll","background-type":"","background-media":"","overlay-type":"","overlay-color":"","overlay-opacity":"","overlay-gradient":""}},"ast-content-background-meta":{"desktop":{"background-color":"var(--ast-global-color-5)","background-image":"","background-repeat":"repeat","background-position":"center center","background-size":"auto","background-attachment":"scroll","background-type":"","background-media":"","overlay-type":"","overlay-color":"","overlay-opacity":"","overlay-gradient":""},"tablet":{"background-color":"var(--ast-global-color-5)","background-image":"","background-repeat":"repeat","background-position":"center center","background-size":"auto","background-attachment":"scroll","background-type":"","background-media":"","overlay-type":"","overlay-color":"","overlay-opacity":"","overlay-gradient":""},"mobile":{"background-color":"var(--ast-global-color-5)","background-image":"","background-repeat":"repeat","background-position":"center center","background-size":"auto","background-attachment":"scroll","background-type":"","background-media":"","overlay-type":"","overlay-color":"","overlay-opacity":"","overlay-gradient":""}},"footnotes":""},"class_list":["post-2250","page","type-page","status-publish","hentry"],"uagb_featured_image_src":{"full":false,"thumbnail":false,"medium":false,"medium_large":false,"large":false,"1536x1536":false,"2048x2048":false,"trp-custom-language-flag":false},"uagb_author_info":{"display_name":"Joe","author_link":"https:\/\/led.amasly.com\/es\/author\/jacklin\/"},"uagb_comment_info":0,"uagb_excerpt":"Exhibition hall Intelligent Lighting Solutions Exhibition hall Lighting Solutions design Exhibition lighting plays an important role in highlighting exhibits and enhancing the atmosphere of the space. The lighting design of the exhibition includes three forms of natural lighting, artificial lighting and integrated lighting. However, as far as commercial exhibitions are concerned, because of their short&hellip;","_links":{"self":[{"href":"https:\/\/led.amasly.com\/es\/wp-json\/wp\/v2\/pages\/2250","targetHints":{"allow":["GET"]}}],"collection":[{"href":"https:\/\/led.amasly.com\/es\/wp-json\/wp\/v2\/pages"}],"about":[{"href":"https:\/\/led.amasly.com\/es\/wp-json\/wp\/v2\/types\/page"}],"author":[{"embeddable":true,"href":"https:\/\/led.amasly.com\/es\/wp-json\/wp\/v2\/users\/1"}],"replies":[{"embeddable":true,"href":"https:\/\/led.amasly.com\/es\/wp-json\/wp\/v2\/comments?post=2250"}],"version-history":[{"count":2,"href":"https:\/\/led.amasly.com\/es\/wp-json\/wp\/v2\/pages\/2250\/revisions"}],"predecessor-version":[{"id":4560,"href":"https:\/\/led.amasly.com\/es\/wp-json\/wp\/v2\/pages\/2250\/revisions\/4560"}],"up":[{"embeddable":true,"href":"https:\/\/led.amasly.com\/es\/wp-json\/wp\/v2\/pages\/1808"}],"wp:attachment":[{"href":"https:\/\/led.amasly.com\/es\/wp-json\/wp\/v2\/media?parent=2250"}],"curies":[{"name":"wp","href":"https:\/\/api.w.org\/{rel}","templated":true}]}}