{"id":1840,"date":"2025-02-16T08:44:30","date_gmt":"2025-02-16T00:44:30","guid":{"rendered":"https:\/\/led.amasly.com\/?page_id=1840"},"modified":"2026-01-22T11:41:25","modified_gmt":"2026-01-22T03:41:25","slug":"gas-station-lighting-solution","status":"publish","type":"page","link":"https:\/\/led.amasly.com\/es\/solutions\/gas-station-lighting-solution\/","title":{"rendered":"Soluci\u00f3n de iluminaci\u00f3n para gasolineras"},"content":{"rendered":"<div class=\"wp-block-uagb-container uagb-block-27bae773 alignfull uagb-is-root-container\"><div class=\"uagb-container-inner-blocks-wrap\"><\/div><\/div>\n\n\n\n<h1 class=\"wp-block-heading has-text-align-center\">Soluci\u00f3n de iluminaci\u00f3n para gasolineras<\/h1>\n\n\n\n<h2 class=\"wp-block-heading\">Soluci\u00f3n de iluminaci\u00f3n para gasolineras Intro:<\/h2>\n\n\n\n<p class=\"has-medium-font-size\">Con el continuo ajuste de la estructura estrat\u00e9gica de la energ\u00eda y los crecientes esfuerzos de la energ\u00eda limpia y baja en carbono y otros factores, los gigantes de la energ\u00eda tradicional de China National Petroleum Corporation han acelerado el despliegue y ajuste del sistema de suministro de energ\u00eda no petrolera, y se basar\u00e1n en sus propias ventajas de recursos para formar un sistema de suministro de energ\u00eda diversificado que integre la gasolina tradicional, el gas\u00f3leo, el combustible para veh\u00edculos a base de alcohol, el biodi\u00e9sel y las pilas de carga. El aspecto general tambi\u00e9n busca una nueva actualizaci\u00f3n.<\/p>\n\n\n\n<div class=\"wp-block-uagb-image uagb-block-6d9ee0c1 wp-block-uagb-image--layout-default wp-block-uagb-image--effect-static wp-block-uagb-image--align-none\"><figure class=\"wp-block-uagb-image__figure\"><img decoding=\"async\" srcset=\"https:\/\/led.amasly.com\/wp-content\/uploads\/2025\/02\/China-National-Petroleum-Corporation.jpg ,https:\/\/led.amasly.com\/wp-content\/uploads\/2025\/02\/China-National-Petroleum-Corporation.jpg 780w, https:\/\/led.amasly.com\/wp-content\/uploads\/2025\/02\/China-National-Petroleum-Corporation.jpg 360w\" sizes=\"auto, (max-width: 480px) 150px\" src=\"https:\/\/led.amasly.com\/wp-content\/uploads\/2025\/02\/China-National-Petroleum-Corporation.jpg\" alt=\"Gas Station Lighting Solution\" class=\"uag-image-1843\" width=\"917\" height=\"530\" title=\"Corporaci\u00f3n Nacional de Petr\u00f3leo de China\" loading=\"lazy\" role=\"img\"\/><\/figure><\/div>\n\n\n\n<p class=\"has-medium-font-size\">Pero en la actualidad, muchas gasolineras siguen teniendo muchos problemas, y la antigua transformaci\u00f3n de la iluminaci\u00f3n se ha vuelto urgente: 1. El ambiente es de \u201csombra misteriosa\u201d, y no hay ning\u00fan efecto de iluminaci\u00f3n, lo que aumenta la dificultad del trabajo de los empleados; 2. El logotipo se ha convertido en una decoraci\u00f3n, no es claro, y el reconocimiento de la marca no es alto; 3. La iluminaci\u00f3n no est\u00e1 dividida, la tienda de conveniencia se confunde con la zona de repostaje, y la orientaci\u00f3n al cliente es deficiente; 4. El uso y la instalaci\u00f3n de las l\u00e1mparas no est\u00e1n normalizados, y hay riesgos de seguridad; 5. No es energ\u00e9ticamente eficiente. La iluminaci\u00f3n no est\u00e1 dividida, la tienda de conveniencia se confunde con la zona de repostaje, y la orientaci\u00f3n al cliente es deficiente; 4. El uso y la instalaci\u00f3n de las l\u00e1mparas no est\u00e1n normalizados, y existen riesgos de seguridad; 5. No ahorra energ\u00eda ni protege el medio ambiente, est\u00e1 siempre encendida por la noche, y carece de medios eficaces de control de costes de iluminaci\u00f3n y de supervisi\u00f3n de la seguridad. 6. La marca utilizada por las l\u00e1mparas es desordenada, no se puede garantizar la garant\u00eda posventa, y los costes de construcci\u00f3n y mantenimiento de la renovaci\u00f3n son elevados.<\/p>\n\n\n\n<div class=\"wp-block-uagb-image uagb-block-81e9d32c wp-block-uagb-image--layout-default wp-block-uagb-image--effect-static wp-block-uagb-image--align-none\"><figure class=\"wp-block-uagb-image__figure\"><img decoding=\"async\" srcset=\"https:\/\/led.amasly.com\/wp-content\/uploads\/2025\/02\/gas-station-1024x1024.png ,https:\/\/led.amasly.com\/wp-content\/uploads\/2025\/02\/gas-station.png 780w, https:\/\/led.amasly.com\/wp-content\/uploads\/2025\/02\/gas-station.png 360w\" sizes=\"auto, (max-width: 480px) 150px\" src=\"https:\/\/led.amasly.com\/wp-content\/uploads\/2025\/02\/gas-station-1024x1024.png\" alt=\"\" class=\"uag-image-1844\" width=\"1200\" height=\"1200\" title=\"gasolinera\" loading=\"lazy\" role=\"img\"><\/figure><\/div>\n\n\n\n<p class=\"has-medium-font-size\">En respuesta a los problemas comunes anteriores, el sistema de iluminaci\u00f3n inteligente utiliza las caracter\u00edsticas de bajo consumo de energ\u00eda y alta iluminaci\u00f3n de la fuente de luz LED, y a trav\u00e9s de un control inteligente, para reducir el consumo de energ\u00eda secundaria de las estaciones de servicio, reducir los costos de operaci\u00f3n, ahorro de energ\u00eda y reducci\u00f3n de emisiones, protecci\u00f3n del medio ambiente verde.<\/p>\n\n\n\n<p class=\"has-medium-font-size\">Un buen entorno de iluminaci\u00f3n para las gasolineras crear\u00e1 se\u00f1ales psicol\u00f3gicas positivas para los clientes con el fin de proporcionarles una experiencia de consumo segura y garantizada. En este proyecto se llevaron a cabo principalmente cuatro aspectos de la mejora de la iluminaci\u00f3n.<\/p>\n\n\n\n<h3 class=\"wp-block-heading\">Aplicaci\u00f3n de soluciones de iluminaci\u00f3n para gasolineras<\/h3>\n\n\n\n<div class=\"wp-block-uagb-image uagb-block-f354a516 wp-block-uagb-image--layout-default wp-block-uagb-image--effect-static wp-block-uagb-image--align-none\"><figure class=\"wp-block-uagb-image__figure\"><img decoding=\"async\" srcset=\"https:\/\/led.amasly.com\/wp-content\/uploads\/2025\/02\/11-1024x287.jpg ,https:\/\/led.amasly.com\/wp-content\/uploads\/2025\/02\/11.jpg 780w, https:\/\/led.amasly.com\/wp-content\/uploads\/2025\/02\/11.jpg 360w\" sizes=\"auto, (max-width: 480px) 150px\" src=\"https:\/\/led.amasly.com\/wp-content\/uploads\/2025\/02\/11-1024x287.jpg\" alt=\"\" class=\"uag-image-1847\" width=\"1216\" height=\"341\" title=\"11\" loading=\"lazy\" role=\"img\"><\/figure><\/div>\n\n\n\n<h3 class=\"wp-block-heading\">Soluci\u00f3n de iluminaci\u00f3n para gasolineras Aplicaci\u00f3n de iluminaci\u00f3n para tiendas de conveniencia<\/h3>\n\n\n\n<div class=\"wp-block-uagb-image uagb-block-2a25457a wp-block-uagb-image--layout-default wp-block-uagb-image--effect-static wp-block-uagb-image--align-none\"><figure class=\"wp-block-uagb-image__figure\"><img decoding=\"async\" srcset=\"https:\/\/led.amasly.com\/wp-content\/uploads\/2025\/02\/22-1024x324.jpg ,https:\/\/led.amasly.com\/wp-content\/uploads\/2025\/02\/22.jpg 780w, https:\/\/led.amasly.com\/wp-content\/uploads\/2025\/02\/22.jpg 360w\" sizes=\"auto, (max-width: 480px) 150px\" src=\"https:\/\/led.amasly.com\/wp-content\/uploads\/2025\/02\/22-1024x324.jpg\" alt=\"\" class=\"uag-image-1848\" width=\"1112\" height=\"352\" title=\"22\" loading=\"lazy\" role=\"img\"><\/figure><\/div>\n\n\n\n<h3 class=\"wp-block-heading\">Soluci\u00f3n de iluminaci\u00f3n para gasolineras aplicaci\u00f3n de iluminaci\u00f3n de carteles de imagen<\/h3>\n\n\n\n<p>1. Ventajas del equipo: <\/p>\n\n\n\n<p>\u2460 Con fuerte capacidad de carga, un solo controlador es un nodo de control, puede soportar una carga de 3200W; <\/p>\n\n\n\n<p>\u2461 4G modo de comunicaci\u00f3n de red, la estabilidad de la se\u00f1al, la se\u00f1al del tel\u00e9fono m\u00f3vil puede satisfacer las necesidades de comunicaci\u00f3n; <\/p>\n\n\n\n<p>\u2462 La funci\u00f3n de atenuaci\u00f3n temporizada y el sensor de complemento de luz trabajan juntos para ahorrar electricidad al m\u00e1ximo y reducir el consumo de energ\u00eda; <\/p>\n\n\n\n<p>2. Ventajas del control: <\/p>\n\n\n\n<p>Control temporizado (noche)+ Control por sensor (d\u00eda) <\/p>\n\n\n\n<p>Diurno (07:00-18:00) Modo sensor: <\/p>\n\n\n\n<p>Cuando cambia la luz exterior, el sensor ajusta autom\u00e1ticamente el brillo para garantizar una intensidad luminosa constante; <\/p>\n\n\n\n<p>Tarde (18:00-07:00 del d\u00eda siguiente) Modo de temporizaci\u00f3n: <\/p>\n\n\n\n<p>08:00-18:00, modo temporizado, brillo mantenido 100%, <\/p>\n\n\n\n<p>18:00-00:00, modo temporizado, brillo mantenido 50%, <\/p>\n\n\n\n<p>00:00-07:00, modo temporizado, brillo mantenido 30%;<\/p>\n\n\n\n<div class=\"wp-block-uagb-image uagb-block-b12c5bc5 wp-block-uagb-image--layout-default wp-block-uagb-image--effect-static wp-block-uagb-image--align-none\"><figure class=\"wp-block-uagb-image__figure\"><img decoding=\"async\" srcset=\"https:\/\/led.amasly.com\/wp-content\/uploads\/2025\/02\/3.png ,https:\/\/led.amasly.com\/wp-content\/uploads\/2025\/02\/3.png 780w, https:\/\/led.amasly.com\/wp-content\/uploads\/2025\/02\/3.png 360w\" sizes=\"auto, (max-width: 480px) 150px\" src=\"https:\/\/led.amasly.com\/wp-content\/uploads\/2025\/02\/3.png\" alt=\"\" class=\"uag-image-1845\" width=\"589\" height=\"276\" title=\"3\" loading=\"lazy\" role=\"img\"><\/figure><\/div>\n\n\n\n<div class=\"wp-block-uagb-image uagb-block-3747e0f9 wp-block-uagb-image--layout-default wp-block-uagb-image--effect-static wp-block-uagb-image--align-none\"><figure class=\"wp-block-uagb-image__figure\"><img decoding=\"async\" srcset=\"https:\/\/led.amasly.com\/wp-content\/uploads\/2025\/02\/4.png ,https:\/\/led.amasly.com\/wp-content\/uploads\/2025\/02\/4.png 780w, https:\/\/led.amasly.com\/wp-content\/uploads\/2025\/02\/4.png 360w\" sizes=\"auto, (max-width: 480px) 150px\" src=\"https:\/\/led.amasly.com\/wp-content\/uploads\/2025\/02\/4.png\" alt=\"\" class=\"uag-image-1846\" width=\"593\" height=\"286\" title=\"4\" loading=\"lazy\" role=\"img\"><\/figure><\/div>\n\n\n\n<h3 class=\"wp-block-heading\">Soluci\u00f3n de iluminaci\u00f3n para gasolineras aplicaciones de iluminaci\u00f3n auxiliar e iluminaci\u00f3n exterior<\/h3>\n\n\n\n<p class=\"has-medium-font-size\">El uso de la luz como medio para transmitir informaci\u00f3n es la importancia de la iluminaci\u00f3n auxiliar y el alumbrado exterior. Aumentar la visibilidad y reducir los rincones oscuros puede dar a la gente una sensaci\u00f3n de seguridad. Los aparcamientos exteriores s\u00f3lo necesitan estar iluminados por la noche, y elegir fuentes de luz de bajo consumo puede reducir en gran medida los costes energ\u00e9ticos.<\/p>\n\n\n\n<div class=\"wp-block-uagb-image uagb-block-afde70e0 wp-block-uagb-image--layout-default wp-block-uagb-image--effect-static wp-block-uagb-image--align-none\"><figure class=\"wp-block-uagb-image__figure\"><img decoding=\"async\" srcset=\"https:\/\/led.amasly.com\/wp-content\/uploads\/2025\/02\/efd2b95be6925e709053e0370375b89b_v2-fe5c2510245f0812c166e9358e4e3c0d_1440w-1024x575.jpg ,https:\/\/led.amasly.com\/wp-content\/uploads\/2025\/02\/efd2b95be6925e709053e0370375b89b_v2-fe5c2510245f0812c166e9358e4e3c0d_1440w.jpg 780w, https:\/\/led.amasly.com\/wp-content\/uploads\/2025\/02\/efd2b95be6925e709053e0370375b89b_v2-fe5c2510245f0812c166e9358e4e3c0d_1440w.jpg 360w\" sizes=\"auto, (max-width: 480px) 150px\" src=\"https:\/\/led.amasly.com\/wp-content\/uploads\/2025\/02\/efd2b95be6925e709053e0370375b89b_v2-fe5c2510245f0812c166e9358e4e3c0d_1440w-1024x575.jpg\" alt=\"\" class=\"uag-image-1849\" width=\"1276\" height=\"717\" title=\"efd2b95be6925e709053e0370375b89b_v2-fe5c2510245f0812c166e9358e4e3c0d_1440w\" loading=\"lazy\" role=\"img\"><\/figure><\/div>\n\n\n\n<p class=\"has-medium-font-size\">Como la gasolinera es un lugar peligroso inflamable y explosivo, el sistema de control inteligente tambi\u00e9n establece la funci\u00f3n de alarma de fallo, elige utilizar una variedad de sensores, realiza c\u00e1lculos de datos en tiempo real sobre el entorno del lugar, obtiene un valor preciso y establece la clasificaci\u00f3n del sensor. Cuando los datos en tiempo real medidos por el sensor alcanzan un determinado valor, el sistema transmitir\u00e1 SMS, correo electr\u00f3nico y otras formas de alerta temprana al usuario. De este modo, el gestor de la gasolinera puede encontrar la aver\u00eda a tiempo, para evitar p\u00e9rdidas materiales e incluso personales.<\/p>\n\n\n\n<p class=\"has-medium-font-size\">\u00a1Sistema de control inteligente, por lo que la iluminaci\u00f3n de la gasolinera para lograr la ciencia y la tecnolog\u00eda, inteligente, mientras que la formaci\u00f3n de un rico efecto de iluminaci\u00f3n, para proporcionar a los clientes la mejor experiencia de repostaje, crear un ambiente m\u00e1s compras! Al mismo tiempo, no es s\u00f3lo las estaciones de servicio, sino tambi\u00e9n \u201cla adici\u00f3n de estaciones de energ\u00eda\u201d para la nueva tendencia en el futuro.<\/p>\n\n\n\n<p>Est\u00e1ndar: <a href=\"http:\/\/www.iec.com\" rel=\"nofollow noopener\" target=\"_blank\">IEC 60598 IEC60079<\/a><\/p>\n\n\n\n<div class=\"wp-block-uagb-container uagb-block-c7d898dd alignfull uagb-is-root-container\"><div class=\"uagb-container-inner-blocks-wrap\"><\/div><\/div>\n\n\n\n<h2 class=\"wp-block-heading\">Productos relacionados<\/h2>\n\n\n\n<div class=\"wp-block-uagb-container uagb-block-66e4defc alignfull uagb-is-root-container\"><div class=\"uagb-container-inner-blocks-wrap\">\n<div class=\"wp-block-uagb-container uagb-block-a42945f9\">\n<div class=\"wp-block-uagb-image uagb-block-7296296b wp-block-uagb-image--layout-default wp-block-uagb-image--effect-static wp-block-uagb-image--align-none\"><figure class=\"wp-block-uagb-image__figure\"><a class=\"\" href=\"https:\/\/led.amasly.com\/es\/products\/\" target=\"\" rel=\"noopener\"><img decoding=\"async\" srcset=\"https:\/\/led.amasly.com\/wp-content\/uploads\/2024\/09\/Explosion-proof-high-bay-lights.png ,https:\/\/led.amasly.com\/wp-content\/uploads\/2024\/09\/Explosion-proof-high-bay-lights.png 780w, https:\/\/led.amasly.com\/wp-content\/uploads\/2024\/09\/Explosion-proof-high-bay-lights.png 360w\" sizes=\"auto, (max-width: 480px) 150px\" src=\"https:\/\/led.amasly.com\/wp-content\/uploads\/2024\/09\/Explosion-proof-high-bay-lights.png\" alt=\"\" class=\"uag-image-1495\" width=\"300\" height=\"300\" title=\"Luces de gran altura a prueba de explosiones\" loading=\"lazy\" role=\"img\"><\/a><\/figure><\/div>\n<\/div>\n\n\n\n<div class=\"wp-block-uagb-container uagb-block-4d3efde5\">\n<div class=\"wp-block-uagb-image uagb-block-c9e90797 wp-block-uagb-image--layout-default wp-block-uagb-image--effect-static wp-block-uagb-image--align-none\"><figure class=\"wp-block-uagb-image__figure\"><a class=\"\" href=\"https:\/\/led.amasly.com\/es\/products\/\" target=\"\" rel=\"noopener\"><img decoding=\"async\" srcset=\"https:\/\/led.amasly.com\/wp-content\/uploads\/2024\/07\/LED-tri-proof-lights2.png ,https:\/\/led.amasly.com\/wp-content\/uploads\/2024\/07\/LED-tri-proof-lights2.png 780w, https:\/\/led.amasly.com\/wp-content\/uploads\/2024\/07\/LED-tri-proof-lights2.png 360w\" sizes=\"auto, (max-width: 480px) 150px\" src=\"https:\/\/led.amasly.com\/wp-content\/uploads\/2024\/07\/LED-tri-proof-lights2.png\" alt=\"\" class=\"uag-image-1132\" width=\"300\" height=\"300\" title=\"Luces LED-tri-proof2\" loading=\"lazy\" role=\"img\"><\/a><\/figure><\/div>\n<\/div>\n\n\n\n<div class=\"wp-block-uagb-container uagb-block-11c2578b\">\n<div class=\"wp-block-uagb-image uagb-block-6e8883aa wp-block-uagb-image--layout-default wp-block-uagb-image--effect-static wp-block-uagb-image--align-none\"><figure class=\"wp-block-uagb-image__figure\"><a class=\"\" href=\"https:\/\/led.amasly.com\/es\/products\/\" target=\"\" rel=\"noopener\"><img decoding=\"async\" srcset=\"https:\/\/led.amasly.com\/wp-content\/uploads\/2024\/09\/LED-Explosion-Proof-Gas-Station-Light.png ,https:\/\/led.amasly.com\/wp-content\/uploads\/2024\/09\/LED-Explosion-Proof-Gas-Station-Light.png 780w, https:\/\/led.amasly.com\/wp-content\/uploads\/2024\/09\/LED-Explosion-Proof-Gas-Station-Light.png 360w\" sizes=\"auto, (max-width: 480px) 150px\" src=\"https:\/\/led.amasly.com\/wp-content\/uploads\/2024\/09\/LED-Explosion-Proof-Gas-Station-Light.png\" alt=\"\" class=\"uag-image-1501\" width=\"300\" height=\"300\" title=\"L\u00e1mpara LED antideflagrante para gasolineras\" loading=\"lazy\" role=\"img\"><\/a><\/figure><\/div>\n<\/div>\n<\/div><\/div>\n\n\n\n<div class=\"wp-block-uagb-container uagb-block-548945b5 alignfull uagb-is-root-container\"><div class=\"uagb-container-inner-blocks-wrap\">\n<div class=\"wp-block-uagb-container uagb-block-967755d5\">\n<h4 class=\"wp-block-heading has-text-align-center\"><a href=\"https:\/\/led.amasly.com\/es\/products\/\">Luces LED antideflagrantes<\/a><\/h4>\n<\/div>\n\n\n\n<div class=\"wp-block-uagb-container uagb-block-9bc52fc2\">\n<h4 class=\"wp-block-heading has-text-align-center\"><a href=\"https:\/\/led.amasly.com\/es\/products\/\">Luces LED Tri-Proof<\/a><\/h4>\n<\/div>\n\n\n\n<div class=\"wp-block-uagb-container uagb-block-8ffa0a23\">\n<h4 class=\"wp-block-heading has-text-align-center\"><a href=\"https:\/\/led.amasly.com\/es\/products\/\">Luces de gasolinera a prueba de explosiones<\/a><\/h4>\n<\/div>\n<\/div><\/div>\n\n\n\n<div class=\"wp-block-uagb-container uagb-block-29499fe0 alignfull uagb-is-root-container\"><div class=\"uagb-container-inner-blocks-wrap\">\n<div class=\"wp-block-uagb-container uagb-block-777ee1c7\">\n<div class=\"wp-block-uagb-image uagb-block-2e9a1851 wp-block-uagb-image--layout-default wp-block-uagb-image--effect-static wp-block-uagb-image--align-none\"><figure class=\"wp-block-uagb-image__figure\"><a class=\"\" href=\"https:\/\/led.amasly.com\/es\/products\/\" target=\"\" rel=\"noopener\"><img decoding=\"async\" srcset=\"https:\/\/led.amasly.com\/wp-content\/uploads\/2024\/10\/50W-100W-150W-200W-300W-LED-Flood-Light.jpg ,https:\/\/led.amasly.com\/wp-content\/uploads\/2024\/10\/50W-100W-150W-200W-300W-LED-Flood-Light.jpg 780w, https:\/\/led.amasly.com\/wp-content\/uploads\/2024\/10\/50W-100W-150W-200W-300W-LED-Flood-Light.jpg 360w\" sizes=\"auto, (max-width: 480px) 150px\" src=\"https:\/\/led.amasly.com\/wp-content\/uploads\/2024\/10\/50W-100W-150W-200W-300W-LED-Flood-Light.jpg\" alt=\"\" class=\"uag-image-1526\" width=\"300\" height=\"300\" title=\"L\u00e1mpara de inundaci\u00f3n LED 50W 100W 150W 200W 300W\" loading=\"lazy\" role=\"img\"><\/a><\/figure><\/div>\n<\/div>\n\n\n\n<div class=\"wp-block-uagb-container uagb-block-af8c8683\">\n<div class=\"wp-block-uagb-image uagb-block-67947854 wp-block-uagb-image--layout-default wp-block-uagb-image--effect-static wp-block-uagb-image--align-none\"><figure class=\"wp-block-uagb-image__figure\"><a class=\"\" href=\"https:\/\/led.amasly.com\/es\/products\/\" target=\"\" rel=\"noopener\"><img decoding=\"async\" srcset=\"https:\/\/led.amasly.com\/wp-content\/uploads\/2024\/07\/led-tri-proof-light.png ,https:\/\/led.amasly.com\/wp-content\/uploads\/2024\/07\/led-tri-proof-light.png 780w, https:\/\/led.amasly.com\/wp-content\/uploads\/2024\/07\/led-tri-proof-light.png 360w\" sizes=\"auto, (max-width: 480px) 150px\" src=\"https:\/\/led.amasly.com\/wp-content\/uploads\/2024\/07\/led-tri-proof-light.png\" alt=\"\" class=\"uag-image-1130\" width=\"300\" height=\"300\" title=\"luz led-tri-proof\" loading=\"lazy\" role=\"img\"><\/a><\/figure><\/div>\n<\/div>\n\n\n\n<div class=\"wp-block-uagb-container uagb-block-0fdfdd58\">\n<div class=\"wp-block-uagb-image uagb-block-1187d32d wp-block-uagb-image--layout-default wp-block-uagb-image--effect-static wp-block-uagb-image--align-none\"><figure class=\"wp-block-uagb-image__figure\"><a class=\"\" href=\"https:\/\/led.amasly.com\/es\/products\/\" target=\"\" rel=\"noopener\"><img decoding=\"async\" srcset=\"https:\/\/led.amasly.com\/wp-content\/uploads\/2024\/07\/LED-street-light.jpg ,https:\/\/led.amasly.com\/wp-content\/uploads\/2024\/07\/LED-street-light.jpg 780w, https:\/\/led.amasly.com\/wp-content\/uploads\/2024\/07\/LED-street-light.jpg 360w\" sizes=\"auto, (max-width: 480px) 150px\" src=\"https:\/\/led.amasly.com\/wp-content\/uploads\/2024\/07\/LED-street-light.jpg\" alt=\"\" class=\"uag-image-1145\" width=\"300\" height=\"300\" title=\"Alumbrado p\u00fablico LED\" loading=\"lazy\" role=\"img\"><\/a><\/figure><\/div>\n<\/div>\n<\/div><\/div>\n\n\n\n<div class=\"wp-block-uagb-container uagb-block-6a60882c alignfull uagb-is-root-container\"><div class=\"uagb-container-inner-blocks-wrap\">\n<div class=\"wp-block-uagb-container uagb-block-f1e91a35\">\n<h4 class=\"wp-block-heading has-text-align-center\"><a href=\"https:\/\/led.amasly.com\/es\/products\/\">Proyectores LED<\/a><\/h4>\n<\/div>\n\n\n\n<div class=\"wp-block-uagb-container uagb-block-165bfa58\">\n<h4 class=\"wp-block-heading has-text-align-center\"><a href=\"https:\/\/led.amasly.com\/es\/products\/\">Tubos de luz LED trif\u00e1sicos<\/a><\/h4>\n<\/div>\n\n\n\n<div class=\"wp-block-uagb-container uagb-block-f6096e3b\">\n<h4 class=\"wp-block-heading has-text-align-center\"><a href=\"https:\/\/led.amasly.com\/es\/products\/\">Alumbrado p\u00fablico LED<\/a><\/h4>\n<\/div>\n<\/div><\/div>\n\n\n\n<p><\/p>","protected":false},"excerpt":{"rendered":"<p>Gas Station Lighting Solution Gas Station Lighting Solution Introduce: With the continuous adjustment of the strategic structure of energy and the increasing efforts of clean and low-carbon energy and other factors, China National Petroleum Corporation traditional energy giants have accelerated the deployment and adjustment of non-oil energy supply system, and will rely on their own [&hellip;]<\/p>\n","protected":false},"author":1,"featured_media":0,"parent":1808,"menu_order":0,"comment_status":"closed","ping_status":"closed","template":"","meta":{"_uag_custom_page_level_css":"","site-sidebar-layout":"no-sidebar","site-content-layout":"","ast-site-content-layout":"default","site-content-style":"default","site-sidebar-style":"default","ast-global-header-display":"","ast-banner-title-visibility":"","ast-main-header-display":"","ast-hfb-above-header-display":"","ast-hfb-below-header-display":"","ast-hfb-mobile-header-display":"","site-post-title":"disabled","ast-breadcrumbs-content":"","ast-featured-img":"","footer-sml-layout":"","ast-disable-related-posts":"","theme-transparent-header-meta":"enabled","adv-header-id-meta":"","stick-header-meta":"","header-above-stick-meta":"","header-main-stick-meta":"","header-below-stick-meta":"","astra-migrate-meta-layouts":"set","ast-page-background-enabled":"default","ast-page-background-meta":{"desktop":{"background-color":"var(--ast-global-color-4)","background-image":"","background-repeat":"repeat","background-position":"center center","background-size":"auto","background-attachment":"scroll","background-type":"","background-media":"","overlay-type":"","overlay-color":"","overlay-opacity":"","overlay-gradient":""},"tablet":{"background-color":"","background-image":"","background-repeat":"repeat","background-position":"center center","background-size":"auto","background-attachment":"scroll","background-type":"","background-media":"","overlay-type":"","overlay-color":"","overlay-opacity":"","overlay-gradient":""},"mobile":{"background-color":"","background-image":"","background-repeat":"repeat","background-position":"center center","background-size":"auto","background-attachment":"scroll","background-type":"","background-media":"","overlay-type":"","overlay-color":"","overlay-opacity":"","overlay-gradient":""}},"ast-content-background-meta":{"desktop":{"background-color":"var(--ast-global-color-5)","background-image":"","background-repeat":"repeat","background-position":"center center","background-size":"auto","background-attachment":"scroll","background-type":"","background-media":"","overlay-type":"","overlay-color":"","overlay-opacity":"","overlay-gradient":""},"tablet":{"background-color":"var(--ast-global-color-5)","background-image":"","background-repeat":"repeat","background-position":"center center","background-size":"auto","background-attachment":"scroll","background-type":"","background-media":"","overlay-type":"","overlay-color":"","overlay-opacity":"","overlay-gradient":""},"mobile":{"background-color":"var(--ast-global-color-5)","background-image":"","background-repeat":"repeat","background-position":"center center","background-size":"auto","background-attachment":"scroll","background-type":"","background-media":"","overlay-type":"","overlay-color":"","overlay-opacity":"","overlay-gradient":""}},"footnotes":""},"class_list":["post-1840","page","type-page","status-publish","hentry"],"uagb_featured_image_src":{"full":false,"thumbnail":false,"medium":false,"medium_large":false,"large":false,"1536x1536":false,"2048x2048":false,"trp-custom-language-flag":false},"uagb_author_info":{"display_name":"Joe","author_link":"https:\/\/led.amasly.com\/es\/author\/jacklin\/"},"uagb_comment_info":0,"uagb_excerpt":"Gas Station Lighting Solution Gas Station Lighting Solution Introduce: With the continuous adjustment of the strategic structure of energy and the increasing efforts of clean and low-carbon energy and other factors, China National Petroleum Corporation traditional energy giants have accelerated the deployment and adjustment of non-oil energy supply system, and will rely on their own&hellip;","_links":{"self":[{"href":"https:\/\/led.amasly.com\/es\/wp-json\/wp\/v2\/pages\/1840","targetHints":{"allow":["GET"]}}],"collection":[{"href":"https:\/\/led.amasly.com\/es\/wp-json\/wp\/v2\/pages"}],"about":[{"href":"https:\/\/led.amasly.com\/es\/wp-json\/wp\/v2\/types\/page"}],"author":[{"embeddable":true,"href":"https:\/\/led.amasly.com\/es\/wp-json\/wp\/v2\/users\/1"}],"replies":[{"embeddable":true,"href":"https:\/\/led.amasly.com\/es\/wp-json\/wp\/v2\/comments?post=1840"}],"version-history":[{"count":6,"href":"https:\/\/led.amasly.com\/es\/wp-json\/wp\/v2\/pages\/1840\/revisions"}],"predecessor-version":[{"id":4566,"href":"https:\/\/led.amasly.com\/es\/wp-json\/wp\/v2\/pages\/1840\/revisions\/4566"}],"up":[{"embeddable":true,"href":"https:\/\/led.amasly.com\/es\/wp-json\/wp\/v2\/pages\/1808"}],"wp:attachment":[{"href":"https:\/\/led.amasly.com\/es\/wp-json\/wp\/v2\/media?parent=1840"}],"curies":[{"name":"wp","href":"https:\/\/api.w.org\/{rel}","templated":true}]}}