{"id":1657,"date":"2025-01-06T21:38:16","date_gmt":"2025-01-06T13:38:16","guid":{"rendered":"https:\/\/led.amasly.com\/?page_id=1657"},"modified":"2026-01-18T14:44:44","modified_gmt":"2026-01-18T06:44:44","slug":"bad85","status":"publish","type":"page","link":"https:\/\/led.amasly.com\/es\/productos\/luces-antideflagrantes\/bad85\/","title":{"rendered":"BAD85 Certificado ATEX Luces de gran altura antideflagrantes"},"content":{"rendered":"<h2 class=\"wp-block-heading\"><\/h2>\n\n\n\n<p><\/p>\n\n\n\n<h2 class=\"wp-block-heading\"><\/h2>\n\n\n\n<h2 class=\"wp-block-heading\"><\/h2>\n\n\n\n<p><\/p>\n\n\n\n<div class=\"wp-block-uagb-container uagb-block-e407eb08 alignfull uagb-is-root-container\"><div class=\"uagb-container-inner-blocks-wrap\">\n<div class=\"wp-block-uagb-info-box uagb-block-7c0a134c uagb-infobox__content-wrap  uagb-infobox-icon-above-title uagb-infobox-image-valign-top wp-block-uagb-info-box--has-margin\"><div class=\"uagb-infobox-margin-wrapper\"><div class=\"uagb-ifb-content\"><div class=\"uagb-ifb-title-wrap\"><\/div><\/div><\/div><\/div>\n<\/div><\/div>\n\n\n\n<h1 class=\"wp-block-heading has-text-align-center\">Luces de gran altura a prueba de explosiones<\/h1>\n\n\n\n<p>Las luces de gran altura a prueba de explosiones son un tipo de equipo de iluminaci\u00f3n especialmente dise\u00f1ado para su uso en entornos peligrosos, capaz de utilizarse con seguridad en entornos con gases, vapores o polvo inflamables y explosivos. Sus caracter\u00edsticas incluyen a prueba de explosiones, a prueba de polvo, a prueba de agua y resistentes a la corrosi\u00f3n. Las l\u00e1mparas a prueba de explosiones suelen estar dise\u00f1adas con materiales y estructuras especiales para garantizar que no provoquen chispas ni generen altas temperaturas en entornos peligrosos.<\/p>\n\n\n\n<p>A prueba de explosiones de alta luces de la bah\u00eda adecuada para IIA, IIB, IIC entorno de gas explosivo y diversos lugares inflamables y explosivos, principalmente utilizados en ferrocarriles, energ\u00eda el\u00e9ctrica, la metalurgia, el petr\u00f3leo, la petroqu\u00edmica, qu\u00edmica, acero, aviaci\u00f3n, la nave y cada iluminaci\u00f3n eficiente en las f\u00e1bricas, estaciones, grandes instalaciones, lugares y otros lugares.<\/p>\n\n\n\n<p><\/p>\n\n\n\n<h2 class=\"wp-block-heading\"><\/h2>\n\n\n\n<div class=\"wp-block-uagb-container uagb-block-5d28ec94 default uagb-is-root-container\">\n<div class=\"wp-block-uagb-container uagb-block-462981e6\">\n<div class=\"wp-block-uagb-container uagb-block-6f08c8e4 alignfull uagb-is-root-container\"><div class=\"uagb-container-inner-blocks-wrap\">\n<div class=\"wp-block-uagb-container uagb-block-b229cb92\">\n<h3 class=\"wp-block-heading\">Contenido<\/h3>\n\n\n\n<div class=\"wp-block-buttons is-layout-flex wp-container-core-buttons-is-layout-45b20515 wp-block-buttons-is-layout-flex\">\n<div class=\"wp-block-button\"><a class=\"wp-block-button__link has-text-align-left wp-element-button\" href=\"https:\/\/led.amasly.com\/es\/productos\/luces-antideflagrantes\/\">Luces antideflagrantes<\/a><\/div>\n\n\n\n<div class=\"wp-block-button is-style-fill\"><a class=\"wp-block-button__link has-text-align-left wp-element-button\" href=\"https:\/\/led.amasly.com\/es\/productos\/aparato-electrico-a-prueba-de-explosion\/\">Aparato el\u00e9ctrico a prueba de explosiones<\/a><\/div>\n\n\n\n<div class=\"wp-block-button\"><a class=\"wp-block-button__link wp-element-button\" href=\"https:\/\/led.amasly.com\/es\/productos\/luz-led-tri-proof-2\/\">Luz LED a prueba de tropiezos<\/a><\/div>\n\n\n\n<div class=\"wp-block-button\"><a class=\"wp-block-button__link wp-element-button\" href=\"https:\/\/led.amasly.com\/es\/productos\/led-high-bay-light\/\">Luz LED para techos altos<\/a><\/div>\n\n\n\n<div class=\"wp-block-button\"><a class=\"wp-block-button__link wp-element-button\" href=\"https:\/\/led.amasly.com\/es\/productos\/proyectores-led\/\">Proyectores LED<\/a><\/div>\n\n\n\n<div class=\"wp-block-button\"><a class=\"wp-block-button__link wp-element-button\" href=\"https:\/\/led.amasly.com\/es\/productos\/farolas-led\/\">Farolas LED<\/a><\/div>\n\n\n\n<div class=\"wp-block-button\"><a class=\"wp-block-button__link wp-element-button\" href=\"https:\/\/led.amasly.com\/es\/productos\/luces-solares\/\">Luz solar LED<\/a><\/div>\n<\/div>\n\n\n\n<h4 class=\"wp-block-heading\"><\/h4>\n\n\n\n<h4 class=\"wp-block-heading\">P\u00f3ngase en contacto con<\/h4>\n\n\n\n<ul class=\"wp-block-list\">\n<li>Correo electr\u00f3nico: sales01@amasly.com       <\/li>\n\n\n\n<li>M\u00f3vil: +86 13732643699                   <\/li>\n<\/ul>\n<\/div>\n\n\n\n<div class=\"wp-block-columns is-layout-flex wp-container-core-columns-is-layout-28f84493 wp-block-columns-is-layout-flex\">\n<div class=\"wp-block-column is-layout-flow wp-block-column-is-layout-flow\" style=\"flex-basis:100%\">\n<div class=\"wp-block-uagb-container uagb-block-064256a4\">\n<div class=\"wp-block-columns is-layout-flex wp-container-core-columns-is-layout-28f84493 wp-block-columns-is-layout-flex\">\n<div class=\"wp-block-column is-layout-flow wp-block-column-is-layout-flow\" style=\"flex-basis:100%\">\n<div class=\"wp-block-columns is-layout-flex wp-container-core-columns-is-layout-28f84493 wp-block-columns-is-layout-flex\">\n<div class=\"wp-block-column is-layout-flow wp-block-column-is-layout-flow\">\n<div class=\"wp-block-uagb-image uagb-block-f7623661 wp-block-uagb-image--layout-default wp-block-uagb-image--effect-static wp-block-uagb-image--align-none\"><figure class=\"wp-block-uagb-image__figure\"><img decoding=\"async\" srcset=\"https:\/\/led.amasly.com\/wp-content\/uploads\/2024\/09\/Explosion-proof-high-bay-lights.png ,https:\/\/led.amasly.com\/wp-content\/uploads\/2024\/09\/Explosion-proof-high-bay-lights.png 780w, https:\/\/led.amasly.com\/wp-content\/uploads\/2024\/09\/Explosion-proof-high-bay-lights.png 360w\" sizes=\"auto, (max-width: 480px) 150px\" src=\"https:\/\/led.amasly.com\/wp-content\/uploads\/2024\/09\/Explosion-proof-high-bay-lights.png\" alt=\"Luces de gran altura a prueba de explosiones\" class=\"uag-image-1495\" width=\"300\" height=\"300\" title=\"Luces de gran altura a prueba de explosiones\" loading=\"lazy\" role=\"img\"\/><\/figure><\/div>\n<\/div>\n\n\n\n<div class=\"wp-block-column is-layout-flow wp-block-column-is-layout-flow\">\n<p>\u00c1mbito de aplicaci\u00f3n<\/p>\n\n\n\n<p>1. ampliamente utilizado en la miner\u00eda del petr\u00f3leo, refino de petr\u00f3leo, qu\u00edmica, militar y otros lugares peligrosos del medio ambiente de la f\u00e1brica y la iluminaci\u00f3n de carreteras<\/p>\n\n\n\n<p>2. adecuado para la costa, el r\u00edo y otros entornos de presi\u00f3n y velocidad del viento;<\/p>\n\n\n\n<p>3. adecuado para miles de ambiente de gas explosivo de la zona 1, zona 2 lugares;<\/p>\n\n\n\n<p>4. adecuado para miles de polvo combustible medio ambiente 21 zona, 22 zona lugares;<\/p>\n\n\n\n<p>5. Apto para entornos con gases explosivos IIA, IIB, IIC. Clase I, Divisi\u00f3n 2, Grupos A, B, C, D.<\/p>\n<\/div>\n<\/div>\n<\/div>\n<\/div>\n\n\n\n<div class=\"wp-block-uagb-container uagb-block-201e76d4\">\n<figure class=\"wp-block-table\"><table><tbody><tr><td>Moel<\/td><td>Potencia<\/td><td>Marca Ex<\/td><td>Tasa IP<\/td><td>Eficiencia luminosa<\/td><td>Tensi\u00f3n<\/td><td>CCT<\/td><td>PF<\/td><\/tr><tr><td>BAD85<\/td><td>30W-200W<\/td><td><a href=\"http:\/\/www.iecex-certs.com\/\" rel=\"nofollow noopener\" target=\"_blank\">Ex d IIC T6<\/a><\/td><td>IP66<\/td><td>120 lm\/w<\/td><td>Ac85-265V<\/td><td>3000K-6500K<\/td><td>&gt;0.97<\/td><\/tr><\/tbody><\/table><\/figure>\n\n\n\n<h2 class=\"wp-block-heading\">Luces de gran altura a prueba de explosiones Alimentaci\u00f3n<\/h2>\n\n\n\n<p>Amasly a prueba de explosiones de alta Bah\u00eda de luces tienen 30W 50W 60W 80W 100W 120W 150W 180W 200W 250W 300W<\/p>\n\n\n\n<h2 class=\"wp-block-heading\">Luces de gran altura a prueba de explosiones Caracter\u00edsticas<\/h2>\n\n\n\n<p>El radiador adopta un dise\u00f1o de estructura con aletas, que puede aplicarse a entornos de trabajo de alta temperatura y alta humedad durante mucho tiempo;<\/p>\n\n\n\n<p>Con la combinaci\u00f3n de 3 tipos de m\u00e9todos de instalaci\u00f3n, es totalmente aplicable a todo tipo de lugares industriales interiores y exteriores y a la iluminaci\u00f3n de espacios de plataformas de instalaci\u00f3n de alturas medias y bajas;<\/p>\n\n\n\n<p>El material del radiador est\u00e1 hecho de aleaci\u00f3n de aluminio superconductor, la conductividad t\u00e9rmica es 2,5 veces superior a la del material de aleaci\u00f3n de aluminio ordinario; el radiador est\u00e1 dise\u00f1ado como estructura omnidireccional autocirculante y permeable de tipo aleta, con alta eficiencia de disipaci\u00f3n de calor, y sin acumulaci\u00f3n de calor y polvo;<\/p>\n\n\n\n<p>Las l\u00e1mparas est\u00e1n dise\u00f1adas con una fuerte estructura anti-vibraci\u00f3n, que se puede aplicar a la zona de vibraci\u00f3n industrial durante mucho tiempo;<\/p>\n\n\n\n<p>Cableado y mantenimiento de la instalaci\u00f3n por una sola persona, lo que ahorra costes de mano de obra;<\/p>\n\n\n\n<p>L\u00e1mparas y linternas fuente de luz y fuente de alimentaci\u00f3n de reemplazo r\u00e1pido, puede darse cuenta de la escena de reparaci\u00f3n r\u00e1pida l\u00e1mparas y linternas partes estructurales hechas de procesamiento de aluminio resistente a la corrosi\u00f3n, la superficie de la pulverizaci\u00f3n al aire libre de resina pura anti-corrosi\u00f3n tratamiento de polvo de pl\u00e1stico, soportes de montaje y tornillos hechos de materiales de acero inoxidable SUS304, puede ser aplicable a largo plazo para el medio ambiente junto al mar;<\/p>\n\n\n\n<p>Doble certificaci\u00f3n antideflagrante de gas y polvo, puede aplicarse en entornos de gas y polvo explosivos;<\/p>\n\n\n\n<p>Los EE.UU. Lumileds fuente de luz, la media de eficiencia de la luz en su conjunto hasta 125lm \/ W, en comparaci\u00f3n con la l\u00e1mpara de halogenuros met\u00e1licos de ahorro de energ\u00eda de m\u00e1s de 60%;<\/p>\n\n\n\n<p>Todo el nivel de protecci\u00f3n de la l\u00e1mpara hasta IP66, se puede aplicar a una variedad de arena interior y exterior y el polvo o la lluvia, la niebla, el medio ambiente de las olas del mar durante mucho tiempo;<\/p>\n\n\n\n<p>Ampliamente utilizado en la plataforma del dispositivo, el \u00e1rea de la capa del equipo, los talleres principales y auxiliares, los canales, las tuber\u00edas, las estaciones comunes, las estaciones de la transferencia, las bombas y las v\u00e1lvulas abrigan el cuarto, los tanques, las muestras materiales, las pilas, los cuartos del silo, los almacenes y otros lugares.<\/p>\n\n\n\n<h2 class=\"wp-block-heading\">Tama\u00f1os e instalaci\u00f3n de luces de gran altura a prueba de explosiones:<\/h2>\n\n\n\n<div class=\"wp-block-uagb-image uagb-block-0867b09d wp-block-uagb-image--layout-default wp-block-uagb-image--effect-static wp-block-uagb-image--align-none\"><figure class=\"wp-block-uagb-image__figure\"><img decoding=\"async\" srcset=\"https:\/\/led.amasly.com\/wp-content\/uploads\/2025\/01\/explosion-proof-high-bay-lights-2.png ,https:\/\/led.amasly.com\/wp-content\/uploads\/2025\/01\/explosion-proof-high-bay-lights-2.png 780w, https:\/\/led.amasly.com\/wp-content\/uploads\/2025\/01\/explosion-proof-high-bay-lights-2.png 360w\" sizes=\"auto, (max-width: 480px) 150px\" src=\"https:\/\/led.amasly.com\/wp-content\/uploads\/2025\/01\/explosion-proof-high-bay-lights-2.png\" alt=\"\" class=\"uag-image-1658\" width=\"1000\" height=\"1304\" title=\"luces de gran altura a prueba de explosiones (2)\" loading=\"lazy\" role=\"img\"><\/figure><\/div>\n<\/div>\n<\/div>\n<\/div>\n<\/div>\n<\/div><\/div>\n<\/div>\n<\/div>\n\n\n\n<h2 class=\"wp-block-heading\"><strong>Luz LED Amasly <\/strong><strong>PREGUNTAS FRECUENTES<\/strong><strong><\/strong><\/h2>\n\n\n\n<p><strong>P1.\u00bfPuedo recibir un pedido de muestra de luz led?<\/strong><\/p>\n\n\n\n<p>R: S\u00ed, aceptamos pedidos de muestras para probar y comprobar la calidad. Las muestras mezcladas son aceptables.<\/p>\n\n\n\n<p><strong>P2: \u00bfY el plazo de entrega?<\/strong><\/p>\n\n\n\n<p>R: La muestra necesita 3-5 d\u00edas, el tiempo de producci\u00f3n en masa necesita 1-2 semanas.<\/p>\n\n\n\n<p><strong>Q3.Do usted tiene cualquier l\u00edmite MOQ para la luz led orden?<\/strong><\/p>\n\n\n\n<p>R: Bajo MOQ 1pc para la comprobaci\u00f3n de la muestra est\u00e1 disponible.<\/p>\n\n\n\n<p><strong>Q4. \u00bfC\u00f3mo env\u00edan la mercanc\u00eda y cu\u00e1nto tarda en llegar?<\/strong><\/p>\n\n\n\n<p>R: Normalmente enviamos por DHL, UPS, FedEx o TNT. Por lo general tarda 3-5 d\u00edas en llegar. L\u00ednea a\u00e9rea y env\u00edo del mar tambi\u00e9n opcional.<\/p>\n\n\n\n<p><strong>Q5. \u00bfC\u00f3mo tramitar un pedido de luz led?<\/strong><\/p>\n\n\n\n<p>A:<\/p>\n\n\n\n<p>En primer lugar, comun\u00edquenos sus necesidades o su solicitud.<\/p>\n\n\n\n<p>En segundo lugar, presupuestamos seg\u00fan sus requisitos o nuestras sugerencias.<\/p>\n\n\n\n<p>En tercer lugar, el cliente confirma las muestras y realiza el dep\u00f3sito para el pedido formal.<\/p>\n\n\n\n<p>En cuarto lugar, organizamos la producci\u00f3n.<\/p>\n\n\n\n<p><strong>Q6.\u00bfSe puede imprimir mi logotipo en el producto de luz LED?<\/strong><\/p>\n\n\n\n<p>R: S\u00ed, por favor inf\u00f3rmenos formalmente antes de nuestra producci\u00f3n y confirmar el dise\u00f1o en primer lugar sobre la base de nuestra muestra.<\/p>\n\n\n\n<p><strong>P7: \u00bfOfrecen garant\u00eda para los productos?<\/strong><\/p>\n\n\n\n<p>R: S\u00ed, ofrecemos de 2 a 10 a\u00f1os de garant\u00eda para nuestros productos.<\/p>\n\n\n\n<p><strong>P8: \u00bfC\u00f3mo tratar los fallos?<\/strong><\/p>\n\n\n\n<p>A:<\/p>\n\n\n\n<p>En primer lugar, nuestros productos se producen dinstrict sistema de control de calidad y la tasa de defectos ser\u00e1 inferior a 0,2%<\/p>\n\n\n\n<p>En segundo lugar, durante el per\u00edodo de garant\u00eda, proporcionaremos piezas para sustituir la pieza defectuosa.. Para los pedidos al por mayor, proporcionaremos piezas vulnerables por adelantado, o podemos discutir soluciones, incluyendo la retirada del producto, en funci\u00f3n de la situaci\u00f3n real.<\/p>\n\n\n\n<h2 class=\"wp-block-heading\">Productos relacionados<\/h2>\n\n\n\n<div class=\"wp-block-uagb-container uagb-block-66e4defc alignfull uagb-is-root-container\"><div class=\"uagb-container-inner-blocks-wrap\">\n<div class=\"wp-block-uagb-container uagb-block-a42945f9\">\n<div class=\"wp-block-uagb-image uagb-block-7296296b wp-block-uagb-image--layout-default wp-block-uagb-image--effect-static wp-block-uagb-image--align-none\"><figure class=\"wp-block-uagb-image__figure\"><a class=\"\" href=\"https:\/\/led.amasly.com\/es\/productos\/luces-antideflagrantes\/\" target=\"\" rel=\"noopener\"><img decoding=\"async\" srcset=\"https:\/\/led.amasly.com\/wp-content\/uploads\/2024\/09\/Explosion-proof-high-bay-lights.png ,https:\/\/led.amasly.com\/wp-content\/uploads\/2024\/09\/Explosion-proof-high-bay-lights.png 780w, https:\/\/led.amasly.com\/wp-content\/uploads\/2024\/09\/Explosion-proof-high-bay-lights.png 360w\" sizes=\"auto, (max-width: 480px) 150px\" src=\"https:\/\/led.amasly.com\/wp-content\/uploads\/2024\/09\/Explosion-proof-high-bay-lights.png\" alt=\"\" class=\"uag-image-1495\" width=\"300\" height=\"300\" title=\"Luces de gran altura a prueba de explosiones\" loading=\"lazy\" role=\"img\"><\/a><\/figure><\/div>\n<\/div>\n\n\n\n<div class=\"wp-block-uagb-container uagb-block-4d3efde5\">\n<div class=\"wp-block-uagb-image uagb-block-c9e90797 wp-block-uagb-image--layout-default wp-block-uagb-image--effect-static wp-block-uagb-image--align-none\"><figure class=\"wp-block-uagb-image__figure\"><a class=\"\" href=\"https:\/\/led.amasly.com\/es\/productos\/aparato-electrico-a-prueba-de-explosion\/\" target=\"\" rel=\"noopener\"><img decoding=\"async\" srcset=\"https:\/\/led.amasly.com\/wp-content\/uploads\/2025\/01\/Explosion-proof-axial-flow-fan.jpg ,https:\/\/led.amasly.com\/wp-content\/uploads\/2025\/01\/Explosion-proof-axial-flow-fan.jpg 780w, https:\/\/led.amasly.com\/wp-content\/uploads\/2025\/01\/Explosion-proof-axial-flow-fan.jpg 360w\" sizes=\"auto, (max-width: 480px) 150px\" src=\"https:\/\/led.amasly.com\/wp-content\/uploads\/2025\/01\/Explosion-proof-axial-flow-fan.jpg\" alt=\"Aparato el\u00e9ctrico Ex-Proof\" class=\"uag-image-1767\" width=\"300\" height=\"300\" title=\"Ventilador axial antideflagrante\" loading=\"lazy\" role=\"img\"\/><\/a><\/figure><\/div>\n<\/div>\n\n\n\n<div class=\"wp-block-uagb-container uagb-block-11c2578b\">\n<div class=\"wp-block-uagb-image uagb-block-6e8883aa wp-block-uagb-image--layout-default wp-block-uagb-image--effect-static wp-block-uagb-image--align-none\"><figure class=\"wp-block-uagb-image__figure\"><a class=\"\" href=\"https:\/\/led.amasly.com\/es\/productos\/luces-antideflagrantes\/\" target=\"\" rel=\"noopener\"><img decoding=\"async\" srcset=\"https:\/\/led.amasly.com\/wp-content\/uploads\/2024\/09\/LED-Explosion-Proof-Gas-Station-Light.png ,https:\/\/led.amasly.com\/wp-content\/uploads\/2024\/09\/LED-Explosion-Proof-Gas-Station-Light.png 780w, https:\/\/led.amasly.com\/wp-content\/uploads\/2024\/09\/LED-Explosion-Proof-Gas-Station-Light.png 360w\" sizes=\"auto, (max-width: 480px) 150px\" src=\"https:\/\/led.amasly.com\/wp-content\/uploads\/2024\/09\/LED-Explosion-Proof-Gas-Station-Light.png\" alt=\"\" class=\"uag-image-1501\" width=\"300\" height=\"300\" title=\"L\u00e1mpara LED antideflagrante para gasolineras\" loading=\"lazy\" role=\"img\"><\/a><\/figure><\/div>\n<\/div>\n<\/div><\/div>\n\n\n\n<div class=\"wp-block-uagb-container uagb-block-548945b5 alignfull uagb-is-root-container\"><div class=\"uagb-container-inner-blocks-wrap\">\n<div class=\"wp-block-uagb-container uagb-block-967755d5\">\n<h4 class=\"wp-block-heading has-text-align-center\"><a href=\"https:\/\/led.amasly.com\/es\/productos\/luces-antideflagrantes\/\">Luces LED antideflagrantes<\/a><\/h4>\n<\/div>\n\n\n\n<div class=\"wp-block-uagb-container uagb-block-9bc52fc2\">\n<h4 class=\"wp-block-heading has-text-align-center\"><a href=\"https:\/\/led.amasly.com\/es\/productos\/aparato-electrico-a-prueba-de-explosion\/\">Aparato el\u00e9ctrico Ex-Proof<\/a><\/h4>\n<\/div>\n\n\n\n<div class=\"wp-block-uagb-container uagb-block-8ffa0a23\">\n<h4 class=\"wp-block-heading has-text-align-center\"><a href=\"https:\/\/led.amasly.com\/es\/productos\/luces-antideflagrantes\/\">Luces de gasolinera a prueba de explosiones<\/a><\/h4>\n<\/div>\n<\/div><\/div>\n\n\n\n<div class=\"wp-block-uagb-container uagb-block-29499fe0 alignfull uagb-is-root-container\"><div class=\"uagb-container-inner-blocks-wrap\">\n<div class=\"wp-block-uagb-container uagb-block-777ee1c7\">\n<div class=\"wp-block-uagb-image uagb-block-2e9a1851 wp-block-uagb-image--layout-default wp-block-uagb-image--effect-static wp-block-uagb-image--align-none\"><figure class=\"wp-block-uagb-image__figure\"><a class=\"\" href=\"https:\/\/led.amasly.com\/es\/productos\/proyectores-led\/\" target=\"\" rel=\"noopener\"><img decoding=\"async\" srcset=\"https:\/\/led.amasly.com\/wp-content\/uploads\/2024\/10\/50W-100W-150W-200W-300W-LED-Flood-Light.jpg ,https:\/\/led.amasly.com\/wp-content\/uploads\/2024\/10\/50W-100W-150W-200W-300W-LED-Flood-Light.jpg 780w, https:\/\/led.amasly.com\/wp-content\/uploads\/2024\/10\/50W-100W-150W-200W-300W-LED-Flood-Light.jpg 360w\" sizes=\"auto, (max-width: 480px) 150px\" src=\"https:\/\/led.amasly.com\/wp-content\/uploads\/2024\/10\/50W-100W-150W-200W-300W-LED-Flood-Light.jpg\" alt=\"\" class=\"uag-image-1526\" width=\"300\" height=\"300\" title=\"L\u00e1mpara de inundaci\u00f3n LED 50W 100W 150W 200W 300W\" loading=\"lazy\" role=\"img\"><\/a><\/figure><\/div>\n<\/div>\n\n\n\n<div class=\"wp-block-uagb-container uagb-block-af8c8683\">\n<div class=\"wp-block-uagb-image uagb-block-67947854 wp-block-uagb-image--layout-default wp-block-uagb-image--effect-static wp-block-uagb-image--align-none\"><figure class=\"wp-block-uagb-image__figure\"><a class=\"\" href=\"https:\/\/led.amasly.com\/es\/productos\/led-high-bay-light\/\" target=\"\" rel=\"noopener\"><img decoding=\"async\" srcset=\"https:\/\/led.amasly.com\/wp-content\/uploads\/2025\/05\/high-bay-light.webp ,https:\/\/led.amasly.com\/wp-content\/uploads\/2025\/05\/high-bay-light.webp 780w, https:\/\/led.amasly.com\/wp-content\/uploads\/2025\/05\/high-bay-light.webp 360w\" sizes=\"auto, (max-width: 480px) 150px\" src=\"https:\/\/led.amasly.com\/wp-content\/uploads\/2025\/05\/high-bay-light.webp\" alt=\"\" class=\"uag-image-3954\" width=\"300\" height=\"300\" title=\"luz de gran altura\" loading=\"lazy\" role=\"img\"><\/a><\/figure><\/div>\n<\/div>\n\n\n\n<div class=\"wp-block-uagb-container uagb-block-0fdfdd58\">\n<div class=\"wp-block-uagb-image uagb-block-1187d32d wp-block-uagb-image--layout-default wp-block-uagb-image--effect-static wp-block-uagb-image--align-none\"><figure class=\"wp-block-uagb-image__figure\"><a class=\"\" href=\"https:\/\/led.amasly.com\/es\/productos\/\" target=\"\" rel=\"noopener\"><img decoding=\"async\" srcset=\"https:\/\/led.amasly.com\/wp-content\/uploads\/2024\/07\/LED-street-light.jpg ,https:\/\/led.amasly.com\/wp-content\/uploads\/2024\/07\/LED-street-light.jpg 780w, https:\/\/led.amasly.com\/wp-content\/uploads\/2024\/07\/LED-street-light.jpg 360w\" sizes=\"auto, (max-width: 480px) 150px\" src=\"https:\/\/led.amasly.com\/wp-content\/uploads\/2024\/07\/LED-street-light.jpg\" alt=\"\" class=\"uag-image-1145\" width=\"300\" height=\"300\" title=\"Alumbrado p\u00fablico LED\" loading=\"lazy\" role=\"img\"><\/a><\/figure><\/div>\n<\/div>\n<\/div><\/div>\n\n\n\n<div class=\"wp-block-uagb-container uagb-block-6a60882c alignfull uagb-is-root-container\"><div class=\"uagb-container-inner-blocks-wrap\">\n<div class=\"wp-block-uagb-container uagb-block-f1e91a35\">\n<h4 class=\"wp-block-heading has-text-align-center\"><a href=\"https:\/\/led.amasly.com\/es\/productos\/proyectores-led\/\">Proyectores LED<\/a><\/h4>\n<\/div>\n\n\n\n<div class=\"wp-block-uagb-container uagb-block-165bfa58\">\n<h4 class=\"wp-block-heading has-text-align-center\"><a href=\"https:\/\/led.amasly.com\/es\/productos\/led-high-bay-light\/\">Luces LED High Bay<\/a><\/h4>\n<\/div>\n\n\n\n<div class=\"wp-block-uagb-container uagb-block-f6096e3b\">\n<h4 class=\"wp-block-heading has-text-align-center\"><a href=\"https:\/\/led.amasly.com\/es\/productos\/https%3a\/\/led.amasly.com\/productos\/farolas-led\/\">Alumbrado p\u00fablico LED<\/a><\/h4>\n<\/div>\n<\/div><\/div>\n\n\n\n<div class=\"wp-block-uagb-container uagb-block-99c0e0a5 alignfull uagb-is-root-container\"><div class=\"uagb-container-inner-blocks-wrap\"><\/div><\/div>","protected":false},"excerpt":{"rendered":"<p>Explosion Proof High Bay Lights Explosion proof high bay lights are a type of lighting equipment specially designed for use in hazardous environments, capable of being used safely in flammable and explosive gases, vapors or dust environments. Its features include explosion-proof, dust-proof, water-proof and corrosion-resistant. Explosion-proof lamps are usually designed with special materials and structures [&hellip;]<\/p>\n","protected":false},"author":1,"featured_media":0,"parent":1156,"menu_order":1,"comment_status":"closed","ping_status":"closed","template":"","meta":{"_uag_custom_page_level_css":"","site-sidebar-layout":"no-sidebar","site-content-layout":"","ast-site-content-layout":"default","site-content-style":"default","site-sidebar-style":"default","ast-global-header-display":"","ast-banner-title-visibility":"","ast-main-header-display":"","ast-hfb-above-header-display":"","ast-hfb-below-header-display":"","ast-hfb-mobile-header-display":"","site-post-title":"disabled","ast-breadcrumbs-content":"","ast-featured-img":"","footer-sml-layout":"","ast-disable-related-posts":"","theme-transparent-header-meta":"enabled","adv-header-id-meta":"","stick-header-meta":"","header-above-stick-meta":"","header-main-stick-meta":"","header-below-stick-meta":"","astra-migrate-meta-layouts":"set","ast-page-background-enabled":"default","ast-page-background-meta":{"desktop":{"background-color":"var(--ast-global-color-4)","background-image":"","background-repeat":"repeat","background-position":"center center","background-size":"auto","background-attachment":"scroll","background-type":"","background-media":"","overlay-type":"","overlay-color":"","overlay-opacity":"","overlay-gradient":""},"tablet":{"background-color":"","background-image":"","background-repeat":"repeat","background-position":"center center","background-size":"auto","background-attachment":"scroll","background-type":"","background-media":"","overlay-type":"","overlay-color":"","overlay-opacity":"","overlay-gradient":""},"mobile":{"background-color":"","background-image":"","background-repeat":"repeat","background-position":"center center","background-size":"auto","background-attachment":"scroll","background-type":"","background-media":"","overlay-type":"","overlay-color":"","overlay-opacity":"","overlay-gradient":""}},"ast-content-background-meta":{"desktop":{"background-color":"var(--ast-global-color-5)","background-image":"","background-repeat":"repeat","background-position":"center center","background-size":"auto","background-attachment":"scroll","background-type":"","background-media":"","overlay-type":"","overlay-color":"","overlay-opacity":"","overlay-gradient":""},"tablet":{"background-color":"var(--ast-global-color-5)","background-image":"","background-repeat":"repeat","background-position":"center center","background-size":"auto","background-attachment":"scroll","background-type":"","background-media":"","overlay-type":"","overlay-color":"","overlay-opacity":"","overlay-gradient":""},"mobile":{"background-color":"var(--ast-global-color-5)","background-image":"","background-repeat":"repeat","background-position":"center center","background-size":"auto","background-attachment":"scroll","background-type":"","background-media":"","overlay-type":"","overlay-color":"","overlay-opacity":"","overlay-gradient":""}},"footnotes":"[]"},"class_list":["post-1657","page","type-page","status-publish","hentry"],"uagb_featured_image_src":{"full":false,"thumbnail":false,"medium":false,"medium_large":false,"large":false,"1536x1536":false,"2048x2048":false,"trp-custom-language-flag":false},"uagb_author_info":{"display_name":"Joe","author_link":"https:\/\/led.amasly.com\/es\/author\/jacklin\/"},"uagb_comment_info":0,"uagb_excerpt":"Explosion Proof High Bay Lights Explosion proof high bay lights are a type of lighting equipment specially designed for use in hazardous environments, capable of being used safely in flammable and explosive gases, vapors or dust environments. Its features include explosion-proof, dust-proof, water-proof and corrosion-resistant. Explosion-proof lamps are usually designed with special materials and structures&hellip;","_links":{"self":[{"href":"https:\/\/led.amasly.com\/es\/wp-json\/wp\/v2\/pages\/1657","targetHints":{"allow":["GET"]}}],"collection":[{"href":"https:\/\/led.amasly.com\/es\/wp-json\/wp\/v2\/pages"}],"about":[{"href":"https:\/\/led.amasly.com\/es\/wp-json\/wp\/v2\/types\/page"}],"author":[{"embeddable":true,"href":"https:\/\/led.amasly.com\/es\/wp-json\/wp\/v2\/users\/1"}],"replies":[{"embeddable":true,"href":"https:\/\/led.amasly.com\/es\/wp-json\/wp\/v2\/comments?post=1657"}],"version-history":[{"count":9,"href":"https:\/\/led.amasly.com\/es\/wp-json\/wp\/v2\/pages\/1657\/revisions"}],"predecessor-version":[{"id":4501,"href":"https:\/\/led.amasly.com\/es\/wp-json\/wp\/v2\/pages\/1657\/revisions\/4501"}],"up":[{"embeddable":true,"href":"https:\/\/led.amasly.com\/es\/wp-json\/wp\/v2\/pages\/1156"}],"wp:attachment":[{"href":"https:\/\/led.amasly.com\/es\/wp-json\/wp\/v2\/media?parent=1657"}],"curies":[{"name":"wp","href":"https:\/\/api.w.org\/{rel}","templated":true}]}}