{"id":1647,"date":"2025-01-06T21:01:07","date_gmt":"2025-01-06T13:01:07","guid":{"rendered":"https:\/\/led.amasly.com\/?page_id=1647"},"modified":"2026-01-23T20:56:58","modified_gmt":"2026-01-23T12:56:58","slug":"bat53","status":"publish","type":"page","link":"https:\/\/led.amasly.com\/es\/products\/explosion-proof-lights\/bat53\/","title":{"rendered":"BAT53 Luces LED de inundaci\u00f3n a prueba de explosiones"},"content":{"rendered":"<h2 class=\"wp-block-heading\"><\/h2>\n\n\n\n<p><\/p>\n\n\n\n<h2 class=\"wp-block-heading\"><\/h2>\n\n\n\n<h2 class=\"wp-block-heading\"><\/h2>\n\n\n\n<p><\/p>\n\n\n\n<div class=\"wp-block-uagb-container uagb-block-e407eb08 alignfull uagb-is-root-container\"><div class=\"uagb-container-inner-blocks-wrap\">\n<div class=\"wp-block-uagb-info-box uagb-block-7c0a134c uagb-infobox__content-wrap  uagb-infobox-icon-above-title uagb-infobox-image-valign-top wp-block-uagb-info-box--has-margin\"><div class=\"uagb-infobox-margin-wrapper\"><div class=\"uagb-ifb-content\"><div class=\"uagb-ifb-title-wrap\"><\/div><\/div><\/div><\/div>\n<\/div><\/div>\n\n\n\n<p><\/p>\n\n\n\n<p><\/p>\n\n\n\n<h2 class=\"wp-block-heading\"><\/h2>\n\n\n\n<h1 class=\"wp-block-heading has-text-align-center\">Proyectores LED antideflagrantes<\/h1>\n\n\n\n<div class=\"wp-block-uagb-container uagb-block-5d28ec94 default uagb-is-root-container\">\n<div class=\"wp-block-uagb-container uagb-block-462981e6\">\n<div class=\"wp-block-uagb-container uagb-block-6f08c8e4 alignfull uagb-is-root-container\"><div class=\"uagb-container-inner-blocks-wrap\">\n<div class=\"wp-block-uagb-container uagb-block-b229cb92\">\n<h3 class=\"wp-block-heading\">Contenido<\/h3>\n\n\n\n<div class=\"wp-block-buttons is-layout-flex wp-container-core-buttons-is-layout-45b20515 wp-block-buttons-is-layout-flex\">\n<div class=\"wp-block-button\"><a class=\"wp-block-button__link wp-element-button\" href=\"https:\/\/led.amasly.com\/es\/products\/explosion-proof-lights\/\">Luces antideflagrantes<\/a><\/div>\n\n\n\n<div class=\"wp-block-button is-style-fill\"><a class=\"wp-block-button__link wp-element-button\" href=\"https:\/\/led.amasly.com\/es\/products\/ex-proof-electrical-appliance\/\">Aparato el\u00e9ctrico a prueba de explosiones<\/a><\/div>\n\n\n\n<div class=\"wp-block-button\"><a class=\"wp-block-button__link wp-element-button\" href=\"https:\/\/led.amasly.com\/es\/products\/led-tri-proof-light-2\/\">Luz LED a prueba de tropiezos<\/a><\/div>\n\n\n\n<div class=\"wp-block-button\"><a class=\"wp-block-button__link wp-element-button\" href=\"https:\/\/led.amasly.com\/es\/products\/led-high-bay-light\/\">Luz LED para techos altos<\/a><\/div>\n\n\n\n<div class=\"wp-block-button\"><a class=\"wp-block-button__link wp-element-button\" href=\"https:\/\/led.amasly.com\/es\/products\/led-flood-lights\/\">Proyectores LED<\/a><\/div>\n\n\n\n<div class=\"wp-block-button\"><a class=\"wp-block-button__link wp-element-button\" href=\"https:\/\/led.amasly.com\/es\/products\/led-street-lights\/\">Farolas LED<\/a><\/div>\n\n\n\n<div class=\"wp-block-button\"><a class=\"wp-block-button__link wp-element-button\" href=\"https:\/\/led.amasly.com\/es\/products\/solar-lights\/\">Luz solar LED<\/a><\/div>\n<\/div>\n\n\n\n<h4 class=\"wp-block-heading\"><\/h4>\n\n\n\n<h4 class=\"wp-block-heading\">P\u00f3ngase en contacto con<\/h4>\n\n\n\n<ul class=\"wp-block-list\">\n<li>Correo electr\u00f3nico: sales01@amasly.com<strong> <\/strong>      <\/li>\n\n\n\n<li>M\u00f3vil: +86 13732643699                   <\/li>\n<\/ul>\n<\/div>\n\n\n\n<div class=\"wp-block-columns is-layout-flex wp-container-core-columns-is-layout-28f84493 wp-block-columns-is-layout-flex\">\n<div class=\"wp-block-column is-layout-flow wp-block-column-is-layout-flow\" style=\"flex-basis:100%\">\n<div class=\"wp-block-uagb-container uagb-block-064256a4\">\n<div class=\"wp-block-columns is-layout-flex wp-container-core-columns-is-layout-28f84493 wp-block-columns-is-layout-flex\">\n<div class=\"wp-block-column is-layout-flow wp-block-column-is-layout-flow\" style=\"flex-basis:100%\">\n<div class=\"wp-block-columns is-layout-flex wp-container-core-columns-is-layout-28f84493 wp-block-columns-is-layout-flex\">\n<div class=\"wp-block-column is-layout-flow wp-block-column-is-layout-flow\">\n<div class=\"wp-block-uagb-image uagb-block-f7623661 wp-block-uagb-image--layout-default wp-block-uagb-image--effect-static wp-block-uagb-image--align-none\"><figure class=\"wp-block-uagb-image__figure\"><img decoding=\"async\" srcset=\"https:\/\/led.amasly.com\/wp-content\/uploads\/2024\/09\/Explosion-proof-flood-lights.png ,https:\/\/led.amasly.com\/wp-content\/uploads\/2024\/09\/Explosion-proof-flood-lights.png 780w, https:\/\/led.amasly.com\/wp-content\/uploads\/2024\/09\/Explosion-proof-flood-lights.png 360w\" sizes=\"auto, (max-width: 480px) 150px\" src=\"https:\/\/led.amasly.com\/wp-content\/uploads\/2024\/09\/Explosion-proof-flood-lights.png\" alt=\"150w explosion proof led light, Explosion Proof Flood LED Lights\" class=\"uag-image-1491\" width=\"300\" height=\"300\" title=\"Proyectores antideflagrantes\" loading=\"lazy\" role=\"img\"\/><\/figure><\/div>\n<\/div>\n\n\n\n<div class=\"wp-block-column is-layout-flow wp-block-column-is-layout-flow\">\n<p>L\u00e1mparas LED de inundaci\u00f3n a prueba de explosiones \u00c1mbito de aplicaci\u00f3n<\/p>\n\n\n\n<p>1. ampliamente utilizado en la miner\u00eda del petr\u00f3leo, refino de petr\u00f3leo, qu\u00edmica, militar y otros lugares peligrosos del medio ambiente de la f\u00e1brica y la iluminaci\u00f3n de carreteras<\/p>\n\n\n\n<p>2. adecuado para la costa, el r\u00edo y otros entornos de presi\u00f3n y velocidad del viento;<\/p>\n\n\n\n<p>3. adecuado para miles de ambiente de gas explosivo de la zona 1, zona 2 lugares;<\/p>\n\n\n\n<p>4. adecuado para miles de polvo combustible medio ambiente 21 zona, 22 zona lugares;<\/p>\n\n\n\n<p>5. Apto para entornos con gases explosivos IIA, IIB, IIC. Clase I, Divisi\u00f3n 2, Grupos A, B, C, D.<\/p>\n<\/div>\n<\/div>\n<\/div>\n<\/div>\n\n\n\n<div class=\"wp-block-uagb-container uagb-block-201e76d4\">\n<figure class=\"wp-block-table\"><table><tbody><tr><td>Moel<\/td><td>Potencia<\/td><td>Marca Ex<\/td><td>Tasa IP<\/td><td>Eficiencia luminosa<\/td><td>Tensi\u00f3n<\/td><td>CCT<\/td><td>PF<\/td><\/tr><tr><td>BAT53<\/td><td>30W-500W<\/td><td>Ex d IIC T6<\/td><td>IP66<\/td><td>130 lm\/p<\/td><td>Ac85-265V<\/td><td>3000K-6500K<\/td><td>&gt;0.97<\/td><\/tr><\/tbody><\/table><\/figure>\n\n\n\n<h3 class=\"wp-block-heading\">BAT53 Luces LED de inundaci\u00f3n a prueba de explosiones Certificado:<\/h3>\n\n\n\n<p>Certificado ATEX<\/p>\n\n\n\n<h3 class=\"wp-block-heading\">BAT53 Luces LED de inundaci\u00f3n a prueba de explosiones Potencia:<\/h3>\n\n\n\n<p>50W 100W 150W 200W 250W 300W 400W 500W 600W 800W<\/p>\n\n\n\n<h3 class=\"wp-block-heading\">BAT53 Luces LED de inundaci\u00f3n a prueba de explosiones Caracter\u00edsticas:<\/h3>\n\n\n\n<p>Las l\u00e1mparas adoptan un dise\u00f1o modular, que puede realizar el uso de colocaci\u00f3n de 30W~500W;<\/p>\n\n\n\n<p>Cavidad de cableado independiente, instalaci\u00f3n y cableado f\u00e1ciles y r\u00e1pidos;<\/p>\n\n\n\n<p>Estructura de reflector antideslumbrante \u00fanica, reduce eficazmente el deslumbramiento;<\/p>\n\n\n\n<p>Carcasa de fundici\u00f3n a alta presi\u00f3n con revestimiento en polvo resistente a la intemperie, apta para trabajos prolongados en exteriores y entornos corrosivos;<\/p>\n\n\n\n<p>Nivel de protecci\u00f3n IP66, puede resistir eficazmente la lluvia intensa;<\/p>\n\n\n\n<p>Gran capacidad anticorrosi\u00f3n y antivibraci\u00f3n, adecuada para condiciones de trabajo duras.<\/p>\n\n\n\n<p>Luces LED de inundaci\u00f3n a prueba de explosiones Ampliamente utilizado en la miner\u00eda del petr\u00f3leo, refinaci\u00f3n, industria qu\u00edmica, centrales el\u00e9ctricas y otros lugares peligrosos para la iluminaci\u00f3n de trabajo.<\/p>\n\n\n\n<h2 class=\"wp-block-heading\">BAT53 Luces LED de inundaci\u00f3n a prueba de explosiones Tama\u00f1os e instalaci\u00f3n:<\/h2>\n\n\n\n<div class=\"wp-block-uagb-image uagb-block-0867b09d wp-block-uagb-image--layout-default wp-block-uagb-image--effect-static wp-block-uagb-image--align-none\"><figure class=\"wp-block-uagb-image__figure\"><img decoding=\"async\" srcset=\"https:\/\/led.amasly.com\/wp-content\/uploads\/2025\/01\/a9357a7de46ae16a938e07e6a80f2866_1684293645171613-782x1024.jpg ,https:\/\/led.amasly.com\/wp-content\/uploads\/2025\/01\/a9357a7de46ae16a938e07e6a80f2866_1684293645171613.jpg 780w, https:\/\/led.amasly.com\/wp-content\/uploads\/2025\/01\/a9357a7de46ae16a938e07e6a80f2866_1684293645171613.jpg 360w\" sizes=\"auto, (max-width: 480px) 150px\" src=\"https:\/\/led.amasly.com\/wp-content\/uploads\/2025\/01\/a9357a7de46ae16a938e07e6a80f2866_1684293645171613-782x1024.jpg\" alt=\"\" class=\"uag-image-1648\" width=\"300\" height=\"300\" title=\"a9357a7de46ae16a938e07e6a80f2866_1684293645171613\" loading=\"lazy\" role=\"img\"><\/figure><\/div>\n<\/div>\n<\/div>\n<\/div>\n<\/div>\n<\/div><\/div>\n<\/div>\n<\/div>\n\n\n\n<h2 class=\"wp-block-heading\"><strong>Preguntas m\u00e1s frecuentes sobre Amasly Light<\/strong><\/h2>\n\n\n\n<p><strong>P1.\u00bfPuedo recibir un pedido de muestra de luz led?<\/strong><strong><\/strong><\/p>\n\n\n\n<p>R: S\u00ed, aceptamos pedidos de muestras para probar y comprobar la calidad. Las muestras mezcladas son aceptables.<\/p>\n\n\n\n<p><strong>P2: \u00bfY el plazo de entrega?<\/strong><strong><\/strong><\/p>\n\n\n\n<p>R: La muestra necesita 3-5 d\u00edas, el tiempo de producci\u00f3n en masa necesita 1-2 semanas.<\/p>\n\n\n\n<p><strong>Q3.Do usted tiene cualquier l\u00edmite MOQ para la luz led orden?<\/strong><strong><\/strong><\/p>\n\n\n\n<p>R: Bajo MOQ 1pc para la comprobaci\u00f3n de la muestra est\u00e1 disponible.<\/p>\n\n\n\n<p><strong>Q4. \u00bfC\u00f3mo env\u00edan la mercanc\u00eda y cu\u00e1nto tarda en llegar?<\/strong><strong><\/strong><\/p>\n\n\n\n<p>R: Normalmente enviamos por <a href=\"https:\/\/www.dhl.com\" rel=\"nofollow noopener\" target=\"_blank\">DHL<\/a>, UPS, FedEx o TNT. Suele tardar entre 3 y 5 d\u00edas en llegar. L\u00ednea a\u00e9rea y mar\u00edtima de env\u00edo tambi\u00e9n opcional.<\/p>\n\n\n\n<p><strong>Q5. \u00bfC\u00f3mo tramitar un pedido de luz led?<\/strong><strong><\/strong><\/p>\n\n\n\n<p>A:<\/p>\n\n\n\n<p>En primer lugar, comun\u00edquenos sus necesidades o su solicitud.<\/p>\n\n\n\n<p>En segundo lugar, presupuestamos seg\u00fan sus requisitos o nuestras sugerencias.<\/p>\n\n\n\n<p>En tercer lugar, el cliente confirma las muestras y realiza el dep\u00f3sito para el pedido formal.<\/p>\n\n\n\n<p>En cuarto lugar, organizamos la producci\u00f3n.<\/p>\n\n\n\n<p><strong>P6.\u00bfPuedo imprimir mi <\/strong><strong>LOGO<\/strong><strong>&nbsp;en producto de luz led ?<\/strong><strong><\/strong><\/p>\n\n\n\n<p>R: S\u00ed, por favor inf\u00f3rmenos formalmente antes de nuestra producci\u00f3n y confirmar el dise\u00f1o en primer lugar sobre la base de nuestra muestra.<\/p>\n\n\n\n<p><strong>P7: \u00bfOfrecen garant\u00eda para los productos?<\/strong><strong><\/strong><\/p>\n\n\n\n<p>R: S\u00ed, ofrecemos de 2 a 5 a\u00f1os de garant\u00eda para nuestros productos.<\/p>\n\n\n\n<p><strong>P8: \u00bfC\u00f3mo tratar los fallos?<\/strong><strong><\/strong><\/p>\n\n\n\n<p>A:<\/p>\n\n\n\n<p>En primer lugar, nuestros productos se producen dinstrict sistema de control de calidad y la tasa de defectos ser\u00e1 inferior a 0,2%<\/p>\n\n\n\n<p>En segundo lugar, durante el per\u00edodo de garant\u00eda, proporcionaremos piezas para sustituir la pieza defectuosa.. Para los pedidos al por mayor, proporcionaremos piezas vulnerables por adelantado, o podemos discutir soluciones, incluyendo la retirada del producto, en funci\u00f3n de la situaci\u00f3n real.<\/p>\n\n\n\n<p><strong>P9: \u00bfSe pueden fabricar l\u00e1mparas antideflagrantes de bajo voltaje con tensiones de CA\/CC de 12 V, 24 V, 36 V o 48 V? <\/strong><\/p>\n\n\n\n<p>Amasly se puede utilizar como luces a prueba de explosiones tanto de bajo voltaje como de alto voltaje - AC\/DC 12V, 24V, 36V, 48V, AC 85-265V, AC 380V. <\/p>\n\n\n\n<p><strong>Q10: \u00bfSe pueden a\u00f1adir pilas de emergencia a las luces Poof Explosion? <\/strong><\/p>\n\n\n\n<p>La l\u00e1mpara antideflagrante Amasly puede equiparse con bater\u00edas de litio de emergencia. La duraci\u00f3n de emergencia es de 90 minutos, 120 minutos o 180 minutos. <\/p>\n\n\n\n<p><strong>P11: \u00bfSe puede personalizar la l\u00e1mpara a prueba de explosiones Amasly como producto OEM? <\/strong><\/p>\n\n\n\n<p>Las l\u00e1mparas antideflagrantes Amasly pueden personalizarse seg\u00fan los requisitos del cliente, tanto para las l\u00e1mparas como para las cajas de embalaje.<\/p>\n\n\n\n<h2 class=\"wp-block-heading\">Productos relacionados<\/h2>\n\n\n\n<div class=\"wp-block-uagb-container uagb-block-66e4defc alignfull uagb-is-root-container\"><div class=\"uagb-container-inner-blocks-wrap\">\n<div class=\"wp-block-uagb-container uagb-block-a42945f9\">\n<div class=\"wp-block-uagb-image uagb-block-7296296b wp-block-uagb-image--layout-default wp-block-uagb-image--effect-static wp-block-uagb-image--align-none\"><figure class=\"wp-block-uagb-image__figure\"><a class=\"\" href=\"https:\/\/led.amasly.com\/es\/products\/explosion-proof-lights\/\" target=\"\" rel=\"noopener\"><img decoding=\"async\" srcset=\"https:\/\/led.amasly.com\/wp-content\/uploads\/2024\/09\/Explosion-proof-high-bay-lights.png ,https:\/\/led.amasly.com\/wp-content\/uploads\/2024\/09\/Explosion-proof-high-bay-lights.png 780w, https:\/\/led.amasly.com\/wp-content\/uploads\/2024\/09\/Explosion-proof-high-bay-lights.png 360w\" sizes=\"auto, (max-width: 480px) 150px\" src=\"https:\/\/led.amasly.com\/wp-content\/uploads\/2024\/09\/Explosion-proof-high-bay-lights.png\" alt=\"\" class=\"uag-image-1495\" width=\"300\" height=\"300\" title=\"Luces de gran altura a prueba de explosiones\" loading=\"lazy\" role=\"img\"><\/a><\/figure><\/div>\n<\/div>\n\n\n\n<div class=\"wp-block-uagb-container uagb-block-4d3efde5\">\n<div class=\"wp-block-uagb-image uagb-block-c9e90797 wp-block-uagb-image--layout-default wp-block-uagb-image--effect-static wp-block-uagb-image--align-none\"><figure class=\"wp-block-uagb-image__figure\"><a class=\"\" href=\"https:\/\/led.amasly.com\/es\/products\/ex-proof-electrical-appliance\/\" target=\"\" rel=\"noopener\"><img decoding=\"async\" srcset=\"https:\/\/led.amasly.com\/wp-content\/uploads\/2025\/01\/Explosion-proof-axial-flow-fan.jpg ,https:\/\/led.amasly.com\/wp-content\/uploads\/2025\/01\/Explosion-proof-axial-flow-fan.jpg 780w, https:\/\/led.amasly.com\/wp-content\/uploads\/2025\/01\/Explosion-proof-axial-flow-fan.jpg 360w\" sizes=\"auto, (max-width: 480px) 150px\" src=\"https:\/\/led.amasly.com\/wp-content\/uploads\/2025\/01\/Explosion-proof-axial-flow-fan.jpg\" alt=\"Ex-Proof Electrical Appliance\" class=\"uag-image-1767\" width=\"300\" height=\"300\" title=\"Ventilador axial antideflagrante\" loading=\"lazy\" role=\"img\"\/><\/a><\/figure><\/div>\n<\/div>\n\n\n\n<div class=\"wp-block-uagb-container uagb-block-11c2578b\">\n<div class=\"wp-block-uagb-image uagb-block-6e8883aa wp-block-uagb-image--layout-default wp-block-uagb-image--effect-static wp-block-uagb-image--align-none\"><figure class=\"wp-block-uagb-image__figure\"><a class=\"\" href=\"https:\/\/led.amasly.com\/es\/products\/explosion-proof-lights\/\" target=\"\" rel=\"noopener\"><img decoding=\"async\" srcset=\"https:\/\/led.amasly.com\/wp-content\/uploads\/2024\/09\/LED-Explosion-Proof-Gas-Station-Light.png ,https:\/\/led.amasly.com\/wp-content\/uploads\/2024\/09\/LED-Explosion-Proof-Gas-Station-Light.png 780w, https:\/\/led.amasly.com\/wp-content\/uploads\/2024\/09\/LED-Explosion-Proof-Gas-Station-Light.png 360w\" sizes=\"auto, (max-width: 480px) 150px\" src=\"https:\/\/led.amasly.com\/wp-content\/uploads\/2024\/09\/LED-Explosion-Proof-Gas-Station-Light.png\" alt=\"\" class=\"uag-image-1501\" width=\"300\" height=\"300\" title=\"L\u00e1mpara LED antideflagrante para gasolineras\" loading=\"lazy\" role=\"img\"><\/a><\/figure><\/div>\n<\/div>\n<\/div><\/div>\n\n\n\n<div class=\"wp-block-uagb-container uagb-block-548945b5 alignfull uagb-is-root-container\"><div class=\"uagb-container-inner-blocks-wrap\">\n<div class=\"wp-block-uagb-container uagb-block-967755d5\">\n<h4 class=\"wp-block-heading has-text-align-center\"><a href=\"https:\/\/led.amasly.com\/es\/products\/explosion-proof-lights\/\">Luces LED antideflagrantes<\/a><\/h4>\n<\/div>\n\n\n\n<div class=\"wp-block-uagb-container uagb-block-9bc52fc2\">\n<h4 class=\"wp-block-heading has-text-align-center\"><a href=\"https:\/\/led.amasly.com\/es\/products\/ex-proof-electrical-appliance\/\">Aparato el\u00e9ctrico Ex-Proof<\/a><\/h4>\n<\/div>\n\n\n\n<div class=\"wp-block-uagb-container uagb-block-8ffa0a23\">\n<h4 class=\"wp-block-heading has-text-align-center\"><a href=\"https:\/\/led.amasly.com\/es\/products\/explosion-proof-lights\/\">Luces de gasolinera a prueba de explosiones<\/a><\/h4>\n<\/div>\n<\/div><\/div>\n\n\n\n<div class=\"wp-block-uagb-container uagb-block-29499fe0 alignfull uagb-is-root-container\"><div class=\"uagb-container-inner-blocks-wrap\">\n<div class=\"wp-block-uagb-container uagb-block-777ee1c7\">\n<div class=\"wp-block-uagb-image uagb-block-2e9a1851 wp-block-uagb-image--layout-default wp-block-uagb-image--effect-static wp-block-uagb-image--align-none\"><figure class=\"wp-block-uagb-image__figure\"><a class=\"\" href=\"https:\/\/led.amasly.com\/es\/products\/led-flood-lights\/\" target=\"\" rel=\"noopener\"><img decoding=\"async\" srcset=\"https:\/\/led.amasly.com\/wp-content\/uploads\/2024\/10\/50W-100W-150W-200W-300W-LED-Flood-Light.jpg ,https:\/\/led.amasly.com\/wp-content\/uploads\/2024\/10\/50W-100W-150W-200W-300W-LED-Flood-Light.jpg 780w, https:\/\/led.amasly.com\/wp-content\/uploads\/2024\/10\/50W-100W-150W-200W-300W-LED-Flood-Light.jpg 360w\" sizes=\"auto, (max-width: 480px) 150px\" src=\"https:\/\/led.amasly.com\/wp-content\/uploads\/2024\/10\/50W-100W-150W-200W-300W-LED-Flood-Light.jpg\" alt=\"\" class=\"uag-image-1526\" width=\"300\" height=\"300\" title=\"L\u00e1mpara de inundaci\u00f3n LED 50W 100W 150W 200W 300W\" loading=\"lazy\" role=\"img\"><\/a><\/figure><\/div>\n<\/div>\n\n\n\n<div class=\"wp-block-uagb-container uagb-block-af8c8683\">\n<div class=\"wp-block-uagb-image uagb-block-67947854 wp-block-uagb-image--layout-default wp-block-uagb-image--effect-static wp-block-uagb-image--align-none\"><figure class=\"wp-block-uagb-image__figure\"><a class=\"\" href=\"https:\/\/led.amasly.com\/es\/products\/led-high-bay-light\/\" target=\"\" rel=\"noopener\"><img decoding=\"async\" srcset=\"https:\/\/led.amasly.com\/wp-content\/uploads\/2025\/05\/high-bay-light.webp ,https:\/\/led.amasly.com\/wp-content\/uploads\/2025\/05\/high-bay-light.webp 780w, https:\/\/led.amasly.com\/wp-content\/uploads\/2025\/05\/high-bay-light.webp 360w\" sizes=\"auto, (max-width: 480px) 150px\" src=\"https:\/\/led.amasly.com\/wp-content\/uploads\/2025\/05\/high-bay-light.webp\" alt=\"\" class=\"uag-image-3954\" width=\"300\" height=\"300\" title=\"luz de gran altura\" loading=\"lazy\" role=\"img\"><\/a><\/figure><\/div>\n<\/div>\n\n\n\n<div class=\"wp-block-uagb-container uagb-block-0fdfdd58\">\n<div class=\"wp-block-uagb-image uagb-block-1187d32d wp-block-uagb-image--layout-default wp-block-uagb-image--effect-static wp-block-uagb-image--align-none\"><figure class=\"wp-block-uagb-image__figure\"><a class=\"\" href=\"https:\/\/led.amasly.com\/es\/products\/\" target=\"\" rel=\"noopener\"><img decoding=\"async\" srcset=\"https:\/\/led.amasly.com\/wp-content\/uploads\/2024\/07\/LED-street-light.jpg ,https:\/\/led.amasly.com\/wp-content\/uploads\/2024\/07\/LED-street-light.jpg 780w, https:\/\/led.amasly.com\/wp-content\/uploads\/2024\/07\/LED-street-light.jpg 360w\" sizes=\"auto, (max-width: 480px) 150px\" src=\"https:\/\/led.amasly.com\/wp-content\/uploads\/2024\/07\/LED-street-light.jpg\" alt=\"\" class=\"uag-image-1145\" width=\"300\" height=\"300\" title=\"Alumbrado p\u00fablico LED\" loading=\"lazy\" role=\"img\"><\/a><\/figure><\/div>\n<\/div>\n<\/div><\/div>\n\n\n\n<div class=\"wp-block-uagb-container uagb-block-6a60882c alignfull uagb-is-root-container\"><div class=\"uagb-container-inner-blocks-wrap\">\n<div class=\"wp-block-uagb-container uagb-block-f1e91a35\">\n<h4 class=\"wp-block-heading has-text-align-center\"><a href=\"https:\/\/led.amasly.com\/es\/products\/led-flood-lights\/\">Proyectores LED<\/a><\/h4>\n<\/div>\n\n\n\n<div class=\"wp-block-uagb-container uagb-block-165bfa58\">\n<h4 class=\"wp-block-heading has-text-align-center\"><a href=\"https:\/\/led.amasly.com\/es\/products\/led-high-bay-light\/\">Luces LED High Bay<\/a><\/h4>\n<\/div>\n\n\n\n<div class=\"wp-block-uagb-container uagb-block-f6096e3b\">\n<h4 class=\"wp-block-heading has-text-align-center\"><a href=\"https:\/\/led.amasly.com\/es\/products\/https:\/\/led.amasly.com\/products\/led-street-lights\/\">Alumbrado p\u00fablico LED<\/a><\/h4>\n<\/div>\n<\/div><\/div>\n\n\n\n<div class=\"wp-block-uagb-container uagb-block-99c0e0a5 alignfull uagb-is-root-container\"><div class=\"uagb-container-inner-blocks-wrap\"><\/div><\/div>","protected":false},"excerpt":{"rendered":"<p>Explosion Proof Flood LED Lights Content Contact Explosion Proof Flood LED Lights Scope of application 1. widely used in oil mining, oil refining, chemical, military and other dangerous environmental places of the factory and road lighting 2. suitable for coastal, river and other wind pressure, wind speed environment; 3. suitable for thousands of explosive gas [&hellip;]<\/p>\n","protected":false},"author":1,"featured_media":0,"parent":1156,"menu_order":2,"comment_status":"closed","ping_status":"closed","template":"","meta":{"_uag_custom_page_level_css":"","site-sidebar-layout":"no-sidebar","site-content-layout":"","ast-site-content-layout":"default","site-content-style":"default","site-sidebar-style":"default","ast-global-header-display":"","ast-banner-title-visibility":"","ast-main-header-display":"","ast-hfb-above-header-display":"","ast-hfb-below-header-display":"","ast-hfb-mobile-header-display":"","site-post-title":"disabled","ast-breadcrumbs-content":"","ast-featured-img":"","footer-sml-layout":"","ast-disable-related-posts":"","theme-transparent-header-meta":"enabled","adv-header-id-meta":"","stick-header-meta":"","header-above-stick-meta":"","header-main-stick-meta":"","header-below-stick-meta":"","astra-migrate-meta-layouts":"set","ast-page-background-enabled":"default","ast-page-background-meta":{"desktop":{"background-color":"var(--ast-global-color-4)","background-image":"","background-repeat":"repeat","background-position":"center center","background-size":"auto","background-attachment":"scroll","background-type":"","background-media":"","overlay-type":"","overlay-color":"","overlay-opacity":"","overlay-gradient":""},"tablet":{"background-color":"","background-image":"","background-repeat":"repeat","background-position":"center center","background-size":"auto","background-attachment":"scroll","background-type":"","background-media":"","overlay-type":"","overlay-color":"","overlay-opacity":"","overlay-gradient":""},"mobile":{"background-color":"","background-image":"","background-repeat":"repeat","background-position":"center center","background-size":"auto","background-attachment":"scroll","background-type":"","background-media":"","overlay-type":"","overlay-color":"","overlay-opacity":"","overlay-gradient":""}},"ast-content-background-meta":{"desktop":{"background-color":"var(--ast-global-color-5)","background-image":"","background-repeat":"repeat","background-position":"center center","background-size":"auto","background-attachment":"scroll","background-type":"","background-media":"","overlay-type":"","overlay-color":"","overlay-opacity":"","overlay-gradient":""},"tablet":{"background-color":"var(--ast-global-color-5)","background-image":"","background-repeat":"repeat","background-position":"center center","background-size":"auto","background-attachment":"scroll","background-type":"","background-media":"","overlay-type":"","overlay-color":"","overlay-opacity":"","overlay-gradient":""},"mobile":{"background-color":"var(--ast-global-color-5)","background-image":"","background-repeat":"repeat","background-position":"center center","background-size":"auto","background-attachment":"scroll","background-type":"","background-media":"","overlay-type":"","overlay-color":"","overlay-opacity":"","overlay-gradient":""}},"footnotes":"[]"},"class_list":["post-1647","page","type-page","status-publish","hentry"],"uagb_featured_image_src":{"full":false,"thumbnail":false,"medium":false,"medium_large":false,"large":false,"1536x1536":false,"2048x2048":false,"trp-custom-language-flag":false},"uagb_author_info":{"display_name":"Joe","author_link":"https:\/\/led.amasly.com\/es\/author\/jacklin\/"},"uagb_comment_info":0,"uagb_excerpt":"Explosion Proof Flood LED Lights Content Contact Explosion Proof Flood LED Lights Scope of application 1. widely used in oil mining, oil refining, chemical, military and other dangerous environmental places of the factory and road lighting 2. suitable for coastal, river and other wind pressure, wind speed environment; 3. suitable for thousands of explosive gas&hellip;","_links":{"self":[{"href":"https:\/\/led.amasly.com\/es\/wp-json\/wp\/v2\/pages\/1647","targetHints":{"allow":["GET"]}}],"collection":[{"href":"https:\/\/led.amasly.com\/es\/wp-json\/wp\/v2\/pages"}],"about":[{"href":"https:\/\/led.amasly.com\/es\/wp-json\/wp\/v2\/types\/page"}],"author":[{"embeddable":true,"href":"https:\/\/led.amasly.com\/es\/wp-json\/wp\/v2\/users\/1"}],"replies":[{"embeddable":true,"href":"https:\/\/led.amasly.com\/es\/wp-json\/wp\/v2\/comments?post=1647"}],"version-history":[{"count":7,"href":"https:\/\/led.amasly.com\/es\/wp-json\/wp\/v2\/pages\/1647\/revisions"}],"predecessor-version":[{"id":4679,"href":"https:\/\/led.amasly.com\/es\/wp-json\/wp\/v2\/pages\/1647\/revisions\/4679"}],"up":[{"embeddable":true,"href":"https:\/\/led.amasly.com\/es\/wp-json\/wp\/v2\/pages\/1156"}],"wp:attachment":[{"href":"https:\/\/led.amasly.com\/es\/wp-json\/wp\/v2\/media?parent=1647"}],"curies":[{"name":"wp","href":"https:\/\/api.w.org\/{rel}","templated":true}]}}