{"id":4427,"date":"2026-01-17T20:12:03","date_gmt":"2026-01-17T12:12:03","guid":{"rendered":"https:\/\/led.amasly.com\/?page_id=4427"},"modified":"2026-01-18T10:00:07","modified_gmt":"2026-01-18T02:00:07","slug":"bat86-led-explosion-proof-square-projector-lights","status":"publish","type":"page","link":"https:\/\/led.amasly.com\/de\/products\/explosion-proof-lights\/bat86-led-explosion-proof-square-projector-lights\/","title":{"rendered":"BAT86 LED Explosionsgesch\u00fctzte quadratische Projektorleuchten"},"content":{"rendered":"<p><\/p>\n\n\n\n<p><\/p>\n\n\n\n<p><\/p>\n\n\n\n<p><\/p>\n\n\n\n<p><\/p>\n\n\n\n<div class=\"wp-block-uagb-container uagb-block-e407eb08 alignfull uagb-is-root-container\"><div class=\"uagb-container-inner-blocks-wrap\">\n<div class=\"wp-block-uagb-info-box uagb-block-7c0a134c uagb-infobox__content-wrap  uagb-infobox-icon-above-title uagb-infobox-image-valign-top wp-block-uagb-info-box--has-margin\"><div class=\"uagb-infobox-margin-wrapper\"><div class=\"uagb-ifb-content\"><div class=\"uagb-ifb-title-wrap\"><\/div><\/div><\/div><\/div>\n<\/div><\/div>\n\n\n\n<p><\/p>\n\n\n\n<p><\/p>\n\n\n\n<h2 class=\"wp-block-heading\"><\/h2>\n\n\n\n<h1 class=\"wp-block-heading has-text-align-center\">Explosionsgesch\u00fctzte quadratische LED-Leuchten, explosionsgesch\u00fctzte Projektorleuchten<\/h1>\n\n\n\n<div class=\"wp-block-uagb-container uagb-block-5d28ec94 default uagb-is-root-container\">\n<div class=\"wp-block-uagb-container uagb-block-462981e6\">\n<div class=\"wp-block-uagb-container uagb-block-6f08c8e4 alignfull uagb-is-root-container\"><div class=\"uagb-container-inner-blocks-wrap\">\n<div class=\"wp-block-uagb-container uagb-block-b229cb92\">\n<h3 class=\"wp-block-heading\">Inhalt<\/h3>\n\n\n\n<div class=\"wp-block-buttons is-layout-flex wp-container-core-buttons-is-layout-45b20515 wp-block-buttons-is-layout-flex\">\n<div class=\"wp-block-button\"><a class=\"wp-block-button__link wp-element-button\" href=\"https:\/\/led.amasly.com\/de\/products\/explosion-proof-lights\/\">Explosionsgesch\u00fctzte Lichter<\/a><\/div>\n\n\n\n<div class=\"wp-block-button is-style-fill\"><a class=\"wp-block-button__link wp-element-button\" href=\"https:\/\/led.amasly.com\/de\/products\/ex-proof-electrical-appliance\/\">Ex-gesch\u00fctztes elektrisches Ger\u00e4t<\/a><\/div>\n\n\n\n<div class=\"wp-block-button\"><a class=\"wp-block-button__link wp-element-button\" href=\"https:\/\/led.amasly.com\/de\/products\/led-tri-proof-light-2\/\">LED-Stromausfallschutzleuchte<\/a><\/div>\n\n\n\n<div class=\"wp-block-button\"><a class=\"wp-block-button__link wp-element-button\" href=\"https:\/\/led.amasly.com\/de\/products\/led-high-bay-light\/\">LED-Hochregallampe<\/a><\/div>\n\n\n\n<div class=\"wp-block-button\"><a class=\"wp-block-button__link wp-element-button\" href=\"https:\/\/led.amasly.com\/de\/products\/led-flood-lights\/\">LED-Flutlicht<\/a><\/div>\n\n\n\n<div class=\"wp-block-button\"><a class=\"wp-block-button__link wp-element-button\" href=\"https:\/\/led.amasly.com\/de\/products\/led-street-lights\/\">LED-Stra\u00dfenlampe<\/a><\/div>\n\n\n\n<div class=\"wp-block-button\"><a class=\"wp-block-button__link wp-element-button\" href=\"https:\/\/led.amasly.com\/de\/products\/solar-lights\/\">LED-Solarleuchte<\/a><\/div>\n<\/div>\n\n\n\n<h4 class=\"wp-block-heading\"><\/h4>\n\n\n\n<h4 class=\"wp-block-heading\">Kontakt<\/h4>\n\n\n\n<ul class=\"wp-block-list\">\n<li>E-Mail: sales01@amasly.com<strong> <\/strong>      <\/li>\n\n\n\n<li>Mobil: +86 13732643699                   <\/li>\n<\/ul>\n<\/div>\n\n\n\n<div class=\"wp-block-columns is-layout-flex wp-container-core-columns-is-layout-28f84493 wp-block-columns-is-layout-flex\">\n<div class=\"wp-block-column is-layout-flow wp-block-column-is-layout-flow\" style=\"flex-basis:100%\">\n<div class=\"wp-block-uagb-container uagb-block-064256a4\">\n<div class=\"wp-block-columns is-layout-flex wp-container-core-columns-is-layout-28f84493 wp-block-columns-is-layout-flex\">\n<div class=\"wp-block-column is-layout-flow wp-block-column-is-layout-flow\" style=\"flex-basis:100%\">\n<div class=\"wp-block-columns is-layout-flex wp-container-core-columns-is-layout-28f84493 wp-block-columns-is-layout-flex\">\n<div class=\"wp-block-column is-layout-flow wp-block-column-is-layout-flow\">\n<div class=\"wp-block-uagb-image uagb-block-f7623661 wp-block-uagb-image--layout-default wp-block-uagb-image--effect-static wp-block-uagb-image--align-none\"><figure class=\"wp-block-uagb-image__figure\"><img decoding=\"async\" srcset=\"https:\/\/led.amasly.com\/wp-content\/uploads\/2025\/12\/BAT86-LED-Explosion-proof-lights.jpg ,https:\/\/led.amasly.com\/wp-content\/uploads\/2025\/12\/BAT86-LED-Explosion-proof-lights.jpg 780w, https:\/\/led.amasly.com\/wp-content\/uploads\/2025\/12\/BAT86-LED-Explosion-proof-lights.jpg 360w\" sizes=\"auto, (max-width: 480px) 150px\" src=\"https:\/\/led.amasly.com\/wp-content\/uploads\/2025\/12\/BAT86-LED-Explosion-proof-lights.jpg\" alt=\"\" class=\"uag-image-4398\" width=\"300\" height=\"300\" title=\"BAT86 LED Explosionsgesch\u00fctzte Leuchten\" loading=\"lazy\" role=\"img\"><\/figure><\/div>\n<\/div>\n\n\n\n<div class=\"wp-block-column is-layout-flow wp-block-column-is-layout-flow\">\n<p>Umfang der Anwendung<\/p>\n\n\n\n<p>1. weit verbreitet im \u00d6lbergbau, in der \u00d6lraffinerie, in der chemischen Industrie, im Milit\u00e4r und in anderen gef\u00e4hrlichen Umweltbereichen der Fabrik und der Stra\u00dfenbeleuchtung<\/p>\n\n\n\n<p>2. geeignet f\u00fcr K\u00fcsten-, Fluss- und andere Winddruck, Windgeschwindigkeit Umwelt;<\/p>\n\n\n\n<p>3. geeignet f\u00fcr Tausende von explosiven Gas-Umgebung der Zone 1, Zone 2 Orten;<\/p>\n\n\n\n<p>4. geeignet f\u00fcr Tausende von brennbaren Staub Umgebung 21 Zone, 22 Zone Orte;<\/p>\n\n\n\n<p>5. geeignet f\u00fcr IIA, IIB, IIC explosive Gasumgebung. Klasse I, Division 2, Gruppen A, B, C, D.<\/p>\n<\/div>\n<\/div>\n<\/div>\n<\/div>\n\n\n\n<div class=\"wp-block-uagb-container uagb-block-201e76d4\">\n<figure class=\"wp-block-table\"><table><tbody><tr><td>Moel<\/td><td>Strom<\/td><td>Ex-Zeichen<\/td><td>IP-Rate<\/td><td>Licht-Effizienz<\/td><td>Spannung<\/td><td>CCT<\/td><td>PF<\/td><\/tr><tr><td>BAT86<\/td><td>50W-300W<\/td><td>Ex d IIC T6<\/td><td>IP66<\/td><td>130lm\/w<\/td><td>Ac85-265V AC\/DC 12V 24V 36V 48V<\/td><td>3000K-6500K<\/td><td>&gt;0.97<\/td><\/tr><\/tbody><\/table><\/figure>\n\n\n\n<div class=\"wp-block-uagb-container uagb-block-71139c7e\">\n<h2 class=\"wp-block-heading\">Explosionssichere Projektorleuchten Leistung:<\/h2>\n\n\n\n<p>50 W, 100 W, 150 W, 200 W, 250 W, 300 W, 400 W,<\/p>\n\n\n\n<h2 class=\"wp-block-heading\">Explosionssichere Projektorleuchten Zertifikat:<\/h2>\n\n\n\n<p><a href=\"http:\/\/www.iecex-certs.com\/\" rel=\"nofollow noopener\" target=\"_blank\">ATEX-Zertifikat<\/a><\/p>\n\n\n\n<h2 class=\"wp-block-heading\">Merkmale:<\/h2>\n\n\n\n<p> Diese Lampe ist eine wasserdichte, staubdichte und korrosionsbest\u00e4ndige industrielle Beleuchtungseinrichtung.<\/p>\n\n\n\n<p>Die Lampe besteht aus einer Lichtquellenkammer, einer Stromversorgungskammer und einer Verdrahtungskammer und ist abgedichtet ausgef\u00fchrt.<\/p>\n\n\n\n<p>Die Au\u00dfenh\u00fclle besteht aus einer hochwertigen Aluminiumlegierung, die im Druckgussverfahren hergestellt wird und sich durch hohe Festigkeit und schnelle W\u00e4rmeableitung auszeichnet; die Oberfl\u00e4che wird durch elektrostatisches Hochdruckspritzen behandelt und ist somit korrosionsbest\u00e4ndig.<\/p>\n\n\n\n<p>Die LED-Lichtquelle verwendet Chips mit hoher Helligkeit, die sich durch hohe Lichtausbeute, hervorragende Farbwiedergabe, geringe Lichtd\u00e4mpfung und eine extrem lange Lebensdauer auszeichnen. Sie ist wartungsfrei und erfordert keine sp\u00e4teren Wartungskosten.<\/p>\n\n\n\n<p>Die Stromversorgung wird von bekannten Marken ausgew\u00e4hlt. Es verwendet eine Konstantstrom-Isolationsl\u00f6sung mit breiter Spannung und einen hochwertigen, zuverl\u00e4ssigen LED-Treiber. Es hat kein Flimmern, wodurch die Wartungs- und Ersatzkosten f\u00fcr die Kunden reduziert werden.<\/p>\n\n\n\n<p>Das Design ist in zwei Teile geteilt, was die Installation und Wartung vor Ort erleichtert und die Verkabelung vor Ort vereinfacht.<\/p>\n\n\n\n<p>Das wissenschaftliche Design der Dichtungsstruktur, die speziell angefertigten Dichtungsstreifen und die Einbettungsmethode gew\u00e4hrleisten eine hervorragende wasser- und staubdichte Leistung und erm\u00f6glichen den Einsatz in rauen Umgebungen.<\/p>\n\n\n\n<h2 class=\"wp-block-heading\">Explosionsgesch\u00fctzte quadratische Lichter Details:<\/h2>\n\n\n\n<p>1<\/p>\n\n\n\n<figure class=\"wp-block-image aligncenter size-full\"><img decoding=\"async\" width=\"891\" height=\"314\" src=\"https:\/\/led.amasly.com\/wp-content\/uploads\/2026\/01\/Explosion-Proof-Projector-Light-detaisl.png\" alt=\"\" class=\"wp-image-4428\" title=\"\" srcset=\"https:\/\/led.amasly.com\/wp-content\/uploads\/2026\/01\/Explosion-Proof-Projector-Light-detaisl.png 891w, https:\/\/led.amasly.com\/wp-content\/uploads\/2026\/01\/Explosion-Proof-Projector-Light-detaisl-300x106.png 300w, https:\/\/led.amasly.com\/wp-content\/uploads\/2026\/01\/Explosion-Proof-Projector-Light-detaisl-768x271.png 768w, https:\/\/led.amasly.com\/wp-content\/uploads\/2026\/01\/Explosion-Proof-Projector-Light-detaisl-18x6.png 18w\" sizes=\"(max-width: 891px) 100vw, 891px\" \/><\/figure>\n\n\n\n<h2 class=\"wp-block-heading\">Explosionssichere Projektorleuchten Gr\u00f6\u00dfen und Installation:<\/h2>\n<\/div>\n\n\n\n<div class=\"wp-block-uagb-image uagb-block-0867b09d wp-block-uagb-image--layout-default wp-block-uagb-image--effect-static wp-block-uagb-image--align-none\"><figure class=\"wp-block-uagb-image__figure\"><img decoding=\"async\" srcset=\"https:\/\/led.amasly.com\/wp-content\/uploads\/2026\/01\/Explosion-Proof-Projector-Light-sizes.png ,https:\/\/led.amasly.com\/wp-content\/uploads\/2026\/01\/Explosion-Proof-Projector-Light-sizes.png 780w, https:\/\/led.amasly.com\/wp-content\/uploads\/2026\/01\/Explosion-Proof-Projector-Light-sizes.png 360w\" sizes=\"auto, (max-width: 480px) 150px\" src=\"https:\/\/led.amasly.com\/wp-content\/uploads\/2026\/01\/Explosion-Proof-Projector-Light-sizes.png\" alt=\"\" class=\"uag-image-4429\" width=\"300\" height=\"300\" title=\"Explosionsgesch\u00fctzte Projektorlampengr\u00f6\u00dfen\" loading=\"lazy\" role=\"img\"><\/figure><\/div>\n\n\n\n<div class=\"wp-block-uagb-image uagb-block-2c20e4ba wp-block-uagb-image--layout-default wp-block-uagb-image--effect-static wp-block-uagb-image--align-none\"><figure class=\"wp-block-uagb-image__figure\"><img decoding=\"async\" srcset=\"https:\/\/led.amasly.com\/wp-content\/uploads\/2026\/01\/Explosion-Proof-Projector-Light-installation.png ,https:\/\/led.amasly.com\/wp-content\/uploads\/2026\/01\/Explosion-Proof-Projector-Light-installation.png 780w, https:\/\/led.amasly.com\/wp-content\/uploads\/2026\/01\/Explosion-Proof-Projector-Light-installation.png 360w\" sizes=\"auto, (max-width: 480px) 150px\" src=\"https:\/\/led.amasly.com\/wp-content\/uploads\/2026\/01\/Explosion-Proof-Projector-Light-installation.png\" alt=\"\" class=\"uag-image-4430\" width=\"300\" height=\"300\" title=\"Explosionssichere Projektorlicht-Installation\" loading=\"lazy\" role=\"img\"><\/figure><\/div>\n\n\n\n<h2 class=\"wp-block-heading\"><strong>Anwendungen f\u00fcr explosionsgesch\u00fctzte quadratische LED-Projektorleuchten:<\/strong><\/h2>\n\n\n\n<p>Geeignet f\u00fcr die allgemeine Beleuchtung oder Notbeleuchtung in Innen- und Au\u00dfenbereichen mit explosiven Gasen oder D\u00e4mpfen der Kategorien IIA, IIB und IIC mit den Temperaturgruppen T1-T4; Bereiche 1, 2 oder 20, 21, 22, die explosiven oder brennbaren Staub enthalten.<\/p>\n\n\n\n<h2 class=\"wp-block-heading\"><strong>Amasly LED Explosionsgesch\u00fctzte Leuchten FAQ:<\/strong><\/h2>\n\n\n\n<ol class=\"wp-block-list\">\n<li><strong>K\u00f6nnen wir explosionsgesch\u00fctzte Niedervolt-Lampen mit AC\/DC-Spannungen von 12V, 24V, 36V oder 48V herstellen?<\/strong><\/li>\n<\/ol>\n\n\n\n<p>Amasly kann sowohl als Niederspannungs- als auch als Hochspannungsexplosionsschutzleuchte verwendet werden - AC\/DC 12V, 24V, 36V, 48V, AC 85-265V, AC 380V.<\/p>\n\n\n\n<ol start=\"2\" class=\"wp-block-list\">\n<li><strong>K\u00f6nnen Explosion Poof Lights Notbatterien hinzugef\u00fcgt werden?<\/strong><\/li>\n<\/ol>\n\n\n\n<p>Die explosionsgesch\u00fctzte Lampe Amasly kann mit Lithium-Notstrombatterien ausgestattet werden. Die Notlaufzeit betr\u00e4gt 90 Minuten, 120 Minuten oder 180 Minuten.<\/p>\n\n\n\n<ol start=\"3\" class=\"wp-block-list\">\n<li><strong>Kann die Amasly explosionsgesch\u00fctzte Lampe als OEM-Produkt angepasst werden?<\/strong><\/li>\n<\/ol>\n\n\n\n<p>Die explosionsgesch\u00fctzten Lampen von Amasly k\u00f6nnen je nach Kundenwunsch sowohl f\u00fcr die Lampen als auch f\u00fcr die Verpackungskartons angepasst werden.<\/p>\n\n\n\n<ol class=\"wp-block-list\"><\/ol>\n<\/div>\n<\/div>\n<\/div>\n<\/div>\n<\/div><\/div>\n<\/div>\n<\/div>\n\n\n\n<h2 class=\"wp-block-heading\">Verwandte Produkte<\/h2>\n\n\n\n<div class=\"wp-block-uagb-container uagb-block-66e4defc alignfull uagb-is-root-container\"><div class=\"uagb-container-inner-blocks-wrap\">\n<div class=\"wp-block-uagb-container uagb-block-a42945f9\">\n<div class=\"wp-block-uagb-image uagb-block-7296296b wp-block-uagb-image--layout-default wp-block-uagb-image--effect-static wp-block-uagb-image--align-none\"><figure class=\"wp-block-uagb-image__figure\"><a class=\"\" href=\"https:\/\/led.amasly.com\/de\/products\/explosion-proof-lights\/\" target=\"\" rel=\"noopener\"><img decoding=\"async\" srcset=\"https:\/\/led.amasly.com\/wp-content\/uploads\/2024\/09\/Explosion-proof-high-bay-lights.png ,https:\/\/led.amasly.com\/wp-content\/uploads\/2024\/09\/Explosion-proof-high-bay-lights.png 780w, https:\/\/led.amasly.com\/wp-content\/uploads\/2024\/09\/Explosion-proof-high-bay-lights.png 360w\" sizes=\"auto, (max-width: 480px) 150px\" src=\"https:\/\/led.amasly.com\/wp-content\/uploads\/2024\/09\/Explosion-proof-high-bay-lights.png\" alt=\"\" class=\"uag-image-1495\" width=\"300\" height=\"300\" title=\"Explosionsgesch\u00fctzte Hochregallampen\" loading=\"lazy\" role=\"img\"><\/a><\/figure><\/div>\n<\/div>\n\n\n\n<div class=\"wp-block-uagb-container uagb-block-4d3efde5\">\n<div class=\"wp-block-uagb-image uagb-block-c9e90797 wp-block-uagb-image--layout-default wp-block-uagb-image--effect-static wp-block-uagb-image--align-none\"><figure class=\"wp-block-uagb-image__figure\"><a class=\"\" href=\"https:\/\/led.amasly.com\/de\/products\/ex-proof-electrical-appliance\/\" target=\"\" rel=\"noopener\"><img decoding=\"async\" srcset=\"https:\/\/led.amasly.com\/wp-content\/uploads\/2025\/01\/Explosion-proof-axial-flow-fan.jpg ,https:\/\/led.amasly.com\/wp-content\/uploads\/2025\/01\/Explosion-proof-axial-flow-fan.jpg 780w, https:\/\/led.amasly.com\/wp-content\/uploads\/2025\/01\/Explosion-proof-axial-flow-fan.jpg 360w\" sizes=\"auto, (max-width: 480px) 150px\" src=\"https:\/\/led.amasly.com\/wp-content\/uploads\/2025\/01\/Explosion-proof-axial-flow-fan.jpg\" alt=\"Ex-Proof Electrical Appliance\" class=\"uag-image-1767\" width=\"300\" height=\"300\" title=\"Explosionsgesch\u00fctzter Axialventilator\" loading=\"lazy\" role=\"img\"\/><\/a><\/figure><\/div>\n<\/div>\n\n\n\n<div class=\"wp-block-uagb-container uagb-block-11c2578b\">\n<div class=\"wp-block-uagb-image uagb-block-6e8883aa wp-block-uagb-image--layout-default wp-block-uagb-image--effect-static wp-block-uagb-image--align-none\"><figure class=\"wp-block-uagb-image__figure\"><a class=\"\" href=\"https:\/\/led.amasly.com\/de\/products\/explosion-proof-lights\/\" target=\"\" rel=\"noopener\"><img decoding=\"async\" srcset=\"https:\/\/led.amasly.com\/wp-content\/uploads\/2024\/09\/LED-Explosion-Proof-Gas-Station-Light.png ,https:\/\/led.amasly.com\/wp-content\/uploads\/2024\/09\/LED-Explosion-Proof-Gas-Station-Light.png 780w, https:\/\/led.amasly.com\/wp-content\/uploads\/2024\/09\/LED-Explosion-Proof-Gas-Station-Light.png 360w\" sizes=\"auto, (max-width: 480px) 150px\" src=\"https:\/\/led.amasly.com\/wp-content\/uploads\/2024\/09\/LED-Explosion-Proof-Gas-Station-Light.png\" alt=\"\" class=\"uag-image-1501\" width=\"300\" height=\"300\" title=\"LED Explosionssichere Tankstellenleuchte\" loading=\"lazy\" role=\"img\"><\/a><\/figure><\/div>\n<\/div>\n<\/div><\/div>\n\n\n\n<div class=\"wp-block-uagb-container uagb-block-548945b5 alignfull uagb-is-root-container\"><div class=\"uagb-container-inner-blocks-wrap\">\n<div class=\"wp-block-uagb-container uagb-block-967755d5\">\n<h4 class=\"wp-block-heading has-text-align-center\"><a href=\"https:\/\/led.amasly.com\/de\/products\/explosion-proof-lights\/\">LED-Explosionsgesch\u00fctzte Lichter<\/a><\/h4>\n<\/div>\n\n\n\n<div class=\"wp-block-uagb-container uagb-block-9bc52fc2\">\n<h4 class=\"wp-block-heading has-text-align-center\"><a href=\"https:\/\/led.amasly.com\/de\/products\/ex-proof-electrical-appliance\/\">Ex-gesch\u00fctztes Elektroger\u00e4t<\/a><\/h4>\n<\/div>\n\n\n\n<div class=\"wp-block-uagb-container uagb-block-8ffa0a23\">\n<h4 class=\"wp-block-heading has-text-align-center\"><a href=\"https:\/\/led.amasly.com\/de\/products\/explosion-proof-lights\/\">Explosionssichere Tankstellenbeleuchtungen<\/a><\/h4>\n<\/div>\n<\/div><\/div>\n\n\n\n<div class=\"wp-block-uagb-container uagb-block-29499fe0 alignfull uagb-is-root-container\"><div class=\"uagb-container-inner-blocks-wrap\">\n<div class=\"wp-block-uagb-container uagb-block-777ee1c7\">\n<div class=\"wp-block-uagb-image uagb-block-2e9a1851 wp-block-uagb-image--layout-default wp-block-uagb-image--effect-static wp-block-uagb-image--align-none\"><figure class=\"wp-block-uagb-image__figure\"><a class=\"\" href=\"https:\/\/led.amasly.com\/de\/products\/led-flood-lights\/\" target=\"\" rel=\"noopener\"><img decoding=\"async\" srcset=\"https:\/\/led.amasly.com\/wp-content\/uploads\/2024\/10\/50W-100W-150W-200W-300W-LED-Flood-Light.jpg ,https:\/\/led.amasly.com\/wp-content\/uploads\/2024\/10\/50W-100W-150W-200W-300W-LED-Flood-Light.jpg 780w, https:\/\/led.amasly.com\/wp-content\/uploads\/2024\/10\/50W-100W-150W-200W-300W-LED-Flood-Light.jpg 360w\" sizes=\"auto, (max-width: 480px) 150px\" src=\"https:\/\/led.amasly.com\/wp-content\/uploads\/2024\/10\/50W-100W-150W-200W-300W-LED-Flood-Light.jpg\" alt=\"\" class=\"uag-image-1526\" width=\"300\" height=\"300\" title=\"50W 100W 150W 200W 300W LED-Flutlicht\" loading=\"lazy\" role=\"img\"><\/a><\/figure><\/div>\n<\/div>\n\n\n\n<div class=\"wp-block-uagb-container uagb-block-af8c8683\">\n<div class=\"wp-block-uagb-image uagb-block-67947854 wp-block-uagb-image--layout-default wp-block-uagb-image--effect-static wp-block-uagb-image--align-none\"><figure class=\"wp-block-uagb-image__figure\"><a class=\"\" href=\"https:\/\/led.amasly.com\/de\/products\/led-high-bay-light\/\" target=\"\" rel=\"noopener\"><img decoding=\"async\" srcset=\"https:\/\/led.amasly.com\/wp-content\/uploads\/2025\/05\/high-bay-light.webp ,https:\/\/led.amasly.com\/wp-content\/uploads\/2025\/05\/high-bay-light.webp 780w, https:\/\/led.amasly.com\/wp-content\/uploads\/2025\/05\/high-bay-light.webp 360w\" sizes=\"auto, (max-width: 480px) 150px\" src=\"https:\/\/led.amasly.com\/wp-content\/uploads\/2025\/05\/high-bay-light.webp\" alt=\"\" class=\"uag-image-3954\" width=\"300\" height=\"300\" title=\"Hochregallampe\" loading=\"lazy\" role=\"img\"><\/a><\/figure><\/div>\n<\/div>\n\n\n\n<div class=\"wp-block-uagb-container uagb-block-0fdfdd58\">\n<div class=\"wp-block-uagb-image uagb-block-1187d32d wp-block-uagb-image--layout-default wp-block-uagb-image--effect-static wp-block-uagb-image--align-none\"><figure class=\"wp-block-uagb-image__figure\"><a class=\"\" href=\"https:\/\/led.amasly.com\/de\/products\/\" target=\"\" rel=\"noopener\"><img decoding=\"async\" srcset=\"https:\/\/led.amasly.com\/wp-content\/uploads\/2024\/07\/LED-street-light.jpg ,https:\/\/led.amasly.com\/wp-content\/uploads\/2024\/07\/LED-street-light.jpg 780w, https:\/\/led.amasly.com\/wp-content\/uploads\/2024\/07\/LED-street-light.jpg 360w\" sizes=\"auto, (max-width: 480px) 150px\" src=\"https:\/\/led.amasly.com\/wp-content\/uploads\/2024\/07\/LED-street-light.jpg\" alt=\"\" class=\"uag-image-1145\" width=\"300\" height=\"300\" title=\"LED-Stra\u00dfenlaterne\" loading=\"lazy\" role=\"img\"><\/a><\/figure><\/div>\n<\/div>\n<\/div><\/div>\n\n\n\n<div class=\"wp-block-uagb-container uagb-block-6a60882c alignfull uagb-is-root-container\"><div class=\"uagb-container-inner-blocks-wrap\">\n<div class=\"wp-block-uagb-container uagb-block-f1e91a35\">\n<h4 class=\"wp-block-heading has-text-align-center\"><a href=\"https:\/\/led.amasly.com\/de\/products\/led-flood-lights\/\">LED-Flutlichter<\/a><\/h4>\n<\/div>\n\n\n\n<div class=\"wp-block-uagb-container uagb-block-165bfa58\">\n<h4 class=\"wp-block-heading has-text-align-center\"><a href=\"https:\/\/led.amasly.com\/de\/products\/led-high-bay-light\/\">LED-Hochregallampen<\/a><\/h4>\n<\/div>\n\n\n\n<div class=\"wp-block-uagb-container uagb-block-f6096e3b\">\n<h4 class=\"wp-block-heading has-text-align-center\"><a href=\"https:\/\/led.amasly.com\/de\/products\/https:\/\/led.amasly.com\/products\/led-street-lights\/\">LED-Stra\u00dfenlaternen<\/a><\/h4>\n<\/div>\n<\/div><\/div>\n\n\n\n<div class=\"wp-block-uagb-container uagb-block-99c0e0a5 alignfull uagb-is-root-container\"><div class=\"uagb-container-inner-blocks-wrap\"><\/div><\/div>","protected":false},"excerpt":{"rendered":"<p>LED Explosion Proof Square Lights, Explosion Proof Projector Light Content Contact Scope of application 1. widely used in oil mining, oil refining, chemical, military and other dangerous environmental places of the factory and road lighting 2. suitable for coastal, river and other wind pressure, wind speed environment; 3. suitable for thousands of explosive gas environment [&hellip;]<\/p>\n","protected":false},"author":1,"featured_media":0,"parent":1156,"menu_order":2,"comment_status":"closed","ping_status":"closed","template":"","meta":{"_uag_custom_page_level_css":"","site-sidebar-layout":"no-sidebar","site-content-layout":"","ast-site-content-layout":"default","site-content-style":"default","site-sidebar-style":"default","ast-global-header-display":"","ast-banner-title-visibility":"","ast-main-header-display":"","ast-hfb-above-header-display":"","ast-hfb-below-header-display":"","ast-hfb-mobile-header-display":"","site-post-title":"disabled","ast-breadcrumbs-content":"","ast-featured-img":"","footer-sml-layout":"","ast-disable-related-posts":"","theme-transparent-header-meta":"enabled","adv-header-id-meta":"","stick-header-meta":"","header-above-stick-meta":"","header-main-stick-meta":"","header-below-stick-meta":"","astra-migrate-meta-layouts":"set","ast-page-background-enabled":"default","ast-page-background-meta":{"desktop":{"background-color":"var(--ast-global-color-4)","background-image":"","background-repeat":"repeat","background-position":"center center","background-size":"auto","background-attachment":"scroll","background-type":"","background-media":"","overlay-type":"","overlay-color":"","overlay-opacity":"","overlay-gradient":""},"tablet":{"background-color":"","background-image":"","background-repeat":"repeat","background-position":"center center","background-size":"auto","background-attachment":"scroll","background-type":"","background-media":"","overlay-type":"","overlay-color":"","overlay-opacity":"","overlay-gradient":""},"mobile":{"background-color":"","background-image":"","background-repeat":"repeat","background-position":"center center","background-size":"auto","background-attachment":"scroll","background-type":"","background-media":"","overlay-type":"","overlay-color":"","overlay-opacity":"","overlay-gradient":""}},"ast-content-background-meta":{"desktop":{"background-color":"var(--ast-global-color-5)","background-image":"","background-repeat":"repeat","background-position":"center center","background-size":"auto","background-attachment":"scroll","background-type":"","background-media":"","overlay-type":"","overlay-color":"","overlay-opacity":"","overlay-gradient":""},"tablet":{"background-color":"var(--ast-global-color-5)","background-image":"","background-repeat":"repeat","background-position":"center center","background-size":"auto","background-attachment":"scroll","background-type":"","background-media":"","overlay-type":"","overlay-color":"","overlay-opacity":"","overlay-gradient":""},"mobile":{"background-color":"var(--ast-global-color-5)","background-image":"","background-repeat":"repeat","background-position":"center center","background-size":"auto","background-attachment":"scroll","background-type":"","background-media":"","overlay-type":"","overlay-color":"","overlay-opacity":"","overlay-gradient":""}},"footnotes":"[]"},"class_list":["post-4427","page","type-page","status-publish","hentry"],"uagb_featured_image_src":{"full":false,"thumbnail":false,"medium":false,"medium_large":false,"large":false,"1536x1536":false,"2048x2048":false,"trp-custom-language-flag":false},"uagb_author_info":{"display_name":"Joe","author_link":"https:\/\/led.amasly.com\/de\/author\/jacklin\/"},"uagb_comment_info":0,"uagb_excerpt":"LED Explosion Proof Square Lights, Explosion Proof Projector Light Content Contact Scope of application 1. widely used in oil mining, oil refining, chemical, military and other dangerous environmental places of the factory and road lighting 2. suitable for coastal, river and other wind pressure, wind speed environment; 3. suitable for thousands of explosive gas environment&hellip;","_links":{"self":[{"href":"https:\/\/led.amasly.com\/de\/wp-json\/wp\/v2\/pages\/4427","targetHints":{"allow":["GET"]}}],"collection":[{"href":"https:\/\/led.amasly.com\/de\/wp-json\/wp\/v2\/pages"}],"about":[{"href":"https:\/\/led.amasly.com\/de\/wp-json\/wp\/v2\/types\/page"}],"author":[{"embeddable":true,"href":"https:\/\/led.amasly.com\/de\/wp-json\/wp\/v2\/users\/1"}],"replies":[{"embeddable":true,"href":"https:\/\/led.amasly.com\/de\/wp-json\/wp\/v2\/comments?post=4427"}],"version-history":[{"count":2,"href":"https:\/\/led.amasly.com\/de\/wp-json\/wp\/v2\/pages\/4427\/revisions"}],"predecessor-version":[{"id":4466,"href":"https:\/\/led.amasly.com\/de\/wp-json\/wp\/v2\/pages\/4427\/revisions\/4466"}],"up":[{"embeddable":true,"href":"https:\/\/led.amasly.com\/de\/wp-json\/wp\/v2\/pages\/1156"}],"wp:attachment":[{"href":"https:\/\/led.amasly.com\/de\/wp-json\/wp\/v2\/media?parent=4427"}],"curies":[{"name":"wp","href":"https:\/\/api.w.org\/{rel}","templated":true}]}}