{"id":4421,"date":"2026-01-15T20:32:07","date_gmt":"2026-01-15T12:32:07","guid":{"rendered":"https:\/\/led.amasly.com\/?page_id=4421"},"modified":"2026-01-24T20:27:42","modified_gmt":"2026-01-24T12:27:42","slug":"dont-underestimate-construction-site-street-lights-choose-right-use-right-and-speed-up-your-project","status":"publish","type":"page","link":"https:\/\/led.amasly.com\/de\/knowledge\/outdoor-light-knowledge\/dont-underestimate-construction-site-street-lights-choose-right-use-right-and-speed-up-your-project\/","title":{"rendered":"Untersch\u00e4tzen Sie die Stra\u00dfenbeleuchtung auf der Baustelle nicht! Richtig ausw\u00e4hlen, richtig einsetzen und Ihr Projekt beschleunigen"},"content":{"rendered":"<div class=\"wp-block-uagb-container uagb-block-27bae773 alignfull uagb-is-root-container\"><div class=\"uagb-container-inner-blocks-wrap\"><\/div><\/div>\n\n\n\n<h1 class=\"wp-block-heading has-text-align-center\"><strong>Untersch\u00e4tzen Sie den Bau nicht <\/strong><strong>Baustelle Stra\u00dfe <\/strong><strong>Licht<\/strong><strong>s<\/strong><strong>! Richtig ausw\u00e4hlen, richtig einsetzen und Ihr Projekt beschleunigen<\/strong><strong><\/strong><\/h1>\n\n\n\n<p>Bei verschiedenen Bauprojekten - von st\u00e4dtischen Stra\u00dfensanierungen bis hin zum Bau von Fabriken am Stadtrand - ist die Beleuchtung nach wie vor ein entscheidender Faktor f\u00fcr den Projektfortschritt. Aufgrund der begrenzten Tagesarbeitszeit und des engen Zeitplans sind Nachtarbeiten bei vielen Projekten zur Routine geworden. Als \u201cHauptbeleuchtungseinrichtung\u201d im Bauwesen sorgen Stra\u00dfenlaternen nicht nur f\u00fcr klare Sicht bei den Arbeiten, sondern auch f\u00fcr Sicherheit und Effizienz beim Bau.<\/p>\n\n\n\n<figure class=\"wp-block-image aligncenter size-full\"><img decoding=\"async\" width=\"300\" height=\"300\" src=\"https:\/\/led.amasly.com\/wp-content\/uploads\/2026\/01\/LED-street-light.jpg\" alt=\"Street Lights\" class=\"wp-image-4422\" title=\"\" srcset=\"https:\/\/led.amasly.com\/wp-content\/uploads\/2026\/01\/LED-street-light.jpg 300w, https:\/\/led.amasly.com\/wp-content\/uploads\/2026\/01\/LED-street-light-150x150.jpg 150w, https:\/\/led.amasly.com\/wp-content\/uploads\/2026\/01\/LED-street-light-12x12.jpg 12w\" sizes=\"(max-width: 300px) 100vw, 300px\" \/><\/figure>\n\n\n\n<h2 class=\"wp-block-heading\"><strong>I. Praktischer Wert der Konstruktion <\/strong><strong>Baustelle Stra\u00dfe <\/strong><strong>Licht<\/strong><strong>s<\/strong><strong>&nbsp;in Standortumgebungen<\/strong><strong><\/strong><\/h2>\n\n\n\n<h3 class=\"wp-block-heading\"><strong>Anpassungsf\u00e4higkeit an unterschiedliche Bauumgebungen<\/strong><strong><\/strong><\/h3>\n\n\n\n<p>Ob bei der Reparatur von unterirdischen Rohrleitungen in engen Gassen oder bei der Errichtung von Stahlkonstruktionen auf freiem Feld, spezialisierte Stra\u00dfenleuchten k\u00f6nnen kritische Arbeitsbereiche - wie z. B. das Verlegen von Bewehrungsst\u00e4ben oder die Montage von Ausr\u00fcstungen - pr\u00e4zise ausleuchten, indem sie die Neigungswinkel und Montageh\u00f6hen anpassen. Angemessene Beleuchtung minimiert Fehler bei Pr\u00e4zisionsarbeiten, verringert die Nacharbeitsrate und sichert die Bauqualit\u00e4t.<\/p>\n\n\n\n<h3 class=\"wp-block-heading\"><strong>Hohe Mobilit\u00e4t<\/strong><strong><\/strong><\/h3>\n\n\n\n<p>Die meisten Baustellenleuchten sind mit R\u00e4dern oder Tragegriffen ausgestattet, so dass keine vorverkabelten Installationen erforderlich sind. Die Arbeiter k\u00f6nnen sie je nach Bedarf flexibel in Bereiche wie Baugruben oder Materialtransportwege verlegen, sich an h\u00e4ufig wechselnde Arbeitsbereiche anpassen und umst\u00e4ndliche Auf- und Abbauverfahren f\u00fcr die Verkabelung umgehen.<\/p>\n\n\n\n<h3 class=\"wp-block-heading\"><strong>Langlebigkeit f\u00fcr Bauumgebungen<\/strong><strong><\/strong><\/h3>\n\n\n\n<p>Diese f\u00fcr staubige, vibrationsintensive Standorte entwickelten Leuchten verf\u00fcgen \u00fcber robuste technische Kunststoffgeh\u00e4use und staubdichte Konstruktionen, um rauen Bedingungen zu widerstehen. Sie bieten au\u00dferdem eine verl\u00e4ngerte Laufzeit mit gleichbleibender Helligkeit f\u00fcr mehr als zehn Stunden Dauerbetrieb und verhindern so Zeitverz\u00f6gerungen durch h\u00e4ufiges Austauschen oder Aufladen der Batterien.<\/p>\n\n\n\n<h2 class=\"wp-block-heading\"><strong>II. Wichtige \u00dcberlegungen zur Konstruktion <\/strong><strong>Baustelle Stra\u00dfe <\/strong><strong>Licht<\/strong><strong>s<\/strong><strong><\/strong><\/h2>\n\n\n\n<h3 class=\"wp-block-heading\"><strong>Vermeiden Sie bei der Installation Gefahrenzonen<\/strong><strong><\/strong><\/h3>\n\n\n\n<p>Konsultieren Sie vor der Installation den Lageplan des Standorts, um die Leuchten nicht in der N\u00e4he von unterirdischen Kabeln, Wasserrohren und anderen Infrastruktureinrichtungen zu positionieren, damit sie beim Aufbau nicht besch\u00e4digt werden. Vermeiden Sie au\u00dferdem den Aktionsradius von gro\u00dfen Maschinen wie Kr\u00e4nen und Baggern, um Kollisionen zu vermeiden, die die Leuchten besch\u00e4digen oder Unf\u00e4lle verursachen k\u00f6nnten.<\/p>\n\n\n\n<h3 class=\"wp-block-heading\"><strong>Schutzma\u00dfnahmen im Freien umsetzen<\/strong><strong><\/strong><\/h3>\n\n\n\n<p>\u00dcberpr\u00fcfen Sie bei Installationen im Freien die wasserdichten Dichtungen und die Integrit\u00e4t der Verkabelung vor Regen, um feuchtigkeitsbedingte Kurzschl\u00fcsse zu vermeiden. Lagern Sie die tragbaren Leuchten nach n\u00e4chtlicher Arbeitsunterbrechung unter einem Regenschutz oder stellen Sie Warnkegel und reflektierendes Klebeband um sie herum auf, um eine versehentliche Ber\u00fchrung durch Personal oder Fahrzeuge zu verhindern.<\/p>\n\n\n\n<h3 class=\"wp-block-heading\"><strong>Auswahl geeigneter Beleuchtungsmodelle entsprechend den Anforderungen<\/strong><strong><\/strong><\/h3>\n\n\n\n<p>Vermeiden Sie das blinde Streben nach hoher Helligkeit. Entscheiden Sie sich f\u00fcr ein bestimmtes Bauvorhaben: F\u00fcr detaillierte Arbeiten wie Wandverputz oder Rohrschwei\u00dfen sollten Sie Fluter mit weichem Licht verwenden, damit die Arbeiten nicht durch Blendung beeintr\u00e4chtigt werden. F\u00fcr gro\u00df angelegte Szenarien wie die Ausleuchtung der gesamten Baustelle oder den Einsatz von schwerem Ger\u00e4t sind Flutlichtstrahler mit hoher Helligkeit unerl\u00e4sslich, um eine umfassende Abdeckung ohne dunkle Flecken zu gew\u00e4hrleisten.<\/p>\n\n\n\n<h2 class=\"wp-block-heading\"><strong>Zusammenfassung der Stra\u00dfenbeleuchtungen<\/strong><\/h2>\n\n\n\n<p>F\u00fcr Bauunternehmen dient eine \u00e4u\u00dferst anpassungsf\u00e4hige und langlebige Leuchte sowohl als \u201cSchutzschild\u201d f\u00fcr die Sicherheit der Arbeiter als auch als \u201cBooster\u201d zur Beschleunigung des Projektfortschritts. Unsere bauspezifischen Flutlichtstrahler sind mit gro\u00dfen, feststellbaren Rollen ausgestattet und bestehen Falltests aus 1,5 Metern H\u00f6he sowie die IP65-Zertifizierung f\u00fcr Staub- und Wasserdichtigkeit, so dass sie sich f\u00fcr die unterschiedlichsten Einsatzorte eignen, z. B. f\u00fcr st\u00e4dtische Stra\u00dfen, kommunale Rohrleitungen und Fabriken am Stadtrand. Wenn Sie vor Herausforderungen bei der Beleuchtung von Baustellen stehen, sollten Sie sich unsere L\u00f6sungen ansehen, um die Sicherheit und Effizienz bei Ihren Projekten zu verbessern.<\/p>\n\n\n\n<p class=\"has-text-align-left\">Amasly Lighting, ein professionelles Markenunternehmen f\u00fcr industrielle Beleuchtung mit den offiziellen Websites led.amasly.com und amasly.com, ist auf die integrierte Forschung und Entwicklung, Produktion und den Verkauf von industriellen Beleuchtungsk\u00f6rpern spezialisiert. Das Unternehmen konzentriert sich auf den s\u00fcdostasiatischen Markt und den Nahen Osten und verkauft seine Produkte in \u00fcber 100 L\u00e4nder und Regionen weltweit. Alle explosionsgesch\u00fctzten Produkte erf\u00fcllen die Anforderungen der ATEX-Zertifizierung. Zu den wichtigsten Produktlinien geh\u00f6ren: explosionsgesch\u00fctzte Leuchten, explosionsgesch\u00fctzte elektrische Ger\u00e4te, Hochregallampen, Flutlichter, Stra\u00dfenleuchten, Solarleuchten und mehr.<\/p>\n\n\n\n<p>Standard: <a href=\"http:\/\/www.iec.com\" rel=\"nofollow noopener\" target=\"_blank\">IEC60598<\/a><\/p>\n\n\n\n<div class=\"wp-block-uagb-container uagb-block-c7d898dd alignfull uagb-is-root-container\"><div class=\"uagb-container-inner-blocks-wrap\"><\/div><\/div>\n\n\n\n<h2 class=\"wp-block-heading\">Verwandte Produkte<\/h2>\n\n\n\n<div class=\"wp-block-uagb-container uagb-block-66e4defc alignfull uagb-is-root-container\"><div class=\"uagb-container-inner-blocks-wrap\">\n<div class=\"wp-block-uagb-container uagb-block-a42945f9\">\n<div class=\"wp-block-uagb-image uagb-block-7296296b wp-block-uagb-image--layout-default wp-block-uagb-image--effect-static wp-block-uagb-image--align-none\"><figure class=\"wp-block-uagb-image__figure\"><a class=\"\" href=\"https:\/\/led.amasly.com\/de\/products\/\" target=\"\" rel=\"noopener\"><img decoding=\"async\" srcset=\"https:\/\/led.amasly.com\/wp-content\/uploads\/2024\/09\/Explosion-proof-high-bay-lights.png ,https:\/\/led.amasly.com\/wp-content\/uploads\/2024\/09\/Explosion-proof-high-bay-lights.png 780w, https:\/\/led.amasly.com\/wp-content\/uploads\/2024\/09\/Explosion-proof-high-bay-lights.png 360w\" sizes=\"auto, (max-width: 480px) 150px\" src=\"https:\/\/led.amasly.com\/wp-content\/uploads\/2024\/09\/Explosion-proof-high-bay-lights.png\" alt=\"\" class=\"uag-image-1495\" width=\"300\" height=\"300\" title=\"Explosionsgesch\u00fctzte Hochregallampen\" loading=\"lazy\" role=\"img\"><\/a><\/figure><\/div>\n<\/div>\n\n\n\n<div class=\"wp-block-uagb-container uagb-block-4d3efde5\">\n<div class=\"wp-block-uagb-image uagb-block-c9e90797 wp-block-uagb-image--layout-default wp-block-uagb-image--effect-static wp-block-uagb-image--align-none\"><figure class=\"wp-block-uagb-image__figure\"><a class=\"\" href=\"https:\/\/led.amasly.com\/de\/products\/\" target=\"\" rel=\"noopener\"><img decoding=\"async\" srcset=\"https:\/\/led.amasly.com\/wp-content\/uploads\/2024\/07\/LED-tri-proof-lights2.png ,https:\/\/led.amasly.com\/wp-content\/uploads\/2024\/07\/LED-tri-proof-lights2.png 780w, https:\/\/led.amasly.com\/wp-content\/uploads\/2024\/07\/LED-tri-proof-lights2.png 360w\" sizes=\"auto, (max-width: 480px) 150px\" src=\"https:\/\/led.amasly.com\/wp-content\/uploads\/2024\/07\/LED-tri-proof-lights2.png\" alt=\"\" class=\"uag-image-1132\" width=\"300\" height=\"300\" title=\"LED-Dreifach-Leuchten2\" loading=\"lazy\" role=\"img\"><\/a><\/figure><\/div>\n<\/div>\n\n\n\n<div class=\"wp-block-uagb-container uagb-block-11c2578b\">\n<div class=\"wp-block-uagb-image uagb-block-6e8883aa wp-block-uagb-image--layout-default wp-block-uagb-image--effect-static wp-block-uagb-image--align-none\"><figure class=\"wp-block-uagb-image__figure\"><a class=\"\" href=\"https:\/\/led.amasly.com\/de\/products\/\" target=\"\" rel=\"noopener\"><img decoding=\"async\" srcset=\"https:\/\/led.amasly.com\/wp-content\/uploads\/2024\/09\/LED-Explosion-Proof-Gas-Station-Light.png ,https:\/\/led.amasly.com\/wp-content\/uploads\/2024\/09\/LED-Explosion-Proof-Gas-Station-Light.png 780w, https:\/\/led.amasly.com\/wp-content\/uploads\/2024\/09\/LED-Explosion-Proof-Gas-Station-Light.png 360w\" sizes=\"auto, (max-width: 480px) 150px\" src=\"https:\/\/led.amasly.com\/wp-content\/uploads\/2024\/09\/LED-Explosion-Proof-Gas-Station-Light.png\" alt=\"\" class=\"uag-image-1501\" width=\"300\" height=\"300\" title=\"LED Explosionssichere Tankstellenleuchte\" loading=\"lazy\" role=\"img\"><\/a><\/figure><\/div>\n<\/div>\n<\/div><\/div>\n\n\n\n<div class=\"wp-block-uagb-container uagb-block-548945b5 alignfull uagb-is-root-container\"><div class=\"uagb-container-inner-blocks-wrap\">\n<div class=\"wp-block-uagb-container uagb-block-967755d5\">\n<h4 class=\"wp-block-heading has-text-align-center\"><a href=\"https:\/\/led.amasly.com\/de\/products\/\">LED-Explosionsgesch\u00fctzte Lichter<\/a><\/h4>\n<\/div>\n\n\n\n<div class=\"wp-block-uagb-container uagb-block-9bc52fc2\">\n<h4 class=\"wp-block-heading has-text-align-center\"><a href=\"https:\/\/led.amasly.com\/de\/products\/\">LED Tri-Proof-Leuchten<\/a><\/h4>\n<\/div>\n\n\n\n<div class=\"wp-block-uagb-container uagb-block-8ffa0a23\">\n<h4 class=\"wp-block-heading has-text-align-center\"><a href=\"https:\/\/led.amasly.com\/de\/products\/\">Explosionssichere Tankstellenbeleuchtungen<\/a><\/h4>\n<\/div>\n<\/div><\/div>\n\n\n\n<div class=\"wp-block-uagb-container uagb-block-29499fe0 alignfull uagb-is-root-container\"><div class=\"uagb-container-inner-blocks-wrap\">\n<div class=\"wp-block-uagb-container uagb-block-777ee1c7\">\n<div class=\"wp-block-uagb-image uagb-block-2e9a1851 wp-block-uagb-image--layout-default wp-block-uagb-image--effect-static wp-block-uagb-image--align-none\"><figure class=\"wp-block-uagb-image__figure\"><a class=\"\" href=\"https:\/\/led.amasly.com\/de\/products\/\" target=\"\" rel=\"noopener\"><img decoding=\"async\" srcset=\"https:\/\/led.amasly.com\/wp-content\/uploads\/2024\/10\/50W-100W-150W-200W-300W-LED-Flood-Light.jpg ,https:\/\/led.amasly.com\/wp-content\/uploads\/2024\/10\/50W-100W-150W-200W-300W-LED-Flood-Light.jpg 780w, https:\/\/led.amasly.com\/wp-content\/uploads\/2024\/10\/50W-100W-150W-200W-300W-LED-Flood-Light.jpg 360w\" sizes=\"auto, (max-width: 480px) 150px\" src=\"https:\/\/led.amasly.com\/wp-content\/uploads\/2024\/10\/50W-100W-150W-200W-300W-LED-Flood-Light.jpg\" alt=\"\" class=\"uag-image-1526\" width=\"300\" height=\"300\" title=\"50W 100W 150W 200W 300W LED-Flutlicht\" loading=\"lazy\" role=\"img\"><\/a><\/figure><\/div>\n<\/div>\n\n\n\n<div class=\"wp-block-uagb-container uagb-block-af8c8683\">\n<div class=\"wp-block-uagb-image uagb-block-67947854 wp-block-uagb-image--layout-default wp-block-uagb-image--effect-static wp-block-uagb-image--align-none\"><figure class=\"wp-block-uagb-image__figure\"><a class=\"\" href=\"https:\/\/led.amasly.com\/de\/products\/\" target=\"\" rel=\"noopener\"><img decoding=\"async\" srcset=\"https:\/\/led.amasly.com\/wp-content\/uploads\/2024\/07\/led-tri-proof-light.png ,https:\/\/led.amasly.com\/wp-content\/uploads\/2024\/07\/led-tri-proof-light.png 780w, https:\/\/led.amasly.com\/wp-content\/uploads\/2024\/07\/led-tri-proof-light.png 360w\" sizes=\"auto, (max-width: 480px) 150px\" src=\"https:\/\/led.amasly.com\/wp-content\/uploads\/2024\/07\/led-tri-proof-light.png\" alt=\"\" class=\"uag-image-1130\" width=\"300\" height=\"300\" title=\"led-tri-proof-licht\" loading=\"lazy\" role=\"img\"><\/a><\/figure><\/div>\n<\/div>\n\n\n\n<div class=\"wp-block-uagb-container uagb-block-0fdfdd58\">\n<div class=\"wp-block-uagb-image uagb-block-1187d32d wp-block-uagb-image--layout-default wp-block-uagb-image--effect-static wp-block-uagb-image--align-none\"><figure class=\"wp-block-uagb-image__figure\"><a class=\"\" href=\"https:\/\/led.amasly.com\/de\/products\/\" target=\"\" rel=\"noopener\"><img decoding=\"async\" srcset=\"https:\/\/led.amasly.com\/wp-content\/uploads\/2024\/07\/LED-street-light.jpg ,https:\/\/led.amasly.com\/wp-content\/uploads\/2024\/07\/LED-street-light.jpg 780w, https:\/\/led.amasly.com\/wp-content\/uploads\/2024\/07\/LED-street-light.jpg 360w\" sizes=\"auto, (max-width: 480px) 150px\" src=\"https:\/\/led.amasly.com\/wp-content\/uploads\/2024\/07\/LED-street-light.jpg\" alt=\"\" class=\"uag-image-1145\" width=\"300\" height=\"300\" title=\"LED-Stra\u00dfenlaterne\" loading=\"lazy\" role=\"img\"><\/a><\/figure><\/div>\n<\/div>\n<\/div><\/div>\n\n\n\n<div class=\"wp-block-uagb-container uagb-block-6a60882c alignfull uagb-is-root-container\"><div class=\"uagb-container-inner-blocks-wrap\">\n<div class=\"wp-block-uagb-container uagb-block-f1e91a35\">\n<h4 class=\"wp-block-heading has-text-align-center\"><a href=\"https:\/\/led.amasly.com\/de\/products\/\">LED-Flutlichter<\/a><\/h4>\n<\/div>\n\n\n\n<div class=\"wp-block-uagb-container uagb-block-165bfa58\">\n<h4 class=\"wp-block-heading has-text-align-center\"><a href=\"https:\/\/led.amasly.com\/de\/products\/\">LED Tri-Proof-R\u00f6hrenleuchten<\/a><\/h4>\n<\/div>\n\n\n\n<div class=\"wp-block-uagb-container uagb-block-f6096e3b\">\n<h4 class=\"wp-block-heading has-text-align-center\"><a href=\"https:\/\/led.amasly.com\/de\/products\/\">LED-Stra\u00dfenlaternen<\/a><\/h4>\n<\/div>\n<\/div><\/div>\n\n\n\n<div class=\"wp-block-uagb-container uagb-block-99c0e0a5 alignfull uagb-is-root-container\"><div class=\"uagb-container-inner-blocks-wrap\"><\/div><\/div>\n\n\n\n<p><\/p>","protected":false},"excerpt":{"rendered":"<p>Don&#8217;t Underestimate Construction Site Street Lights! Choose Right, Use Right, and Speed Up Your Project In various construction projects\u2014from urban road renovations to suburban factory construction\u2014lighting remains a critical factor affecting project progress. Due to limited daytime working hours and tight schedules, nighttime construction has become routine for many projects. As the \u201ckey lighting equipment\u201d [&hellip;]<\/p>\n","protected":false},"author":1,"featured_media":0,"parent":4122,"menu_order":0,"comment_status":"closed","ping_status":"closed","template":"","meta":{"_uag_custom_page_level_css":"","site-sidebar-layout":"no-sidebar","site-content-layout":"","ast-site-content-layout":"default","site-content-style":"default","site-sidebar-style":"default","ast-global-header-display":"","ast-banner-title-visibility":"","ast-main-header-display":"","ast-hfb-above-header-display":"","ast-hfb-below-header-display":"","ast-hfb-mobile-header-display":"","site-post-title":"disabled","ast-breadcrumbs-content":"","ast-featured-img":"","footer-sml-layout":"","ast-disable-related-posts":"","theme-transparent-header-meta":"enabled","adv-header-id-meta":"","stick-header-meta":"","header-above-stick-meta":"","header-main-stick-meta":"","header-below-stick-meta":"","astra-migrate-meta-layouts":"set","ast-page-background-enabled":"default","ast-page-background-meta":{"desktop":{"background-color":"var(--ast-global-color-4)","background-image":"","background-repeat":"repeat","background-position":"center center","background-size":"auto","background-attachment":"scroll","background-type":"","background-media":"","overlay-type":"","overlay-color":"","overlay-opacity":"","overlay-gradient":""},"tablet":{"background-color":"","background-image":"","background-repeat":"repeat","background-position":"center center","background-size":"auto","background-attachment":"scroll","background-type":"","background-media":"","overlay-type":"","overlay-color":"","overlay-opacity":"","overlay-gradient":""},"mobile":{"background-color":"","background-image":"","background-repeat":"repeat","background-position":"center center","background-size":"auto","background-attachment":"scroll","background-type":"","background-media":"","overlay-type":"","overlay-color":"","overlay-opacity":"","overlay-gradient":""}},"ast-content-background-meta":{"desktop":{"background-color":"var(--ast-global-color-5)","background-image":"","background-repeat":"repeat","background-position":"center center","background-size":"auto","background-attachment":"scroll","background-type":"","background-media":"","overlay-type":"","overlay-color":"","overlay-opacity":"","overlay-gradient":""},"tablet":{"background-color":"var(--ast-global-color-5)","background-image":"","background-repeat":"repeat","background-position":"center center","background-size":"auto","background-attachment":"scroll","background-type":"","background-media":"","overlay-type":"","overlay-color":"","overlay-opacity":"","overlay-gradient":""},"mobile":{"background-color":"var(--ast-global-color-5)","background-image":"","background-repeat":"repeat","background-position":"center center","background-size":"auto","background-attachment":"scroll","background-type":"","background-media":"","overlay-type":"","overlay-color":"","overlay-opacity":"","overlay-gradient":""}},"footnotes":""},"class_list":["post-4421","page","type-page","status-publish","hentry"],"uagb_featured_image_src":{"full":false,"thumbnail":false,"medium":false,"medium_large":false,"large":false,"1536x1536":false,"2048x2048":false,"trp-custom-language-flag":false},"uagb_author_info":{"display_name":"Joe","author_link":"https:\/\/led.amasly.com\/de\/author\/jacklin\/"},"uagb_comment_info":0,"uagb_excerpt":"Don&#8217;t Underestimate Construction Site Street Lights! Choose Right, Use Right, and Speed Up Your Project In various construction projects\u2014from urban road renovations to suburban factory construction\u2014lighting remains a critical factor affecting project progress. Due to limited daytime working hours and tight schedules, nighttime construction has become routine for many projects. As the \u201ckey lighting equipment\u201d&hellip;","_links":{"self":[{"href":"https:\/\/led.amasly.com\/de\/wp-json\/wp\/v2\/pages\/4421","targetHints":{"allow":["GET"]}}],"collection":[{"href":"https:\/\/led.amasly.com\/de\/wp-json\/wp\/v2\/pages"}],"about":[{"href":"https:\/\/led.amasly.com\/de\/wp-json\/wp\/v2\/types\/page"}],"author":[{"embeddable":true,"href":"https:\/\/led.amasly.com\/de\/wp-json\/wp\/v2\/users\/1"}],"replies":[{"embeddable":true,"href":"https:\/\/led.amasly.com\/de\/wp-json\/wp\/v2\/comments?post=4421"}],"version-history":[{"count":2,"href":"https:\/\/led.amasly.com\/de\/wp-json\/wp\/v2\/pages\/4421\/revisions"}],"predecessor-version":[{"id":4705,"href":"https:\/\/led.amasly.com\/de\/wp-json\/wp\/v2\/pages\/4421\/revisions\/4705"}],"up":[{"embeddable":true,"href":"https:\/\/led.amasly.com\/de\/wp-json\/wp\/v2\/pages\/4122"}],"wp:attachment":[{"href":"https:\/\/led.amasly.com\/de\/wp-json\/wp\/v2\/media?parent=4421"}],"curies":[{"name":"wp","href":"https:\/\/api.w.org\/{rel}","templated":true}]}}