{"id":4388,"date":"2025-12-21T13:21:32","date_gmt":"2025-12-21T05:21:32","guid":{"rendered":"https:\/\/led.amasly.com\/?page_id=4388"},"modified":"2026-01-24T21:33:11","modified_gmt":"2026-01-24T13:33:11","slug":"why-are-floodlights-the-top-choice-for-nighttime-lighting","status":"publish","type":"page","link":"https:\/\/led.amasly.com\/de\/knowledge\/outdoor-light-knowledge\/why-are-floodlights-the-top-choice-for-nighttime-lighting\/","title":{"rendered":"Warum sind Flutlichtstrahler die erste Wahl f\u00fcr die n\u00e4chtliche Beleuchtung?"},"content":{"rendered":"<div class=\"wp-block-uagb-container uagb-block-27bae773 alignfull uagb-is-root-container\"><div class=\"uagb-container-inner-blocks-wrap\"><\/div><\/div>\n\n\n\n<h1 class=\"wp-block-heading has-text-align-center\"><strong>Warum sind Flutlichtstrahler die erste Wahl f\u00fcr n\u00e4chtliche Beleuchtung? Sie bieten eine gro\u00dfe Helligkeit, sind langlebig und einfach zu installieren - und erf\u00fcllen damit die Anforderungen von drei wichtigen Szenarien.<\/strong><strong><\/strong><\/h1>\n\n\n\n<h2 class=\"wp-block-heading\">Flutlichtanlage Instroduce<\/h2>\n\n\n\n<p>Im t\u00e4glichen Leben und bei der Arbeit sehen sich viele Menschen mit n\u00e4chtlichen Beleuchtungsproblemen konfrontiert: Sie haben Schwierigkeiten, klar zu sehen, wenn sie nachts in ihrem Garten aufr\u00e4umen, erleben, dass die Besucherzahlen in den Gesch\u00e4ften aufgrund der schwachen Beleuchtung zur\u00fcckgehen, oder sto\u00dfen bei n\u00e4chtlichen Bauprojekten auf Effizienz- und Sicherheitsprobleme, die durch unzureichende Beleuchtung verursacht werden. Ein gut geeignetes Flutlicht kann bei der L\u00f6sung dieser Probleme tats\u00e4chlich einen erheblichen Unterschied machen. Welche Vorteile bieten Flutlichtstrahler, die derzeit die erste Wahl f\u00fcr n\u00e4chtliche Beleuchtungsaufgaben sind, und warum werden sie in so vielen F\u00e4llen bevorzugt eingesetzt? Heute gehen wir ins Detail, damit Sie verstehen, warum Flutlichtstrahler zur \u201cHauptkraft in der n\u00e4chtlichen Beleuchtung\u201d geworden sind.\u201d<\/p>\n\n\n\n<figure class=\"wp-block-image aligncenter size-full\"><img decoding=\"async\" width=\"300\" height=\"300\" src=\"https:\/\/led.amasly.com\/wp-content\/uploads\/2025\/12\/LED-flood-ight.jpg\" alt=\"floodlights\" class=\"wp-image-4383\" title=\"\" srcset=\"https:\/\/led.amasly.com\/wp-content\/uploads\/2025\/12\/LED-flood-ight.jpg 300w, https:\/\/led.amasly.com\/wp-content\/uploads\/2025\/12\/LED-flood-ight-150x150.jpg 150w, https:\/\/led.amasly.com\/wp-content\/uploads\/2025\/12\/LED-flood-ight-12x12.jpg 12w\" sizes=\"(max-width: 300px) 100vw, 300px\" \/><\/figure>\n\n\n\n<p>In Bezug auf die Beleuchtungsleistung bieten Flutlichtstrahler deutliche Vorteile in Bezug auf Helligkeit und Reichweite. Im Gegensatz zu gew\u00f6hnlichen Gl\u00fchbirnen, die nur kleine Bereiche beleuchten, b\u00fcndeln Flutlichtstrahler die Lichtstrahlen, um einen viel gr\u00f6\u00dferen Bereich abzudecken. Im Wohnbereich kann ein Fluter mit nur wenigen Dutzend Watt problemlos einen ganzen kleinen Innenhof beleuchten, so dass man nachts Pflanzen gie\u00dfen oder W\u00e4sche aufh\u00e4ngen kann. F\u00fcr gro\u00dffl\u00e4chige Beleuchtungsaufgaben wie Baustellen oder Pl\u00e4tze sind Flutlichtstrahler mit hoher Leistung sogar noch leistungsf\u00e4higer. Mit Hunderten von Watt kann eine tageslicht\u00e4hnliche Helligkeit erreicht werden, die reibungslose Abl\u00e4ufe und Aktivit\u00e4ten in stockdunklen Umgebungen erm\u00f6glicht und das \u201cArbeiten im Dunkeln\u201d \u00fcberfl\u00fcssig macht.\u201d<\/p>\n\n\n\n<p>Was die Haltbarkeit betrifft, so erf\u00fcllen Flutlichtstrahler auch die Anforderungen komplexer Au\u00dfenumgebungen. Da Flutlichtstrahler in der Regel im Freien installiert werden und dort \u00fcber l\u00e4ngere Zeit Wind, Regen und Sonnenlicht ausgesetzt sind, ist Langlebigkeit von gr\u00f6\u00dfter Bedeutung. Hochwertige Scheinwerfer verf\u00fcgen \u00fcber ein professionelles, wasserdichtes Design, das sicherstellt, dass die inneren Komponenten auch bei starkem Regen oder starkem Wind gesch\u00fctzt bleiben. Ihre Geh\u00e4use sind oft aus sto\u00df- und kratzfesten Materialien gefertigt, um Sch\u00e4den durch versehentliche St\u00f6\u00dfe oder Reibung im t\u00e4glichen Gebrauch zu minimieren. Viele Nutzer berichten, dass ein gut gemachter Scheinwerfer drei bis f\u00fcnf Jahre lang zuverl\u00e4ssig funktionieren kann, ohne auszufallen, so dass ein h\u00e4ufiger Austausch \u00fcberfl\u00fcssig wird und \u00c4rger und Geld spart.<\/p>\n\n\n\n<p>Au\u00dferdem senkt die einfache Installation und Bedienung die H\u00fcrde f\u00fcr den Benutzer. Ob an W\u00e4nden oder Masten montiert oder vor\u00fcbergehend auf dem Boden aufgestellt, die Einrichtung erfordert nur wenige einfache Schritte. Eine professionelle Installation ist nicht erforderlich - die Nutzer k\u00f6nnen sie selbst vornehmen. Dank des technischen Fortschritts verf\u00fcgen viele Flutlichtanlagen heute \u00fcber praktische Funktionen wie Fernsteuerung und Zeitschaltuhren. Sie k\u00f6nnen das Licht von zu Hause aus mit einer Fernbedienung ein- und ausschalten, so dass Sie nachts nicht mehr nach drau\u00dfen gehen m\u00fcssen. Haben Sie Angst, dass Sie vergessen, das Licht auszuschalten, und Strom verschwenden? Stellen Sie einfach eine Zeitschaltuhr ein, und das Licht schaltet sich zur gew\u00fcnschten Zeit automatisch aus, was den Komfort noch weiter erh\u00f6ht.<\/p>\n\n\n\n<p class=\"has-text-align-left\">Ob f\u00fcr die Beleuchtung von Wohngeb\u00e4uden, f\u00fcr gewerbliche Zwecke oder f\u00fcr den Einsatz auf Baustellen - Flutlichtstrahler sind dank ihrer hohen Helligkeit, ihrer Langlebigkeit und ihres benutzerfreundlichen Betriebs eine effektive L\u00f6sung f\u00fcr n\u00e4chtliche Beleuchtungsaufgaben. Unsere Flutlichtprodukte reichen von Modellen mit geringem Stromverbrauch f\u00fcr den Hausgebrauch bis hin zu Hochleistungsl\u00f6sungen f\u00fcr den technischen Bereich und bieten einen Vor-Ort-Installationsservice f\u00fcr verschiedene Beleuchtungsszenarien. Wenn Sie Fragen zur Auswahl oder zum Einsatz von Flutlicht haben, k\u00f6nnen Sie sich jederzeit an uns wenden - damit die n\u00e4chtliche Beleuchtung kein Problem mehr darstellt.<\/p>\n\n\n\n<p class=\"has-text-align-left\">Standard: <a href=\"http:\/\/www.iec.com\" rel=\"nofollow noopener\" target=\"_blank\">IEC60598<\/a><\/p>\n\n\n\n<div class=\"wp-block-uagb-container uagb-block-c7d898dd alignfull uagb-is-root-container\"><div class=\"uagb-container-inner-blocks-wrap\"><\/div><\/div>\n\n\n\n<h2 class=\"wp-block-heading\">Verwandte Produkte<\/h2>\n\n\n\n<div class=\"wp-block-uagb-container uagb-block-66e4defc alignfull uagb-is-root-container\"><div class=\"uagb-container-inner-blocks-wrap\">\n<div class=\"wp-block-uagb-container uagb-block-a42945f9\">\n<div class=\"wp-block-uagb-image uagb-block-7296296b wp-block-uagb-image--layout-default wp-block-uagb-image--effect-static wp-block-uagb-image--align-none\"><figure class=\"wp-block-uagb-image__figure\"><a class=\"\" href=\"https:\/\/led.amasly.com\/de\/products\/\" target=\"\" rel=\"noopener\"><img decoding=\"async\" srcset=\"https:\/\/led.amasly.com\/wp-content\/uploads\/2024\/09\/Explosion-proof-high-bay-lights.png ,https:\/\/led.amasly.com\/wp-content\/uploads\/2024\/09\/Explosion-proof-high-bay-lights.png 780w, https:\/\/led.amasly.com\/wp-content\/uploads\/2024\/09\/Explosion-proof-high-bay-lights.png 360w\" sizes=\"auto, (max-width: 480px) 150px\" src=\"https:\/\/led.amasly.com\/wp-content\/uploads\/2024\/09\/Explosion-proof-high-bay-lights.png\" alt=\"\" class=\"uag-image-1495\" width=\"300\" height=\"300\" title=\"Explosionsgesch\u00fctzte Hochregallampen\" loading=\"lazy\" role=\"img\"><\/a><\/figure><\/div>\n<\/div>\n\n\n\n<div class=\"wp-block-uagb-container uagb-block-4d3efde5\">\n<div class=\"wp-block-uagb-image uagb-block-c9e90797 wp-block-uagb-image--layout-default wp-block-uagb-image--effect-static wp-block-uagb-image--align-none\"><figure class=\"wp-block-uagb-image__figure\"><a class=\"\" href=\"https:\/\/led.amasly.com\/de\/products\/\" target=\"\" rel=\"noopener\"><img decoding=\"async\" srcset=\"https:\/\/led.amasly.com\/wp-content\/uploads\/2024\/07\/LED-tri-proof-lights2.png ,https:\/\/led.amasly.com\/wp-content\/uploads\/2024\/07\/LED-tri-proof-lights2.png 780w, https:\/\/led.amasly.com\/wp-content\/uploads\/2024\/07\/LED-tri-proof-lights2.png 360w\" sizes=\"auto, (max-width: 480px) 150px\" src=\"https:\/\/led.amasly.com\/wp-content\/uploads\/2024\/07\/LED-tri-proof-lights2.png\" alt=\"\" class=\"uag-image-1132\" width=\"300\" height=\"300\" title=\"LED-Dreifach-Leuchten2\" loading=\"lazy\" role=\"img\"><\/a><\/figure><\/div>\n<\/div>\n\n\n\n<div class=\"wp-block-uagb-container uagb-block-11c2578b\">\n<div class=\"wp-block-uagb-image uagb-block-6e8883aa wp-block-uagb-image--layout-default wp-block-uagb-image--effect-static wp-block-uagb-image--align-none\"><figure class=\"wp-block-uagb-image__figure\"><a class=\"\" href=\"https:\/\/led.amasly.com\/de\/products\/\" target=\"\" rel=\"noopener\"><img decoding=\"async\" srcset=\"https:\/\/led.amasly.com\/wp-content\/uploads\/2024\/09\/LED-Explosion-Proof-Gas-Station-Light.png ,https:\/\/led.amasly.com\/wp-content\/uploads\/2024\/09\/LED-Explosion-Proof-Gas-Station-Light.png 780w, https:\/\/led.amasly.com\/wp-content\/uploads\/2024\/09\/LED-Explosion-Proof-Gas-Station-Light.png 360w\" sizes=\"auto, (max-width: 480px) 150px\" src=\"https:\/\/led.amasly.com\/wp-content\/uploads\/2024\/09\/LED-Explosion-Proof-Gas-Station-Light.png\" alt=\"\" class=\"uag-image-1501\" width=\"300\" height=\"300\" title=\"LED Explosionssichere Tankstellenleuchte\" loading=\"lazy\" role=\"img\"><\/a><\/figure><\/div>\n<\/div>\n<\/div><\/div>\n\n\n\n<div class=\"wp-block-uagb-container uagb-block-548945b5 alignfull uagb-is-root-container\"><div class=\"uagb-container-inner-blocks-wrap\">\n<div class=\"wp-block-uagb-container uagb-block-967755d5\">\n<h4 class=\"wp-block-heading has-text-align-center\"><a href=\"https:\/\/led.amasly.com\/de\/products\/\">LED-Explosionsgesch\u00fctzte Lichter<\/a><\/h4>\n<\/div>\n\n\n\n<div class=\"wp-block-uagb-container uagb-block-9bc52fc2\">\n<h4 class=\"wp-block-heading has-text-align-center\"><a href=\"https:\/\/led.amasly.com\/de\/products\/\">LED Tri-Proof-Leuchten<\/a><\/h4>\n<\/div>\n\n\n\n<div class=\"wp-block-uagb-container uagb-block-8ffa0a23\">\n<h4 class=\"wp-block-heading has-text-align-center\"><a href=\"https:\/\/led.amasly.com\/de\/products\/\">Explosionssichere Tankstellenbeleuchtungen<\/a><\/h4>\n<\/div>\n<\/div><\/div>\n\n\n\n<div class=\"wp-block-uagb-container uagb-block-29499fe0 alignfull uagb-is-root-container\"><div class=\"uagb-container-inner-blocks-wrap\">\n<div class=\"wp-block-uagb-container uagb-block-777ee1c7\">\n<div class=\"wp-block-uagb-image uagb-block-2e9a1851 wp-block-uagb-image--layout-default wp-block-uagb-image--effect-static wp-block-uagb-image--align-none\"><figure class=\"wp-block-uagb-image__figure\"><a class=\"\" href=\"https:\/\/led.amasly.com\/de\/products\/\" target=\"\" rel=\"noopener\"><img decoding=\"async\" srcset=\"https:\/\/led.amasly.com\/wp-content\/uploads\/2024\/10\/50W-100W-150W-200W-300W-LED-Flood-Light.jpg ,https:\/\/led.amasly.com\/wp-content\/uploads\/2024\/10\/50W-100W-150W-200W-300W-LED-Flood-Light.jpg 780w, https:\/\/led.amasly.com\/wp-content\/uploads\/2024\/10\/50W-100W-150W-200W-300W-LED-Flood-Light.jpg 360w\" sizes=\"auto, (max-width: 480px) 150px\" src=\"https:\/\/led.amasly.com\/wp-content\/uploads\/2024\/10\/50W-100W-150W-200W-300W-LED-Flood-Light.jpg\" alt=\"\" class=\"uag-image-1526\" width=\"300\" height=\"300\" title=\"50W 100W 150W 200W 300W LED-Flutlicht\" loading=\"lazy\" role=\"img\"><\/a><\/figure><\/div>\n<\/div>\n\n\n\n<div class=\"wp-block-uagb-container uagb-block-af8c8683\">\n<div class=\"wp-block-uagb-image uagb-block-67947854 wp-block-uagb-image--layout-default wp-block-uagb-image--effect-static wp-block-uagb-image--align-none\"><figure class=\"wp-block-uagb-image__figure\"><a class=\"\" href=\"https:\/\/led.amasly.com\/de\/products\/\" target=\"\" rel=\"noopener\"><img decoding=\"async\" srcset=\"https:\/\/led.amasly.com\/wp-content\/uploads\/2024\/07\/led-tri-proof-light.png ,https:\/\/led.amasly.com\/wp-content\/uploads\/2024\/07\/led-tri-proof-light.png 780w, https:\/\/led.amasly.com\/wp-content\/uploads\/2024\/07\/led-tri-proof-light.png 360w\" sizes=\"auto, (max-width: 480px) 150px\" src=\"https:\/\/led.amasly.com\/wp-content\/uploads\/2024\/07\/led-tri-proof-light.png\" alt=\"\" class=\"uag-image-1130\" width=\"300\" height=\"300\" title=\"led-tri-proof-licht\" loading=\"lazy\" role=\"img\"><\/a><\/figure><\/div>\n<\/div>\n\n\n\n<div class=\"wp-block-uagb-container uagb-block-0fdfdd58\">\n<div class=\"wp-block-uagb-image uagb-block-1187d32d wp-block-uagb-image--layout-default wp-block-uagb-image--effect-static wp-block-uagb-image--align-none\"><figure class=\"wp-block-uagb-image__figure\"><a class=\"\" href=\"https:\/\/led.amasly.com\/de\/products\/\" target=\"\" rel=\"noopener\"><img decoding=\"async\" srcset=\"https:\/\/led.amasly.com\/wp-content\/uploads\/2024\/07\/LED-street-light.jpg ,https:\/\/led.amasly.com\/wp-content\/uploads\/2024\/07\/LED-street-light.jpg 780w, https:\/\/led.amasly.com\/wp-content\/uploads\/2024\/07\/LED-street-light.jpg 360w\" sizes=\"auto, (max-width: 480px) 150px\" src=\"https:\/\/led.amasly.com\/wp-content\/uploads\/2024\/07\/LED-street-light.jpg\" alt=\"\" class=\"uag-image-1145\" width=\"300\" height=\"300\" title=\"LED-Stra\u00dfenlaterne\" loading=\"lazy\" role=\"img\"><\/a><\/figure><\/div>\n<\/div>\n<\/div><\/div>\n\n\n\n<div class=\"wp-block-uagb-container uagb-block-6a60882c alignfull uagb-is-root-container\"><div class=\"uagb-container-inner-blocks-wrap\">\n<div class=\"wp-block-uagb-container uagb-block-f1e91a35\">\n<h4 class=\"wp-block-heading has-text-align-center\"><a href=\"https:\/\/led.amasly.com\/de\/products\/\">LED-Flutlichter<\/a><\/h4>\n<\/div>\n\n\n\n<div class=\"wp-block-uagb-container uagb-block-165bfa58\">\n<h4 class=\"wp-block-heading has-text-align-center\"><a href=\"https:\/\/led.amasly.com\/de\/products\/\">LED Tri-Proof-R\u00f6hrenleuchten<\/a><\/h4>\n<\/div>\n\n\n\n<div class=\"wp-block-uagb-container uagb-block-f6096e3b\">\n<h4 class=\"wp-block-heading has-text-align-center\"><a href=\"https:\/\/led.amasly.com\/de\/products\/\">LED-Stra\u00dfenlaternen<\/a><\/h4>\n<\/div>\n<\/div><\/div>\n\n\n\n<div class=\"wp-block-uagb-container uagb-block-99c0e0a5 alignfull uagb-is-root-container\"><div class=\"uagb-container-inner-blocks-wrap\"><\/div><\/div>\n\n\n\n<p><\/p>","protected":false},"excerpt":{"rendered":"<p>Why are floodlights the top choice for nighttime lighting? They deliver ample brightness, are durable, and easy to install\u2014meeting the needs of three key scenarios. Floodlights Instroduce In daily life and work, many people face challenges with nighttime lighting: struggling to see clearly while tidying up clutter in their backyard at night, experiencing reduced foot [&hellip;]<\/p>\n","protected":false},"author":1,"featured_media":0,"parent":4122,"menu_order":0,"comment_status":"closed","ping_status":"closed","template":"","meta":{"_uag_custom_page_level_css":"","site-sidebar-layout":"no-sidebar","site-content-layout":"","ast-site-content-layout":"default","site-content-style":"default","site-sidebar-style":"default","ast-global-header-display":"","ast-banner-title-visibility":"","ast-main-header-display":"","ast-hfb-above-header-display":"","ast-hfb-below-header-display":"","ast-hfb-mobile-header-display":"","site-post-title":"disabled","ast-breadcrumbs-content":"","ast-featured-img":"","footer-sml-layout":"","ast-disable-related-posts":"","theme-transparent-header-meta":"enabled","adv-header-id-meta":"","stick-header-meta":"","header-above-stick-meta":"","header-main-stick-meta":"","header-below-stick-meta":"","astra-migrate-meta-layouts":"set","ast-page-background-enabled":"default","ast-page-background-meta":{"desktop":{"background-color":"var(--ast-global-color-4)","background-image":"","background-repeat":"repeat","background-position":"center center","background-size":"auto","background-attachment":"scroll","background-type":"","background-media":"","overlay-type":"","overlay-color":"","overlay-opacity":"","overlay-gradient":""},"tablet":{"background-color":"","background-image":"","background-repeat":"repeat","background-position":"center center","background-size":"auto","background-attachment":"scroll","background-type":"","background-media":"","overlay-type":"","overlay-color":"","overlay-opacity":"","overlay-gradient":""},"mobile":{"background-color":"","background-image":"","background-repeat":"repeat","background-position":"center center","background-size":"auto","background-attachment":"scroll","background-type":"","background-media":"","overlay-type":"","overlay-color":"","overlay-opacity":"","overlay-gradient":""}},"ast-content-background-meta":{"desktop":{"background-color":"var(--ast-global-color-5)","background-image":"","background-repeat":"repeat","background-position":"center center","background-size":"auto","background-attachment":"scroll","background-type":"","background-media":"","overlay-type":"","overlay-color":"","overlay-opacity":"","overlay-gradient":""},"tablet":{"background-color":"var(--ast-global-color-5)","background-image":"","background-repeat":"repeat","background-position":"center center","background-size":"auto","background-attachment":"scroll","background-type":"","background-media":"","overlay-type":"","overlay-color":"","overlay-opacity":"","overlay-gradient":""},"mobile":{"background-color":"var(--ast-global-color-5)","background-image":"","background-repeat":"repeat","background-position":"center center","background-size":"auto","background-attachment":"scroll","background-type":"","background-media":"","overlay-type":"","overlay-color":"","overlay-opacity":"","overlay-gradient":""}},"footnotes":""},"class_list":["post-4388","page","type-page","status-publish","hentry"],"uagb_featured_image_src":{"full":false,"thumbnail":false,"medium":false,"medium_large":false,"large":false,"1536x1536":false,"2048x2048":false,"trp-custom-language-flag":false},"uagb_author_info":{"display_name":"Joe","author_link":"https:\/\/led.amasly.com\/de\/author\/jacklin\/"},"uagb_comment_info":0,"uagb_excerpt":"Why are floodlights the top choice for nighttime lighting? They deliver ample brightness, are durable, and easy to install\u2014meeting the needs of three key scenarios. Floodlights Instroduce In daily life and work, many people face challenges with nighttime lighting: struggling to see clearly while tidying up clutter in their backyard at night, experiencing reduced foot&hellip;","_links":{"self":[{"href":"https:\/\/led.amasly.com\/de\/wp-json\/wp\/v2\/pages\/4388","targetHints":{"allow":["GET"]}}],"collection":[{"href":"https:\/\/led.amasly.com\/de\/wp-json\/wp\/v2\/pages"}],"about":[{"href":"https:\/\/led.amasly.com\/de\/wp-json\/wp\/v2\/types\/page"}],"author":[{"embeddable":true,"href":"https:\/\/led.amasly.com\/de\/wp-json\/wp\/v2\/users\/1"}],"replies":[{"embeddable":true,"href":"https:\/\/led.amasly.com\/de\/wp-json\/wp\/v2\/comments?post=4388"}],"version-history":[{"count":2,"href":"https:\/\/led.amasly.com\/de\/wp-json\/wp\/v2\/pages\/4388\/revisions"}],"predecessor-version":[{"id":4719,"href":"https:\/\/led.amasly.com\/de\/wp-json\/wp\/v2\/pages\/4388\/revisions\/4719"}],"up":[{"embeddable":true,"href":"https:\/\/led.amasly.com\/de\/wp-json\/wp\/v2\/pages\/4122"}],"wp:attachment":[{"href":"https:\/\/led.amasly.com\/de\/wp-json\/wp\/v2\/media?parent=4388"}],"curies":[{"name":"wp","href":"https:\/\/api.w.org\/{rel}","templated":true}]}}