{"id":4155,"date":"2025-07-21T21:11:16","date_gmt":"2025-07-21T13:11:16","guid":{"rendered":"https:\/\/led.amasly.com\/?page_id=4155"},"modified":"2026-01-24T20:11:22","modified_gmt":"2026-01-24T12:11:22","slug":"basketball-court-lighting-configuration-guide","status":"publish","type":"page","link":"https:\/\/led.amasly.com\/de\/knowledge\/outdoor-light-knowledge\/basketball-court-lighting-configuration-guide\/","title":{"rendered":"Leitfaden zur Konfiguration der Basketballplatzbeleuchtung"},"content":{"rendered":"<div class=\"wp-block-uagb-container uagb-block-27bae773 alignfull uagb-is-root-container\"><div class=\"uagb-container-inner-blocks-wrap\"><\/div><\/div>\n\n\n\n<h1 class=\"wp-block-heading has-text-align-center\"><strong>Leitfaden zur Konfiguration der Basketballplatzbeleuchtung<\/strong><strong><\/strong><\/h1>\n\n\n\n<h2 class=\"wp-block-heading\"><strong>Beleuchtung f\u00fcr Basketballpl\u00e4tze im Freien <strong>Leitfaden zur Konfiguration<\/strong><\/strong><\/h2>\n\n\n\n<p>Bei der Auswahl der Beleuchtung f\u00fcr einen Basketballplatz im Freien m\u00fcssen Sie die folgenden Schl\u00fcsselfaktoren ber\u00fccksichtigen:<\/p>\n\n\n\n<h2 class=\"wp-block-heading\"><strong>1. <strong>Leitfaden zur Konfiguration der Basketballplatzbeleuchtung<\/strong><\/strong> <strong>Einheitlichkeit:<\/strong><\/h2>\n\n\n\n<p>Eine gleichm\u00e4\u00dfige Beleuchtung verhindert \u00fcberm\u00e4\u00dfig helle oder dunkle Bereiche und sorgt f\u00fcr eine angenehme visuelle Umgebung. W\u00e4hlen Sie geeignete Beleuchtungsk\u00f6rper und Designl\u00f6sungen, um sicherzustellen, dass die Beleuchtungsst\u00e4rke auf dem Basketballfeld gleichm\u00e4\u00dfig verteilt ist.<\/p>\n\n\n\n<figure class=\"wp-block-image aligncenter size-large\"><img decoding=\"async\" width=\"1024\" height=\"576\" src=\"https:\/\/led.amasly.com\/wp-content\/uploads\/2025\/07\/Basketball-Court-Lighting-1-1024x576.png\" alt=\"\" class=\"wp-image-4189\" title=\"\" srcset=\"https:\/\/led.amasly.com\/wp-content\/uploads\/2025\/07\/Basketball-Court-Lighting-1-1024x576.png 1024w, https:\/\/led.amasly.com\/wp-content\/uploads\/2025\/07\/Basketball-Court-Lighting-1-300x169.png 300w, https:\/\/led.amasly.com\/wp-content\/uploads\/2025\/07\/Basketball-Court-Lighting-1-768x432.png 768w, https:\/\/led.amasly.com\/wp-content\/uploads\/2025\/07\/Basketball-Court-Lighting-1-18x10.png 18w, https:\/\/led.amasly.com\/wp-content\/uploads\/2025\/07\/Basketball-Court-Lighting-1.png 1080w\" sizes=\"(max-width: 1024px) 100vw, 1024px\" \/><\/figure>\n\n\n\n<h2 class=\"wp-block-heading\"><strong>2. <strong>Leitfaden zur Konfiguration der Basketballplatzbeleuchtung<\/strong><\/strong> <strong>Beleuchtungsst\u00e4rke:<\/strong><\/h2>\n\n\n\n<p>Die Beleuchtungsst\u00e4rke ist ein Schl\u00fcsselindikator f\u00fcr die Beleuchtungsqualit\u00e4t und bezieht sich auf die Lichtmenge pro Fl\u00e4cheneinheit. Die Beleuchtungsst\u00e4rke auf dem Basketballplatz sollte so hoch sein, dass die Sportler jedes Detail auf dem Spielfeld deutlich erkennen k\u00f6nnen und gleichzeitig eine gute Sicht f\u00fcr Zuschauer und Kameras gew\u00e4hrleistet ist.<\/p>\n\n\n\n<figure class=\"wp-block-image aligncenter size-large\"><img decoding=\"async\" width=\"1024\" height=\"708\" src=\"https:\/\/led.amasly.com\/wp-content\/uploads\/2025\/07\/basketball-court-1024x708.jpg\" alt=\"Basketball Court Lighting Configuration Guide\" class=\"wp-image-4190\" title=\"\" srcset=\"https:\/\/led.amasly.com\/wp-content\/uploads\/2025\/07\/basketball-court-1024x708.jpg 1024w, https:\/\/led.amasly.com\/wp-content\/uploads\/2025\/07\/basketball-court-300x208.jpg 300w, https:\/\/led.amasly.com\/wp-content\/uploads\/2025\/07\/basketball-court-768x531.jpg 768w, https:\/\/led.amasly.com\/wp-content\/uploads\/2025\/07\/basketball-court-18x12.jpg 18w, https:\/\/led.amasly.com\/wp-content\/uploads\/2025\/07\/basketball-court.jpg 1080w\" sizes=\"(max-width: 1024px) 100vw, 1024px\" \/><\/figure>\n\n\n\n<h2 class=\"wp-block-heading\"><strong>3. <strong>Leitfaden zur Konfiguration der Basketballplatzbeleuchtung<\/strong><\/strong> <strong>Blendschutz:<\/strong><\/h2>\n\n\n\n<p>Blendschutz: Blendung kann den Sehkomfort der Sportler und die Qualit\u00e4t des Spiels beeintr\u00e4chtigen. W\u00e4hlen Sie geeignete Beleuchtungsk\u00f6rper und Aufstellungsorte, um die direkte Blendung zu reduzieren und sicherzustellen, dass das Licht weich und nicht blendend ist.<\/p>\n\n\n\n<figure class=\"wp-block-image aligncenter size-large\"><img decoding=\"async\" width=\"1024\" height=\"705\" src=\"https:\/\/led.amasly.com\/wp-content\/uploads\/2025\/07\/basketball-court-light-1024x705.jpg\" alt=\"\" class=\"wp-image-4191\" title=\"\" srcset=\"https:\/\/led.amasly.com\/wp-content\/uploads\/2025\/07\/basketball-court-light-1024x705.jpg 1024w, https:\/\/led.amasly.com\/wp-content\/uploads\/2025\/07\/basketball-court-light-300x207.jpg 300w, https:\/\/led.amasly.com\/wp-content\/uploads\/2025\/07\/basketball-court-light-768x529.jpg 768w, https:\/\/led.amasly.com\/wp-content\/uploads\/2025\/07\/basketball-court-light-18x12.jpg 18w, https:\/\/led.amasly.com\/wp-content\/uploads\/2025\/07\/basketball-court-light.jpg 1080w\" sizes=\"(max-width: 1024px) 100vw, 1024px\" \/><\/figure>\n\n\n\n<p>Blendschutz:<\/p>\n\n\n\n<p>Blendung kann den Sehkomfort der Sportler und die Qualit\u00e4t des Spiels beeintr\u00e4chtigen. W\u00e4hlen Sie geeignete Beleuchtungsk\u00f6rper und Aufstellungsorte, um direkte Blendung zu reduzieren und sicherzustellen, dass das Licht weich und nicht blendend ist.<\/p>\n\n\n\n<figure class=\"wp-block-image aligncenter size-full\"><img decoding=\"async\" width=\"775\" height=\"814\" src=\"https:\/\/led.amasly.com\/wp-content\/uploads\/2025\/07\/basketball-court-light-pole.jpg\" alt=\"\" class=\"wp-image-4192\" title=\"\" srcset=\"https:\/\/led.amasly.com\/wp-content\/uploads\/2025\/07\/basketball-court-light-pole.jpg 775w, https:\/\/led.amasly.com\/wp-content\/uploads\/2025\/07\/basketball-court-light-pole-286x300.jpg 286w, https:\/\/led.amasly.com\/wp-content\/uploads\/2025\/07\/basketball-court-light-pole-768x807.jpg 768w, https:\/\/led.amasly.com\/wp-content\/uploads\/2025\/07\/basketball-court-light-pole-11x12.jpg 11w\" sizes=\"(max-width: 775px) 100vw, 775px\" \/><\/figure>\n\n\n\n<h2 class=\"wp-block-heading\"><strong>4. <strong>Leitfaden zur Konfiguration der Basketballplatzbeleuchtung<\/strong><\/strong> <strong>Einbauh\u00f6he:<\/strong><\/h2>\n\n\n\n<p>Die Installationsh\u00f6he der Beleuchtungsk\u00f6rper sollte zwischen 6 und 8 Metern liegen, um sicherzustellen, dass die Beleuchtung das gesamte Basketballfeld abdeckt und eine gleichm\u00e4\u00dfige Lichtverteilung gew\u00e4hrleistet.<\/p>\n\n\n\n<h2 class=\"wp-block-heading\"><strong>Leitfaden zur Konfiguration der Basketballplatzbeleuchtung<\/strong> <strong>Zusammenfassung<\/strong><\/h2>\n\n\n\n<p class=\"has-text-align-left\">Bei der Auswahl spezifischer Beleuchtungsprodukte sollten Sie bekannte Sportbeleuchtungsmarken auf dem Markt ber\u00fccksichtigen. Amasly Sports Lighting bietet professionelle Beleuchtungsl\u00f6sungen und liefert ma\u00dfgeschneiderte Designs und Dienstleistungen, die auf die spezifischen Bed\u00fcrfnisse der verschiedenen Basketballpl\u00e4tze zugeschnitten sind.<\/p>\n\n\n\n<div class=\"wp-block-uagb-container uagb-block-c7d898dd alignfull uagb-is-root-container\"><div class=\"uagb-container-inner-blocks-wrap\"><\/div><\/div>\n\n\n\n<h2 class=\"wp-block-heading\"><strong>Amasly Light FAQ<\/strong><\/h2>\n\n\n\n<p><strong>Q1. kann ich eine Probe Bestellung f\u00fcr LED-Licht haben?<\/strong><strong><\/strong><\/p>\n\n\n\n<p>A: Ja, wir begr\u00fc\u00dfen Musterbestellungen, um die Qualit\u00e4t zu testen und zu \u00fcberpr\u00fcfen. Gemischte Proben sind akzeptabel.<\/p>\n\n\n\n<p><strong>F2: Wie sieht es mit der Vorlaufzeit aus?<\/strong><strong><\/strong><\/p>\n\n\n\n<p>A: Muster brauchen 3-5 Tage, die Massenproduktion braucht 1-2 Wochen.<\/p>\n\n\n\n<p><strong>Q3.do Sie haben keine MOQ Grenze f\u00fcr led Licht bestellen?<\/strong><strong><\/strong><\/p>\n\n\n\n<p>A: Niedrige MOQ 1pc f\u00fcr Probe \u00dcberpr\u00fcfung ist verf\u00fcgbar.<\/p>\n\n\n\n<p><strong>Q4. Wie versenden Sie die Waren und wie lange dauert es, bis sie ankommen?<\/strong><strong><\/strong><\/p>\n\n\n\n<p>A: Wir versenden normalerweise per <a href=\"https:\/\/www.dhl.com\" rel=\"nofollow noopener\" target=\"_blank\">DHL<\/a>, UPS, FedEx oder TNT. Es dauert in der Regel 3-5 Tage, um anzukommen. Luftlinie und Meer Versand auch optional.<\/p>\n\n\n\n<p><strong>Q5. Wie man einen Auftrag f\u00fcr gef\u00fchrtes Licht fortf\u00e4hrt?<\/strong><strong><\/strong><\/p>\n\n\n\n<p>A:<\/p>\n\n\n\n<p>Teilen Sie uns zun\u00e4chst Ihre Anforderungen oder Ihren Antrag mit.<\/p>\n\n\n\n<p>Zweitens erstellen wir ein Angebot entsprechend Ihren Anforderungen oder unseren Vorschl\u00e4gen.<\/p>\n\n\n\n<p>Drittens best\u00e4tigt der Kunde die Muster und hinterlegt eine Anzahlung f\u00fcr die offizielle Bestellung.<\/p>\n\n\n\n<p>Viertens: Wir organisieren die Produktion.<\/p>\n\n\n\n<p><strong>Q6: Ist es in Ordnung, meine <\/strong><strong>LOGO<\/strong><strong>&nbsp;\u00fcber das Produkt led light ?<\/strong><strong><\/strong><\/p>\n\n\n\n<p>A: Ja. Bitte informieren Sie uns formell vor der Produktion und best\u00e4tigen Sie den Entwurf zun\u00e4chst auf der Grundlage unseres Musters.<\/p>\n\n\n\n<p><strong>Q7: Bieten Sie eine Garantie f\u00fcr Ihre Produkte an?<\/strong><strong><\/strong><\/p>\n\n\n\n<p>A: Ja, wir bieten 2-5 Jahre Garantie auf unsere Produkte.<\/p>\n\n\n\n<p><strong>F8: Wie geht man mit Fehlern um?<\/strong><strong><\/strong><\/p>\n\n\n\n<p>A:<\/p>\n\n\n\n<p>Erstens sind unsere Produkte produzieren dinstrict Qualit\u00e4tskontrolle System und die fehlerhafte Rate wird weniger als 0,2% sein<\/p>\n\n\n\n<p>Zweitens werden wir w\u00e4hrend der Garantiezeit Teile zur Verf\u00fcgung stellen, um das defekte Teil zu ersetzen. Bei Gro\u00dfbestellungen bieten wir anf\u00e4llige Teile im Voraus an, oder wir k\u00f6nnen L\u00f6sungen einschlie\u00dflich R\u00fcckrufe auf der Grundlage der tats\u00e4chlichen Situation besprechen.<\/p>\n\n\n\n<p><strong>F9: K\u00f6nnen wir explosionsgesch\u00fctzte Niedervolt-Lampen mit AC\/DC-Spannungen von 12V, 24V, 36V oder 48V herstellen? <\/strong><\/p>\n\n\n\n<p>Amasly kann sowohl als Niederspannungs- als auch als Hochspannungsexplosionsschutzleuchte verwendet werden - AC\/DC 12V, 24V, 36V, 48V, AC 85-265V, AC 380V. <\/p>\n\n\n\n<p><strong>Q10: K\u00f6nnen Explosion Poof Lights Notbatterien hinzugef\u00fcgt werden? <\/strong><\/p>\n\n\n\n<p>Die explosionsgesch\u00fctzte Lampe Amasly kann mit Lithium-Notstrombatterien ausgestattet werden. Die Notlaufzeit betr\u00e4gt 90 Minuten, 120 Minuten oder 180 Minuten. <\/p>\n\n\n\n<p><strong>Q11: Kann die Amasly explosionsgesch\u00fctzte Lampe als OEM-Produkt angepasst werden? <\/strong><\/p>\n\n\n\n<p>Die explosionsgesch\u00fctzten Lampen von Amasly k\u00f6nnen je nach Kundenwunsch sowohl f\u00fcr die Lampen als auch f\u00fcr die Verpackungskartons angepasst werden.<\/p>\n\n\n\n<h2 class=\"wp-block-heading\">Verwandte Produkte<\/h2>\n\n\n\n<div class=\"wp-block-uagb-container uagb-block-66e4defc alignfull uagb-is-root-container\"><div class=\"uagb-container-inner-blocks-wrap\">\n<div class=\"wp-block-uagb-container uagb-block-a42945f9\">\n<div class=\"wp-block-uagb-image uagb-block-7296296b wp-block-uagb-image--layout-default wp-block-uagb-image--effect-static wp-block-uagb-image--align-none\"><figure class=\"wp-block-uagb-image__figure\"><a class=\"\" href=\"https:\/\/led.amasly.com\/de\/products\/\" target=\"\" rel=\"noopener\"><img decoding=\"async\" srcset=\"https:\/\/led.amasly.com\/wp-content\/uploads\/2024\/09\/Explosion-proof-high-bay-lights.png ,https:\/\/led.amasly.com\/wp-content\/uploads\/2024\/09\/Explosion-proof-high-bay-lights.png 780w, https:\/\/led.amasly.com\/wp-content\/uploads\/2024\/09\/Explosion-proof-high-bay-lights.png 360w\" sizes=\"auto, (max-width: 480px) 150px\" src=\"https:\/\/led.amasly.com\/wp-content\/uploads\/2024\/09\/Explosion-proof-high-bay-lights.png\" alt=\"\" class=\"uag-image-1495\" width=\"300\" height=\"300\" title=\"Explosionsgesch\u00fctzte Hochregallampen\" loading=\"lazy\" role=\"img\"><\/a><\/figure><\/div>\n<\/div>\n\n\n\n<div class=\"wp-block-uagb-container uagb-block-4d3efde5\">\n<div class=\"wp-block-uagb-image uagb-block-c9e90797 wp-block-uagb-image--layout-default wp-block-uagb-image--effect-static wp-block-uagb-image--align-none\"><figure class=\"wp-block-uagb-image__figure\"><a class=\"\" href=\"https:\/\/led.amasly.com\/de\/products\/\" target=\"\" rel=\"noopener\"><img decoding=\"async\" srcset=\"https:\/\/led.amasly.com\/wp-content\/uploads\/2024\/07\/LED-tri-proof-lights2.png ,https:\/\/led.amasly.com\/wp-content\/uploads\/2024\/07\/LED-tri-proof-lights2.png 780w, https:\/\/led.amasly.com\/wp-content\/uploads\/2024\/07\/LED-tri-proof-lights2.png 360w\" sizes=\"auto, (max-width: 480px) 150px\" src=\"https:\/\/led.amasly.com\/wp-content\/uploads\/2024\/07\/LED-tri-proof-lights2.png\" alt=\"\" class=\"uag-image-1132\" width=\"300\" height=\"300\" title=\"LED-Dreifach-Leuchten2\" loading=\"lazy\" role=\"img\"><\/a><\/figure><\/div>\n<\/div>\n\n\n\n<div class=\"wp-block-uagb-container uagb-block-11c2578b\">\n<div class=\"wp-block-uagb-image uagb-block-6e8883aa wp-block-uagb-image--layout-default wp-block-uagb-image--effect-static wp-block-uagb-image--align-none\"><figure class=\"wp-block-uagb-image__figure\"><a class=\"\" href=\"https:\/\/led.amasly.com\/de\/products\/\" target=\"\" rel=\"noopener\"><img decoding=\"async\" srcset=\"https:\/\/led.amasly.com\/wp-content\/uploads\/2024\/09\/LED-Explosion-Proof-Gas-Station-Light.png ,https:\/\/led.amasly.com\/wp-content\/uploads\/2024\/09\/LED-Explosion-Proof-Gas-Station-Light.png 780w, https:\/\/led.amasly.com\/wp-content\/uploads\/2024\/09\/LED-Explosion-Proof-Gas-Station-Light.png 360w\" sizes=\"auto, (max-width: 480px) 150px\" src=\"https:\/\/led.amasly.com\/wp-content\/uploads\/2024\/09\/LED-Explosion-Proof-Gas-Station-Light.png\" alt=\"\" class=\"uag-image-1501\" width=\"300\" height=\"300\" title=\"LED Explosionssichere Tankstellenleuchte\" loading=\"lazy\" role=\"img\"><\/a><\/figure><\/div>\n<\/div>\n<\/div><\/div>\n\n\n\n<div class=\"wp-block-uagb-container uagb-block-548945b5 alignfull uagb-is-root-container\"><div class=\"uagb-container-inner-blocks-wrap\">\n<div class=\"wp-block-uagb-container uagb-block-967755d5\">\n<h4 class=\"wp-block-heading has-text-align-center\"><a href=\"https:\/\/led.amasly.com\/de\/products\/\">LED-Explosionsgesch\u00fctzte Lichter<\/a><\/h4>\n<\/div>\n\n\n\n<div class=\"wp-block-uagb-container uagb-block-9bc52fc2\">\n<h4 class=\"wp-block-heading has-text-align-center\"><a href=\"https:\/\/led.amasly.com\/de\/products\/\">LED Tri-Proof-Leuchten<\/a><\/h4>\n<\/div>\n\n\n\n<div class=\"wp-block-uagb-container uagb-block-8ffa0a23\">\n<h4 class=\"wp-block-heading has-text-align-center\"><a href=\"https:\/\/led.amasly.com\/de\/products\/\">Explosionssichere Tankstellenbeleuchtungen<\/a><\/h4>\n<\/div>\n<\/div><\/div>\n\n\n\n<div class=\"wp-block-uagb-container uagb-block-29499fe0 alignfull uagb-is-root-container\"><div class=\"uagb-container-inner-blocks-wrap\">\n<div class=\"wp-block-uagb-container uagb-block-777ee1c7\">\n<div class=\"wp-block-uagb-image uagb-block-2e9a1851 wp-block-uagb-image--layout-default wp-block-uagb-image--effect-static wp-block-uagb-image--align-none\"><figure class=\"wp-block-uagb-image__figure\"><a class=\"\" href=\"https:\/\/led.amasly.com\/de\/products\/\" target=\"\" rel=\"noopener\"><img decoding=\"async\" srcset=\"https:\/\/led.amasly.com\/wp-content\/uploads\/2024\/10\/50W-100W-150W-200W-300W-LED-Flood-Light.jpg ,https:\/\/led.amasly.com\/wp-content\/uploads\/2024\/10\/50W-100W-150W-200W-300W-LED-Flood-Light.jpg 780w, https:\/\/led.amasly.com\/wp-content\/uploads\/2024\/10\/50W-100W-150W-200W-300W-LED-Flood-Light.jpg 360w\" sizes=\"auto, (max-width: 480px) 150px\" src=\"https:\/\/led.amasly.com\/wp-content\/uploads\/2024\/10\/50W-100W-150W-200W-300W-LED-Flood-Light.jpg\" alt=\"\" class=\"uag-image-1526\" width=\"300\" height=\"300\" title=\"50W 100W 150W 200W 300W LED-Flutlicht\" loading=\"lazy\" role=\"img\"><\/a><\/figure><\/div>\n<\/div>\n\n\n\n<div class=\"wp-block-uagb-container uagb-block-af8c8683\">\n<div class=\"wp-block-uagb-image uagb-block-67947854 wp-block-uagb-image--layout-default wp-block-uagb-image--effect-static wp-block-uagb-image--align-none\"><figure class=\"wp-block-uagb-image__figure\"><a class=\"\" href=\"https:\/\/led.amasly.com\/de\/products\/\" target=\"\" rel=\"noopener\"><img decoding=\"async\" srcset=\"https:\/\/led.amasly.com\/wp-content\/uploads\/2024\/07\/led-tri-proof-light.png ,https:\/\/led.amasly.com\/wp-content\/uploads\/2024\/07\/led-tri-proof-light.png 780w, https:\/\/led.amasly.com\/wp-content\/uploads\/2024\/07\/led-tri-proof-light.png 360w\" sizes=\"auto, (max-width: 480px) 150px\" src=\"https:\/\/led.amasly.com\/wp-content\/uploads\/2024\/07\/led-tri-proof-light.png\" alt=\"\" class=\"uag-image-1130\" width=\"300\" height=\"300\" title=\"led-tri-proof-licht\" loading=\"lazy\" role=\"img\"><\/a><\/figure><\/div>\n<\/div>\n\n\n\n<div class=\"wp-block-uagb-container uagb-block-0fdfdd58\">\n<div class=\"wp-block-uagb-image uagb-block-1187d32d wp-block-uagb-image--layout-default wp-block-uagb-image--effect-static wp-block-uagb-image--align-none\"><figure class=\"wp-block-uagb-image__figure\"><a class=\"\" href=\"https:\/\/led.amasly.com\/de\/products\/\" target=\"\" rel=\"noopener\"><img decoding=\"async\" srcset=\"https:\/\/led.amasly.com\/wp-content\/uploads\/2024\/07\/LED-street-light.jpg ,https:\/\/led.amasly.com\/wp-content\/uploads\/2024\/07\/LED-street-light.jpg 780w, https:\/\/led.amasly.com\/wp-content\/uploads\/2024\/07\/LED-street-light.jpg 360w\" sizes=\"auto, (max-width: 480px) 150px\" src=\"https:\/\/led.amasly.com\/wp-content\/uploads\/2024\/07\/LED-street-light.jpg\" alt=\"\" class=\"uag-image-1145\" width=\"300\" height=\"300\" title=\"LED-Stra\u00dfenlaterne\" loading=\"lazy\" role=\"img\"><\/a><\/figure><\/div>\n<\/div>\n<\/div><\/div>\n\n\n\n<div class=\"wp-block-uagb-container uagb-block-6a60882c alignfull uagb-is-root-container\"><div class=\"uagb-container-inner-blocks-wrap\">\n<div class=\"wp-block-uagb-container uagb-block-f1e91a35\">\n<h4 class=\"wp-block-heading has-text-align-center\"><a href=\"https:\/\/led.amasly.com\/de\/products\/\">LED-Flutlichter<\/a><\/h4>\n<\/div>\n\n\n\n<div class=\"wp-block-uagb-container uagb-block-165bfa58\">\n<h4 class=\"wp-block-heading has-text-align-center\"><a href=\"https:\/\/led.amasly.com\/de\/products\/\">LED Tri-Proof-R\u00f6hrenleuchten<\/a><\/h4>\n<\/div>\n\n\n\n<div class=\"wp-block-uagb-container uagb-block-f6096e3b\">\n<h4 class=\"wp-block-heading has-text-align-center\"><a href=\"https:\/\/led.amasly.com\/de\/products\/\">LED-Stra\u00dfenlaternen<\/a><\/h4>\n<\/div>\n<\/div><\/div>\n\n\n\n<div class=\"wp-block-uagb-container uagb-block-99c0e0a5 alignfull uagb-is-root-container\"><div class=\"uagb-container-inner-blocks-wrap\"><\/div><\/div>\n\n\n\n<p><\/p>","protected":false},"excerpt":{"rendered":"<p>Basketball Court Lighting Configuration Guide Outdoor Basketball Court Lighting Configuration Guide When selecting light for an outdoor basketball court, you need to consider the following key factors: 1. Basketball Court Lighting Configuration Guide Uniformity: Uniform lighting prevents overly bright or dark areas, providing a comfortable visual environment. Choose appropriate lighting fixtures and design solutions to [&hellip;]<\/p>\n","protected":false},"author":1,"featured_media":0,"parent":4122,"menu_order":0,"comment_status":"closed","ping_status":"closed","template":"","meta":{"_uag_custom_page_level_css":"","site-sidebar-layout":"no-sidebar","site-content-layout":"","ast-site-content-layout":"default","site-content-style":"default","site-sidebar-style":"default","ast-global-header-display":"","ast-banner-title-visibility":"","ast-main-header-display":"","ast-hfb-above-header-display":"","ast-hfb-below-header-display":"","ast-hfb-mobile-header-display":"","site-post-title":"disabled","ast-breadcrumbs-content":"","ast-featured-img":"","footer-sml-layout":"","ast-disable-related-posts":"","theme-transparent-header-meta":"enabled","adv-header-id-meta":"","stick-header-meta":"","header-above-stick-meta":"","header-main-stick-meta":"","header-below-stick-meta":"","astra-migrate-meta-layouts":"set","ast-page-background-enabled":"default","ast-page-background-meta":{"desktop":{"background-color":"var(--ast-global-color-4)","background-image":"","background-repeat":"repeat","background-position":"center center","background-size":"auto","background-attachment":"scroll","background-type":"","background-media":"","overlay-type":"","overlay-color":"","overlay-opacity":"","overlay-gradient":""},"tablet":{"background-color":"","background-image":"","background-repeat":"repeat","background-position":"center center","background-size":"auto","background-attachment":"scroll","background-type":"","background-media":"","overlay-type":"","overlay-color":"","overlay-opacity":"","overlay-gradient":""},"mobile":{"background-color":"","background-image":"","background-repeat":"repeat","background-position":"center center","background-size":"auto","background-attachment":"scroll","background-type":"","background-media":"","overlay-type":"","overlay-color":"","overlay-opacity":"","overlay-gradient":""}},"ast-content-background-meta":{"desktop":{"background-color":"var(--ast-global-color-5)","background-image":"","background-repeat":"repeat","background-position":"center center","background-size":"auto","background-attachment":"scroll","background-type":"","background-media":"","overlay-type":"","overlay-color":"","overlay-opacity":"","overlay-gradient":""},"tablet":{"background-color":"var(--ast-global-color-5)","background-image":"","background-repeat":"repeat","background-position":"center center","background-size":"auto","background-attachment":"scroll","background-type":"","background-media":"","overlay-type":"","overlay-color":"","overlay-opacity":"","overlay-gradient":""},"mobile":{"background-color":"var(--ast-global-color-5)","background-image":"","background-repeat":"repeat","background-position":"center center","background-size":"auto","background-attachment":"scroll","background-type":"","background-media":"","overlay-type":"","overlay-color":"","overlay-opacity":"","overlay-gradient":""}},"footnotes":""},"class_list":["post-4155","page","type-page","status-publish","hentry"],"uagb_featured_image_src":{"full":false,"thumbnail":false,"medium":false,"medium_large":false,"large":false,"1536x1536":false,"2048x2048":false,"trp-custom-language-flag":false},"uagb_author_info":{"display_name":"Joe","author_link":"https:\/\/led.amasly.com\/de\/author\/jacklin\/"},"uagb_comment_info":0,"uagb_excerpt":"Basketball Court Lighting Configuration Guide Outdoor Basketball Court Lighting Configuration Guide When selecting light for an outdoor basketball court, you need to consider the following key factors: 1. Basketball Court Lighting Configuration Guide Uniformity: Uniform lighting prevents overly bright or dark areas, providing a comfortable visual environment. Choose appropriate lighting fixtures and design solutions to&hellip;","_links":{"self":[{"href":"https:\/\/led.amasly.com\/de\/wp-json\/wp\/v2\/pages\/4155","targetHints":{"allow":["GET"]}}],"collection":[{"href":"https:\/\/led.amasly.com\/de\/wp-json\/wp\/v2\/pages"}],"about":[{"href":"https:\/\/led.amasly.com\/de\/wp-json\/wp\/v2\/types\/page"}],"author":[{"embeddable":true,"href":"https:\/\/led.amasly.com\/de\/wp-json\/wp\/v2\/users\/1"}],"replies":[{"embeddable":true,"href":"https:\/\/led.amasly.com\/de\/wp-json\/wp\/v2\/comments?post=4155"}],"version-history":[{"count":3,"href":"https:\/\/led.amasly.com\/de\/wp-json\/wp\/v2\/pages\/4155\/revisions"}],"predecessor-version":[{"id":4701,"href":"https:\/\/led.amasly.com\/de\/wp-json\/wp\/v2\/pages\/4155\/revisions\/4701"}],"up":[{"embeddable":true,"href":"https:\/\/led.amasly.com\/de\/wp-json\/wp\/v2\/pages\/4122"}],"wp:attachment":[{"href":"https:\/\/led.amasly.com\/de\/wp-json\/wp\/v2\/media?parent=4155"}],"curies":[{"name":"wp","href":"https:\/\/api.w.org\/{rel}","templated":true}]}}