{"id":4115,"date":"2025-07-05T18:05:39","date_gmt":"2025-07-05T10:05:39","guid":{"rendered":"https:\/\/led.amasly.com\/?page_id=4115"},"modified":"2026-01-22T14:17:14","modified_gmt":"2026-01-22T06:17:14","slug":"60-watt-vs-100-watt-lamps-whats-the-difference-and-which-is-better","status":"publish","type":"page","link":"https:\/\/led.amasly.com\/de\/knowledge\/led-light-knowledge\/60-watt-vs-100-watt-lamps-whats-the-difference-and-which-is-better\/","title":{"rendered":"60-Watt-Lampen vs. 100-Watt-Lampen: Was ist der Unterschied und was ist besser?"},"content":{"rendered":"<div class=\"wp-block-uagb-container uagb-block-27bae773 alignfull uagb-is-root-container\"><div class=\"uagb-container-inner-blocks-wrap\"><\/div><\/div>\n\n\n\n<h1 class=\"wp-block-heading has-text-align-center\"><strong>60<\/strong><strong>&nbsp;<\/strong><strong>Watt vs. 100<\/strong><strong>&nbsp;<\/strong><strong>Watt-Lampen: Was ist der Unterschied und was ist besser?<\/strong><strong><\/strong><\/h1>\n\n\n\n<div class=\"wp-block-uagb-image uagb-block-da1360b5 wp-block-uagb-image--layout-default wp-block-uagb-image--effect-static wp-block-uagb-image--align-none\"><figure class=\"wp-block-uagb-image__figure\"><img decoding=\"async\" srcset=\"https:\/\/led.amasly.com\/wp-content\/uploads\/2025\/04\/UFO-high-bay-light.png ,https:\/\/led.amasly.com\/wp-content\/uploads\/2025\/04\/UFO-high-bay-light.png 780w, https:\/\/led.amasly.com\/wp-content\/uploads\/2025\/04\/UFO-high-bay-light.png 360w\" sizes=\"auto, (max-width: 480px) 150px\" src=\"https:\/\/led.amasly.com\/wp-content\/uploads\/2025\/04\/UFO-high-bay-light.png\" alt=\"High Bay\u00a0light price, 100 Watt Lamps\" class=\"uag-image-2947\" width=\"600\" height=\"348\" title=\"UFO-Hallenleuchte\" loading=\"lazy\" role=\"img\"\/><\/figure><\/div>\n\n\n\n<p>Planen Sie, Ihre alten 60-Watt-Birnen durch 100-Watt-Lampen zu ersetzen? Egal, ob Sie planen, Ihre alten HID-Lampen (wie Leuchtstoffr\u00f6hren, Halogenlampen usw.) durch 100-Watt-\u00c4quivalent-LEDs zu ersetzen, oder ob Sie einfach auf eine Gl\u00fchbirne mit h\u00f6herer Wattzahl umsteigen wollen, sollten Sie diesen Artikel lesen.<\/p>\n\n\n\n<p>In diesem Artikel werden wir 60-Watt- und 100-Watt-Lampen vergleichen, um zu sehen, welche besser ist. Au\u00dferdem sagen wir Ihnen, ob es m\u00f6glich ist, eine 100-Watt-Lampe in einer 60-Watt-Leuchte zu verwenden. Lies weiter!<\/p>\n\n\n\n<figure class=\"wp-block-image aligncenter size-full\"><img decoding=\"async\" src=\"https:\/\/led.amasly.com\/wp-content\/uploads\/2025\/05\/high-bay-light.webp\" alt=\"\" class=\"wp-image-3954\" title=\"\"><\/figure>\n\n\n\n<h2 class=\"wp-block-heading\"><strong>60- und 100-Watt-Lampen: Was ist der Unterschied und was ist besser?<\/strong><\/h2>\n\n\n\n<h3 class=\"wp-block-heading\"><strong>Gr\u00f6\u00dfen<\/strong><strong><\/strong><\/h3>\n\n\n\n<p>Eine 60-Watt-Gl\u00fchbirne ist kleiner als eine 100-Watt-Gl\u00fchbirne. Gl\u00fchbirnen mit h\u00f6herer Leistung sind in der Regel gr\u00f6\u00dfer, um die W\u00e4rme effizienter abzuleiten. Die Gl\u00fchbirnen, die wir im t\u00e4glichen Leben verwenden, haben in der Regel einen einheitlichen Lampensockel, so dass sie leicht zu ersetzen sind.<\/p>\n\n\n\n<p>Je leistungsf\u00e4higer die Gl\u00fchlampe, desto gr\u00f6\u00dfer ist sie in der Regel. Nat\u00fcrlich k\u00f6nnen auch andere Lampentypen in der Gr\u00f6\u00dfe angepasst werden, um spezifischen Anwendungsanforderungen oder Kundenw\u00fcnschen gerecht zu werden.<br><strong>&nbsp;Helligkeit<\/strong><strong><\/strong><\/p>\n\n\n\n<p>Bevor man die Helligkeit einer 60-Watt- und einer 100-Watt-Gl\u00fchbirne vergleicht, muss man zun\u00e4chst feststellen, ob es sich bei den beiden Lampen um den gleichen Typ handelt. Wenn es sich um denselben Lampentyp handelt, ist die 100-Watt-Lampe definitiv heller als die 60-Watt-Lampe.<\/p>\n\n\n\n<p>Wenn es sich nicht um dieselbe Art von Gl\u00fchbirne handelt, kann man nicht einfach sagen, je h\u00f6her die Wattzahl, desto heller ist sie. Das liegt daran, dass wir in diesem Fall die Helligkeit nicht allein anhand der Leistung messen k\u00f6nnen, sondern anhand des Lumenwerts, der die Helligkeit der Gl\u00fchbirne in der Wahrnehmung des menschlichen Auges darstellt. Leistungsstarke, aber ineffiziente Gl\u00fchbirnen wandeln nur einen Teil der elektrischen Energie in Lichtenergie um, so dass sie niedrige Lumenwerte ausstrahlen.<\/p>\n\n\n\n<p>So kann eine 60-Watt-Gl\u00fchbirne heller sein als eine 100-Watt-Gl\u00fchbirne f\u00fcr verschiedene Arten von Gl\u00fchbirnen. Zum Beispiel ist eine 60-Watt-LED-Gl\u00fchbirne heller als eine 100-Watt-Halogenlampe, weil LED-Gl\u00fchbirnen 2-3 mal effizienter sind als Halogenlampen.<\/p>\n\n\n\n<figure class=\"wp-block-image aligncenter size-full\"><img decoding=\"async\" width=\"300\" height=\"300\" src=\"https:\/\/led.amasly.com\/wp-content\/uploads\/2025\/05\/Explosion-proof-high-bay-lights.png\" alt=\"\" class=\"wp-image-3948\" title=\"\" srcset=\"https:\/\/led.amasly.com\/wp-content\/uploads\/2025\/05\/Explosion-proof-high-bay-lights.png 300w, https:\/\/led.amasly.com\/wp-content\/uploads\/2025\/05\/Explosion-proof-high-bay-lights-150x150.png 150w, https:\/\/led.amasly.com\/wp-content\/uploads\/2025\/05\/Explosion-proof-high-bay-lights-12x12.png 12w\" sizes=\"(max-width: 300px) 100vw, 300px\" \/><\/figure>\n\n\n\n<h3 class=\"wp-block-heading\"><strong>widerstandsf\u00e4hig<\/strong><strong><\/strong><\/h3>\n\n\n\n<p>Eine 60-Watt-Gl\u00fchbirne ist schw\u00e4cher, was bedeutet, dass weniger Strom durch die Birne flie\u00dft. Wenn die Spannung konstant gehalten wird, nimmt der Strom mit steigendem Widerstand ab. Daher hat die 60-Watt-Gl\u00fchbirne einen h\u00f6heren Widerstand. Wir k\u00f6nnen ihren Widerstand auch anhand der Formel R=V\u00b2\/P analysieren. Bei gleicher Spannung hat die 60-Watt-Gl\u00fchbirne einen h\u00f6heren Widerstand als die 100-Watt-Gl\u00fchbirne, da der Widerstand mit abnehmender Leistung zunimmt.<\/p>\n\n\n\n<h3 class=\"wp-block-heading\"><strong>Energieverschwendung<\/strong><strong><\/strong><\/h3>\n\n\n\n<p>Eine 60-Watt-Gl\u00fchbirne verbraucht 0,06 kWh Strom pro Stunde, w\u00e4hrend eine 100-Watt-Gl\u00fchbirne 0,1 kWh pro Stunde verbraucht.<\/p>\n\n\n\n<h3 class=\"wp-block-heading\"><strong>Heizwert<\/strong><strong><\/strong><\/h3>\n\n\n\n<p>Eine 100-Watt-Gl\u00fchbirne verbraucht mehr Strom als eine 60-Watt-Gl\u00fchbirne, so dass sie mehr W\u00e4rme erzeugt. Bei der Auswahl einer Gl\u00fchbirne sollten Sie darauf achten, ob ihre Leistung f\u00fcr die von Ihnen ben\u00f6tigte Helligkeit ausreicht. W\u00e4hlen Sie keine Gl\u00fchbirnen mit zu viel Leistung, da sie auch zu viel W\u00e4rme erzeugen.<\/p>\n\n\n\n<h2 class=\"wp-block-heading\"><strong>Anwendungsszenario<\/strong><strong><\/strong><\/h2>\n\n\n\n<p>Verschiedene Arten und Wattst\u00e4rken von Gl\u00fchlampen haben unterschiedliche Anwendungsszenarien. Im Folgenden finden Sie Anwendungsszenarien f\u00fcr 60-Watt- und 100-Watt-Gl\u00fchbirnen, Leuchtstoffr\u00f6hren und LED-Lampen.<\/p>\n\n\n\n<p>LED-Leuchten: 60 Watt f\u00fcr Au\u00dfenbereiche wie H\u00f6fe; 100-Watt-Lampen f\u00fcr die Stra\u00dfenbeleuchtung<br>\u00a0Gl\u00fchlampen: 60 Watt f\u00fcr kleine R\u00e4ume, wie Schlafzimmer; 100 Watt Lampen f\u00fcr gro\u00dfe R\u00e4ume, wie Wohnzimmer<br>\u00a0Leuchtstofflampen: 60 Watt f\u00fcr gr\u00f6\u00dfere Innenr\u00e4ume, z. B. B\u00fcro-Lobbys; 100 Watt f\u00fcr gewerbliche Beleuchtung, z. B. in Einkaufszentren<\/p>\n\n\n\n<figure class=\"wp-block-image aligncenter size-full\"><img decoding=\"async\" width=\"675\" height=\"661\" src=\"https:\/\/led.amasly.com\/wp-content\/uploads\/2025\/07\/LED-bulbs.png\" alt=\"\" class=\"wp-image-4089\" title=\"\" srcset=\"https:\/\/led.amasly.com\/wp-content\/uploads\/2025\/07\/LED-bulbs.png 675w, https:\/\/led.amasly.com\/wp-content\/uploads\/2025\/07\/LED-bulbs-300x294.png 300w, https:\/\/led.amasly.com\/wp-content\/uploads\/2025\/07\/LED-bulbs-12x12.png 12w\" sizes=\"(max-width: 675px) 100vw, 675px\" \/><\/figure>\n\n\n\n<h2 class=\"wp-block-heading\"><strong>Ersetzen Sie die 60-Watt-Gl\u00fchbirne durch eine 100-Watt-Gl\u00fchbirne des gleichen Typs:<\/strong><strong><\/strong><\/h2>\n\n\n\n<p>Die Verwendung einer 100-Watt-Gl\u00fchbirne in einer 60-Watt-Lampenfassung kann zu Kurzschl\u00fcssen, Unterbrechungen, Durchbrennen oder Br\u00e4nden f\u00fchren. Die thermische Auslegung einer 60-Watt-Gl\u00fchlampe gew\u00e4hrleistet nur den ordnungsgem\u00e4\u00dfen Betrieb einer 60-Watt-Gl\u00fchlampe. Bei einer Leistung von 100 Watt kann ein zu hoher Betriebsstrom dazu f\u00fchren, dass die Sicherung (falls vorhanden) durchbrennt und die Dr\u00e4hte \u00fcberhitzen.<\/p>\n\n\n\n<p>Wenn Sie die Gl\u00fchbirne ersetzen, verlieren Sie au\u00dferdem die Garantie auf die Gl\u00fchbirne. Au\u00dferdem sind einige 100-Watt-Gl\u00fchbirnen gr\u00f6\u00dfer als 60-Watt-Gl\u00fchbirnen, so dass die Gl\u00fchbirne und der Lampensockel m\u00f6glicherweise nicht zusammenpassen. Aus diesem Grund ist es nicht empfehlenswert, eine 100-Watt-Gl\u00fchbirne in einer 60-Watt-Lampe zu verwenden.<\/p>\n\n\n\n<h2 class=\"wp-block-heading\"><strong>Ersetzen Sie vorhandene 60-Watt-Gl\u00fchbirnen, Leuchtstofflampen, Halogenlampen usw. durch LED-Lampen mit einer Leistung von 100 Watt:<\/strong><strong><\/strong><\/h2>\n\n\n\n<p>Wenn Sie eine LED-Gl\u00fchbirne verwenden m\u00f6chten, die einer 100-Watt-Gl\u00fchbirne\/Fluoreszenz-\/Halogenlampe entspricht, wird diese aufgrund des hohen Wirkungsgrads von LED-Gl\u00fchbirnen deutlich unter 60 Watt verbrauchen. Eine LED-Gl\u00fchbirne, die einer 100-Watt-Gl\u00fchbirne entspricht, hat zum Beispiel nur 10 bis 15 Watt. Sie sollten dann pr\u00fcfen, ob die Spezifikationen der Gl\u00fchbirne kompatibel sind.<\/p>\n\n\n\n<p>Einige LED-Gl\u00fchbirnen haben speziell entwickelte Lampensockel, um die W\u00e4rmeableitung zu maximieren. Wenn die W\u00e4rmeableitung schlecht ist, kann sich die Lebensdauer der Gl\u00fchbirne verk\u00fcrzen. Wenn Ihnen das nichts ausmacht und Sie einfach nur helleres Licht w\u00fcnschen, sollten Sie in Erw\u00e4gung ziehen, Ihre urspr\u00fcngliche 60-Watt-Gl\u00fchbirne durch eine 100-Watt-\u00e4quivalente LED-Gl\u00fchbirne zu ersetzen.<\/p>\n\n\n\n<p>Wenn es funktioniert, werden diese LED-Gl\u00fchbirnen mit einem \u00c4quivalent von 100 Watt keinen gro\u00dfen Schaden anrichten, da sie weniger W\u00e4rme erzeugen als herk\u00f6mmliche Gl\u00fchbirnen.<\/p>\n\n\n\n<h2 class=\"wp-block-heading\"><strong>Zusammenfassung<\/strong><strong><\/strong><\/h2>\n\n\n\n<p class=\"has-text-align-left\">60-Watt- und 100-Watt-Lampen unterscheiden sich in Gr\u00f6\u00dfe, Helligkeit, Widerstand, Stromverbrauch, W\u00e4rmeentwicklung und Anwendungsszenarien. Sie sollten die richtige Gl\u00fchlampe entsprechend Ihren tats\u00e4chlichen Bed\u00fcrfnissen w\u00e4hlen. Das Ersetzen einer 60-Watt-Lampe durch eine 100-Watt-Lampe desselben Typs wird wegen der Gefahr des Durchbrennens nicht empfohlen. Unter geeigneten Bedingungen k\u00f6nnen Sie die urspr\u00fcngliche herk\u00f6mmliche 60-Watt-Gl\u00fchbirne durch eine gleichwertige 100-Watt-LED-Gl\u00fchbirne ersetzen.<\/p>\n\n\n\n<p>Standard: <a href=\"http:\/\/www.iec.com\" rel=\"nofollow noopener\" target=\"_blank\">IEC 60598<\/a><\/p>\n\n\n\n<div class=\"wp-block-uagb-container uagb-block-c7d898dd alignfull uagb-is-root-container\"><div class=\"uagb-container-inner-blocks-wrap\"><\/div><\/div>\n\n\n\n<h2 class=\"wp-block-heading\">Verwandte Produkte<\/h2>\n\n\n\n<div class=\"wp-block-uagb-container uagb-block-66e4defc alignfull uagb-is-root-container\"><div class=\"uagb-container-inner-blocks-wrap\">\n<div class=\"wp-block-uagb-container uagb-block-a42945f9\">\n<div class=\"wp-block-uagb-image uagb-block-7296296b wp-block-uagb-image--layout-default wp-block-uagb-image--effect-static wp-block-uagb-image--align-none\"><figure class=\"wp-block-uagb-image__figure\"><a class=\"\" href=\"https:\/\/led.amasly.com\/de\/products\/\" target=\"\" rel=\"noopener\"><img decoding=\"async\" srcset=\"https:\/\/led.amasly.com\/wp-content\/uploads\/2024\/09\/Explosion-proof-high-bay-lights.png ,https:\/\/led.amasly.com\/wp-content\/uploads\/2024\/09\/Explosion-proof-high-bay-lights.png 780w, https:\/\/led.amasly.com\/wp-content\/uploads\/2024\/09\/Explosion-proof-high-bay-lights.png 360w\" sizes=\"auto, (max-width: 480px) 150px\" src=\"https:\/\/led.amasly.com\/wp-content\/uploads\/2024\/09\/Explosion-proof-high-bay-lights.png\" alt=\"\" class=\"uag-image-1495\" width=\"300\" height=\"300\" title=\"Explosionsgesch\u00fctzte Hochregallampen\" loading=\"lazy\" role=\"img\"><\/a><\/figure><\/div>\n<\/div>\n\n\n\n<div class=\"wp-block-uagb-container uagb-block-4d3efde5\">\n<div class=\"wp-block-uagb-image uagb-block-c9e90797 wp-block-uagb-image--layout-default wp-block-uagb-image--effect-static wp-block-uagb-image--align-none\"><figure class=\"wp-block-uagb-image__figure\"><a class=\"\" href=\"https:\/\/led.amasly.com\/de\/products\/\" target=\"\" rel=\"noopener\"><img decoding=\"async\" srcset=\"https:\/\/led.amasly.com\/wp-content\/uploads\/2024\/07\/LED-tri-proof-lights2.png ,https:\/\/led.amasly.com\/wp-content\/uploads\/2024\/07\/LED-tri-proof-lights2.png 780w, https:\/\/led.amasly.com\/wp-content\/uploads\/2024\/07\/LED-tri-proof-lights2.png 360w\" sizes=\"auto, (max-width: 480px) 150px\" src=\"https:\/\/led.amasly.com\/wp-content\/uploads\/2024\/07\/LED-tri-proof-lights2.png\" alt=\"\" class=\"uag-image-1132\" width=\"300\" height=\"300\" title=\"LED-Dreifach-Leuchten2\" loading=\"lazy\" role=\"img\"><\/a><\/figure><\/div>\n<\/div>\n\n\n\n<div class=\"wp-block-uagb-container uagb-block-11c2578b\">\n<div class=\"wp-block-uagb-image uagb-block-6e8883aa wp-block-uagb-image--layout-default wp-block-uagb-image--effect-static wp-block-uagb-image--align-none\"><figure class=\"wp-block-uagb-image__figure\"><a class=\"\" href=\"https:\/\/led.amasly.com\/de\/products\/\" target=\"\" rel=\"noopener\"><img decoding=\"async\" srcset=\"https:\/\/led.amasly.com\/wp-content\/uploads\/2024\/09\/LED-Explosion-Proof-Gas-Station-Light.png ,https:\/\/led.amasly.com\/wp-content\/uploads\/2024\/09\/LED-Explosion-Proof-Gas-Station-Light.png 780w, https:\/\/led.amasly.com\/wp-content\/uploads\/2024\/09\/LED-Explosion-Proof-Gas-Station-Light.png 360w\" sizes=\"auto, (max-width: 480px) 150px\" src=\"https:\/\/led.amasly.com\/wp-content\/uploads\/2024\/09\/LED-Explosion-Proof-Gas-Station-Light.png\" alt=\"\" class=\"uag-image-1501\" width=\"300\" height=\"300\" title=\"LED Explosionssichere Tankstellenleuchte\" loading=\"lazy\" role=\"img\"><\/a><\/figure><\/div>\n<\/div>\n<\/div><\/div>\n\n\n\n<div class=\"wp-block-uagb-container uagb-block-548945b5 alignfull uagb-is-root-container\"><div class=\"uagb-container-inner-blocks-wrap\">\n<div class=\"wp-block-uagb-container uagb-block-967755d5\">\n<h4 class=\"wp-block-heading has-text-align-center\"><a href=\"https:\/\/led.amasly.com\/de\/products\/\">LED-Explosionsgesch\u00fctzte Lichter<\/a><\/h4>\n<\/div>\n\n\n\n<div class=\"wp-block-uagb-container uagb-block-9bc52fc2\">\n<h4 class=\"wp-block-heading has-text-align-center\"><a href=\"https:\/\/led.amasly.com\/de\/products\/\">LED Tri-Proof-Leuchten<\/a><\/h4>\n<\/div>\n\n\n\n<div class=\"wp-block-uagb-container uagb-block-8ffa0a23\">\n<h4 class=\"wp-block-heading has-text-align-center\"><a href=\"https:\/\/led.amasly.com\/de\/products\/\">Explosionssichere Tankstellenbeleuchtungen<\/a><\/h4>\n<\/div>\n<\/div><\/div>\n\n\n\n<div class=\"wp-block-uagb-container uagb-block-29499fe0 alignfull uagb-is-root-container\"><div class=\"uagb-container-inner-blocks-wrap\">\n<div class=\"wp-block-uagb-container uagb-block-777ee1c7\">\n<div class=\"wp-block-uagb-image uagb-block-2e9a1851 wp-block-uagb-image--layout-default wp-block-uagb-image--effect-static wp-block-uagb-image--align-none\"><figure class=\"wp-block-uagb-image__figure\"><a class=\"\" href=\"https:\/\/led.amasly.com\/de\/products\/\" target=\"\" rel=\"noopener\"><img decoding=\"async\" srcset=\"https:\/\/led.amasly.com\/wp-content\/uploads\/2024\/10\/50W-100W-150W-200W-300W-LED-Flood-Light.jpg ,https:\/\/led.amasly.com\/wp-content\/uploads\/2024\/10\/50W-100W-150W-200W-300W-LED-Flood-Light.jpg 780w, https:\/\/led.amasly.com\/wp-content\/uploads\/2024\/10\/50W-100W-150W-200W-300W-LED-Flood-Light.jpg 360w\" sizes=\"auto, (max-width: 480px) 150px\" src=\"https:\/\/led.amasly.com\/wp-content\/uploads\/2024\/10\/50W-100W-150W-200W-300W-LED-Flood-Light.jpg\" alt=\"\" class=\"uag-image-1526\" width=\"300\" height=\"300\" title=\"50W 100W 150W 200W 300W LED-Flutlicht\" loading=\"lazy\" role=\"img\"><\/a><\/figure><\/div>\n<\/div>\n\n\n\n<div class=\"wp-block-uagb-container uagb-block-af8c8683\">\n<div class=\"wp-block-uagb-image uagb-block-67947854 wp-block-uagb-image--layout-default wp-block-uagb-image--effect-static wp-block-uagb-image--align-none\"><figure class=\"wp-block-uagb-image__figure\"><a class=\"\" href=\"https:\/\/led.amasly.com\/de\/products\/\" target=\"\" rel=\"noopener\"><img decoding=\"async\" srcset=\"https:\/\/led.amasly.com\/wp-content\/uploads\/2024\/07\/led-tri-proof-light.png ,https:\/\/led.amasly.com\/wp-content\/uploads\/2024\/07\/led-tri-proof-light.png 780w, https:\/\/led.amasly.com\/wp-content\/uploads\/2024\/07\/led-tri-proof-light.png 360w\" sizes=\"auto, (max-width: 480px) 150px\" src=\"https:\/\/led.amasly.com\/wp-content\/uploads\/2024\/07\/led-tri-proof-light.png\" alt=\"\" class=\"uag-image-1130\" width=\"300\" height=\"300\" title=\"led-tri-proof-licht\" loading=\"lazy\" role=\"img\"><\/a><\/figure><\/div>\n<\/div>\n\n\n\n<div class=\"wp-block-uagb-container uagb-block-0fdfdd58\">\n<div class=\"wp-block-uagb-image uagb-block-1187d32d wp-block-uagb-image--layout-default wp-block-uagb-image--effect-static wp-block-uagb-image--align-none\"><figure class=\"wp-block-uagb-image__figure\"><a class=\"\" href=\"https:\/\/led.amasly.com\/de\/products\/\" target=\"\" rel=\"noopener\"><img decoding=\"async\" srcset=\"https:\/\/led.amasly.com\/wp-content\/uploads\/2024\/07\/LED-street-light.jpg ,https:\/\/led.amasly.com\/wp-content\/uploads\/2024\/07\/LED-street-light.jpg 780w, https:\/\/led.amasly.com\/wp-content\/uploads\/2024\/07\/LED-street-light.jpg 360w\" sizes=\"auto, (max-width: 480px) 150px\" src=\"https:\/\/led.amasly.com\/wp-content\/uploads\/2024\/07\/LED-street-light.jpg\" alt=\"\" class=\"uag-image-1145\" width=\"300\" height=\"300\" title=\"LED-Stra\u00dfenlaterne\" loading=\"lazy\" role=\"img\"><\/a><\/figure><\/div>\n<\/div>\n<\/div><\/div>\n\n\n\n<div class=\"wp-block-uagb-container uagb-block-6a60882c alignfull uagb-is-root-container\"><div class=\"uagb-container-inner-blocks-wrap\">\n<div class=\"wp-block-uagb-container uagb-block-f1e91a35\">\n<h4 class=\"wp-block-heading has-text-align-center\"><a href=\"https:\/\/led.amasly.com\/de\/products\/\">LED-Flutlichter<\/a><\/h4>\n<\/div>\n\n\n\n<div class=\"wp-block-uagb-container uagb-block-165bfa58\">\n<h4 class=\"wp-block-heading has-text-align-center\"><a href=\"https:\/\/led.amasly.com\/de\/products\/\">LED Tri-Proof-R\u00f6hrenleuchten<\/a><\/h4>\n<\/div>\n\n\n\n<div class=\"wp-block-uagb-container uagb-block-f6096e3b\">\n<h4 class=\"wp-block-heading has-text-align-center\"><a href=\"https:\/\/led.amasly.com\/de\/products\/\">LED-Stra\u00dfenlaternen<\/a><\/h4>\n<\/div>\n<\/div><\/div>\n\n\n\n<div class=\"wp-block-uagb-container uagb-block-99c0e0a5 alignfull uagb-is-root-container\"><div class=\"uagb-container-inner-blocks-wrap\"><\/div><\/div>\n\n\n\n<p><\/p>","protected":false},"excerpt":{"rendered":"<p>60&nbsp;watt vs. 100&nbsp;watt lamps: what&#8217;s the difference and which is better? Are you planning to replace your old 60-watt bulbs with 100 Watt Lamps? Whether you&#8217;re planning to replace your old HID lights (such as fluorescents, halogens, etc.) with 100-watt equivalent LEDs, or you simply want to switch to a higher wattage bulb, you should [&hellip;]<\/p>\n","protected":false},"author":1,"featured_media":0,"parent":2984,"menu_order":0,"comment_status":"closed","ping_status":"closed","template":"","meta":{"_uag_custom_page_level_css":"","site-sidebar-layout":"no-sidebar","site-content-layout":"","ast-site-content-layout":"default","site-content-style":"default","site-sidebar-style":"default","ast-global-header-display":"","ast-banner-title-visibility":"","ast-main-header-display":"","ast-hfb-above-header-display":"","ast-hfb-below-header-display":"","ast-hfb-mobile-header-display":"","site-post-title":"disabled","ast-breadcrumbs-content":"","ast-featured-img":"","footer-sml-layout":"","ast-disable-related-posts":"","theme-transparent-header-meta":"enabled","adv-header-id-meta":"","stick-header-meta":"","header-above-stick-meta":"","header-main-stick-meta":"","header-below-stick-meta":"","astra-migrate-meta-layouts":"set","ast-page-background-enabled":"default","ast-page-background-meta":{"desktop":{"background-color":"var(--ast-global-color-4)","background-image":"","background-repeat":"repeat","background-position":"center center","background-size":"auto","background-attachment":"scroll","background-type":"","background-media":"","overlay-type":"","overlay-color":"","overlay-opacity":"","overlay-gradient":""},"tablet":{"background-color":"","background-image":"","background-repeat":"repeat","background-position":"center center","background-size":"auto","background-attachment":"scroll","background-type":"","background-media":"","overlay-type":"","overlay-color":"","overlay-opacity":"","overlay-gradient":""},"mobile":{"background-color":"","background-image":"","background-repeat":"repeat","background-position":"center center","background-size":"auto","background-attachment":"scroll","background-type":"","background-media":"","overlay-type":"","overlay-color":"","overlay-opacity":"","overlay-gradient":""}},"ast-content-background-meta":{"desktop":{"background-color":"var(--ast-global-color-5)","background-image":"","background-repeat":"repeat","background-position":"center center","background-size":"auto","background-attachment":"scroll","background-type":"","background-media":"","overlay-type":"","overlay-color":"","overlay-opacity":"","overlay-gradient":""},"tablet":{"background-color":"var(--ast-global-color-5)","background-image":"","background-repeat":"repeat","background-position":"center center","background-size":"auto","background-attachment":"scroll","background-type":"","background-media":"","overlay-type":"","overlay-color":"","overlay-opacity":"","overlay-gradient":""},"mobile":{"background-color":"var(--ast-global-color-5)","background-image":"","background-repeat":"repeat","background-position":"center center","background-size":"auto","background-attachment":"scroll","background-type":"","background-media":"","overlay-type":"","overlay-color":"","overlay-opacity":"","overlay-gradient":""}},"footnotes":""},"class_list":["post-4115","page","type-page","status-publish","hentry"],"uagb_featured_image_src":{"full":false,"thumbnail":false,"medium":false,"medium_large":false,"large":false,"1536x1536":false,"2048x2048":false,"trp-custom-language-flag":false},"uagb_author_info":{"display_name":"Joe","author_link":"https:\/\/led.amasly.com\/de\/author\/jacklin\/"},"uagb_comment_info":0,"uagb_excerpt":"60&nbsp;watt vs. 100&nbsp;watt lamps: what&#8217;s the difference and which is better? Are you planning to replace your old 60-watt bulbs with 100 Watt Lamps? Whether you&#8217;re planning to replace your old HID lights (such as fluorescents, halogens, etc.) with 100-watt equivalent LEDs, or you simply want to switch to a higher wattage bulb, you should&hellip;","_links":{"self":[{"href":"https:\/\/led.amasly.com\/de\/wp-json\/wp\/v2\/pages\/4115","targetHints":{"allow":["GET"]}}],"collection":[{"href":"https:\/\/led.amasly.com\/de\/wp-json\/wp\/v2\/pages"}],"about":[{"href":"https:\/\/led.amasly.com\/de\/wp-json\/wp\/v2\/types\/page"}],"author":[{"embeddable":true,"href":"https:\/\/led.amasly.com\/de\/wp-json\/wp\/v2\/users\/1"}],"replies":[{"embeddable":true,"href":"https:\/\/led.amasly.com\/de\/wp-json\/wp\/v2\/comments?post=4115"}],"version-history":[{"count":2,"href":"https:\/\/led.amasly.com\/de\/wp-json\/wp\/v2\/pages\/4115\/revisions"}],"predecessor-version":[{"id":4603,"href":"https:\/\/led.amasly.com\/de\/wp-json\/wp\/v2\/pages\/4115\/revisions\/4603"}],"up":[{"embeddable":true,"href":"https:\/\/led.amasly.com\/de\/wp-json\/wp\/v2\/pages\/2984"}],"wp:attachment":[{"href":"https:\/\/led.amasly.com\/de\/wp-json\/wp\/v2\/media?parent=4115"}],"curies":[{"name":"wp","href":"https:\/\/api.w.org\/{rel}","templated":true}]}}