{"id":4100,"date":"2025-07-05T16:12:17","date_gmt":"2025-07-05T08:12:17","guid":{"rendered":"https:\/\/led.amasly.com\/?page_id=4100"},"modified":"2025-07-05T16:12:22","modified_gmt":"2025-07-05T08:12:22","slug":"how-long-do-led-lights-lifespan","status":"publish","type":"page","link":"https:\/\/led.amasly.com\/de\/knowledge\/led-light-knowledge\/how-long-do-led-lights-lifespan\/","title":{"rendered":"Wie lang ist die Lebensdauer von LED-Leuchten?"},"content":{"rendered":"<div class=\"wp-block-uagb-container uagb-block-27bae773 alignfull uagb-is-root-container\"><div class=\"uagb-container-inner-blocks-wrap\"><\/div><\/div>\n\n\n\n<h1 class=\"wp-block-heading has-text-align-center\"><strong>Wie lange halten LED-Leuchten <\/strong><strong>Lebenserwartung<\/strong><strong>?<\/strong><strong><\/strong><\/h1>\n\n\n\n<figure class=\"wp-block-image size-large\"><img decoding=\"async\" width=\"1024\" height=\"944\" src=\"https:\/\/led.amasly.com\/wp-content\/uploads\/2025\/07\/LED-lights-lifespan-1024x944.png\" alt=\"\" class=\"wp-image-4101\" title=\"\" srcset=\"https:\/\/led.amasly.com\/wp-content\/uploads\/2025\/07\/LED-lights-lifespan-1024x944.png 1024w, https:\/\/led.amasly.com\/wp-content\/uploads\/2025\/07\/LED-lights-lifespan-300x277.png 300w, https:\/\/led.amasly.com\/wp-content\/uploads\/2025\/07\/LED-lights-lifespan-768x708.png 768w, https:\/\/led.amasly.com\/wp-content\/uploads\/2025\/07\/LED-lights-lifespan-13x12.png 13w, https:\/\/led.amasly.com\/wp-content\/uploads\/2025\/07\/LED-lights-lifespan.png 1080w\" sizes=\"(max-width: 1024px) 100vw, 1024px\" \/><\/figure>\n\n\n\n<p>LED-Leuchten ersetzen nach und nach eine Reihe herk\u00f6mmlicher Leuchten, da sie eine lange Lebensdauer haben und gro\u00dfe wirtschaftliche Vorteile mit sich bringen. Allerdings h\u00f6ren wir immer wieder Kunden, die sich \u00fcber die von ihnen gekauften LED-Leuchten beschweren und sagen, dass sie \u00fcberhaupt nicht langlebig sind. Wie lange halten LED-Leuchten tats\u00e4chlich und wie kann man ihre Lebensdauer verl\u00e4ngern? Lesen Sie weiter, um die professionellsten Informationen \u00fcber LED-Leuchten zu erhalten!<\/p>\n\n\n\n<h2 class=\"wp-block-heading\"><strong>Wie lange halten LED-Leuchten <\/strong><strong>Lebenserwartung<\/strong><strong>?<\/strong><strong><\/strong><\/h2>\n\n\n\n<p>Einzelne Leuchtdiodenlampen (LED) haben eine theoretische Lebensdauer von bis zu 100.000 Stunden. Da aber auch andere elektronische Komponenten eine Lebensdauer haben, <strong>Einmal zusammengebaute LED-Lampen haben keine Lebensdauer von 100.000 Stunden. Im Allgemeinen betr\u00e4gt sie etwa 50.000 Stunden.<\/strong><\/p>\n\n\n\n<p>LED-Leuchten leiden nicht unter verschmolzenen Gl\u00fchf\u00e4den, was sie so langlebig macht.<strong>&nbsp;Insgesamt behalten hochwertige LED-Leuchten nach 50.000 Stunden Dauerbetrieb mehr als 60% ihrer urspr\u00fcnglichen Helligkeit.<\/strong>&nbsp;Wenn eine LED-Leuchte das Ende ihrer Nennlebensdauer erreicht hat, leuchtet sie m\u00f6glicherweise noch, aber das Licht ist dann sehr schwach.<\/p>\n\n\n\n<h2 class=\"wp-block-heading\"><strong>Vergleich der Lebensdauer von LED-Lampen und herk\u00f6mmlichen Lampen<\/strong><strong><\/strong><\/h2>\n\n\n\n<p>Trotz der h\u00f6heren Anfangsinvestitionskosten von LED-Lampen sind sie aufgrund ihrer langen Lebensdauer langlebiger, was die Notwendigkeit eines wiederholten Austauschs verringert. Eine Studie, in der der Ersatz herk\u00f6mmlicher Natriumdampf-Hochdrucklampen durch LED-Stra\u00dfenleuchten verglichen wurde, ergab, dass <strong>20-mal so viele herk\u00f6mmliche Leuchten mussten ersetzt werden wie LED-Leuchten.<\/strong><\/p>\n\n\n\n<p>Das nachstehende Balkendiagramm vergleicht die Lebensdauer g\u00e4ngiger Lichtquellen:<\/p>\n\n\n\n<figure class=\"wp-block-image size-full\"><img decoding=\"async\" width=\"891\" height=\"494\" src=\"https:\/\/led.amasly.com\/wp-content\/uploads\/2025\/07\/LED-lamps-and-traditional-lamps-lifespan.png\" alt=\"\" class=\"wp-image-4102\" title=\"\" srcset=\"https:\/\/led.amasly.com\/wp-content\/uploads\/2025\/07\/LED-lamps-and-traditional-lamps-lifespan.png 891w, https:\/\/led.amasly.com\/wp-content\/uploads\/2025\/07\/LED-lamps-and-traditional-lamps-lifespan-300x166.png 300w, https:\/\/led.amasly.com\/wp-content\/uploads\/2025\/07\/LED-lamps-and-traditional-lamps-lifespan-768x426.png 768w, https:\/\/led.amasly.com\/wp-content\/uploads\/2025\/07\/LED-lamps-and-traditional-lamps-lifespan-18x10.png 18w\" sizes=\"(max-width: 891px) 100vw, 891px\" \/><\/figure>\n\n\n\n<p>LED-Leuchten selbst verschlei\u00dfen nicht, aber sie leiden unter Lichtverschlechterung, die sich in einer allm\u00e4hlichen Abnahme der Lichtst\u00e4rke nach 4.000 bis 10.000 Betriebsstunden sowie in einer Ver\u00e4nderung der Farbtemperatur \u00e4u\u00dfert. Ein gutes thermisches Design, die Verwendung von Konstantstrom-Netzteilen und die Verwendung alterungsbest\u00e4ndiger Verpackungsmaterialien k\u00f6nnen dazu beitragen, das Auftreten von LED-Lichtausf\u00e4llen zu verz\u00f6gern. Gem\u00e4\u00df der L70-Norm (d. h. der Norm f\u00fcr die Lichtstromerhaltungsrate), <strong>Es wird allgemein angenommen, dass die LED-Lampe das Ende ihrer Lebensdauer erreicht, wenn der Ausgangslichtstrom einer LED-Lampe auf 70% ihres urspr\u00fcnglichen Wertes (etwa 50.000 Stunden) abf\u00e4llt.<\/strong><\/p>\n\n\n\n<figure class=\"wp-block-image size-full\"><img decoding=\"async\" width=\"890\" height=\"569\" src=\"https:\/\/led.amasly.com\/wp-content\/uploads\/2025\/07\/service-life-of-LED-lights.png\" alt=\"\" class=\"wp-image-4103\" title=\"\" srcset=\"https:\/\/led.amasly.com\/wp-content\/uploads\/2025\/07\/service-life-of-LED-lights.png 890w, https:\/\/led.amasly.com\/wp-content\/uploads\/2025\/07\/service-life-of-LED-lights-300x192.png 300w, https:\/\/led.amasly.com\/wp-content\/uploads\/2025\/07\/service-life-of-LED-lights-768x491.png 768w, https:\/\/led.amasly.com\/wp-content\/uploads\/2025\/07\/service-life-of-LED-lights-18x12.png 18w\" sizes=\"(max-width: 890px) 100vw, 890px\" \/><\/figure>\n\n\n\n<h2 class=\"wp-block-heading\"><strong>Faktoren, die die Lebensdauer von LED-Leuchten beeinflussen<\/strong><strong><\/strong><\/h2>\n\n\n\n<p><strong>W\u00e4rmemanagement: <\/strong>Da LED-Lichtkugeln extrem w\u00e4rmeempfindlich sind, verk\u00fcrzen hohe Temperaturen ihre Lebensdauer. Daher ist ein effizientes W\u00e4rmemanagement (einschlie\u00dflich W\u00e4rmeableitungsmaterialien, W\u00e4rmeableitungsstruktur und thermisches Design) entscheidend. Das W\u00e4rmemanagement ist besonders wichtig f\u00fcr Au\u00dfenlampen wie Stra\u00dfenlaternen.<\/p>\n\n\n\n<p><strong>Strom und Spannung: <\/strong>Eine zu hohe oder zu niedrige Stromst\u00e4rke oder Spannung kann den LED-Chip besch\u00e4digen oder seine Helligkeit verringern. Dar\u00fcber hinaus weisen die Volt-Ampere-Eigenschaften von LEDs darauf hin, dass ihre Stromquelle nur ein Konstantstromnetzteil sein sollte. Die Verwendung eines Netzteils mit nicht konstantem Strom verk\u00fcrzt die Lebensdauer der LED-Leuchte und f\u00fchrt zu einem schnellen Verfall.<\/p>\n\n\n\n<p><strong>Umweltfaktoren: <\/strong>Ung\u00fcnstige Umgebungsfaktoren k\u00f6nnen die Lebensdauer von LED-Leuchten verk\u00fcrzen, z. B. hohe Temperaturen, hohe Luftfeuchtigkeit, starke Vibrationen oder korrosive Gase. Die Ansammlung von Staub und Vogelkot verringert die K\u00fchleffizienz von Au\u00dfenbeleuchtungsk\u00f6rpern. Dar\u00fcber hinaus verk\u00fcrzt die starke UV-Strahlung, die von der Au\u00dfenumgebung ausgeht, die Lebensdauer von LEDs.<\/p>\n\n\n\n<h2 class=\"wp-block-heading\"><strong>Wie k\u00f6nnen Hersteller langlebigere LED-Leuchten herstellen?<\/strong><strong><\/strong><\/h2>\n\n\n\n<p>Um die Lebensdauer von LED-Leuchten zu maximieren, m\u00fcssen die Hersteller bei der Produktion sorgf\u00e4ltig vorgehen.<\/p>\n\n\n\n<p><strong>Thermischer Entwurf: <\/strong>Das thermische Design muss in jeder Phase des Produktionsprozesses optimiert werden. Diese Schritte umfassen die Chipebene, die Geh\u00e4useebene, die Leiterplattenebene und die Systemebene. Thermische Durchkontaktierungen werden an der thermischen Basis und den peripheren Bereichen der LED angebracht, gefolgt von einer Schicht Kupferfolie, um den thermischen Widerstand des K\u00fchlk\u00f6rpersubstrats zu minimieren. Dar\u00fcber hinaus werden W\u00e4rmesenken wie K\u00fchlk\u00f6rper, W\u00e4rmerohre, W\u00e4rmeausgleichsplatten, Schleifenw\u00e4rmerohre, piezoelektrische L\u00fcfter und andere K\u00fchlk\u00f6rper verwendet.<\/p>\n\n\n\n<p><strong>Epoxidharz-Problem: <\/strong>Da das Harz, in dem die wei\u00dfen LEDs eingekapselt sind, das erzeugte Licht reflektiert, entfallen durch den Verzicht auf die Epoxidharz-Verkapselung die damit verbundenen Alterungsfaktoren. Die Verwendung von Harzreflektoren kann jedoch zu einer erheblichen Verringerung der abgegebenen Lichtmenge f\u00fchren. Dies ist der Hauptgrund, warum Metall- und Keramikkapseln weit verbreitet sind.<\/p>\n\n\n\n<p><strong>Einfluss des Verkapselungsprozesses: <\/strong>Unter den gleichen Alterung Umwelt, der Grad der Lichtverschlechterung von LED-Lampen mit herk\u00f6mmlichen Versiegelung Prozess eingekapselt ist 76% niedriger als die von LED-Lampen mit Klasse A geringe D\u00e4mpfung Klebstoff eingekapselt. Daher ist die Verwendung von hochwertigen Verkapselung Prozess LED-Lampen, wird seine Lebensdauer erheblich verl\u00e4ngern.<\/p>\n\n\n\n<figure class=\"wp-block-image size-full\"><img decoding=\"async\" width=\"786\" height=\"475\" src=\"https:\/\/led.amasly.com\/wp-content\/uploads\/2025\/07\/durable-LED-lights.png\" alt=\"\" class=\"wp-image-4104\" title=\"\" srcset=\"https:\/\/led.amasly.com\/wp-content\/uploads\/2025\/07\/durable-LED-lights.png 786w, https:\/\/led.amasly.com\/wp-content\/uploads\/2025\/07\/durable-LED-lights-300x181.png 300w, https:\/\/led.amasly.com\/wp-content\/uploads\/2025\/07\/durable-LED-lights-768x464.png 768w, https:\/\/led.amasly.com\/wp-content\/uploads\/2025\/07\/durable-LED-lights-18x12.png 18w\" sizes=\"(max-width: 786px) 100vw, 786px\" \/><\/figure>\n\n\n\n<h2 class=\"wp-block-heading\"><strong>Echte Nutzerdaten: Wie lange halten LED-Leuchten tats\u00e4chlich <\/strong><strong>Lebenserwartung <\/strong><strong>?<\/strong><strong><\/strong><\/h2>\n\n\n\n<p>In der Praxis k\u00f6nnen viele LED-Lampen und -Laternen aufgrund einer Vielzahl von Einflussfaktoren ihre ideale Lebensdauer nicht erreichen. Im Folgenden finden Sie die realen Erfahrungen der Lebensdauer von LED-Lampen, die von den Benutzern als Referenz mitgeteilt wurden:<\/p>\n\n\n\n<p><strong>Reddit-Benutzer 1: <\/strong>Es ist seit 32 Monaten (2,5 Jahren) in Gebrauch und funktioniert ab 2025 immer noch einwandfrei; es ist seit dem Kauf st\u00e4ndig eingeschaltet.<\/p>\n\n\n\n<p><strong>Reddit-Benutzer 2: <\/strong>Nach etwa 3 Jahren Gebrauch, 2 bis 4 Stunden t\u00e4glichem Gebrauch, begann die Lampe zu versagen. Die Gl\u00fchbirne ist ein billiges Produkt.<\/p>\n\n\n\n<p><strong>Reddit-Nutzer 3: <\/strong>Mehrere Gl\u00fchbirnen sind seit \u00fcber 3 Jahren im Dauereinsatz, eine davon ist 6 Jahre alt, hat aber deutlich an Helligkeit verloren. Die Gl\u00fchbirne steht fast den ganzen Tag \u00fcber unter Strom.<\/p>\n\n\n\n<p><strong>Reddit-Benutzer 4: <\/strong>LED-Gl\u00fchbirnen mit niedrigem Stromverbrauch sind seit \u00fcber 5 Jahren im Einsatz und funktionieren immer noch einwandfrei. L\u00e4ngere t\u00e4gliche Nutzung, aber nicht mehr als 16 Stunden.<\/p>\n\n\n\n<p>Quora <strong>Benutzer 5: <\/strong>Mehrere LED-Lampen werden seit mehreren Jahren ohne Ausfall verwendet. Diese Gl\u00fchbirnen werden in typischen Beleuchtungsumgebungen in Privathaushalten eingesetzt und stehen st\u00e4ndig unter Strom.<\/p>\n\n\n\n<h2 class=\"wp-block-heading\"><strong>Wie man die Lebensdauer verl\u00e4ngert<\/strong><strong>span<\/strong><strong>&nbsp;von LED-Leuchten?<\/strong><strong><\/strong><\/h2>\n\n\n\n<p>Durch die Analyse der Faktoren, die sich auf die Lebensdauer von LEDs auswirken, k\u00f6nnen gezielte Wartungsma\u00dfnahmen ergriffen werden, um die langfristigen Kosten effektiv zu senken. Die folgenden Richtlinien werden Ihnen helfen, die Lebensdauer Ihrer LED-Leuchten zu verl\u00e4ngern:<\/p>\n\n\n\n<p><strong>Sorgen Sie f\u00fcr eine gute W\u00e4rmeableitung: <\/strong>LED-Leuchten sollten in gut bel\u00fcfteten Bereichen installiert werden, um direkte Sonneneinstrahlung und den Einfluss von W\u00e4rme erzeugenden Ger\u00e4ten zu vermeiden. Gleichzeitig sollten Sie die Oberfl\u00e4che des Strahlers und der Lampen regelm\u00e4\u00dfig von Staub befreien, um eine effiziente W\u00e4rmeableitung zu gew\u00e4hrleisten.<\/p>\n\n\n\n<p><strong>Vermeiden Sie h\u00e4ufige Schaltvorg\u00e4nge: <\/strong>Obwohl h\u00e4ufiges Schalten bei LED-Leuchten weniger Auswirkungen hat als bei herk\u00f6mmlichen Leuchten, kann es dennoch zu leichten Verlusten im Stromkreis kommen. Es wird empfohlen, die Schalth\u00e4ufigkeit zu minimieren.<\/p>\n\n\n\n<p><strong>\u00dcber den langfristigen Dauergebrauch: <\/strong>Aufgrund der kontinuierlichen Betriebseigenschaften von LED-Lampen ist ihre W\u00e4rmeentwicklung extrem gering, aber nach einer langen Betriebszeit kann es dennoch zu einem W\u00e4rmestau kommen, der wiederum die Lebensdauer beeintr\u00e4chtigt. Wenn Sie die Lampen \u00fcber einen langen Zeitraum verwenden m\u00fcssen, empfiehlt es sich, hochwertige LED-Produkte mit hervorragender W\u00e4rmeableitungsleistung zu verwenden.<\/p>\n\n\n\n<p><strong>Dimmen und Smart Function Anwendung: <\/strong>Leuchten, die mit intelligenten Funktionen ausgestattet sind, k\u00f6nnen so gew\u00e4hlt werden, dass sie sich automatisch abschalten, wenn niemand leuchtet, und sie bieten einstellbare Helligkeitseinstellungen, wodurch der Stromverbrauch gesenkt und eine \u00dcberhitzung vermieden wird.<\/p>\n\n\n\n<p>Schlussfolgerung<\/p>\n\n\n\n<p class=\"has-text-align-left\">LED-Lampen haben eine wesentlich l\u00e4ngere Lebensdauer als herk\u00f6mmliche Lampen. Nach der Lekt\u00fcre dieses Artikels sollten Sie in der Lage sein, ein umfassenderes Verst\u00e4ndnis f\u00fcr die tats\u00e4chliche Lebensdauer von LED-Lampen, die Art und Weise, wie die Lebensdauer bewertet wird, die Faktoren, die sie beeinflussen, und die M\u00f6glichkeiten zur Verl\u00e4ngerung der Lebensdauer zu gewinnen.<\/p>\n\n\n\n<div class=\"wp-block-uagb-container uagb-block-c7d898dd alignfull uagb-is-root-container\"><div class=\"uagb-container-inner-blocks-wrap\"><\/div><\/div>\n\n\n\n<h2 class=\"wp-block-heading\">Verwandte Produkte<\/h2>\n\n\n\n<div class=\"wp-block-uagb-container uagb-block-66e4defc alignfull uagb-is-root-container\"><div class=\"uagb-container-inner-blocks-wrap\">\n<div class=\"wp-block-uagb-container uagb-block-a42945f9\">\n<div class=\"wp-block-uagb-image uagb-block-7296296b wp-block-uagb-image--layout-default wp-block-uagb-image--effect-static wp-block-uagb-image--align-none\"><figure class=\"wp-block-uagb-image__figure\"><a class=\"\" href=\"https:\/\/led.amasly.com\/de\/products\/\" target=\"\" rel=\"noopener\"><img decoding=\"async\" srcset=\"https:\/\/led.amasly.com\/wp-content\/uploads\/2024\/09\/Explosion-proof-high-bay-lights.png ,https:\/\/led.amasly.com\/wp-content\/uploads\/2024\/09\/Explosion-proof-high-bay-lights.png 780w, https:\/\/led.amasly.com\/wp-content\/uploads\/2024\/09\/Explosion-proof-high-bay-lights.png 360w\" sizes=\"auto, (max-width: 480px) 150px\" src=\"https:\/\/led.amasly.com\/wp-content\/uploads\/2024\/09\/Explosion-proof-high-bay-lights.png\" alt=\"\" class=\"uag-image-1495\" width=\"300\" height=\"300\" title=\"Explosionsgesch\u00fctzte Hochregallampen\" loading=\"lazy\" role=\"img\"><\/a><\/figure><\/div>\n<\/div>\n\n\n\n<div class=\"wp-block-uagb-container uagb-block-4d3efde5\">\n<div class=\"wp-block-uagb-image uagb-block-c9e90797 wp-block-uagb-image--layout-default wp-block-uagb-image--effect-static wp-block-uagb-image--align-none\"><figure class=\"wp-block-uagb-image__figure\"><a class=\"\" href=\"https:\/\/led.amasly.com\/de\/products\/\" target=\"\" rel=\"noopener\"><img decoding=\"async\" srcset=\"https:\/\/led.amasly.com\/wp-content\/uploads\/2024\/07\/LED-tri-proof-lights2.png ,https:\/\/led.amasly.com\/wp-content\/uploads\/2024\/07\/LED-tri-proof-lights2.png 780w, https:\/\/led.amasly.com\/wp-content\/uploads\/2024\/07\/LED-tri-proof-lights2.png 360w\" sizes=\"auto, (max-width: 480px) 150px\" src=\"https:\/\/led.amasly.com\/wp-content\/uploads\/2024\/07\/LED-tri-proof-lights2.png\" alt=\"\" class=\"uag-image-1132\" width=\"300\" height=\"300\" title=\"LED-Dreifach-Leuchten2\" loading=\"lazy\" role=\"img\"><\/a><\/figure><\/div>\n<\/div>\n\n\n\n<div class=\"wp-block-uagb-container uagb-block-11c2578b\">\n<div class=\"wp-block-uagb-image uagb-block-6e8883aa wp-block-uagb-image--layout-default wp-block-uagb-image--effect-static wp-block-uagb-image--align-none\"><figure class=\"wp-block-uagb-image__figure\"><a class=\"\" href=\"https:\/\/led.amasly.com\/de\/products\/\" target=\"\" rel=\"noopener\"><img decoding=\"async\" srcset=\"https:\/\/led.amasly.com\/wp-content\/uploads\/2024\/09\/LED-Explosion-Proof-Gas-Station-Light.png ,https:\/\/led.amasly.com\/wp-content\/uploads\/2024\/09\/LED-Explosion-Proof-Gas-Station-Light.png 780w, https:\/\/led.amasly.com\/wp-content\/uploads\/2024\/09\/LED-Explosion-Proof-Gas-Station-Light.png 360w\" sizes=\"auto, (max-width: 480px) 150px\" src=\"https:\/\/led.amasly.com\/wp-content\/uploads\/2024\/09\/LED-Explosion-Proof-Gas-Station-Light.png\" alt=\"\" class=\"uag-image-1501\" width=\"300\" height=\"300\" title=\"LED Explosionssichere Tankstellenleuchte\" loading=\"lazy\" role=\"img\"><\/a><\/figure><\/div>\n<\/div>\n<\/div><\/div>\n\n\n\n<div class=\"wp-block-uagb-container uagb-block-548945b5 alignfull uagb-is-root-container\"><div class=\"uagb-container-inner-blocks-wrap\">\n<div class=\"wp-block-uagb-container uagb-block-967755d5\">\n<h4 class=\"wp-block-heading has-text-align-center\"><a href=\"https:\/\/led.amasly.com\/de\/products\/\">LED-Explosionsgesch\u00fctzte Lichter<\/a><\/h4>\n<\/div>\n\n\n\n<div class=\"wp-block-uagb-container uagb-block-9bc52fc2\">\n<h4 class=\"wp-block-heading has-text-align-center\"><a href=\"https:\/\/led.amasly.com\/de\/products\/\">LED Tri-Proof-Leuchten<\/a><\/h4>\n<\/div>\n\n\n\n<div class=\"wp-block-uagb-container uagb-block-8ffa0a23\">\n<h4 class=\"wp-block-heading has-text-align-center\"><a href=\"https:\/\/led.amasly.com\/de\/products\/\">Explosionssichere Tankstellenbeleuchtungen<\/a><\/h4>\n<\/div>\n<\/div><\/div>\n\n\n\n<div class=\"wp-block-uagb-container uagb-block-29499fe0 alignfull uagb-is-root-container\"><div class=\"uagb-container-inner-blocks-wrap\">\n<div class=\"wp-block-uagb-container uagb-block-777ee1c7\">\n<div class=\"wp-block-uagb-image uagb-block-2e9a1851 wp-block-uagb-image--layout-default wp-block-uagb-image--effect-static wp-block-uagb-image--align-none\"><figure class=\"wp-block-uagb-image__figure\"><a class=\"\" href=\"https:\/\/led.amasly.com\/de\/products\/\" target=\"\" rel=\"noopener\"><img decoding=\"async\" srcset=\"https:\/\/led.amasly.com\/wp-content\/uploads\/2024\/10\/50W-100W-150W-200W-300W-LED-Flood-Light.jpg ,https:\/\/led.amasly.com\/wp-content\/uploads\/2024\/10\/50W-100W-150W-200W-300W-LED-Flood-Light.jpg 780w, https:\/\/led.amasly.com\/wp-content\/uploads\/2024\/10\/50W-100W-150W-200W-300W-LED-Flood-Light.jpg 360w\" sizes=\"auto, (max-width: 480px) 150px\" src=\"https:\/\/led.amasly.com\/wp-content\/uploads\/2024\/10\/50W-100W-150W-200W-300W-LED-Flood-Light.jpg\" alt=\"\" class=\"uag-image-1526\" width=\"300\" height=\"300\" title=\"50W 100W 150W 200W 300W LED-Flutlicht\" loading=\"lazy\" role=\"img\"><\/a><\/figure><\/div>\n<\/div>\n\n\n\n<div class=\"wp-block-uagb-container uagb-block-af8c8683\">\n<div class=\"wp-block-uagb-image uagb-block-67947854 wp-block-uagb-image--layout-default wp-block-uagb-image--effect-static wp-block-uagb-image--align-none\"><figure class=\"wp-block-uagb-image__figure\"><a class=\"\" href=\"https:\/\/led.amasly.com\/de\/products\/\" target=\"\" rel=\"noopener\"><img decoding=\"async\" srcset=\"https:\/\/led.amasly.com\/wp-content\/uploads\/2024\/07\/led-tri-proof-light.png ,https:\/\/led.amasly.com\/wp-content\/uploads\/2024\/07\/led-tri-proof-light.png 780w, https:\/\/led.amasly.com\/wp-content\/uploads\/2024\/07\/led-tri-proof-light.png 360w\" sizes=\"auto, (max-width: 480px) 150px\" src=\"https:\/\/led.amasly.com\/wp-content\/uploads\/2024\/07\/led-tri-proof-light.png\" alt=\"\" class=\"uag-image-1130\" width=\"300\" height=\"300\" title=\"led-tri-proof-licht\" loading=\"lazy\" role=\"img\"><\/a><\/figure><\/div>\n<\/div>\n\n\n\n<div class=\"wp-block-uagb-container uagb-block-0fdfdd58\">\n<div class=\"wp-block-uagb-image uagb-block-1187d32d wp-block-uagb-image--layout-default wp-block-uagb-image--effect-static wp-block-uagb-image--align-none\"><figure class=\"wp-block-uagb-image__figure\"><a class=\"\" href=\"https:\/\/led.amasly.com\/de\/products\/\" target=\"\" rel=\"noopener\"><img decoding=\"async\" srcset=\"https:\/\/led.amasly.com\/wp-content\/uploads\/2024\/07\/LED-street-light.jpg ,https:\/\/led.amasly.com\/wp-content\/uploads\/2024\/07\/LED-street-light.jpg 780w, https:\/\/led.amasly.com\/wp-content\/uploads\/2024\/07\/LED-street-light.jpg 360w\" sizes=\"auto, (max-width: 480px) 150px\" src=\"https:\/\/led.amasly.com\/wp-content\/uploads\/2024\/07\/LED-street-light.jpg\" alt=\"\" class=\"uag-image-1145\" width=\"300\" height=\"300\" title=\"LED-Stra\u00dfenlaterne\" loading=\"lazy\" role=\"img\"><\/a><\/figure><\/div>\n<\/div>\n<\/div><\/div>\n\n\n\n<div class=\"wp-block-uagb-container uagb-block-6a60882c alignfull uagb-is-root-container\"><div class=\"uagb-container-inner-blocks-wrap\">\n<div class=\"wp-block-uagb-container uagb-block-f1e91a35\">\n<h4 class=\"wp-block-heading has-text-align-center\"><a href=\"https:\/\/led.amasly.com\/de\/products\/\">LED-Flutlichter<\/a><\/h4>\n<\/div>\n\n\n\n<div class=\"wp-block-uagb-container uagb-block-165bfa58\">\n<h4 class=\"wp-block-heading has-text-align-center\"><a href=\"https:\/\/led.amasly.com\/de\/products\/\">LED Tri-Proof-R\u00f6hrenleuchten<\/a><\/h4>\n<\/div>\n\n\n\n<div class=\"wp-block-uagb-container uagb-block-f6096e3b\">\n<h4 class=\"wp-block-heading has-text-align-center\"><a href=\"https:\/\/led.amasly.com\/de\/products\/\">LED-Stra\u00dfenlaternen<\/a><\/h4>\n<\/div>\n<\/div><\/div>\n\n\n\n<div class=\"wp-block-uagb-container uagb-block-99c0e0a5 alignfull uagb-is-root-container\"><div class=\"uagb-container-inner-blocks-wrap\"><\/div><\/div>\n\n\n\n<p><\/p>","protected":false},"excerpt":{"rendered":"<p>How long do LED lights lifespan? LED lights are gradually replacing a range of traditional fixtures thanks to their long life and the huge economic benefits they bring. However, we can always hear customers complain about the LED lights they purchased, saying that they are not durable at all. So, how long do LED lights [&hellip;]<\/p>\n","protected":false},"author":1,"featured_media":0,"parent":2984,"menu_order":0,"comment_status":"closed","ping_status":"closed","template":"","meta":{"_uag_custom_page_level_css":"","site-sidebar-layout":"no-sidebar","site-content-layout":"","ast-site-content-layout":"default","site-content-style":"default","site-sidebar-style":"default","ast-global-header-display":"","ast-banner-title-visibility":"","ast-main-header-display":"","ast-hfb-above-header-display":"","ast-hfb-below-header-display":"","ast-hfb-mobile-header-display":"","site-post-title":"disabled","ast-breadcrumbs-content":"","ast-featured-img":"","footer-sml-layout":"","ast-disable-related-posts":"","theme-transparent-header-meta":"enabled","adv-header-id-meta":"","stick-header-meta":"","header-above-stick-meta":"","header-main-stick-meta":"","header-below-stick-meta":"","astra-migrate-meta-layouts":"set","ast-page-background-enabled":"default","ast-page-background-meta":{"desktop":{"background-color":"var(--ast-global-color-4)","background-image":"","background-repeat":"repeat","background-position":"center center","background-size":"auto","background-attachment":"scroll","background-type":"","background-media":"","overlay-type":"","overlay-color":"","overlay-opacity":"","overlay-gradient":""},"tablet":{"background-color":"","background-image":"","background-repeat":"repeat","background-position":"center center","background-size":"auto","background-attachment":"scroll","background-type":"","background-media":"","overlay-type":"","overlay-color":"","overlay-opacity":"","overlay-gradient":""},"mobile":{"background-color":"","background-image":"","background-repeat":"repeat","background-position":"center center","background-size":"auto","background-attachment":"scroll","background-type":"","background-media":"","overlay-type":"","overlay-color":"","overlay-opacity":"","overlay-gradient":""}},"ast-content-background-meta":{"desktop":{"background-color":"var(--ast-global-color-5)","background-image":"","background-repeat":"repeat","background-position":"center center","background-size":"auto","background-attachment":"scroll","background-type":"","background-media":"","overlay-type":"","overlay-color":"","overlay-opacity":"","overlay-gradient":""},"tablet":{"background-color":"var(--ast-global-color-5)","background-image":"","background-repeat":"repeat","background-position":"center center","background-size":"auto","background-attachment":"scroll","background-type":"","background-media":"","overlay-type":"","overlay-color":"","overlay-opacity":"","overlay-gradient":""},"mobile":{"background-color":"var(--ast-global-color-5)","background-image":"","background-repeat":"repeat","background-position":"center center","background-size":"auto","background-attachment":"scroll","background-type":"","background-media":"","overlay-type":"","overlay-color":"","overlay-opacity":"","overlay-gradient":""}},"footnotes":""},"class_list":["post-4100","page","type-page","status-publish","hentry"],"uagb_featured_image_src":{"full":false,"thumbnail":false,"medium":false,"medium_large":false,"large":false,"1536x1536":false,"2048x2048":false,"trp-custom-language-flag":false},"uagb_author_info":{"display_name":"Joe","author_link":"https:\/\/led.amasly.com\/de\/author\/jacklin\/"},"uagb_comment_info":0,"uagb_excerpt":"How long do LED lights lifespan? LED lights are gradually replacing a range of traditional fixtures thanks to their long life and the huge economic benefits they bring. However, we can always hear customers complain about the LED lights they purchased, saying that they are not durable at all. So, how long do LED lights&hellip;","_links":{"self":[{"href":"https:\/\/led.amasly.com\/de\/wp-json\/wp\/v2\/pages\/4100","targetHints":{"allow":["GET"]}}],"collection":[{"href":"https:\/\/led.amasly.com\/de\/wp-json\/wp\/v2\/pages"}],"about":[{"href":"https:\/\/led.amasly.com\/de\/wp-json\/wp\/v2\/types\/page"}],"author":[{"embeddable":true,"href":"https:\/\/led.amasly.com\/de\/wp-json\/wp\/v2\/users\/1"}],"replies":[{"embeddable":true,"href":"https:\/\/led.amasly.com\/de\/wp-json\/wp\/v2\/comments?post=4100"}],"version-history":[{"count":1,"href":"https:\/\/led.amasly.com\/de\/wp-json\/wp\/v2\/pages\/4100\/revisions"}],"predecessor-version":[{"id":4105,"href":"https:\/\/led.amasly.com\/de\/wp-json\/wp\/v2\/pages\/4100\/revisions\/4105"}],"up":[{"embeddable":true,"href":"https:\/\/led.amasly.com\/de\/wp-json\/wp\/v2\/pages\/2984"}],"wp:attachment":[{"href":"https:\/\/led.amasly.com\/de\/wp-json\/wp\/v2\/media?parent=4100"}],"curies":[{"name":"wp","href":"https:\/\/api.w.org\/{rel}","templated":true}]}}