{"id":4002,"date":"2025-05-28T22:02:21","date_gmt":"2025-05-28T14:02:21","guid":{"rendered":"https:\/\/led.amasly.com\/?page_id=4002"},"modified":"2026-01-18T13:35:45","modified_gmt":"2026-01-18T05:35:45","slug":"explosion-proof-fluorescent-lights-price","status":"publish","type":"page","link":"https:\/\/led.amasly.com\/de\/light-price\/explosion-proof-fluorescent-lights-price\/","title":{"rendered":"Explosionssichere Leuchtstoffr\u00f6hren Preis"},"content":{"rendered":"<div class=\"wp-block-uagb-container uagb-block-27bae773 alignfull uagb-is-root-container\"><div class=\"uagb-container-inner-blocks-wrap\"><\/div><\/div>\n\n\n\n<h1 class=\"wp-block-heading has-text-align-center\"><strong>Explosionssichere Leuchtstoffr\u00f6hren Preis<\/strong><\/h1>\n\n\n\n<h2 class=\"wp-block-heading\">Amasly Explosionsgesch\u00fctzte Leuchtstoffr\u00f6hren Merkmale<\/h2>\n\n\n\n<p>Polycarbonat-Legierung Material Spritzguss Shell, starke Schlagz\u00e4higkeit, hohe Temperaturbest\u00e4ndigkeit, K\u00e4ltebest\u00e4ndigkeit, starke Anti-Korrosions-und andere Eigenschaften;<\/p>\n\n\n\n<p><br>Polycarbonat-Material Spritzguss-Lampenschirm, hohe Lichtdurchl\u00e4ssigkeit, und kann starke Auswirkungen, Streifen-gerippte Design, kann effektiv verhindern, dass Blendung.<br>Professionelle optische Software-Design der Lichtverteilung System, Strahlenverteilung ist angemessen, gleichm\u00e4\u00dfige Ausleuchtung, Reflexion Effizienz, hohe Auslastung Effizienz.<\/p>\n\n\n\n<p><br>Konfiguration von internationalen Marken wie Corey LED-Lichtquelle, vern\u00fcnftiges Layout, unidirektionales Licht, Licht Gleichm\u00e4\u00dfigkeit und weich, hohe Lichtausbeute, <\/p>\n\n\n\n<p>Lichtausbeute &gt; 140lm \/ W, hohe Farbwiedergabe, Ra&gt; 80, lange Lebensdauer, nicht weniger als 100.000 Stunden, Lichtquelle.<\/p>\n\n\n\n<p><br>Nicht weniger als 100000 Stunden, die Lichtquelle bei der Verwendung von 5 Jahren nach dem Lichtstrom ist nicht weniger als 70% des urspr\u00fcnglichen Wertes;<\/p>\n\n\n\n<p><br>Antriebsstromversorgung mit Weitspannungseingang, konstanter Ausgangsleistung, mit Konstantstrom, Leerlauf, Kurzschluss und anderen Schutzfunktionen, Antriebsstromversorgung f\u00fcr die Marke Maoshuo.<\/p>\n\n\n\n<p><br>Nach den Anforderungen des Benutzers k\u00f6nnen mit Notvorrichtungen ausgestattet werden, wenn die Stromversorgung Stromausfall, sind die Lampen und Laternen automatisch auf die Notbeleuchtung Zustand umgeschaltet.<\/p>\n\n\n\n<p><br>Produktkombination von Teilen mit enger, zuverl\u00e4ssiger Verbindung, mit guter Sto\u00dffestigkeit, um sicherzustellen, dass das Produkt unter hochfrequenten Vibrationen zuverl\u00e4ssig funktioniert.<\/p>\n\n\n\n<p><br>Konfiguration von speziellen explosionsgesch\u00fctzten LED-Leuchtstoffr\u00f6hren, hohe Effizienz, Energieeinsparung, Umweltschutz, lange Lebensdauer.<\/p>\n\n\n\n<p><br>Das Geh\u00e4use der Leuchtstofflampe und die transparente Abdeckung sind an mehreren Stellen geknickt, was eine gleichm\u00e4\u00dfige Schlie\u00dfkraft der Abdeckung, eine zuverl\u00e4ssige Abdichtung und eine einfache Wartung gew\u00e4hrleistet.<\/p>\n\n\n\n<p><br>Schale mit einer gut durchdachten Atmungsvorrichtung, die den Druckunterschied zwischen innen und au\u00dfen ausgleicht und das Ph\u00e4nomen der Kondensation vollst\u00e4ndig eliminiert<\/p>\n\n\n\n<p><br>Spezialisierte Dichtungsbandabdichtung, Alterungsbest\u00e4ndigkeit, gut gestaltete gebogene Dichtungsstruktur, hohes Schutzniveau.<\/p>\n\n\n\n<p>Verdeckte Scharnierstruktur, gleichm\u00e4\u00dfigere Kraft, bequem zu \u00f6ffnen, einfache Wartung<\/p>\n\n\n\n<h2 class=\"wp-block-heading\">Amasly Explosionsgesch\u00fctzte Leuchtstoffr\u00f6hren Anwendungsbereich<\/h2>\n\n\n\n<p>Weit verbreitet im Erd\u00f6lbergbau, in der \u00d6lraffinerie, in der chemischen Industrie, in der Milit\u00e4rindustrie und in anderen gef\u00e4hrlichen Umgebungen zur Arbeits- und Szenenbeleuchtung.<br>Weit verbreitet im Erd\u00f6lbergbau, in der \u00d6lraffinerie, in der chemischen Industrie, in der Milit\u00e4rindustrie und in anderen gef\u00e4hrlichen Umgebungen zur Arbeits- und Szenenbeleuchtung.<br>Geeignet f\u00fcr energiesparende Renovierungsprojekte und Orte, an denen Wartung und Austausch schwierig sind.<br>Es ist f\u00fcr Orte mit hohen Schutzanforderungen, Feuchtigkeit und korrosiven Gasen geeignet.<br>Er eignet sich f\u00fcr Orte mit hohen Schutzanforderungen, Feuchtigkeit und korrosiven Gasen.<br>Geeignet f\u00fcr explosive Gasumgebungen in Zone 1 und Zone 2; und<br>Geeignet f\u00fcr Umgebungen mit brennbarem Staub in Zone 21 und Zone 22.<br>Geeignet f\u00fcr \u2161A, IIB, IIC explosive Gasumgebung.<br>Geeignet f\u00fcr die Temperaturgruppe T1-T6.<\/p>\n\n\n\n<h2 class=\"wp-block-heading\">Amasly Einf\u00fchrung<\/h2>\n\n\n\n<p>Amasly als China explosionssichere Beleuchtung Lieferant, explosionssichere Beleuchtung Produkte umfassen: Runde explosionssichere Lichter (Explosion Proof High Bay Lights), quadratische explosionssichere Lichter (Explosion Proof Flood Lights), lineare explosionssichere Lichter, explosionssichere R\u00f6hre Lichter, explosionssichere Indikator-Lichter, explosionssichere Notbeleuchtung, alle unsere explosionssichere Licht sind mit ATEX genehmigt und zu sehr wettbewerbsf\u00e4higen Preis angeboten.<\/p>\n\n\n\n<p>Amasly Lighting ist ein f\u00fchrendes professionelles Beleuchtungsunternehmen, das sich der Beleuchtung von R\u00e4umen mit Kreativit\u00e4t, Innovation und Nachhaltigkeit verschrieben hat. Mit dem Fokus auf Qualit\u00e4t, Effizienz und Kundenzufriedenheit bieten wir ein umfassendes Angebot an hochmodernen Beleuchtungsl\u00f6sungen, die auf die unterschiedlichen Bed\u00fcrfnisse unserer Kunden zugeschnitten sind.<\/p>\n\n\n\n<p>Unsere Produkte wurden in 68 L\u00e4nder auf der ganzen Welt exportiert, darunter nach Europa und in die Vereinigten Staaten, und haben mit ihren hochwertigen Produkten die Anerkennung der weltweit f\u00fchrenden Anbieter von Beleuchtungsprodukten gewonnen.<\/p>\n\n\n\n<h2 class=\"wp-block-heading\">Amasly Explosionssichere Leuchtstoffr\u00f6hren Zertifikat<\/h2>\n\n\n\n<p>In der Regel sind alle explosionsgesch\u00fctzten Leuchten <a href=\"http:\/\/www.iecex-certs.com\/\" rel=\"nofollow noopener\" target=\"_blank\">ATEX<\/a> genehmigt und zu einem sehr wettbewerbsf\u00e4higen Preis f\u00fcr explosionssichere Leuchtstofflampen angeboten.<\/p>\n\n\n\n<h2 class=\"wp-block-heading\">Amasly Explosionssichere Leuchtstoffr\u00f6hren Preis<\/h2>\n\n\n\n<div class=\"wp-block-uagb-image uagb-block-b5e91b46 wp-block-uagb-image--layout-default wp-block-uagb-image--effect-static wp-block-uagb-image--align-none\"><figure class=\"wp-block-uagb-image__figure\"><img decoding=\"async\" srcset=\"https:\/\/led.amasly.com\/wp-content\/uploads\/2024\/07\/Explosion-proof-linear-fluorescence-lights.png ,https:\/\/led.amasly.com\/wp-content\/uploads\/2024\/07\/Explosion-proof-linear-fluorescence-lights.png 780w, https:\/\/led.amasly.com\/wp-content\/uploads\/2024\/07\/Explosion-proof-linear-fluorescence-lights.png 360w\" sizes=\"auto, (max-width: 480px) 150px\" src=\"https:\/\/led.amasly.com\/wp-content\/uploads\/2024\/07\/Explosion-proof-linear-fluorescence-lights.png\" alt=\"Explosion proof fluorescence lamps, Explosion Proof fluorescent Lights Price\" class=\"uag-image-1122\" width=\"617\" height=\"453\" title=\"Explosionsgesch\u00fctzte Fluoreszenzlampen\" loading=\"lazy\" role=\"img\"\/><\/figure><\/div>\n\n\n\n<figure class=\"wp-block-table\"><table class=\"has-fixed-layout\"><tbody><tr><td>BAY<\/td><td>2*18W<\/td><td>$32.43<\/td><\/tr><\/tbody><\/table><\/figure>\n\n\n\n<h2 class=\"wp-block-heading\"><strong>Amasly Light FAQ<\/strong><\/h2>\n\n\n\n<p><strong>Q1. kann ich eine Probe Bestellung f\u00fcr LED-Licht haben?<\/strong><strong><\/strong><\/p>\n\n\n\n<p>A: Ja, wir begr\u00fc\u00dfen Musterbestellungen, um die Qualit\u00e4t zu testen und zu \u00fcberpr\u00fcfen. Gemischte Proben sind akzeptabel.<\/p>\n\n\n\n<p><strong>F2: Wie sieht es mit der Vorlaufzeit aus?<\/strong><strong><\/strong><\/p>\n\n\n\n<p>A: Muster brauchen 3-5 Tage, die Massenproduktion braucht 1-2 Wochen.<\/p>\n\n\n\n<p><strong>Q3.do Sie haben keine MOQ Grenze f\u00fcr led Licht bestellen?<\/strong><strong><\/strong><\/p>\n\n\n\n<p>A: Niedrige MOQ 1pc f\u00fcr Probe \u00dcberpr\u00fcfung ist verf\u00fcgbar.<\/p>\n\n\n\n<p><strong>Q4. Wie versenden Sie die Waren und wie lange dauert es, bis sie ankommen?<\/strong><strong><\/strong><\/p>\n\n\n\n<p>A: Wir versenden normalerweise per <a href=\"https:\/\/www.dhl.com\" rel=\"nofollow noopener\" target=\"_blank\">DHL<\/a>, UPS, FedEx oder TNT. Es dauert in der Regel 3-5 Tage, um anzukommen. Luftlinie und Meer Versand auch optional.<\/p>\n\n\n\n<p><strong>Q5. Wie man einen Auftrag f\u00fcr gef\u00fchrtes Licht fortf\u00e4hrt?<\/strong><strong><\/strong><\/p>\n\n\n\n<p>A:<\/p>\n\n\n\n<p>Teilen Sie uns zun\u00e4chst Ihre Anforderungen oder Ihren Antrag mit.<\/p>\n\n\n\n<p>Zweitens erstellen wir ein Angebot entsprechend Ihren Anforderungen oder unseren Vorschl\u00e4gen.<\/p>\n\n\n\n<p>Drittens best\u00e4tigt der Kunde die Muster und hinterlegt eine Anzahlung f\u00fcr die offizielle Bestellung.<\/p>\n\n\n\n<p>Viertens: Wir organisieren die Produktion.<\/p>\n\n\n\n<p><strong>Q6: Ist es in Ordnung, meine <\/strong><strong>LOGO<\/strong><strong>&nbsp;\u00fcber das Produkt led light ?<\/strong><strong><\/strong><\/p>\n\n\n\n<p>A: Ja. Bitte informieren Sie uns formell vor der Produktion und best\u00e4tigen Sie den Entwurf zun\u00e4chst auf der Grundlage unseres Musters.<\/p>\n\n\n\n<p><strong>Q7: Bieten Sie eine Garantie f\u00fcr Ihre Produkte an?<\/strong><strong><\/strong><\/p>\n\n\n\n<p>A: Ja, wir bieten 2-5 Jahre Garantie auf unsere Produkte.<\/p>\n\n\n\n<p><strong>F8: Wie geht man mit Fehlern um?<\/strong><strong><\/strong><\/p>\n\n\n\n<p>A:<\/p>\n\n\n\n<p>Erstens sind unsere Produkte produzieren dinstrict Qualit\u00e4tskontrolle System und die fehlerhafte Rate wird weniger als 0,2% sein<\/p>\n\n\n\n<p>Zweitens werden wir w\u00e4hrend der Garantiezeit Teile zur Verf\u00fcgung stellen, um das defekte Teil zu ersetzen. Bei Gro\u00dfbestellungen bieten wir anf\u00e4llige Teile im Voraus an, oder wir k\u00f6nnen L\u00f6sungen einschlie\u00dflich R\u00fcckrufe auf der Grundlage der tats\u00e4chlichen Situation besprechen.<\/p>\n\n\n\n<p><strong>F9: K\u00f6nnen wir explosionsgesch\u00fctzte Niedervolt-Lampen mit AC\/DC-Spannungen von 12V, 24V, 36V oder 48V herstellen? <\/strong><\/p>\n\n\n\n<p>Amasly kann sowohl als Niederspannungs- als auch als Hochspannungsexplosionsschutzleuchte verwendet werden - AC\/DC 12V, 24V, 36V, 48V, AC 85-265V, AC 380V. <\/p>\n\n\n\n<p><strong>Q10: K\u00f6nnen Explosion Poof Lights Notbatterien hinzugef\u00fcgt werden? <\/strong><\/p>\n\n\n\n<p>Die explosionsgesch\u00fctzte Lampe Amasly kann mit Lithium-Notstrombatterien ausgestattet werden. Die Notlaufzeit betr\u00e4gt 90 Minuten, 120 Minuten oder 180 Minuten. <\/p>\n\n\n\n<p><strong>Q11: Kann die Amasly explosionsgesch\u00fctzte Lampe als OEM-Produkt angepasst werden? <\/strong><\/p>\n\n\n\n<p>Die explosionsgesch\u00fctzten Lampen von Amasly k\u00f6nnen je nach Kundenwunsch sowohl f\u00fcr die Lampen als auch f\u00fcr die Verpackungskartons angepasst werden.<\/p>\n\n\n\n<div class=\"wp-block-uagb-container uagb-block-c7d898dd alignfull uagb-is-root-container\"><div class=\"uagb-container-inner-blocks-wrap\"><\/div><\/div>\n\n\n\n<h2 class=\"wp-block-heading\">Verwandte Produkte<\/h2>\n\n\n\n<div class=\"wp-block-uagb-container uagb-block-66e4defc alignfull uagb-is-root-container\"><div class=\"uagb-container-inner-blocks-wrap\">\n<div class=\"wp-block-uagb-container uagb-block-a42945f9\">\n<div class=\"wp-block-uagb-image uagb-block-7296296b wp-block-uagb-image--layout-default wp-block-uagb-image--effect-static wp-block-uagb-image--align-none\"><figure class=\"wp-block-uagb-image__figure\"><a class=\"\" href=\"https:\/\/led.amasly.com\/de\/products\/\" target=\"\" rel=\"noopener\"><img decoding=\"async\" srcset=\"https:\/\/led.amasly.com\/wp-content\/uploads\/2024\/09\/Explosion-proof-high-bay-lights.png ,https:\/\/led.amasly.com\/wp-content\/uploads\/2024\/09\/Explosion-proof-high-bay-lights.png 780w, https:\/\/led.amasly.com\/wp-content\/uploads\/2024\/09\/Explosion-proof-high-bay-lights.png 360w\" sizes=\"auto, (max-width: 480px) 150px\" src=\"https:\/\/led.amasly.com\/wp-content\/uploads\/2024\/09\/Explosion-proof-high-bay-lights.png\" alt=\"\" class=\"uag-image-1495\" width=\"300\" height=\"300\" title=\"Explosionsgesch\u00fctzte Hochregallampen\" loading=\"lazy\" role=\"img\"><\/a><\/figure><\/div>\n<\/div>\n\n\n\n<div class=\"wp-block-uagb-container uagb-block-4d3efde5\">\n<div class=\"wp-block-uagb-image uagb-block-c9e90797 wp-block-uagb-image--layout-default wp-block-uagb-image--effect-static wp-block-uagb-image--align-none\"><figure class=\"wp-block-uagb-image__figure\"><a class=\"\" href=\"https:\/\/led.amasly.com\/de\/products\/\" target=\"\" rel=\"noopener\"><img decoding=\"async\" srcset=\"https:\/\/led.amasly.com\/wp-content\/uploads\/2024\/07\/LED-tri-proof-lights2.png ,https:\/\/led.amasly.com\/wp-content\/uploads\/2024\/07\/LED-tri-proof-lights2.png 780w, https:\/\/led.amasly.com\/wp-content\/uploads\/2024\/07\/LED-tri-proof-lights2.png 360w\" sizes=\"auto, (max-width: 480px) 150px\" src=\"https:\/\/led.amasly.com\/wp-content\/uploads\/2024\/07\/LED-tri-proof-lights2.png\" alt=\"\" class=\"uag-image-1132\" width=\"300\" height=\"300\" title=\"LED-Dreifach-Leuchten2\" loading=\"lazy\" role=\"img\"><\/a><\/figure><\/div>\n<\/div>\n\n\n\n<div class=\"wp-block-uagb-container uagb-block-11c2578b\">\n<div class=\"wp-block-uagb-image uagb-block-6e8883aa wp-block-uagb-image--layout-default wp-block-uagb-image--effect-static wp-block-uagb-image--align-none\"><figure class=\"wp-block-uagb-image__figure\"><a class=\"\" href=\"https:\/\/led.amasly.com\/de\/products\/\" target=\"\" rel=\"noopener\"><img decoding=\"async\" srcset=\"https:\/\/led.amasly.com\/wp-content\/uploads\/2024\/09\/LED-Explosion-Proof-Gas-Station-Light.png ,https:\/\/led.amasly.com\/wp-content\/uploads\/2024\/09\/LED-Explosion-Proof-Gas-Station-Light.png 780w, https:\/\/led.amasly.com\/wp-content\/uploads\/2024\/09\/LED-Explosion-Proof-Gas-Station-Light.png 360w\" sizes=\"auto, (max-width: 480px) 150px\" src=\"https:\/\/led.amasly.com\/wp-content\/uploads\/2024\/09\/LED-Explosion-Proof-Gas-Station-Light.png\" alt=\"\" class=\"uag-image-1501\" width=\"300\" height=\"300\" title=\"LED Explosionssichere Tankstellenleuchte\" loading=\"lazy\" role=\"img\"><\/a><\/figure><\/div>\n<\/div>\n<\/div><\/div>\n\n\n\n<div class=\"wp-block-uagb-container uagb-block-548945b5 alignfull uagb-is-root-container\"><div class=\"uagb-container-inner-blocks-wrap\">\n<div class=\"wp-block-uagb-container uagb-block-967755d5\">\n<h4 class=\"wp-block-heading has-text-align-center\"><a href=\"https:\/\/led.amasly.com\/de\/products\/\">LED-Explosionsgesch\u00fctzte Lichter<\/a><\/h4>\n<\/div>\n\n\n\n<div class=\"wp-block-uagb-container uagb-block-9bc52fc2\">\n<h4 class=\"wp-block-heading has-text-align-center\"><a href=\"https:\/\/led.amasly.com\/de\/products\/\">LED Tri-Proof-Leuchten<\/a><\/h4>\n<\/div>\n\n\n\n<div class=\"wp-block-uagb-container uagb-block-8ffa0a23\">\n<h4 class=\"wp-block-heading has-text-align-center\"><a href=\"https:\/\/led.amasly.com\/de\/products\/\">Explosionssichere Tankstellenbeleuchtungen<\/a><\/h4>\n<\/div>\n<\/div><\/div>\n\n\n\n<div class=\"wp-block-uagb-container uagb-block-29499fe0 alignfull uagb-is-root-container\"><div class=\"uagb-container-inner-blocks-wrap\">\n<div class=\"wp-block-uagb-container uagb-block-777ee1c7\">\n<div class=\"wp-block-uagb-image uagb-block-2e9a1851 wp-block-uagb-image--layout-default wp-block-uagb-image--effect-static wp-block-uagb-image--align-none\"><figure class=\"wp-block-uagb-image__figure\"><a class=\"\" href=\"https:\/\/led.amasly.com\/de\/products\/\" target=\"\" rel=\"noopener\"><img decoding=\"async\" srcset=\"https:\/\/led.amasly.com\/wp-content\/uploads\/2024\/10\/50W-100W-150W-200W-300W-LED-Flood-Light.jpg ,https:\/\/led.amasly.com\/wp-content\/uploads\/2024\/10\/50W-100W-150W-200W-300W-LED-Flood-Light.jpg 780w, https:\/\/led.amasly.com\/wp-content\/uploads\/2024\/10\/50W-100W-150W-200W-300W-LED-Flood-Light.jpg 360w\" sizes=\"auto, (max-width: 480px) 150px\" src=\"https:\/\/led.amasly.com\/wp-content\/uploads\/2024\/10\/50W-100W-150W-200W-300W-LED-Flood-Light.jpg\" alt=\"\" class=\"uag-image-1526\" width=\"300\" height=\"300\" title=\"50W 100W 150W 200W 300W LED-Flutlicht\" loading=\"lazy\" role=\"img\"><\/a><\/figure><\/div>\n<\/div>\n\n\n\n<div class=\"wp-block-uagb-container uagb-block-af8c8683\">\n<div class=\"wp-block-uagb-image uagb-block-67947854 wp-block-uagb-image--layout-default wp-block-uagb-image--effect-static wp-block-uagb-image--align-none\"><figure class=\"wp-block-uagb-image__figure\"><a class=\"\" href=\"https:\/\/led.amasly.com\/de\/products\/\" target=\"\" rel=\"noopener\"><img decoding=\"async\" srcset=\"https:\/\/led.amasly.com\/wp-content\/uploads\/2024\/07\/led-tri-proof-light.png ,https:\/\/led.amasly.com\/wp-content\/uploads\/2024\/07\/led-tri-proof-light.png 780w, https:\/\/led.amasly.com\/wp-content\/uploads\/2024\/07\/led-tri-proof-light.png 360w\" sizes=\"auto, (max-width: 480px) 150px\" src=\"https:\/\/led.amasly.com\/wp-content\/uploads\/2024\/07\/led-tri-proof-light.png\" alt=\"\" class=\"uag-image-1130\" width=\"300\" height=\"300\" title=\"led-tri-proof-licht\" loading=\"lazy\" role=\"img\"><\/a><\/figure><\/div>\n<\/div>\n\n\n\n<div class=\"wp-block-uagb-container uagb-block-0fdfdd58\">\n<div class=\"wp-block-uagb-image uagb-block-1187d32d wp-block-uagb-image--layout-default wp-block-uagb-image--effect-static wp-block-uagb-image--align-none\"><figure class=\"wp-block-uagb-image__figure\"><a class=\"\" href=\"https:\/\/led.amasly.com\/de\/products\/\" target=\"\" rel=\"noopener\"><img decoding=\"async\" srcset=\"https:\/\/led.amasly.com\/wp-content\/uploads\/2024\/07\/LED-street-light.jpg ,https:\/\/led.amasly.com\/wp-content\/uploads\/2024\/07\/LED-street-light.jpg 780w, https:\/\/led.amasly.com\/wp-content\/uploads\/2024\/07\/LED-street-light.jpg 360w\" sizes=\"auto, (max-width: 480px) 150px\" src=\"https:\/\/led.amasly.com\/wp-content\/uploads\/2024\/07\/LED-street-light.jpg\" alt=\"\" class=\"uag-image-1145\" width=\"300\" height=\"300\" title=\"LED-Stra\u00dfenlaterne\" loading=\"lazy\" role=\"img\"><\/a><\/figure><\/div>\n<\/div>\n<\/div><\/div>\n\n\n\n<div class=\"wp-block-uagb-container uagb-block-6a60882c alignfull uagb-is-root-container\"><div class=\"uagb-container-inner-blocks-wrap\">\n<div class=\"wp-block-uagb-container uagb-block-f1e91a35\">\n<h4 class=\"wp-block-heading has-text-align-center\"><a href=\"https:\/\/led.amasly.com\/de\/products\/\">LED-Flutlichter<\/a><\/h4>\n<\/div>\n\n\n\n<div class=\"wp-block-uagb-container uagb-block-165bfa58\">\n<h4 class=\"wp-block-heading has-text-align-center\"><a href=\"https:\/\/led.amasly.com\/de\/products\/\">LED Tri-Proof-R\u00f6hrenleuchten<\/a><\/h4>\n<\/div>\n\n\n\n<div class=\"wp-block-uagb-container uagb-block-f6096e3b\">\n<h4 class=\"wp-block-heading has-text-align-center\"><a href=\"https:\/\/led.amasly.com\/de\/products\/\">LED-Stra\u00dfenlaternen<\/a><\/h4>\n<\/div>\n<\/div><\/div>\n\n\n\n<div class=\"wp-block-uagb-container uagb-block-99c0e0a5 alignfull uagb-is-root-container\"><div class=\"uagb-container-inner-blocks-wrap\"><\/div><\/div>\n\n\n\n<p><\/p>","protected":false},"excerpt":{"rendered":"<p>Explosion Proof fluorescent Lights Price Amasly Explosion Proof fluorescent Lights Features Polycarbonate alloy material injection molding shell, strong impact resistance, high temperature resistance, cold resistance, strong anti-corrosion and other characteristics; Polycarbonate material injection molding lampshade, high light transmittance, and can withstand strong impact, strip-ribbed design, can effectively prevent glare.Professional optical software design of the light [&hellip;]<\/p>\n","protected":false},"author":1,"featured_media":0,"parent":2869,"menu_order":0,"comment_status":"closed","ping_status":"closed","template":"","meta":{"_uag_custom_page_level_css":"","site-sidebar-layout":"no-sidebar","site-content-layout":"","ast-site-content-layout":"default","site-content-style":"default","site-sidebar-style":"default","ast-global-header-display":"","ast-banner-title-visibility":"","ast-main-header-display":"","ast-hfb-above-header-display":"","ast-hfb-below-header-display":"","ast-hfb-mobile-header-display":"","site-post-title":"disabled","ast-breadcrumbs-content":"","ast-featured-img":"","footer-sml-layout":"","ast-disable-related-posts":"","theme-transparent-header-meta":"enabled","adv-header-id-meta":"","stick-header-meta":"","header-above-stick-meta":"","header-main-stick-meta":"","header-below-stick-meta":"","astra-migrate-meta-layouts":"set","ast-page-background-enabled":"default","ast-page-background-meta":{"desktop":{"background-color":"var(--ast-global-color-4)","background-image":"","background-repeat":"repeat","background-position":"center center","background-size":"auto","background-attachment":"scroll","background-type":"","background-media":"","overlay-type":"","overlay-color":"","overlay-opacity":"","overlay-gradient":""},"tablet":{"background-color":"","background-image":"","background-repeat":"repeat","background-position":"center center","background-size":"auto","background-attachment":"scroll","background-type":"","background-media":"","overlay-type":"","overlay-color":"","overlay-opacity":"","overlay-gradient":""},"mobile":{"background-color":"","background-image":"","background-repeat":"repeat","background-position":"center center","background-size":"auto","background-attachment":"scroll","background-type":"","background-media":"","overlay-type":"","overlay-color":"","overlay-opacity":"","overlay-gradient":""}},"ast-content-background-meta":{"desktop":{"background-color":"var(--ast-global-color-5)","background-image":"","background-repeat":"repeat","background-position":"center center","background-size":"auto","background-attachment":"scroll","background-type":"","background-media":"","overlay-type":"","overlay-color":"","overlay-opacity":"","overlay-gradient":""},"tablet":{"background-color":"var(--ast-global-color-5)","background-image":"","background-repeat":"repeat","background-position":"center center","background-size":"auto","background-attachment":"scroll","background-type":"","background-media":"","overlay-type":"","overlay-color":"","overlay-opacity":"","overlay-gradient":""},"mobile":{"background-color":"var(--ast-global-color-5)","background-image":"","background-repeat":"repeat","background-position":"center center","background-size":"auto","background-attachment":"scroll","background-type":"","background-media":"","overlay-type":"","overlay-color":"","overlay-opacity":"","overlay-gradient":""}},"footnotes":""},"class_list":["post-4002","page","type-page","status-publish","hentry"],"uagb_featured_image_src":{"full":false,"thumbnail":false,"medium":false,"medium_large":false,"large":false,"1536x1536":false,"2048x2048":false,"trp-custom-language-flag":false},"uagb_author_info":{"display_name":"Joe","author_link":"https:\/\/led.amasly.com\/de\/author\/jacklin\/"},"uagb_comment_info":0,"uagb_excerpt":"Explosion Proof fluorescent Lights Price Amasly Explosion Proof fluorescent Lights Features Polycarbonate alloy material injection molding shell, strong impact resistance, high temperature resistance, cold resistance, strong anti-corrosion and other characteristics; Polycarbonate material injection molding lampshade, high light transmittance, and can withstand strong impact, strip-ribbed design, can effectively prevent glare.Professional optical software design of the light&hellip;","_links":{"self":[{"href":"https:\/\/led.amasly.com\/de\/wp-json\/wp\/v2\/pages\/4002","targetHints":{"allow":["GET"]}}],"collection":[{"href":"https:\/\/led.amasly.com\/de\/wp-json\/wp\/v2\/pages"}],"about":[{"href":"https:\/\/led.amasly.com\/de\/wp-json\/wp\/v2\/types\/page"}],"author":[{"embeddable":true,"href":"https:\/\/led.amasly.com\/de\/wp-json\/wp\/v2\/users\/1"}],"replies":[{"embeddable":true,"href":"https:\/\/led.amasly.com\/de\/wp-json\/wp\/v2\/comments?post=4002"}],"version-history":[{"count":2,"href":"https:\/\/led.amasly.com\/de\/wp-json\/wp\/v2\/pages\/4002\/revisions"}],"predecessor-version":[{"id":4485,"href":"https:\/\/led.amasly.com\/de\/wp-json\/wp\/v2\/pages\/4002\/revisions\/4485"}],"up":[{"embeddable":true,"href":"https:\/\/led.amasly.com\/de\/wp-json\/wp\/v2\/pages\/2869"}],"wp:attachment":[{"href":"https:\/\/led.amasly.com\/de\/wp-json\/wp\/v2\/media?parent=4002"}],"curies":[{"name":"wp","href":"https:\/\/api.w.org\/{rel}","templated":true}]}}