{"id":3231,"date":"2025-05-09T22:26:03","date_gmt":"2025-05-09T14:26:03","guid":{"rendered":"https:\/\/led.amasly.com\/?page_id=3231"},"modified":"2025-05-09T22:26:09","modified_gmt":"2025-05-09T14:26:09","slug":"wie-chemieanlagen-explosionen-verhindern-konnen-5-wichtige-masnahmen-die-umgesetzt-werden-mussen","status":"publish","type":"page","link":"https:\/\/led.amasly.com\/de\/wissen\/kenntnisse-uber-explosionsgeschutzte-produkte\/wie-chemieanlagen-explosionen-verhindern-konnen-5-wichtige-masnahmen-die-umgesetzt-werden-mussen\/","title":{"rendered":"Wie k\u00f6nnen Chemiewerke Explosionen verhindern? 5 kritische Ma\u00dfnahmen zur Umsetzung!"},"content":{"rendered":"<div class=\"wp-block-uagb-container uagb-block-27bae773 alignfull uagb-is-root-container\"><div class=\"uagb-container-inner-blocks-wrap\"><\/div><\/div>\n\n\n\n<h1 class=\"wp-block-heading has-text-align-center\"><strong>Wie k\u00f6nnen Chemiewerke Explosionen verhindern? 5 kritische Ma\u00dfnahmen zur Umsetzung!<\/strong><\/h1>\n\n\n\n<div class=\"wp-block-uagb-image uagb-block-da1360b5 wp-block-uagb-image--layout-default wp-block-uagb-image--effect-static wp-block-uagb-image--align-none\"><figure class=\"wp-block-uagb-image__figure\"><a class=\"\" href=\"https:\/\/led.amasly.com\/de\/\" target=\"\" rel=\"noopener\"><img decoding=\"async\" srcset=\"https:\/\/led.amasly.com\/wp-content\/uploads\/2025\/05\/Explosion-proof-of-chemical-plants.jpg ,https:\/\/led.amasly.com\/wp-content\/uploads\/2025\/05\/Explosion-proof-of-chemical-plants.jpg 780w, https:\/\/led.amasly.com\/wp-content\/uploads\/2025\/05\/Explosion-proof-of-chemical-plants.jpg 360w\" sizes=\"auto, (max-width: 480px) 150px\" src=\"https:\/\/led.amasly.com\/wp-content\/uploads\/2025\/05\/Explosion-proof-of-chemical-plants.jpg\" alt=\"\" class=\"uag-image-3232\" width=\"1004\" height=\"308\" title=\"Explosionsschutz von Chemieanlagen\" loading=\"lazy\" role=\"img\"><\/a><\/figure><\/div>\n\n\n\n<p>In den letzten Jahren haben die h\u00e4ufigen Explosionen in Chemieanlagen die \u00d6ffentlichkeit beunruhigt: Warum stellen diese Anlagen eine so anhaltende Gefahr f\u00fcr die \u00f6ffentliche Sicherheit dar? Wie k\u00f6nnen Explosionen an ihrer Wurzel verhindert werden? Im Folgenden finden Sie f\u00fcnf wichtige Strategien f\u00fcr Chemieunternehmen zur Verringerung des Explosionsrisikos.<\/p>\n\n\n\n<hr class=\"wp-block-separator has-alpha-channel-opacity\"\/>\n\n\n\n<h2 class=\"wp-block-heading\"><strong>1. Explosionsschutz von Chemieanlagen<\/strong>: <strong>Kontrolle und Beseitigung von Z\u00fcndquellen<\/strong><\/h2>\n\n\n\n<h4 class=\"wp-block-heading\"><strong>(1) Offene Flammen<\/strong><\/h4>\n\n\n\n<p>Zu den offenen Flammen in der Industrie geh\u00f6ren in erster Linie Heizungs-, Wartungs- und andere betriebliche Feuerquellen.<\/p>\n\n\n\n<ul class=\"wp-block-list\">\n<li>Verwenden Sie Dampf oder andere W\u00e4rme\u00fcbertragungsmedien anstelle von offenen Flammen zum Erhitzen brennbarer Materialien. Wenn offene Flammen unvermeidlich sind, stellen Sie sicher, dass die Ausr\u00fcstung dicht verschlossen ist und die Brennkammern von den Verarbeitungseinheiten isoliert sind.<\/li>\n\n\n\n<li>Vermeiden Sie Schwei\u00dfarbeiten in feuer- oder explosionsgef\u00e4hrdeten Bereichen. Halten Sie einen Sicherheitsabstand zwischen Schwei\u00dfstellen und brennbaren Ger\u00e4ten ein. Befolgen Sie bei Hei\u00dfarbeiten (z. B. Schwei\u00dfen) an Ger\u00e4ten oder Rohrleitungen, die entflammbare Materialien enthalten, strikt Protokolle wie Isolierung, Sp\u00fclung, Reinigung und Gaspr\u00fcfung.<\/li>\n\n\n\n<li>Verhindern Sie Funken aus Schornsteinen oder Fahrzeugabgasen, indem Sie f\u00fcr eine ordnungsgem\u00e4\u00dfe Verbrennung im Ofen sorgen, den Schornstein ausreichend hoch bauen und Funkenf\u00e4nger an den Abgasrohren anbringen.<\/li>\n<\/ul>\n\n\n\n<h4 class=\"wp-block-heading\"><strong>(2) Reibung und Aufprall<\/strong><\/h4>\n\n\n\n<p>Funken aus der Reibung von Maschinen, Metallkollisionen oder Werkzeuge, die auf Beton treffen, k\u00f6nnen brennbare Materialien entz\u00fcnden. Abhilfema\u00dfnahmen umfassen:<\/p>\n\n\n\n<ul class=\"wp-block-list\">\n<li>Schmieren Sie die Lager regelm\u00e4\u00dfig, um die Reibung zu verringern und brennbare R\u00fcckst\u00e4nde zu entfernen.<\/li>\n\n\n\n<li>Verwenden Sie f\u00fcr rotierende Teile in Gefahrenbereichen funkenfreie Materialien (z. B. Kupferlegierungen). Installieren Sie Magnetabscheider, um Metallreste aus Rohstoffen zu entfernen.<\/li>\n\n\n\n<li>Gehen Sie vorsichtig mit Gasflaschen oder Beh\u00e4ltern mit brennbaren Fl\u00fcssigkeiten um. Verbot von Schuhen mit Spikes in Hochrisikobereichen und Verwendung funkenbest\u00e4ndiger B\u00f6den.<\/li>\n<\/ul>\n\n\n\n<div class=\"wp-block-uagb-image uagb-block-104b9dbc wp-block-uagb-image--layout-default wp-block-uagb-image--effect-static wp-block-uagb-image--align-none\"><figure class=\"wp-block-uagb-image__figure\"><img decoding=\"async\" srcset=\"https:\/\/led.amasly.com\/wp-content\/uploads\/2025\/05\/Chemical-plant-1024x1024.jpg ,https:\/\/led.amasly.com\/wp-content\/uploads\/2025\/05\/Chemical-plant.jpg 780w, https:\/\/led.amasly.com\/wp-content\/uploads\/2025\/05\/Chemical-plant.jpg 360w\" sizes=\"auto, (max-width: 480px) 150px\" src=\"https:\/\/led.amasly.com\/wp-content\/uploads\/2025\/05\/Chemical-plant-1024x1024.jpg\" alt=\"\" class=\"uag-image-3233\" width=\"1080\" height=\"1080\" title=\"Chemische Fabrik\" loading=\"lazy\" role=\"img\"><\/figure><\/div>\n\n\n\n<h4 class=\"wp-block-heading\"><strong>(3) Elektrische Funken<\/strong><\/h4>\n\n\n\n<p>Elektrische Funken sind eine der Hauptursachen f\u00fcr Explosionen. F\u00fchren Sie in explosionsgef\u00e4hrdeten Bereichen explosionsgesch\u00fctzte, versiegelte oder isolierte elektrische Systeme auf der Grundlage von Risikoklassifizierungen und Materialeigenschaften ein.<\/p>\n\n\n\n<p>Die Auswahl explosionsgesch\u00fctzter elektrischer Betriebsmittel und andere Aspekte sollten in \u00dcbereinstimmung mit <a href=\"http:\/\/www.iecex-certs.com\/\" rel=\"nofollow noopener\" target=\"_blank\">die einschl\u00e4gigen Normen EN60079.<\/a><\/p>\n\n\n\n<h4 class=\"wp-block-heading\"><strong>(4) Andere Z\u00fcndquellen<\/strong><\/h4>\n\n\n\n<p>Ma\u00dfnahmen gegen elektrostatische Entladungen, Blitzeinschl\u00e4ge und den Kontakt zwischen brennbaren Materialien und hei\u00dfen Oberfl\u00e4chen. Isolieren Sie Hochtemperaturger\u00e4te und Rohrleitungen.<\/p>\n\n\n\n<hr class=\"wp-block-separator has-alpha-channel-opacity\"\/>\n\n\n\n<h3 class=\"wp-block-heading\"><strong>2. Sicherer Umgang mit gef\u00e4hrlichen Materialien<\/strong><\/h3>\n\n\n\n<ul class=\"wp-block-list\">\n<li>Ersetzen Sie hochgef\u00e4hrliche Materialien nach M\u00f6glichkeit durch sicherere Alternativen.<\/li>\n\n\n\n<li>Selbstentz\u00fcndliche Stoffe (z. B. \u00d6le, mit Wasser reagierende Chemikalien) isolieren oder stabilisieren. Vermeiden Sie das Mischen unvertr\u00e4glicher Stoffe (z. B. Oxidationsmittel mit brennbaren Stoffen).<\/li>\n\n\n\n<li>Lagern Sie instabile Stoffe mit Stabilisatoren (z. B. Schwefels\u00e4ure f\u00fcr Blaus\u00e4ure, Hydrochinon f\u00fcr Acrylnitril).<\/li>\n\n\n\n<li>Verwenden Sie f\u00fcr lichtempfindliche Fl\u00fcssigkeiten (z. B. Ether) dunkle Glas- oder Metallbeh\u00e4lter, um die Bildung von Peroxiden zu verhindern.<\/li>\n\n\n\n<li>Ber\u00fccksichtigen Sie das Risiko des Auslaufens von Fl\u00fcssigkeiten bei der Planung von R\u00fcckhaltesystemen.<\/li>\n<\/ul>\n\n\n\n<hr class=\"wp-block-separator has-alpha-channel-opacity\"\/>\n\n\n\n<h3 class=\"wp-block-heading\"><strong>3. Explosionsschutz von Chemieanlagen<\/strong>: <strong>Prozessparameter Sicherheitskontrollen<\/strong><\/h3>\n\n\n\n<h4 class=\"wp-block-heading\"><strong>(1) Temperaturkontrolle<\/strong><\/h4>\n\n\n\n<p>Halten Sie optimale Reaktionstemperaturen aufrecht, um unkontrollierte Reaktionen oder Zersetzung zu vermeiden.<\/p>\n\n\n\n<h4 class=\"wp-block-heading\"><strong>(2) Druckkontrolle<\/strong><\/h4>\n\n\n\n<p>\u00dcberwachen Sie Druckschwankungen und installieren Sie zuverl\u00e4ssige Sicherheitseinrichtungen (z. B. \u00dcberdruckventile). Verhindern Sie die Kreuzkontamination von Gasen zwischen Systemen.<\/p>\n\n\n\n<h4 class=\"wp-block-heading\"><strong>(3) Materialzufuhr<\/strong><\/h4>\n\n\n\n<ul class=\"wp-block-list\">\n<li>Regulieren Sie die Vorschubgeschwindigkeit, um ein thermisches Durchgehen zu vermeiden.<\/li>\n\n\n\n<li>Strenge Kontrolle des Verh\u00e4ltnisses der Reaktanten und der Reihenfolge ihrer Zuf\u00fchrung (z. B. Wasserstoff vor Chlor bei der HCl-Synthese). Setzen Sie verriegelte Ventile ein, um Fehler zu vermeiden.<\/li>\n\n\n\n<li>Achten Sie auf die Reinheit des Rohmaterials, um gef\u00e4hrliche Nebenreaktionen zu vermeiden.<\/li>\n<\/ul>\n\n\n\n<h4 class=\"wp-block-heading\"><strong>(4) Leckagepr\u00e4vention<\/strong><\/h4>\n\n\n\n<p>Beheben Sie interne\/externe Leckagen durch Ventilwartung, Doppelventilsysteme und klare Kennzeichnung. Verhindern Sie \u00dcberf\u00fcllung und Fehlbedienung.<\/p>\n\n\n\n<h4 class=\"wp-block-heading\"><strong>(5) Protokolle f\u00fcr die Notabschaltung<\/strong><\/h4>\n\n\n\n<p>Schulung des Personals f\u00fcr den Umgang mit Strom- und Versorgungsausf\u00e4llen. F\u00fchren Sie \u00dcbungen durch und bereiten Sie Notfallpl\u00e4ne vor.<\/p>\n\n\n\n<hr class=\"wp-block-separator has-alpha-channel-opacity\"\/>\n\n\n\n<h3 class=\"wp-block-heading\"><strong>4. Systemabdichtung und Inertisierung<\/strong><\/h3>\n\n\n\n<h4 class=\"wp-block-heading\"><strong>(1) Versiegelung<\/strong><\/h4>\n\n\n\n<p>Minimieren Sie Lecks, indem Sie Schwei\u00dfverbindungen \u00fcber Flanschen und nahtlose Rohre verwenden. Bei Vakuumsystemen ist das Eindringen von Luft durch Sp\u00fclen mit Inertgas zu verhindern.<\/p>\n\n\n\n<h4 class=\"wp-block-heading\"><strong>(2) Inertisierung<\/strong><\/h4>\n\n\n\n<p>Ersetzen Sie Sauerstoff durch Inertgase (z. B. Stickstoff), um die Verbrennung zu unterdr\u00fccken. \u00dcberwachen Sie Gasfluss, Druck und Sauerstoffgehalt.<\/p>\n\n\n\n<hr class=\"wp-block-separator has-alpha-channel-opacity\"\/>\n\n\n\n<h3 class=\"wp-block-heading\"><strong>5. Bel\u00fcftung<\/strong><\/h3>\n\n\n\n<ul class=\"wp-block-list\">\n<li>Vermeiden Sie die R\u00fcckf\u00fchrung von Luft, die brennbare Gase enth\u00e4lt. Trennen Sie Abluft- und Ansaugsysteme.<\/li>\n\n\n\n<li>Verwenden Sie funkensichere Ventilatoren und Kan\u00e4le. Vermeiden Sie es, L\u00fcftungsrohre durch Brandmauern zu f\u00fchren.<\/li>\n<\/ul>\n\n\n\n<hr class=\"wp-block-separator has-alpha-channel-opacity\"\/>\n\n\n\n<p class=\"has-text-align-left\">Durch die konsequente Umsetzung dieser Ma\u00dfnahmen - Kontrolle von Z\u00fcndquellen, Management von Gefahrstoffen, Optimierung von Prozessparametern, Sicherstellung der Systemintegrit\u00e4t und Aufrechterhaltung einer ordnungsgem\u00e4\u00dfen Bel\u00fcftung - k\u00f6nnen Chemieanlagen das Explosionsrisiko erheblich verringern und sowohl Arbeitnehmer als auch die Bev\u00f6lkerung sch\u00fctzen.<\/p>\n\n\n\n<div class=\"wp-block-uagb-container uagb-block-c7d898dd alignfull uagb-is-root-container\"><div class=\"uagb-container-inner-blocks-wrap\"><\/div><\/div>\n\n\n\n<h2 class=\"wp-block-heading\">Verwandte Produkte<\/h2>\n\n\n\n<div class=\"wp-block-uagb-container uagb-block-66e4defc alignfull uagb-is-root-container\"><div class=\"uagb-container-inner-blocks-wrap\">\n<div class=\"wp-block-uagb-container uagb-block-a42945f9\">\n<div class=\"wp-block-uagb-image uagb-block-7296296b wp-block-uagb-image--layout-default wp-block-uagb-image--effect-static wp-block-uagb-image--align-none\"><figure class=\"wp-block-uagb-image__figure\"><a class=\"\" href=\"https:\/\/led.amasly.com\/de\/produkte\/\" target=\"\" rel=\"noopener\"><img decoding=\"async\" srcset=\"https:\/\/led.amasly.com\/wp-content\/uploads\/2024\/09\/Explosion-proof-high-bay-lights.png ,https:\/\/led.amasly.com\/wp-content\/uploads\/2024\/09\/Explosion-proof-high-bay-lights.png 780w, https:\/\/led.amasly.com\/wp-content\/uploads\/2024\/09\/Explosion-proof-high-bay-lights.png 360w\" sizes=\"auto, (max-width: 480px) 150px\" src=\"https:\/\/led.amasly.com\/wp-content\/uploads\/2024\/09\/Explosion-proof-high-bay-lights.png\" alt=\"\" class=\"uag-image-1495\" width=\"300\" height=\"300\" title=\"Explosionsgesch\u00fctzte Hochregallampen\" loading=\"lazy\" role=\"img\"><\/a><\/figure><\/div>\n<\/div>\n\n\n\n<div class=\"wp-block-uagb-container uagb-block-4d3efde5\">\n<div class=\"wp-block-uagb-image uagb-block-c9e90797 wp-block-uagb-image--layout-default wp-block-uagb-image--effect-static wp-block-uagb-image--align-none\"><figure class=\"wp-block-uagb-image__figure\"><a class=\"\" href=\"https:\/\/led.amasly.com\/de\/produkte\/\" target=\"\" rel=\"noopener\"><img decoding=\"async\" srcset=\"https:\/\/led.amasly.com\/wp-content\/uploads\/2024\/07\/LED-tri-proof-lights2.png ,https:\/\/led.amasly.com\/wp-content\/uploads\/2024\/07\/LED-tri-proof-lights2.png 780w, https:\/\/led.amasly.com\/wp-content\/uploads\/2024\/07\/LED-tri-proof-lights2.png 360w\" sizes=\"auto, (max-width: 480px) 150px\" src=\"https:\/\/led.amasly.com\/wp-content\/uploads\/2024\/07\/LED-tri-proof-lights2.png\" alt=\"\" class=\"uag-image-1132\" width=\"300\" height=\"300\" title=\"LED-Dreifach-Leuchten2\" loading=\"lazy\" role=\"img\"><\/a><\/figure><\/div>\n<\/div>\n\n\n\n<div class=\"wp-block-uagb-container uagb-block-11c2578b\">\n<div class=\"wp-block-uagb-image uagb-block-6e8883aa wp-block-uagb-image--layout-default wp-block-uagb-image--effect-static wp-block-uagb-image--align-none\"><figure class=\"wp-block-uagb-image__figure\"><a class=\"\" href=\"https:\/\/led.amasly.com\/de\/produkte\/\" target=\"\" rel=\"noopener\"><img decoding=\"async\" srcset=\"https:\/\/led.amasly.com\/wp-content\/uploads\/2024\/09\/LED-Explosion-Proof-Gas-Station-Light.png ,https:\/\/led.amasly.com\/wp-content\/uploads\/2024\/09\/LED-Explosion-Proof-Gas-Station-Light.png 780w, https:\/\/led.amasly.com\/wp-content\/uploads\/2024\/09\/LED-Explosion-Proof-Gas-Station-Light.png 360w\" sizes=\"auto, (max-width: 480px) 150px\" src=\"https:\/\/led.amasly.com\/wp-content\/uploads\/2024\/09\/LED-Explosion-Proof-Gas-Station-Light.png\" alt=\"\" class=\"uag-image-1501\" width=\"300\" height=\"300\" title=\"LED Explosionssichere Tankstellenleuchte\" loading=\"lazy\" role=\"img\"><\/a><\/figure><\/div>\n<\/div>\n<\/div><\/div>\n\n\n\n<div class=\"wp-block-uagb-container uagb-block-548945b5 alignfull uagb-is-root-container\"><div class=\"uagb-container-inner-blocks-wrap\">\n<div class=\"wp-block-uagb-container uagb-block-967755d5\">\n<h4 class=\"wp-block-heading has-text-align-center\"><a href=\"https:\/\/led.amasly.com\/de\/produkte\/\">LED-Explosionsgesch\u00fctzte Lichter<\/a><\/h4>\n<\/div>\n\n\n\n<div class=\"wp-block-uagb-container uagb-block-9bc52fc2\">\n<h4 class=\"wp-block-heading has-text-align-center\"><a href=\"https:\/\/led.amasly.com\/de\/produkte\/\">LED Tri-Proof-Leuchten<\/a><\/h4>\n<\/div>\n\n\n\n<div class=\"wp-block-uagb-container uagb-block-8ffa0a23\">\n<h4 class=\"wp-block-heading has-text-align-center\"><a href=\"https:\/\/led.amasly.com\/de\/produkte\/\">Explosionssichere Tankstellenbeleuchtungen<\/a><\/h4>\n<\/div>\n<\/div><\/div>\n\n\n\n<div class=\"wp-block-uagb-container uagb-block-29499fe0 alignfull uagb-is-root-container\"><div class=\"uagb-container-inner-blocks-wrap\">\n<div class=\"wp-block-uagb-container uagb-block-777ee1c7\">\n<div class=\"wp-block-uagb-image uagb-block-2e9a1851 wp-block-uagb-image--layout-default wp-block-uagb-image--effect-static wp-block-uagb-image--align-none\"><figure class=\"wp-block-uagb-image__figure\"><a class=\"\" href=\"https:\/\/led.amasly.com\/de\/produkte\/\" target=\"\" rel=\"noopener\"><img decoding=\"async\" srcset=\"https:\/\/led.amasly.com\/wp-content\/uploads\/2024\/10\/50W-100W-150W-200W-300W-LED-Flood-Light.jpg ,https:\/\/led.amasly.com\/wp-content\/uploads\/2024\/10\/50W-100W-150W-200W-300W-LED-Flood-Light.jpg 780w, https:\/\/led.amasly.com\/wp-content\/uploads\/2024\/10\/50W-100W-150W-200W-300W-LED-Flood-Light.jpg 360w\" sizes=\"auto, (max-width: 480px) 150px\" src=\"https:\/\/led.amasly.com\/wp-content\/uploads\/2024\/10\/50W-100W-150W-200W-300W-LED-Flood-Light.jpg\" alt=\"\" class=\"uag-image-1526\" width=\"300\" height=\"300\" title=\"50W 100W 150W 200W 300W LED-Flutlicht\" loading=\"lazy\" role=\"img\"><\/a><\/figure><\/div>\n<\/div>\n\n\n\n<div class=\"wp-block-uagb-container uagb-block-af8c8683\">\n<div class=\"wp-block-uagb-image uagb-block-67947854 wp-block-uagb-image--layout-default wp-block-uagb-image--effect-static wp-block-uagb-image--align-none\"><figure class=\"wp-block-uagb-image__figure\"><a class=\"\" href=\"https:\/\/led.amasly.com\/de\/produkte\/\" target=\"\" rel=\"noopener\"><img decoding=\"async\" srcset=\"https:\/\/led.amasly.com\/wp-content\/uploads\/2024\/07\/led-tri-proof-light.png ,https:\/\/led.amasly.com\/wp-content\/uploads\/2024\/07\/led-tri-proof-light.png 780w, https:\/\/led.amasly.com\/wp-content\/uploads\/2024\/07\/led-tri-proof-light.png 360w\" sizes=\"auto, (max-width: 480px) 150px\" src=\"https:\/\/led.amasly.com\/wp-content\/uploads\/2024\/07\/led-tri-proof-light.png\" alt=\"\" class=\"uag-image-1130\" width=\"300\" height=\"300\" title=\"led-tri-proof-licht\" loading=\"lazy\" role=\"img\"><\/a><\/figure><\/div>\n<\/div>\n\n\n\n<div class=\"wp-block-uagb-container uagb-block-0fdfdd58\">\n<div class=\"wp-block-uagb-image uagb-block-1187d32d wp-block-uagb-image--layout-default wp-block-uagb-image--effect-static wp-block-uagb-image--align-none\"><figure class=\"wp-block-uagb-image__figure\"><a class=\"\" href=\"https:\/\/led.amasly.com\/de\/produkte\/\" target=\"\" rel=\"noopener\"><img decoding=\"async\" srcset=\"https:\/\/led.amasly.com\/wp-content\/uploads\/2024\/07\/LED-street-light.jpg ,https:\/\/led.amasly.com\/wp-content\/uploads\/2024\/07\/LED-street-light.jpg 780w, https:\/\/led.amasly.com\/wp-content\/uploads\/2024\/07\/LED-street-light.jpg 360w\" sizes=\"auto, (max-width: 480px) 150px\" src=\"https:\/\/led.amasly.com\/wp-content\/uploads\/2024\/07\/LED-street-light.jpg\" alt=\"\" class=\"uag-image-1145\" width=\"300\" height=\"300\" title=\"LED-Stra\u00dfenlaterne\" loading=\"lazy\" role=\"img\"><\/a><\/figure><\/div>\n<\/div>\n<\/div><\/div>\n\n\n\n<div class=\"wp-block-uagb-container uagb-block-6a60882c alignfull uagb-is-root-container\"><div class=\"uagb-container-inner-blocks-wrap\">\n<div class=\"wp-block-uagb-container uagb-block-f1e91a35\">\n<h4 class=\"wp-block-heading has-text-align-center\"><a href=\"https:\/\/led.amasly.com\/de\/produkte\/\">LED-Flutlichter<\/a><\/h4>\n<\/div>\n\n\n\n<div class=\"wp-block-uagb-container uagb-block-165bfa58\">\n<h4 class=\"wp-block-heading has-text-align-center\"><a href=\"https:\/\/led.amasly.com\/de\/produkte\/\">LED Tri-Proof-R\u00f6hrenleuchten<\/a><\/h4>\n<\/div>\n\n\n\n<div class=\"wp-block-uagb-container uagb-block-f6096e3b\">\n<h4 class=\"wp-block-heading has-text-align-center\"><a href=\"https:\/\/led.amasly.com\/de\/produkte\/\">LED-Stra\u00dfenlaternen<\/a><\/h4>\n<\/div>\n<\/div><\/div>\n\n\n\n<div class=\"wp-block-uagb-container uagb-block-99c0e0a5 alignfull uagb-is-root-container\"><div class=\"uagb-container-inner-blocks-wrap\"><\/div><\/div>\n\n\n\n<p><\/p>","protected":false},"excerpt":{"rendered":"<p>How Chemical Plants Can Prevent Explosions? 5 Critical Measures to Implement! In recent years, frequent explosions at chemical plants have raised public concerns: Why do these facilities pose such a persistent threat to public safety? How can explosions be prevented at their root? Below are five essential strategies for chemical enterprises to mitigate explosion risks. [&hellip;]<\/p>\n","protected":false},"author":1,"featured_media":0,"parent":2374,"menu_order":0,"comment_status":"closed","ping_status":"closed","template":"","meta":{"_uag_custom_page_level_css":"","site-sidebar-layout":"no-sidebar","site-content-layout":"","ast-site-content-layout":"default","site-content-style":"default","site-sidebar-style":"default","ast-global-header-display":"","ast-banner-title-visibility":"","ast-main-header-display":"","ast-hfb-above-header-display":"","ast-hfb-below-header-display":"","ast-hfb-mobile-header-display":"","site-post-title":"disabled","ast-breadcrumbs-content":"","ast-featured-img":"","footer-sml-layout":"","ast-disable-related-posts":"","theme-transparent-header-meta":"enabled","adv-header-id-meta":"","stick-header-meta":"","header-above-stick-meta":"","header-main-stick-meta":"","header-below-stick-meta":"","astra-migrate-meta-layouts":"set","ast-page-background-enabled":"default","ast-page-background-meta":{"desktop":{"background-color":"var(--ast-global-color-4)","background-image":"","background-repeat":"repeat","background-position":"center center","background-size":"auto","background-attachment":"scroll","background-type":"","background-media":"","overlay-type":"","overlay-color":"","overlay-opacity":"","overlay-gradient":""},"tablet":{"background-color":"","background-image":"","background-repeat":"repeat","background-position":"center center","background-size":"auto","background-attachment":"scroll","background-type":"","background-media":"","overlay-type":"","overlay-color":"","overlay-opacity":"","overlay-gradient":""},"mobile":{"background-color":"","background-image":"","background-repeat":"repeat","background-position":"center center","background-size":"auto","background-attachment":"scroll","background-type":"","background-media":"","overlay-type":"","overlay-color":"","overlay-opacity":"","overlay-gradient":""}},"ast-content-background-meta":{"desktop":{"background-color":"var(--ast-global-color-5)","background-image":"","background-repeat":"repeat","background-position":"center center","background-size":"auto","background-attachment":"scroll","background-type":"","background-media":"","overlay-type":"","overlay-color":"","overlay-opacity":"","overlay-gradient":""},"tablet":{"background-color":"var(--ast-global-color-5)","background-image":"","background-repeat":"repeat","background-position":"center center","background-size":"auto","background-attachment":"scroll","background-type":"","background-media":"","overlay-type":"","overlay-color":"","overlay-opacity":"","overlay-gradient":""},"mobile":{"background-color":"var(--ast-global-color-5)","background-image":"","background-repeat":"repeat","background-position":"center center","background-size":"auto","background-attachment":"scroll","background-type":"","background-media":"","overlay-type":"","overlay-color":"","overlay-opacity":"","overlay-gradient":""}},"footnotes":""},"class_list":["post-3231","page","type-page","status-publish","hentry"],"uagb_featured_image_src":{"full":false,"thumbnail":false,"medium":false,"medium_large":false,"large":false,"1536x1536":false,"2048x2048":false,"trp-custom-language-flag":false},"uagb_author_info":{"display_name":"Joe","author_link":"https:\/\/led.amasly.com\/de\/author\/jacklin\/"},"uagb_comment_info":0,"uagb_excerpt":"How Chemical Plants Can Prevent Explosions? 5 Critical Measures to Implement! In recent years, frequent explosions at chemical plants have raised public concerns: Why do these facilities pose such a persistent threat to public safety? How can explosions be prevented at their root? Below are five essential strategies for chemical enterprises to mitigate explosion risks.&hellip;","_links":{"self":[{"href":"https:\/\/led.amasly.com\/de\/wp-json\/wp\/v2\/pages\/3231","targetHints":{"allow":["GET"]}}],"collection":[{"href":"https:\/\/led.amasly.com\/de\/wp-json\/wp\/v2\/pages"}],"about":[{"href":"https:\/\/led.amasly.com\/de\/wp-json\/wp\/v2\/types\/page"}],"author":[{"embeddable":true,"href":"https:\/\/led.amasly.com\/de\/wp-json\/wp\/v2\/users\/1"}],"replies":[{"embeddable":true,"href":"https:\/\/led.amasly.com\/de\/wp-json\/wp\/v2\/comments?post=3231"}],"version-history":[{"count":1,"href":"https:\/\/led.amasly.com\/de\/wp-json\/wp\/v2\/pages\/3231\/revisions"}],"predecessor-version":[{"id":3234,"href":"https:\/\/led.amasly.com\/de\/wp-json\/wp\/v2\/pages\/3231\/revisions\/3234"}],"up":[{"embeddable":true,"href":"https:\/\/led.amasly.com\/de\/wp-json\/wp\/v2\/pages\/2374"}],"wp:attachment":[{"href":"https:\/\/led.amasly.com\/de\/wp-json\/wp\/v2\/media?parent=3231"}],"curies":[{"name":"wp","href":"https:\/\/api.w.org\/{rel}","templated":true}]}}