{"id":3206,"date":"2025-05-04T22:55:16","date_gmt":"2025-05-04T14:55:16","guid":{"rendered":"https:\/\/led.amasly.com\/?page_id=3206"},"modified":"2025-05-04T22:55:22","modified_gmt":"2025-05-04T14:55:22","slug":"anforderungen-an-explosionsgeschutzte-gerate-fur-lager-fur-gefahrliche-chemikalien","status":"publish","type":"page","link":"https:\/\/led.amasly.com\/de\/wissen\/kenntnisse-uber-explosionsgeschutzte-produkte\/anforderungen-an-explosionsgeschutzte-gerate-fur-lager-fur-gefahrliche-chemikalien\/","title":{"rendered":"Anforderungen an explosionsgesch\u00fctzte Ger\u00e4te f\u00fcr Lager f\u00fcr gef\u00e4hrliche Chemikalien"},"content":{"rendered":"<div class=\"wp-block-uagb-container uagb-block-27bae773 alignfull uagb-is-root-container\"><div class=\"uagb-container-inner-blocks-wrap\"><\/div><\/div>\n\n\n\n<h1 class=\"wp-block-heading has-text-align-center\"><strong>Anforderungen an explosionssichere Ausr\u00fcstung f\u00fcr Lager f\u00fcr gef\u00e4hrliche Chemikalien<\/strong><\/h1>\n\n\n\n<div class=\"wp-block-uagb-image uagb-block-6bbbfc1c wp-block-uagb-image--layout-default wp-block-uagb-image--effect-static wp-block-uagb-image--align-none\"><figure class=\"wp-block-uagb-image__figure\"><img decoding=\"async\" srcset=\"https:\/\/led.amasly.com\/wp-content\/uploads\/2025\/05\/Explosion-proof-equipment-installation-diagram-1024x698.png ,https:\/\/led.amasly.com\/wp-content\/uploads\/2025\/05\/Explosion-proof-equipment-installation-diagram.png 780w, https:\/\/led.amasly.com\/wp-content\/uploads\/2025\/05\/Explosion-proof-equipment-installation-diagram.png 360w\" sizes=\"auto, (max-width: 480px) 150px\" src=\"https:\/\/led.amasly.com\/wp-content\/uploads\/2025\/05\/Explosion-proof-equipment-installation-diagram-1024x698.png\" alt=\"\" class=\"uag-image-3209\" width=\"1079\" height=\"736\" title=\"Installationsschema f\u00fcr explosionsgesch\u00fctzte Ger\u00e4te\" loading=\"lazy\" role=\"img\"><\/figure><\/div>\n\n\n\n<p>Gef\u00e4hrliche Chemikalien sind hochgiftige Substanzen mit \u00e4tzenden, explosiven, brennbaren oder oxidierenden Eigenschaften, die eine erhebliche Gefahr f\u00fcr die menschliche Gesundheit, die Anlagen und die Umwelt darstellen. Aufgrund ihrer einzigartigen physikalischen und chemischen Eigenschaften k\u00f6nnen bei unsachgem\u00e4\u00dfer Handhabung, Lecks oder Explosionen giftige D\u00e4mpfe oder Gase freigesetzt werden. Diese Stoffe k\u00f6nnen auch Luft, Wasser und Boden verschmutzen und langfristige \u00f6kologische Sch\u00e4den verursachen. Schadstoffe k\u00f6nnen auch \u00fcber die Nahrungskette in den menschlichen K\u00f6rper gelangen, was die entscheidende Bedeutung eines ordnungsgem\u00e4\u00dfen Managements unterstreicht.<\/p>\n\n\n\n<h2 class=\"wp-block-heading\"><strong>Wie k\u00f6nnen Unternehmen eine sichere Verwaltung von Lagern f\u00fcr gef\u00e4hrliche Chemikalien gew\u00e4hrleisten?<\/strong><\/h2>\n\n\n\n<p>Lager f\u00fcr gef\u00e4hrliche Chemikalien m\u00fcssen explosionssicher und feuerbest\u00e4ndig sein. Im Folgenden werden die spezifischen Anforderungen an das Sicherheitsmanagement, die Normen und die Spezifikationen f\u00fcr explosionsgesch\u00fctzte Ger\u00e4te f\u00fcr solche Einrichtungen aufgef\u00fchrt.<\/p>\n\n\n\n<hr class=\"wp-block-separator has-alpha-channel-opacity\"\/>\n\n\n\n<h2 class=\"wp-block-heading\"><strong>Sicherheitsstandards f\u00fcr Lager f\u00fcr gef\u00e4hrliche Chemikalien<\/strong><\/h2>\n\n\n\n<ol start=\"1\" class=\"wp-block-list\">\n<li><strong>Explosionsgesch\u00fctzte Einrichtungen<\/strong>\n<ul class=\"wp-block-list\">\n<li>Elektrische Ger\u00e4te, Stromverteilungsleitungen und Handhabungsmaschinen in Lagern f\u00fcr brennbare oder explosive Chemikalien m\u00fcssen explosionssicher sein.<\/li>\n\n\n\n<li>Metallrohre f\u00fcr elektrische Leitungen m\u00fcssen mit Gewindeverbindungen sicher befestigt werden. Explosionssichere flexible Schl\u00e4uche k\u00f6nnen in Bereichen verwendet werden, die komplexe Biegungen erfordern.<\/li>\n<\/ul>\n<\/li>\n\n\n\n<li><strong>Schutz vor Blitzschlag und statischer Elektrizit\u00e4t<\/strong>\n<ul class=\"wp-block-list\">\n<li>An den Lagereing\u00e4ngen m\u00fcssen geerdete statische Entladungsvorrichtungen installiert werden.<\/li>\n\n\n\n<li>L\u00fcftungsgebl\u00e4se, Metallregale und andere leitf\u00e4hige Ger\u00e4te m\u00fcssen \u00fcber eine statisch ableitende Erdung verf\u00fcgen.<\/li>\n\n\n\n<li>Blitzschutzsysteme (z. B. Stangen, Leisten, Netze) m\u00fcssen j\u00e4hrlich \u00fcberpr\u00fcft werden.<\/li>\n<\/ul>\n<\/li>\n\n\n\n<li><strong>Bel\u00fcftungssysteme<\/strong>\n<ul class=\"wp-block-list\">\n<li>Lager f\u00fcr brennbare Fl\u00fcssigkeiten und Gase m\u00fcssen \u00fcber explosionssichere Notl\u00fcftungssysteme verf\u00fcgen.<\/li>\n\n\n\n<li>Abluftkan\u00e4le m\u00fcssen aus Metall sein und die Emissionen in sichere Au\u00dfenbereiche leiten.<\/li>\n<\/ul>\n<\/li>\n\n\n\n<li><strong>Ma\u00dfnahmen zur Eind\u00e4mmung von Leckagen<\/strong>\n<ul class=\"wp-block-list\">\n<li>F\u00fcr Fl\u00fcssigkeiten (Klasse A, B, C) sind Absperrungen, auslaufsichere Becken und undurchl\u00e4ssige B\u00f6den erforderlich.<\/li>\n\n\n\n<li>Wasserreaktive Materialien m\u00fcssen in geschlossenen, trockenen R\u00e4umen mit Feuchtigkeitskontrolle gelagert werden.<\/li>\n<\/ul>\n<\/li>\n\n\n\n<li><strong>\u00dcberwachung und Alarmsysteme<\/strong>\n<ul class=\"wp-block-list\">\n<li>Installieren Sie Gasdetektoren f\u00fcr brennbare\/toxische Gase in einer der Gasdichte angepassten H\u00f6he.<\/li>\n\n\n\n<li>Testen Sie die Alarme regelm\u00e4\u00dfig durch zertifizierte Stellen und sorgen Sie f\u00fcr eine vollst\u00e4ndige Abdeckung der Gefahrenzonen.<\/li>\n<\/ul>\n<\/li>\n\n\n\n<li><strong>Ausr\u00fcstung f\u00fcr die Brandbek\u00e4mpfung<\/strong>\n<ul class=\"wp-block-list\">\n<li>Feuerl\u00f6scher, unversperrte Hydranten, Sprinkler und Rauchabz\u00fcge sind obligatorisch.<\/li>\n\n\n\n<li>Die Brandbek\u00e4mpfungsmittel m\u00fcssen mit den gelagerten Chemikalien \u00fcbereinstimmen:\n<ul class=\"wp-block-list\">\n<li><strong>Entz\u00fcndliche\/oxidierende Gase<\/strong>: Trockenes Pulver, Sand.<\/li>\n\n\n\n<li><strong>Entflammbare Fl\u00fcssigkeiten<\/strong>: Schaum, Trockenpulver, CO\u2082 (wasserl\u00f6sliche Fl\u00fcssigkeiten erfordern alkoholbest\u00e4ndigen Schaum).<\/li>\n\n\n\n<li><strong>Entz\u00fcndbare feste Stoffe<\/strong>: Schaum, Trockenpulver, Sand, CO\u2082 oder Wassernebel.<\/li>\n\n\n\n<li><strong>Selbstentz\u00fcndliche Stoffe<\/strong>: Wasser, Trockenpulver, Sand, CO\u2082.<\/li>\n\n\n\n<li><strong>Wasserreaktive Materialien<\/strong>: Trockenes Pulver, Sand.<\/li>\n\n\n\n<li><strong>Oxidationsmittel<\/strong>: Trockenes Pulver, Wasser, CO\u2082.<\/li>\n<\/ul>\n<\/li>\n<\/ul>\n<\/li>\n<\/ol>\n\n\n\n<hr class=\"wp-block-separator has-alpha-channel-opacity\"\/>\n\n\n\n<h2 class=\"wp-block-heading\"><strong>Explosionsgesch\u00fctzte Ger\u00e4te Spezifikationen<\/strong><\/h2>\n\n\n\n<h3 class=\"wp-block-heading\"><strong>1. Explosionsgesch\u00fctzte Schalter<\/strong><\/h3>\n\n\n\n<div class=\"wp-block-uagb-image uagb-block-860e52aa wp-block-uagb-image--layout-default wp-block-uagb-image--effect-static wp-block-uagb-image--align-none\"><figure class=\"wp-block-uagb-image__figure\"><img decoding=\"async\" srcset=\"https:\/\/led.amasly.com\/wp-content\/uploads\/2025\/05\/Installation-of-explosion-proof-switches-825x1024.png ,https:\/\/led.amasly.com\/wp-content\/uploads\/2025\/05\/Installation-of-explosion-proof-switches.png 780w, https:\/\/led.amasly.com\/wp-content\/uploads\/2025\/05\/Installation-of-explosion-proof-switches.png 360w\" sizes=\"auto, (max-width: 480px) 150px\" src=\"https:\/\/led.amasly.com\/wp-content\/uploads\/2025\/05\/Installation-of-explosion-proof-switches-825x1024.png\" alt=\"\" class=\"uag-image-3207\" width=\"1080\" height=\"1340\" title=\"Einbau von explosionsgesch\u00fctzten Schaltern\" loading=\"lazy\" role=\"img\"><\/figure><\/div>\n\n\n\n<ul class=\"wp-block-list\">\n<li>Haushalts\u00fcbliche Schalter oder Verteilerk\u00e4sten sind verboten.<\/li>\n\n\n\n<li><strong>Sicherheitsstandards<\/strong>:\n<ul class=\"wp-block-list\">\n<li>6.1.2.1.1: Typ, Klasse, Gruppe, Umgebungsbedingungen und Kennzeichnung der Ger\u00e4te m\u00fcssen den Konstruktionsspezifikationen entsprechen.<\/li>\n\n\n\n<li><strong>Standard-Referenz<\/strong>:\u00a0<em>Sicherheitscode f\u00fcr den elektrischen Explosionsschutz in explosionsgef\u00e4hrdeten Bereichen<\/em>.<\/li>\n<\/ul>\n<\/li>\n<\/ul>\n\n\n\n<h3 class=\"wp-block-heading\"><strong>2. Explosionsgesch\u00fctzte Verdrahtung<\/strong><\/h3>\n\n\n\n<ul class=\"wp-block-list\">\n<li>Verwenden Sie verzinkte Stahlrohre mit Gewindeanschl\u00fcssen (mindestens 5 Gewindeg\u00e4nge).<\/li>\n\n\n\n<li>PVC-Rohre oder genietete Rohre sind aufgrund ihrer schlechten Abdichtung und geringen Festigkeit verboten.<\/li>\n\n\n\n<li><strong>Flexible explosionsgesch\u00fctzte Schl\u00e4uche<\/strong>:\n<ul class=\"wp-block-list\">\n<li>Anschluss explosionsgesch\u00fctzter Ger\u00e4te oder komplexer Biegungen.<\/li>\n\n\n\n<li>Merkmale: Enden mit Metallgewinde, Au\u00dfenschicht aus Gummi und Stahlnetz zur Ableitung statischer Elektrizit\u00e4t.<\/li>\n\n\n\n<li>Verbotene Alternativen: Kunststoff- oder wachs\u00fcberzogene Tuben.<\/li>\n<\/ul>\n<\/li>\n<\/ul>\n\n\n\n<div class=\"wp-block-uagb-image uagb-block-9fdef51a wp-block-uagb-image--layout-default wp-block-uagb-image--effect-static wp-block-uagb-image--align-none\"><figure class=\"wp-block-uagb-image__figure\"><a class=\"\" href=\"https:\/\/led.amasly.com\/de\/produkte\/\" target=\"\" rel=\"noopener\"><img decoding=\"async\" srcset=\"https:\/\/led.amasly.com\/wp-content\/uploads\/2025\/05\/Installation-of-Explosion-Proof-Flexible-Connecting-Pipe-1024x771.png ,https:\/\/led.amasly.com\/wp-content\/uploads\/2025\/05\/Installation-of-Explosion-Proof-Flexible-Connecting-Pipe.png 780w, https:\/\/led.amasly.com\/wp-content\/uploads\/2025\/05\/Installation-of-Explosion-Proof-Flexible-Connecting-Pipe.png 360w\" sizes=\"auto, (max-width: 480px) 150px\" src=\"https:\/\/led.amasly.com\/wp-content\/uploads\/2025\/05\/Installation-of-Explosion-Proof-Flexible-Connecting-Pipe-1024x771.png\" alt=\"\" class=\"uag-image-3208\" width=\"1080\" height=\"813\" title=\"Installation von explosionsgesch\u00fctzten flexiblen Verbindungsrohren\" loading=\"lazy\" role=\"img\"><\/a><\/figure><\/div>\n\n\n\n<p><strong>Sicherheitsstandards<\/strong>:<\/p>\n\n\n\n<ul class=\"wp-block-list\">\n<li><strong>Norm 1<\/strong>:\n<ul class=\"wp-block-list\">\n<li>5.4.3: F\u00fcr Rohrleitungen m\u00fcssen verzinkte Stahlrohre mit blei- oder phosphatbeschichteten Gewinden verwendet werden.<\/li>\n\n\n\n<li><strong>Standard-Referenz<\/strong>:\u00a0<em>Code f\u00fcr die Auslegung von elektrischen Anlagen in explosionsgef\u00e4hrdeten Bereichen<\/em>.<\/li>\n<\/ul>\n<\/li>\n\n\n\n<li><strong>Norm 2<\/strong>:\n<ul class=\"wp-block-list\">\n<li>5.3.2: Nur Gewindeverbindungen; Schwei\u00dfen verboten.<\/li>\n\n\n\n<li>5.3.6: Installieren Sie flexible Leitungen an Motoreinl\u00e4ssen, Ger\u00e4teanschl\u00fcssen und Geb\u00e4udekompensatoren.<\/li>\n\n\n\n<li><strong>Standard-Referenz<\/strong>:\u00a0<em>Bau- und Abnahmeregeln f\u00fcr elektrische Anlagen in explosions- und feuergef\u00e4hrdeten Bereichen<\/em>.<\/li>\n<\/ul>\n<\/li>\n<\/ul>\n\n\n\n<div class=\"wp-block-uagb-image uagb-block-41192b6b wp-block-uagb-image--layout-default wp-block-uagb-image--effect-static wp-block-uagb-image--align-none\"><figure class=\"wp-block-uagb-image__figure\"><img decoding=\"async\" srcset=\"https:\/\/led.amasly.com\/wp-content\/uploads\/2025\/05\/Explosion-proof-connecting-tube.png ,https:\/\/led.amasly.com\/wp-content\/uploads\/2025\/05\/Explosion-proof-connecting-tube.png 780w, https:\/\/led.amasly.com\/wp-content\/uploads\/2025\/05\/Explosion-proof-connecting-tube.png 360w\" sizes=\"auto, (max-width: 480px) 150px\" src=\"https:\/\/led.amasly.com\/wp-content\/uploads\/2025\/05\/Explosion-proof-connecting-tube.png\" alt=\"\" class=\"uag-image-3210\" width=\"843\" height=\"850\" title=\"Explosionsgesch\u00fctztes Verbindungsrohr\" loading=\"lazy\" role=\"img\"><\/figure><\/div>\n\n\n\n<h3 class=\"wp-block-heading\"><strong>3. Explosionsgesch\u00fctzte Verteilerk\u00e4sten<\/strong><\/h3>\n\n\n\n<ul class=\"wp-block-list\">\n<li>Wird zum Anschluss von Leitungen an Ger\u00e4te verwendet. Muss die \u201cEX\u201d-Zertifizierung tragen.<\/li>\n\n\n\n<li>Unbenutzte Anschl\u00fcsse m\u00fcssen versiegelt werden. W\u00e4hlen Sie die Dosen nach den Anforderungen des Terminals aus (2-Wege, 3-Wege, usw.).<\/li>\n<\/ul>\n\n\n\n<p><strong>Sicherheitsstandards<\/strong>:<\/p>\n\n\n\n<ul class=\"wp-block-list\">\n<li>5.2.1\/5.2.3.5: Kabel in explosionsgef\u00e4hrdeten Bereichen m\u00fcssen \u00fcber explosionsgesch\u00fctzte Verteilerk\u00e4sten angeschlossen werden.<\/li>\n\n\n\n<li>5.3.8: Nicht verwendete Anschl\u00fcsse mit Gewindestopfen oder druckdichten Kappen verschlie\u00dfen.<\/li>\n\n\n\n<li><a href=\"http:\/\/www.iecex-certs.com\/\" rel=\"nofollow noopener\" target=\"_blank\"><strong>Standard-Referenz<\/strong>:\u00a0<em>Bau- und Abnahmeregeln f\u00fcr elektrische Anlagen in explosions- und feuergef\u00e4hrdeten Bereichen<\/em>.<\/a><\/li>\n<\/ul>\n\n\n\n<hr class=\"wp-block-separator has-alpha-channel-opacity\"\/>\n\n\n\n<p class=\"has-text-align-center\">Durch die Einhaltung dieser Standards k\u00f6nnen Unternehmen Risiken mindern, die Einhaltung von Vorschriften gew\u00e4hrleisten und Personal, Infrastruktur und Umwelt vor katastrophalen Zwischenf\u00e4llen sch\u00fctzen.<\/p>\n\n\n\n<div class=\"wp-block-uagb-container uagb-block-c7d898dd alignfull uagb-is-root-container\"><div class=\"uagb-container-inner-blocks-wrap\"><\/div><\/div>\n\n\n\n<h2 class=\"wp-block-heading\">Verwandte Produkte<\/h2>\n\n\n\n<div class=\"wp-block-uagb-container uagb-block-66e4defc alignfull uagb-is-root-container\"><div class=\"uagb-container-inner-blocks-wrap\">\n<div class=\"wp-block-uagb-container uagb-block-a42945f9\">\n<div class=\"wp-block-uagb-image uagb-block-7296296b wp-block-uagb-image--layout-default wp-block-uagb-image--effect-static wp-block-uagb-image--align-none\"><figure class=\"wp-block-uagb-image__figure\"><a class=\"\" href=\"https:\/\/led.amasly.com\/de\/produkte\/\" target=\"\" rel=\"noopener\"><img decoding=\"async\" srcset=\"https:\/\/led.amasly.com\/wp-content\/uploads\/2024\/09\/Explosion-proof-high-bay-lights.png ,https:\/\/led.amasly.com\/wp-content\/uploads\/2024\/09\/Explosion-proof-high-bay-lights.png 780w, https:\/\/led.amasly.com\/wp-content\/uploads\/2024\/09\/Explosion-proof-high-bay-lights.png 360w\" sizes=\"auto, (max-width: 480px) 150px\" src=\"https:\/\/led.amasly.com\/wp-content\/uploads\/2024\/09\/Explosion-proof-high-bay-lights.png\" alt=\"\" class=\"uag-image-1495\" width=\"300\" height=\"300\" title=\"Explosionsgesch\u00fctzte Hochregallampen\" loading=\"lazy\" role=\"img\"><\/a><\/figure><\/div>\n<\/div>\n\n\n\n<div class=\"wp-block-uagb-container uagb-block-4d3efde5\">\n<div class=\"wp-block-uagb-image uagb-block-c9e90797 wp-block-uagb-image--layout-default wp-block-uagb-image--effect-static wp-block-uagb-image--align-none\"><figure class=\"wp-block-uagb-image__figure\"><a class=\"\" href=\"https:\/\/led.amasly.com\/de\/produkte\/\" target=\"\" rel=\"noopener\"><img decoding=\"async\" srcset=\"https:\/\/led.amasly.com\/wp-content\/uploads\/2024\/07\/LED-tri-proof-lights2.png ,https:\/\/led.amasly.com\/wp-content\/uploads\/2024\/07\/LED-tri-proof-lights2.png 780w, https:\/\/led.amasly.com\/wp-content\/uploads\/2024\/07\/LED-tri-proof-lights2.png 360w\" sizes=\"auto, (max-width: 480px) 150px\" src=\"https:\/\/led.amasly.com\/wp-content\/uploads\/2024\/07\/LED-tri-proof-lights2.png\" alt=\"\" class=\"uag-image-1132\" width=\"300\" height=\"300\" title=\"LED-Dreifach-Leuchten2\" loading=\"lazy\" role=\"img\"><\/a><\/figure><\/div>\n<\/div>\n\n\n\n<div class=\"wp-block-uagb-container uagb-block-11c2578b\">\n<div class=\"wp-block-uagb-image uagb-block-6e8883aa wp-block-uagb-image--layout-default wp-block-uagb-image--effect-static wp-block-uagb-image--align-none\"><figure class=\"wp-block-uagb-image__figure\"><a class=\"\" href=\"https:\/\/led.amasly.com\/de\/produkte\/\" target=\"\" rel=\"noopener\"><img decoding=\"async\" srcset=\"https:\/\/led.amasly.com\/wp-content\/uploads\/2024\/09\/LED-Explosion-Proof-Gas-Station-Light.png ,https:\/\/led.amasly.com\/wp-content\/uploads\/2024\/09\/LED-Explosion-Proof-Gas-Station-Light.png 780w, https:\/\/led.amasly.com\/wp-content\/uploads\/2024\/09\/LED-Explosion-Proof-Gas-Station-Light.png 360w\" sizes=\"auto, (max-width: 480px) 150px\" src=\"https:\/\/led.amasly.com\/wp-content\/uploads\/2024\/09\/LED-Explosion-Proof-Gas-Station-Light.png\" alt=\"\" class=\"uag-image-1501\" width=\"300\" height=\"300\" title=\"LED Explosionssichere Tankstellenleuchte\" loading=\"lazy\" role=\"img\"><\/a><\/figure><\/div>\n<\/div>\n<\/div><\/div>\n\n\n\n<div class=\"wp-block-uagb-container uagb-block-548945b5 alignfull uagb-is-root-container\"><div class=\"uagb-container-inner-blocks-wrap\">\n<div class=\"wp-block-uagb-container uagb-block-967755d5\">\n<h4 class=\"wp-block-heading has-text-align-center\"><a href=\"https:\/\/led.amasly.com\/de\/produkte\/\">LED-Explosionsgesch\u00fctzte Lichter<\/a><\/h4>\n<\/div>\n\n\n\n<div class=\"wp-block-uagb-container uagb-block-9bc52fc2\">\n<h4 class=\"wp-block-heading has-text-align-center\"><a href=\"https:\/\/led.amasly.com\/de\/produkte\/\">LED Tri-Proof-Leuchten<\/a><\/h4>\n<\/div>\n\n\n\n<div class=\"wp-block-uagb-container uagb-block-8ffa0a23\">\n<h4 class=\"wp-block-heading has-text-align-center\"><a href=\"https:\/\/led.amasly.com\/de\/produkte\/\">Explosionssichere Tankstellenbeleuchtungen<\/a><\/h4>\n<\/div>\n<\/div><\/div>\n\n\n\n<div class=\"wp-block-uagb-container uagb-block-29499fe0 alignfull uagb-is-root-container\"><div class=\"uagb-container-inner-blocks-wrap\">\n<div class=\"wp-block-uagb-container uagb-block-777ee1c7\">\n<div class=\"wp-block-uagb-image uagb-block-2e9a1851 wp-block-uagb-image--layout-default wp-block-uagb-image--effect-static wp-block-uagb-image--align-none\"><figure class=\"wp-block-uagb-image__figure\"><a class=\"\" href=\"https:\/\/led.amasly.com\/de\/produkte\/\" target=\"\" rel=\"noopener\"><img decoding=\"async\" srcset=\"https:\/\/led.amasly.com\/wp-content\/uploads\/2024\/10\/50W-100W-150W-200W-300W-LED-Flood-Light.jpg ,https:\/\/led.amasly.com\/wp-content\/uploads\/2024\/10\/50W-100W-150W-200W-300W-LED-Flood-Light.jpg 780w, https:\/\/led.amasly.com\/wp-content\/uploads\/2024\/10\/50W-100W-150W-200W-300W-LED-Flood-Light.jpg 360w\" sizes=\"auto, (max-width: 480px) 150px\" src=\"https:\/\/led.amasly.com\/wp-content\/uploads\/2024\/10\/50W-100W-150W-200W-300W-LED-Flood-Light.jpg\" alt=\"\" class=\"uag-image-1526\" width=\"300\" height=\"300\" title=\"50W 100W 150W 200W 300W LED-Flutlicht\" loading=\"lazy\" role=\"img\"><\/a><\/figure><\/div>\n<\/div>\n\n\n\n<div class=\"wp-block-uagb-container uagb-block-af8c8683\">\n<div class=\"wp-block-uagb-image uagb-block-67947854 wp-block-uagb-image--layout-default wp-block-uagb-image--effect-static wp-block-uagb-image--align-none\"><figure class=\"wp-block-uagb-image__figure\"><a class=\"\" href=\"https:\/\/led.amasly.com\/de\/produkte\/\" target=\"\" rel=\"noopener\"><img decoding=\"async\" srcset=\"https:\/\/led.amasly.com\/wp-content\/uploads\/2024\/07\/led-tri-proof-light.png ,https:\/\/led.amasly.com\/wp-content\/uploads\/2024\/07\/led-tri-proof-light.png 780w, https:\/\/led.amasly.com\/wp-content\/uploads\/2024\/07\/led-tri-proof-light.png 360w\" sizes=\"auto, (max-width: 480px) 150px\" src=\"https:\/\/led.amasly.com\/wp-content\/uploads\/2024\/07\/led-tri-proof-light.png\" alt=\"\" class=\"uag-image-1130\" width=\"300\" height=\"300\" title=\"led-tri-proof-licht\" loading=\"lazy\" role=\"img\"><\/a><\/figure><\/div>\n<\/div>\n\n\n\n<div class=\"wp-block-uagb-container uagb-block-0fdfdd58\">\n<div class=\"wp-block-uagb-image uagb-block-1187d32d wp-block-uagb-image--layout-default wp-block-uagb-image--effect-static wp-block-uagb-image--align-none\"><figure class=\"wp-block-uagb-image__figure\"><a class=\"\" href=\"https:\/\/led.amasly.com\/de\/produkte\/\" target=\"\" rel=\"noopener\"><img decoding=\"async\" srcset=\"https:\/\/led.amasly.com\/wp-content\/uploads\/2024\/07\/LED-street-light.jpg ,https:\/\/led.amasly.com\/wp-content\/uploads\/2024\/07\/LED-street-light.jpg 780w, https:\/\/led.amasly.com\/wp-content\/uploads\/2024\/07\/LED-street-light.jpg 360w\" sizes=\"auto, (max-width: 480px) 150px\" src=\"https:\/\/led.amasly.com\/wp-content\/uploads\/2024\/07\/LED-street-light.jpg\" alt=\"\" class=\"uag-image-1145\" width=\"300\" height=\"300\" title=\"LED-Stra\u00dfenlaterne\" loading=\"lazy\" role=\"img\"><\/a><\/figure><\/div>\n<\/div>\n<\/div><\/div>\n\n\n\n<div class=\"wp-block-uagb-container uagb-block-6a60882c alignfull uagb-is-root-container\"><div class=\"uagb-container-inner-blocks-wrap\">\n<div class=\"wp-block-uagb-container uagb-block-f1e91a35\">\n<h4 class=\"wp-block-heading has-text-align-center\"><a href=\"https:\/\/led.amasly.com\/de\/produkte\/\">LED-Flutlichter<\/a><\/h4>\n<\/div>\n\n\n\n<div class=\"wp-block-uagb-container uagb-block-165bfa58\">\n<h4 class=\"wp-block-heading has-text-align-center\"><a href=\"https:\/\/led.amasly.com\/de\/produkte\/\">LED Tri-Proof-R\u00f6hrenleuchten<\/a><\/h4>\n<\/div>\n\n\n\n<div class=\"wp-block-uagb-container uagb-block-f6096e3b\">\n<h4 class=\"wp-block-heading has-text-align-center\"><a href=\"https:\/\/led.amasly.com\/de\/produkte\/\">LED-Stra\u00dfenlaternen<\/a><\/h4>\n<\/div>\n<\/div><\/div>\n\n\n\n<div class=\"wp-block-uagb-container uagb-block-99c0e0a5 alignfull uagb-is-root-container\"><div class=\"uagb-container-inner-blocks-wrap\"><\/div><\/div>\n\n\n\n<p><\/p>","protected":false},"excerpt":{"rendered":"<p>Explosion-Proof Equipment Requirements for Hazardous Chemical Warehouses Hazardous chemicals refer to highly toxic substances with corrosive, explosive, combustible, or oxidizing properties that pose significant risks to human health, facilities, and the environment. Due to their unique physical and chemical characteristics, improper handling, leaks, or explosions can release toxic fumes or gases. These substances may also [&hellip;]<\/p>\n","protected":false},"author":1,"featured_media":0,"parent":2374,"menu_order":0,"comment_status":"closed","ping_status":"closed","template":"","meta":{"_uag_custom_page_level_css":"","site-sidebar-layout":"no-sidebar","site-content-layout":"","ast-site-content-layout":"default","site-content-style":"default","site-sidebar-style":"default","ast-global-header-display":"","ast-banner-title-visibility":"","ast-main-header-display":"","ast-hfb-above-header-display":"","ast-hfb-below-header-display":"","ast-hfb-mobile-header-display":"","site-post-title":"disabled","ast-breadcrumbs-content":"","ast-featured-img":"","footer-sml-layout":"","ast-disable-related-posts":"","theme-transparent-header-meta":"enabled","adv-header-id-meta":"","stick-header-meta":"","header-above-stick-meta":"","header-main-stick-meta":"","header-below-stick-meta":"","astra-migrate-meta-layouts":"set","ast-page-background-enabled":"default","ast-page-background-meta":{"desktop":{"background-color":"var(--ast-global-color-4)","background-image":"","background-repeat":"repeat","background-position":"center center","background-size":"auto","background-attachment":"scroll","background-type":"","background-media":"","overlay-type":"","overlay-color":"","overlay-opacity":"","overlay-gradient":""},"tablet":{"background-color":"","background-image":"","background-repeat":"repeat","background-position":"center center","background-size":"auto","background-attachment":"scroll","background-type":"","background-media":"","overlay-type":"","overlay-color":"","overlay-opacity":"","overlay-gradient":""},"mobile":{"background-color":"","background-image":"","background-repeat":"repeat","background-position":"center center","background-size":"auto","background-attachment":"scroll","background-type":"","background-media":"","overlay-type":"","overlay-color":"","overlay-opacity":"","overlay-gradient":""}},"ast-content-background-meta":{"desktop":{"background-color":"var(--ast-global-color-5)","background-image":"","background-repeat":"repeat","background-position":"center center","background-size":"auto","background-attachment":"scroll","background-type":"","background-media":"","overlay-type":"","overlay-color":"","overlay-opacity":"","overlay-gradient":""},"tablet":{"background-color":"var(--ast-global-color-5)","background-image":"","background-repeat":"repeat","background-position":"center center","background-size":"auto","background-attachment":"scroll","background-type":"","background-media":"","overlay-type":"","overlay-color":"","overlay-opacity":"","overlay-gradient":""},"mobile":{"background-color":"var(--ast-global-color-5)","background-image":"","background-repeat":"repeat","background-position":"center center","background-size":"auto","background-attachment":"scroll","background-type":"","background-media":"","overlay-type":"","overlay-color":"","overlay-opacity":"","overlay-gradient":""}},"footnotes":""},"class_list":["post-3206","page","type-page","status-publish","hentry"],"uagb_featured_image_src":{"full":false,"thumbnail":false,"medium":false,"medium_large":false,"large":false,"1536x1536":false,"2048x2048":false,"trp-custom-language-flag":false},"uagb_author_info":{"display_name":"Joe","author_link":"https:\/\/led.amasly.com\/de\/author\/jacklin\/"},"uagb_comment_info":0,"uagb_excerpt":"Explosion-Proof Equipment Requirements for Hazardous Chemical Warehouses Hazardous chemicals refer to highly toxic substances with corrosive, explosive, combustible, or oxidizing properties that pose significant risks to human health, facilities, and the environment. Due to their unique physical and chemical characteristics, improper handling, leaks, or explosions can release toxic fumes or gases. These substances may also&hellip;","_links":{"self":[{"href":"https:\/\/led.amasly.com\/de\/wp-json\/wp\/v2\/pages\/3206","targetHints":{"allow":["GET"]}}],"collection":[{"href":"https:\/\/led.amasly.com\/de\/wp-json\/wp\/v2\/pages"}],"about":[{"href":"https:\/\/led.amasly.com\/de\/wp-json\/wp\/v2\/types\/page"}],"author":[{"embeddable":true,"href":"https:\/\/led.amasly.com\/de\/wp-json\/wp\/v2\/users\/1"}],"replies":[{"embeddable":true,"href":"https:\/\/led.amasly.com\/de\/wp-json\/wp\/v2\/comments?post=3206"}],"version-history":[{"count":1,"href":"https:\/\/led.amasly.com\/de\/wp-json\/wp\/v2\/pages\/3206\/revisions"}],"predecessor-version":[{"id":3211,"href":"https:\/\/led.amasly.com\/de\/wp-json\/wp\/v2\/pages\/3206\/revisions\/3211"}],"up":[{"embeddable":true,"href":"https:\/\/led.amasly.com\/de\/wp-json\/wp\/v2\/pages\/2374"}],"wp:attachment":[{"href":"https:\/\/led.amasly.com\/de\/wp-json\/wp\/v2\/media?parent=3206"}],"curies":[{"name":"wp","href":"https:\/\/api.w.org\/{rel}","templated":true}]}}