{"id":3193,"date":"2025-04-29T21:46:04","date_gmt":"2025-04-29T13:46:04","guid":{"rendered":"https:\/\/led.amasly.com\/?page_id=3193"},"modified":"2025-04-29T21:46:14","modified_gmt":"2025-04-29T13:46:14","slug":"comprehensive-guide-to-led-explosion-proof-light-lifespan-7-proven-techniques-to-extend-it","status":"publish","type":"page","link":"https:\/\/led.amasly.com\/de\/knowledge\/explosion-proof-products-knowledge\/comprehensive-guide-to-led-explosion-proof-light-lifespan-7-proven-techniques-to-extend-it\/","title":{"rendered":"Umfassender Leitfaden zur Lebensdauer von explosionsgesch\u00fctzten LED-Leuchten und 7 bew\u00e4hrte Techniken zur Verl\u00e4ngerung der Lebensdauer"},"content":{"rendered":"<div class=\"wp-block-uagb-container uagb-block-27bae773 alignfull uagb-is-root-container\"><div class=\"uagb-container-inner-blocks-wrap\"><\/div><\/div>\n\n\n\n<h1 class=\"wp-block-heading has-text-align-center\">Umfassender Leitfaden zur Lebensdauer von explosionsgesch\u00fctzten LED-Leuchten und 7 bew\u00e4hrte Techniken zur Verl\u00e4ngerung der Lebensdauer<\/h1>\n\n\n\n<h3 class=\"wp-block-heading\">Explosionsgesch\u00fctzte LED-Leuchten in industriellen Anwendungen<\/h3>\n\n\n\n<div class=\"wp-block-uagb-image uagb-block-f33c74d8 wp-block-uagb-image--layout-default wp-block-uagb-image--effect-static wp-block-uagb-image--align-none\"><figure class=\"wp-block-uagb-image__figure\"><img decoding=\"async\" srcset=\"https:\/\/led.amasly.com\/wp-content\/uploads\/2025\/04\/Industrial-LED-explosion-proof-lights-1024x576.jpg ,https:\/\/led.amasly.com\/wp-content\/uploads\/2025\/04\/Industrial-LED-explosion-proof-lights.jpg 780w, https:\/\/led.amasly.com\/wp-content\/uploads\/2025\/04\/Industrial-LED-explosion-proof-lights.jpg 360w\" sizes=\"auto, (max-width: 480px) 150px\" src=\"https:\/\/led.amasly.com\/wp-content\/uploads\/2025\/04\/Industrial-LED-explosion-proof-lights-1024x576.jpg\" alt=\"\" class=\"uag-image-3195\" width=\"1920\" height=\"1080\" title=\"Industrielle explosionsgesch\u00fctzte LED-Leuchten\" loading=\"lazy\" role=\"img\"><\/figure><\/div>\n\n\n\n<h2 class=\"wp-block-heading\"><strong>I. Hauptvorteile von LED-Explosionsschutzleuchten<\/strong><\/h2>\n\n\n\n<p>Im Vergleich zur herk\u00f6mmlichen explosionsgesch\u00fctzten Beleuchtung bietet die LED-Technologie bahnbrechende Verbesserungen:<\/p>\n\n\n\n<ul class=\"wp-block-list\">\n<li><strong>Energie-Effizienz<\/strong>: 40-60% geringerer Energieverbrauch (<a target=\"_blank\" rel=\"noreferrer noopener\">Siehe Vergleichstabelle zur Energieeffizienz<\/a>)<\/li>\n\n\n\n<li><strong>Lichtausbeute<\/strong>: 120-150 lm\/W, \u00fcbertrifft Halogenmetalldampflampen (80 lm\/W)<\/li>\n\n\n\n<li><strong>Vibrationsbest\u00e4ndigkeit<\/strong>: Keine Filamentstruktur, widersteht 10G Vibrationsst\u00e4rke<\/li>\n\n\n\n<li><strong>Sofortiger Start<\/strong>: 0,5-Sekunden-Aktivierung, wodurch Aufw\u00e4rmzeiten entfallen<\/li>\n<\/ul>\n\n\n\n<h2 class=\"wp-block-heading\"><strong>Vergleichstabelle zur Energieeffizienz<\/strong><\/h2>\n\n\n\n<figure class=\"wp-block-table\"><table class=\"has-fixed-layout\"><thead><tr><th>Parameter<\/th><th>Explosionsgesch\u00fctzte LED-Leuchten (50W-120W)<\/th><th>Traditionelle Leuchten (Metallhalogenid\/Leuchtstofflampen)<\/th><th>Energieeinsparung<\/th><\/tr><\/thead><tbody><tr><td><strong>Tats\u00e4chlicher Stromverbrauch<\/strong><\/td><td>50W (kein Ballastverlust)<\/td><td>115 W (100 W Halogenmetalldampf + 15 W Vorschaltger\u00e4t)<\/td><td><strong>56.5% Erm\u00e4\u00dfigung<\/strong><\/td><\/tr><tr><td><strong>Lichtausbeute (lm\/W)<\/strong><\/td><td>80-120 lm\/W<\/td><td>Halogenmetalldampf: 60-80 lm\/W; Leuchtstoffr\u00f6hren: 50-70 lm\/W<\/td><td><strong>30-100% Verbesserung<\/strong><\/td><\/tr><tr><td><strong>J\u00e4hrlicher Energieverbrauch (pro Leuchte)<\/strong><\/td><td>219 kWh (50W, 12h\/Tag)<\/td><td>503,7 kWh (100W Halogen-Metalldampf, 12h\/Tag)<\/td><td><strong>56.5% Einsparungen<\/strong><\/td><\/tr><tr><td><strong>J\u00e4hrliche Kosten f\u00fcr 700 Vorrichtungen<\/strong><\/td><td>$588\/Tag (120W LED)<\/td><td>$1.260\/Tag (250W Halogenmetalldampf)<\/td><td><strong>53.3% Einsparungen<\/strong><\/td><\/tr><tr><td><strong>Umwandlung von Energie in Licht<\/strong><\/td><td>&gt;80%<\/td><td>20-50%<\/td><td><strong>60-300% Verbesserung<\/strong><\/td><\/tr><tr><td><strong>Verh\u00e4ltnis zwischen Leistung und Ersatzleistung<\/strong><\/td><td>16W LED ersetzt 36W Leuchtstoffr\u00f6hre<\/td><td>Herk\u00f6mmliche Lampen mit h\u00f6herer Wattzahl erforderlich<\/td><td><strong>60% Einsparungen<\/strong><\/td><\/tr><\/tbody><\/table><\/figure>\n\n\n\n<h2 class=\"wp-block-heading\"><strong>II. Eingehende Analyse der Lebensdauer von explosionsgesch\u00fctzten LED-Leuchten<\/strong><\/h2>\n\n\n\n<h3 class=\"wp-block-heading\"><strong>2.1 Vergleich zwischen theoretischer und realer Lebensspanne<\/strong><\/h3>\n\n\n\n<figure class=\"wp-block-table\"><table class=\"has-fixed-layout\"><thead><tr><th>Lichtquelle<\/th><th>Theoretische Lebenserwartung (Stunden)<\/th><th>Lebenserwartung in der realen Welt (in Stunden)<\/th><th>Lumen-Abschreibung<\/th><\/tr><\/thead><tbody><tr><td>LED-Chips<\/td><td>50,000-100,000<\/td><td>30,000-60,000<\/td><td>70% nach 5 Jahren<\/td><\/tr><tr><td>Metall-Halogenid<\/td><td>10,000-15,000<\/td><td>6,000-8,000<\/td><td>60% nach 1 Jahr<\/td><\/tr><tr><td>Natrium-Hochdruck<\/td><td>24,000<\/td><td>12,000-15,000<\/td><td>50% nach 2 Jahren<\/td><\/tr><\/tbody><\/table><\/figure>\n\n\n\n<h3 class=\"wp-block-heading\"><strong>2.2 5 Kritische Faktoren, die die Lebenserwartung beeinflussen<\/strong><\/h3>\n\n\n\n<ol start=\"1\" class=\"wp-block-list\">\n<li><strong>Thermisches Management<\/strong>: Ein Anstieg der Sperrschichttemperatur um 10 \u00b0C verringert die Lebensdauer von 30% (<a target=\"_blank\" rel=\"noreferrer noopener\">Diagramm Temperatur vs. Lebensdauer<\/a>)<\/li>\n\n\n\n<li><strong>Qualit\u00e4t der Fahrer<\/strong>: Hochwertige Konstantstromtreiber verl\u00e4ngern die Lebensdauer um das 2-3fache<\/li>\n\n\n\n<li><strong>Verpackungstechnik<\/strong>: COB-Geh\u00e4use h\u00e4lt 20% l\u00e4nger als SMD<\/li>\n\n\n\n<li><strong>Anpassungsf\u00e4higkeit an die Umwelt<\/strong>: Die Nutzung von Chemieanlagen verk\u00fcrzt die Lebensdauer um 40%<\/li>\n\n\n\n<li><strong>H\u00e4ufigkeit der Wartung<\/strong>: Regelm\u00e4\u00dfige Wartung verl\u00e4ngert die Lebensdauer um 35%<\/li>\n<\/ol>\n\n\n\n<div class=\"wp-block-uagb-image uagb-block-498ef2a3 wp-block-uagb-image--layout-default wp-block-uagb-image--effect-static wp-block-uagb-image--align-none\"><figure class=\"wp-block-uagb-image__figure\"><img decoding=\"async\" srcset=\"https:\/\/led.amasly.com\/wp-content\/uploads\/2025\/04\/LED-explosion-proof-lighting-in-hazardous-industrial-environments-576x1024.jpg ,https:\/\/led.amasly.com\/wp-content\/uploads\/2025\/04\/LED-explosion-proof-lighting-in-hazardous-industrial-environments.jpg 780w, https:\/\/led.amasly.com\/wp-content\/uploads\/2025\/04\/LED-explosion-proof-lighting-in-hazardous-industrial-environments.jpg 360w\" sizes=\"auto, (max-width: 480px) 150px\" src=\"https:\/\/led.amasly.com\/wp-content\/uploads\/2025\/04\/LED-explosion-proof-lighting-in-hazardous-industrial-environments-576x1024.jpg\" alt=\"\" class=\"uag-image-3196\" width=\"1080\" height=\"1920\" title=\"Explosionsgesch\u00fctzte LED-Beleuchtung in gef\u00e4hrlichen Industrieumgebungen\" loading=\"lazy\" role=\"img\"><\/figure><\/div>\n\n\n\n<h2 class=\"wp-block-heading\"><strong>III. LED Explosionssichere Leuchte Lebensdauer<\/strong>: <strong>7 Expertentechniken zur Verl\u00e4ngerung der Lebensspanne<\/strong><\/h2>\n\n\n\n<h3 class=\"wp-block-heading\"><strong>3.1 Installationsstandards (30% Impact)<\/strong><\/h3>\n\n\n\n<ul class=\"wp-block-list\">\n<li><strong>Kabel-Spezifikationen<\/strong>: Vorgeschriebene Verwendung von YCW-Hochleistungs-Gummikabeln (Querschnittstabelle im Lieferumfang enthalten)<\/li>\n\n\n\n<li><strong>Anti-Vibrations-L\u00f6sungen<\/strong>:\n<ul class=\"wp-block-list\">\n<li>Einbau von Gummid\u00e4mpfern in vibrationsintensiven Bereichen<\/li>\n\n\n\n<li>Schwingungsd\u00e4mpfer f\u00fcr h\u00e4ngende Montage hinzuf\u00fcgen<\/li>\n<\/ul>\n<\/li>\n\n\n\n<li><strong>Anforderungen an die Erdung<\/strong>: Erdungswiderstand \u22644\u03a9, duales Erdungssystem empfohlen<\/li>\n<\/ul>\n\n\n\n<h3 class=\"wp-block-heading\"><strong>3.2 Umweltkontrolle (25% Auswirkungen)<\/strong><\/h3>\n\n\n\n<ul class=\"wp-block-list\">\n<li><strong>Temperatur-Management<\/strong>:\n<ul class=\"wp-block-list\">\n<li>Installieren Sie intelligente Ventilatoren (\u226515 CFM Luftstrom)<\/li>\n\n\n\n<li>Verwenden Sie Wasserk\u00fchlsysteme in Umgebungen mit Temperaturen \u00fcber 50 \u00b0C<\/li>\n<\/ul>\n<\/li>\n\n\n\n<li><strong>Korrosionsschutz<\/strong>:\n<ul class=\"wp-block-list\">\n<li>Geh\u00e4use aus 316L-Edelstahl f\u00fcr den Einsatz in K\u00fcstengebieten<\/li>\n\n\n\n<li>Monatliche Korrosionsschutzbehandlung in chemischen Zonen<\/li>\n<\/ul>\n<\/li>\n<\/ul>\n\n\n\n<h3 class=\"wp-block-heading\"><strong>3.3 Bew\u00e4hrte betriebliche Praktiken (20% Auswirkungen)<\/strong><\/h3>\n\n\n\n<ul class=\"wp-block-list\">\n<li><strong>Intelligente Steuerungssysteme<\/strong>:\n<ul class=\"wp-block-list\">\n<li>PLC-Dimmsysteme (30-100% Helligkeitseinstellung)<\/li>\n\n\n\n<li>Intermittierender Betrieb (4 Stunden an \/ 0,5 Stunden aus)<\/li>\n<\/ul>\n<\/li>\n\n\n\n<li><strong>Spannungsstabilisierung<\/strong>:\n<ul class=\"wp-block-list\">\n<li>\u00b13% Pr\u00e4zisionsspannungsregler<\/li>\n\n\n\n<li>TVS-Dioden zur Transientenunterdr\u00fcckung<\/li>\n<\/ul>\n<\/li>\n<\/ul>\n\n\n\n<h3 class=\"wp-block-heading\"><strong>3.4 Wartungsplan<\/strong><\/h3>\n\n\n\n<figure class=\"wp-block-table\"><table class=\"has-fixed-layout\"><thead><tr><th>Aufgabe<\/th><th>Frequenz<\/th><th>Erforderliche Werkzeuge<\/th><th>Leistungsstandard<\/th><\/tr><\/thead><tbody><tr><td>Reinigung von K\u00fchlk\u00f6rpern<\/td><td>Monatlich<\/td><td>Luftpistole, Pinsel<\/td><td>Ungehinderter Lamellenabstand<\/td><\/tr><tr><td>Pr\u00fcfung der Dichtungsintegrit\u00e4t<\/td><td>Viertelj\u00e4hrlich<\/td><td>Druckpr\u00fcfger\u00e4t<\/td><td>Beibehaltung der Schutzart IP66<\/td><\/tr><tr><td>Elektrische Pr\u00fcfung<\/td><td>Halbj\u00e4hrlich<\/td><td>Multimeter, Luxmeter<\/td><td>Stromschwankung \u2264\u00b15%<\/td><\/tr><tr><td>Explosionsgesch\u00fctzte Oberfl\u00e4chenpflege<\/td><td>J\u00e4hrlich<\/td><td>Phosphatierpaste, Rostschutz\u00f6l<\/td><td>Oberfl\u00e4chenrauhigkeit Ra \u22646,3\u03bcm<\/td><\/tr><\/tbody><\/table><\/figure>\n\n\n\n<h3 class=\"wp-block-heading\"><strong>3.5 Verwaltung der Komponenten<\/strong><\/h3>\n\n\n\n<ul class=\"wp-block-list\">\n<li><strong>Austausch von LED-Modulen<\/strong>: Auswechseln, wenn der Wirkungsgrad unter 70% f\u00e4llt<\/li>\n\n\n\n<li><strong>Fahrerinspektion<\/strong>: Auswechseln, wenn der Welligkeitskoeffizient &gt;10%<\/li>\n\n\n\n<li><strong>Austausch der Dichtung<\/strong>: Obligatorischer Austausch von Gummiteilen alle 2 Jahre<\/li>\n<\/ul>\n\n\n\n<h3 class=\"wp-block-heading\"><strong>3.6 Integration intelligenter Technologien<\/strong><\/h3>\n\n\n\n<ul class=\"wp-block-list\">\n<li><strong>IoT-\u00dcberwachung<\/strong>:\n<ul class=\"wp-block-list\">\n<li>Temperaturwarnungen (automatische Abschaltung bei &gt;85\u00b0C)<\/li>\n\n\n\n<li>Monatliche Berichte zur Lumenabschreibung<\/li>\n\n\n\n<li>Vibrationsalarme (ausgel\u00f6st bei &gt;5G Beschleunigung)<\/li>\n<\/ul>\n<\/li>\n<\/ul>\n\n\n\n<h3 class=\"wp-block-heading\"><strong>3.7 Leitfaden zur Produktauswahl<\/strong><\/h3>\n\n\n\n<ul class=\"wp-block-list\">\n<li><strong>Premium-Merkmale<\/strong>:\n<ul class=\"wp-block-list\">\n<li><a href=\"http:\/\/www.cree.com\/\" rel=\"nofollow noopener\" target=\"_blank\">LEDs der CREE\/XHP-Serie<\/a><\/li>\n\n\n\n<li>Infineon\/Texas Instruments-Treiber<\/li>\n\n\n\n<li>K\u00fchlk\u00f6rper aus Aluminiumdruckguss (\u22653mm Dicke)<\/li>\n\n\n\n<li>Schutzart IP68 (Eintauchen in 1 m Tiefe f\u00fcr 72 Stunden)<\/li>\n<\/ul>\n<\/li>\n<\/ul>\n\n\n\n<h2 class=\"wp-block-heading\"><strong>IV. Anwendungsdaten der Industrie<\/strong><\/h2>\n\n\n\n<ul class=\"wp-block-list\">\n<li><strong>\u00d6l und Gas<\/strong>: Premium-LEDs halten 5-7 Jahre gegen\u00fcber 2-3 Jahren bei Standardprodukten<\/li>\n\n\n\n<li><strong>Bergbau<\/strong>: Ordnungsgem\u00e4\u00df gewartete Systeme weisen eine Ausfallrate von 35% bei nicht gewarteten Systemen auf.<\/li>\n\n\n\n<li><strong>Hafen-Maschinen<\/strong>: LED-L\u00f6sungen senken die j\u00e4hrlichen Wartungskosten um 62%<\/li>\n<\/ul>\n\n\n\n<div class=\"wp-block-uagb-container uagb-block-c7d898dd alignfull uagb-is-root-container\"><div class=\"uagb-container-inner-blocks-wrap\"><\/div><\/div>\n\n\n\n<h2 class=\"wp-block-heading\">Verwandte Produkte<\/h2>\n\n\n\n<div class=\"wp-block-uagb-container uagb-block-66e4defc alignfull uagb-is-root-container\"><div class=\"uagb-container-inner-blocks-wrap\">\n<div class=\"wp-block-uagb-container uagb-block-a42945f9\">\n<div class=\"wp-block-uagb-image uagb-block-7296296b wp-block-uagb-image--layout-default wp-block-uagb-image--effect-static wp-block-uagb-image--align-none\"><figure class=\"wp-block-uagb-image__figure\"><a class=\"\" href=\"https:\/\/led.amasly.com\/de\/products\/\" target=\"\" rel=\"noopener\"><img decoding=\"async\" srcset=\"https:\/\/led.amasly.com\/wp-content\/uploads\/2024\/09\/Explosion-proof-high-bay-lights.png ,https:\/\/led.amasly.com\/wp-content\/uploads\/2024\/09\/Explosion-proof-high-bay-lights.png 780w, https:\/\/led.amasly.com\/wp-content\/uploads\/2024\/09\/Explosion-proof-high-bay-lights.png 360w\" sizes=\"auto, (max-width: 480px) 150px\" src=\"https:\/\/led.amasly.com\/wp-content\/uploads\/2024\/09\/Explosion-proof-high-bay-lights.png\" alt=\"\" class=\"uag-image-1495\" width=\"300\" height=\"300\" title=\"Explosionsgesch\u00fctzte Hochregallampen\" loading=\"lazy\" role=\"img\"><\/a><\/figure><\/div>\n<\/div>\n\n\n\n<div class=\"wp-block-uagb-container uagb-block-4d3efde5\">\n<div class=\"wp-block-uagb-image uagb-block-c9e90797 wp-block-uagb-image--layout-default wp-block-uagb-image--effect-static wp-block-uagb-image--align-none\"><figure class=\"wp-block-uagb-image__figure\"><a class=\"\" href=\"https:\/\/led.amasly.com\/de\/products\/\" target=\"\" rel=\"noopener\"><img decoding=\"async\" srcset=\"https:\/\/led.amasly.com\/wp-content\/uploads\/2024\/07\/LED-tri-proof-lights2.png ,https:\/\/led.amasly.com\/wp-content\/uploads\/2024\/07\/LED-tri-proof-lights2.png 780w, https:\/\/led.amasly.com\/wp-content\/uploads\/2024\/07\/LED-tri-proof-lights2.png 360w\" sizes=\"auto, (max-width: 480px) 150px\" src=\"https:\/\/led.amasly.com\/wp-content\/uploads\/2024\/07\/LED-tri-proof-lights2.png\" alt=\"\" class=\"uag-image-1132\" width=\"300\" height=\"300\" title=\"LED-Dreifach-Leuchten2\" loading=\"lazy\" role=\"img\"><\/a><\/figure><\/div>\n<\/div>\n\n\n\n<div class=\"wp-block-uagb-container uagb-block-11c2578b\">\n<div class=\"wp-block-uagb-image uagb-block-6e8883aa wp-block-uagb-image--layout-default wp-block-uagb-image--effect-static wp-block-uagb-image--align-none\"><figure class=\"wp-block-uagb-image__figure\"><a class=\"\" href=\"https:\/\/led.amasly.com\/de\/products\/\" target=\"\" rel=\"noopener\"><img decoding=\"async\" srcset=\"https:\/\/led.amasly.com\/wp-content\/uploads\/2024\/09\/LED-Explosion-Proof-Gas-Station-Light.png ,https:\/\/led.amasly.com\/wp-content\/uploads\/2024\/09\/LED-Explosion-Proof-Gas-Station-Light.png 780w, https:\/\/led.amasly.com\/wp-content\/uploads\/2024\/09\/LED-Explosion-Proof-Gas-Station-Light.png 360w\" sizes=\"auto, (max-width: 480px) 150px\" src=\"https:\/\/led.amasly.com\/wp-content\/uploads\/2024\/09\/LED-Explosion-Proof-Gas-Station-Light.png\" alt=\"\" class=\"uag-image-1501\" width=\"300\" height=\"300\" title=\"LED Explosionssichere Tankstellenleuchte\" loading=\"lazy\" role=\"img\"><\/a><\/figure><\/div>\n<\/div>\n<\/div><\/div>\n\n\n\n<div class=\"wp-block-uagb-container uagb-block-548945b5 alignfull uagb-is-root-container\"><div class=\"uagb-container-inner-blocks-wrap\">\n<div class=\"wp-block-uagb-container uagb-block-967755d5\">\n<h4 class=\"wp-block-heading has-text-align-center\"><a href=\"https:\/\/led.amasly.com\/de\/products\/\">LED-Explosionsgesch\u00fctzte Lichter<\/a><\/h4>\n<\/div>\n\n\n\n<div class=\"wp-block-uagb-container uagb-block-9bc52fc2\">\n<h4 class=\"wp-block-heading has-text-align-center\"><a href=\"https:\/\/led.amasly.com\/de\/products\/\">LED Tri-Proof-Leuchten<\/a><\/h4>\n<\/div>\n\n\n\n<div class=\"wp-block-uagb-container uagb-block-8ffa0a23\">\n<h4 class=\"wp-block-heading has-text-align-center\"><a href=\"https:\/\/led.amasly.com\/de\/products\/\">Explosionssichere Tankstellenbeleuchtungen<\/a><\/h4>\n<\/div>\n<\/div><\/div>\n\n\n\n<div class=\"wp-block-uagb-container uagb-block-29499fe0 alignfull uagb-is-root-container\"><div class=\"uagb-container-inner-blocks-wrap\">\n<div class=\"wp-block-uagb-container uagb-block-777ee1c7\">\n<div class=\"wp-block-uagb-image uagb-block-2e9a1851 wp-block-uagb-image--layout-default wp-block-uagb-image--effect-static wp-block-uagb-image--align-none\"><figure class=\"wp-block-uagb-image__figure\"><a class=\"\" href=\"https:\/\/led.amasly.com\/de\/products\/\" target=\"\" rel=\"noopener\"><img decoding=\"async\" srcset=\"https:\/\/led.amasly.com\/wp-content\/uploads\/2024\/10\/50W-100W-150W-200W-300W-LED-Flood-Light.jpg ,https:\/\/led.amasly.com\/wp-content\/uploads\/2024\/10\/50W-100W-150W-200W-300W-LED-Flood-Light.jpg 780w, https:\/\/led.amasly.com\/wp-content\/uploads\/2024\/10\/50W-100W-150W-200W-300W-LED-Flood-Light.jpg 360w\" sizes=\"auto, (max-width: 480px) 150px\" src=\"https:\/\/led.amasly.com\/wp-content\/uploads\/2024\/10\/50W-100W-150W-200W-300W-LED-Flood-Light.jpg\" alt=\"\" class=\"uag-image-1526\" width=\"300\" height=\"300\" title=\"50W 100W 150W 200W 300W LED-Flutlicht\" loading=\"lazy\" role=\"img\"><\/a><\/figure><\/div>\n<\/div>\n\n\n\n<div class=\"wp-block-uagb-container uagb-block-af8c8683\">\n<div class=\"wp-block-uagb-image uagb-block-67947854 wp-block-uagb-image--layout-default wp-block-uagb-image--effect-static wp-block-uagb-image--align-none\"><figure class=\"wp-block-uagb-image__figure\"><a class=\"\" href=\"https:\/\/led.amasly.com\/de\/products\/\" target=\"\" rel=\"noopener\"><img decoding=\"async\" srcset=\"https:\/\/led.amasly.com\/wp-content\/uploads\/2024\/07\/led-tri-proof-light.png ,https:\/\/led.amasly.com\/wp-content\/uploads\/2024\/07\/led-tri-proof-light.png 780w, https:\/\/led.amasly.com\/wp-content\/uploads\/2024\/07\/led-tri-proof-light.png 360w\" sizes=\"auto, (max-width: 480px) 150px\" src=\"https:\/\/led.amasly.com\/wp-content\/uploads\/2024\/07\/led-tri-proof-light.png\" alt=\"\" class=\"uag-image-1130\" width=\"300\" height=\"300\" title=\"led-tri-proof-licht\" loading=\"lazy\" role=\"img\"><\/a><\/figure><\/div>\n<\/div>\n\n\n\n<div class=\"wp-block-uagb-container uagb-block-0fdfdd58\">\n<div class=\"wp-block-uagb-image uagb-block-1187d32d wp-block-uagb-image--layout-default wp-block-uagb-image--effect-static wp-block-uagb-image--align-none\"><figure class=\"wp-block-uagb-image__figure\"><a class=\"\" href=\"https:\/\/led.amasly.com\/de\/products\/\" target=\"\" rel=\"noopener\"><img decoding=\"async\" srcset=\"https:\/\/led.amasly.com\/wp-content\/uploads\/2024\/07\/LED-street-light.jpg ,https:\/\/led.amasly.com\/wp-content\/uploads\/2024\/07\/LED-street-light.jpg 780w, https:\/\/led.amasly.com\/wp-content\/uploads\/2024\/07\/LED-street-light.jpg 360w\" sizes=\"auto, (max-width: 480px) 150px\" src=\"https:\/\/led.amasly.com\/wp-content\/uploads\/2024\/07\/LED-street-light.jpg\" alt=\"\" class=\"uag-image-1145\" width=\"300\" height=\"300\" title=\"LED-Stra\u00dfenlaterne\" loading=\"lazy\" role=\"img\"><\/a><\/figure><\/div>\n<\/div>\n<\/div><\/div>\n\n\n\n<div class=\"wp-block-uagb-container uagb-block-6a60882c alignfull uagb-is-root-container\"><div class=\"uagb-container-inner-blocks-wrap\">\n<div class=\"wp-block-uagb-container uagb-block-f1e91a35\">\n<h4 class=\"wp-block-heading has-text-align-center\"><a href=\"https:\/\/led.amasly.com\/de\/products\/\">LED-Flutlichter<\/a><\/h4>\n<\/div>\n\n\n\n<div class=\"wp-block-uagb-container uagb-block-165bfa58\">\n<h4 class=\"wp-block-heading has-text-align-center\"><a href=\"https:\/\/led.amasly.com\/de\/products\/\">LED Tri-Proof-R\u00f6hrenleuchten<\/a><\/h4>\n<\/div>\n\n\n\n<div class=\"wp-block-uagb-container uagb-block-f6096e3b\">\n<h4 class=\"wp-block-heading has-text-align-center\"><a href=\"https:\/\/led.amasly.com\/de\/products\/\">LED-Stra\u00dfenlaternen<\/a><\/h4>\n<\/div>\n<\/div><\/div>\n\n\n\n<div class=\"wp-block-uagb-container uagb-block-99c0e0a5 alignfull uagb-is-root-container\"><div class=\"uagb-container-inner-blocks-wrap\"><\/div><\/div>\n\n\n\n<p><\/p>","protected":false},"excerpt":{"rendered":"<p>Comprehensive Guide to LED Explosion Proof Light Lifespan &amp; 7 Proven Techniques to Extend It LED Explosion Proof Lights in Industrial Applications I. Core Advantages of LED Explosion Proof Lights Compared to traditional explosion-proof lighting, LED technology offers groundbreaking improvements: Energy Efficiency Comparison Chart Parameter LED Explosion-Proof Lights (50W-120W) Traditional Lights (Metal Halide\/Fluorescent) Energy Savings [&hellip;]<\/p>\n","protected":false},"author":1,"featured_media":0,"parent":2374,"menu_order":0,"comment_status":"closed","ping_status":"closed","template":"","meta":{"_uag_custom_page_level_css":"","site-sidebar-layout":"no-sidebar","site-content-layout":"","ast-site-content-layout":"default","site-content-style":"default","site-sidebar-style":"default","ast-global-header-display":"","ast-banner-title-visibility":"","ast-main-header-display":"","ast-hfb-above-header-display":"","ast-hfb-below-header-display":"","ast-hfb-mobile-header-display":"","site-post-title":"disabled","ast-breadcrumbs-content":"","ast-featured-img":"","footer-sml-layout":"","ast-disable-related-posts":"","theme-transparent-header-meta":"enabled","adv-header-id-meta":"","stick-header-meta":"","header-above-stick-meta":"","header-main-stick-meta":"","header-below-stick-meta":"","astra-migrate-meta-layouts":"set","ast-page-background-enabled":"default","ast-page-background-meta":{"desktop":{"background-color":"var(--ast-global-color-4)","background-image":"","background-repeat":"repeat","background-position":"center center","background-size":"auto","background-attachment":"scroll","background-type":"","background-media":"","overlay-type":"","overlay-color":"","overlay-opacity":"","overlay-gradient":""},"tablet":{"background-color":"","background-image":"","background-repeat":"repeat","background-position":"center center","background-size":"auto","background-attachment":"scroll","background-type":"","background-media":"","overlay-type":"","overlay-color":"","overlay-opacity":"","overlay-gradient":""},"mobile":{"background-color":"","background-image":"","background-repeat":"repeat","background-position":"center center","background-size":"auto","background-attachment":"scroll","background-type":"","background-media":"","overlay-type":"","overlay-color":"","overlay-opacity":"","overlay-gradient":""}},"ast-content-background-meta":{"desktop":{"background-color":"var(--ast-global-color-5)","background-image":"","background-repeat":"repeat","background-position":"center center","background-size":"auto","background-attachment":"scroll","background-type":"","background-media":"","overlay-type":"","overlay-color":"","overlay-opacity":"","overlay-gradient":""},"tablet":{"background-color":"var(--ast-global-color-5)","background-image":"","background-repeat":"repeat","background-position":"center center","background-size":"auto","background-attachment":"scroll","background-type":"","background-media":"","overlay-type":"","overlay-color":"","overlay-opacity":"","overlay-gradient":""},"mobile":{"background-color":"var(--ast-global-color-5)","background-image":"","background-repeat":"repeat","background-position":"center center","background-size":"auto","background-attachment":"scroll","background-type":"","background-media":"","overlay-type":"","overlay-color":"","overlay-opacity":"","overlay-gradient":""}},"footnotes":""},"class_list":["post-3193","page","type-page","status-publish","hentry"],"uagb_featured_image_src":{"full":false,"thumbnail":false,"medium":false,"medium_large":false,"large":false,"1536x1536":false,"2048x2048":false,"trp-custom-language-flag":false},"uagb_author_info":{"display_name":"Joe","author_link":"https:\/\/led.amasly.com\/de\/author\/jacklin\/"},"uagb_comment_info":0,"uagb_excerpt":"Comprehensive Guide to LED Explosion Proof Light Lifespan &amp; 7 Proven Techniques to Extend It LED Explosion Proof Lights in Industrial Applications I. Core Advantages of LED Explosion Proof Lights Compared to traditional explosion-proof lighting, LED technology offers groundbreaking improvements: Energy Efficiency Comparison Chart Parameter LED Explosion-Proof Lights (50W-120W) Traditional Lights (Metal Halide\/Fluorescent) Energy Savings&hellip;","_links":{"self":[{"href":"https:\/\/led.amasly.com\/de\/wp-json\/wp\/v2\/pages\/3193","targetHints":{"allow":["GET"]}}],"collection":[{"href":"https:\/\/led.amasly.com\/de\/wp-json\/wp\/v2\/pages"}],"about":[{"href":"https:\/\/led.amasly.com\/de\/wp-json\/wp\/v2\/types\/page"}],"author":[{"embeddable":true,"href":"https:\/\/led.amasly.com\/de\/wp-json\/wp\/v2\/users\/1"}],"replies":[{"embeddable":true,"href":"https:\/\/led.amasly.com\/de\/wp-json\/wp\/v2\/comments?post=3193"}],"version-history":[{"count":1,"href":"https:\/\/led.amasly.com\/de\/wp-json\/wp\/v2\/pages\/3193\/revisions"}],"predecessor-version":[{"id":3197,"href":"https:\/\/led.amasly.com\/de\/wp-json\/wp\/v2\/pages\/3193\/revisions\/3197"}],"up":[{"embeddable":true,"href":"https:\/\/led.amasly.com\/de\/wp-json\/wp\/v2\/pages\/2374"}],"wp:attachment":[{"href":"https:\/\/led.amasly.com\/de\/wp-json\/wp\/v2\/media?parent=3193"}],"curies":[{"name":"wp","href":"https:\/\/api.w.org\/{rel}","templated":true}]}}