{"id":3173,"date":"2025-04-23T20:41:19","date_gmt":"2025-04-23T12:41:19","guid":{"rendered":"https:\/\/led.amasly.com\/?page_id=3173"},"modified":"2025-04-23T20:41:24","modified_gmt":"2025-04-23T12:41:24","slug":"explosion-proof-lights-for-ship-paint-rooms-safety-standards-selection-and-installation-guide","status":"publish","type":"page","link":"https:\/\/led.amasly.com\/de\/knowledge\/explosion-proof-products-knowledge\/explosion-proof-lights-for-ship-paint-rooms-safety-standards-selection-and-installation-guide\/","title":{"rendered":"Explosionsgesch\u00fctzte Beleuchtungen f\u00fcr Schiffslackierr\u00e4ume: Sicherheitsstandards, Auswahl- und Installationsleitfaden"},"content":{"rendered":"<div class=\"wp-block-uagb-container uagb-block-27bae773 alignfull uagb-is-root-container\"><div class=\"uagb-container-inner-blocks-wrap\"><\/div><\/div>\n\n\n\n<h1 class=\"wp-block-heading has-text-align-center\"><strong>Auswahl und Installation explosionsgesch\u00fctzter Leuchten: Zentrale Sicherheitsanforderungen f\u00fcr Schiffslackierr\u00e4ume<\/strong><\/h1>\n\n\n\n<div class=\"wp-block-uagb-image uagb-block-da1360b5 wp-block-uagb-image--layout-default wp-block-uagb-image--effect-static wp-block-uagb-image--align-none\"><figure class=\"wp-block-uagb-image__figure\"><a class=\"\" href=\"https:\/\/led.amasly.com\/de\/products\/\" target=\"\" rel=\"noopener\"><img decoding=\"async\" srcset=\"https:\/\/led.amasly.com\/wp-content\/uploads\/2025\/01\/LED-explosion-proof-flood-lights.png ,https:\/\/led.amasly.com\/wp-content\/uploads\/2025\/01\/LED-explosion-proof-flood-lights.png 780w, https:\/\/led.amasly.com\/wp-content\/uploads\/2025\/01\/LED-explosion-proof-flood-lights.png 360w\" sizes=\"auto, (max-width: 480px) 150px\" src=\"https:\/\/led.amasly.com\/wp-content\/uploads\/2025\/01\/LED-explosion-proof-flood-lights.png\" alt=\"\" class=\"uag-image-1675\" width=\"1004\" height=\"308\" title=\"Explosionsgesch\u00fctzte LED-Flutlichter\" loading=\"lazy\" role=\"img\"><\/a><\/figure><\/div>\n\n\n\n<h2 class=\"wp-block-heading\"><strong>Auswahl explosionsgesch\u00fctzter Leuchten: 5 Typen und Anwendungen<\/strong><\/h2>\n\n\n\n<p>Gem\u00e4\u00df den Schiffbauvorschriften m\u00fcssen explosionsgesch\u00fctzte Leuchten f\u00fcr Lackierr\u00e4ume aus den folgenden f\u00fcnf Kategorien ausgew\u00e4hlt werden:<\/p>\n\n\n\n<ol start=\"1\" class=\"wp-block-list\">\n<li><strong>Eigensichere explosionsgesch\u00fctzte Leuchte (Ex \u201ci\u201d)<\/strong>: Ideal f\u00fcr stromsparende Beleuchtung durch Begrenzung der Schaltkreisenergie.<\/li>\n\n\n\n<li><strong>Druckfeste, explosionsgesch\u00fctzte Leuchte (Ex \u201cd\u201d)<\/strong>: Robustes Geh\u00e4use, das inneren Explosionen standh\u00e4lt, geeignet f\u00fcr risikoreiche Prim\u00e4rbeleuchtung.<\/li>\n\n\n\n<li><strong>Erh\u00f6hte Sicherheit Explosionsgesch\u00fctzte Leuchte (Ex \u201ce\u201d)<\/strong>: Verbesserte Isolierung und Abdichtung zur Verhinderung von Funkenbildung, empfohlen f\u00fcr eine stabile Langzeitnutzung.<\/li>\n\n\n\n<li><strong>Druckfeste, explosionsgesch\u00fctzte Leuchten (Ex \u201cp\u201d)<\/strong>: Blockiert brennbare Gase durch kontinuierlichen Luftstrom, ideal f\u00fcr schlecht bel\u00fcftete Bereiche.<\/li>\n\n\n\n<li><strong>Besondere Schutzart Explosionsgesch\u00fctzte Leuchten (Ex \u201cs\u201d)<\/strong>: Zertifizierte Sonderanfertigungen f\u00fcr komplexe Bedingungen.<\/li>\n<\/ol>\n\n\n\n<p><strong>Hinweis<\/strong>: Sandgef\u00fcllte (Ex \u201cq\u201d) und gekapselte (Ex \u201cm\u201d) explosionsgesch\u00fctzte Leuchten sind in Lackierr\u00e4umen verboten.<\/p>\n\n\n\n<h2 class=\"wp-block-heading\"><strong>Explosionssichere Lichtinstallation: Anforderungen an Kabel und Dichtungen<\/strong><\/h2>\n\n\n\n<ol start=\"1\" class=\"wp-block-list\">\n<li><strong>Kabel-Normen<\/strong>\n<ul class=\"wp-block-list\">\n<li><strong>Explosionsgesch\u00fctzte Lichtkabel<\/strong>\u00a0muss sein\u00a0<strong>gepanzert<\/strong>\u00a0oder durch abgedichtete Metallrohre verlegt werden. Verwenden Sie eine korrosionsbest\u00e4ndige Panzerung (z. B. verzinkter Stahl) und dichten Sie die Rohrverbindungen mit explosionssicherem Kitt ab, um das Eindringen von Gas zu verhindern.<\/li>\n\n\n\n<li><strong>H\u00e4ufige Irrt\u00fcmer<\/strong>: Freiliegende, nicht gepanzerte Kabel oder nicht abgedichtete Rohre gef\u00e4hrden den Explosionsschutz.<\/li>\n<\/ul>\n<\/li>\n\n\n\n<li><strong>Dichtungsdesign<\/strong>\n<ul class=\"wp-block-list\">\n<li>Explosionsgesch\u00fctzte Leuchten erfordern\u00a0<strong>schlagfeste Geh\u00e4use<\/strong>\u00a0(z. B. Polycarbonat) und Schutzvorrichtungen aus rostfreiem Stahl, die mindestens der Schutzart IP66 entsprechen.<\/li>\n\n\n\n<li><strong>Typische Probleme<\/strong>: Gerissene Geh\u00e4use oder besch\u00e4digte Dichtungen. Pr\u00fcfen Sie die Dichtungen viertelj\u00e4hrlich und ersetzen Sie besch\u00e4digte Teile sofort.<\/li>\n<\/ul>\n<\/li>\n<\/ol>\n\n\n\n<h2 class=\"wp-block-heading\"><strong>Explosionssichere Erdung von Leuchten: Vorschriften und bew\u00e4hrte Praktiken<\/strong><\/h2>\n\n\n\n<p>Alle Metallteile (Geh\u00e4use, Halterungen usw.) m\u00fcssen geerdet sein, au\u00dfer:<\/p>\n\n\n\n<ul class=\"wp-block-list\">\n<li>Doppelt isolierte Ger\u00e4te, die mit \u226450 V betrieben werden.<\/li>\n\n\n\n<li>Nicht leitende Abdeckungen oder Schutzvorrichtungen.<\/li>\n<\/ul>\n\n\n\n<p><strong>Tipps zur Umsetzung<\/strong>:<\/p>\n\n\n\n<ol start=\"1\" class=\"wp-block-list\">\n<li><strong>Direkte Erdung<\/strong>: Bei der Montage auf Schiffsmetallkonstruktionen sind die Kontaktfl\u00e4chen zu polieren und mit Korrosionsschutzpaste zu versehen.<\/li>\n\n\n\n<li><strong>Zus\u00e4tzliche Erdungsdr\u00e4hte<\/strong>: Auch wenn die Vorschriften eingehalten werden, sollte ein gelb-gr\u00fcnes Erdungskabel (Querschnitt \u22652,5 mm\u00b2) hinzugef\u00fcgt werden, um vibrationsbedingte Lockerungen zu vermeiden.<\/li>\n<\/ol>\n\n\n\n<h2 class=\"wp-block-heading\"><strong>Wartung explosionsgesch\u00fctzter Lampen: 3 h\u00e4ufige Probleme und L\u00f6sungen<\/strong><\/h2>\n\n\n\n<h4 class=\"wp-block-heading\"><strong>Problem 1: Versagen der Dichtung in explosionsgesch\u00fctzter Leuchte<\/strong><\/h4>\n\n\n\n<ul class=\"wp-block-list\">\n<li><strong>Risiko<\/strong>: Eindringen von brennbarem Gas.<\/li>\n\n\n\n<li><strong>L\u00f6sungen<\/strong>:\n<ul class=\"wp-block-list\">\n<li>Ersetzen Sie die Dichtungen durch Silikondichtungen und tragen Sie Silikon\u00f6l auf, um die Alterung zu verz\u00f6gern.<\/li>\n\n\n\n<li>Montieren Sie schwingungsd\u00e4mpfende Halterungen.<\/li>\n<\/ul>\n<\/li>\n<\/ul>\n\n\n\n<h4 class=\"wp-block-heading\"><strong>Ausgabe 2: Nicht-konforme Verkabelung f\u00fcr explosionsgesch\u00fctzte Lampen<\/strong><\/h4>\n\n\n\n<ul class=\"wp-block-list\">\n<li><strong>Risiko<\/strong>: Funkenbildung durch korrodierte oder besch\u00e4digte Kabel.<\/li>\n\n\n\n<li><strong>Schnell-Check<\/strong>: Gepanzerte Kabel haben einen gr\u00f6\u00dferen Durchmesser und sind mit einem Metallgeflecht ummantelt; pr\u00fcfen Sie die Verteilerk\u00e4sten auf explosionssichere Kabelverschraubungen.<\/li>\n<\/ul>\n\n\n\n<h4 class=\"wp-block-heading\"><strong>Problem 3: Unzureichende Erdung der explosionsgesch\u00fctzten Leuchte<\/strong><\/h4>\n\n\n\n<ul class=\"wp-block-list\">\n<li><strong>Risiko<\/strong>: Z\u00fcndung durch statische Aufladung.<\/li>\n\n\n\n<li><strong>Behebt<\/strong>:\n<ul class=\"wp-block-list\">\n<li>Mit einem Multimeter den Widerstand zwischen Leuchte und Rumpf pr\u00fcfen; bei &gt;1\u03a9 neu erden.<\/li>\n\n\n\n<li>F\u00fcgen Sie den Erdungsanschl\u00fcssen Federscheiben hinzu, um ein L\u00f6sen zu verhindern.<\/li>\n<\/ul>\n<\/li>\n<\/ul>\n\n\n\n<h2 class=\"wp-block-heading\"><strong>Inspektion explosionsgesch\u00fctzter Lampen: J\u00e4hrliche Checkliste<\/strong><\/h2>\n\n\n\n<ol start=\"1\" class=\"wp-block-list\">\n<li><strong>\u00dcberpr\u00fcfung der Zertifizierung<\/strong>: \u00dcberpr\u00fcfen Sie die G\u00fcltigkeit der Ex-Zertifizierung (in der Regel 5 Jahre) und gleichen Sie die Etiketten mit den Unterlagen ab.<\/li>\n\n\n\n<li><strong>Dichtheitspr\u00fcfung<\/strong>: Spr\u00fchen Sie Wasser, um die IP-Schutzart zu \u00fcberpr\u00fcfen; pr\u00fcfen Sie, ob sich im Inneren Kondenswasser bildet, wenn das Ger\u00e4t eingeschaltet ist.<\/li>\n\n\n\n<li><strong>Pr\u00fcfung des Erdungswiderstandes<\/strong>: Mit einem Megohmmeter messen; \u22641\u03a9 sicherstellen.<\/li>\n<\/ol>\n\n\n\n<h2 class=\"wp-block-heading has-text-align-left\"><strong>Schlussfolgerung<\/strong><\/h2>\n\n\n\n<p class=\"has-text-align-left\"><br>Explosionsgesch\u00fctztes Licht ist entscheidend f\u00fcr den sicheren Betrieb von Schiffslackierereien. Priorit\u00e4ten setzen <a href=\"http:\/\/www.iecex-certs.com\/\" rel=\"nofollow noopener\" target=\"_blank\">ATEX\/IECEx-zertifiziert<\/a> Produkte und die Einf\u00fchrung eines Lebenszyklusmanagementsystems (\u201ceine Leuchte, eine Akte\u201d). Durch die Einhaltung strenger Auswahl-, Installations-, Erdungs- und Wartungsprotokolle werden Explosionsrisiken minimiert und die Schiffssicherheit sowie die Einhaltung von Vorschriften gew\u00e4hrleistet.<\/p>\n\n\n\n<div class=\"wp-block-uagb-container uagb-block-c7d898dd alignfull uagb-is-root-container\"><div class=\"uagb-container-inner-blocks-wrap\"><\/div><\/div>\n\n\n\n<h2 class=\"wp-block-heading\">Verwandte Produkte<\/h2>\n\n\n\n<div class=\"wp-block-uagb-container uagb-block-66e4defc alignfull uagb-is-root-container\"><div class=\"uagb-container-inner-blocks-wrap\">\n<div class=\"wp-block-uagb-container uagb-block-a42945f9\">\n<div class=\"wp-block-uagb-image uagb-block-7296296b wp-block-uagb-image--layout-default wp-block-uagb-image--effect-static wp-block-uagb-image--align-none\"><figure class=\"wp-block-uagb-image__figure\"><a class=\"\" href=\"https:\/\/led.amasly.com\/de\/products\/\" target=\"\" rel=\"noopener\"><img decoding=\"async\" srcset=\"https:\/\/led.amasly.com\/wp-content\/uploads\/2024\/09\/Explosion-proof-high-bay-lights.png ,https:\/\/led.amasly.com\/wp-content\/uploads\/2024\/09\/Explosion-proof-high-bay-lights.png 780w, https:\/\/led.amasly.com\/wp-content\/uploads\/2024\/09\/Explosion-proof-high-bay-lights.png 360w\" sizes=\"auto, (max-width: 480px) 150px\" src=\"https:\/\/led.amasly.com\/wp-content\/uploads\/2024\/09\/Explosion-proof-high-bay-lights.png\" alt=\"\" class=\"uag-image-1495\" width=\"300\" height=\"300\" title=\"Explosionsgesch\u00fctzte Hochregallampen\" loading=\"lazy\" role=\"img\"><\/a><\/figure><\/div>\n<\/div>\n\n\n\n<div class=\"wp-block-uagb-container uagb-block-4d3efde5\">\n<div class=\"wp-block-uagb-image uagb-block-c9e90797 wp-block-uagb-image--layout-default wp-block-uagb-image--effect-static wp-block-uagb-image--align-none\"><figure class=\"wp-block-uagb-image__figure\"><a class=\"\" href=\"https:\/\/led.amasly.com\/de\/products\/\" target=\"\" rel=\"noopener\"><img decoding=\"async\" srcset=\"https:\/\/led.amasly.com\/wp-content\/uploads\/2024\/07\/LED-tri-proof-lights2.png ,https:\/\/led.amasly.com\/wp-content\/uploads\/2024\/07\/LED-tri-proof-lights2.png 780w, https:\/\/led.amasly.com\/wp-content\/uploads\/2024\/07\/LED-tri-proof-lights2.png 360w\" sizes=\"auto, (max-width: 480px) 150px\" src=\"https:\/\/led.amasly.com\/wp-content\/uploads\/2024\/07\/LED-tri-proof-lights2.png\" alt=\"\" class=\"uag-image-1132\" width=\"300\" height=\"300\" title=\"LED-Dreifach-Leuchten2\" loading=\"lazy\" role=\"img\"><\/a><\/figure><\/div>\n<\/div>\n\n\n\n<div class=\"wp-block-uagb-container uagb-block-11c2578b\">\n<div class=\"wp-block-uagb-image uagb-block-6e8883aa wp-block-uagb-image--layout-default wp-block-uagb-image--effect-static wp-block-uagb-image--align-none\"><figure class=\"wp-block-uagb-image__figure\"><a class=\"\" href=\"https:\/\/led.amasly.com\/de\/products\/\" target=\"\" rel=\"noopener\"><img decoding=\"async\" srcset=\"https:\/\/led.amasly.com\/wp-content\/uploads\/2024\/09\/LED-Explosion-Proof-Gas-Station-Light.png ,https:\/\/led.amasly.com\/wp-content\/uploads\/2024\/09\/LED-Explosion-Proof-Gas-Station-Light.png 780w, https:\/\/led.amasly.com\/wp-content\/uploads\/2024\/09\/LED-Explosion-Proof-Gas-Station-Light.png 360w\" sizes=\"auto, (max-width: 480px) 150px\" src=\"https:\/\/led.amasly.com\/wp-content\/uploads\/2024\/09\/LED-Explosion-Proof-Gas-Station-Light.png\" alt=\"\" class=\"uag-image-1501\" width=\"300\" height=\"300\" title=\"LED Explosionssichere Tankstellenleuchte\" loading=\"lazy\" role=\"img\"><\/a><\/figure><\/div>\n<\/div>\n<\/div><\/div>\n\n\n\n<div class=\"wp-block-uagb-container uagb-block-548945b5 alignfull uagb-is-root-container\"><div class=\"uagb-container-inner-blocks-wrap\">\n<div class=\"wp-block-uagb-container uagb-block-967755d5\">\n<h4 class=\"wp-block-heading has-text-align-center\"><a href=\"https:\/\/led.amasly.com\/de\/products\/\">LED-Explosionsgesch\u00fctzte Lichter<\/a><\/h4>\n<\/div>\n\n\n\n<div class=\"wp-block-uagb-container uagb-block-9bc52fc2\">\n<h4 class=\"wp-block-heading has-text-align-center\"><a href=\"https:\/\/led.amasly.com\/de\/products\/\">LED Tri-Proof-Leuchten<\/a><\/h4>\n<\/div>\n\n\n\n<div class=\"wp-block-uagb-container uagb-block-8ffa0a23\">\n<h4 class=\"wp-block-heading has-text-align-center\"><a href=\"https:\/\/led.amasly.com\/de\/products\/\">Explosionssichere Tankstellenbeleuchtungen<\/a><\/h4>\n<\/div>\n<\/div><\/div>\n\n\n\n<div class=\"wp-block-uagb-container uagb-block-29499fe0 alignfull uagb-is-root-container\"><div class=\"uagb-container-inner-blocks-wrap\">\n<div class=\"wp-block-uagb-container uagb-block-777ee1c7\">\n<div class=\"wp-block-uagb-image uagb-block-2e9a1851 wp-block-uagb-image--layout-default wp-block-uagb-image--effect-static wp-block-uagb-image--align-none\"><figure class=\"wp-block-uagb-image__figure\"><a class=\"\" href=\"https:\/\/led.amasly.com\/de\/products\/\" target=\"\" rel=\"noopener\"><img decoding=\"async\" srcset=\"https:\/\/led.amasly.com\/wp-content\/uploads\/2024\/10\/50W-100W-150W-200W-300W-LED-Flood-Light.jpg ,https:\/\/led.amasly.com\/wp-content\/uploads\/2024\/10\/50W-100W-150W-200W-300W-LED-Flood-Light.jpg 780w, https:\/\/led.amasly.com\/wp-content\/uploads\/2024\/10\/50W-100W-150W-200W-300W-LED-Flood-Light.jpg 360w\" sizes=\"auto, (max-width: 480px) 150px\" src=\"https:\/\/led.amasly.com\/wp-content\/uploads\/2024\/10\/50W-100W-150W-200W-300W-LED-Flood-Light.jpg\" alt=\"\" class=\"uag-image-1526\" width=\"300\" height=\"300\" title=\"50W 100W 150W 200W 300W LED-Flutlicht\" loading=\"lazy\" role=\"img\"><\/a><\/figure><\/div>\n<\/div>\n\n\n\n<div class=\"wp-block-uagb-container uagb-block-af8c8683\">\n<div class=\"wp-block-uagb-image uagb-block-67947854 wp-block-uagb-image--layout-default wp-block-uagb-image--effect-static wp-block-uagb-image--align-none\"><figure class=\"wp-block-uagb-image__figure\"><a class=\"\" href=\"https:\/\/led.amasly.com\/de\/products\/\" target=\"\" rel=\"noopener\"><img decoding=\"async\" srcset=\"https:\/\/led.amasly.com\/wp-content\/uploads\/2024\/07\/led-tri-proof-light.png ,https:\/\/led.amasly.com\/wp-content\/uploads\/2024\/07\/led-tri-proof-light.png 780w, https:\/\/led.amasly.com\/wp-content\/uploads\/2024\/07\/led-tri-proof-light.png 360w\" sizes=\"auto, (max-width: 480px) 150px\" src=\"https:\/\/led.amasly.com\/wp-content\/uploads\/2024\/07\/led-tri-proof-light.png\" alt=\"\" class=\"uag-image-1130\" width=\"300\" height=\"300\" title=\"led-tri-proof-licht\" loading=\"lazy\" role=\"img\"><\/a><\/figure><\/div>\n<\/div>\n\n\n\n<div class=\"wp-block-uagb-container uagb-block-0fdfdd58\">\n<div class=\"wp-block-uagb-image uagb-block-1187d32d wp-block-uagb-image--layout-default wp-block-uagb-image--effect-static wp-block-uagb-image--align-none\"><figure class=\"wp-block-uagb-image__figure\"><a class=\"\" href=\"https:\/\/led.amasly.com\/de\/products\/\" target=\"\" rel=\"noopener\"><img decoding=\"async\" srcset=\"https:\/\/led.amasly.com\/wp-content\/uploads\/2024\/07\/LED-street-light.jpg ,https:\/\/led.amasly.com\/wp-content\/uploads\/2024\/07\/LED-street-light.jpg 780w, https:\/\/led.amasly.com\/wp-content\/uploads\/2024\/07\/LED-street-light.jpg 360w\" sizes=\"auto, (max-width: 480px) 150px\" src=\"https:\/\/led.amasly.com\/wp-content\/uploads\/2024\/07\/LED-street-light.jpg\" alt=\"\" class=\"uag-image-1145\" width=\"300\" height=\"300\" title=\"LED-Stra\u00dfenlaterne\" loading=\"lazy\" role=\"img\"><\/a><\/figure><\/div>\n<\/div>\n<\/div><\/div>\n\n\n\n<div class=\"wp-block-uagb-container uagb-block-6a60882c alignfull uagb-is-root-container\"><div class=\"uagb-container-inner-blocks-wrap\">\n<div class=\"wp-block-uagb-container uagb-block-f1e91a35\">\n<h4 class=\"wp-block-heading has-text-align-center\"><a href=\"https:\/\/led.amasly.com\/de\/products\/\">LED-Flutlichter<\/a><\/h4>\n<\/div>\n\n\n\n<div class=\"wp-block-uagb-container uagb-block-165bfa58\">\n<h4 class=\"wp-block-heading has-text-align-center\"><a href=\"https:\/\/led.amasly.com\/de\/products\/\">LED Tri-Proof-R\u00f6hrenleuchten<\/a><\/h4>\n<\/div>\n\n\n\n<div class=\"wp-block-uagb-container uagb-block-f6096e3b\">\n<h4 class=\"wp-block-heading has-text-align-center\"><a href=\"https:\/\/led.amasly.com\/de\/products\/\">LED-Stra\u00dfenlaternen<\/a><\/h4>\n<\/div>\n<\/div><\/div>\n\n\n\n<div class=\"wp-block-uagb-container uagb-block-99c0e0a5 alignfull uagb-is-root-container\"><div class=\"uagb-container-inner-blocks-wrap\"><\/div><\/div>\n\n\n\n<p><\/p>","protected":false},"excerpt":{"rendered":"<p>Explosion-Proof Light Selection and Installation: Core Safety Requirements for Ship Paint Rooms Explosion-Proof Light Selection: 5 Types and Applications According to shipbuilding regulations, explosion-proof lights for paint rooms must be selected from the following five categories: Note: Sand-filled (Ex &#8220;q&#8221;) and Encapsulated (Ex &#8220;m&#8221;) explosion-proof lights are prohibited in paint rooms. Explosion-Proof Light Installation: Cable [&hellip;]<\/p>\n","protected":false},"author":1,"featured_media":0,"parent":2374,"menu_order":0,"comment_status":"closed","ping_status":"closed","template":"","meta":{"_uag_custom_page_level_css":"","site-sidebar-layout":"no-sidebar","site-content-layout":"","ast-site-content-layout":"default","site-content-style":"default","site-sidebar-style":"default","ast-global-header-display":"","ast-banner-title-visibility":"","ast-main-header-display":"","ast-hfb-above-header-display":"","ast-hfb-below-header-display":"","ast-hfb-mobile-header-display":"","site-post-title":"disabled","ast-breadcrumbs-content":"","ast-featured-img":"","footer-sml-layout":"","ast-disable-related-posts":"","theme-transparent-header-meta":"enabled","adv-header-id-meta":"","stick-header-meta":"","header-above-stick-meta":"","header-main-stick-meta":"","header-below-stick-meta":"","astra-migrate-meta-layouts":"set","ast-page-background-enabled":"default","ast-page-background-meta":{"desktop":{"background-color":"var(--ast-global-color-4)","background-image":"","background-repeat":"repeat","background-position":"center center","background-size":"auto","background-attachment":"scroll","background-type":"","background-media":"","overlay-type":"","overlay-color":"","overlay-opacity":"","overlay-gradient":""},"tablet":{"background-color":"","background-image":"","background-repeat":"repeat","background-position":"center center","background-size":"auto","background-attachment":"scroll","background-type":"","background-media":"","overlay-type":"","overlay-color":"","overlay-opacity":"","overlay-gradient":""},"mobile":{"background-color":"","background-image":"","background-repeat":"repeat","background-position":"center center","background-size":"auto","background-attachment":"scroll","background-type":"","background-media":"","overlay-type":"","overlay-color":"","overlay-opacity":"","overlay-gradient":""}},"ast-content-background-meta":{"desktop":{"background-color":"var(--ast-global-color-5)","background-image":"","background-repeat":"repeat","background-position":"center center","background-size":"auto","background-attachment":"scroll","background-type":"","background-media":"","overlay-type":"","overlay-color":"","overlay-opacity":"","overlay-gradient":""},"tablet":{"background-color":"var(--ast-global-color-5)","background-image":"","background-repeat":"repeat","background-position":"center center","background-size":"auto","background-attachment":"scroll","background-type":"","background-media":"","overlay-type":"","overlay-color":"","overlay-opacity":"","overlay-gradient":""},"mobile":{"background-color":"var(--ast-global-color-5)","background-image":"","background-repeat":"repeat","background-position":"center center","background-size":"auto","background-attachment":"scroll","background-type":"","background-media":"","overlay-type":"","overlay-color":"","overlay-opacity":"","overlay-gradient":""}},"footnotes":""},"class_list":["post-3173","page","type-page","status-publish","hentry"],"uagb_featured_image_src":{"full":false,"thumbnail":false,"medium":false,"medium_large":false,"large":false,"1536x1536":false,"2048x2048":false,"trp-custom-language-flag":false},"uagb_author_info":{"display_name":"Joe","author_link":"https:\/\/led.amasly.com\/de\/author\/jacklin\/"},"uagb_comment_info":0,"uagb_excerpt":"Explosion-Proof Light Selection and Installation: Core Safety Requirements for Ship Paint Rooms Explosion-Proof Light Selection: 5 Types and Applications According to shipbuilding regulations, explosion-proof lights for paint rooms must be selected from the following five categories: Note: Sand-filled (Ex &#8220;q&#8221;) and Encapsulated (Ex &#8220;m&#8221;) explosion-proof lights are prohibited in paint rooms. Explosion-Proof Light Installation: Cable&hellip;","_links":{"self":[{"href":"https:\/\/led.amasly.com\/de\/wp-json\/wp\/v2\/pages\/3173","targetHints":{"allow":["GET"]}}],"collection":[{"href":"https:\/\/led.amasly.com\/de\/wp-json\/wp\/v2\/pages"}],"about":[{"href":"https:\/\/led.amasly.com\/de\/wp-json\/wp\/v2\/types\/page"}],"author":[{"embeddable":true,"href":"https:\/\/led.amasly.com\/de\/wp-json\/wp\/v2\/users\/1"}],"replies":[{"embeddable":true,"href":"https:\/\/led.amasly.com\/de\/wp-json\/wp\/v2\/comments?post=3173"}],"version-history":[{"count":1,"href":"https:\/\/led.amasly.com\/de\/wp-json\/wp\/v2\/pages\/3173\/revisions"}],"predecessor-version":[{"id":3175,"href":"https:\/\/led.amasly.com\/de\/wp-json\/wp\/v2\/pages\/3173\/revisions\/3175"}],"up":[{"embeddable":true,"href":"https:\/\/led.amasly.com\/de\/wp-json\/wp\/v2\/pages\/2374"}],"wp:attachment":[{"href":"https:\/\/led.amasly.com\/de\/wp-json\/wp\/v2\/media?parent=3173"}],"curies":[{"name":"wp","href":"https:\/\/api.w.org\/{rel}","templated":true}]}}