{"id":3161,"date":"2025-04-22T20:50:17","date_gmt":"2025-04-22T12:50:17","guid":{"rendered":"https:\/\/led.amasly.com\/?page_id=3161"},"modified":"2025-04-22T20:50:28","modified_gmt":"2025-04-22T12:50:28","slug":"industrial-paint-booth-explosion-proof-lamp-lighting-requirements","status":"publish","type":"page","link":"https:\/\/led.amasly.com\/de\/knowledge\/explosion-proof-products-knowledge\/industrial-paint-booth-explosion-proof-lamp-lighting-requirements\/","title":{"rendered":"Anforderungen an die explosionssichere Beleuchtung von industriellen Lackierkabinen"},"content":{"rendered":"<div class=\"wp-block-uagb-container uagb-block-27bae773 alignfull uagb-is-root-container\"><div class=\"uagb-container-inner-blocks-wrap\"><\/div><\/div>\n\n\n\n<h2 class=\"wp-block-heading has-text-align-center\"><strong>Anforderungen an die explosionssichere Beleuchtung von industriellen Lackierkabinen<\/strong><\/h2>\n\n\n\n<div class=\"wp-block-uagb-image uagb-block-da1360b5 wp-block-uagb-image--layout-default wp-block-uagb-image--effect-static wp-block-uagb-image--align-none\"><figure class=\"wp-block-uagb-image__figure\"><a class=\"\" href=\"https:\/\/led.amasly.com\/de\/products\/\" target=\"\" rel=\"noopener\"><img decoding=\"async\" srcset=\"https:\/\/led.amasly.com\/wp-content\/uploads\/2025\/01\/LED-explosion-proof-flood-lights.png ,https:\/\/led.amasly.com\/wp-content\/uploads\/2025\/01\/LED-explosion-proof-flood-lights.png 780w, https:\/\/led.amasly.com\/wp-content\/uploads\/2025\/01\/LED-explosion-proof-flood-lights.png 360w\" sizes=\"auto, (max-width: 480px) 150px\" src=\"https:\/\/led.amasly.com\/wp-content\/uploads\/2025\/01\/LED-explosion-proof-flood-lights.png\" alt=\"\" class=\"uag-image-1675\" width=\"1004\" height=\"308\" title=\"Explosionsgesch\u00fctzte LED-Flutlichter\" loading=\"lazy\" role=\"img\"><\/a><\/figure><\/div>\n\n\n\n<h2 class=\"wp-block-heading\"><strong>Kurze Einf\u00fchrung<\/strong><strong><\/strong><\/h2>\n\n\n\n<p>Eine industrielle Spritzkabine ist ein speziell f\u00fcr Spritzarbeiten konzipiertes Geb\u00e4ude, das eine sichere und effiziente Arbeitsumgebung bietet und die Gesundheit und Sicherheit der Arbeitnehmer sch\u00fctzt. Diese Art von Geb\u00e4ude ist in verschiedenen Bereichen weit verbreitet.<\/p>\n\n\n\n<p>Erstens werden industrielle Lackierkabinen h\u00e4ufig in der Automobilherstellung und -reparatur eingesetzt. In der Automobilproduktion muss die Karosserie regelm\u00e4\u00dfig lackiert werden, um ihr Aussehen und ihre Funktionalit\u00e4t zu erhalten. Auch Autoreparaturwerkst\u00e4tten m\u00fcssen industrielle Lackierkabinen verwenden, um Kratzer oder besch\u00e4digte Teile der Fahrzeugoberfl\u00e4che zu reparieren.<\/p>\n\n\n\n<p>Zweitens sind industrielle Lackierkabinen auch in der Bauindustrie weit verbreitet. Die Bauindustrie muss eine Vielzahl von Farben verwenden, um die Oberfl\u00e4che des Hauses wasserdicht, feuerfest und f\u00fcr andere Zwecke zu behandeln.<\/p>\n\n\n\n<p>In diesem Fall k\u00f6nnen industrielle Farbspritzkabinen eine bequeme und effiziente Bauumgebung schaffen sowie die L\u00e4rmbel\u00e4stigung und die Umweltbelastung auf der Baustelle verringern.<\/p>\n\n\n\n<p>Dar\u00fcber hinaus k\u00f6nnen industrielle Spritzkabinen auch in verschiedenen anderen Bereichen eingesetzt werden, z. B. in der M\u00f6belherstellung, der Montage elektronischer Produkte usw. Diese Bereiche erfordern die Verwendung verschiedener Arten von Beschichtungen und Oberfl\u00e4chenbehandlungsmaterialien, und industrielle Spritzkabinen k\u00f6nnen diese Anforderungen erf\u00fcllen und eine sichere und kontrollierte Produktionsumgebung bieten.<\/p>\n\n\n\n<h2 class=\"wp-block-heading\"><strong>Anforderungen f\u00fcr <\/strong><strong>explosionssicher<\/strong><strong>&nbsp;Beleuchtungssysteme in industriellen Lackierkabinen<\/strong><strong><\/strong><\/h2>\n\n\n\n<p>Unter den besonderen Arbeitsbedingungen in industriellen Farbspritzkabinen m\u00fcssen professionelle explosionsgesch\u00fctzte Beleuchtungssysteme die folgenden Kernanforderungen erf\u00fcllen:<\/p>\n\n\n\n<h3 class=\"wp-block-heading\"><strong>1. Hochpr\u00e4zises Beleuchtungsgarantiesystem<\/strong><strong><\/strong><\/h3>\n\n\n\n<p>Industrielle Lackierarbeiten auf die strengen Anforderungen der Beleuchtung Helligkeit weit \u00fcber die herk\u00f6mmliche chemische Werkstatt, ist es empfehlenswert, 750LX Standard-Beleuchtung L\u00f6sungen (durch die Pr\u00fcfung und Zertifizierung durch Dritte) zu verwenden.<\/p>\n\n\n\n<p>Explosionsgesch\u00fctzte LED-Lampen, die speziell f\u00fcr Umgebungen mit Staub und brennbaren Gasen entwickelt wurden, m\u00fcssen mit einem professionellen optischen Reflektionssystem konfiguriert werden, um sicherzustellen, dass die Arbeitsfl\u00e4che nicht durch Schatten verdeckt wird, um den Beleuchtungsanforderungen der Automobilherstellung, der Schiffslackierung und anderer Pr\u00e4zisionsspritzverfahren zu entsprechen.<\/p>\n\n\n\n<h3 class=\"wp-block-heading\"><strong>2.IIC <\/strong><strong>explosionssicher<\/strong><strong>&nbsp;Zertifizierungssystem<\/strong><strong><\/strong><\/h3>\n\n\n\n<p>- Pflicht zur Erlangung der EX-Ex-Zertifizierung<\/p>\n\n\n\n<p>- Entspricht der internationalen Norm GB3836\/EN\/IEC f\u00fcr Explosionsschutz.<\/p>\n\n\n\n<p>- Doppelter Schutz: Gasexplosionsschutz + Staubexplosionsschutz-Zertifizierung (Kennzeichnung 21\/22 Zone explosionsgesch\u00fctzt)<\/p>\n\n\n\n<p>- Explosionssichere Ganzmetall-Geh\u00e4usestruktur (Aluminiumdruckguss\/304 Edelstahl)<\/p>\n\n\n\n<h3 class=\"wp-block-heading\"><strong>3. Human Factors Engineering Optisches Design<\/strong><strong><\/strong><\/h3>\n\n\n\n<p>- Blendschutztechnologie: Verwendung von prismatischem Streuglas (Lichtdurchl\u00e4ssigkeit \u2265 92%)<\/p>\n\n\n\n<p>- Keine Strobe-Konstantstrom-Antriebstechnik (Schwankungstiefe &lt;3%)<\/p>\n\n\n\n<p>- 120\u00b0wissenschaftlicher Lichtverteilungswinkel<\/p>\n\n\n\n<h3 class=\"wp-block-heading\"><strong>4. Vollspektrum-Farbwiedergabe-Technologie Standard<\/strong><strong><\/strong><\/h3>\n\n\n\n<p>- Farbtemperatur 5500-6500K nat\u00fcrlich wei\u00dfes Licht (CRI&gt;90)<\/p>\n\n\n\n<p>- Spektrale Wellenl\u00e4ngenanpassung an die Sonnenlichtkurve (380-780nm Vollband)<\/p>\n\n\n\n<p>- Steuerung der Farbdifferenz \u0394E\uff1c2.0<\/p>\n\n\n\n<p>Es wird empfohlen, ATEX-zertifizierte Lieferanten von explosionsgesch\u00fctzten Beleuchtungsanlagen zu w\u00e4hlen, um sicherzustellen, dass die Lampen und Laternen sowohl die Schutzart IP66 als auch die Korrosionsschutzbeschichtung G13 aufweisen.<\/p>\n\n\n\n<p>Amasly professionelle explosionssichere technische Beleuchtungsl\u00f6sungen sollten einen Beleuchtungsst\u00e4rkesimulationsbericht, eine Karte zur Abgrenzung des explosionssicheren Bereichs und Empfehlungen f\u00fcr den Wartungszyklus umfassen, insbesondere f\u00fcr Lackierkabinen in 4S-Lagern f\u00fcr die Automobilindustrie, Lackierwerkst\u00e4tten f\u00fcr die Eisenbahnindustrie und andere raue Umgebungen.<\/p>\n\n\n\n<h2 class=\"wp-block-heading\"><strong>Installation und Wartung von <strong>Industrielle Lackierkabine<\/strong><\/strong> <strong>explosionsgesch\u00fctzt Beleuchtung<\/strong><\/h2>\n\n\n\n<h3 class=\"wp-block-heading\"><strong>Einrichtung<\/strong><strong><\/strong><\/h3>\n\n\n\n<p>Unterst\u00fctzung von Wand-, Decken-, Ausleger-, eingebetteten und anderen Formen. Zum Beispiel:<\/p>\n\n\n\n<p>Lampen und Laternen der Serie BAT: verstellbarer Winkel (0\u00b0-45\u00b0), angepasst an verschiedene Lackierpl\u00e4tze.<\/p>\n\n\n\n<p>Serie BAD85: Stahlrohr- oder Kabelverdrahtung, anwendbare H\u00f6he 2-10 Meter.<\/p>\n\n\n\n<h3 class=\"wp-block-heading\"><strong>Planung der Instandhaltung<\/strong><strong><\/strong><\/h3>\n\n\n\n<p>Schnell zu \u00f6ffnende Struktur (z. B. Federklemmen), kein Werkzeug zum Auswechseln der Lichtquelle erforderlich.<\/p>\n\n\n\n<p>Modularer Stromversorgungsantrieb, unterst\u00fctzt den unabh\u00e4ngigen Austausch von fehlerhaften Einheiten, reduziert Ausfallzeiten<\/p>\n\n\n\n<h2 class=\"wp-block-heading\"><strong>Amasly <\/strong><strong>explosionssicher<\/strong><strong>&nbsp;Lampen<\/strong><strong><\/strong><\/h2>\n\n\n\n<p>Amasly ist ein professioneller Lieferant von explosionssicheren Lampen und Leuchten, der qualitativ hochwertige explosionssichere Lampen und Industrieleuchten anbietet, alle Lampen und Leuchten sind international <a href=\"http:\/\/www.iecex-certs.com\/\" rel=\"nofollow noopener\" target=\"_blank\">ATEX zertifiziert<\/a>, Die Produkte werden in mehr als 68 L\u00e4nder und Regionen auf der ganzen Welt exportiert. Weithin gewann das Lob der Kunden, von den Kunden geliebt.<\/p>\n\n\n\n<p>Amasly bietet runde explosionssichere Lampen (Explosionssichere Hochregallampen), quadratische explosionssichere Lampen (Explosionssichere Flutlichter), explosionssichere Notleuchten und lineare explosionssichere Lampen. Explosionssichere Notleuchten und lineare explosionssichere Lampen (Explosionssichere lineare Leuchten) f\u00fcr Lackierkabinen,<\/p>\n\n\n\n<h2 class=\"wp-block-heading\"><strong>C<\/strong><strong>onschluss<\/strong><strong><\/strong><\/h2>\n\n\n\n<p class=\"has-text-align-left\">Explosionsgesch\u00fctzte Lampen f\u00fcr industrielle Spritzkabinen m\u00fcssen vorrangig die IIC-Zertifizierung f\u00fcr Explosionsschutz, hohe Farbwiedergabe und Beleuchtung, langlebige Materialien und wartungsfreundliche Konstruktion erf\u00fcllen. Bei der Auswahl des tats\u00e4chlichen Typs ist es empfehlenswert, den Bereich der Lackierkabine, die Betriebspr\u00e4zision und das Budget zu kombinieren, die LED-Flutlichter oder Projektorleuchten zu w\u00e4hlen, die mehrere Zertifizierungen bestanden haben, und sich auf den Testbericht Dritter zu beziehen, um die Leistungsparameter zu \u00fcberpr\u00fcfen.<\/p>\n\n\n\n<div class=\"wp-block-uagb-container uagb-block-c7d898dd alignfull uagb-is-root-container\"><div class=\"uagb-container-inner-blocks-wrap\"><\/div><\/div>\n\n\n\n<h2 class=\"wp-block-heading\">Verwandte Produkte<\/h2>\n\n\n\n<div class=\"wp-block-uagb-container uagb-block-66e4defc alignfull uagb-is-root-container\"><div class=\"uagb-container-inner-blocks-wrap\">\n<div class=\"wp-block-uagb-container uagb-block-a42945f9\">\n<div class=\"wp-block-uagb-image uagb-block-7296296b wp-block-uagb-image--layout-default wp-block-uagb-image--effect-static wp-block-uagb-image--align-none\"><figure class=\"wp-block-uagb-image__figure\"><a class=\"\" href=\"https:\/\/led.amasly.com\/de\/products\/\" target=\"\" rel=\"noopener\"><img decoding=\"async\" srcset=\"https:\/\/led.amasly.com\/wp-content\/uploads\/2024\/09\/Explosion-proof-high-bay-lights.png ,https:\/\/led.amasly.com\/wp-content\/uploads\/2024\/09\/Explosion-proof-high-bay-lights.png 780w, https:\/\/led.amasly.com\/wp-content\/uploads\/2024\/09\/Explosion-proof-high-bay-lights.png 360w\" sizes=\"auto, (max-width: 480px) 150px\" src=\"https:\/\/led.amasly.com\/wp-content\/uploads\/2024\/09\/Explosion-proof-high-bay-lights.png\" alt=\"\" class=\"uag-image-1495\" width=\"300\" height=\"300\" title=\"Explosionsgesch\u00fctzte Hochregallampen\" loading=\"lazy\" role=\"img\"><\/a><\/figure><\/div>\n<\/div>\n\n\n\n<div class=\"wp-block-uagb-container uagb-block-4d3efde5\">\n<div class=\"wp-block-uagb-image uagb-block-c9e90797 wp-block-uagb-image--layout-default wp-block-uagb-image--effect-static wp-block-uagb-image--align-none\"><figure class=\"wp-block-uagb-image__figure\"><a class=\"\" href=\"https:\/\/led.amasly.com\/de\/products\/\" target=\"\" rel=\"noopener\"><img decoding=\"async\" srcset=\"https:\/\/led.amasly.com\/wp-content\/uploads\/2024\/07\/LED-tri-proof-lights2.png ,https:\/\/led.amasly.com\/wp-content\/uploads\/2024\/07\/LED-tri-proof-lights2.png 780w, https:\/\/led.amasly.com\/wp-content\/uploads\/2024\/07\/LED-tri-proof-lights2.png 360w\" sizes=\"auto, (max-width: 480px) 150px\" src=\"https:\/\/led.amasly.com\/wp-content\/uploads\/2024\/07\/LED-tri-proof-lights2.png\" alt=\"\" class=\"uag-image-1132\" width=\"300\" height=\"300\" title=\"LED-Dreifach-Leuchten2\" loading=\"lazy\" role=\"img\"><\/a><\/figure><\/div>\n<\/div>\n\n\n\n<div class=\"wp-block-uagb-container uagb-block-11c2578b\">\n<div class=\"wp-block-uagb-image uagb-block-6e8883aa wp-block-uagb-image--layout-default wp-block-uagb-image--effect-static wp-block-uagb-image--align-none\"><figure class=\"wp-block-uagb-image__figure\"><a class=\"\" href=\"https:\/\/led.amasly.com\/de\/products\/\" target=\"\" rel=\"noopener\"><img decoding=\"async\" srcset=\"https:\/\/led.amasly.com\/wp-content\/uploads\/2024\/09\/LED-Explosion-Proof-Gas-Station-Light.png ,https:\/\/led.amasly.com\/wp-content\/uploads\/2024\/09\/LED-Explosion-Proof-Gas-Station-Light.png 780w, https:\/\/led.amasly.com\/wp-content\/uploads\/2024\/09\/LED-Explosion-Proof-Gas-Station-Light.png 360w\" sizes=\"auto, (max-width: 480px) 150px\" src=\"https:\/\/led.amasly.com\/wp-content\/uploads\/2024\/09\/LED-Explosion-Proof-Gas-Station-Light.png\" alt=\"\" class=\"uag-image-1501\" width=\"300\" height=\"300\" title=\"LED Explosionssichere Tankstellenleuchte\" loading=\"lazy\" role=\"img\"><\/a><\/figure><\/div>\n<\/div>\n<\/div><\/div>\n\n\n\n<div class=\"wp-block-uagb-container uagb-block-548945b5 alignfull uagb-is-root-container\"><div class=\"uagb-container-inner-blocks-wrap\">\n<div class=\"wp-block-uagb-container uagb-block-967755d5\">\n<h4 class=\"wp-block-heading has-text-align-center\"><a href=\"https:\/\/led.amasly.com\/de\/products\/\">LED-Explosionsgesch\u00fctzte Lichter<\/a><\/h4>\n<\/div>\n\n\n\n<div class=\"wp-block-uagb-container uagb-block-9bc52fc2\">\n<h4 class=\"wp-block-heading has-text-align-center\"><a href=\"https:\/\/led.amasly.com\/de\/products\/\">LED Tri-Proof-Leuchten<\/a><\/h4>\n<\/div>\n\n\n\n<div class=\"wp-block-uagb-container uagb-block-8ffa0a23\">\n<h4 class=\"wp-block-heading has-text-align-center\"><a href=\"https:\/\/led.amasly.com\/de\/products\/\">Explosionssichere Tankstellenbeleuchtungen<\/a><\/h4>\n<\/div>\n<\/div><\/div>\n\n\n\n<div class=\"wp-block-uagb-container uagb-block-29499fe0 alignfull uagb-is-root-container\"><div class=\"uagb-container-inner-blocks-wrap\">\n<div class=\"wp-block-uagb-container uagb-block-777ee1c7\">\n<div class=\"wp-block-uagb-image uagb-block-2e9a1851 wp-block-uagb-image--layout-default wp-block-uagb-image--effect-static wp-block-uagb-image--align-none\"><figure class=\"wp-block-uagb-image__figure\"><a class=\"\" href=\"https:\/\/led.amasly.com\/de\/products\/\" target=\"\" rel=\"noopener\"><img decoding=\"async\" srcset=\"https:\/\/led.amasly.com\/wp-content\/uploads\/2024\/10\/50W-100W-150W-200W-300W-LED-Flood-Light.jpg ,https:\/\/led.amasly.com\/wp-content\/uploads\/2024\/10\/50W-100W-150W-200W-300W-LED-Flood-Light.jpg 780w, https:\/\/led.amasly.com\/wp-content\/uploads\/2024\/10\/50W-100W-150W-200W-300W-LED-Flood-Light.jpg 360w\" sizes=\"auto, (max-width: 480px) 150px\" src=\"https:\/\/led.amasly.com\/wp-content\/uploads\/2024\/10\/50W-100W-150W-200W-300W-LED-Flood-Light.jpg\" alt=\"\" class=\"uag-image-1526\" width=\"300\" height=\"300\" title=\"50W 100W 150W 200W 300W LED-Flutlicht\" loading=\"lazy\" role=\"img\"><\/a><\/figure><\/div>\n<\/div>\n\n\n\n<div class=\"wp-block-uagb-container uagb-block-af8c8683\">\n<div class=\"wp-block-uagb-image uagb-block-67947854 wp-block-uagb-image--layout-default wp-block-uagb-image--effect-static wp-block-uagb-image--align-none\"><figure class=\"wp-block-uagb-image__figure\"><a class=\"\" href=\"https:\/\/led.amasly.com\/de\/products\/\" target=\"\" rel=\"noopener\"><img decoding=\"async\" srcset=\"https:\/\/led.amasly.com\/wp-content\/uploads\/2024\/07\/led-tri-proof-light.png ,https:\/\/led.amasly.com\/wp-content\/uploads\/2024\/07\/led-tri-proof-light.png 780w, https:\/\/led.amasly.com\/wp-content\/uploads\/2024\/07\/led-tri-proof-light.png 360w\" sizes=\"auto, (max-width: 480px) 150px\" src=\"https:\/\/led.amasly.com\/wp-content\/uploads\/2024\/07\/led-tri-proof-light.png\" alt=\"\" class=\"uag-image-1130\" width=\"300\" height=\"300\" title=\"led-tri-proof-licht\" loading=\"lazy\" role=\"img\"><\/a><\/figure><\/div>\n<\/div>\n\n\n\n<div class=\"wp-block-uagb-container uagb-block-0fdfdd58\">\n<div class=\"wp-block-uagb-image uagb-block-1187d32d wp-block-uagb-image--layout-default wp-block-uagb-image--effect-static wp-block-uagb-image--align-none\"><figure class=\"wp-block-uagb-image__figure\"><a class=\"\" href=\"https:\/\/led.amasly.com\/de\/products\/\" target=\"\" rel=\"noopener\"><img decoding=\"async\" srcset=\"https:\/\/led.amasly.com\/wp-content\/uploads\/2024\/07\/LED-street-light.jpg ,https:\/\/led.amasly.com\/wp-content\/uploads\/2024\/07\/LED-street-light.jpg 780w, https:\/\/led.amasly.com\/wp-content\/uploads\/2024\/07\/LED-street-light.jpg 360w\" sizes=\"auto, (max-width: 480px) 150px\" src=\"https:\/\/led.amasly.com\/wp-content\/uploads\/2024\/07\/LED-street-light.jpg\" alt=\"\" class=\"uag-image-1145\" width=\"300\" height=\"300\" title=\"LED-Stra\u00dfenlaterne\" loading=\"lazy\" role=\"img\"><\/a><\/figure><\/div>\n<\/div>\n<\/div><\/div>\n\n\n\n<div class=\"wp-block-uagb-container uagb-block-6a60882c alignfull uagb-is-root-container\"><div class=\"uagb-container-inner-blocks-wrap\">\n<div class=\"wp-block-uagb-container uagb-block-f1e91a35\">\n<h4 class=\"wp-block-heading has-text-align-center\"><a href=\"https:\/\/led.amasly.com\/de\/products\/\">LED-Flutlichter<\/a><\/h4>\n<\/div>\n\n\n\n<div class=\"wp-block-uagb-container uagb-block-165bfa58\">\n<h4 class=\"wp-block-heading has-text-align-center\"><a href=\"https:\/\/led.amasly.com\/de\/products\/\">LED Tri-Proof-R\u00f6hrenleuchten<\/a><\/h4>\n<\/div>\n\n\n\n<div class=\"wp-block-uagb-container uagb-block-f6096e3b\">\n<h4 class=\"wp-block-heading has-text-align-center\"><a href=\"https:\/\/led.amasly.com\/de\/products\/\">LED-Stra\u00dfenlaternen<\/a><\/h4>\n<\/div>\n<\/div><\/div>\n\n\n\n<div class=\"wp-block-uagb-container uagb-block-99c0e0a5 alignfull uagb-is-root-container\"><div class=\"uagb-container-inner-blocks-wrap\"><\/div><\/div>\n\n\n\n<p><\/p>","protected":false},"excerpt":{"rendered":"<p>Industrial paint booth explosion\u00a0proof lamp lighting requirements Brief introduction An industrial spray booth is a building structure designed specifically for spraying operations, which provides a safe and efficient working environment and protects the health and safety of workers. This type of building is widely used in several fields. First, industrial paint booths are commonly used [&hellip;]<\/p>\n","protected":false},"author":1,"featured_media":0,"parent":2374,"menu_order":0,"comment_status":"closed","ping_status":"closed","template":"","meta":{"_uag_custom_page_level_css":"","site-sidebar-layout":"no-sidebar","site-content-layout":"","ast-site-content-layout":"default","site-content-style":"default","site-sidebar-style":"default","ast-global-header-display":"","ast-banner-title-visibility":"","ast-main-header-display":"","ast-hfb-above-header-display":"","ast-hfb-below-header-display":"","ast-hfb-mobile-header-display":"","site-post-title":"disabled","ast-breadcrumbs-content":"","ast-featured-img":"","footer-sml-layout":"","ast-disable-related-posts":"","theme-transparent-header-meta":"enabled","adv-header-id-meta":"","stick-header-meta":"","header-above-stick-meta":"","header-main-stick-meta":"","header-below-stick-meta":"","astra-migrate-meta-layouts":"set","ast-page-background-enabled":"default","ast-page-background-meta":{"desktop":{"background-color":"var(--ast-global-color-4)","background-image":"","background-repeat":"repeat","background-position":"center center","background-size":"auto","background-attachment":"scroll","background-type":"","background-media":"","overlay-type":"","overlay-color":"","overlay-opacity":"","overlay-gradient":""},"tablet":{"background-color":"","background-image":"","background-repeat":"repeat","background-position":"center center","background-size":"auto","background-attachment":"scroll","background-type":"","background-media":"","overlay-type":"","overlay-color":"","overlay-opacity":"","overlay-gradient":""},"mobile":{"background-color":"","background-image":"","background-repeat":"repeat","background-position":"center center","background-size":"auto","background-attachment":"scroll","background-type":"","background-media":"","overlay-type":"","overlay-color":"","overlay-opacity":"","overlay-gradient":""}},"ast-content-background-meta":{"desktop":{"background-color":"var(--ast-global-color-5)","background-image":"","background-repeat":"repeat","background-position":"center center","background-size":"auto","background-attachment":"scroll","background-type":"","background-media":"","overlay-type":"","overlay-color":"","overlay-opacity":"","overlay-gradient":""},"tablet":{"background-color":"var(--ast-global-color-5)","background-image":"","background-repeat":"repeat","background-position":"center center","background-size":"auto","background-attachment":"scroll","background-type":"","background-media":"","overlay-type":"","overlay-color":"","overlay-opacity":"","overlay-gradient":""},"mobile":{"background-color":"var(--ast-global-color-5)","background-image":"","background-repeat":"repeat","background-position":"center center","background-size":"auto","background-attachment":"scroll","background-type":"","background-media":"","overlay-type":"","overlay-color":"","overlay-opacity":"","overlay-gradient":""}},"footnotes":""},"class_list":["post-3161","page","type-page","status-publish","hentry"],"uagb_featured_image_src":{"full":false,"thumbnail":false,"medium":false,"medium_large":false,"large":false,"1536x1536":false,"2048x2048":false,"trp-custom-language-flag":false},"uagb_author_info":{"display_name":"Joe","author_link":"https:\/\/led.amasly.com\/de\/author\/jacklin\/"},"uagb_comment_info":0,"uagb_excerpt":"Industrial paint booth explosion\u00a0proof lamp lighting requirements Brief introduction An industrial spray booth is a building structure designed specifically for spraying operations, which provides a safe and efficient working environment and protects the health and safety of workers. This type of building is widely used in several fields. First, industrial paint booths are commonly used&hellip;","_links":{"self":[{"href":"https:\/\/led.amasly.com\/de\/wp-json\/wp\/v2\/pages\/3161","targetHints":{"allow":["GET"]}}],"collection":[{"href":"https:\/\/led.amasly.com\/de\/wp-json\/wp\/v2\/pages"}],"about":[{"href":"https:\/\/led.amasly.com\/de\/wp-json\/wp\/v2\/types\/page"}],"author":[{"embeddable":true,"href":"https:\/\/led.amasly.com\/de\/wp-json\/wp\/v2\/users\/1"}],"replies":[{"embeddable":true,"href":"https:\/\/led.amasly.com\/de\/wp-json\/wp\/v2\/comments?post=3161"}],"version-history":[{"count":1,"href":"https:\/\/led.amasly.com\/de\/wp-json\/wp\/v2\/pages\/3161\/revisions"}],"predecessor-version":[{"id":3165,"href":"https:\/\/led.amasly.com\/de\/wp-json\/wp\/v2\/pages\/3161\/revisions\/3165"}],"up":[{"embeddable":true,"href":"https:\/\/led.amasly.com\/de\/wp-json\/wp\/v2\/pages\/2374"}],"wp:attachment":[{"href":"https:\/\/led.amasly.com\/de\/wp-json\/wp\/v2\/media?parent=3161"}],"curies":[{"name":"wp","href":"https:\/\/api.w.org\/{rel}","templated":true}]}}