{"id":3033,"date":"2025-04-11T15:27:34","date_gmt":"2025-04-11T07:27:34","guid":{"rendered":"https:\/\/led.amasly.com\/?page_id=3033"},"modified":"2025-04-11T15:27:40","modified_gmt":"2025-04-11T07:27:40","slug":"what-makes-a-light-explosion-proof-key-components-certifications-and-design-principles","status":"publish","type":"page","link":"https:\/\/led.amasly.com\/de\/knowledge\/explosion-proof-products-knowledge\/what-makes-a-light-explosion-proof-key-components-certifications-and-design-principles\/","title":{"rendered":"Was macht eine Leuchte explosionsgesch\u00fctzt? Schl\u00fcsselkomponenten, Zertifizierungen und Konstruktionsprinzipien"},"content":{"rendered":"<div class=\"wp-block-uagb-container uagb-block-27bae773 alignfull uagb-is-root-container\"><div class=\"uagb-container-inner-blocks-wrap\"><\/div><\/div>\n\n\n\n<h2 class=\"wp-block-heading has-text-align-left\"><strong>Was macht ein Licht aus? <\/strong><strong>Explosionsgesch\u00fctzt<\/strong><strong>? Schl\u00fcsselkomponenten, Zertifizierungen und Konstruktionsprinzipien<\/strong><strong><\/strong><\/h2>\n\n\n\n<div class=\"wp-block-uagb-image uagb-block-da1360b5 wp-block-uagb-image--layout-default wp-block-uagb-image--effect-static wp-block-uagb-image--align-none\"><figure class=\"wp-block-uagb-image__figure\"><a class=\"\" href=\"https:\/\/led.amasly.com\/de\/products\/\" target=\"\" rel=\"noopener\"><img decoding=\"async\" srcset=\"https:\/\/led.amasly.com\/wp-content\/uploads\/2025\/01\/LED-explosion-proof-flood-lights.png ,https:\/\/led.amasly.com\/wp-content\/uploads\/2025\/01\/LED-explosion-proof-flood-lights.png 780w, https:\/\/led.amasly.com\/wp-content\/uploads\/2025\/01\/LED-explosion-proof-flood-lights.png 360w\" sizes=\"auto, (max-width: 480px) 150px\" src=\"https:\/\/led.amasly.com\/wp-content\/uploads\/2025\/01\/LED-explosion-proof-flood-lights.png\" alt=\"\" class=\"uag-image-1675\" width=\"1004\" height=\"308\" title=\"Explosionsgesch\u00fctzte LED-Flutlichter\" loading=\"lazy\" role=\"img\"><\/a><\/figure><\/div>\n\n\n\n<p>Was macht eine Leuchte explosionsgesch\u00fctzt? Explosionsgesch\u00fctzte Leuchten sind so konstruiert, dass sie in Umgebungen, in denen brennbare Gase, D\u00e4mpfe oder St\u00e4ube ein Z\u00fcndrisiko darstellen, sicher funktionieren. Im Gegensatz zu Standardleuchten werden diese Leuchten mit speziellen Materialien, strukturellen Sicherheitsvorkehrungen und strengen Zertifizierungen gebaut, um Funken einzud\u00e4mmen, Hitze zu kontrollieren und katastrophale Ausf\u00e4lle zu verhindern. Im Folgenden finden Sie eine Aufschl\u00fcsselung der kritischen Faktoren, die explosionssichere Beleuchtung ausmachen.<\/p>\n\n\n\n<h2 class=\"wp-block-heading\"><strong>1. Robuste Materialien und versiegelte Konstruktion<\/strong><strong><\/strong><\/h2>\n\n\n\n<h3 class=\"wp-block-heading\"><strong>Langlebige Geh\u00e4usematerialien<\/strong><strong><\/strong><\/h3>\n\n\n\n<p>Explosionsgesch\u00fctzte Leuchten erfordern Geh\u00e4use aus nicht funkenden, korrosionsbest\u00e4ndigen Materialien. Aluminiumdruckguss ist eine g\u00e4ngige Wahl aufgrund seiner leichten und dennoch robusten Eigenschaften, der effizienten W\u00e4rmeableitung und der Widerstandsf\u00e4higkeit gegen\u00fcber chemischen Einfl\u00fcssen3. F\u00fcr zus\u00e4tzlichen Schutz werden antistatische Beschichtungen aufgetragen, um elektrostatische Entladungen in gasreichen Umgebungen wie \u00d6lraffinerien oder chemischen Anlagen zu verhindern.<\/p>\n\n\n\n<h3 class=\"wp-block-heading\"><strong>Schlagfeste Linsentechnologie<\/strong><strong><\/strong><\/h3>\n\n\n\n<p>F\u00fcr explosionsgesch\u00fctzte Leuchten sind geh\u00e4rtete Glas- oder Polycarbonatlinsen vorgeschrieben. Diese Materialien widerstehen dem Zerspringen durch St\u00f6\u00dfe oder innere Explosionen und behalten gleichzeitig ihre optische Klarheit. Beispielsweise k\u00f6nnen geh\u00e4rtete Glaslinsen in Beleuchtungen f\u00fcr Gefahrenbereiche thermischen Schocks und korrosiven Substanzen widerstehen und gew\u00e4hrleisten so langfristige Zuverl\u00e4ssigkeit.<\/p>\n\n\n\n<h3 class=\"wp-block-heading\"><strong>Hermetische Dichtungsmechanismen<\/strong><strong><\/strong><\/h3>\n\n\n\n<p>Um interne Komponenten von externen Gefahren zu isolieren, verwenden explosionsgesch\u00fctzte Leuchten Gewindeverbindungen, Kompressionsdichtungen und epoxidversiegelte Kabel. Mit diesen Merkmalen wird eine IP66- oder IP68-Einstufung erreicht, die die Leuchten staub- und wasserdicht macht - wichtig f\u00fcr Umgebungen wie Kl\u00e4ranlagen oder Offshore-\u00d6lplattformen.<\/p>\n\n\n\n<h2 class=\"wp-block-heading\"><strong>2. Fortgeschrittene Technik zur Z\u00fcndvermeidung<\/strong><strong><\/strong><\/h2>\n\n\n\n<h3 class=\"wp-block-heading\"><strong>W\u00e4rmemanagement-Systeme<\/strong><strong><\/strong><\/h3>\n\n\n\n<p>Hitze ist eine prim\u00e4re Z\u00fcndquelle in Gefahrenzonen. Explosionsgesch\u00fctzte LED-Leuchten verf\u00fcgen \u00fcber K\u00fchlk\u00f6rper und bel\u00fcftete Geh\u00e4use, um die W\u00e4rme effizient abzuleiten. So sorgen beispielsweise patentierte Konstruktionen mit Aluminiumlegierungen daf\u00fcr, dass die LED-Temperaturen stabil bleiben, was die Lebensdauer auf \u00fcber 50.000 Stunden verl\u00e4ngert und gleichzeitig die thermischen Risiken minimiert.<\/p>\n\n\n\n<h3 class=\"wp-block-heading\"><strong>Eind\u00e4mmung von Druck und Funken<\/strong><strong><\/strong><\/h3>\n\n\n\n<p>Die Vorrichtungen sind so konzipiert, dass sie inneren Explosionen standhalten, ohne dass Flammen entweichen k\u00f6nnen. Zu den wichtigsten Strategien geh\u00f6ren:<\/p>\n\n\n\n<p>Flammenweg-L\u00fccken: Pr\u00e4zisionsgefertigte N\u00e4hte, die entweichende Gase unter die Z\u00fcndschwelle k\u00fchlen.<\/p>\n\n\n\n<p>Druckentlastungskan\u00e4le: Leiten die Explosionskr\u00e4fte sicher um und erhalten die strukturelle Integrit\u00e4t.<\/p>\n\n\n\n<p>Funkensichere Verdrahtung: Niederspannungs-Gleichstromsysteme (z. B. 24 V) verringern das Risiko von Lichtb\u00f6gen, w\u00e4hrend \u00dcberspannungsschutzvorrichtungen vor elektrischen \u00dcberspannungen sch\u00fctzen.<\/p>\n\n\n\n<h2 class=\"wp-block-heading\"><strong>3. Einhaltung der globalen Sicherheitsstandards<\/strong><strong><\/strong><\/h2>\n\n\n\n<h3 class=\"wp-block-heading\"><strong>Obligatorische Zertifizierungen<\/strong><strong><\/strong><\/h3>\n\n\n\n<p>Explosionssichere Beleuchtungen m\u00fcssen regionalspezifische Zertifizierungen erf\u00fcllen, um in gef\u00e4hrlichen Zonen legal betrieben werden zu k\u00f6nnen:<\/p>\n\n\n\n<p><a href=\"http:\/\/www.iecex-certs.com\/\" rel=\"nofollow noopener\" target=\"_blank\">ATEX\/IECEx<\/a>: In der EU und weltweit f\u00fcr Gas- (Zone 1) und Staubumgebungen (Zone 21) vorgeschrieben.<\/p>\n\n\n\n<p><a href=\"http:\/\/www.ul.com\" rel=\"nofollow noopener\" target=\"_blank\">UL 844<\/a>: In Nordamerika f\u00fcr Bereiche der Klasse I (brennbare Gase) und der Klasse II (brennbarer Staub) vorgeschrieben.<\/p>\n\n\n\n<p>IK10-Einstufung: Gew\u00e4hrleistet die Widerstandsf\u00e4higkeit gegen mechanische St\u00f6\u00dfe, die im Bergbau oder in der Schwerindustrie entscheidend ist.<\/p>\n\n\n\n<h3 class=\"wp-block-heading\"><strong>Protokolle f\u00fcr Leistungstests<\/strong><strong><\/strong><\/h3>\n\n\n\n<p>Labore von Drittanbietern simulieren extreme Bedingungen, wie z. B. das Einwirken von Methan-Luft-Gemischen oder explosiven Staubwolken auf die Armaturen. Die Tests best\u00e4tigen die Haltbarkeit bei Vibrationen, Feuchtigkeit und extremen Temperaturen (-40\u00b0C bis 60\u00b0C).<\/p>\n\n\n\n<h2 class=\"wp-block-heading\"><strong>4. Anwendungsspezifische Designanpassungen<\/strong><strong><\/strong><\/h2>\n\n\n\n<h3 class=\"wp-block-heading\"><strong>Ma\u00dfgeschneidert f\u00fcr Industrierisiken<\/strong><strong><\/strong><\/h3>\n\n\n\n<p>\u00d6l und Gas: Armaturen mit Exd IICT6-Einstufung und korrosionsbest\u00e4ndigen Beschichtungen f\u00fcr schwefelwasserstoffreiche Umgebungen3.<\/p>\n\n\n\n<p>Pharmazeutische Produkte: Staubdichte Ausf\u00fchrungen (IP65+) zur Verhinderung der Entz\u00fcndung von API-Pulver in Bereichen der Zone 225.<\/p>\n\n\n\n<p>Bergbau: Schlagfeste Geh\u00e4use mit MSHA-Konformit\u00e4t f\u00fcr Methan- und Kohlenstaubgefahren unter Tage3.<\/p>\n\n\n\n<h3 class=\"wp-block-heading\"><strong>Integration intelligenter Beleuchtung<\/strong><strong><\/strong><\/h3>\n\n\n\n<p class=\"has-text-align-left\">Moderne explosionsgesch\u00fctzte Systeme verf\u00fcgen \u00fcber IoT-f\u00e4hige Sensoren zur Echtzeit\u00fcberwachung von Temperatur, Gaslecks oder Dichtungsintegrit\u00e4t. Diese proaktive Wartung reduziert Ausfallzeiten und erh\u00f6ht die Sicherheit in abgelegenen Anlagen.<\/p>\n\n\n\n<div class=\"wp-block-uagb-container uagb-block-c7d898dd alignfull uagb-is-root-container\"><div class=\"uagb-container-inner-blocks-wrap\"><\/div><\/div>\n\n\n\n<h2 class=\"wp-block-heading\">Verwandte Produkte<\/h2>\n\n\n\n<div class=\"wp-block-uagb-container uagb-block-66e4defc alignfull uagb-is-root-container\"><div class=\"uagb-container-inner-blocks-wrap\">\n<div class=\"wp-block-uagb-container uagb-block-a42945f9\">\n<div class=\"wp-block-uagb-image uagb-block-7296296b wp-block-uagb-image--layout-default wp-block-uagb-image--effect-static wp-block-uagb-image--align-none\"><figure class=\"wp-block-uagb-image__figure\"><a class=\"\" href=\"https:\/\/led.amasly.com\/de\/products\/\" target=\"\" rel=\"noopener\"><img decoding=\"async\" srcset=\"https:\/\/led.amasly.com\/wp-content\/uploads\/2024\/09\/Explosion-proof-high-bay-lights.png ,https:\/\/led.amasly.com\/wp-content\/uploads\/2024\/09\/Explosion-proof-high-bay-lights.png 780w, https:\/\/led.amasly.com\/wp-content\/uploads\/2024\/09\/Explosion-proof-high-bay-lights.png 360w\" sizes=\"auto, (max-width: 480px) 150px\" src=\"https:\/\/led.amasly.com\/wp-content\/uploads\/2024\/09\/Explosion-proof-high-bay-lights.png\" alt=\"\" class=\"uag-image-1495\" width=\"300\" height=\"300\" title=\"Explosionsgesch\u00fctzte Hochregallampen\" loading=\"lazy\" role=\"img\"><\/a><\/figure><\/div>\n<\/div>\n\n\n\n<div class=\"wp-block-uagb-container uagb-block-4d3efde5\">\n<div class=\"wp-block-uagb-image uagb-block-c9e90797 wp-block-uagb-image--layout-default wp-block-uagb-image--effect-static wp-block-uagb-image--align-none\"><figure class=\"wp-block-uagb-image__figure\"><a class=\"\" href=\"https:\/\/led.amasly.com\/de\/products\/\" target=\"\" rel=\"noopener\"><img decoding=\"async\" srcset=\"https:\/\/led.amasly.com\/wp-content\/uploads\/2024\/07\/LED-tri-proof-lights2.png ,https:\/\/led.amasly.com\/wp-content\/uploads\/2024\/07\/LED-tri-proof-lights2.png 780w, https:\/\/led.amasly.com\/wp-content\/uploads\/2024\/07\/LED-tri-proof-lights2.png 360w\" sizes=\"auto, (max-width: 480px) 150px\" src=\"https:\/\/led.amasly.com\/wp-content\/uploads\/2024\/07\/LED-tri-proof-lights2.png\" alt=\"\" class=\"uag-image-1132\" width=\"300\" height=\"300\" title=\"LED-Dreifach-Leuchten2\" loading=\"lazy\" role=\"img\"><\/a><\/figure><\/div>\n<\/div>\n\n\n\n<div class=\"wp-block-uagb-container uagb-block-11c2578b\">\n<div class=\"wp-block-uagb-image uagb-block-6e8883aa wp-block-uagb-image--layout-default wp-block-uagb-image--effect-static wp-block-uagb-image--align-none\"><figure class=\"wp-block-uagb-image__figure\"><a class=\"\" href=\"https:\/\/led.amasly.com\/de\/products\/\" target=\"\" rel=\"noopener\"><img decoding=\"async\" srcset=\"https:\/\/led.amasly.com\/wp-content\/uploads\/2024\/09\/LED-Explosion-Proof-Gas-Station-Light.png ,https:\/\/led.amasly.com\/wp-content\/uploads\/2024\/09\/LED-Explosion-Proof-Gas-Station-Light.png 780w, https:\/\/led.amasly.com\/wp-content\/uploads\/2024\/09\/LED-Explosion-Proof-Gas-Station-Light.png 360w\" sizes=\"auto, (max-width: 480px) 150px\" src=\"https:\/\/led.amasly.com\/wp-content\/uploads\/2024\/09\/LED-Explosion-Proof-Gas-Station-Light.png\" alt=\"\" class=\"uag-image-1501\" width=\"300\" height=\"300\" title=\"LED Explosionssichere Tankstellenleuchte\" loading=\"lazy\" role=\"img\"><\/a><\/figure><\/div>\n<\/div>\n<\/div><\/div>\n\n\n\n<div class=\"wp-block-uagb-container uagb-block-548945b5 alignfull uagb-is-root-container\"><div class=\"uagb-container-inner-blocks-wrap\">\n<div class=\"wp-block-uagb-container uagb-block-967755d5\">\n<h4 class=\"wp-block-heading has-text-align-center\"><a href=\"https:\/\/led.amasly.com\/de\/products\/\">LED-Explosionsgesch\u00fctzte Lichter<\/a><\/h4>\n<\/div>\n\n\n\n<div class=\"wp-block-uagb-container uagb-block-9bc52fc2\">\n<h4 class=\"wp-block-heading has-text-align-center\"><a href=\"https:\/\/led.amasly.com\/de\/products\/\">LED Tri-Proof-Leuchten<\/a><\/h4>\n<\/div>\n\n\n\n<div class=\"wp-block-uagb-container uagb-block-8ffa0a23\">\n<h4 class=\"wp-block-heading has-text-align-center\"><a href=\"https:\/\/led.amasly.com\/de\/products\/\">Explosionssichere Tankstellenbeleuchtungen<\/a><\/h4>\n<\/div>\n<\/div><\/div>\n\n\n\n<div class=\"wp-block-uagb-container uagb-block-29499fe0 alignfull uagb-is-root-container\"><div class=\"uagb-container-inner-blocks-wrap\">\n<div class=\"wp-block-uagb-container uagb-block-777ee1c7\">\n<div class=\"wp-block-uagb-image uagb-block-2e9a1851 wp-block-uagb-image--layout-default wp-block-uagb-image--effect-static wp-block-uagb-image--align-none\"><figure class=\"wp-block-uagb-image__figure\"><a class=\"\" href=\"https:\/\/led.amasly.com\/de\/products\/\" target=\"\" rel=\"noopener\"><img decoding=\"async\" srcset=\"https:\/\/led.amasly.com\/wp-content\/uploads\/2024\/10\/50W-100W-150W-200W-300W-LED-Flood-Light.jpg ,https:\/\/led.amasly.com\/wp-content\/uploads\/2024\/10\/50W-100W-150W-200W-300W-LED-Flood-Light.jpg 780w, https:\/\/led.amasly.com\/wp-content\/uploads\/2024\/10\/50W-100W-150W-200W-300W-LED-Flood-Light.jpg 360w\" sizes=\"auto, (max-width: 480px) 150px\" src=\"https:\/\/led.amasly.com\/wp-content\/uploads\/2024\/10\/50W-100W-150W-200W-300W-LED-Flood-Light.jpg\" alt=\"\" class=\"uag-image-1526\" width=\"300\" height=\"300\" title=\"50W 100W 150W 200W 300W LED-Flutlicht\" loading=\"lazy\" role=\"img\"><\/a><\/figure><\/div>\n<\/div>\n\n\n\n<div class=\"wp-block-uagb-container uagb-block-af8c8683\">\n<div class=\"wp-block-uagb-image uagb-block-67947854 wp-block-uagb-image--layout-default wp-block-uagb-image--effect-static wp-block-uagb-image--align-none\"><figure class=\"wp-block-uagb-image__figure\"><a class=\"\" href=\"https:\/\/led.amasly.com\/de\/products\/\" target=\"\" rel=\"noopener\"><img decoding=\"async\" srcset=\"https:\/\/led.amasly.com\/wp-content\/uploads\/2024\/07\/led-tri-proof-light.png ,https:\/\/led.amasly.com\/wp-content\/uploads\/2024\/07\/led-tri-proof-light.png 780w, https:\/\/led.amasly.com\/wp-content\/uploads\/2024\/07\/led-tri-proof-light.png 360w\" sizes=\"auto, (max-width: 480px) 150px\" src=\"https:\/\/led.amasly.com\/wp-content\/uploads\/2024\/07\/led-tri-proof-light.png\" alt=\"\" class=\"uag-image-1130\" width=\"300\" height=\"300\" title=\"led-tri-proof-licht\" loading=\"lazy\" role=\"img\"><\/a><\/figure><\/div>\n<\/div>\n\n\n\n<div class=\"wp-block-uagb-container uagb-block-0fdfdd58\">\n<div class=\"wp-block-uagb-image uagb-block-1187d32d wp-block-uagb-image--layout-default wp-block-uagb-image--effect-static wp-block-uagb-image--align-none\"><figure class=\"wp-block-uagb-image__figure\"><a class=\"\" href=\"https:\/\/led.amasly.com\/de\/products\/\" target=\"\" rel=\"noopener\"><img decoding=\"async\" srcset=\"https:\/\/led.amasly.com\/wp-content\/uploads\/2024\/07\/LED-street-light.jpg ,https:\/\/led.amasly.com\/wp-content\/uploads\/2024\/07\/LED-street-light.jpg 780w, https:\/\/led.amasly.com\/wp-content\/uploads\/2024\/07\/LED-street-light.jpg 360w\" sizes=\"auto, (max-width: 480px) 150px\" src=\"https:\/\/led.amasly.com\/wp-content\/uploads\/2024\/07\/LED-street-light.jpg\" alt=\"\" class=\"uag-image-1145\" width=\"300\" height=\"300\" title=\"LED-Stra\u00dfenlaterne\" loading=\"lazy\" role=\"img\"><\/a><\/figure><\/div>\n<\/div>\n<\/div><\/div>\n\n\n\n<div class=\"wp-block-uagb-container uagb-block-6a60882c alignfull uagb-is-root-container\"><div class=\"uagb-container-inner-blocks-wrap\">\n<div class=\"wp-block-uagb-container uagb-block-f1e91a35\">\n<h4 class=\"wp-block-heading has-text-align-center\"><a href=\"https:\/\/led.amasly.com\/de\/products\/\">LED-Flutlichter<\/a><\/h4>\n<\/div>\n\n\n\n<div class=\"wp-block-uagb-container uagb-block-165bfa58\">\n<h4 class=\"wp-block-heading has-text-align-center\"><a href=\"https:\/\/led.amasly.com\/de\/products\/\">LED Tri-Proof-R\u00f6hrenleuchten<\/a><\/h4>\n<\/div>\n\n\n\n<div class=\"wp-block-uagb-container uagb-block-f6096e3b\">\n<h4 class=\"wp-block-heading has-text-align-center\"><a href=\"https:\/\/led.amasly.com\/de\/products\/\">LED-Stra\u00dfenlaternen<\/a><\/h4>\n<\/div>\n<\/div><\/div>\n\n\n\n<div class=\"wp-block-uagb-container uagb-block-99c0e0a5 alignfull uagb-is-root-container\"><div class=\"uagb-container-inner-blocks-wrap\"><\/div><\/div>\n\n\n\n<p><\/p>","protected":false},"excerpt":{"rendered":"<p>What Makes a Light Explosion Proof? Key Components, Certifications, and Design Principles What Makes a Light Explosion Proof? Explosion Proof\u00a0lighting is engineered to operate safely in environments where flammable gases, vapors, or dust pose ignition risks. Unlike standard fixtures, these lights are built with specialized materials, structural safeguards, and rigorous certifications to contain sparks, manage [&hellip;]<\/p>\n","protected":false},"author":1,"featured_media":0,"parent":2374,"menu_order":0,"comment_status":"closed","ping_status":"closed","template":"","meta":{"_uag_custom_page_level_css":"","site-sidebar-layout":"no-sidebar","site-content-layout":"","ast-site-content-layout":"default","site-content-style":"default","site-sidebar-style":"default","ast-global-header-display":"","ast-banner-title-visibility":"","ast-main-header-display":"","ast-hfb-above-header-display":"","ast-hfb-below-header-display":"","ast-hfb-mobile-header-display":"","site-post-title":"disabled","ast-breadcrumbs-content":"","ast-featured-img":"","footer-sml-layout":"","ast-disable-related-posts":"","theme-transparent-header-meta":"enabled","adv-header-id-meta":"","stick-header-meta":"","header-above-stick-meta":"","header-main-stick-meta":"","header-below-stick-meta":"","astra-migrate-meta-layouts":"set","ast-page-background-enabled":"default","ast-page-background-meta":{"desktop":{"background-color":"var(--ast-global-color-4)","background-image":"","background-repeat":"repeat","background-position":"center center","background-size":"auto","background-attachment":"scroll","background-type":"","background-media":"","overlay-type":"","overlay-color":"","overlay-opacity":"","overlay-gradient":""},"tablet":{"background-color":"","background-image":"","background-repeat":"repeat","background-position":"center center","background-size":"auto","background-attachment":"scroll","background-type":"","background-media":"","overlay-type":"","overlay-color":"","overlay-opacity":"","overlay-gradient":""},"mobile":{"background-color":"","background-image":"","background-repeat":"repeat","background-position":"center center","background-size":"auto","background-attachment":"scroll","background-type":"","background-media":"","overlay-type":"","overlay-color":"","overlay-opacity":"","overlay-gradient":""}},"ast-content-background-meta":{"desktop":{"background-color":"var(--ast-global-color-5)","background-image":"","background-repeat":"repeat","background-position":"center center","background-size":"auto","background-attachment":"scroll","background-type":"","background-media":"","overlay-type":"","overlay-color":"","overlay-opacity":"","overlay-gradient":""},"tablet":{"background-color":"var(--ast-global-color-5)","background-image":"","background-repeat":"repeat","background-position":"center center","background-size":"auto","background-attachment":"scroll","background-type":"","background-media":"","overlay-type":"","overlay-color":"","overlay-opacity":"","overlay-gradient":""},"mobile":{"background-color":"var(--ast-global-color-5)","background-image":"","background-repeat":"repeat","background-position":"center center","background-size":"auto","background-attachment":"scroll","background-type":"","background-media":"","overlay-type":"","overlay-color":"","overlay-opacity":"","overlay-gradient":""}},"footnotes":""},"class_list":["post-3033","page","type-page","status-publish","hentry"],"uagb_featured_image_src":{"full":false,"thumbnail":false,"medium":false,"medium_large":false,"large":false,"1536x1536":false,"2048x2048":false,"trp-custom-language-flag":false},"uagb_author_info":{"display_name":"Joe","author_link":"https:\/\/led.amasly.com\/de\/author\/jacklin\/"},"uagb_comment_info":0,"uagb_excerpt":"What Makes a Light Explosion Proof? Key Components, Certifications, and Design Principles What Makes a Light Explosion Proof? Explosion Proof\u00a0lighting is engineered to operate safely in environments where flammable gases, vapors, or dust pose ignition risks. Unlike standard fixtures, these lights are built with specialized materials, structural safeguards, and rigorous certifications to contain sparks, manage&hellip;","_links":{"self":[{"href":"https:\/\/led.amasly.com\/de\/wp-json\/wp\/v2\/pages\/3033","targetHints":{"allow":["GET"]}}],"collection":[{"href":"https:\/\/led.amasly.com\/de\/wp-json\/wp\/v2\/pages"}],"about":[{"href":"https:\/\/led.amasly.com\/de\/wp-json\/wp\/v2\/types\/page"}],"author":[{"embeddable":true,"href":"https:\/\/led.amasly.com\/de\/wp-json\/wp\/v2\/users\/1"}],"replies":[{"embeddable":true,"href":"https:\/\/led.amasly.com\/de\/wp-json\/wp\/v2\/comments?post=3033"}],"version-history":[{"count":1,"href":"https:\/\/led.amasly.com\/de\/wp-json\/wp\/v2\/pages\/3033\/revisions"}],"predecessor-version":[{"id":3038,"href":"https:\/\/led.amasly.com\/de\/wp-json\/wp\/v2\/pages\/3033\/revisions\/3038"}],"up":[{"embeddable":true,"href":"https:\/\/led.amasly.com\/de\/wp-json\/wp\/v2\/pages\/2374"}],"wp:attachment":[{"href":"https:\/\/led.amasly.com\/de\/wp-json\/wp\/v2\/media?parent=3033"}],"curies":[{"name":"wp","href":"https:\/\/api.w.org\/{rel}","templated":true}]}}