{"id":2981,"date":"2025-04-08T21:10:14","date_gmt":"2025-04-08T13:10:14","guid":{"rendered":"https:\/\/led.amasly.com\/?page_id=2981"},"modified":"2025-04-08T22:38:21","modified_gmt":"2025-04-08T14:38:21","slug":"konnen-led-leuchten-in-einem-explosionsgeschutzten-bereich-verwendet-werden-%ef%bc%9f","status":"publish","type":"page","link":"https:\/\/led.amasly.com\/de\/wissen\/kenntnisse-uber-explosionsgeschutzte-produkte\/konnen-led-leuchten-in-einem-explosionsgeschutzten-bereich-verwendet-werden-%ef%bc%9f\/","title":{"rendered":"K\u00f6nnen LED-Leuchten in einem explosionsgesch\u00fctzten Bereich verwendet werden?"},"content":{"rendered":"<div class=\"wp-block-uagb-container uagb-block-27bae773 alignfull uagb-is-root-container\"><div class=\"uagb-container-inner-blocks-wrap\"><\/div><\/div>\n\n\n\n<h2 class=\"wp-block-heading has-text-align-left\"><strong>K\u00f6nnen LED-Leuchten in einem explosionsgesch\u00fctzten Bereich verwendet werden?<\/strong><strong><\/strong><\/h2>\n\n\n\n<div class=\"wp-block-uagb-image uagb-block-da1360b5 wp-block-uagb-image--layout-default wp-block-uagb-image--effect-static wp-block-uagb-image--align-none\"><figure class=\"wp-block-uagb-image__figure\"><img decoding=\"async\" srcset=\"https:\/\/led.amasly.com\/wp-content\/uploads\/2025\/01\/LED-explosion-proof-flood-lights.png ,https:\/\/led.amasly.com\/wp-content\/uploads\/2025\/01\/LED-explosion-proof-flood-lights.png 780w, https:\/\/led.amasly.com\/wp-content\/uploads\/2025\/01\/LED-explosion-proof-flood-lights.png 360w\" sizes=\"auto, (max-width: 480px) 150px\" src=\"https:\/\/led.amasly.com\/wp-content\/uploads\/2025\/01\/LED-explosion-proof-flood-lights.png\" alt=\"\" class=\"uag-image-1675\" width=\"1004\" height=\"308\" title=\"Explosionsgesch\u00fctzte LED-Flutlichter\" loading=\"lazy\" role=\"img\"><\/figure><\/div>\n\n\n\n<p>H\u00e4ufig werden Fragen gestellt wie \u201cIn welcher Zone befindet sich die explosionsgesch\u00fctzte Beleuchtung?.<\/p>\n\n\n\n<p>In einem explosionsgesch\u00fctzten Bereich k\u00f6nnen nur explosionsgesch\u00fctzte Leuchten verwendet werden, gew\u00f6hnliche Lampen und Laternen k\u00f6nnen in einem explosionsgesch\u00fctzten Bereich nicht verwendet werden. Gew\u00f6hnliche Lampen werden in Bereichen verwendet, in denen nicht brennbare Gase und St\u00e4ube vorhanden sind.<\/p>\n\n\n\n<h2 class=\"wp-block-heading\"><strong>Was ist ein explosionsgesch\u00fctzter Bereich, ein gef\u00e4hrlicher Bereich?<\/strong><strong><\/strong><\/h2>\n\n\n\n<p>Gem\u00e4\u00df der Internationalen Elektrotechnischen Kommission (IEC)\/Europ\u00e4ischen Elektrotechnischen Kommission (ENEC) werden die Gefahrenbereiche wie folgt klassifiziert:<\/p>\n\n\n\n<h3 class=\"wp-block-heading\"><strong>Zone 0 (Zone 0): <\/strong><strong><\/strong><\/h3>\n\n\n\n<p>bezieht sich auf den Bereich, in dem explosive Gase st\u00e4ndig oder \u00fcber einen l\u00e4ngeren Zeitraum vorhanden sind und in dem die Gefahr gr\u00f6\u00dfer als 1000 Stunden\/Jahr ist.<\/p>\n\n\n\n<p>Ein Bereich, in dem explosive Gasgemische bei normalem Betrieb st\u00e4ndig oder \u00fcber lange Zeitr\u00e4ume vorhanden sind.<\/p>\n\n\n\n<p>Das Innere von Lagertanks in einigen Erd\u00f6lraffinerien beispielsweise, in denen aufgrund der Lagerung von brennbaren und explosiven \u00d6len st\u00e4ndig fl\u00fcchtige, brennbare Gase vorhanden sind, ist eine Umgebung der Zone 0. Die M\u00f6glichkeit einer Explosion in diesem Bereich ist extrem hoch, und die Anforderungen an den Explosionsschutz f\u00fcr elektrische Ger\u00e4te usw. sind am strengsten.<\/p>\n\n\n\n<h3 class=\"wp-block-heading\"><strong>Zone 1 (Zone 1): <\/strong><strong><\/strong><\/h3>\n\n\n\n<p>bezieht sich auf einen Bereich, in dem entflammbare Gase bei normalem Betrieb mit einem Risiko von 10 bis 1000 Stunden\/Jahr vorhanden sein k\u00f6nnen.<\/p>\n\n\n\n<p>Unter Normalbetrieb versteht man den routinem\u00e4\u00dfigen Betrieb von Ger\u00e4ten innerhalb ihrer Auslegungsparameter.<\/p>\n\n\n\n<p>Zum Beispiel in der chemischen Produktionsanlage, einige der Pipeline-Schnittstelle, um brennbare Gase zu transportieren, obwohl die Dichtungsma\u00dfnahmen, aber in den normalen Betrieb des Prozesses kann immer noch eine kleine Menge von brennbaren Gas-Leckage, was zur Bildung von explosiven Gasgemischen, diese Art von Bereich wird in Zone 1 unterteilt werden. 1 Zone der Explosion der M\u00f6glichkeit einer relativ hohen Grad der Explosion, die explosionsgesch\u00fctzte Leistung der Ger\u00e4te Anforderungen sind auch sehr streng.<\/p>\n\n\n\n<h3 class=\"wp-block-heading\"><strong>Zone 2 (Zone 2): <\/strong><strong><\/strong><\/h3>\n\n\n\n<p>bezieht sich auf die Abwesenheit von brennbaren Gasen unter normalen Bedingungen, auch wenn gelegentlich, die Existenz eines sehr kurzen Zeitraums, der Unfall Zustand der Gefahr von 0,1 bis 10 Stunden \/ Jahr.<\/p>\n\n\n\n<p>In einigen gut bel\u00fcfteten Industriebetrieben gibt es zwar eine geringe Anzahl von Ger\u00e4ten, aus denen brennbare Gase austreten k\u00f6nnen, aber das Bel\u00fcftungssystem kann die ausgetretenen Gase verd\u00fcnnen und rechtzeitig absaugen, so dass es unwahrscheinlich ist, dass explosive Gasgemische \u00fcber einen l\u00e4ngeren Zeitraum hinweg vorhanden sind; diese Art von Bereich wird als Zone 2 eingestuft. Im Vergleich zu den Zonen 0 und 1 besteht in Zone 2 eine geringere Explosionswahrscheinlichkeit, aber dennoch sind geeignete Explosionsschutzma\u00dfnahmen erforderlich.<\/p>\n\n\n\n<h2 class=\"wp-block-heading\"><strong>F\u00fcr staubige Umgebungen hat die ATEX eine \u00e4hnliche Klassifizierung: <\/strong><strong><\/strong><\/h2>\n\n\n\n<h3 class=\"wp-block-heading\"><strong>Zone 20: <\/strong><strong><\/strong><\/h3>\n\n\n\n<p>Orte und das Innere von Beh\u00e4ltern, an denen brennbarer Staub st\u00e4ndig oder h\u00e4ufig genug auftritt, um brennbare Staub-Luft-Gemische zu bilden, und\/oder an denen sich bei normalem Betrieb eine unkontrollierte und extrem dicke Staubschicht bilden kann.<\/p>\n\n\n\n<p>So w\u00fcrden beispielsweise die Mahlwerke bestimmter M\u00fchlen, in denen w\u00e4hrend des Produktionsprozesses gro\u00dfe Mengen an Mehlstaub mit hohen und anhaltenden Staubkonzentrationen entstehen, in Zone 20 fallen.<\/p>\n\n\n\n<h3 class=\"wp-block-heading\"><strong>Zone 21: <\/strong><strong><\/strong><\/h3>\n\n\n\n<p>Orte, an denen Staub in ausreichender Menge vorhanden sein kann, um bei normalem Betrieb ein brennbares Staub-Luft-Gemisch zu bilden, die aber nicht als Zone 20 eingestuft sind.<\/p>\n\n\n\n<p>Umfasst in der Regel Bereiche in der N\u00e4he von Staubemissionsquellen (z. B. Trichter, Container usw.), in denen es zu einem zeitweiligen Austreten von Staub kommen kann, was zur Bildung von brennbaren Staub-Luft-Gemischen in bestimmten Bereichen f\u00fchrt, wie z. B. in einigen Bereichen der Materialhandhabung in Zone 21.<\/p>\n\n\n\n<h3 class=\"wp-block-heading\"><strong>Zone 22: <\/strong><strong><\/strong><\/h3>\n\n\n\n<p>Orte, an denen brennbarer Staub gelegentlich und nur f\u00fcr kurze Zeit unter ungew\u00f6hnlichen Bedingungen auftritt oder an denen sich brennbarer Staub gelegentlich ansammelt oder geschichtet werden kann und ein luftgetragenes Gemisch aus brennbarem Staub erzeugt.<\/p>\n\n\n\n<p class=\"has-text-align-left\">In einigen staubproduzierenden, aber gut bel\u00fcfteten und gut gef\u00fchrten Werkst\u00e4tten kann es beispielsweise nur unter au\u00dfergew\u00f6hnlichen Bedingungen, z. B. bei einem Ger\u00e4teausfall, zu einer geringen Staubansammlung kommen, und solche Bereiche werden als Zone 22 eingestuft.<\/p>\n\n\n\n<p>Wissen Sie es jetzt? <strong>K\u00f6nnen LED-Leuchten in einem explosionsgesch\u00fctzten Bereich verwendet werden?<\/strong><\/p>\n\n\n\n<div class=\"wp-block-uagb-container uagb-block-c7d898dd alignfull uagb-is-root-container\"><div class=\"uagb-container-inner-blocks-wrap\"><\/div><\/div>\n\n\n\n<h2 class=\"wp-block-heading\">Verwandte Produkte<\/h2>\n\n\n\n<div class=\"wp-block-uagb-container uagb-block-66e4defc alignfull uagb-is-root-container\"><div class=\"uagb-container-inner-blocks-wrap\">\n<div class=\"wp-block-uagb-container uagb-block-a42945f9\">\n<div class=\"wp-block-uagb-image uagb-block-7296296b wp-block-uagb-image--layout-default wp-block-uagb-image--effect-static wp-block-uagb-image--align-none\"><figure class=\"wp-block-uagb-image__figure\"><a class=\"\" href=\"https:\/\/led.amasly.com\/de\/produkte\/\" target=\"\" rel=\"noopener\"><img decoding=\"async\" srcset=\"https:\/\/led.amasly.com\/wp-content\/uploads\/2024\/09\/Explosion-proof-high-bay-lights.png ,https:\/\/led.amasly.com\/wp-content\/uploads\/2024\/09\/Explosion-proof-high-bay-lights.png 780w, https:\/\/led.amasly.com\/wp-content\/uploads\/2024\/09\/Explosion-proof-high-bay-lights.png 360w\" sizes=\"auto, (max-width: 480px) 150px\" src=\"https:\/\/led.amasly.com\/wp-content\/uploads\/2024\/09\/Explosion-proof-high-bay-lights.png\" alt=\"\" class=\"uag-image-1495\" width=\"300\" height=\"300\" title=\"Explosionsgesch\u00fctzte Hochregallampen\" loading=\"lazy\" role=\"img\"><\/a><\/figure><\/div>\n<\/div>\n\n\n\n<div class=\"wp-block-uagb-container uagb-block-4d3efde5\">\n<div class=\"wp-block-uagb-image uagb-block-c9e90797 wp-block-uagb-image--layout-default wp-block-uagb-image--effect-static wp-block-uagb-image--align-none\"><figure class=\"wp-block-uagb-image__figure\"><a class=\"\" href=\"https:\/\/led.amasly.com\/de\/produkte\/\" target=\"\" rel=\"noopener\"><img decoding=\"async\" srcset=\"https:\/\/led.amasly.com\/wp-content\/uploads\/2024\/07\/LED-tri-proof-lights2.png ,https:\/\/led.amasly.com\/wp-content\/uploads\/2024\/07\/LED-tri-proof-lights2.png 780w, https:\/\/led.amasly.com\/wp-content\/uploads\/2024\/07\/LED-tri-proof-lights2.png 360w\" sizes=\"auto, (max-width: 480px) 150px\" src=\"https:\/\/led.amasly.com\/wp-content\/uploads\/2024\/07\/LED-tri-proof-lights2.png\" alt=\"\" class=\"uag-image-1132\" width=\"300\" height=\"300\" title=\"LED-Dreifach-Leuchten2\" loading=\"lazy\" role=\"img\"><\/a><\/figure><\/div>\n<\/div>\n\n\n\n<div class=\"wp-block-uagb-container uagb-block-11c2578b\">\n<div class=\"wp-block-uagb-image uagb-block-6e8883aa wp-block-uagb-image--layout-default wp-block-uagb-image--effect-static wp-block-uagb-image--align-none\"><figure class=\"wp-block-uagb-image__figure\"><a class=\"\" href=\"https:\/\/led.amasly.com\/de\/produkte\/\" target=\"\" rel=\"noopener\"><img decoding=\"async\" srcset=\"https:\/\/led.amasly.com\/wp-content\/uploads\/2024\/09\/LED-Explosion-Proof-Gas-Station-Light.png ,https:\/\/led.amasly.com\/wp-content\/uploads\/2024\/09\/LED-Explosion-Proof-Gas-Station-Light.png 780w, https:\/\/led.amasly.com\/wp-content\/uploads\/2024\/09\/LED-Explosion-Proof-Gas-Station-Light.png 360w\" sizes=\"auto, (max-width: 480px) 150px\" src=\"https:\/\/led.amasly.com\/wp-content\/uploads\/2024\/09\/LED-Explosion-Proof-Gas-Station-Light.png\" alt=\"\" class=\"uag-image-1501\" width=\"300\" height=\"300\" title=\"LED Explosionssichere Tankstellenleuchte\" loading=\"lazy\" role=\"img\"><\/a><\/figure><\/div>\n<\/div>\n<\/div><\/div>\n\n\n\n<div class=\"wp-block-uagb-container uagb-block-548945b5 alignfull uagb-is-root-container\"><div class=\"uagb-container-inner-blocks-wrap\">\n<div class=\"wp-block-uagb-container uagb-block-967755d5\">\n<h4 class=\"wp-block-heading has-text-align-center\"><a href=\"https:\/\/led.amasly.com\/de\/produkte\/\">LED-Explosionsgesch\u00fctzte Lichter<\/a><\/h4>\n<\/div>\n\n\n\n<div class=\"wp-block-uagb-container uagb-block-9bc52fc2\">\n<h4 class=\"wp-block-heading has-text-align-center\"><a href=\"https:\/\/led.amasly.com\/de\/produkte\/\">LED Tri-Proof-Leuchten<\/a><\/h4>\n<\/div>\n\n\n\n<div class=\"wp-block-uagb-container uagb-block-8ffa0a23\">\n<h4 class=\"wp-block-heading has-text-align-center\"><a href=\"https:\/\/led.amasly.com\/de\/produkte\/\">Explosionssichere Tankstellenbeleuchtungen<\/a><\/h4>\n<\/div>\n<\/div><\/div>\n\n\n\n<div class=\"wp-block-uagb-container uagb-block-29499fe0 alignfull uagb-is-root-container\"><div class=\"uagb-container-inner-blocks-wrap\">\n<div class=\"wp-block-uagb-container uagb-block-777ee1c7\">\n<div class=\"wp-block-uagb-image uagb-block-2e9a1851 wp-block-uagb-image--layout-default wp-block-uagb-image--effect-static wp-block-uagb-image--align-none\"><figure class=\"wp-block-uagb-image__figure\"><a class=\"\" href=\"https:\/\/led.amasly.com\/de\/produkte\/\" target=\"\" rel=\"noopener\"><img decoding=\"async\" srcset=\"https:\/\/led.amasly.com\/wp-content\/uploads\/2024\/10\/50W-100W-150W-200W-300W-LED-Flood-Light.jpg ,https:\/\/led.amasly.com\/wp-content\/uploads\/2024\/10\/50W-100W-150W-200W-300W-LED-Flood-Light.jpg 780w, https:\/\/led.amasly.com\/wp-content\/uploads\/2024\/10\/50W-100W-150W-200W-300W-LED-Flood-Light.jpg 360w\" sizes=\"auto, (max-width: 480px) 150px\" src=\"https:\/\/led.amasly.com\/wp-content\/uploads\/2024\/10\/50W-100W-150W-200W-300W-LED-Flood-Light.jpg\" alt=\"\" class=\"uag-image-1526\" width=\"300\" height=\"300\" title=\"50W 100W 150W 200W 300W LED-Flutlicht\" loading=\"lazy\" role=\"img\"><\/a><\/figure><\/div>\n<\/div>\n\n\n\n<div class=\"wp-block-uagb-container uagb-block-af8c8683\">\n<div class=\"wp-block-uagb-image uagb-block-67947854 wp-block-uagb-image--layout-default wp-block-uagb-image--effect-static wp-block-uagb-image--align-none\"><figure class=\"wp-block-uagb-image__figure\"><a class=\"\" href=\"https:\/\/led.amasly.com\/de\/produkte\/\" target=\"\" rel=\"noopener\"><img decoding=\"async\" srcset=\"https:\/\/led.amasly.com\/wp-content\/uploads\/2024\/07\/led-tri-proof-light.png ,https:\/\/led.amasly.com\/wp-content\/uploads\/2024\/07\/led-tri-proof-light.png 780w, https:\/\/led.amasly.com\/wp-content\/uploads\/2024\/07\/led-tri-proof-light.png 360w\" sizes=\"auto, (max-width: 480px) 150px\" src=\"https:\/\/led.amasly.com\/wp-content\/uploads\/2024\/07\/led-tri-proof-light.png\" alt=\"\" class=\"uag-image-1130\" width=\"300\" height=\"300\" title=\"led-tri-proof-licht\" loading=\"lazy\" role=\"img\"><\/a><\/figure><\/div>\n<\/div>\n\n\n\n<div class=\"wp-block-uagb-container uagb-block-0fdfdd58\">\n<div class=\"wp-block-uagb-image uagb-block-1187d32d wp-block-uagb-image--layout-default wp-block-uagb-image--effect-static wp-block-uagb-image--align-none\"><figure class=\"wp-block-uagb-image__figure\"><a class=\"\" href=\"https:\/\/led.amasly.com\/de\/produkte\/\" target=\"\" rel=\"noopener\"><img decoding=\"async\" srcset=\"https:\/\/led.amasly.com\/wp-content\/uploads\/2024\/07\/LED-street-light.jpg ,https:\/\/led.amasly.com\/wp-content\/uploads\/2024\/07\/LED-street-light.jpg 780w, https:\/\/led.amasly.com\/wp-content\/uploads\/2024\/07\/LED-street-light.jpg 360w\" sizes=\"auto, (max-width: 480px) 150px\" src=\"https:\/\/led.amasly.com\/wp-content\/uploads\/2024\/07\/LED-street-light.jpg\" alt=\"\" class=\"uag-image-1145\" width=\"300\" height=\"300\" title=\"LED-Stra\u00dfenlaterne\" loading=\"lazy\" role=\"img\"><\/a><\/figure><\/div>\n<\/div>\n<\/div><\/div>\n\n\n\n<div class=\"wp-block-uagb-container uagb-block-6a60882c alignfull uagb-is-root-container\"><div class=\"uagb-container-inner-blocks-wrap\">\n<div class=\"wp-block-uagb-container uagb-block-f1e91a35\">\n<h4 class=\"wp-block-heading has-text-align-center\"><a href=\"https:\/\/led.amasly.com\/de\/produkte\/\">LED-Flutlichter<\/a><\/h4>\n<\/div>\n\n\n\n<div class=\"wp-block-uagb-container uagb-block-165bfa58\">\n<h4 class=\"wp-block-heading has-text-align-center\"><a href=\"https:\/\/led.amasly.com\/de\/produkte\/\">LED Tri-Proof-R\u00f6hrenleuchten<\/a><\/h4>\n<\/div>\n\n\n\n<div class=\"wp-block-uagb-container uagb-block-f6096e3b\">\n<h4 class=\"wp-block-heading has-text-align-center\"><a href=\"https:\/\/led.amasly.com\/de\/produkte\/\">LED-Stra\u00dfenlaternen<\/a><\/h4>\n<\/div>\n<\/div><\/div>\n\n\n\n<div class=\"wp-block-uagb-container uagb-block-99c0e0a5 alignfull uagb-is-root-container\"><div class=\"uagb-container-inner-blocks-wrap\"><\/div><\/div>\n\n\n\n<p><\/p>","protected":false},"excerpt":{"rendered":"<p>Can led lights be used in an explosion proof area? Questions such as \u201cWhat zone is explosion-proof lighting in?\u201d are often asked. Only explosion-proof lights can be used in an explosion-proof area, ordinary lamps and lanterns can not be used in an explosion-proof area. Ordinary lamps are used in places where non-combustible gases and dusts [&hellip;]<\/p>\n","protected":false},"author":1,"featured_media":0,"parent":2374,"menu_order":0,"comment_status":"closed","ping_status":"closed","template":"","meta":{"_uag_custom_page_level_css":"","site-sidebar-layout":"no-sidebar","site-content-layout":"","ast-site-content-layout":"default","site-content-style":"default","site-sidebar-style":"default","ast-global-header-display":"","ast-banner-title-visibility":"","ast-main-header-display":"","ast-hfb-above-header-display":"","ast-hfb-below-header-display":"","ast-hfb-mobile-header-display":"","site-post-title":"disabled","ast-breadcrumbs-content":"","ast-featured-img":"","footer-sml-layout":"","ast-disable-related-posts":"","theme-transparent-header-meta":"enabled","adv-header-id-meta":"","stick-header-meta":"","header-above-stick-meta":"","header-main-stick-meta":"","header-below-stick-meta":"","astra-migrate-meta-layouts":"set","ast-page-background-enabled":"default","ast-page-background-meta":{"desktop":{"background-color":"var(--ast-global-color-4)","background-image":"","background-repeat":"repeat","background-position":"center center","background-size":"auto","background-attachment":"scroll","background-type":"","background-media":"","overlay-type":"","overlay-color":"","overlay-opacity":"","overlay-gradient":""},"tablet":{"background-color":"","background-image":"","background-repeat":"repeat","background-position":"center center","background-size":"auto","background-attachment":"scroll","background-type":"","background-media":"","overlay-type":"","overlay-color":"","overlay-opacity":"","overlay-gradient":""},"mobile":{"background-color":"","background-image":"","background-repeat":"repeat","background-position":"center center","background-size":"auto","background-attachment":"scroll","background-type":"","background-media":"","overlay-type":"","overlay-color":"","overlay-opacity":"","overlay-gradient":""}},"ast-content-background-meta":{"desktop":{"background-color":"var(--ast-global-color-5)","background-image":"","background-repeat":"repeat","background-position":"center center","background-size":"auto","background-attachment":"scroll","background-type":"","background-media":"","overlay-type":"","overlay-color":"","overlay-opacity":"","overlay-gradient":""},"tablet":{"background-color":"var(--ast-global-color-5)","background-image":"","background-repeat":"repeat","background-position":"center center","background-size":"auto","background-attachment":"scroll","background-type":"","background-media":"","overlay-type":"","overlay-color":"","overlay-opacity":"","overlay-gradient":""},"mobile":{"background-color":"var(--ast-global-color-5)","background-image":"","background-repeat":"repeat","background-position":"center center","background-size":"auto","background-attachment":"scroll","background-type":"","background-media":"","overlay-type":"","overlay-color":"","overlay-opacity":"","overlay-gradient":""}},"footnotes":""},"class_list":["post-2981","page","type-page","status-publish","hentry"],"uagb_featured_image_src":{"full":false,"thumbnail":false,"medium":false,"medium_large":false,"large":false,"1536x1536":false,"2048x2048":false,"trp-custom-language-flag":false},"uagb_author_info":{"display_name":"Joe","author_link":"https:\/\/led.amasly.com\/de\/author\/jacklin\/"},"uagb_comment_info":0,"uagb_excerpt":"Can led lights be used in an explosion proof area? Questions such as \u201cWhat zone is explosion-proof lighting in?\u201d are often asked. Only explosion-proof lights can be used in an explosion-proof area, ordinary lamps and lanterns can not be used in an explosion-proof area. Ordinary lamps are used in places where non-combustible gases and dusts&hellip;","_links":{"self":[{"href":"https:\/\/led.amasly.com\/de\/wp-json\/wp\/v2\/pages\/2981","targetHints":{"allow":["GET"]}}],"collection":[{"href":"https:\/\/led.amasly.com\/de\/wp-json\/wp\/v2\/pages"}],"about":[{"href":"https:\/\/led.amasly.com\/de\/wp-json\/wp\/v2\/types\/page"}],"author":[{"embeddable":true,"href":"https:\/\/led.amasly.com\/de\/wp-json\/wp\/v2\/users\/1"}],"replies":[{"embeddable":true,"href":"https:\/\/led.amasly.com\/de\/wp-json\/wp\/v2\/comments?post=2981"}],"version-history":[{"count":3,"href":"https:\/\/led.amasly.com\/de\/wp-json\/wp\/v2\/pages\/2981\/revisions"}],"predecessor-version":[{"id":3002,"href":"https:\/\/led.amasly.com\/de\/wp-json\/wp\/v2\/pages\/2981\/revisions\/3002"}],"up":[{"embeddable":true,"href":"https:\/\/led.amasly.com\/de\/wp-json\/wp\/v2\/pages\/2374"}],"wp:attachment":[{"href":"https:\/\/led.amasly.com\/de\/wp-json\/wp\/v2\/media?parent=2981"}],"curies":[{"name":"wp","href":"https:\/\/api.w.org\/{rel}","templated":true}]}}