{"id":2250,"date":"2025-03-05T21:59:57","date_gmt":"2025-03-05T13:59:57","guid":{"rendered":"https:\/\/led.amasly.com\/?page_id=2250"},"modified":"2026-01-22T11:30:42","modified_gmt":"2026-01-22T03:30:42","slug":"exhibition-hall-lighting-solutions","status":"publish","type":"page","link":"https:\/\/led.amasly.com\/de\/solutions\/exhibition-hall-lighting-solutions\/","title":{"rendered":"Ausstellungshalle Beleuchtungsl\u00f6sungen"},"content":{"rendered":"<div class=\"wp-block-uagb-container uagb-block-27bae773 alignfull uagb-is-root-container\"><div class=\"uagb-container-inner-blocks-wrap\"><\/div><\/div>\n\n\n\n<h1 class=\"wp-block-heading has-text-align-center\"><strong>Ausstellungshalle<\/strong> <strong>Intelligente Beleuchtungsl\u00f6sungen<\/strong><\/h1>\n\n\n\n<h2 class=\"wp-block-heading\"><strong>Ausstellungshalle Lighting Solutions design<\/strong><\/h2>\n\n\n\n<p>Die Ausstellungsbeleuchtung spielt eine wichtige Rolle bei der Hervorhebung der Exponate und der Verbesserung der Atmosph\u00e4re des Raums. Die Beleuchtungsplanung einer Ausstellung umfasst drei Formen: nat\u00fcrliche Beleuchtung, k\u00fcnstliche Beleuchtung und integrierte Beleuchtung. Bei kommerziellen Ausstellungen wird jedoch aufgrund der kurzen Ausstellungsdauer und der hohen Anforderungen an das Beleuchtungsniveau meist k\u00fcnstliches Licht oder nat\u00fcrliches Licht und k\u00fcnstliche Lichtquellen in Kombination mit zwei Beleuchtungsarten verwendet (au\u00dfer bei Ausstellungen im Freien).<\/p>\n\n\n\n<div class=\"wp-block-uagb-image uagb-block-b3f70273 wp-block-uagb-image--layout-default wp-block-uagb-image--effect-static wp-block-uagb-image--align-none\"><figure class=\"wp-block-uagb-image__figure\"><img decoding=\"async\" srcset=\"https:\/\/led.amasly.com\/wp-content\/uploads\/2025\/03\/Exhibition-hall-lighting-2-1024x768.jpg ,https:\/\/led.amasly.com\/wp-content\/uploads\/2025\/03\/Exhibition-hall-lighting-2.jpg 780w, https:\/\/led.amasly.com\/wp-content\/uploads\/2025\/03\/Exhibition-hall-lighting-2.jpg 360w\" sizes=\"auto, (max-width: 480px) 150px\" src=\"https:\/\/led.amasly.com\/wp-content\/uploads\/2025\/03\/Exhibition-hall-lighting-2-1024x768.jpg\" alt=\"Exhibition hall Lighting Solutions\" class=\"uag-image-2255\" width=\"1024\" height=\"768\" title=\"Ausstellungshalle Beleuchtungsl\u00f6sungen\" loading=\"lazy\" role=\"img\"\/><\/figure><\/div>\n\n\n\n<h2 class=\"wp-block-heading\"><strong>1. die grundlegenden Anforderungen an <strong>Ausstellungshalle Beleuchtungsl\u00f6sungen<\/strong><\/strong><\/h2>\n\n\n\n<h3 class=\"wp-block-heading\"><strong>1.1 Beleuchtung<\/strong><strong><\/strong><\/h3>\n\n\n\n<p>Verschiedene Displays erfordern unterschiedliche Beleuchtungsst\u00e4rken. Zum Beispiel ben\u00f6tigen Lebensmittel, verschiedene Waren, B\u00fccher und Blumen 100-500 lx; dunkle Textilien, Schmuck und Leder 200-1000 lx; Kunst braucht 300-500 lx; Maschinen und Ger\u00e4te brauchen 100-200 lx.<\/p>\n\n\n\n<h3 class=\"wp-block-heading\"><strong>1.2 Helligkeitsverteilung<\/strong><strong><\/strong><\/h3>\n\n\n\n<p>In der Ausstellung sollte das Thema der Ausstellung der hellste Teil der Vision sein. Lichtquellen, Lampen ziehen keine Aufmerksamkeit auf sich, um dem Publikum zu helfen, sich auf die Betrachtung der Exponate zu konzentrieren. F\u00fcr Exponate, die hervorgehoben werden m\u00fcssen, wird oft eine lokale Beleuchtung verwendet, um den Helligkeitskontrast zur Umgebung zu erh\u00f6hen.<\/p>\n\n\n\n<p>Die Verteilung der Umgebungshelligkeit bestimmt die visuelle Anpassung des Publikums. Zwischen den Ausstellungsr\u00e4umen mit unterschiedlichen Beleuchtungsniveaus, insbesondere im Korridorteil des Ausstellungsraums mit unterschiedlichen Licht- und Schattenverh\u00e4ltnissen, sollte es einen allm\u00e4hlichen \u00dcbergang der Beleuchtungsbereiche geben, so dass das Publikum beim \u00dcbergang von der hellen Umgebung in den dunklen Raum nicht das Gef\u00fchl hat, dass es zu dunkel ist, was das Sehinteresse verringert.<\/p>\n\n\n\n<p>Die Helligkeit und die Farbe des Hintergrunds der Exponate sollten nicht \u00fcberw\u00e4ltigend sein. Das Verh\u00e4ltnis zwischen der Helligkeit der Exponate und des Hintergrunds liegt zwischen 1:3 und 3:1. Im Allgemeinen sollte der Hintergrund eine matte, farblose (oder hellgraue) Oberfl\u00e4che haben.<\/p>\n\n\n\n<div class=\"wp-block-uagb-image uagb-block-99535a38 wp-block-uagb-image--layout-default wp-block-uagb-image--effect-static wp-block-uagb-image--align-none\"><figure class=\"wp-block-uagb-image__figure\"><a class=\"\" href=\"https:\/\/led.amasly.com\/de\/products\/\" target=\"\" rel=\"noopener\"><img decoding=\"async\" srcset=\"https:\/\/led.amasly.com\/wp-content\/uploads\/2025\/03\/Exhibition-hall-lighting-3-1024x682.jpg ,https:\/\/led.amasly.com\/wp-content\/uploads\/2025\/03\/Exhibition-hall-lighting-3.jpg 780w, https:\/\/led.amasly.com\/wp-content\/uploads\/2025\/03\/Exhibition-hall-lighting-3.jpg 360w\" sizes=\"auto, (max-width: 480px) 150px\" src=\"https:\/\/led.amasly.com\/wp-content\/uploads\/2025\/03\/Exhibition-hall-lighting-3-1024x682.jpg\" alt=\"\" class=\"uag-image-2256\" width=\"1280\" height=\"852\" title=\"Beleuchtung von Ausstellungshallen (3)\" loading=\"lazy\" role=\"img\"><\/a><\/figure><\/div>\n\n\n\n<h3 class=\"wp-block-heading\"><strong>1.3 Reflexion und Blendung<\/strong><strong><\/strong><\/h3>\n\n\n\n<p>Im Ausstellungsraum ist es sehr wichtig, st\u00f6rende Reflexionen und Blendungen f\u00fcr das Publikum zu vermeiden. In der Vorplanungs- und Organisationsphase sollten die Position der Fenster und Lampen sowie die Beleuchtungsverteilung in der Ausstellungshalle sorgf\u00e4ltig gepr\u00fcft werden. Erstens muss eine direkte Blendung verhindert werden, z. B. durch die Verwendung von Tageslichtbeleuchtung, die das direkte Sonnenlicht strikt abschirmt, und durch Lampen mit k\u00fcnstlichem Licht, die einen ausreichenden Abschattungswinkel haben. Es gibt mehrere F\u00e4lle von Reflexionsst\u00f6rungen:<\/p>\n\n\n\n<p>(1) Die Blendung, die durch die Reflexion der Lichtquelle durch das Spiegelglas oder eine andere gl\u00e4nzende Oberfl\u00e4che auf die Augen des Zuschauers entsteht, ist eine Reflexion.<\/p>\n\n\n\n<p>(2) Die Helligkeit des Publikums oder anderer Objekte ist gr\u00f6\u00dfer als die Helligkeit der Ausstellungsfl\u00e4che, und das auf dem Glas oder der gl\u00e4nzenden Oberfl\u00e4che erscheinende Reflexionsbild ist eine Sekund\u00e4rreflexion.<\/p>\n\n\n\n<p>(3) Reflektionen von Lichtvorh\u00e4ngen auf Exponaten mit gl\u00e4nzenden Materialien.<\/p>\n\n\n\n<p>Um eine Einzelreflexion zu vermeiden, sollte die Lichtquelle der flachen Exponate au\u00dferhalb des Reflexionsst\u00f6rbereichs angeordnet werden. Wenn die Beleuchtung der Exponate h\u00f6her sein kann als das allgemeine Beleuchtungsniveau der Ausstellungshalle und die Beleuchtung des Zuschauerbereichs, kann die Sekund\u00e4rreflexion abgeschw\u00e4cht werden.<\/p>\n\n\n\n<h3 class=\"wp-block-heading\"><strong>1.4 Farbe der Lichtquelle<\/strong><strong><\/strong><\/h3>\n\n\n\n<p>Aufgrund der Farbanpassung des Sehverm\u00f6gens bleibt die wahrgenommene Farbe eines Objekts unabh\u00e4ngig davon, ob es sonnig oder bew\u00f6lkt ist, immer konstant, solange es ausreichend beleuchtet ist. Daher ist nat\u00fcrliches Licht unter dem Gesichtspunkt der Farbe der Lichtquelle die ideale Lichtquelle. Wird eine k\u00fcnstliche Beleuchtung verwendet, so ist die Wahl der Lichtquelle mit Tageslichtfarbe ideal, um die Eigenfarbe der Exponate zu erhalten.<\/p>\n\n\n\n<h3 class=\"wp-block-heading\"><strong>1.5 Flexibilit\u00e4t<\/strong><strong><\/strong><\/h3>\n\n\n\n<p>Kommerzielle Ausstellungst\u00e4tigkeit ist relativ stark, kurzen Zyklus, um diese Anforderung zu erf\u00fcllen, ist es am besten, flexible optische F\u00fchrung und Spot-Lichter mit allgemeinen Beleuchtungsformen zu verwenden. In Ausstellungsr\u00e4umen mit nat\u00fcrlicher Beleuchtung sollte eine manuelle oder automatische Steuerung des Sonnenschutzes vorhanden sein, um den Lichtstrom jederzeit bei wechselnden Lichtverh\u00e4ltnissen anzupassen.<\/p>\n\n\n\n<h3 class=\"wp-block-heading\"><strong>1.6 Sicherheit<\/strong><strong><\/strong><\/h3>\n\n\n\n<p>Um einen reibungslosen und sicheren Ablauf der Ausstellung zu gew\u00e4hrleisten, sollte auf die W\u00e4rmeableitung der Lichtquelle geachtet werden, und der Stromverbrauch sollte die Stromversorgungslast nicht \u00fcberschreiten.<\/p>\n\n\n\n<h2 class=\"wp-block-heading\"><strong>2. <strong><strong>Ausstellungshalle Beleuchtungsl\u00f6sungen<\/strong><\/strong> Beleuchtungsform<\/strong><\/h2>\n\n\n\n<p>Die \u00fcblicherweise f\u00fcr die Ausstellungsbeleuchtung verwendeten Lampen sind Gl\u00fchlampen f\u00fcr die allgemeine Beleuchtung, Tageslicht- und kaltwei\u00dfe Leuchtstoffr\u00f6hren f\u00fcr die Beleuchtung von Tops oder Vitrinen, kleine Scheinwerfer f\u00fcr die Hauptbeleuchtung und Farblicht f\u00fcr die Schaffung von Atmosph\u00e4re usw., die je nach den spezifischen Umst\u00e4nden ausgew\u00e4hlt werden sollten.<\/p>\n\n\n\n<div class=\"wp-block-uagb-image uagb-block-08bd5d9c wp-block-uagb-image--layout-default wp-block-uagb-image--effect-static wp-block-uagb-image--align-none\"><figure class=\"wp-block-uagb-image__figure\"><a class=\"\" href=\"https:\/\/led.amasly.com\/de\/products\/\" target=\"\" rel=\"noopener\"><img decoding=\"async\" srcset=\"https:\/\/led.amasly.com\/wp-content\/uploads\/2025\/03\/Exhibition-hall-lighting-1-1024x633.jpg ,https:\/\/led.amasly.com\/wp-content\/uploads\/2025\/03\/Exhibition-hall-lighting-1.jpg 780w, https:\/\/led.amasly.com\/wp-content\/uploads\/2025\/03\/Exhibition-hall-lighting-1.jpg 360w\" sizes=\"auto, (max-width: 480px) 150px\" src=\"https:\/\/led.amasly.com\/wp-content\/uploads\/2025\/03\/Exhibition-hall-lighting-1-1024x633.jpg\" alt=\"\" class=\"uag-image-2257\" width=\"1280\" height=\"791\" title=\"Beleuchtung von Ausstellungshallen (1)\" loading=\"lazy\" role=\"img\"><\/a><\/figure><\/div>\n\n\n\n<p>Die Formen der Ausstellungsbeleuchtung sind wie folgt:<\/p>\n\n\n\n<p>(1). Die Lampen und Laternen der Decke und der Vitrine sollten mit einem Zehengitter oder einem Lichtschirm (in der Vitrine) blockiert werden, so dass das Licht direkt darunter oder darunter abgebildet ist.<\/p>\n\n\n\n<p>(2) Der Diakasten verwendet eine reflektierende Seitenwandbeleuchtung (ebene oder gekr\u00fcmmte Oberfl\u00e4che), und das Licht sollte gleichm\u00e4\u00dfig und weich sein.<\/p>\n\n\n\n<p>(3) Die Wandvitrine nutzt die obere und seitliche Mischbeleuchtung.<\/p>\n\n\n\n<p>(4) Die Beleuchtung der Anlage kann aus Schlitzlampen oder Schlitzleuchten bestehen.<\/p>\n\n\n\n<p>(5) F\u00fcr die Beleuchtung markanter Exponate sollten Scheinwerfer verwendet werden.<\/p>\n\n\n\n<p>(6) Um eine bestimmte Atmosph\u00e4re oder einen bestimmten Hintergrund zu schaffen, kann kaltes Licht oder farbiges Licht eingesetzt werden.<\/p>\n\n\n\n<p>(7) Je nach den Anforderungen des Designs kann Lichtwerbung oder Modellierung organisiert werden.<\/p>\n\n\n\n<p><a href=\"http:\/\/www.iec.com\" rel=\"nofollow noopener\" target=\"_blank\">Norm: IEC 60598<\/a><\/p>\n\n\n\n<div class=\"wp-block-uagb-container uagb-block-c7d898dd alignfull uagb-is-root-container\"><div class=\"uagb-container-inner-blocks-wrap\"><\/div><\/div>\n\n\n\n<h2 class=\"wp-block-heading\">Verwandte Produkte<\/h2>\n\n\n\n<div class=\"wp-block-uagb-container uagb-block-66e4defc alignfull uagb-is-root-container\"><div class=\"uagb-container-inner-blocks-wrap\">\n<div class=\"wp-block-uagb-container uagb-block-a42945f9\">\n<div class=\"wp-block-uagb-image uagb-block-7296296b wp-block-uagb-image--layout-default wp-block-uagb-image--effect-static wp-block-uagb-image--align-none\"><figure class=\"wp-block-uagb-image__figure\"><a class=\"\" href=\"https:\/\/led.amasly.com\/de\/products\/\" target=\"\" rel=\"noopener\"><img decoding=\"async\" srcset=\"https:\/\/led.amasly.com\/wp-content\/uploads\/2024\/09\/Explosion-proof-high-bay-lights.png ,https:\/\/led.amasly.com\/wp-content\/uploads\/2024\/09\/Explosion-proof-high-bay-lights.png 780w, https:\/\/led.amasly.com\/wp-content\/uploads\/2024\/09\/Explosion-proof-high-bay-lights.png 360w\" sizes=\"auto, (max-width: 480px) 150px\" src=\"https:\/\/led.amasly.com\/wp-content\/uploads\/2024\/09\/Explosion-proof-high-bay-lights.png\" alt=\"\" class=\"uag-image-1495\" width=\"300\" height=\"300\" title=\"Explosionsgesch\u00fctzte Hochregallampen\" loading=\"lazy\" role=\"img\"><\/a><\/figure><\/div>\n<\/div>\n\n\n\n<div class=\"wp-block-uagb-container uagb-block-4d3efde5\">\n<div class=\"wp-block-uagb-image uagb-block-c9e90797 wp-block-uagb-image--layout-default wp-block-uagb-image--effect-static wp-block-uagb-image--align-none\"><figure class=\"wp-block-uagb-image__figure\"><a class=\"\" href=\"https:\/\/led.amasly.com\/de\/products\/\" target=\"\" rel=\"noopener\"><img decoding=\"async\" srcset=\"https:\/\/led.amasly.com\/wp-content\/uploads\/2024\/07\/LED-tri-proof-lights2.png ,https:\/\/led.amasly.com\/wp-content\/uploads\/2024\/07\/LED-tri-proof-lights2.png 780w, https:\/\/led.amasly.com\/wp-content\/uploads\/2024\/07\/LED-tri-proof-lights2.png 360w\" sizes=\"auto, (max-width: 480px) 150px\" src=\"https:\/\/led.amasly.com\/wp-content\/uploads\/2024\/07\/LED-tri-proof-lights2.png\" alt=\"\" class=\"uag-image-1132\" width=\"300\" height=\"300\" title=\"LED-Dreifach-Leuchten2\" loading=\"lazy\" role=\"img\"><\/a><\/figure><\/div>\n<\/div>\n\n\n\n<div class=\"wp-block-uagb-container uagb-block-11c2578b\">\n<div class=\"wp-block-uagb-image uagb-block-6e8883aa wp-block-uagb-image--layout-default wp-block-uagb-image--effect-static wp-block-uagb-image--align-none\"><figure class=\"wp-block-uagb-image__figure\"><a class=\"\" href=\"https:\/\/led.amasly.com\/de\/products\/\" target=\"\" rel=\"noopener\"><img decoding=\"async\" srcset=\"https:\/\/led.amasly.com\/wp-content\/uploads\/2024\/09\/LED-Explosion-Proof-Gas-Station-Light.png ,https:\/\/led.amasly.com\/wp-content\/uploads\/2024\/09\/LED-Explosion-Proof-Gas-Station-Light.png 780w, https:\/\/led.amasly.com\/wp-content\/uploads\/2024\/09\/LED-Explosion-Proof-Gas-Station-Light.png 360w\" sizes=\"auto, (max-width: 480px) 150px\" src=\"https:\/\/led.amasly.com\/wp-content\/uploads\/2024\/09\/LED-Explosion-Proof-Gas-Station-Light.png\" alt=\"\" class=\"uag-image-1501\" width=\"300\" height=\"300\" title=\"LED Explosionssichere Tankstellenleuchte\" loading=\"lazy\" role=\"img\"><\/a><\/figure><\/div>\n<\/div>\n<\/div><\/div>\n\n\n\n<div class=\"wp-block-uagb-container uagb-block-548945b5 alignfull uagb-is-root-container\"><div class=\"uagb-container-inner-blocks-wrap\">\n<div class=\"wp-block-uagb-container uagb-block-967755d5\">\n<h4 class=\"wp-block-heading has-text-align-center\"><a href=\"https:\/\/led.amasly.com\/de\/products\/\">LED-Explosionsgesch\u00fctzte Lichter<\/a><\/h4>\n<\/div>\n\n\n\n<div class=\"wp-block-uagb-container uagb-block-9bc52fc2\">\n<h4 class=\"wp-block-heading has-text-align-center\"><a href=\"https:\/\/led.amasly.com\/de\/products\/\">LED Tri-Proof-Leuchten<\/a><\/h4>\n<\/div>\n\n\n\n<div class=\"wp-block-uagb-container uagb-block-8ffa0a23\">\n<h4 class=\"wp-block-heading has-text-align-center\"><a href=\"https:\/\/led.amasly.com\/de\/products\/\">Explosionssichere Tankstellenbeleuchtungen<\/a><\/h4>\n<\/div>\n<\/div><\/div>\n\n\n\n<div class=\"wp-block-uagb-container uagb-block-29499fe0 alignfull uagb-is-root-container\"><div class=\"uagb-container-inner-blocks-wrap\">\n<div class=\"wp-block-uagb-container uagb-block-777ee1c7\">\n<div class=\"wp-block-uagb-image uagb-block-2e9a1851 wp-block-uagb-image--layout-default wp-block-uagb-image--effect-static wp-block-uagb-image--align-none\"><figure class=\"wp-block-uagb-image__figure\"><a class=\"\" href=\"https:\/\/led.amasly.com\/de\/products\/\" target=\"\" rel=\"noopener\"><img decoding=\"async\" srcset=\"https:\/\/led.amasly.com\/wp-content\/uploads\/2024\/10\/50W-100W-150W-200W-300W-LED-Flood-Light.jpg ,https:\/\/led.amasly.com\/wp-content\/uploads\/2024\/10\/50W-100W-150W-200W-300W-LED-Flood-Light.jpg 780w, https:\/\/led.amasly.com\/wp-content\/uploads\/2024\/10\/50W-100W-150W-200W-300W-LED-Flood-Light.jpg 360w\" sizes=\"auto, (max-width: 480px) 150px\" src=\"https:\/\/led.amasly.com\/wp-content\/uploads\/2024\/10\/50W-100W-150W-200W-300W-LED-Flood-Light.jpg\" alt=\"\" class=\"uag-image-1526\" width=\"300\" height=\"300\" title=\"50W 100W 150W 200W 300W LED-Flutlicht\" loading=\"lazy\" role=\"img\"><\/a><\/figure><\/div>\n<\/div>\n\n\n\n<div class=\"wp-block-uagb-container uagb-block-af8c8683\">\n<div class=\"wp-block-uagb-image uagb-block-67947854 wp-block-uagb-image--layout-default wp-block-uagb-image--effect-static wp-block-uagb-image--align-none\"><figure class=\"wp-block-uagb-image__figure\"><a class=\"\" href=\"https:\/\/led.amasly.com\/de\/products\/\" target=\"\" rel=\"noopener\"><img decoding=\"async\" srcset=\"https:\/\/led.amasly.com\/wp-content\/uploads\/2024\/07\/led-tri-proof-light.png ,https:\/\/led.amasly.com\/wp-content\/uploads\/2024\/07\/led-tri-proof-light.png 780w, https:\/\/led.amasly.com\/wp-content\/uploads\/2024\/07\/led-tri-proof-light.png 360w\" sizes=\"auto, (max-width: 480px) 150px\" src=\"https:\/\/led.amasly.com\/wp-content\/uploads\/2024\/07\/led-tri-proof-light.png\" alt=\"\" class=\"uag-image-1130\" width=\"300\" height=\"300\" title=\"led-tri-proof-licht\" loading=\"lazy\" role=\"img\"><\/a><\/figure><\/div>\n<\/div>\n\n\n\n<div class=\"wp-block-uagb-container uagb-block-0fdfdd58\">\n<div class=\"wp-block-uagb-image uagb-block-1187d32d wp-block-uagb-image--layout-default wp-block-uagb-image--effect-static wp-block-uagb-image--align-none\"><figure class=\"wp-block-uagb-image__figure\"><a class=\"\" href=\"https:\/\/led.amasly.com\/de\/products\/\" target=\"\" rel=\"noopener\"><img decoding=\"async\" srcset=\"https:\/\/led.amasly.com\/wp-content\/uploads\/2024\/07\/LED-street-light.jpg ,https:\/\/led.amasly.com\/wp-content\/uploads\/2024\/07\/LED-street-light.jpg 780w, https:\/\/led.amasly.com\/wp-content\/uploads\/2024\/07\/LED-street-light.jpg 360w\" sizes=\"auto, (max-width: 480px) 150px\" src=\"https:\/\/led.amasly.com\/wp-content\/uploads\/2024\/07\/LED-street-light.jpg\" alt=\"\" class=\"uag-image-1145\" width=\"300\" height=\"300\" title=\"LED-Stra\u00dfenlaterne\" loading=\"lazy\" role=\"img\"><\/a><\/figure><\/div>\n<\/div>\n<\/div><\/div>\n\n\n\n<div class=\"wp-block-uagb-container uagb-block-6a60882c alignfull uagb-is-root-container\"><div class=\"uagb-container-inner-blocks-wrap\">\n<div class=\"wp-block-uagb-container uagb-block-f1e91a35\">\n<h4 class=\"wp-block-heading has-text-align-center\"><a href=\"https:\/\/led.amasly.com\/de\/products\/\">LED-Flutlichter<\/a><\/h4>\n<\/div>\n\n\n\n<div class=\"wp-block-uagb-container uagb-block-165bfa58\">\n<h4 class=\"wp-block-heading has-text-align-center\"><a href=\"https:\/\/led.amasly.com\/de\/products\/\">LED Tri-Proof-R\u00f6hrenleuchten<\/a><\/h4>\n<\/div>\n\n\n\n<div class=\"wp-block-uagb-container uagb-block-f6096e3b\">\n<h4 class=\"wp-block-heading has-text-align-center\"><a href=\"https:\/\/led.amasly.com\/de\/products\/\">LED-Stra\u00dfenlaternen<\/a><\/h4>\n<\/div>\n<\/div><\/div>\n\n\n\n<div class=\"wp-block-uagb-container uagb-block-99c0e0a5 alignfull uagb-is-root-container\"><div class=\"uagb-container-inner-blocks-wrap\"><\/div><\/div>","protected":false},"excerpt":{"rendered":"<p>Exhibition hall Intelligent Lighting Solutions Exhibition hall Lighting Solutions design Exhibition lighting plays an important role in highlighting exhibits and enhancing the atmosphere of the space. The lighting design of the exhibition includes three forms of natural lighting, artificial lighting and integrated lighting. However, as far as commercial exhibitions are concerned, because of their short [&hellip;]<\/p>\n","protected":false},"author":1,"featured_media":0,"parent":1808,"menu_order":0,"comment_status":"closed","ping_status":"closed","template":"","meta":{"_uag_custom_page_level_css":"","site-sidebar-layout":"no-sidebar","site-content-layout":"","ast-site-content-layout":"default","site-content-style":"default","site-sidebar-style":"default","ast-global-header-display":"","ast-banner-title-visibility":"","ast-main-header-display":"","ast-hfb-above-header-display":"","ast-hfb-below-header-display":"","ast-hfb-mobile-header-display":"","site-post-title":"disabled","ast-breadcrumbs-content":"","ast-featured-img":"","footer-sml-layout":"","ast-disable-related-posts":"","theme-transparent-header-meta":"enabled","adv-header-id-meta":"","stick-header-meta":"","header-above-stick-meta":"","header-main-stick-meta":"","header-below-stick-meta":"","astra-migrate-meta-layouts":"set","ast-page-background-enabled":"default","ast-page-background-meta":{"desktop":{"background-color":"var(--ast-global-color-4)","background-image":"","background-repeat":"repeat","background-position":"center center","background-size":"auto","background-attachment":"scroll","background-type":"","background-media":"","overlay-type":"","overlay-color":"","overlay-opacity":"","overlay-gradient":""},"tablet":{"background-color":"","background-image":"","background-repeat":"repeat","background-position":"center center","background-size":"auto","background-attachment":"scroll","background-type":"","background-media":"","overlay-type":"","overlay-color":"","overlay-opacity":"","overlay-gradient":""},"mobile":{"background-color":"","background-image":"","background-repeat":"repeat","background-position":"center center","background-size":"auto","background-attachment":"scroll","background-type":"","background-media":"","overlay-type":"","overlay-color":"","overlay-opacity":"","overlay-gradient":""}},"ast-content-background-meta":{"desktop":{"background-color":"var(--ast-global-color-5)","background-image":"","background-repeat":"repeat","background-position":"center center","background-size":"auto","background-attachment":"scroll","background-type":"","background-media":"","overlay-type":"","overlay-color":"","overlay-opacity":"","overlay-gradient":""},"tablet":{"background-color":"var(--ast-global-color-5)","background-image":"","background-repeat":"repeat","background-position":"center center","background-size":"auto","background-attachment":"scroll","background-type":"","background-media":"","overlay-type":"","overlay-color":"","overlay-opacity":"","overlay-gradient":""},"mobile":{"background-color":"var(--ast-global-color-5)","background-image":"","background-repeat":"repeat","background-position":"center center","background-size":"auto","background-attachment":"scroll","background-type":"","background-media":"","overlay-type":"","overlay-color":"","overlay-opacity":"","overlay-gradient":""}},"footnotes":""},"class_list":["post-2250","page","type-page","status-publish","hentry"],"uagb_featured_image_src":{"full":false,"thumbnail":false,"medium":false,"medium_large":false,"large":false,"1536x1536":false,"2048x2048":false,"trp-custom-language-flag":false},"uagb_author_info":{"display_name":"Joe","author_link":"https:\/\/led.amasly.com\/de\/author\/jacklin\/"},"uagb_comment_info":0,"uagb_excerpt":"Exhibition hall Intelligent Lighting Solutions Exhibition hall Lighting Solutions design Exhibition lighting plays an important role in highlighting exhibits and enhancing the atmosphere of the space. The lighting design of the exhibition includes three forms of natural lighting, artificial lighting and integrated lighting. However, as far as commercial exhibitions are concerned, because of their short&hellip;","_links":{"self":[{"href":"https:\/\/led.amasly.com\/de\/wp-json\/wp\/v2\/pages\/2250","targetHints":{"allow":["GET"]}}],"collection":[{"href":"https:\/\/led.amasly.com\/de\/wp-json\/wp\/v2\/pages"}],"about":[{"href":"https:\/\/led.amasly.com\/de\/wp-json\/wp\/v2\/types\/page"}],"author":[{"embeddable":true,"href":"https:\/\/led.amasly.com\/de\/wp-json\/wp\/v2\/users\/1"}],"replies":[{"embeddable":true,"href":"https:\/\/led.amasly.com\/de\/wp-json\/wp\/v2\/comments?post=2250"}],"version-history":[{"count":2,"href":"https:\/\/led.amasly.com\/de\/wp-json\/wp\/v2\/pages\/2250\/revisions"}],"predecessor-version":[{"id":4560,"href":"https:\/\/led.amasly.com\/de\/wp-json\/wp\/v2\/pages\/2250\/revisions\/4560"}],"up":[{"embeddable":true,"href":"https:\/\/led.amasly.com\/de\/wp-json\/wp\/v2\/pages\/1808"}],"wp:attachment":[{"href":"https:\/\/led.amasly.com\/de\/wp-json\/wp\/v2\/media?parent=2250"}],"curies":[{"name":"wp","href":"https:\/\/api.w.org\/{rel}","templated":true}]}}