{"id":1872,"date":"2025-02-17T20:35:48","date_gmt":"2025-02-17T12:35:48","guid":{"rendered":"https:\/\/led.amasly.com\/?page_id=1872"},"modified":"2026-01-22T13:29:38","modified_gmt":"2026-01-22T05:29:38","slug":"spray-paint-booth-lighting-solution","status":"publish","type":"page","link":"https:\/\/led.amasly.com\/de\/solutions\/spray-paint-booth-lighting-solution\/","title":{"rendered":"Beleuchtungsl\u00f6sung f\u00fcr Lackierkabinen"},"content":{"rendered":"<div class=\"wp-block-uagb-container uagb-block-27bae773 alignfull uagb-is-root-container\"><div class=\"uagb-container-inner-blocks-wrap\"><\/div><\/div>\n\n\n\n<h1 class=\"wp-block-heading has-text-align-center\">Beleuchtungsl\u00f6sung f\u00fcr Lackierkabinen<\/h1>\n\n\n\n<h2 class=\"wp-block-heading\">Lackierkabinen-Beleuchtungsl\u00f6sung einf\u00fchren:<\/h2>\n\n\n\n<p class=\"has-medium-font-size\">Die Spritzkabine ist ein spezieller Ort f\u00fcr Verfahren wie die Autolackierung. Die Beleuchtung ist eine der wichtigsten Voraussetzungen f\u00fcr einen reibungslosen Ablauf der Lackierarbeiten. Im Folgenden werden die Standardanforderungen an die Beleuchtung in der Lackierkabine vorgestellt, um die Sicherheit und Effizienz der Arbeitsumgebung zu gew\u00e4hrleisten. <\/p>\n\n\n\n<div class=\"wp-block-uagb-image uagb-block-5cafb6e3 wp-block-uagb-image--layout-default wp-block-uagb-image--effect-static wp-block-uagb-image--align-none\"><figure class=\"wp-block-uagb-image__figure\"><img decoding=\"async\" srcset=\"https:\/\/led.amasly.com\/wp-content\/uploads\/2025\/02\/ae1190ec525cf7c5f16750c1ae3fc57b_u34809169623780316508fm253fmtautoapp138fJPEG_w750h500.jpg ,https:\/\/led.amasly.com\/wp-content\/uploads\/2025\/02\/ae1190ec525cf7c5f16750c1ae3fc57b_u34809169623780316508fm253fmtautoapp138fJPEG_w750h500.jpg 780w, https:\/\/led.amasly.com\/wp-content\/uploads\/2025\/02\/ae1190ec525cf7c5f16750c1ae3fc57b_u34809169623780316508fm253fmtautoapp138fJPEG_w750h500.jpg 360w\" sizes=\"auto, (max-width: 480px) 150px\" src=\"https:\/\/led.amasly.com\/wp-content\/uploads\/2025\/02\/ae1190ec525cf7c5f16750c1ae3fc57b_u34809169623780316508fm253fmtautoapp138fJPEG_w750h500.jpg\" alt=\"Spray Paint Booth Lighting Solution \" class=\"uag-image-1873\" width=\"750\" height=\"500\" title=\"Beleuchtungsl\u00f6sung f\u00fcr Lackierkabinen \" loading=\"lazy\" role=\"img\"\/><\/figure><\/div>\n\n\n\n<h3 class=\"wp-block-heading has-medium-font-size\">Erstens: Beleuchtungsl\u00f6sung f\u00fcr Lackierkabinen: Die Beleuchtungsst\u00e4rke der Spritzkabine sollte den einschl\u00e4gigen nationalen Normen entsprechen. <\/h3>\n\n\n\n<p class=\"has-medium-font-size\">Im Allgemeinen muss die Beleuchtungsst\u00e4rke in der Spritzkabine zwischen 500 und 1000 Lux liegen, damit das Personal den Arbeitsbereich gut sehen kann und Arbeitsfehler oder Unf\u00e4lle aufgrund von unzureichendem Licht vermieden werden.<\/p>\n\n\n\n<h3 class=\"wp-block-heading has-medium-font-size\">Zweitens, Beleuchtungsl\u00f6sung f\u00fcr Lackierkabinen: Die Beleuchtungsausr\u00fcstung in der Lackierkabine sollte eine bestimmte explosionssichere Leistung aufweisen. <\/h3>\n\n\n\n<p class=\"has-medium-font-size\">Farbe ist ein brennbarer chemischer Stoff. Wenn die Konzentration von Farbe in der Luft ein bestimmtes Niveau erreicht, entz\u00fcndet sie sich und explodiert, wenn sie hohen Temperaturen oder offenen Flammen ausgesetzt wird. Die Spritzkabine ist ein Ort, an dem immer Farbe vorhanden ist. Die Brandgefahr in einer Spritzkabine h\u00e4ngt von der Art der verwendeten Farbe, der Spritzmethode und der verwendeten Menge sowie von den Bedingungen in der Spritzkabine ab. In Situationen, in denen entflammbare Farben und organische L\u00f6sungsmittel verwendet werden, ist die Explosions- und Brandgefahr gr\u00f6\u00dfer. Explosions- und Brandunf\u00e4lle k\u00f6nnen schwere Verluste an Menschenleben und Eigentum verursachen und den normalen Produktionsprozess ernsthaft beeintr\u00e4chtigen. <\/p>\n\n\n\n<p class=\"has-medium-font-size\">Explosionssichere Lampen sind Lampen, die verschiedene spezifische Ma\u00dfnahmen ergreifen, um die Z\u00fcndung von explosiven Gemischen in der Umgebung zu verhindern, wie z. B. explosive Gasumgebungen, explosive Staubumgebungen und Gas. Das hei\u00dft, dass explosionssichere LED-Lampen bei Kontakt mit explosiven Gasen keine M\u00f6glichkeit der Verbrennung und Explosion haben und eine explosionssichere Rolle spielen k\u00f6nnen. Gleichzeitig sollte das Schutzniveau der Beleuchtungsausr\u00fcstung auch den Anforderungen an die Arbeitsumgebung der Spritzkabine entsprechen, um eine Besch\u00e4digung der Lampen durch Staub, korrosive Gase usw. zu verhindern.<\/p>\n\n\n\n<div class=\"wp-block-uagb-image uagb-block-70264c38 wp-block-uagb-image--layout-default wp-block-uagb-image--effect-static wp-block-uagb-image--align-none\"><figure class=\"wp-block-uagb-image__figure\"><img decoding=\"async\" srcset=\"https:\/\/led.amasly.com\/wp-content\/uploads\/2025\/02\/c2956f7d5b3578c1a7dd90ac99459aab_u1350078580711437809fm253fmtautoapp138fJPEG_w667h500.jpg ,https:\/\/led.amasly.com\/wp-content\/uploads\/2025\/02\/c2956f7d5b3578c1a7dd90ac99459aab_u1350078580711437809fm253fmtautoapp138fJPEG_w667h500.jpg 780w, https:\/\/led.amasly.com\/wp-content\/uploads\/2025\/02\/c2956f7d5b3578c1a7dd90ac99459aab_u1350078580711437809fm253fmtautoapp138fJPEG_w667h500.jpg 360w\" sizes=\"auto, (max-width: 480px) 150px\" src=\"https:\/\/led.amasly.com\/wp-content\/uploads\/2025\/02\/c2956f7d5b3578c1a7dd90ac99459aab_u1350078580711437809fm253fmtautoapp138fJPEG_w667h500.jpg\" alt=\"\" class=\"uag-image-1875\" width=\"500\" height=\"375\" title=\"c2956f7d5b3578c1a7dd90ac99459aab_u=1350078580,711437809&amp;fm=253&amp;fmt=auto&amp;app=138&amp;f=JPEG_w=667&amp;h=500\" loading=\"lazy\" role=\"img\"><\/figure><\/div>\n\n\n\n<p class=\"has-medium-font-size\">Dar\u00fcber hinaus sollte die Beleuchtungsausr\u00fcstung in der Spritzkabine eine gewisse Korrosionsbest\u00e4ndigkeit aufweisen. Die Chemikalien und L\u00f6sungsmittel in der Spritzkabine k\u00f6nnen eine gewisse Korrosion an der Beleuchtungsausr\u00fcstung verursachen. Daher sollten die Materialien der Beleuchtungsausr\u00fcstung aus Materialien mit guter Korrosionsbest\u00e4ndigkeit bestehen, und es ist eine regelm\u00e4\u00dfige Inspektion und Wartung erforderlich, um ihren normalen Betrieb und ihre Lebensdauer zu gew\u00e4hrleisten. <\/p>\n\n\n\n<p class=\"has-medium-font-size\">Dar\u00fcber hinaus sollte die Beleuchtungsanlage in der Spritzkabine auch ein gewisses Ma\u00df an staubdichter Leistung aufweisen. W\u00e4hrend des Spritzlackierens entsteht eine gro\u00dfe Menge an feinen Partikeln. Wenn diese in das Innere der Beleuchtungsanlage gelangen, beeintr\u00e4chtigt dies nicht nur die Beleuchtungswirkung, sondern kann auch zum Ausfall der Anlage f\u00fchren. Daher sollten die Beleuchtungsanlagen \u00fcber wirksame staubdichte Ma\u00dfnahmen verf\u00fcgen, wie z. B. abgedichtete Konstruktionen und Filter, um die Auswirkungen von externen Partikeln auf die Anlagen zu verringern. <\/p>\n\n\n\n<h2 class=\"wp-block-heading has-large-font-size\">Beleuchtungsl\u00f6sung f\u00fcr Lackierkabinen: Anforderungen an die Beleuchtung in einer Lackierkabine:<\/h2>\n\n\n\n<p class=\"has-medium-font-size\">1. Ausreichende Beleuchtungsst\u00e4rke: Die Spritzkabine sollte eine ausreichende Beleuchtungsintensit\u00e4t bieten, damit die Arbeiter den Arbeitsbereich und die zu bearbeitenden Objekte genau sehen k\u00f6nnen. Im Allgemeinen sollte die Beleuchtungsintensit\u00e4t zwischen 500 und 1000 Lux liegen. <\/p>\n\n\n\n<div class=\"wp-block-uagb-image uagb-block-5a9e8c5b wp-block-uagb-image--layout-default wp-block-uagb-image--effect-static wp-block-uagb-image--align-none\"><figure class=\"wp-block-uagb-image__figure\"><a class=\"\" href=\"https:\/\/led.amasly.com\/de\/\" target=\"\" rel=\"noopener\"><img decoding=\"async\" srcset=\"https:\/\/led.amasly.com\/wp-content\/uploads\/2025\/02\/ce5b1501b901acdd8f26292758e2967e_painter-5956474_1280-1024x683.jpg ,https:\/\/led.amasly.com\/wp-content\/uploads\/2025\/02\/ce5b1501b901acdd8f26292758e2967e_painter-5956474_1280.jpg 780w, https:\/\/led.amasly.com\/wp-content\/uploads\/2025\/02\/ce5b1501b901acdd8f26292758e2967e_painter-5956474_1280.jpg 360w\" sizes=\"auto, (max-width: 480px) 150px\" src=\"https:\/\/led.amasly.com\/wp-content\/uploads\/2025\/02\/ce5b1501b901acdd8f26292758e2967e_painter-5956474_1280-1024x683.jpg\" alt=\"\" class=\"uag-image-1876\" width=\"1280\" height=\"854\" title=\"ce5b1501b901acdd8f26292758e2967e_painter-5956474_1280\" loading=\"lazy\" role=\"img\"><\/a><\/figure><\/div>\n\n\n\n<p class=\"has-medium-font-size\">2. Gleichm\u00e4\u00dfige Lichtverteilung: Der Lackiervorgang erfordert eine gleichm\u00e4\u00dfige Lichtverteilung, um Sichtbehinderungen durch Schatten oder Reflexionen zu vermeiden. Daher sollten in der Spritzkabine mehrere Beleuchtungsk\u00f6rper installiert werden, um sicherzustellen, dass der gesamte Arbeitsbereich gleichm\u00e4\u00dfig beleuchtet wird. <\/p>\n\n\n\n<p class=\"has-medium-font-size\">3. Gute Farbwiedergabe: Das Beleuchtungssystem in der Spritzkabine sollte eine gute Farbwiedergabe haben, um sicherzustellen, dass die Farben der gespritzten Objekte genau dargestellt werden k\u00f6nnen. W\u00e4hlen Sie geeignete Beleuchtungsger\u00e4te und -vorrichtungen, um Farbverzerrungen zu minimieren. <\/p>\n\n\n\n<p class=\"has-medium-font-size\">4. Explosionssichere Beleuchtungseinrichtungen: Die Beleuchtungseinrichtungen in der Spritzkabine sollten explosionssichere Anforderungen erf\u00fcllen, um Brand- oder Explosionsunf\u00e4lle zu verhindern, die durch die Beleuchtungseinrichtungen w\u00e4hrend des Spritzlackiervorgangs verursacht werden. Verwenden Sie explosionsgesch\u00fctzte Lampen und speziell entwickelte Beleuchtungssysteme, um die Sicherheit der Arbeitsumgebung zu gew\u00e4hrleisten. <\/p>\n\n\n\n<p class=\"has-medium-font-size\">5. Staubdichtes Design: W\u00e4hrend des Lackiervorgangs wird eine gro\u00dfe Menge an fliegendem Staub und feinen Partikeln erzeugt. Die Beleuchtungsausr\u00fcstung in der Spritzkabine sollte staubdicht sein, um zu verhindern, dass Staub in die Beleuchtungsk\u00f6rper eindringt, was zu einem Ausfall der Lampen f\u00fchren oder die Beleuchtungswirkung beeintr\u00e4chtigen k\u00f6nnte. <\/p>\n\n\n\n<p class=\"has-medium-font-size\">6. Einstellbarer Beleuchtungswinkel: W\u00e4hrend des Lackiervorgangs m\u00fcssen die Arbeiter m\u00f6glicherweise den Beleuchtungswinkel einstellen, um den besten visuellen Effekt zu erzielen. Daher sollte die Beleuchtungseinrichtung in der Spritzkabine einen einstellbaren Beleuchtungswinkel haben, um verschiedenen betrieblichen Anforderungen gerecht zu werden. <\/p>\n\n\n\n<div class=\"wp-block-uagb-image uagb-block-2134e63a wp-block-uagb-image--layout-default wp-block-uagb-image--effect-static wp-block-uagb-image--align-none\"><figure class=\"wp-block-uagb-image__figure\"><img decoding=\"async\" srcset=\"https:\/\/led.amasly.com\/wp-content\/uploads\/2025\/02\/88150ef17596ea36df23e5b819afb9e2_u42383924702067432178fm253fmtautoapp138fJPEG_w751h500.jpg ,https:\/\/led.amasly.com\/wp-content\/uploads\/2025\/02\/88150ef17596ea36df23e5b819afb9e2_u42383924702067432178fm253fmtautoapp138fJPEG_w751h500.jpg 780w, https:\/\/led.amasly.com\/wp-content\/uploads\/2025\/02\/88150ef17596ea36df23e5b819afb9e2_u42383924702067432178fm253fmtautoapp138fJPEG_w751h500.jpg 360w\" sizes=\"auto, (max-width: 480px) 150px\" src=\"https:\/\/led.amasly.com\/wp-content\/uploads\/2025\/02\/88150ef17596ea36df23e5b819afb9e2_u42383924702067432178fm253fmtautoapp138fJPEG_w751h500.jpg\" alt=\"\" class=\"uag-image-1877\" width=\"751\" height=\"500\" title=\"88150ef17596ea36df23e5b819afb9e2_u=4238392470,2067432178&amp;fm=253&amp;fmt=auto&amp;app=138&amp;f=JPEG_w=751&amp;h=500\" loading=\"lazy\" role=\"img\"><\/figure><\/div>\n\n\n\n<p class=\"has-medium-font-size\">Zusammenfassend l\u00e4sst sich sagen, dass es bestimmte Normen f\u00fcr die Beleuchtung in Spritzkabinen gibt. Beleuchtungsst\u00e4rke, Explosionsschutz, Korrosionsbest\u00e4ndigkeit und Staubdichtigkeit sind wichtige Faktoren, die bei der Planung der Beleuchtung von Spritzkabinen zu ber\u00fccksichtigen sind. Nur wenn diese Anforderungen erf\u00fcllt werden, kann die Sicherheit und Effizienz der Spritzlackierarbeiten gew\u00e4hrleistet werden. Daher m\u00fcssen bei der Planung der Beleuchtung und der Auswahl der Ausr\u00fcstung von Spritzkabinen die einschl\u00e4gigen Normen strikt eingehalten werden, um gute Arbeitsbedingungen und die Sicherheit der Mitarbeiter zu gew\u00e4hrleisten.<\/p>\n\n\n\n<p>Standard: <a href=\"http:\/\/www.iec.com\" rel=\"nofollow noopener\" target=\"_blank\">IEC 60598 IEC60079<\/a><\/p>\n\n\n\n<div class=\"wp-block-uagb-container uagb-block-c7d898dd alignfull uagb-is-root-container\"><div class=\"uagb-container-inner-blocks-wrap\"><\/div><\/div>\n\n\n\n<h2 class=\"wp-block-heading\">Verwandte Produkte<\/h2>\n\n\n\n<div class=\"wp-block-uagb-container uagb-block-66e4defc alignfull uagb-is-root-container\"><div class=\"uagb-container-inner-blocks-wrap\">\n<div class=\"wp-block-uagb-container uagb-block-a42945f9\">\n<div class=\"wp-block-uagb-image uagb-block-7296296b wp-block-uagb-image--layout-default wp-block-uagb-image--effect-static wp-block-uagb-image--align-none\"><figure class=\"wp-block-uagb-image__figure\"><a class=\"\" href=\"https:\/\/led.amasly.com\/de\/products\/\" target=\"\" rel=\"noopener\"><img decoding=\"async\" srcset=\"https:\/\/led.amasly.com\/wp-content\/uploads\/2024\/09\/Explosion-proof-high-bay-lights.png ,https:\/\/led.amasly.com\/wp-content\/uploads\/2024\/09\/Explosion-proof-high-bay-lights.png 780w, https:\/\/led.amasly.com\/wp-content\/uploads\/2024\/09\/Explosion-proof-high-bay-lights.png 360w\" sizes=\"auto, (max-width: 480px) 150px\" src=\"https:\/\/led.amasly.com\/wp-content\/uploads\/2024\/09\/Explosion-proof-high-bay-lights.png\" alt=\"\" class=\"uag-image-1495\" width=\"300\" height=\"300\" title=\"Explosionsgesch\u00fctzte Hochregallampen\" loading=\"lazy\" role=\"img\"><\/a><\/figure><\/div>\n<\/div>\n\n\n\n<div class=\"wp-block-uagb-container uagb-block-4d3efde5\">\n<div class=\"wp-block-uagb-image uagb-block-c9e90797 wp-block-uagb-image--layout-default wp-block-uagb-image--effect-static wp-block-uagb-image--align-none\"><figure class=\"wp-block-uagb-image__figure\"><a class=\"\" href=\"https:\/\/led.amasly.com\/de\/products\/\" target=\"\" rel=\"noopener\"><img decoding=\"async\" srcset=\"https:\/\/led.amasly.com\/wp-content\/uploads\/2024\/07\/LED-tri-proof-lights2.png ,https:\/\/led.amasly.com\/wp-content\/uploads\/2024\/07\/LED-tri-proof-lights2.png 780w, https:\/\/led.amasly.com\/wp-content\/uploads\/2024\/07\/LED-tri-proof-lights2.png 360w\" sizes=\"auto, (max-width: 480px) 150px\" src=\"https:\/\/led.amasly.com\/wp-content\/uploads\/2024\/07\/LED-tri-proof-lights2.png\" alt=\"\" class=\"uag-image-1132\" width=\"300\" height=\"300\" title=\"LED-Dreifach-Leuchten2\" loading=\"lazy\" role=\"img\"><\/a><\/figure><\/div>\n<\/div>\n\n\n\n<div class=\"wp-block-uagb-container uagb-block-11c2578b\">\n<div class=\"wp-block-uagb-image uagb-block-6e8883aa wp-block-uagb-image--layout-default wp-block-uagb-image--effect-static wp-block-uagb-image--align-none\"><figure class=\"wp-block-uagb-image__figure\"><a class=\"\" href=\"https:\/\/led.amasly.com\/de\/products\/\" target=\"\" rel=\"noopener\"><img decoding=\"async\" srcset=\"https:\/\/led.amasly.com\/wp-content\/uploads\/2024\/09\/LED-Explosion-Proof-Gas-Station-Light.png ,https:\/\/led.amasly.com\/wp-content\/uploads\/2024\/09\/LED-Explosion-Proof-Gas-Station-Light.png 780w, https:\/\/led.amasly.com\/wp-content\/uploads\/2024\/09\/LED-Explosion-Proof-Gas-Station-Light.png 360w\" sizes=\"auto, (max-width: 480px) 150px\" src=\"https:\/\/led.amasly.com\/wp-content\/uploads\/2024\/09\/LED-Explosion-Proof-Gas-Station-Light.png\" alt=\"\" class=\"uag-image-1501\" width=\"300\" height=\"300\" title=\"LED Explosionssichere Tankstellenleuchte\" loading=\"lazy\" role=\"img\"><\/a><\/figure><\/div>\n<\/div>\n<\/div><\/div>\n\n\n\n<div class=\"wp-block-uagb-container uagb-block-548945b5 alignfull uagb-is-root-container\"><div class=\"uagb-container-inner-blocks-wrap\">\n<div class=\"wp-block-uagb-container uagb-block-967755d5\">\n<h4 class=\"wp-block-heading has-text-align-center\"><a href=\"https:\/\/led.amasly.com\/de\/products\/\">LED-Explosionsgesch\u00fctzte Lichter<\/a><\/h4>\n<\/div>\n\n\n\n<div class=\"wp-block-uagb-container uagb-block-9bc52fc2\">\n<h4 class=\"wp-block-heading has-text-align-center\"><a href=\"https:\/\/led.amasly.com\/de\/products\/\">LED Tri-Proof-Leuchten<\/a><\/h4>\n<\/div>\n\n\n\n<div class=\"wp-block-uagb-container uagb-block-8ffa0a23\">\n<h4 class=\"wp-block-heading has-text-align-center\"><a href=\"https:\/\/led.amasly.com\/de\/products\/\">Explosionssichere Tankstellenbeleuchtungen<\/a><\/h4>\n<\/div>\n<\/div><\/div>\n\n\n\n<div class=\"wp-block-uagb-container uagb-block-29499fe0 alignfull uagb-is-root-container\"><div class=\"uagb-container-inner-blocks-wrap\">\n<div class=\"wp-block-uagb-container uagb-block-777ee1c7\">\n<div class=\"wp-block-uagb-image uagb-block-2e9a1851 wp-block-uagb-image--layout-default wp-block-uagb-image--effect-static wp-block-uagb-image--align-none\"><figure class=\"wp-block-uagb-image__figure\"><a class=\"\" href=\"https:\/\/led.amasly.com\/de\/products\/\" target=\"\" rel=\"noopener\"><img decoding=\"async\" srcset=\"https:\/\/led.amasly.com\/wp-content\/uploads\/2024\/10\/50W-100W-150W-200W-300W-LED-Flood-Light.jpg ,https:\/\/led.amasly.com\/wp-content\/uploads\/2024\/10\/50W-100W-150W-200W-300W-LED-Flood-Light.jpg 780w, https:\/\/led.amasly.com\/wp-content\/uploads\/2024\/10\/50W-100W-150W-200W-300W-LED-Flood-Light.jpg 360w\" sizes=\"auto, (max-width: 480px) 150px\" src=\"https:\/\/led.amasly.com\/wp-content\/uploads\/2024\/10\/50W-100W-150W-200W-300W-LED-Flood-Light.jpg\" alt=\"\" class=\"uag-image-1526\" width=\"300\" height=\"300\" title=\"50W 100W 150W 200W 300W LED-Flutlicht\" loading=\"lazy\" role=\"img\"><\/a><\/figure><\/div>\n<\/div>\n\n\n\n<div class=\"wp-block-uagb-container uagb-block-af8c8683\">\n<div class=\"wp-block-uagb-image uagb-block-67947854 wp-block-uagb-image--layout-default wp-block-uagb-image--effect-static wp-block-uagb-image--align-none\"><figure class=\"wp-block-uagb-image__figure\"><a class=\"\" href=\"https:\/\/led.amasly.com\/de\/products\/\" target=\"\" rel=\"noopener\"><img decoding=\"async\" srcset=\"https:\/\/led.amasly.com\/wp-content\/uploads\/2024\/07\/led-tri-proof-light.png ,https:\/\/led.amasly.com\/wp-content\/uploads\/2024\/07\/led-tri-proof-light.png 780w, https:\/\/led.amasly.com\/wp-content\/uploads\/2024\/07\/led-tri-proof-light.png 360w\" sizes=\"auto, (max-width: 480px) 150px\" src=\"https:\/\/led.amasly.com\/wp-content\/uploads\/2024\/07\/led-tri-proof-light.png\" alt=\"\" class=\"uag-image-1130\" width=\"300\" height=\"300\" title=\"led-tri-proof-licht\" loading=\"lazy\" role=\"img\"><\/a><\/figure><\/div>\n<\/div>\n\n\n\n<div class=\"wp-block-uagb-container uagb-block-0fdfdd58\">\n<div class=\"wp-block-uagb-image uagb-block-1187d32d wp-block-uagb-image--layout-default wp-block-uagb-image--effect-static wp-block-uagb-image--align-none\"><figure class=\"wp-block-uagb-image__figure\"><a class=\"\" href=\"https:\/\/led.amasly.com\/de\/products\/\" target=\"\" rel=\"noopener\"><img decoding=\"async\" srcset=\"https:\/\/led.amasly.com\/wp-content\/uploads\/2024\/07\/LED-street-light.jpg ,https:\/\/led.amasly.com\/wp-content\/uploads\/2024\/07\/LED-street-light.jpg 780w, https:\/\/led.amasly.com\/wp-content\/uploads\/2024\/07\/LED-street-light.jpg 360w\" sizes=\"auto, (max-width: 480px) 150px\" src=\"https:\/\/led.amasly.com\/wp-content\/uploads\/2024\/07\/LED-street-light.jpg\" alt=\"\" class=\"uag-image-1145\" width=\"300\" height=\"300\" title=\"LED-Stra\u00dfenlaterne\" loading=\"lazy\" role=\"img\"><\/a><\/figure><\/div>\n<\/div>\n<\/div><\/div>\n\n\n\n<div class=\"wp-block-uagb-container uagb-block-6a60882c alignfull uagb-is-root-container\"><div class=\"uagb-container-inner-blocks-wrap\">\n<div class=\"wp-block-uagb-container uagb-block-f1e91a35\">\n<h4 class=\"wp-block-heading has-text-align-center\"><a href=\"https:\/\/led.amasly.com\/de\/products\/\">LED-Flutlichter<\/a><\/h4>\n<\/div>\n\n\n\n<div class=\"wp-block-uagb-container uagb-block-165bfa58\">\n<h4 class=\"wp-block-heading has-text-align-center\"><a href=\"https:\/\/led.amasly.com\/de\/products\/\">LED Tri-Proof-R\u00f6hrenleuchten<\/a><\/h4>\n<\/div>\n\n\n\n<div class=\"wp-block-uagb-container uagb-block-f6096e3b\">\n<h4 class=\"wp-block-heading has-text-align-center\"><a href=\"https:\/\/led.amasly.com\/de\/products\/\">LED-Stra\u00dfenlaternen<\/a><\/h4>\n<\/div>\n<\/div><\/div>\n\n\n\n<p><\/p>","protected":false},"excerpt":{"rendered":"<p>Spray Paint Booth Lighting Solution Spray Paint Booth Lighting Solution Introduce: The spray booth is a dedicated place for processes such as car painting. Lighting is one of the important conditions to ensure the smooth progress of the painting work. The following will introduce the standard requirements for lighting in the spray booth to ensure [&hellip;]<\/p>\n","protected":false},"author":1,"featured_media":0,"parent":1808,"menu_order":0,"comment_status":"closed","ping_status":"closed","template":"","meta":{"_uag_custom_page_level_css":"","site-sidebar-layout":"no-sidebar","site-content-layout":"","ast-site-content-layout":"default","site-content-style":"default","site-sidebar-style":"default","ast-global-header-display":"","ast-banner-title-visibility":"","ast-main-header-display":"","ast-hfb-above-header-display":"","ast-hfb-below-header-display":"","ast-hfb-mobile-header-display":"","site-post-title":"disabled","ast-breadcrumbs-content":"","ast-featured-img":"","footer-sml-layout":"","ast-disable-related-posts":"","theme-transparent-header-meta":"enabled","adv-header-id-meta":"","stick-header-meta":"","header-above-stick-meta":"","header-main-stick-meta":"","header-below-stick-meta":"","astra-migrate-meta-layouts":"set","ast-page-background-enabled":"default","ast-page-background-meta":{"desktop":{"background-color":"var(--ast-global-color-4)","background-image":"","background-repeat":"repeat","background-position":"center center","background-size":"auto","background-attachment":"scroll","background-type":"","background-media":"","overlay-type":"","overlay-color":"","overlay-opacity":"","overlay-gradient":""},"tablet":{"background-color":"","background-image":"","background-repeat":"repeat","background-position":"center center","background-size":"auto","background-attachment":"scroll","background-type":"","background-media":"","overlay-type":"","overlay-color":"","overlay-opacity":"","overlay-gradient":""},"mobile":{"background-color":"","background-image":"","background-repeat":"repeat","background-position":"center center","background-size":"auto","background-attachment":"scroll","background-type":"","background-media":"","overlay-type":"","overlay-color":"","overlay-opacity":"","overlay-gradient":""}},"ast-content-background-meta":{"desktop":{"background-color":"var(--ast-global-color-5)","background-image":"","background-repeat":"repeat","background-position":"center center","background-size":"auto","background-attachment":"scroll","background-type":"","background-media":"","overlay-type":"","overlay-color":"","overlay-opacity":"","overlay-gradient":""},"tablet":{"background-color":"var(--ast-global-color-5)","background-image":"","background-repeat":"repeat","background-position":"center center","background-size":"auto","background-attachment":"scroll","background-type":"","background-media":"","overlay-type":"","overlay-color":"","overlay-opacity":"","overlay-gradient":""},"mobile":{"background-color":"var(--ast-global-color-5)","background-image":"","background-repeat":"repeat","background-position":"center center","background-size":"auto","background-attachment":"scroll","background-type":"","background-media":"","overlay-type":"","overlay-color":"","overlay-opacity":"","overlay-gradient":""}},"footnotes":""},"class_list":["post-1872","page","type-page","status-publish","hentry"],"uagb_featured_image_src":{"full":false,"thumbnail":false,"medium":false,"medium_large":false,"large":false,"1536x1536":false,"2048x2048":false,"trp-custom-language-flag":false},"uagb_author_info":{"display_name":"Joe","author_link":"https:\/\/led.amasly.com\/de\/author\/jacklin\/"},"uagb_comment_info":0,"uagb_excerpt":"Spray Paint Booth Lighting Solution Spray Paint Booth Lighting Solution Introduce: The spray booth is a dedicated place for processes such as car painting. Lighting is one of the important conditions to ensure the smooth progress of the painting work. The following will introduce the standard requirements for lighting in the spray booth to ensure&hellip;","_links":{"self":[{"href":"https:\/\/led.amasly.com\/de\/wp-json\/wp\/v2\/pages\/1872","targetHints":{"allow":["GET"]}}],"collection":[{"href":"https:\/\/led.amasly.com\/de\/wp-json\/wp\/v2\/pages"}],"about":[{"href":"https:\/\/led.amasly.com\/de\/wp-json\/wp\/v2\/types\/page"}],"author":[{"embeddable":true,"href":"https:\/\/led.amasly.com\/de\/wp-json\/wp\/v2\/users\/1"}],"replies":[{"embeddable":true,"href":"https:\/\/led.amasly.com\/de\/wp-json\/wp\/v2\/comments?post=1872"}],"version-history":[{"count":4,"href":"https:\/\/led.amasly.com\/de\/wp-json\/wp\/v2\/pages\/1872\/revisions"}],"predecessor-version":[{"id":4586,"href":"https:\/\/led.amasly.com\/de\/wp-json\/wp\/v2\/pages\/1872\/revisions\/4586"}],"up":[{"embeddable":true,"href":"https:\/\/led.amasly.com\/de\/wp-json\/wp\/v2\/pages\/1808"}],"wp:attachment":[{"href":"https:\/\/led.amasly.com\/de\/wp-json\/wp\/v2\/media?parent=1872"}],"curies":[{"name":"wp","href":"https:\/\/api.w.org\/{rel}","templated":true}]}}