{"id":1856,"date":"2025-02-16T22:06:47","date_gmt":"2025-02-16T14:06:47","guid":{"rendered":"https:\/\/led.amasly.com\/?page_id=1856"},"modified":"2026-01-22T13:19:11","modified_gmt":"2026-01-22T05:19:11","slug":"power-plant-lighting-solution","status":"publish","type":"page","link":"https:\/\/led.amasly.com\/de\/solutions\/power-plant-lighting-solution\/","title":{"rendered":"Beleuchtungsl\u00f6sung f\u00fcr Kraftwerke"},"content":{"rendered":"<div class=\"wp-block-uagb-container uagb-block-27bae773 alignfull uagb-is-root-container\"><div class=\"uagb-container-inner-blocks-wrap\"><\/div><\/div>\n\n\n\n<h1 class=\"wp-block-heading has-text-align-center\">Kraftwerksbeleuchtung L\u00f6sung<\/h1>\n\n\n\n<h2 class=\"wp-block-heading\">Kraftwerksbeleuchtung L\u00f6sung einf\u00fchren:<\/h2>\n\n\n\n<p class=\"has-medium-font-size\">Als gro\u00dfer Industriestandort sind die Planung und Umsetzung des Beleuchtungsplans in einem Kraftwerk von gro\u00dfer Bedeutung f\u00fcr die Verbesserung der Arbeitseffizienz und die Gew\u00e4hrleistung der Arbeitssicherheit. Dieser Artikel gibt einen \u00dcberblick \u00fcber das Beleuchtungskonzept f\u00fcr Kraftwerke und geht unter anderem ausf\u00fchrlich auf die Auswahl geeigneter Beleuchtungsk\u00f6rper, die Beleuchtungsanordnung und die Steuerungssysteme ein. <\/p>\n\n\n\n<div class=\"wp-block-uagb-image uagb-block-4bea1f84 wp-block-uagb-image--layout-default wp-block-uagb-image--effect-static wp-block-uagb-image--align-none\"><figure class=\"wp-block-uagb-image__figure\"><img decoding=\"async\" srcset=\"https:\/\/led.amasly.com\/wp-content\/uploads\/2025\/02\/fd3c83bb801d5295fb06d3e255ab9d08_at-dusk-2176359_1280-1024x475.jpg ,https:\/\/led.amasly.com\/wp-content\/uploads\/2025\/02\/fd3c83bb801d5295fb06d3e255ab9d08_at-dusk-2176359_1280.jpg 780w, https:\/\/led.amasly.com\/wp-content\/uploads\/2025\/02\/fd3c83bb801d5295fb06d3e255ab9d08_at-dusk-2176359_1280.jpg 360w\" sizes=\"auto, (max-width: 480px) 150px\" src=\"https:\/\/led.amasly.com\/wp-content\/uploads\/2025\/02\/fd3c83bb801d5295fb06d3e255ab9d08_at-dusk-2176359_1280-1024x475.jpg\" alt=\"Power Plant lighting Solution: \" class=\"uag-image-1862\" width=\"1024\" height=\"475\" title=\"Kraftwerksbeleuchtung L\u00f6sung: \" loading=\"lazy\" role=\"img\"\/><\/figure><\/div>\n\n\n\n<h2 class=\"wp-block-heading has-large-font-size\">Kraftwerksbeleuchtung L\u00f6sung: Prinzipien der Beleuchtungsplanung<\/h2>\n\n\n\n<h2 class=\"wp-block-heading has-medium-font-size\">Energie-Effizienz <\/h2>\n\n\n\n<p class=\"has-medium-font-size\">Da es sich um einen Ort mit hohem Energieverbrauch handelt, sollte das Beleuchtungskonzept in einem Kraftwerk auf Energieeinsparung und Effizienz ausgerichtet sein. Die Auswahl energieeffizienter Beleuchtungsk\u00f6rper und die Einf\u00fchrung intelligenter Steuerungssysteme k\u00f6nnen den Energieverbrauch wirksam senken, die Lebensdauer der Beleuchtungsk\u00f6rper verl\u00e4ngern und Wartungskosten sparen. <\/p>\n\n\n\n<h2 class=\"wp-block-heading has-medium-font-size\">Sicherheit <\/h2>\n\n\n\n<p class=\"has-medium-font-size\">Ein Kraftwerk ist eine risikoreiche Arbeitsumgebung. Das Beleuchtungskonzept sollte die Sicherheit der Arbeiter gew\u00e4hrleisten und gleichzeitig die Arbeitseffizienz aufrechterhalten. Die Beleuchtungsplanung sollte die Helligkeit und Gleichm\u00e4\u00dfigkeit der Beleuchtung im Arbeitsbereich ber\u00fccksichtigen, um den Einfluss von Schatten und Blendung auf die Arbeiter zu vermeiden. Dar\u00fcber hinaus sollten explosionsgesch\u00fctzte oder wasserdichte Beleuchtungsk\u00f6rper ausgew\u00e4hlt werden, die f\u00fcr raue Umgebungen geeignet sind, um zuverl\u00e4ssige Beleuchtungseffekte zu erzielen. <\/p>\n\n\n\n<h2 class=\"wp-block-heading has-medium-font-size\">Farbrendering <\/h2>\n\n\n\n<p class=\"has-medium-font-size\">Die Arbeit in einem Kraftwerk erfordert eine genaue Identifizierung und Erkennung der verschiedenen Ger\u00e4te, Anzeiger, Farben usw. Daher sollte das Beleuchtungskonzept eine gute Farbwiedergabe haben, die Farben der Objekte genau wiedergeben und sicherstellen, dass die Arbeiter normal arbeiten k\u00f6nnen. <\/p>\n\n\n\n<h2 class=\"wp-block-heading has-large-font-size\">Beleuchtungsl\u00f6sung f\u00fcr Kraftwerke: Auswahl von Beleuchtungsk\u00f6rpern<\/h2>\n\n\n\n<div class=\"wp-block-uagb-image uagb-block-56a9818f wp-block-uagb-image--layout-default wp-block-uagb-image--effect-static wp-block-uagb-image--align-none\"><figure class=\"wp-block-uagb-image__figure\"><img decoding=\"async\" srcset=\"https:\/\/led.amasly.com\/wp-content\/uploads\/2025\/02\/fbcbf09c46693abecd0138b26a4f36dc_power-plant-2728059_1280-1024x682.jpg ,https:\/\/led.amasly.com\/wp-content\/uploads\/2025\/02\/fbcbf09c46693abecd0138b26a4f36dc_power-plant-2728059_1280.jpg 780w, https:\/\/led.amasly.com\/wp-content\/uploads\/2025\/02\/fbcbf09c46693abecd0138b26a4f36dc_power-plant-2728059_1280.jpg 360w\" sizes=\"auto, (max-width: 480px) 150px\" src=\"https:\/\/led.amasly.com\/wp-content\/uploads\/2025\/02\/fbcbf09c46693abecd0138b26a4f36dc_power-plant-2728059_1280-1024x682.jpg\" alt=\"\" class=\"uag-image-1863\" width=\"1280\" height=\"853\" title=\"fbcbf09c46693abecd0138b26a4f36dc_power-plant-2728059_1280\" loading=\"lazy\" role=\"img\"><\/figure><\/div>\n\n\n\n<h3 class=\"wp-block-heading has-medium-font-size\">LED-Leuchtmittel <\/h3>\n\n\n\n<p class=\"has-medium-font-size\">Aufgrund ihrer hohen Energieeffizienz und langen Lebensdauer sind LED-Leuchten die bevorzugte Wahl f\u00fcr die Beleuchtung von Kraftwerken. Im Vergleich zu herk\u00f6mmlichen Gl\u00fch- und Leuchtstofflampen verbrauchen LED-Leuchten weniger Energie, haben eine l\u00e4ngere Lebensdauer und zeichnen sich durch eine bessere Stabilit\u00e4t der Lichtfarbe und Farbwiedergabe aus. Die Lebensdauer von LED-Leuchten ist auch viel l\u00e4nger als die von herk\u00f6mmlichen Leuchten, wodurch sich die H\u00e4ufigkeit von Austausch und Wartung verringert. <\/p>\n\n\n\n<h3 class=\"wp-block-heading has-medium-font-size\">Explosionsgesch\u00fctzte Vorrichtungen <\/h3>\n\n\n\n<p class=\"has-medium-font-size\">In Kraftwerken gibt es bestimmte Explosions- und Brandrisiken. Daher sollten in bestimmten Bereichen wie \u00d6llagertanks, Generatorr\u00e4umen und Umspannwerken explosionsgesch\u00fctzte Leuchten verwendet werden. Explosionsgesch\u00fctzte Leuchten sind explosionsgesch\u00fctzt, staubdicht und wasserdicht und k\u00f6nnen in gef\u00e4hrlichen Umgebungen zuverl\u00e4ssige Beleuchtungseffekte liefern. Explosionsgesch\u00fctzte Leuchten verf\u00fcgen in der Regel \u00fcber spezielle Geh\u00e4use und Materialien, die Funken oder Lichtb\u00f6gen zwischen elektrischen Ger\u00e4ten und den Leuchten selbst wirksam isolieren und so die Unfallgefahr verringern. <\/p>\n\n\n\n<h2 class=\"wp-block-heading has-large-font-size\">Kraftwerksbeleuchtung L\u00f6sung: Beleuchtung Layout<\/h2>\n\n\n\n<div class=\"wp-block-uagb-image uagb-block-2f09d762 wp-block-uagb-image--layout-default wp-block-uagb-image--effect-static wp-block-uagb-image--align-none\"><figure class=\"wp-block-uagb-image__figure\"><img decoding=\"async\" srcset=\"https:\/\/led.amasly.com\/wp-content\/uploads\/2025\/02\/1fd12b605444587d846e86d2387446da_industry-4612432_1280-1024x576.jpg ,https:\/\/led.amasly.com\/wp-content\/uploads\/2025\/02\/1fd12b605444587d846e86d2387446da_industry-4612432_1280.jpg 780w, https:\/\/led.amasly.com\/wp-content\/uploads\/2025\/02\/1fd12b605444587d846e86d2387446da_industry-4612432_1280.jpg 360w\" sizes=\"auto, (max-width: 480px) 150px\" src=\"https:\/\/led.amasly.com\/wp-content\/uploads\/2025\/02\/1fd12b605444587d846e86d2387446da_industry-4612432_1280-1024x576.jpg\" alt=\"\" class=\"uag-image-1864\" width=\"1280\" height=\"720\" title=\"1fd12b605444587d846e86d2387446da_industry-4612432_1280\" loading=\"lazy\" role=\"img\"><\/figure><\/div>\n\n\n\n<h3 class=\"wp-block-heading has-medium-font-size\">Hauptarbeitsbereiche <\/h3>\n\n\n\n<p class=\"has-medium-font-size\">Zu den wichtigsten Arbeitsbereichen in einem Kraftwerk geh\u00f6ren Generatorr\u00e4ume, Umspannwerke, Betriebskontrollr\u00e4ume, Verteilerr\u00e4ume usw. Diese Bereiche erfordern in der Regel eine hohe Helligkeit und Gleichm\u00e4\u00dfigkeit der Beleuchtung, um eine gute Arbeitsumgebung zu schaffen. In diesen Bereichen sollten Hochleistungsscheinwerfer wie LED-Fluter oder Hochleistungs-LED-R\u00f6hren verwendet werden. Die Beleuchtungsk\u00f6rper sollten entsprechend den Bed\u00fcrfnissen und dem Layout des Arbeitsbereichs installiert werden, um die beste Beleuchtungswirkung zu gew\u00e4hrleisten. <\/p>\n\n\n\n<h3 class=\"wp-block-heading has-medium-font-size\">Sicherheitsdurchg\u00e4nge und Notausg\u00e4nge <\/h3>\n\n\n\n<p class=\"has-medium-font-size\">In einem Kraftwerk gibt es viele Sicherheitsg\u00e4nge und Notausg\u00e4nge. Diese Bereiche m\u00fcssen gut beleuchtet sein und gew\u00e4hrleisten, dass die Arbeiter im Notfall schnell und sicher evakuiert werden k\u00f6nnen. In diesen Bereichen sollten Notbeleuchtungsarmaturen und Anzeigeleuchten installiert werden, um die Lage und Richtung der G\u00e4nge und Ausg\u00e4nge zu gew\u00e4hrleisten und zu kennzeichnen. Notbeleuchtungssysteme verf\u00fcgen in der Regel \u00fcber unabh\u00e4ngige Stromversorgungen und automatische Schaltfunktionen und k\u00f6nnen auch bei einem Stromausfall oder Unfall normal funktionieren. <\/p>\n\n\n\n<h3 class=\"wp-block-heading has-medium-font-size\">B\u00fcrofl\u00e4chen <\/h3>\n\n\n\n<p class=\"has-medium-font-size\">Neben den Hauptarbeitsbereichen gibt es in Kraftwerken auch einige B\u00fcrobereiche wie Verwaltungsb\u00fcros, Besprechungsr\u00e4ume, Ruher\u00e4ume f\u00fcr die Mitarbeiter usw. Die Beleuchtungsanforderungen in diesen Bereichen sind relativ gering, haupts\u00e4chlich um eine angenehme Arbeitsumgebung zu schaffen. In diesen Bereichen k\u00f6nnen weichere Beleuchtungsk\u00f6rper wie LED-Downlights oder Fl\u00e4chenleuchten gew\u00e4hlt werden, um gute Lichteffekte und visuellen Komfort zu erzielen. <\/p>\n\n\n\n<h2 class=\"wp-block-heading has-large-font-size\">Kraftwerksbeleuchtung L\u00f6sung: Steuerungssysteme<\/h2>\n\n\n\n<p class=\"has-medium-font-size\">Um Energieeinsparungen und ein intelligentes Management zu erreichen, sollte das Beleuchtungssystem in einem Kraftwerk mit entsprechenden Steuerungssystemen ausgestattet werden. Im Folgenden werden einige h\u00e4ufig verwendete Steuersysteme vorgestellt: <\/p>\n\n\n\n<h3 class=\"wp-block-heading has-medium-font-size\">Beleuchtungssteuerung <\/h3>\n\n\n\n<p class=\"has-medium-font-size\">Das Beleuchtungssteuerungssystem passt die Helligkeit und die Balance der Beleuchtung automatisch an die Ver\u00e4nderungen des nat\u00fcrlichen Lichts an. Durch den Einsatz von Lichtsensoren, die die Intensit\u00e4t des Umgebungslichts erfassen, kann das System das Ein- und Ausschalten sowie die Helligkeit der Beleuchtungsanlage automatisch steuern und rechtzeitig Anpassungen an unterschiedliche Zeiten und Wetterbedingungen vornehmen. <\/p>\n\n\n\n<h3 class=\"wp-block-heading has-medium-font-size\">Energiesparende Steuerung <\/h3>\n\n\n\n<p class=\"has-medium-font-size\">Das energiesparende Kontrollsystem schaltet die Beleuchtungsk\u00f6rper automatisch aus, wenn sich keine Personen im Raum aufhalten. Durch den Einsatz von Bewegungssensoren zur Erkennung der Anwesenheit von Personen kann das System die Beleuchtungsk\u00f6rper automatisch ausschalten, wenn der Bereich nicht besetzt ist, wodurch der Energieverbrauch gesenkt wird. Das energiesparende Steuerungssystem kann auch mit dem Beleuchtungssteuerungssystem kombiniert werden, um eine intelligentere und energieeffizientere Verwaltung zu erreichen. Das Energiespar-Kontrollsystem erm\u00f6glicht eine intelligente Steuerung der Beleuchtungsanlagen mit Hilfe von Sensoren, Zeitschaltuhren und anderen Mitteln. Wenn Personen den Raum verlassen oder niemand arbeitet, kann das System automatisch einige oder alle Lampen ausschalten, um Energie zu sparen. Gleichzeitig k\u00f6nnen die Ein- und Ausschaltzeiten der Beleuchtung auch durch Zeitschaltuhren gesteuert werden, um unn\u00f6tige Energieverschwendung zu vermeiden. <\/p>\n\n\n\n<h2 class=\"wp-block-heading has-large-font-size\">L\u00f6sung f\u00fcr die Beleuchtung von Kraftwerken: Fern\u00fcberwachung<\/h2>\n\n\n\n<p class=\"has-medium-font-size\">Das Fern\u00fcberwachungssystem kann den Betriebsstatus und den Energieverbrauch des Beleuchtungssystems des Kraftwerks in Echtzeit \u00fcberwachen und eine Fernsteuerung und -verwaltung durchf\u00fchren. \u00dcber mobile Anwendungen oder Netzwerkschnittstellen kann das Personal den Status der Beleuchtung in Echtzeit anzeigen und steuern, die Helligkeit und die Schalter einstellen usw., was f\u00fcr die zentrale Verwaltung und Fehlerbehebung praktisch ist. <\/p>\n\n\n\n<h2 class=\"wp-block-heading has-large-font-size\">Zusammenfassung <\/h2>\n\n\n\n<p class=\"has-medium-font-size\">Die Planung und Umsetzung von Beleuchtungskonzepten in Kraftwerken spielt eine entscheidende Rolle bei der Steigerung der Arbeitseffizienz und der Gew\u00e4hrleistung der Arbeitssicherheit. Bei der Auswahl von Beleuchtungsk\u00f6rpern, der Planung des Layouts und der Auswahl von Steuerungssystemen sollte der Schwerpunkt auf Energieeffizienz, Sicherheit und Farbwiedergabe gelegt werden, um den tats\u00e4chlichen Bed\u00fcrfnissen von Kraftwerken gerecht zu werden. Gleichzeitig kann der rationelle Einsatz von energiesparenden Steuerungen und intelligenten Kontrollsystemen die Energienutzung und die Effizienz der Verwaltung weiter verbessern.<\/p>\n\n\n\n<p>Standard: <a href=\"http:\/\/www.iec.com\" rel=\"nofollow noopener\" target=\"_blank\">IEC 60598 IEC60079<\/a><\/p>\n\n\n\n<div class=\"wp-block-uagb-container uagb-block-c7d898dd alignfull uagb-is-root-container\"><div class=\"uagb-container-inner-blocks-wrap\"><\/div><\/div>\n\n\n\n<h2 class=\"wp-block-heading\">Verwandte Produkte<\/h2>\n\n\n\n<div class=\"wp-block-uagb-container uagb-block-66e4defc alignfull uagb-is-root-container\"><div class=\"uagb-container-inner-blocks-wrap\">\n<div class=\"wp-block-uagb-container uagb-block-a42945f9\">\n<div class=\"wp-block-uagb-image uagb-block-7296296b wp-block-uagb-image--layout-default wp-block-uagb-image--effect-static wp-block-uagb-image--align-none\"><figure class=\"wp-block-uagb-image__figure\"><a class=\"\" href=\"https:\/\/led.amasly.com\/de\/products\/\" target=\"\" rel=\"noopener\"><img decoding=\"async\" srcset=\"https:\/\/led.amasly.com\/wp-content\/uploads\/2024\/09\/Explosion-proof-high-bay-lights.png ,https:\/\/led.amasly.com\/wp-content\/uploads\/2024\/09\/Explosion-proof-high-bay-lights.png 780w, https:\/\/led.amasly.com\/wp-content\/uploads\/2024\/09\/Explosion-proof-high-bay-lights.png 360w\" sizes=\"auto, (max-width: 480px) 150px\" src=\"https:\/\/led.amasly.com\/wp-content\/uploads\/2024\/09\/Explosion-proof-high-bay-lights.png\" alt=\"\" class=\"uag-image-1495\" width=\"300\" height=\"300\" title=\"Explosionsgesch\u00fctzte Hochregallampen\" loading=\"lazy\" role=\"img\"><\/a><\/figure><\/div>\n<\/div>\n\n\n\n<div class=\"wp-block-uagb-container uagb-block-4d3efde5\">\n<div class=\"wp-block-uagb-image uagb-block-c9e90797 wp-block-uagb-image--layout-default wp-block-uagb-image--effect-static wp-block-uagb-image--align-none\"><figure class=\"wp-block-uagb-image__figure\"><a class=\"\" href=\"https:\/\/led.amasly.com\/de\/products\/\" target=\"\" rel=\"noopener\"><img decoding=\"async\" srcset=\"https:\/\/led.amasly.com\/wp-content\/uploads\/2024\/07\/LED-tri-proof-lights2.png ,https:\/\/led.amasly.com\/wp-content\/uploads\/2024\/07\/LED-tri-proof-lights2.png 780w, https:\/\/led.amasly.com\/wp-content\/uploads\/2024\/07\/LED-tri-proof-lights2.png 360w\" sizes=\"auto, (max-width: 480px) 150px\" src=\"https:\/\/led.amasly.com\/wp-content\/uploads\/2024\/07\/LED-tri-proof-lights2.png\" alt=\"\" class=\"uag-image-1132\" width=\"300\" height=\"300\" title=\"LED-Dreifach-Leuchten2\" loading=\"lazy\" role=\"img\"><\/a><\/figure><\/div>\n<\/div>\n\n\n\n<div class=\"wp-block-uagb-container uagb-block-11c2578b\">\n<div class=\"wp-block-uagb-image uagb-block-6e8883aa wp-block-uagb-image--layout-default wp-block-uagb-image--effect-static wp-block-uagb-image--align-none\"><figure class=\"wp-block-uagb-image__figure\"><a class=\"\" href=\"https:\/\/led.amasly.com\/de\/products\/\" target=\"\" rel=\"noopener\"><img decoding=\"async\" srcset=\"https:\/\/led.amasly.com\/wp-content\/uploads\/2024\/09\/LED-Explosion-Proof-Gas-Station-Light.png ,https:\/\/led.amasly.com\/wp-content\/uploads\/2024\/09\/LED-Explosion-Proof-Gas-Station-Light.png 780w, https:\/\/led.amasly.com\/wp-content\/uploads\/2024\/09\/LED-Explosion-Proof-Gas-Station-Light.png 360w\" sizes=\"auto, (max-width: 480px) 150px\" src=\"https:\/\/led.amasly.com\/wp-content\/uploads\/2024\/09\/LED-Explosion-Proof-Gas-Station-Light.png\" alt=\"\" class=\"uag-image-1501\" width=\"300\" height=\"300\" title=\"LED Explosionssichere Tankstellenleuchte\" loading=\"lazy\" role=\"img\"><\/a><\/figure><\/div>\n<\/div>\n<\/div><\/div>\n\n\n\n<div class=\"wp-block-uagb-container uagb-block-548945b5 alignfull uagb-is-root-container\"><div class=\"uagb-container-inner-blocks-wrap\">\n<div class=\"wp-block-uagb-container uagb-block-967755d5\">\n<h4 class=\"wp-block-heading has-text-align-center\"><a href=\"https:\/\/led.amasly.com\/de\/products\/\">LED-Explosionsgesch\u00fctzte Lichter<\/a><\/h4>\n<\/div>\n\n\n\n<div class=\"wp-block-uagb-container uagb-block-9bc52fc2\">\n<h4 class=\"wp-block-heading has-text-align-center\"><a href=\"https:\/\/led.amasly.com\/de\/products\/\">LED Tri-Proof-Leuchten<\/a><\/h4>\n<\/div>\n\n\n\n<div class=\"wp-block-uagb-container uagb-block-8ffa0a23\">\n<h4 class=\"wp-block-heading has-text-align-center\"><a href=\"https:\/\/led.amasly.com\/de\/products\/\">Explosionssichere Tankstellenbeleuchtungen<\/a><\/h4>\n<\/div>\n<\/div><\/div>\n\n\n\n<div class=\"wp-block-uagb-container uagb-block-29499fe0 alignfull uagb-is-root-container\"><div class=\"uagb-container-inner-blocks-wrap\">\n<div class=\"wp-block-uagb-container uagb-block-777ee1c7\">\n<div class=\"wp-block-uagb-image uagb-block-2e9a1851 wp-block-uagb-image--layout-default wp-block-uagb-image--effect-static wp-block-uagb-image--align-none\"><figure class=\"wp-block-uagb-image__figure\"><a class=\"\" href=\"https:\/\/led.amasly.com\/de\/products\/\" target=\"\" rel=\"noopener\"><img decoding=\"async\" srcset=\"https:\/\/led.amasly.com\/wp-content\/uploads\/2024\/10\/50W-100W-150W-200W-300W-LED-Flood-Light.jpg ,https:\/\/led.amasly.com\/wp-content\/uploads\/2024\/10\/50W-100W-150W-200W-300W-LED-Flood-Light.jpg 780w, https:\/\/led.amasly.com\/wp-content\/uploads\/2024\/10\/50W-100W-150W-200W-300W-LED-Flood-Light.jpg 360w\" sizes=\"auto, (max-width: 480px) 150px\" src=\"https:\/\/led.amasly.com\/wp-content\/uploads\/2024\/10\/50W-100W-150W-200W-300W-LED-Flood-Light.jpg\" alt=\"\" class=\"uag-image-1526\" width=\"300\" height=\"300\" title=\"50W 100W 150W 200W 300W LED-Flutlicht\" loading=\"lazy\" role=\"img\"><\/a><\/figure><\/div>\n<\/div>\n\n\n\n<div class=\"wp-block-uagb-container uagb-block-af8c8683\">\n<div class=\"wp-block-uagb-image uagb-block-67947854 wp-block-uagb-image--layout-default wp-block-uagb-image--effect-static wp-block-uagb-image--align-none\"><figure class=\"wp-block-uagb-image__figure\"><a class=\"\" href=\"https:\/\/led.amasly.com\/de\/products\/\" target=\"\" rel=\"noopener\"><img decoding=\"async\" srcset=\"https:\/\/led.amasly.com\/wp-content\/uploads\/2024\/07\/led-tri-proof-light.png ,https:\/\/led.amasly.com\/wp-content\/uploads\/2024\/07\/led-tri-proof-light.png 780w, https:\/\/led.amasly.com\/wp-content\/uploads\/2024\/07\/led-tri-proof-light.png 360w\" sizes=\"auto, (max-width: 480px) 150px\" src=\"https:\/\/led.amasly.com\/wp-content\/uploads\/2024\/07\/led-tri-proof-light.png\" alt=\"\" class=\"uag-image-1130\" width=\"300\" height=\"300\" title=\"led-tri-proof-licht\" loading=\"lazy\" role=\"img\"><\/a><\/figure><\/div>\n<\/div>\n\n\n\n<div class=\"wp-block-uagb-container uagb-block-0fdfdd58\">\n<div class=\"wp-block-uagb-image uagb-block-1187d32d wp-block-uagb-image--layout-default wp-block-uagb-image--effect-static wp-block-uagb-image--align-none\"><figure class=\"wp-block-uagb-image__figure\"><a class=\"\" href=\"https:\/\/led.amasly.com\/de\/products\/\" target=\"\" rel=\"noopener\"><img decoding=\"async\" srcset=\"https:\/\/led.amasly.com\/wp-content\/uploads\/2024\/07\/LED-street-light.jpg ,https:\/\/led.amasly.com\/wp-content\/uploads\/2024\/07\/LED-street-light.jpg 780w, https:\/\/led.amasly.com\/wp-content\/uploads\/2024\/07\/LED-street-light.jpg 360w\" sizes=\"auto, (max-width: 480px) 150px\" src=\"https:\/\/led.amasly.com\/wp-content\/uploads\/2024\/07\/LED-street-light.jpg\" alt=\"\" class=\"uag-image-1145\" width=\"300\" height=\"300\" title=\"LED-Stra\u00dfenlaterne\" loading=\"lazy\" role=\"img\"><\/a><\/figure><\/div>\n<\/div>\n<\/div><\/div>\n\n\n\n<div class=\"wp-block-uagb-container uagb-block-6a60882c alignfull uagb-is-root-container\"><div class=\"uagb-container-inner-blocks-wrap\">\n<div class=\"wp-block-uagb-container uagb-block-f1e91a35\">\n<h4 class=\"wp-block-heading has-text-align-center\"><a href=\"https:\/\/led.amasly.com\/de\/products\/\">LED-Flutlichter<\/a><\/h4>\n<\/div>\n\n\n\n<div class=\"wp-block-uagb-container uagb-block-165bfa58\">\n<h4 class=\"wp-block-heading has-text-align-center\"><a href=\"https:\/\/led.amasly.com\/de\/products\/\">LED Tri-Proof-R\u00f6hrenleuchten<\/a><\/h4>\n<\/div>\n\n\n\n<div class=\"wp-block-uagb-container uagb-block-f6096e3b\">\n<h4 class=\"wp-block-heading has-text-align-center\"><a href=\"https:\/\/led.amasly.com\/de\/products\/\">LED-Stra\u00dfenlaternen<\/a><\/h4>\n<\/div>\n<\/div><\/div>\n\n\n\n<p><\/p>","protected":false},"excerpt":{"rendered":"<p>Power Plant lighting Solution Power Plant lighting Solution Introduce: As a large industrial site, the design and implementation of the lighting scheme in a power plant are of great significance for improving work efficiency and ensuring work safety. This article will provide an overview of the lighting scheme for power plants and discuss in detail [&hellip;]<\/p>\n","protected":false},"author":1,"featured_media":0,"parent":1808,"menu_order":0,"comment_status":"closed","ping_status":"closed","template":"","meta":{"_uag_custom_page_level_css":"","site-sidebar-layout":"no-sidebar","site-content-layout":"","ast-site-content-layout":"default","site-content-style":"default","site-sidebar-style":"default","ast-global-header-display":"","ast-banner-title-visibility":"","ast-main-header-display":"","ast-hfb-above-header-display":"","ast-hfb-below-header-display":"","ast-hfb-mobile-header-display":"","site-post-title":"disabled","ast-breadcrumbs-content":"","ast-featured-img":"","footer-sml-layout":"","ast-disable-related-posts":"","theme-transparent-header-meta":"enabled","adv-header-id-meta":"","stick-header-meta":"","header-above-stick-meta":"","header-main-stick-meta":"","header-below-stick-meta":"","astra-migrate-meta-layouts":"set","ast-page-background-enabled":"default","ast-page-background-meta":{"desktop":{"background-color":"var(--ast-global-color-4)","background-image":"","background-repeat":"repeat","background-position":"center center","background-size":"auto","background-attachment":"scroll","background-type":"","background-media":"","overlay-type":"","overlay-color":"","overlay-opacity":"","overlay-gradient":""},"tablet":{"background-color":"","background-image":"","background-repeat":"repeat","background-position":"center center","background-size":"auto","background-attachment":"scroll","background-type":"","background-media":"","overlay-type":"","overlay-color":"","overlay-opacity":"","overlay-gradient":""},"mobile":{"background-color":"","background-image":"","background-repeat":"repeat","background-position":"center center","background-size":"auto","background-attachment":"scroll","background-type":"","background-media":"","overlay-type":"","overlay-color":"","overlay-opacity":"","overlay-gradient":""}},"ast-content-background-meta":{"desktop":{"background-color":"var(--ast-global-color-5)","background-image":"","background-repeat":"repeat","background-position":"center center","background-size":"auto","background-attachment":"scroll","background-type":"","background-media":"","overlay-type":"","overlay-color":"","overlay-opacity":"","overlay-gradient":""},"tablet":{"background-color":"var(--ast-global-color-5)","background-image":"","background-repeat":"repeat","background-position":"center center","background-size":"auto","background-attachment":"scroll","background-type":"","background-media":"","overlay-type":"","overlay-color":"","overlay-opacity":"","overlay-gradient":""},"mobile":{"background-color":"var(--ast-global-color-5)","background-image":"","background-repeat":"repeat","background-position":"center center","background-size":"auto","background-attachment":"scroll","background-type":"","background-media":"","overlay-type":"","overlay-color":"","overlay-opacity":"","overlay-gradient":""}},"footnotes":""},"class_list":["post-1856","page","type-page","status-publish","hentry"],"uagb_featured_image_src":{"full":false,"thumbnail":false,"medium":false,"medium_large":false,"large":false,"1536x1536":false,"2048x2048":false,"trp-custom-language-flag":false},"uagb_author_info":{"display_name":"Joe","author_link":"https:\/\/led.amasly.com\/de\/author\/jacklin\/"},"uagb_comment_info":0,"uagb_excerpt":"Power Plant lighting Solution Power Plant lighting Solution Introduce: As a large industrial site, the design and implementation of the lighting scheme in a power plant are of great significance for improving work efficiency and ensuring work safety. This article will provide an overview of the lighting scheme for power plants and discuss in detail&hellip;","_links":{"self":[{"href":"https:\/\/led.amasly.com\/de\/wp-json\/wp\/v2\/pages\/1856","targetHints":{"allow":["GET"]}}],"collection":[{"href":"https:\/\/led.amasly.com\/de\/wp-json\/wp\/v2\/pages"}],"about":[{"href":"https:\/\/led.amasly.com\/de\/wp-json\/wp\/v2\/types\/page"}],"author":[{"embeddable":true,"href":"https:\/\/led.amasly.com\/de\/wp-json\/wp\/v2\/users\/1"}],"replies":[{"embeddable":true,"href":"https:\/\/led.amasly.com\/de\/wp-json\/wp\/v2\/comments?post=1856"}],"version-history":[{"count":6,"href":"https:\/\/led.amasly.com\/de\/wp-json\/wp\/v2\/pages\/1856\/revisions"}],"predecessor-version":[{"id":4582,"href":"https:\/\/led.amasly.com\/de\/wp-json\/wp\/v2\/pages\/1856\/revisions\/4582"}],"up":[{"embeddable":true,"href":"https:\/\/led.amasly.com\/de\/wp-json\/wp\/v2\/pages\/1808"}],"wp:attachment":[{"href":"https:\/\/led.amasly.com\/de\/wp-json\/wp\/v2\/media?parent=1856"}],"curies":[{"name":"wp","href":"https:\/\/api.w.org\/{rel}","templated":true}]}}