{"id":1647,"date":"2025-01-06T21:01:07","date_gmt":"2025-01-06T13:01:07","guid":{"rendered":"https:\/\/led.amasly.com\/?page_id=1647"},"modified":"2026-01-23T20:56:58","modified_gmt":"2026-01-23T12:56:58","slug":"bat53","status":"publish","type":"page","link":"https:\/\/led.amasly.com\/de\/products\/explosion-proof-lights\/bat53\/","title":{"rendered":"BAT53 Explosionsgesch\u00fctzte LED-Flutlichter"},"content":{"rendered":"<h2 class=\"wp-block-heading\"><\/h2>\n\n\n\n<p><\/p>\n\n\n\n<h2 class=\"wp-block-heading\"><\/h2>\n\n\n\n<h2 class=\"wp-block-heading\"><\/h2>\n\n\n\n<p><\/p>\n\n\n\n<div class=\"wp-block-uagb-container uagb-block-e407eb08 alignfull uagb-is-root-container\"><div class=\"uagb-container-inner-blocks-wrap\">\n<div class=\"wp-block-uagb-info-box uagb-block-7c0a134c uagb-infobox__content-wrap  uagb-infobox-icon-above-title uagb-infobox-image-valign-top wp-block-uagb-info-box--has-margin\"><div class=\"uagb-infobox-margin-wrapper\"><div class=\"uagb-ifb-content\"><div class=\"uagb-ifb-title-wrap\"><\/div><\/div><\/div><\/div>\n<\/div><\/div>\n\n\n\n<p><\/p>\n\n\n\n<p><\/p>\n\n\n\n<h2 class=\"wp-block-heading\"><\/h2>\n\n\n\n<h1 class=\"wp-block-heading has-text-align-center\">Explosionsgesch\u00fctzte LED-Flutlichter<\/h1>\n\n\n\n<div class=\"wp-block-uagb-container uagb-block-5d28ec94 default uagb-is-root-container\">\n<div class=\"wp-block-uagb-container uagb-block-462981e6\">\n<div class=\"wp-block-uagb-container uagb-block-6f08c8e4 alignfull uagb-is-root-container\"><div class=\"uagb-container-inner-blocks-wrap\">\n<div class=\"wp-block-uagb-container uagb-block-b229cb92\">\n<h3 class=\"wp-block-heading\">Inhalt<\/h3>\n\n\n\n<div class=\"wp-block-buttons is-layout-flex wp-container-core-buttons-is-layout-45b20515 wp-block-buttons-is-layout-flex\">\n<div class=\"wp-block-button\"><a class=\"wp-block-button__link wp-element-button\" href=\"https:\/\/led.amasly.com\/de\/products\/explosion-proof-lights\/\">Explosionsgesch\u00fctzte Lichter<\/a><\/div>\n\n\n\n<div class=\"wp-block-button is-style-fill\"><a class=\"wp-block-button__link wp-element-button\" href=\"https:\/\/led.amasly.com\/de\/products\/ex-proof-electrical-appliance\/\">Ex-gesch\u00fctztes elektrisches Ger\u00e4t<\/a><\/div>\n\n\n\n<div class=\"wp-block-button\"><a class=\"wp-block-button__link wp-element-button\" href=\"https:\/\/led.amasly.com\/de\/products\/led-tri-proof-light-2\/\">LED-Stromausfallschutzleuchte<\/a><\/div>\n\n\n\n<div class=\"wp-block-button\"><a class=\"wp-block-button__link wp-element-button\" href=\"https:\/\/led.amasly.com\/de\/products\/led-high-bay-light\/\">LED-Hochregallampe<\/a><\/div>\n\n\n\n<div class=\"wp-block-button\"><a class=\"wp-block-button__link wp-element-button\" href=\"https:\/\/led.amasly.com\/de\/products\/led-flood-lights\/\">LED-Flutlicht<\/a><\/div>\n\n\n\n<div class=\"wp-block-button\"><a class=\"wp-block-button__link wp-element-button\" href=\"https:\/\/led.amasly.com\/de\/products\/led-street-lights\/\">LED-Stra\u00dfenlampe<\/a><\/div>\n\n\n\n<div class=\"wp-block-button\"><a class=\"wp-block-button__link wp-element-button\" href=\"https:\/\/led.amasly.com\/de\/products\/solar-lights\/\">LED-Solarleuchte<\/a><\/div>\n<\/div>\n\n\n\n<h4 class=\"wp-block-heading\"><\/h4>\n\n\n\n<h4 class=\"wp-block-heading\">Kontakt<\/h4>\n\n\n\n<ul class=\"wp-block-list\">\n<li>E-Mail: sales01@amasly.com<strong> <\/strong>      <\/li>\n\n\n\n<li>Mobil: +86 13732643699                   <\/li>\n<\/ul>\n<\/div>\n\n\n\n<div class=\"wp-block-columns is-layout-flex wp-container-core-columns-is-layout-28f84493 wp-block-columns-is-layout-flex\">\n<div class=\"wp-block-column is-layout-flow wp-block-column-is-layout-flow\" style=\"flex-basis:100%\">\n<div class=\"wp-block-uagb-container uagb-block-064256a4\">\n<div class=\"wp-block-columns is-layout-flex wp-container-core-columns-is-layout-28f84493 wp-block-columns-is-layout-flex\">\n<div class=\"wp-block-column is-layout-flow wp-block-column-is-layout-flow\" style=\"flex-basis:100%\">\n<div class=\"wp-block-columns is-layout-flex wp-container-core-columns-is-layout-28f84493 wp-block-columns-is-layout-flex\">\n<div class=\"wp-block-column is-layout-flow wp-block-column-is-layout-flow\">\n<div class=\"wp-block-uagb-image uagb-block-f7623661 wp-block-uagb-image--layout-default wp-block-uagb-image--effect-static wp-block-uagb-image--align-none\"><figure class=\"wp-block-uagb-image__figure\"><img decoding=\"async\" srcset=\"https:\/\/led.amasly.com\/wp-content\/uploads\/2024\/09\/Explosion-proof-flood-lights.png ,https:\/\/led.amasly.com\/wp-content\/uploads\/2024\/09\/Explosion-proof-flood-lights.png 780w, https:\/\/led.amasly.com\/wp-content\/uploads\/2024\/09\/Explosion-proof-flood-lights.png 360w\" sizes=\"auto, (max-width: 480px) 150px\" src=\"https:\/\/led.amasly.com\/wp-content\/uploads\/2024\/09\/Explosion-proof-flood-lights.png\" alt=\"150w explosion proof led light, Explosion Proof Flood LED Lights\" class=\"uag-image-1491\" width=\"300\" height=\"300\" title=\"Explosionsgesch\u00fctzte Flutlichter\" loading=\"lazy\" role=\"img\"\/><\/figure><\/div>\n<\/div>\n\n\n\n<div class=\"wp-block-column is-layout-flow wp-block-column-is-layout-flow\">\n<p>Explosionsgesch\u00fctzte LED-Flutlichter Anwendungsbereich<\/p>\n\n\n\n<p>1. weit verbreitet im \u00d6lbergbau, in der \u00d6lraffinerie, in der chemischen Industrie, im Milit\u00e4r und in anderen gef\u00e4hrlichen Umweltbereichen der Fabrik und der Stra\u00dfenbeleuchtung<\/p>\n\n\n\n<p>2. geeignet f\u00fcr K\u00fcsten-, Fluss- und andere Winddruck, Windgeschwindigkeit Umwelt;<\/p>\n\n\n\n<p>3. geeignet f\u00fcr Tausende von explosiven Gas-Umgebung der Zone 1, Zone 2 Orten;<\/p>\n\n\n\n<p>4. geeignet f\u00fcr Tausende von brennbaren Staub Umgebung 21 Zone, 22 Zone Orte;<\/p>\n\n\n\n<p>5. geeignet f\u00fcr IIA, IIB, IIC explosive Gasumgebung. Klasse I, Division 2, Gruppen A, B, C, D.<\/p>\n<\/div>\n<\/div>\n<\/div>\n<\/div>\n\n\n\n<div class=\"wp-block-uagb-container uagb-block-201e76d4\">\n<figure class=\"wp-block-table\"><table><tbody><tr><td>Moel<\/td><td>Strom<\/td><td>Ex-Zeichen<\/td><td>IP-Rate<\/td><td>Licht-Effizienz<\/td><td>Spannung<\/td><td>CCT<\/td><td>PF<\/td><\/tr><tr><td>BAT53<\/td><td>30W-500W<\/td><td>Ex d IIC T6<\/td><td>IP66<\/td><td>130lm\/w<\/td><td>Ac85-265V<\/td><td>3000K-6500K<\/td><td>&gt;0.97<\/td><\/tr><\/tbody><\/table><\/figure>\n\n\n\n<h3 class=\"wp-block-heading\">BAT53 Explosionsgesch\u00fctzte LED-Flutlichter Zertifikat:<\/h3>\n\n\n\n<p>ATEX-Zertifikat<\/p>\n\n\n\n<h3 class=\"wp-block-heading\">BAT53 Explosionsgesch\u00fctzte LED-Flutlichter Leistung:<\/h3>\n\n\n\n<p>50W 100W 150W 200W 250W 300W 400W 500W 600W 800W<\/p>\n\n\n\n<h3 class=\"wp-block-heading\">BAT53 Explosionssichere LED-Flutlichter Merkmale:<\/h3>\n\n\n\n<p>Die Lampen sind modular aufgebaut und k\u00f6nnen mit einer Leistung von 30W bis 500W betrieben werden;<\/p>\n\n\n\n<p>Unabh\u00e4ngiger Verdrahtungshohlraum, einfache und schnelle Installation und Verdrahtung;<\/p>\n\n\n\n<p>Einzigartige blendfreie Reflektorstruktur, die Blendung wirksam reduziert;<\/p>\n\n\n\n<p>Druckguss-Schalenoberfl\u00e4che mit wetterfester Pulverbeschichtung, geeignet f\u00fcr den langfristigen Einsatz im Freien und in korrosiven Umgebungen;<\/p>\n\n\n\n<p>Schutzart IP66, kann starkem Regen effektiv widerstehen;<\/p>\n\n\n\n<p>Starke Anti-Korrosions- und Anti-Vibrationsf\u00e4higkeit, geeignet f\u00fcr raue Arbeitsbedingungen.<\/p>\n\n\n\n<p>Explosionssichere LED-Flutlichter Weit verbreitet im Erd\u00f6lbergbau, in der Raffinerie, in der chemischen Industrie, in Kraftwerken und anderen gef\u00e4hrlichen Orten f\u00fcr die Arbeitsbeleuchtung.<\/p>\n\n\n\n<h2 class=\"wp-block-heading\">BAT53 Explosionssichere LED-Flutlichter Gr\u00f6\u00dfen und Installation:<\/h2>\n\n\n\n<div class=\"wp-block-uagb-image uagb-block-0867b09d wp-block-uagb-image--layout-default wp-block-uagb-image--effect-static wp-block-uagb-image--align-none\"><figure class=\"wp-block-uagb-image__figure\"><img decoding=\"async\" srcset=\"https:\/\/led.amasly.com\/wp-content\/uploads\/2025\/01\/a9357a7de46ae16a938e07e6a80f2866_1684293645171613-782x1024.jpg ,https:\/\/led.amasly.com\/wp-content\/uploads\/2025\/01\/a9357a7de46ae16a938e07e6a80f2866_1684293645171613.jpg 780w, https:\/\/led.amasly.com\/wp-content\/uploads\/2025\/01\/a9357a7de46ae16a938e07e6a80f2866_1684293645171613.jpg 360w\" sizes=\"auto, (max-width: 480px) 150px\" src=\"https:\/\/led.amasly.com\/wp-content\/uploads\/2025\/01\/a9357a7de46ae16a938e07e6a80f2866_1684293645171613-782x1024.jpg\" alt=\"\" class=\"uag-image-1648\" width=\"300\" height=\"300\" title=\"a9357a7de46ae16a938e07e6a80f2866_1684293645171613\" loading=\"lazy\" role=\"img\"><\/figure><\/div>\n<\/div>\n<\/div>\n<\/div>\n<\/div>\n<\/div><\/div>\n<\/div>\n<\/div>\n\n\n\n<h2 class=\"wp-block-heading\"><strong>Amasly Light FAQ<\/strong><\/h2>\n\n\n\n<p><strong>Q1. kann ich eine Probe Bestellung f\u00fcr LED-Licht haben?<\/strong><strong><\/strong><\/p>\n\n\n\n<p>A: Ja, wir begr\u00fc\u00dfen Musterbestellungen, um die Qualit\u00e4t zu testen und zu \u00fcberpr\u00fcfen. Gemischte Proben sind akzeptabel.<\/p>\n\n\n\n<p><strong>F2: Wie sieht es mit der Vorlaufzeit aus?<\/strong><strong><\/strong><\/p>\n\n\n\n<p>A: Muster brauchen 3-5 Tage, die Massenproduktion braucht 1-2 Wochen.<\/p>\n\n\n\n<p><strong>Q3.do Sie haben keine MOQ Grenze f\u00fcr led Licht bestellen?<\/strong><strong><\/strong><\/p>\n\n\n\n<p>A: Niedrige MOQ 1pc f\u00fcr Probe \u00dcberpr\u00fcfung ist verf\u00fcgbar.<\/p>\n\n\n\n<p><strong>Q4. Wie versenden Sie die Waren und wie lange dauert es, bis sie ankommen?<\/strong><strong><\/strong><\/p>\n\n\n\n<p>A: Wir versenden normalerweise per <a href=\"https:\/\/www.dhl.com\" rel=\"nofollow noopener\" target=\"_blank\">DHL<\/a>, UPS, FedEx oder TNT. Es dauert in der Regel 3-5 Tage, um anzukommen. Luftlinie und Meer Versand auch optional.<\/p>\n\n\n\n<p><strong>Q5. Wie man einen Auftrag f\u00fcr gef\u00fchrtes Licht fortf\u00e4hrt?<\/strong><strong><\/strong><\/p>\n\n\n\n<p>A:<\/p>\n\n\n\n<p>Teilen Sie uns zun\u00e4chst Ihre Anforderungen oder Ihren Antrag mit.<\/p>\n\n\n\n<p>Zweitens erstellen wir ein Angebot entsprechend Ihren Anforderungen oder unseren Vorschl\u00e4gen.<\/p>\n\n\n\n<p>Drittens best\u00e4tigt der Kunde die Muster und hinterlegt eine Anzahlung f\u00fcr die offizielle Bestellung.<\/p>\n\n\n\n<p>Viertens: Wir organisieren die Produktion.<\/p>\n\n\n\n<p><strong>Q6: Ist es in Ordnung, meine <\/strong><strong>LOGO<\/strong><strong>&nbsp;\u00fcber das Produkt led light ?<\/strong><strong><\/strong><\/p>\n\n\n\n<p>A: Ja. Bitte informieren Sie uns formell vor der Produktion und best\u00e4tigen Sie den Entwurf zun\u00e4chst auf der Grundlage unseres Musters.<\/p>\n\n\n\n<p><strong>Q7: Bieten Sie eine Garantie f\u00fcr Ihre Produkte an?<\/strong><strong><\/strong><\/p>\n\n\n\n<p>A: Ja, wir bieten 2-5 Jahre Garantie auf unsere Produkte.<\/p>\n\n\n\n<p><strong>F8: Wie geht man mit Fehlern um?<\/strong><strong><\/strong><\/p>\n\n\n\n<p>A:<\/p>\n\n\n\n<p>Erstens sind unsere Produkte produzieren dinstrict Qualit\u00e4tskontrolle System und die fehlerhafte Rate wird weniger als 0,2% sein<\/p>\n\n\n\n<p>Zweitens werden wir w\u00e4hrend der Garantiezeit Teile zur Verf\u00fcgung stellen, um das defekte Teil zu ersetzen. Bei Gro\u00dfbestellungen bieten wir anf\u00e4llige Teile im Voraus an, oder wir k\u00f6nnen L\u00f6sungen einschlie\u00dflich R\u00fcckrufe auf der Grundlage der tats\u00e4chlichen Situation besprechen.<\/p>\n\n\n\n<p><strong>F9: K\u00f6nnen wir explosionsgesch\u00fctzte Niedervolt-Lampen mit AC\/DC-Spannungen von 12V, 24V, 36V oder 48V herstellen? <\/strong><\/p>\n\n\n\n<p>Amasly kann sowohl als Niederspannungs- als auch als Hochspannungsexplosionsschutzleuchte verwendet werden - AC\/DC 12V, 24V, 36V, 48V, AC 85-265V, AC 380V. <\/p>\n\n\n\n<p><strong>Q10: K\u00f6nnen Explosion Poof Lights Notbatterien hinzugef\u00fcgt werden? <\/strong><\/p>\n\n\n\n<p>Die explosionsgesch\u00fctzte Lampe Amasly kann mit Lithium-Notstrombatterien ausgestattet werden. Die Notlaufzeit betr\u00e4gt 90 Minuten, 120 Minuten oder 180 Minuten. <\/p>\n\n\n\n<p><strong>Q11: Kann die Amasly explosionsgesch\u00fctzte Lampe als OEM-Produkt angepasst werden? <\/strong><\/p>\n\n\n\n<p>Die explosionsgesch\u00fctzten Lampen von Amasly k\u00f6nnen je nach Kundenwunsch sowohl f\u00fcr die Lampen als auch f\u00fcr die Verpackungskartons angepasst werden.<\/p>\n\n\n\n<h2 class=\"wp-block-heading\">Verwandte Produkte<\/h2>\n\n\n\n<div class=\"wp-block-uagb-container uagb-block-66e4defc alignfull uagb-is-root-container\"><div class=\"uagb-container-inner-blocks-wrap\">\n<div class=\"wp-block-uagb-container uagb-block-a42945f9\">\n<div class=\"wp-block-uagb-image uagb-block-7296296b wp-block-uagb-image--layout-default wp-block-uagb-image--effect-static wp-block-uagb-image--align-none\"><figure class=\"wp-block-uagb-image__figure\"><a class=\"\" href=\"https:\/\/led.amasly.com\/de\/products\/explosion-proof-lights\/\" target=\"\" rel=\"noopener\"><img decoding=\"async\" srcset=\"https:\/\/led.amasly.com\/wp-content\/uploads\/2024\/09\/Explosion-proof-high-bay-lights.png ,https:\/\/led.amasly.com\/wp-content\/uploads\/2024\/09\/Explosion-proof-high-bay-lights.png 780w, https:\/\/led.amasly.com\/wp-content\/uploads\/2024\/09\/Explosion-proof-high-bay-lights.png 360w\" sizes=\"auto, (max-width: 480px) 150px\" src=\"https:\/\/led.amasly.com\/wp-content\/uploads\/2024\/09\/Explosion-proof-high-bay-lights.png\" alt=\"\" class=\"uag-image-1495\" width=\"300\" height=\"300\" title=\"Explosionsgesch\u00fctzte Hochregallampen\" loading=\"lazy\" role=\"img\"><\/a><\/figure><\/div>\n<\/div>\n\n\n\n<div class=\"wp-block-uagb-container uagb-block-4d3efde5\">\n<div class=\"wp-block-uagb-image uagb-block-c9e90797 wp-block-uagb-image--layout-default wp-block-uagb-image--effect-static wp-block-uagb-image--align-none\"><figure class=\"wp-block-uagb-image__figure\"><a class=\"\" href=\"https:\/\/led.amasly.com\/de\/products\/ex-proof-electrical-appliance\/\" target=\"\" rel=\"noopener\"><img decoding=\"async\" srcset=\"https:\/\/led.amasly.com\/wp-content\/uploads\/2025\/01\/Explosion-proof-axial-flow-fan.jpg ,https:\/\/led.amasly.com\/wp-content\/uploads\/2025\/01\/Explosion-proof-axial-flow-fan.jpg 780w, https:\/\/led.amasly.com\/wp-content\/uploads\/2025\/01\/Explosion-proof-axial-flow-fan.jpg 360w\" sizes=\"auto, (max-width: 480px) 150px\" src=\"https:\/\/led.amasly.com\/wp-content\/uploads\/2025\/01\/Explosion-proof-axial-flow-fan.jpg\" alt=\"Ex-Proof Electrical Appliance\" class=\"uag-image-1767\" width=\"300\" height=\"300\" title=\"Explosionsgesch\u00fctzter Axialventilator\" loading=\"lazy\" role=\"img\"\/><\/a><\/figure><\/div>\n<\/div>\n\n\n\n<div class=\"wp-block-uagb-container uagb-block-11c2578b\">\n<div class=\"wp-block-uagb-image uagb-block-6e8883aa wp-block-uagb-image--layout-default wp-block-uagb-image--effect-static wp-block-uagb-image--align-none\"><figure class=\"wp-block-uagb-image__figure\"><a class=\"\" href=\"https:\/\/led.amasly.com\/de\/products\/explosion-proof-lights\/\" target=\"\" rel=\"noopener\"><img decoding=\"async\" srcset=\"https:\/\/led.amasly.com\/wp-content\/uploads\/2024\/09\/LED-Explosion-Proof-Gas-Station-Light.png ,https:\/\/led.amasly.com\/wp-content\/uploads\/2024\/09\/LED-Explosion-Proof-Gas-Station-Light.png 780w, https:\/\/led.amasly.com\/wp-content\/uploads\/2024\/09\/LED-Explosion-Proof-Gas-Station-Light.png 360w\" sizes=\"auto, (max-width: 480px) 150px\" src=\"https:\/\/led.amasly.com\/wp-content\/uploads\/2024\/09\/LED-Explosion-Proof-Gas-Station-Light.png\" alt=\"\" class=\"uag-image-1501\" width=\"300\" height=\"300\" title=\"LED Explosionssichere Tankstellenleuchte\" loading=\"lazy\" role=\"img\"><\/a><\/figure><\/div>\n<\/div>\n<\/div><\/div>\n\n\n\n<div class=\"wp-block-uagb-container uagb-block-548945b5 alignfull uagb-is-root-container\"><div class=\"uagb-container-inner-blocks-wrap\">\n<div class=\"wp-block-uagb-container uagb-block-967755d5\">\n<h4 class=\"wp-block-heading has-text-align-center\"><a href=\"https:\/\/led.amasly.com\/de\/products\/explosion-proof-lights\/\">LED-Explosionsgesch\u00fctzte Lichter<\/a><\/h4>\n<\/div>\n\n\n\n<div class=\"wp-block-uagb-container uagb-block-9bc52fc2\">\n<h4 class=\"wp-block-heading has-text-align-center\"><a href=\"https:\/\/led.amasly.com\/de\/products\/ex-proof-electrical-appliance\/\">Ex-gesch\u00fctztes Elektroger\u00e4t<\/a><\/h4>\n<\/div>\n\n\n\n<div class=\"wp-block-uagb-container uagb-block-8ffa0a23\">\n<h4 class=\"wp-block-heading has-text-align-center\"><a href=\"https:\/\/led.amasly.com\/de\/products\/explosion-proof-lights\/\">Explosionssichere Tankstellenbeleuchtungen<\/a><\/h4>\n<\/div>\n<\/div><\/div>\n\n\n\n<div class=\"wp-block-uagb-container uagb-block-29499fe0 alignfull uagb-is-root-container\"><div class=\"uagb-container-inner-blocks-wrap\">\n<div class=\"wp-block-uagb-container uagb-block-777ee1c7\">\n<div class=\"wp-block-uagb-image uagb-block-2e9a1851 wp-block-uagb-image--layout-default wp-block-uagb-image--effect-static wp-block-uagb-image--align-none\"><figure class=\"wp-block-uagb-image__figure\"><a class=\"\" href=\"https:\/\/led.amasly.com\/de\/products\/led-flood-lights\/\" target=\"\" rel=\"noopener\"><img decoding=\"async\" srcset=\"https:\/\/led.amasly.com\/wp-content\/uploads\/2024\/10\/50W-100W-150W-200W-300W-LED-Flood-Light.jpg ,https:\/\/led.amasly.com\/wp-content\/uploads\/2024\/10\/50W-100W-150W-200W-300W-LED-Flood-Light.jpg 780w, https:\/\/led.amasly.com\/wp-content\/uploads\/2024\/10\/50W-100W-150W-200W-300W-LED-Flood-Light.jpg 360w\" sizes=\"auto, (max-width: 480px) 150px\" src=\"https:\/\/led.amasly.com\/wp-content\/uploads\/2024\/10\/50W-100W-150W-200W-300W-LED-Flood-Light.jpg\" alt=\"\" class=\"uag-image-1526\" width=\"300\" height=\"300\" title=\"50W 100W 150W 200W 300W LED-Flutlicht\" loading=\"lazy\" role=\"img\"><\/a><\/figure><\/div>\n<\/div>\n\n\n\n<div class=\"wp-block-uagb-container uagb-block-af8c8683\">\n<div class=\"wp-block-uagb-image uagb-block-67947854 wp-block-uagb-image--layout-default wp-block-uagb-image--effect-static wp-block-uagb-image--align-none\"><figure class=\"wp-block-uagb-image__figure\"><a class=\"\" href=\"https:\/\/led.amasly.com\/de\/products\/led-high-bay-light\/\" target=\"\" rel=\"noopener\"><img decoding=\"async\" srcset=\"https:\/\/led.amasly.com\/wp-content\/uploads\/2025\/05\/high-bay-light.webp ,https:\/\/led.amasly.com\/wp-content\/uploads\/2025\/05\/high-bay-light.webp 780w, https:\/\/led.amasly.com\/wp-content\/uploads\/2025\/05\/high-bay-light.webp 360w\" sizes=\"auto, (max-width: 480px) 150px\" src=\"https:\/\/led.amasly.com\/wp-content\/uploads\/2025\/05\/high-bay-light.webp\" alt=\"\" class=\"uag-image-3954\" width=\"300\" height=\"300\" title=\"Hochregallampe\" loading=\"lazy\" role=\"img\"><\/a><\/figure><\/div>\n<\/div>\n\n\n\n<div class=\"wp-block-uagb-container uagb-block-0fdfdd58\">\n<div class=\"wp-block-uagb-image uagb-block-1187d32d wp-block-uagb-image--layout-default wp-block-uagb-image--effect-static wp-block-uagb-image--align-none\"><figure class=\"wp-block-uagb-image__figure\"><a class=\"\" href=\"https:\/\/led.amasly.com\/de\/products\/\" target=\"\" rel=\"noopener\"><img decoding=\"async\" srcset=\"https:\/\/led.amasly.com\/wp-content\/uploads\/2024\/07\/LED-street-light.jpg ,https:\/\/led.amasly.com\/wp-content\/uploads\/2024\/07\/LED-street-light.jpg 780w, https:\/\/led.amasly.com\/wp-content\/uploads\/2024\/07\/LED-street-light.jpg 360w\" sizes=\"auto, (max-width: 480px) 150px\" src=\"https:\/\/led.amasly.com\/wp-content\/uploads\/2024\/07\/LED-street-light.jpg\" alt=\"\" class=\"uag-image-1145\" width=\"300\" height=\"300\" title=\"LED-Stra\u00dfenlaterne\" loading=\"lazy\" role=\"img\"><\/a><\/figure><\/div>\n<\/div>\n<\/div><\/div>\n\n\n\n<div class=\"wp-block-uagb-container uagb-block-6a60882c alignfull uagb-is-root-container\"><div class=\"uagb-container-inner-blocks-wrap\">\n<div class=\"wp-block-uagb-container uagb-block-f1e91a35\">\n<h4 class=\"wp-block-heading has-text-align-center\"><a href=\"https:\/\/led.amasly.com\/de\/products\/led-flood-lights\/\">LED-Flutlichter<\/a><\/h4>\n<\/div>\n\n\n\n<div class=\"wp-block-uagb-container uagb-block-165bfa58\">\n<h4 class=\"wp-block-heading has-text-align-center\"><a href=\"https:\/\/led.amasly.com\/de\/products\/led-high-bay-light\/\">LED-Hochregallampen<\/a><\/h4>\n<\/div>\n\n\n\n<div class=\"wp-block-uagb-container uagb-block-f6096e3b\">\n<h4 class=\"wp-block-heading has-text-align-center\"><a href=\"https:\/\/led.amasly.com\/de\/products\/https:\/\/led.amasly.com\/products\/led-street-lights\/\">LED-Stra\u00dfenlaternen<\/a><\/h4>\n<\/div>\n<\/div><\/div>\n\n\n\n<div class=\"wp-block-uagb-container uagb-block-99c0e0a5 alignfull uagb-is-root-container\"><div class=\"uagb-container-inner-blocks-wrap\"><\/div><\/div>","protected":false},"excerpt":{"rendered":"<p>Explosion Proof Flood LED Lights Content Contact Explosion Proof Flood LED Lights Scope of application 1. widely used in oil mining, oil refining, chemical, military and other dangerous environmental places of the factory and road lighting 2. suitable for coastal, river and other wind pressure, wind speed environment; 3. suitable for thousands of explosive gas [&hellip;]<\/p>\n","protected":false},"author":1,"featured_media":0,"parent":1156,"menu_order":2,"comment_status":"closed","ping_status":"closed","template":"","meta":{"_uag_custom_page_level_css":"","site-sidebar-layout":"no-sidebar","site-content-layout":"","ast-site-content-layout":"default","site-content-style":"default","site-sidebar-style":"default","ast-global-header-display":"","ast-banner-title-visibility":"","ast-main-header-display":"","ast-hfb-above-header-display":"","ast-hfb-below-header-display":"","ast-hfb-mobile-header-display":"","site-post-title":"disabled","ast-breadcrumbs-content":"","ast-featured-img":"","footer-sml-layout":"","ast-disable-related-posts":"","theme-transparent-header-meta":"enabled","adv-header-id-meta":"","stick-header-meta":"","header-above-stick-meta":"","header-main-stick-meta":"","header-below-stick-meta":"","astra-migrate-meta-layouts":"set","ast-page-background-enabled":"default","ast-page-background-meta":{"desktop":{"background-color":"var(--ast-global-color-4)","background-image":"","background-repeat":"repeat","background-position":"center center","background-size":"auto","background-attachment":"scroll","background-type":"","background-media":"","overlay-type":"","overlay-color":"","overlay-opacity":"","overlay-gradient":""},"tablet":{"background-color":"","background-image":"","background-repeat":"repeat","background-position":"center center","background-size":"auto","background-attachment":"scroll","background-type":"","background-media":"","overlay-type":"","overlay-color":"","overlay-opacity":"","overlay-gradient":""},"mobile":{"background-color":"","background-image":"","background-repeat":"repeat","background-position":"center center","background-size":"auto","background-attachment":"scroll","background-type":"","background-media":"","overlay-type":"","overlay-color":"","overlay-opacity":"","overlay-gradient":""}},"ast-content-background-meta":{"desktop":{"background-color":"var(--ast-global-color-5)","background-image":"","background-repeat":"repeat","background-position":"center center","background-size":"auto","background-attachment":"scroll","background-type":"","background-media":"","overlay-type":"","overlay-color":"","overlay-opacity":"","overlay-gradient":""},"tablet":{"background-color":"var(--ast-global-color-5)","background-image":"","background-repeat":"repeat","background-position":"center center","background-size":"auto","background-attachment":"scroll","background-type":"","background-media":"","overlay-type":"","overlay-color":"","overlay-opacity":"","overlay-gradient":""},"mobile":{"background-color":"var(--ast-global-color-5)","background-image":"","background-repeat":"repeat","background-position":"center center","background-size":"auto","background-attachment":"scroll","background-type":"","background-media":"","overlay-type":"","overlay-color":"","overlay-opacity":"","overlay-gradient":""}},"footnotes":"[]"},"class_list":["post-1647","page","type-page","status-publish","hentry"],"uagb_featured_image_src":{"full":false,"thumbnail":false,"medium":false,"medium_large":false,"large":false,"1536x1536":false,"2048x2048":false,"trp-custom-language-flag":false},"uagb_author_info":{"display_name":"Joe","author_link":"https:\/\/led.amasly.com\/de\/author\/jacklin\/"},"uagb_comment_info":0,"uagb_excerpt":"Explosion Proof Flood LED Lights Content Contact Explosion Proof Flood LED Lights Scope of application 1. widely used in oil mining, oil refining, chemical, military and other dangerous environmental places of the factory and road lighting 2. suitable for coastal, river and other wind pressure, wind speed environment; 3. suitable for thousands of explosive gas&hellip;","_links":{"self":[{"href":"https:\/\/led.amasly.com\/de\/wp-json\/wp\/v2\/pages\/1647","targetHints":{"allow":["GET"]}}],"collection":[{"href":"https:\/\/led.amasly.com\/de\/wp-json\/wp\/v2\/pages"}],"about":[{"href":"https:\/\/led.amasly.com\/de\/wp-json\/wp\/v2\/types\/page"}],"author":[{"embeddable":true,"href":"https:\/\/led.amasly.com\/de\/wp-json\/wp\/v2\/users\/1"}],"replies":[{"embeddable":true,"href":"https:\/\/led.amasly.com\/de\/wp-json\/wp\/v2\/comments?post=1647"}],"version-history":[{"count":7,"href":"https:\/\/led.amasly.com\/de\/wp-json\/wp\/v2\/pages\/1647\/revisions"}],"predecessor-version":[{"id":4679,"href":"https:\/\/led.amasly.com\/de\/wp-json\/wp\/v2\/pages\/1647\/revisions\/4679"}],"up":[{"embeddable":true,"href":"https:\/\/led.amasly.com\/de\/wp-json\/wp\/v2\/pages\/1156"}],"wp:attachment":[{"href":"https:\/\/led.amasly.com\/de\/wp-json\/wp\/v2\/media?parent=1647"}],"curies":[{"name":"wp","href":"https:\/\/api.w.org\/{rel}","templated":true}]}}