{"id":1038,"date":"2024-07-14T15:55:02","date_gmt":"2024-07-14T07:55:02","guid":{"rendered":"https:\/\/led.amasly.com\/?page_id=1038"},"modified":"2026-01-24T14:44:08","modified_gmt":"2026-01-24T06:44:08","slug":"uber-uns","status":"publish","type":"page","link":"https:\/\/led.amasly.com\/de\/uber-uns\/","title":{"rendered":"\u00dcber uns"},"content":{"rendered":"<div class=\"wp-block-uagb-container uagb-block-27bae773 alignfull uagb-is-root-container\"><div class=\"uagb-container-inner-blocks-wrap\">\n<div class=\"wp-block-uagb-info-box uagb-block-b537abb1 uagb-infobox__content-wrap  uagb-infobox-icon-above-title uagb-infobox-image-valign-top wp-block-uagb-info-box--has-margin\"><div class=\"uagb-infobox-margin-wrapper\"><div class=\"uagb-ifb-content\"><div class=\"uagb-ifb-title-wrap\"><h1 class=\"uagb-ifb-title\">Unser Unternehmen<\/h1><\/div><p class=\"uagb-ifb-desc\">Amasly ist ein professionelles Beleuchtungsunternehmen, dessen Produkte sich auf industrielle Beleuchtung und Au\u00dfenbeleuchtung konzentrieren.<\/p><\/div><\/div><\/div>\n<\/div><\/div>\n\n\n\n<div class=\"wp-block-uagb-container uagb-layout-grid uagb-block-b564312b alignfull uagb-is-root-container\"><div class=\"uagb-container-inner-blocks-wrap\">\n<div class=\"wp-block-uagb-advanced-heading uagb-block-a6aa8398\"><h6 class=\"uagb-heading-text\">Auf einen Blick<\/h6><\/div>\n\n\n\n<div class=\"wp-block-uagb-container uagb-block-e7fb8932\">\n<p>Amasly Lighting ist ein f\u00fchrendes professionelles Beleuchtungsunternehmen, das sich der Beleuchtung von R\u00e4umen mit Kreativit\u00e4t, Innovation und Nachhaltigkeit verschrieben hat. Mit dem Fokus auf Qualit\u00e4t, Effizienz und Kundenzufriedenheit bieten wir ein umfassendes Angebot an hochmodernen Beleuchtungsl\u00f6sungen, die auf die unterschiedlichen Bed\u00fcrfnisse unserer Kunden zugeschnitten sind.<\/p>\n\n\n\n<p>Unser Expertenteam verbindet technisches Fachwissen mit k\u00fcnstlerischen Visionen, um Beleuchtungsprodukte zu entwerfen und zu entwickeln, die nicht nur Umgebungen verbessern, sondern auch die neuesten Trends und Technologien der Branche widerspiegeln. Wir bieten ma\u00dfgeschneiderte Beleuchtungsl\u00f6sungen f\u00fcr private und gewerbliche Projekte, die R\u00e4ume ver\u00e4ndern und fesselnde Erlebnisse schaffen.<\/p>\n\n\n\n<p>Wir haben uns der Nachhaltigkeit verschrieben und integrieren energieeffiziente Technologien und umweltfreundliche Praktiken in unsere Produkte und Betriebsabl\u00e4ufe, um die Umweltbelastung zu reduzieren und gleichzeitig die Leistung zu maximieren. Mit einem kundenorientierten Ansatz legen wir Wert darauf, die einzigartigen Anforderungen jedes Projekts zu verstehen und L\u00f6sungen zu liefern, die die Erwartungen \u00fcbertreffen.<\/p>\n\n\n\n<p>Wir sind nicht einfach nur ein Beleuchtungsunternehmen; wir sind ein Team von leidenschaftlichen Fachleuten, die sich der Gestaltung einer helleren, nachhaltigeren Zukunft durch innovative und inspirierende Beleuchtungsl\u00f6sungen verschrieben haben.<\/p>\n\n\n\n<p>Amasly Lighting, ein professionelles Markenunternehmen f\u00fcr industrielle Beleuchtung, ist auf die integrierte Forschung und Entwicklung, die Produktion und den Verkauf von industriellen Beleuchtungsk\u00f6rpern spezialisiert. Das Unternehmen konzentriert sich auf die M\u00e4rkte in S\u00fcdostasien und im Nahen Osten und verkauft seine Produkte in \u00fcber 100 L\u00e4nder und Regionen weltweit. Alle explosionsgesch\u00fctzten Produkte erf\u00fcllen die Anforderungen der ATEX-Zertifizierung. Zu den Hauptproduktlinien geh\u00f6ren: Explosionsgesch\u00fctzte Leuchten, explosionsgesch\u00fctzte elektrische Ger\u00e4te, Hochregallampen, Flutlichter, Stra\u00dfenleuchten, Solarleuchten und mehr.<\/p>\n<\/div>\n<\/div><\/div>\n\n\n\n<div class=\"wp-block-uagb-container uagb-block-550ec68a alignfull uagb-is-root-container\"><div class=\"uagb-container-inner-blocks-wrap\">\n<div class=\"wp-block-uagb-container uagb-block-0c1c6a9a\">\n<div class=\"wp-block-uagb-counter uagb-block-d07210ae wp-block-uagb-counter--number\"><div class=\"wp-block-uagb-counter__number\"><span class=\"uagb-counter-block-number\" data-duration=\"2\" data-to-value=\"320\" data-from-value=\"0\" data-delimiter=\",\"><\/span><\/div><div class=\"wp-block-uagb-counter__title\">Produkte<\/div><\/div>\n<\/div>\n\n\n\n<div class=\"wp-block-uagb-container uagb-block-fb944ecb\">\n<div class=\"wp-block-uagb-counter uagb-block-514fda1c wp-block-uagb-counter--number\"><div class=\"wp-block-uagb-counter__number\"><span class=\"uagb-counter-block-number\" data-duration=\"2\" data-to-value=\"1280\" data-from-value=\"0\" data-delimiter=\",\"><\/span><\/div><div class=\"wp-block-uagb-counter__title\">KUNDEN<\/div><\/div>\n<\/div>\n\n\n\n<div class=\"wp-block-uagb-container uagb-block-28938e49\">\n<div class=\"wp-block-uagb-counter uagb-block-711d6300 wp-block-uagb-counter--number\"><div class=\"wp-block-uagb-counter__number\"><span class=\"uagb-counter-block-number\" data-duration=\"2\" data-to-value=\"10\" data-from-value=\"0\" data-delimiter=\"\"><\/span><\/div><div class=\"wp-block-uagb-counter__title\">Jahre<\/div><\/div>\n<\/div>\n\n\n\n<div class=\"wp-block-uagb-container uagb-block-9f51589c\">\n<div class=\"wp-block-uagb-counter uagb-block-5e6940d0 wp-block-uagb-counter--number\"><div class=\"wp-block-uagb-counter__number\"><span class=\"uagb-counter-block-number\" data-duration=\"2\" data-to-value=\"68\" data-from-value=\"0\" data-delimiter=\",\"><\/span><\/div><div class=\"wp-block-uagb-counter__title\">L\u00e4nder<\/div><\/div>\n<\/div>\n<\/div><\/div>\n\n\n\n<div class=\"wp-block-uagb-container uagb-layout-grid uagb-block-10a69f69 alignfull uagb-is-root-container\"><div class=\"uagb-container-inner-blocks-wrap\">\n<div class=\"wp-block-uagb-container uagb-block-4101bc95\">\n<div class=\"wp-block-uagb-info-box uagb-block-d8dfad6a uagb-infobox__content-wrap  uagb-infobox-icon-above-title uagb-infobox-image-valign-top wp-block-uagb-info-box--has-margin\"><div class=\"uagb-infobox-margin-wrapper\"><div class=\"uagb-ifb-content\"><div class=\"uagb-ifb-title-wrap\"><h6 class=\"uagb-ifb-title-prefix\">Unser Unternehmen<\/h6><h2 class=\"uagb-ifb-title\">Schnell wachsende Beleuchtung<br>Unternehmen<\/h2><\/div><p class=\"uagb-ifb-desc\">Die Produkte von Amasly werden in 68 L\u00e4nder auf der ganzen Welt exportiert, unter anderem nach Europa und in die Vereinigten Staaten, und haben mit ihren hochwertigen Produkten die Anerkennung der weltweit f\u00fchrenden Anbieter von Beleuchtungsprodukten gewonnen.<\/p><\/div><\/div><\/div>\n<\/div>\n\n\n\n<div class=\"wp-block-uagb-image uagb-block-d0f6644a wp-block-uagb-image--layout-default wp-block-uagb-image--effect-static wp-block-uagb-image--align-none\"><figure class=\"wp-block-uagb-image__figure\"><img decoding=\"async\" srcset=\"https:\/\/led.amasly.com\/wp-content\/uploads\/2024\/07\/high-bay-lights-case.jpg ,https:\/\/led.amasly.com\/wp-content\/uploads\/2024\/07\/high-bay-lights-case.jpg 780w, https:\/\/led.amasly.com\/wp-content\/uploads\/2024\/07\/high-bay-lights-case.jpg 360w\" sizes=\"auto, (max-width: 480px) 150px\" src=\"https:\/\/led.amasly.com\/wp-content\/uploads\/2024\/07\/high-bay-lights-case.jpg\" alt=\"\" class=\"uag-image-1348\" width=\"600\" height=\"726\" title=\"Geh\u00e4use f\u00fcr Hochregallampen\" loading=\"lazy\" role=\"img\"><\/figure><\/div>\n<\/div><\/div>\n\n\n\n<div class=\"wp-block-uagb-container uagb-block-5a7870f6 alignfull uagb-is-root-container\"><div class=\"uagb-container-inner-blocks-wrap\">\n<p><strong>Vision:<\/strong><\/p>\n\n\n\n<p>Unsere Vision ist es, ein weltweit f\u00fchrender Anbieter von Beleuchtungsl\u00f6sungen zu sein, der f\u00fcr seine Spitzentechnologie, nachhaltigen Praktiken und innovativen Designs bekannt ist. Unser Ziel ist es, die Welt mit Produkten zu beleuchten, die inspirieren, begeistern und einen positiven Einfluss auf die Umwelt und das Leben der Menschen haben.<\/p>\n\n\n\n<p><strong>Auftrag:<\/strong><\/p>\n\n\n\n<p>Unser Ziel ist es, innovative Beleuchtungsl\u00f6sungen zu entwickeln, die die Lebensqualit\u00e4t von Menschen und Gemeinschaften verbessern. Wir engagieren uns f\u00fcr Nachhaltigkeit, Exzellenz und kontinuierliche Verbesserung und wollen unseren Kunden Produkte anbieten, die Funktionalit\u00e4t, \u00c4sthetik und Energieeffizienz miteinander verbinden. Unser Ziel ist es, die Welt auf eine Weise zu beleuchten, die sowohl sch\u00f6n als auch verantwortungsvoll ist.<\/p>\n<\/div><\/div>\n\n\n\n<div class=\"wp-block-uagb-container uagb-block-a30f2aae alignfull uagb-is-root-container\"><div class=\"uagb-container-inner-blocks-wrap\">\n<div class=\"wp-block-uagb-info-box uagb-block-09c792f1 uagb-infobox__content-wrap  uagb-infobox-icon-above-title uagb-infobox-image-valign-top wp-block-uagb-info-box--has-margin\"><div class=\"uagb-infobox-margin-wrapper\"><div class=\"uagb-ifb-content\"><div class=\"uagb-ifb-title-wrap\"><h6 class=\"uagb-ifb-title-prefix\">PATNERSCHAFT<\/h6><h2 class=\"uagb-ifb-title\"><mark style=\"background-color:rgba(0, 0, 0, 0)\" class=\"has-inline-color has-ast-global-color-5-color\">Schwerpunkt: Industriebeleuchtung und Au\u00dfenbeleuchtung.<\/mark><\/h2><\/div><p class=\"uagb-ifb-desc\">Hauptprodukte: led explosionssichere Lichter, led hohe Bucht Lichter, led Stra\u00dfenlampen, led Flutlichter<\/p><div class=\"uagb-ifb-button-wrapper wp-block-button\"><a href=\"https:\/\/led.amasly.com\/de\/kontakt\/\" class=\"uagb-infobox-cta-link wp-block-button__link\" target=\"_self\" rel=\"noopener noreferrer\" onclick=\"return true;\"><span class=\"uagb-inline-editing\">Kontakt<\/span><svg xmlns=\"https:\/\/www.w3.org\/2000\/svg\" viewbox=\"0 0 320 512\"><path d=\"M96 480c-8.188 0-16.38-3.125-22.62-9.375c-12.5-12.5-12.5-32.75 0-45.25L242.8 256L73.38 86.63c-12.5-12.5-12.5-32.75 0-45.25s32.75-12.5 45.25 0l192 192c12.5 12.5 12.5 32.75 0 45.25l-192 192C112.4 476.9 104.2 480 96 480z\"><\/path><\/svg><\/a><\/div><\/div><\/div><\/div>\n<\/div><\/div>\n\n\n\n<h2 class=\"wp-block-heading\"><strong>Amasly LED-Licht <\/strong><strong>FAQ<\/strong><strong><\/strong><\/h2>\n\n\n\n<p><strong>Q1. kann ich eine Probe Bestellung f\u00fcr LED-Licht haben?<\/strong><strong><\/strong><\/p>\n\n\n\n<p>A: Ja, wir begr\u00fc\u00dfen Musterbestellungen, um die Qualit\u00e4t zu testen und zu \u00fcberpr\u00fcfen. Gemischte Proben sind akzeptabel.<\/p>\n\n\n\n<p><strong>F2: Wie sieht es mit der Vorlaufzeit aus?<\/strong><strong><\/strong><\/p>\n\n\n\n<p>A: Muster brauchen 3-5 Tage, die Massenproduktion braucht 1-2 Wochen.<\/p>\n\n\n\n<p><strong>Q3.do Sie haben keine MOQ Grenze f\u00fcr led Licht bestellen?<\/strong><strong><\/strong><\/p>\n\n\n\n<p>A: Niedrige MOQ 1pc f\u00fcr Probe \u00dcberpr\u00fcfung ist verf\u00fcgbar.<\/p>\n\n\n\n<p><strong>Q4. Wie versenden Sie die Waren und wie lange dauert es, bis sie ankommen?<\/strong><strong><\/strong><\/p>\n\n\n\n<p>A: Wir versenden normalerweise mit DHL, UPS, FedEx oder TNT. Es dauert in der Regel 3-5 Tage, um anzukommen. Luftlinie und Meer Versand auch optional.<\/p>\n\n\n\n<p><strong>Q5. Wie man einen Auftrag f\u00fcr gef\u00fchrtes Licht fortf\u00e4hrt?<\/strong><strong><\/strong><\/p>\n\n\n\n<p>A:<\/p>\n\n\n\n<p>Teilen Sie uns zun\u00e4chst Ihre Anforderungen oder Ihren Antrag mit.<\/p>\n\n\n\n<p>Zweitens erstellen wir ein Angebot entsprechend Ihren Anforderungen oder unseren Vorschl\u00e4gen.<\/p>\n\n\n\n<p>Drittens best\u00e4tigt der Kunde die Muster und hinterlegt eine Anzahlung f\u00fcr die offizielle Bestellung.<\/p>\n\n\n\n<p>Viertens: Wir organisieren die Produktion.<\/p>\n\n\n\n<p><strong>Q6: Ist es in Ordnung, meine <\/strong><strong>LOGO<\/strong><strong>&nbsp;\u00fcber das Produkt led light ?<\/strong><strong><\/strong><\/p>\n\n\n\n<p>A: Ja. Bitte informieren Sie uns formell vor der Produktion und best\u00e4tigen Sie den Entwurf zun\u00e4chst auf der Grundlage unseres Musters.<\/p>\n\n\n\n<p><strong>Q7: Bieten Sie eine Garantie f\u00fcr Ihre Produkte an?<\/strong><strong><\/strong><\/p>\n\n\n\n<p>A: Ja, wir bieten 2-5 Jahre Garantie auf unsere Produkte.<\/p>\n\n\n\n<p><strong>F8: Wie geht man mit Fehlern um?<\/strong><strong><\/strong><\/p>\n\n\n\n<p>A:<\/p>\n\n\n\n<p>Erstens sind unsere Produkte produzieren dinstrict Qualit\u00e4tskontrolle System und die fehlerhafte Rate wird weniger als 0,2% sein<\/p>\n\n\n\n<p>Zweitens werden wir w\u00e4hrend der Garantiezeit Teile zur Verf\u00fcgung stellen, um das defekte Teil zu ersetzen. Bei Gro\u00dfbestellungen bieten wir anf\u00e4llige Teile im Voraus an, oder wir k\u00f6nnen L\u00f6sungen einschlie\u00dflich R\u00fcckrufe auf der Grundlage der tats\u00e4chlichen Situation besprechen.<\/p>\n\n\n\n<h2 class=\"wp-block-heading\">Verwandte Produkte<\/h2>\n\n\n\n<div class=\"wp-block-uagb-container uagb-block-66e4defc alignfull uagb-is-root-container\"><div class=\"uagb-container-inner-blocks-wrap\">\n<div class=\"wp-block-uagb-container uagb-block-a42945f9\">\n<div class=\"wp-block-uagb-image uagb-block-7296296b wp-block-uagb-image--layout-default wp-block-uagb-image--effect-static wp-block-uagb-image--align-none\"><figure class=\"wp-block-uagb-image__figure\"><a class=\"\" href=\"https:\/\/led.amasly.com\/de\/produkte\/explosionsgeschutzte-leuchten\/\" target=\"\" rel=\"noopener\"><img decoding=\"async\" srcset=\"https:\/\/led.amasly.com\/wp-content\/uploads\/2024\/09\/Explosion-proof-high-bay-lights.png ,https:\/\/led.amasly.com\/wp-content\/uploads\/2024\/09\/Explosion-proof-high-bay-lights.png 780w, https:\/\/led.amasly.com\/wp-content\/uploads\/2024\/09\/Explosion-proof-high-bay-lights.png 360w\" sizes=\"auto, (max-width: 480px) 150px\" src=\"https:\/\/led.amasly.com\/wp-content\/uploads\/2024\/09\/Explosion-proof-high-bay-lights.png\" alt=\"\" class=\"uag-image-1495\" width=\"300\" height=\"300\" title=\"Explosionsgesch\u00fctzte Hochregallampen\" loading=\"lazy\" role=\"img\"><\/a><\/figure><\/div>\n<\/div>\n\n\n\n<div class=\"wp-block-uagb-container uagb-block-4d3efde5\">\n<div class=\"wp-block-uagb-image uagb-block-c9e90797 wp-block-uagb-image--layout-default wp-block-uagb-image--effect-static wp-block-uagb-image--align-none\"><figure class=\"wp-block-uagb-image__figure\"><a class=\"\" href=\"https:\/\/led.amasly.com\/de\/produkte\/ex-geschutztes-elektrogerat\/\" target=\"\" rel=\"noopener\"><img decoding=\"async\" srcset=\"https:\/\/led.amasly.com\/wp-content\/uploads\/2025\/01\/Explosion-proof-axial-flow-fan.jpg ,https:\/\/led.amasly.com\/wp-content\/uploads\/2025\/01\/Explosion-proof-axial-flow-fan.jpg 780w, https:\/\/led.amasly.com\/wp-content\/uploads\/2025\/01\/Explosion-proof-axial-flow-fan.jpg 360w\" sizes=\"auto, (max-width: 480px) 150px\" src=\"https:\/\/led.amasly.com\/wp-content\/uploads\/2025\/01\/Explosion-proof-axial-flow-fan.jpg\" alt=\"Ex-gesch\u00fctztes Elektroger\u00e4t\" class=\"uag-image-1767\" width=\"300\" height=\"300\" title=\"Explosionsgesch\u00fctzter Axialventilator\" loading=\"lazy\" role=\"img\"\/><\/a><\/figure><\/div>\n<\/div>\n\n\n\n<div class=\"wp-block-uagb-container uagb-block-11c2578b\">\n<div class=\"wp-block-uagb-image uagb-block-6e8883aa wp-block-uagb-image--layout-default wp-block-uagb-image--effect-static wp-block-uagb-image--align-none\"><figure class=\"wp-block-uagb-image__figure\"><a class=\"\" href=\"https:\/\/led.amasly.com\/de\/produkte\/explosionsgeschutzte-leuchten\/\" target=\"\" rel=\"noopener\"><img decoding=\"async\" srcset=\"https:\/\/led.amasly.com\/wp-content\/uploads\/2024\/09\/LED-Explosion-Proof-Gas-Station-Light.png ,https:\/\/led.amasly.com\/wp-content\/uploads\/2024\/09\/LED-Explosion-Proof-Gas-Station-Light.png 780w, https:\/\/led.amasly.com\/wp-content\/uploads\/2024\/09\/LED-Explosion-Proof-Gas-Station-Light.png 360w\" sizes=\"auto, (max-width: 480px) 150px\" src=\"https:\/\/led.amasly.com\/wp-content\/uploads\/2024\/09\/LED-Explosion-Proof-Gas-Station-Light.png\" alt=\"\" class=\"uag-image-1501\" width=\"300\" height=\"300\" title=\"LED Explosionssichere Tankstellenleuchte\" loading=\"lazy\" role=\"img\"><\/a><\/figure><\/div>\n<\/div>\n<\/div><\/div>\n\n\n\n<div class=\"wp-block-uagb-container uagb-block-548945b5 alignfull uagb-is-root-container\"><div class=\"uagb-container-inner-blocks-wrap\">\n<div class=\"wp-block-uagb-container uagb-block-967755d5\">\n<h4 class=\"wp-block-heading has-text-align-center\"><a href=\"https:\/\/led.amasly.com\/de\/produkte\/explosionsgeschutzte-leuchten\/\">LED-Explosionsgesch\u00fctzte Lichter<\/a><\/h4>\n<\/div>\n\n\n\n<div class=\"wp-block-uagb-container uagb-block-9bc52fc2\">\n<h4 class=\"wp-block-heading has-text-align-center\"><a href=\"https:\/\/led.amasly.com\/de\/produkte\/ex-geschutztes-elektrogerat\/\">Ex-gesch\u00fctztes Elektroger\u00e4t<\/a><\/h4>\n<\/div>\n\n\n\n<div class=\"wp-block-uagb-container uagb-block-8ffa0a23\">\n<h4 class=\"wp-block-heading has-text-align-center\"><a href=\"https:\/\/led.amasly.com\/de\/produkte\/explosionsgeschutzte-leuchten\/\">Explosionssichere Tankstellenbeleuchtungen<\/a><\/h4>\n<\/div>\n<\/div><\/div>\n\n\n\n<div class=\"wp-block-uagb-container uagb-block-29499fe0 alignfull uagb-is-root-container\"><div class=\"uagb-container-inner-blocks-wrap\">\n<div class=\"wp-block-uagb-container uagb-block-777ee1c7\">\n<div class=\"wp-block-uagb-image uagb-block-2e9a1851 wp-block-uagb-image--layout-default wp-block-uagb-image--effect-static wp-block-uagb-image--align-none\"><figure class=\"wp-block-uagb-image__figure\"><a class=\"\" href=\"https:\/\/led.amasly.com\/de\/produkte\/led-flutlichter\/\" target=\"\" rel=\"noopener\"><img decoding=\"async\" srcset=\"https:\/\/led.amasly.com\/wp-content\/uploads\/2024\/10\/50W-100W-150W-200W-300W-LED-Flood-Light.jpg ,https:\/\/led.amasly.com\/wp-content\/uploads\/2024\/10\/50W-100W-150W-200W-300W-LED-Flood-Light.jpg 780w, https:\/\/led.amasly.com\/wp-content\/uploads\/2024\/10\/50W-100W-150W-200W-300W-LED-Flood-Light.jpg 360w\" sizes=\"auto, (max-width: 480px) 150px\" src=\"https:\/\/led.amasly.com\/wp-content\/uploads\/2024\/10\/50W-100W-150W-200W-300W-LED-Flood-Light.jpg\" alt=\"\" class=\"uag-image-1526\" width=\"300\" height=\"300\" title=\"50W 100W 150W 200W 300W LED-Flutlicht\" loading=\"lazy\" role=\"img\"><\/a><\/figure><\/div>\n<\/div>\n\n\n\n<div class=\"wp-block-uagb-container uagb-block-af8c8683\">\n<div class=\"wp-block-uagb-image uagb-block-67947854 wp-block-uagb-image--layout-default wp-block-uagb-image--effect-static wp-block-uagb-image--align-none\"><figure class=\"wp-block-uagb-image__figure\"><a class=\"\" href=\"https:\/\/led.amasly.com\/de\/produkte\/led-hochregallampe\/\" target=\"\" rel=\"noopener\"><img decoding=\"async\" srcset=\"https:\/\/led.amasly.com\/wp-content\/uploads\/2025\/05\/high-bay-light.webp ,https:\/\/led.amasly.com\/wp-content\/uploads\/2025\/05\/high-bay-light.webp 780w, https:\/\/led.amasly.com\/wp-content\/uploads\/2025\/05\/high-bay-light.webp 360w\" sizes=\"auto, (max-width: 480px) 150px\" src=\"https:\/\/led.amasly.com\/wp-content\/uploads\/2025\/05\/high-bay-light.webp\" alt=\"\" class=\"uag-image-3954\" width=\"300\" height=\"300\" title=\"Hochregallampe\" loading=\"lazy\" role=\"img\"><\/a><\/figure><\/div>\n<\/div>\n\n\n\n<div class=\"wp-block-uagb-container uagb-block-0fdfdd58\">\n<div class=\"wp-block-uagb-image uagb-block-1187d32d wp-block-uagb-image--layout-default wp-block-uagb-image--effect-static wp-block-uagb-image--align-none\"><figure class=\"wp-block-uagb-image__figure\"><a class=\"\" href=\"https:\/\/led.amasly.com\/de\/produkte\/\" target=\"\" rel=\"noopener\"><img decoding=\"async\" srcset=\"https:\/\/led.amasly.com\/wp-content\/uploads\/2024\/07\/LED-street-light.jpg ,https:\/\/led.amasly.com\/wp-content\/uploads\/2024\/07\/LED-street-light.jpg 780w, https:\/\/led.amasly.com\/wp-content\/uploads\/2024\/07\/LED-street-light.jpg 360w\" sizes=\"auto, (max-width: 480px) 150px\" src=\"https:\/\/led.amasly.com\/wp-content\/uploads\/2024\/07\/LED-street-light.jpg\" alt=\"\" class=\"uag-image-1145\" width=\"300\" height=\"300\" title=\"LED-Stra\u00dfenlaterne\" loading=\"lazy\" role=\"img\"><\/a><\/figure><\/div>\n<\/div>\n<\/div><\/div>\n\n\n\n<div class=\"wp-block-uagb-container uagb-block-6a60882c alignfull uagb-is-root-container\"><div class=\"uagb-container-inner-blocks-wrap\">\n<div class=\"wp-block-uagb-container uagb-block-f1e91a35\">\n<h4 class=\"wp-block-heading has-text-align-center\"><a href=\"https:\/\/led.amasly.com\/de\/produkte\/led-flutlichter\/\">LED-Flutlichter<\/a><\/h4>\n<\/div>\n\n\n\n<div class=\"wp-block-uagb-container uagb-block-165bfa58\">\n<h4 class=\"wp-block-heading has-text-align-center\"><a href=\"https:\/\/led.amasly.com\/de\/produkte\/led-hochregallampe\/\">LED-Hochregallampen<\/a><\/h4>\n<\/div>\n\n\n\n<div class=\"wp-block-uagb-container uagb-block-f6096e3b\">\n<h4 class=\"wp-block-heading has-text-align-center\"><a href=\"https:\/\/led.amasly.com\/de\/produkte\/https%3a\/\/led.amasly.com\/produkte\/led-strasenlampen\/\">LED-Stra\u00dfenlaternen<\/a><\/h4>\n<\/div>\n<\/div><\/div>\n\n\n\n<div class=\"wp-block-uagb-container uagb-block-99c0e0a5 alignfull uagb-is-root-container\"><div class=\"uagb-container-inner-blocks-wrap\"><\/div><\/div>","protected":false},"excerpt":{"rendered":"<p>At A Glance Amasly Lighting is a leading professional lighting company dedicated to illuminating spaces with creativity, innovation, and sustainability. With a focus on quality, efficiency, and customer satisfaction, we offer a comprehensive range of cutting-edge lighting solutions tailored to meet the diverse needs of our clients. Our team of experts combines technical expertise with [&hellip;]<\/p>\n","protected":false},"author":1,"featured_media":0,"parent":0,"menu_order":0,"comment_status":"closed","ping_status":"closed","template":"","meta":{"_uag_custom_page_level_css":"","site-sidebar-layout":"no-sidebar","site-content-layout":"","ast-site-content-layout":"default","site-content-style":"default","site-sidebar-style":"default","ast-global-header-display":"","ast-banner-title-visibility":"","ast-main-header-display":"","ast-hfb-above-header-display":"","ast-hfb-below-header-display":"","ast-hfb-mobile-header-display":"","site-post-title":"disabled","ast-breadcrumbs-content":"","ast-featured-img":"","footer-sml-layout":"","ast-disable-related-posts":"","theme-transparent-header-meta":"enabled","adv-header-id-meta":"","stick-header-meta":"","header-above-stick-meta":"","header-main-stick-meta":"","header-below-stick-meta":"","astra-migrate-meta-layouts":"set","ast-page-background-enabled":"default","ast-page-background-meta":{"desktop":{"background-color":"var(--ast-global-color-4)","background-image":"","background-repeat":"repeat","background-position":"center center","background-size":"auto","background-attachment":"scroll","background-type":"","background-media":"","overlay-type":"","overlay-color":"","overlay-opacity":"","overlay-gradient":""},"tablet":{"background-color":"","background-image":"","background-repeat":"repeat","background-position":"center center","background-size":"auto","background-attachment":"scroll","background-type":"","background-media":"","overlay-type":"","overlay-color":"","overlay-opacity":"","overlay-gradient":""},"mobile":{"background-color":"","background-image":"","background-repeat":"repeat","background-position":"center center","background-size":"auto","background-attachment":"scroll","background-type":"","background-media":"","overlay-type":"","overlay-color":"","overlay-opacity":"","overlay-gradient":""}},"ast-content-background-meta":{"desktop":{"background-color":"var(--ast-global-color-5)","background-image":"","background-repeat":"repeat","background-position":"center center","background-size":"auto","background-attachment":"scroll","background-type":"","background-media":"","overlay-type":"","overlay-color":"","overlay-opacity":"","overlay-gradient":""},"tablet":{"background-color":"var(--ast-global-color-5)","background-image":"","background-repeat":"repeat","background-position":"center center","background-size":"auto","background-attachment":"scroll","background-type":"","background-media":"","overlay-type":"","overlay-color":"","overlay-opacity":"","overlay-gradient":""},"mobile":{"background-color":"var(--ast-global-color-5)","background-image":"","background-repeat":"repeat","background-position":"center center","background-size":"auto","background-attachment":"scroll","background-type":"","background-media":"","overlay-type":"","overlay-color":"","overlay-opacity":"","overlay-gradient":""}},"footnotes":""},"class_list":["post-1038","page","type-page","status-publish","hentry"],"uagb_featured_image_src":{"full":false,"thumbnail":false,"medium":false,"medium_large":false,"large":false,"1536x1536":false,"2048x2048":false,"trp-custom-language-flag":false},"uagb_author_info":{"display_name":"Joe","author_link":"https:\/\/led.amasly.com\/de\/author\/jacklin\/"},"uagb_comment_info":0,"uagb_excerpt":"At A Glance Amasly Lighting is a leading professional lighting company dedicated to illuminating spaces with creativity, innovation, and sustainability. With a focus on quality, efficiency, and customer satisfaction, we offer a comprehensive range of cutting-edge lighting solutions tailored to meet the diverse needs of our clients. Our team of experts combines technical expertise with&hellip;","_links":{"self":[{"href":"https:\/\/led.amasly.com\/de\/wp-json\/wp\/v2\/pages\/1038","targetHints":{"allow":["GET"]}}],"collection":[{"href":"https:\/\/led.amasly.com\/de\/wp-json\/wp\/v2\/pages"}],"about":[{"href":"https:\/\/led.amasly.com\/de\/wp-json\/wp\/v2\/types\/page"}],"author":[{"embeddable":true,"href":"https:\/\/led.amasly.com\/de\/wp-json\/wp\/v2\/users\/1"}],"replies":[{"embeddable":true,"href":"https:\/\/led.amasly.com\/de\/wp-json\/wp\/v2\/comments?post=1038"}],"version-history":[{"count":14,"href":"https:\/\/led.amasly.com\/de\/wp-json\/wp\/v2\/pages\/1038\/revisions"}],"predecessor-version":[{"id":4681,"href":"https:\/\/led.amasly.com\/de\/wp-json\/wp\/v2\/pages\/1038\/revisions\/4681"}],"wp:attachment":[{"href":"https:\/\/led.amasly.com\/de\/wp-json\/wp\/v2\/media?parent=1038"}],"curies":[{"name":"wp","href":"https:\/\/api.w.org\/{rel}","templated":true}]}}