{"id":4971,"date":"2026-02-05T23:13:44","date_gmt":"2026-02-05T15:13:44","guid":{"rendered":"https:\/\/led.amasly.com\/?page_id=4971"},"modified":"2026-02-05T23:13:47","modified_gmt":"2026-02-05T15:13:47","slug":"20-60w-explosion-proof-led-linear-light-analysis-selection-and-installation-guide","status":"publish","type":"page","link":"https:\/\/led.amasly.com\/da\/knowledge\/explosion-proof-products-knowledge\/20-60w-explosion-proof-led-linear-light-analysis-selection-and-installation-guide\/","title":{"rendered":"20-60w eksplosionssikkert line\u00e6rt led-lys Analyse, udv\u00e6lgelse og installationsvejledning"},"content":{"rendered":"<div class=\"wp-block-uagb-container uagb-block-27bae773 alignfull uagb-is-root-container\"><div class=\"uagb-container-inner-blocks-wrap\"><\/div><\/div>\n\n\n\n<h1 class=\"wp-block-heading has-text-align-center\"><strong>20-60w eksplosionssikkert line\u00e6rt led-lys<\/strong><strong>&nbsp;Analyse, udv\u00e6lgelse og installationsvejledning<\/strong><strong><\/strong><\/h1>\n\n\n\n<p>Der er mange <strong>20-60w Eksplosionssikkert LED line\u00e6rt lys<\/strong>. Hvordan skal man v\u00e6lge? Denne artikel giver et detaljeret overblik over flere almindelige eksplosionssikre line\u00e6re LED-lamper og tilbyder en omfattende analyse og sammenligning p\u00e5 tv\u00e6rs af produktegenskaber, materialer, specifikationer, dimensioner, installationsmetoder og anvendelsesmilj\u00f8er. Den vejleder dig i, hvordan du v\u00e6lger den rigtige eksplosionssikre line\u00e6re LED-lampe:<\/p>\n\n\n\n<h2 class=\"wp-block-heading\">1.\u00a0<strong>20-60w Eksplosionssikkert line\u00e6rt LED-lys: Korrosionsbestandigt, eksplosionssikkert LED-lysstofr\u00f8r helt i plast<\/strong><\/h2>\n\n\n\n<div class=\"wp-block-uagb-image uagb-block-a0378858 wp-block-uagb-image--layout-default wp-block-uagb-image--effect-static wp-block-uagb-image--align-none\"><figure class=\"wp-block-uagb-image__figure\"><img decoding=\"async\" srcset=\"https:\/\/led.amasly.com\/wp-content\/uploads\/2026\/02\/Explosion-proof-linear-fluorescence-lights.png ,https:\/\/led.amasly.com\/wp-content\/uploads\/2026\/02\/Explosion-proof-linear-fluorescence-lights.png 780w, https:\/\/led.amasly.com\/wp-content\/uploads\/2026\/02\/Explosion-proof-linear-fluorescence-lights.png 360w\" sizes=\"auto, (max-width: 480px) 150px\" src=\"https:\/\/led.amasly.com\/wp-content\/uploads\/2026\/02\/Explosion-proof-linear-fluorescence-lights.png\" alt=\"\" class=\"uag-image-4972\" width=\"300\" height=\"300\" title=\"Eksplosionssikre line\u00e6re fluorescenslamper\" loading=\"lazy\" role=\"img\"><\/figure><\/div>\n\n\n\n<h3 class=\"wp-block-heading\"><strong>Funktioner:<\/strong><strong><\/strong><\/h3>\n\n\n\n<p>Spr\u00f8jtest\u00f8bt hus af polykarbonatlegering med h\u00f8j slagfasthed, h\u00f8j temperaturbestandighed, kuldebestandighed og st\u00e6rk korrosionsbestandighed;<\/p>\n\n\n\n<p>Spr\u00f8jtest\u00f8bt linse i polykarbonatmateriale, h\u00f8j lystransmission, kan modst\u00e5 kraftige st\u00f8d, med ribbet design, der effektivt forhindrer bl\u00e6nding;<\/p>\n\n\n\n<p>N\u00f8dbelysningsmodul f\u00e5s p\u00e5 foresp\u00f8rgsel; skifter automatisk til n\u00f8dtilstand under str\u00f8mafbrydelser;<\/p>\n\n\n\n<p>Dimensioner: 0,6 m og 1,2 m<\/p>\n\n\n\n<p>Effekt: 9W, 18W, 30W, 36W, 2x9W, 2x18W, 2x30W, 2x36W<\/p>\n\n\n\n<p>Sp\u00e6nding: AC110V, AC220V<\/p>\n\n\n\n<p>Eksplosionssikker klassificering: Ex db eb \u2161C T6 Gb \/ Ex tb \u2162C T80\u2103 Db *Ex db eb mb \u2161C T6 Gb \/ Ex tb \u2162C T80\u2103 Db<\/p>\n\n\n\n<p>Beskyttelsesgrad: IP66<\/p>\n\n\n\n<p>Monteringsmetoder: Indbygget loft, nedh\u00e6ngt stang, v\u00e6gmonteret, k\u00e6deoph\u00e6ng, buet stang, flange-monteret, skinne-monteret<\/p>\n\n\n\n<p>Anvendelse: Produktet er velegnet til brug i fabrikker, gader, lagerbygninger, v\u00e6rksteder og andre steder.<\/p>\n\n\n\n<h2 class=\"wp-block-heading\">2.\u00a0<strong>20-60w Eksplosionssikkert LED line\u00e6rt lys: Eksplosionssikkert r\u00f8rlys<\/strong><\/h2>\n\n\n\n<figure class=\"wp-block-image aligncenter size-full\"><img decoding=\"async\" width=\"300\" height=\"300\" src=\"https:\/\/led.amasly.com\/wp-content\/uploads\/2026\/02\/Explosion-proof-tube-light.jpg\" alt=\"\" class=\"wp-image-4973\" title=\"\" srcset=\"https:\/\/led.amasly.com\/wp-content\/uploads\/2026\/02\/Explosion-proof-tube-light.jpg 300w, https:\/\/led.amasly.com\/wp-content\/uploads\/2026\/02\/Explosion-proof-tube-light-150x150.jpg 150w, https:\/\/led.amasly.com\/wp-content\/uploads\/2026\/02\/Explosion-proof-tube-light-12x12.jpg 12w\" sizes=\"(max-width: 300px) 100vw, 300px\" \/><\/figure>\n\n\n\n<h3 class=\"wp-block-heading\"><strong>Funktioner:<\/strong><strong><\/strong><\/h3>\n\n\n\n<p>Hus: Trykst\u00f8bt aluminiumslegering med sandbl\u00e6st overflade og h\u00f8jtryks-elektrostatisk pulverlakering;<\/p>\n\n\n\n<p>Gennemsigtigt r\u00f8r: H\u00e6rdet glas med h\u00f8j styrke;<\/p>\n\n\n\n<p>Udsatte fastg\u00f8relseselementer: H\u00f8jt korrosionsbestandigt rustfrit st\u00e5l;<\/p>\n\n\n\n<p>Har et gitter til optimeret lysfordeling og reduktion af bl\u00e6nding;<\/p>\n\n\n\n<p>Huset opn\u00e5r en IP66-beskyttelsesgrad, der effektivt modst\u00e5r kraftige regnskyl;<\/p>\n\n\n\n<p>Dimensioner: 0,6 m og 1,2 m<\/p>\n\n\n\n<p>Effekt: 9W, 18W, 36W, 2x9W, 2x18W, 2x30W, 2x36W<\/p>\n\n\n\n<p>Sp\u00e6nding: AC110V, AC220V<\/p>\n\n\n\n<p>Eksplosionssikker klassificering: Ex nRIIC T6 GcEx tb lC T80\u00b0C Db<\/p>\n\n\n\n<p>Beskyttelsesgrad: IP66<\/p>\n\n\n\n<p>Muligheder for montering: Fors\u00e6nket loft, stolpemonteret, v\u00e6gmonteret, k\u00e6deoph\u00e6ngt, buet arm, flangemonteret, gel\u00e6ndermonteret<\/p>\n\n\n\n<p>Anvendelser: Udbredt til arbejdsbelysning i olie-, kemikalie-, havne-, rumfarts-, luftfarts- og milit\u00e6ranl\u00e6g;<\/p>\n\n\n\n<p>Velegnet til milj\u00f8er, der kr\u00e6ver h\u00f8j fugtbestandighed og korrosionsbeskyttelse.<\/p>\n\n\n\n<h2 class=\"wp-block-heading\">3.\u00a0<strong>20-60w Eksplosionssikkert LED line\u00e6rt lys: Eksplosionssikkert rent fluorescerende lys<\/strong><\/h2>\n\n\n\n<figure class=\"wp-block-image aligncenter size-full\"><img decoding=\"async\" width=\"300\" height=\"300\" src=\"https:\/\/led.amasly.com\/wp-content\/uploads\/2026\/02\/Explosion-proof-linear-light.png\" alt=\"\" class=\"wp-image-4974\" title=\"\" srcset=\"https:\/\/led.amasly.com\/wp-content\/uploads\/2026\/02\/Explosion-proof-linear-light.png 300w, https:\/\/led.amasly.com\/wp-content\/uploads\/2026\/02\/Explosion-proof-linear-light-150x150.png 150w, https:\/\/led.amasly.com\/wp-content\/uploads\/2026\/02\/Explosion-proof-linear-light-12x12.png 12w\" sizes=\"(max-width: 300px) 100vw, 300px\" \/><\/figure>\n\n\n\n<h3 class=\"wp-block-heading\"><strong>Funktioner:<\/strong><strong><\/strong><\/h3>\n\n\n\n<p>Huset er dannet ved at b\u00f8je st\u00e5lplader med en h\u00f8jtryks-elektrostatisk pulverlakering;<\/p>\n\n\n\n<p>Hus i rustfrit st\u00e5l med poleret overfladefinish f\u00e5s p\u00e5 foresp\u00f8rgsel;<\/p>\n\n\n\n<p>Huset og trykrammen er forbundet via en intern k\u00e6demekanisme med en opklappelig intern reflektor til praktisk ledningsf\u00f8ring;<\/p>\n\n\n\n<p>Fastg\u00f8relsesboltene har anti-drop-foranstaltninger, som g\u00f8r det nemmere at fjerne d\u00e6kslet i forbindelse med vedligeholdelse;<\/p>\n\n\n\n<p>Den har et unikt design med dobbelt tappeforsegling, som giver overlegen vandt\u00e6thed og st\u00f8vmodstand;<\/p>\n\n\n\n<p>Kan efter \u00f8nske udstyres med en n\u00f8danordning, der automatisk skifter til n\u00f8dbelysningstilstand ved str\u00f8msvigt;<\/p>\n\n\n\n<p>Dimensioner: 0,6 m og 1,2 m<\/p>\n\n\n\n<p>Effekt: 9W, 18W, 36W, 2x9W, 2x18W, 2x30W, 2x36W<\/p>\n\n\n\n<p>Sp\u00e6nding: AC110V, AC220V<\/p>\n\n\n\n<p>Eksplosionssikker klassificering: Ex d e \u2161C T6 Gb \/ Ex d e mb \u2161C T4 Gb<\/p>\n\n\n\n<p>Beskyttelsesgrad: IP66<\/p>\n\n\n\n<p>Muligheder for montering: Overflademonteret eller indbygget<\/p>\n\n\n\n<h2 class=\"wp-block-heading\">4.\u00a0<strong>20-60w Eksplosionssikkert LED line\u00e6rt lys: Eksplosionssikkert lysb\u00e5nd<\/strong><\/h2>\n\n\n\n<figure class=\"wp-block-image aligncenter size-full\"><img decoding=\"async\" width=\"710\" height=\"710\" src=\"https:\/\/led.amasly.com\/wp-content\/uploads\/2026\/02\/Explosion-proof-linear-lights.jpg\" alt=\"20-60w\u00a0Explosion proof LED Linear Light\" class=\"wp-image-4975\" title=\"\" srcset=\"https:\/\/led.amasly.com\/wp-content\/uploads\/2026\/02\/Explosion-proof-linear-lights.jpg 710w, https:\/\/led.amasly.com\/wp-content\/uploads\/2026\/02\/Explosion-proof-linear-lights-300x300.jpg 300w, https:\/\/led.amasly.com\/wp-content\/uploads\/2026\/02\/Explosion-proof-linear-lights-150x150.jpg 150w, https:\/\/led.amasly.com\/wp-content\/uploads\/2026\/02\/Explosion-proof-linear-lights-12x12.jpg 12w\" sizes=\"(max-width: 710px) 100vw, 710px\" \/><\/figure>\n\n\n\n<h3 class=\"wp-block-heading\"><strong>Funktioner:<\/strong><strong><\/strong><\/h3>\n\n\n\n<p>Ekstruderet aluminiumshus med h\u00f8j renhed og anodiseret overfladebehandling for fremragende varmeledningsevne og korrosionsbestandighed;<\/p>\n\n\n\n<p>Diffusor i f\u00f8rsteklasses pc-materiale med lysdiffusionsteknologi sikrer optimal lysfordeling og eliminerer effektivt bl\u00e6nding for en ensartet og bl\u00f8d belysning;<\/p>\n\n\n\n<p>Et s\u00e6rligt strukturelt design muligg\u00f8r effektiv varmeafledning fra LED-drift og opretholder en ensartet ydeevne for lyskilden;<\/p>\n\n\n\n<p>N\u00f8dbelysningsmodul f\u00e5s p\u00e5 foresp\u00f8rgsel; skifter automatisk til n\u00f8dtilstand under str\u00f8mafbrydelser;<\/p>\n\n\n\n<p>Dimensioner: 0.3m. 0,6 m, 0,9 m<\/p>\n\n\n\n<p>Effekt: 20W, 30W, 40W, 50W, 60W<\/p>\n\n\n\n<p>Eksplosionssikker klassificering: <a href=\"http:\/\/www.iecex.com\" rel=\"nofollow noopener\" target=\"_blank\">Ex d Mb II C T6 Gb<\/a><\/p>\n\n\n\n<p>Beskyttelsesgrad: IP66<\/p>\n\n\n\n<p>Sp\u00e6nding: AC\/DC 12V, 24V, 36V; AC 110V; AC 220V<\/p>\n\n\n\n<p>Muligheder for montering: Fors\u00e6nket loft, nedh\u00e6ngt stang, v\u00e6gmonteret, k\u00e6deoph\u00e6ng, buet stang, flange, gel\u00e6nder<\/p>\n\n\n\n<p class=\"has-text-align-left\">Applikationer: <strong>20-60w Eksplosionssikkert LED line\u00e6rt lys<\/strong> til kontrolrum, feltkontorer, batterirum, zoner med flydende ammoniak, gangbroer til raffinaderit\u00e5rne, gangbroer til lagertanke, gangbroer til platforme, pumpe-\/ventilkabinetter, r\u00f8rledningskorridorer, gangbroer til kajer med farlige kemikalier og lignende milj\u00f8er. Velegnet til meget fugtige steder, der kr\u00e6ver overlegen korrosionsbestandighed.<\/p>\n\n\n\n<p>Amasly, et professionelt brand inden for industriel belysning (hjemmesider: led.amasly.com og amasly.com), har specialiseret sig i forskning og udvikling, produktion og salg af industrielle belysningsarmaturer. Med fokus p\u00e5 markederne i Syd\u00f8stasien og Mellem\u00f8sten s\u00e6lges produkterne i over 100 lande og regioner verden over. Alle eksplosionssikre produkter overholder ATEX-certificeringskravene. Kerneudbuddet omfatter: Eksplosionssikre lamper, eksplosionssikkert elektrisk udstyr, lamper til industri\/minedrift, projekt\u00f8rer, gadelamper, solcellebelysning, <strong>20-60w Eksplosionssikkert LED line\u00e6rt lys<\/strong> osv.<\/p>\n\n\n\n<div class=\"wp-block-uagb-container uagb-block-c7d898dd alignfull uagb-is-root-container\"><div class=\"uagb-container-inner-blocks-wrap\"><\/div><\/div>\n\n\n\n<h2 class=\"wp-block-heading\">Relaterede produkter<\/h2>\n\n\n\n<div class=\"wp-block-uagb-container uagb-block-66e4defc alignfull uagb-is-root-container\"><div class=\"uagb-container-inner-blocks-wrap\">\n<div class=\"wp-block-uagb-container uagb-block-a42945f9\">\n<div class=\"wp-block-uagb-image uagb-block-7296296b wp-block-uagb-image--layout-default wp-block-uagb-image--effect-static wp-block-uagb-image--align-none\"><figure class=\"wp-block-uagb-image__figure\"><a class=\"\" href=\"https:\/\/led.amasly.com\/da\/products\/\" target=\"\" rel=\"noopener\"><img decoding=\"async\" srcset=\"https:\/\/led.amasly.com\/wp-content\/uploads\/2024\/09\/Explosion-proof-high-bay-lights.png ,https:\/\/led.amasly.com\/wp-content\/uploads\/2024\/09\/Explosion-proof-high-bay-lights.png 780w, https:\/\/led.amasly.com\/wp-content\/uploads\/2024\/09\/Explosion-proof-high-bay-lights.png 360w\" sizes=\"auto, (max-width: 480px) 150px\" src=\"https:\/\/led.amasly.com\/wp-content\/uploads\/2024\/09\/Explosion-proof-high-bay-lights.png\" alt=\"\" class=\"uag-image-1495\" width=\"300\" height=\"300\" title=\"Eksplosionssikre high bay-lys\" loading=\"lazy\" role=\"img\"><\/a><\/figure><\/div>\n<\/div>\n\n\n\n<div class=\"wp-block-uagb-container uagb-block-4d3efde5\">\n<div class=\"wp-block-uagb-image uagb-block-c9e90797 wp-block-uagb-image--layout-default wp-block-uagb-image--effect-static wp-block-uagb-image--align-none\"><figure class=\"wp-block-uagb-image__figure\"><a class=\"\" href=\"https:\/\/led.amasly.com\/da\/products\/\" target=\"\" rel=\"noopener\"><img decoding=\"async\" srcset=\"https:\/\/led.amasly.com\/wp-content\/uploads\/2024\/07\/LED-tri-proof-lights2.png ,https:\/\/led.amasly.com\/wp-content\/uploads\/2024\/07\/LED-tri-proof-lights2.png 780w, https:\/\/led.amasly.com\/wp-content\/uploads\/2024\/07\/LED-tri-proof-lights2.png 360w\" sizes=\"auto, (max-width: 480px) 150px\" src=\"https:\/\/led.amasly.com\/wp-content\/uploads\/2024\/07\/LED-tri-proof-lights2.png\" alt=\"\" class=\"uag-image-1132\" width=\"300\" height=\"300\" title=\"LED-tri-proof-lys2\" loading=\"lazy\" role=\"img\"><\/a><\/figure><\/div>\n<\/div>\n\n\n\n<div class=\"wp-block-uagb-container uagb-block-11c2578b\">\n<div class=\"wp-block-uagb-image uagb-block-6e8883aa wp-block-uagb-image--layout-default wp-block-uagb-image--effect-static wp-block-uagb-image--align-none\"><figure class=\"wp-block-uagb-image__figure\"><a class=\"\" href=\"https:\/\/led.amasly.com\/da\/products\/\" target=\"\" rel=\"noopener\"><img decoding=\"async\" srcset=\"https:\/\/led.amasly.com\/wp-content\/uploads\/2024\/09\/LED-Explosion-Proof-Gas-Station-Light.png ,https:\/\/led.amasly.com\/wp-content\/uploads\/2024\/09\/LED-Explosion-Proof-Gas-Station-Light.png 780w, https:\/\/led.amasly.com\/wp-content\/uploads\/2024\/09\/LED-Explosion-Proof-Gas-Station-Light.png 360w\" sizes=\"auto, (max-width: 480px) 150px\" src=\"https:\/\/led.amasly.com\/wp-content\/uploads\/2024\/09\/LED-Explosion-Proof-Gas-Station-Light.png\" alt=\"\" class=\"uag-image-1501\" width=\"300\" height=\"300\" title=\"LED-eksplosionssikkert tankstationslys\" loading=\"lazy\" role=\"img\"><\/a><\/figure><\/div>\n<\/div>\n<\/div><\/div>\n\n\n\n<div class=\"wp-block-uagb-container uagb-block-548945b5 alignfull uagb-is-root-container\"><div class=\"uagb-container-inner-blocks-wrap\">\n<div class=\"wp-block-uagb-container uagb-block-967755d5\">\n<h4 class=\"wp-block-heading has-text-align-center\"><a href=\"https:\/\/led.amasly.com\/da\/products\/\">LED-eksplosionssikre lamper<\/a><\/h4>\n<\/div>\n\n\n\n<div class=\"wp-block-uagb-container uagb-block-9bc52fc2\">\n<h4 class=\"wp-block-heading has-text-align-center\"><a href=\"https:\/\/led.amasly.com\/da\/products\/\">LED Tri-Proof-lys<\/a><\/h4>\n<\/div>\n\n\n\n<div class=\"wp-block-uagb-container uagb-block-8ffa0a23\">\n<h4 class=\"wp-block-heading has-text-align-center\"><a href=\"https:\/\/led.amasly.com\/da\/products\/\">Eksplosionssikre lamper til tankstationer<\/a><\/h4>\n<\/div>\n<\/div><\/div>\n\n\n\n<div class=\"wp-block-uagb-container uagb-block-29499fe0 alignfull uagb-is-root-container\"><div class=\"uagb-container-inner-blocks-wrap\">\n<div class=\"wp-block-uagb-container uagb-block-777ee1c7\">\n<div class=\"wp-block-uagb-image uagb-block-2e9a1851 wp-block-uagb-image--layout-default wp-block-uagb-image--effect-static wp-block-uagb-image--align-none\"><figure class=\"wp-block-uagb-image__figure\"><a class=\"\" href=\"https:\/\/led.amasly.com\/da\/products\/\" target=\"\" rel=\"noopener\"><img decoding=\"async\" srcset=\"https:\/\/led.amasly.com\/wp-content\/uploads\/2024\/10\/50W-100W-150W-200W-300W-LED-Flood-Light.jpg ,https:\/\/led.amasly.com\/wp-content\/uploads\/2024\/10\/50W-100W-150W-200W-300W-LED-Flood-Light.jpg 780w, https:\/\/led.amasly.com\/wp-content\/uploads\/2024\/10\/50W-100W-150W-200W-300W-LED-Flood-Light.jpg 360w\" sizes=\"auto, (max-width: 480px) 150px\" src=\"https:\/\/led.amasly.com\/wp-content\/uploads\/2024\/10\/50W-100W-150W-200W-300W-LED-Flood-Light.jpg\" alt=\"\" class=\"uag-image-1526\" width=\"300\" height=\"300\" title=\"50W 100W 150W 200W 300W LED-oversv\u00f8mmelseslys\" loading=\"lazy\" role=\"img\"><\/a><\/figure><\/div>\n<\/div>\n\n\n\n<div class=\"wp-block-uagb-container uagb-block-af8c8683\">\n<div class=\"wp-block-uagb-image uagb-block-67947854 wp-block-uagb-image--layout-default wp-block-uagb-image--effect-static wp-block-uagb-image--align-none\"><figure class=\"wp-block-uagb-image__figure\"><a class=\"\" href=\"https:\/\/led.amasly.com\/da\/products\/\" target=\"\" rel=\"noopener\"><img decoding=\"async\" srcset=\"https:\/\/led.amasly.com\/wp-content\/uploads\/2024\/07\/led-tri-proof-light.png ,https:\/\/led.amasly.com\/wp-content\/uploads\/2024\/07\/led-tri-proof-light.png 780w, https:\/\/led.amasly.com\/wp-content\/uploads\/2024\/07\/led-tri-proof-light.png 360w\" sizes=\"auto, (max-width: 480px) 150px\" src=\"https:\/\/led.amasly.com\/wp-content\/uploads\/2024\/07\/led-tri-proof-light.png\" alt=\"\" class=\"uag-image-1130\" width=\"300\" height=\"300\" title=\"led-tri-proof-lys\" loading=\"lazy\" role=\"img\"><\/a><\/figure><\/div>\n<\/div>\n\n\n\n<div class=\"wp-block-uagb-container uagb-block-0fdfdd58\">\n<div class=\"wp-block-uagb-image uagb-block-1187d32d wp-block-uagb-image--layout-default wp-block-uagb-image--effect-static wp-block-uagb-image--align-none\"><figure class=\"wp-block-uagb-image__figure\"><a class=\"\" href=\"https:\/\/led.amasly.com\/da\/products\/\" target=\"\" rel=\"noopener\"><img decoding=\"async\" srcset=\"https:\/\/led.amasly.com\/wp-content\/uploads\/2024\/07\/LED-street-light.jpg ,https:\/\/led.amasly.com\/wp-content\/uploads\/2024\/07\/LED-street-light.jpg 780w, https:\/\/led.amasly.com\/wp-content\/uploads\/2024\/07\/LED-street-light.jpg 360w\" sizes=\"auto, (max-width: 480px) 150px\" src=\"https:\/\/led.amasly.com\/wp-content\/uploads\/2024\/07\/LED-street-light.jpg\" alt=\"\" class=\"uag-image-1145\" width=\"300\" height=\"300\" title=\"LED-gadebelysning\" loading=\"lazy\" role=\"img\"><\/a><\/figure><\/div>\n<\/div>\n<\/div><\/div>\n\n\n\n<div class=\"wp-block-uagb-container uagb-block-6a60882c alignfull uagb-is-root-container\"><div class=\"uagb-container-inner-blocks-wrap\">\n<div class=\"wp-block-uagb-container uagb-block-f1e91a35\">\n<h4 class=\"wp-block-heading has-text-align-center\"><a href=\"https:\/\/led.amasly.com\/da\/products\/\">LED-oversv\u00f8mmelseslys<\/a><\/h4>\n<\/div>\n\n\n\n<div class=\"wp-block-uagb-container uagb-block-165bfa58\">\n<h4 class=\"wp-block-heading has-text-align-center\"><a href=\"https:\/\/led.amasly.com\/da\/products\/\">LED Tri-Proof lysr\u00f8r<\/a><\/h4>\n<\/div>\n\n\n\n<div class=\"wp-block-uagb-container uagb-block-f6096e3b\">\n<h4 class=\"wp-block-heading has-text-align-center\"><a href=\"https:\/\/led.amasly.com\/da\/products\/\">LED-gadelys<\/a><\/h4>\n<\/div>\n<\/div><\/div>\n\n\n\n<div class=\"wp-block-uagb-container uagb-block-99c0e0a5 alignfull uagb-is-root-container\"><div class=\"uagb-container-inner-blocks-wrap\"><\/div><\/div>\n\n\n\n<p><\/p>","protected":false},"excerpt":{"rendered":"<p>20-60w explosion proof led linear light&nbsp;Analysis, Selection and Installation Guide There are numerous 20-60w\u00a0Explosion proof LED Linear Light. How should one make a selection? This article provides a detailed overview of several common explosion-proof LED linear lights, offering a comprehensive analysis and comparison across product features, materials, specifications, dimensions, installation methods, and application environments. It [&hellip;]<\/p>\n","protected":false},"author":1,"featured_media":0,"parent":2374,"menu_order":0,"comment_status":"closed","ping_status":"closed","template":"","meta":{"_uag_custom_page_level_css":"","site-sidebar-layout":"no-sidebar","site-content-layout":"","ast-site-content-layout":"default","site-content-style":"default","site-sidebar-style":"default","ast-global-header-display":"","ast-banner-title-visibility":"","ast-main-header-display":"","ast-hfb-above-header-display":"","ast-hfb-below-header-display":"","ast-hfb-mobile-header-display":"","site-post-title":"disabled","ast-breadcrumbs-content":"","ast-featured-img":"","footer-sml-layout":"","ast-disable-related-posts":"","theme-transparent-header-meta":"enabled","adv-header-id-meta":"","stick-header-meta":"","header-above-stick-meta":"","header-main-stick-meta":"","header-below-stick-meta":"","astra-migrate-meta-layouts":"set","ast-page-background-enabled":"default","ast-page-background-meta":{"desktop":{"background-color":"var(--ast-global-color-4)","background-image":"","background-repeat":"repeat","background-position":"center center","background-size":"auto","background-attachment":"scroll","background-type":"","background-media":"","overlay-type":"","overlay-color":"","overlay-opacity":"","overlay-gradient":""},"tablet":{"background-color":"","background-image":"","background-repeat":"repeat","background-position":"center center","background-size":"auto","background-attachment":"scroll","background-type":"","background-media":"","overlay-type":"","overlay-color":"","overlay-opacity":"","overlay-gradient":""},"mobile":{"background-color":"","background-image":"","background-repeat":"repeat","background-position":"center center","background-size":"auto","background-attachment":"scroll","background-type":"","background-media":"","overlay-type":"","overlay-color":"","overlay-opacity":"","overlay-gradient":""}},"ast-content-background-meta":{"desktop":{"background-color":"var(--ast-global-color-5)","background-image":"","background-repeat":"repeat","background-position":"center center","background-size":"auto","background-attachment":"scroll","background-type":"","background-media":"","overlay-type":"","overlay-color":"","overlay-opacity":"","overlay-gradient":""},"tablet":{"background-color":"var(--ast-global-color-5)","background-image":"","background-repeat":"repeat","background-position":"center center","background-size":"auto","background-attachment":"scroll","background-type":"","background-media":"","overlay-type":"","overlay-color":"","overlay-opacity":"","overlay-gradient":""},"mobile":{"background-color":"var(--ast-global-color-5)","background-image":"","background-repeat":"repeat","background-position":"center center","background-size":"auto","background-attachment":"scroll","background-type":"","background-media":"","overlay-type":"","overlay-color":"","overlay-opacity":"","overlay-gradient":""}},"footnotes":""},"class_list":["post-4971","page","type-page","status-publish","hentry"],"uagb_featured_image_src":{"full":false,"thumbnail":false,"medium":false,"medium_large":false,"large":false,"1536x1536":false,"2048x2048":false,"trp-custom-language-flag":false},"uagb_author_info":{"display_name":"Joe","author_link":"https:\/\/led.amasly.com\/da\/author\/jacklin\/"},"uagb_comment_info":0,"uagb_excerpt":"20-60w explosion proof led linear light&nbsp;Analysis, Selection and Installation Guide There are numerous 20-60w\u00a0Explosion proof LED Linear Light. How should one make a selection? This article provides a detailed overview of several common explosion-proof LED linear lights, offering a comprehensive analysis and comparison across product features, materials, specifications, dimensions, installation methods, and application environments. It&hellip;","_links":{"self":[{"href":"https:\/\/led.amasly.com\/da\/wp-json\/wp\/v2\/pages\/4971","targetHints":{"allow":["GET"]}}],"collection":[{"href":"https:\/\/led.amasly.com\/da\/wp-json\/wp\/v2\/pages"}],"about":[{"href":"https:\/\/led.amasly.com\/da\/wp-json\/wp\/v2\/types\/page"}],"author":[{"embeddable":true,"href":"https:\/\/led.amasly.com\/da\/wp-json\/wp\/v2\/users\/1"}],"replies":[{"embeddable":true,"href":"https:\/\/led.amasly.com\/da\/wp-json\/wp\/v2\/comments?post=4971"}],"version-history":[{"count":1,"href":"https:\/\/led.amasly.com\/da\/wp-json\/wp\/v2\/pages\/4971\/revisions"}],"predecessor-version":[{"id":4976,"href":"https:\/\/led.amasly.com\/da\/wp-json\/wp\/v2\/pages\/4971\/revisions\/4976"}],"up":[{"embeddable":true,"href":"https:\/\/led.amasly.com\/da\/wp-json\/wp\/v2\/pages\/2374"}],"wp:attachment":[{"href":"https:\/\/led.amasly.com\/da\/wp-json\/wp\/v2\/media?parent=4971"}],"curies":[{"name":"wp","href":"https:\/\/api.w.org\/{rel}","templated":true}]}}