{"id":4421,"date":"2026-01-15T20:32:07","date_gmt":"2026-01-15T12:32:07","guid":{"rendered":"https:\/\/led.amasly.com\/?page_id=4421"},"modified":"2026-01-24T20:27:42","modified_gmt":"2026-01-24T12:27:42","slug":"dont-underestimate-construction-site-street-lights-choose-right-use-right-and-speed-up-your-project","status":"publish","type":"page","link":"https:\/\/led.amasly.com\/da\/knowledge\/outdoor-light-knowledge\/dont-underestimate-construction-site-street-lights-choose-right-use-right-and-speed-up-your-project\/","title":{"rendered":"Undervurder ikke gadebelysning p\u00e5 byggepladser! V\u00e6lg rigtigt, brug rigtigt, og fremskynd dit projekt"},"content":{"rendered":"<div class=\"wp-block-uagb-container uagb-block-27bae773 alignfull uagb-is-root-container\"><div class=\"uagb-container-inner-blocks-wrap\"><\/div><\/div>\n\n\n\n<h1 class=\"wp-block-heading has-text-align-center\"><strong>Undervurder ikke byggeriet <\/strong><strong>Site Street <\/strong><strong>Lys<\/strong><strong>s<\/strong><strong>! V\u00e6lg rigtigt, brug rigtigt, og fremskynd dit projekt<\/strong><strong><\/strong><\/h1>\n\n\n\n<p>I forskellige byggeprojekter - fra vejrenoveringer i byerne til fabriksbyggeri i forst\u00e6derne - er belysning stadig en kritisk faktor, der p\u00e5virker projektets fremdrift. P\u00e5 grund af den begr\u00e6nsede arbejdstid i dagtimerne og de stramme tidsplaner er natbyggeri blevet rutine for mange projekter. Som det \u201cvigtigste belysningsudstyr\u201d i byggeriet giver gadelygter ikke kun klart udsyn til arbejdet, men sikrer ogs\u00e5 byggeriets sikkerhed og effektivitet.<\/p>\n\n\n\n<figure class=\"wp-block-image aligncenter size-full\"><img decoding=\"async\" width=\"300\" height=\"300\" src=\"https:\/\/led.amasly.com\/wp-content\/uploads\/2026\/01\/LED-street-light.jpg\" alt=\"Street Lights\" class=\"wp-image-4422\" title=\"\" srcset=\"https:\/\/led.amasly.com\/wp-content\/uploads\/2026\/01\/LED-street-light.jpg 300w, https:\/\/led.amasly.com\/wp-content\/uploads\/2026\/01\/LED-street-light-150x150.jpg 150w, https:\/\/led.amasly.com\/wp-content\/uploads\/2026\/01\/LED-street-light-12x12.jpg 12w\" sizes=\"(max-width: 300px) 100vw, 300px\" \/><\/figure>\n\n\n\n<h2 class=\"wp-block-heading\"><strong>I. Konstruktionens praktiske v\u00e6rdi <\/strong><strong>Site Street <\/strong><strong>Lys<\/strong><strong>s<\/strong><strong>&nbsp;i Site-milj\u00f8er<\/strong><strong><\/strong><\/h2>\n\n\n\n<h3 class=\"wp-block-heading\"><strong>Tilpasning til forskellige byggemilj\u00f8er<\/strong><strong><\/strong><\/h3>\n\n\n\n<p>Uanset om det drejer sig om reparation af underjordiske r\u00f8rledninger i smalle gyder eller opf\u00f8relse af st\u00e5lkonstruktioner p\u00e5 \u00e5bne marker, kan specialiserede gadelygter til byggeriet belyse kritiske arbejdsomr\u00e5der pr\u00e6cist - f.eks. binding af armeringsjern eller samling af udstyr - ved at justere hovedvinkler og monteringsh\u00f8jder. Tilstr\u00e6kkelig belysning minimerer fejl i pr\u00e6cisionsopgaver, reducerer omarbejdningsgraden og sikrer byggekvaliteten.<\/p>\n\n\n\n<h3 class=\"wp-block-heading\"><strong>H\u00f8j mobilitet<\/strong><strong><\/strong><\/h3>\n\n\n\n<p>De fleste gadelygter til byggeriet har hjul eller b\u00e6reh\u00e5ndtag, hvilket eliminerer behovet for installationer med forudg\u00e5ende kabler. Arbejderne kan fleksibelt flytte dem til omr\u00e5der som udgravninger eller materialeoverf\u00f8rselsruter efter behov, tilpasse sig hyppigt skiftende arbejdszoner og omg\u00e5 besv\u00e6rlige processer med ops\u00e6tning og nedtagning af ledninger.<\/p>\n\n\n\n<h3 class=\"wp-block-heading\"><strong>Holdbarhed til byggemilj\u00f8er<\/strong><strong><\/strong><\/h3>\n\n\n\n<p>Disse lygter er konstrueret til st\u00f8vede, vibrationsintensive steder og har robuste plasthuse og st\u00f8vforseglede design, der kan modst\u00e5 barske forhold. De har ogs\u00e5 forl\u00e6nget driftstid og opretholder konstant lysstyrke i over ti timers kontinuerlig drift, hvilket forhindrer forsinkelser i tidsplanen p\u00e5 grund af hyppige batteriskift eller genopladninger.<\/p>\n\n\n\n<h2 class=\"wp-block-heading\"><strong>II. Vigtige overvejelser for byggeriet <\/strong><strong>Site Street <\/strong><strong>Lys<\/strong><strong>s<\/strong><strong><\/strong><\/h2>\n\n\n\n<h3 class=\"wp-block-heading\"><strong>Undg\u00e5 farlige zoner under installationen<\/strong><strong><\/strong><\/h3>\n\n\n\n<p>F\u00f8r installationen skal du se p\u00e5 stedets kort over forsyningsnettet for at placere lamperne v\u00e6k fra underjordiske kabler, vandr\u00f8r og anden infrastruktur for at forhindre skader under ops\u00e6tningen. Undg\u00e5 ogs\u00e5 store maskiner som kraner og gravemaskiner for at undg\u00e5 kollisioner, der kan beskadige lamperne eller for\u00e5rsage ulykker.<\/p>\n\n\n\n<h3 class=\"wp-block-heading\"><strong>Implementer udend\u00f8rs beskyttelsesforanstaltninger<\/strong><strong><\/strong><\/h3>\n\n\n\n<p>Ved udend\u00f8rs installationer skal du kontrollere de vandt\u00e6tte forseglinger og ledningsintegriteten f\u00f8r regn for at forhindre fugtinducerede kortslutninger. N\u00e5r arbejdet er indstillet om natten, skal du opbevare de b\u00e6rbare lygter under et regnskur eller placere advarselskegler og refleksb\u00e5nd omkring dem for at forhindre utilsigtet kontakt med personale eller k\u00f8ret\u00f8jer.<\/p>\n\n\n\n<h3 class=\"wp-block-heading\"><strong>V\u00e6lg passende lysmodeller baseret p\u00e5 krav<\/strong><strong><\/strong><\/h3>\n\n\n\n<p>Undg\u00e5 blind jagt p\u00e5 h\u00f8j lysstyrke. V\u00e6lg ud fra konstruktionsscenarier: Til detaljerede opgaver som v\u00e6gpudsning eller r\u00f8rsvejsning skal du bruge projekt\u00f8rer med bl\u00f8dt lys for at forhindre, at bl\u00e6nding p\u00e5virker arbejdet. Til store scenarier som generel belysning af byggepladsen eller arbejde med tungt udstyr er projekt\u00f8rer med h\u00f8j lysstyrke afg\u00f8rende for at sikre omfattende d\u00e6kning uden m\u00f8rke pletter.<\/p>\n\n\n\n<h2 class=\"wp-block-heading\"><strong>Oversigt over gadebelysning<\/strong><\/h2>\n\n\n\n<p>For byggefirmaer fungerer en meget tilpasningsdygtig og holdbar lampe b\u00e5de som et \u201cbeskyttende skjold\u201d for medarbejdernes sikkerhed og som en \u201cbooster\u201d for at fremskynde projektets fremdrift. Vores byggespecifikke projekt\u00f8rer har store, l\u00e5sbare hjul og best\u00e5r faldtest p\u00e5 1,5 meter med IP65-certificering for st\u00f8v- og vandmodstand, hvilket g\u00f8r dem velegnede til forskellige steder, herunder byveje, kommunale r\u00f8rledninger og fabrikker i forst\u00e6derne. Hvis du st\u00e5r over for udfordringer med belysning i byggeriet, kan du udforske vores l\u00f8sninger for at forbedre sikkerheden og effektiviteten i dine projekter.<\/p>\n\n\n\n<p class=\"has-text-align-left\">Amasly Lighting, et professionelt brand inden for industriel belysning med officielle hjemmesider p\u00e5 led.amasly.com og amasly.com, har specialiseret sig i integreret forskning og udvikling, produktion og salg af industrielle belysningsarmaturer. Virksomheden fokuserer p\u00e5 de syd\u00f8stasiatiske og mellem\u00f8stlige markeder og s\u00e6lger produkter til over 100 lande og regioner i hele verden. Alle eksplosionssikre produkter overholder ATEX-certificeringskravene. Kerneproduktlinjerne omfatter: eksplosionssikre lamper, eksplosionssikkert elektrisk udstyr, high bay-lys, oversv\u00f8mmelseslys, gadelys, solcellearmaturer og meget mere.<\/p>\n\n\n\n<p>Standard: <a href=\"http:\/\/www.iec.com\" rel=\"nofollow noopener\" target=\"_blank\">IEC60598<\/a><\/p>\n\n\n\n<div class=\"wp-block-uagb-container uagb-block-c7d898dd alignfull uagb-is-root-container\"><div class=\"uagb-container-inner-blocks-wrap\"><\/div><\/div>\n\n\n\n<h2 class=\"wp-block-heading\">Relaterede produkter<\/h2>\n\n\n\n<div class=\"wp-block-uagb-container uagb-block-66e4defc alignfull uagb-is-root-container\"><div class=\"uagb-container-inner-blocks-wrap\">\n<div class=\"wp-block-uagb-container uagb-block-a42945f9\">\n<div class=\"wp-block-uagb-image uagb-block-7296296b wp-block-uagb-image--layout-default wp-block-uagb-image--effect-static wp-block-uagb-image--align-none\"><figure class=\"wp-block-uagb-image__figure\"><a class=\"\" href=\"https:\/\/led.amasly.com\/da\/products\/\" target=\"\" rel=\"noopener\"><img decoding=\"async\" srcset=\"https:\/\/led.amasly.com\/wp-content\/uploads\/2024\/09\/Explosion-proof-high-bay-lights.png ,https:\/\/led.amasly.com\/wp-content\/uploads\/2024\/09\/Explosion-proof-high-bay-lights.png 780w, https:\/\/led.amasly.com\/wp-content\/uploads\/2024\/09\/Explosion-proof-high-bay-lights.png 360w\" sizes=\"auto, (max-width: 480px) 150px\" src=\"https:\/\/led.amasly.com\/wp-content\/uploads\/2024\/09\/Explosion-proof-high-bay-lights.png\" alt=\"\" class=\"uag-image-1495\" width=\"300\" height=\"300\" title=\"Eksplosionssikre high bay-lys\" loading=\"lazy\" role=\"img\"><\/a><\/figure><\/div>\n<\/div>\n\n\n\n<div class=\"wp-block-uagb-container uagb-block-4d3efde5\">\n<div class=\"wp-block-uagb-image uagb-block-c9e90797 wp-block-uagb-image--layout-default wp-block-uagb-image--effect-static wp-block-uagb-image--align-none\"><figure class=\"wp-block-uagb-image__figure\"><a class=\"\" href=\"https:\/\/led.amasly.com\/da\/products\/\" target=\"\" rel=\"noopener\"><img decoding=\"async\" srcset=\"https:\/\/led.amasly.com\/wp-content\/uploads\/2024\/07\/LED-tri-proof-lights2.png ,https:\/\/led.amasly.com\/wp-content\/uploads\/2024\/07\/LED-tri-proof-lights2.png 780w, https:\/\/led.amasly.com\/wp-content\/uploads\/2024\/07\/LED-tri-proof-lights2.png 360w\" sizes=\"auto, (max-width: 480px) 150px\" src=\"https:\/\/led.amasly.com\/wp-content\/uploads\/2024\/07\/LED-tri-proof-lights2.png\" alt=\"\" class=\"uag-image-1132\" width=\"300\" height=\"300\" title=\"LED-tri-proof-lys2\" loading=\"lazy\" role=\"img\"><\/a><\/figure><\/div>\n<\/div>\n\n\n\n<div class=\"wp-block-uagb-container uagb-block-11c2578b\">\n<div class=\"wp-block-uagb-image uagb-block-6e8883aa wp-block-uagb-image--layout-default wp-block-uagb-image--effect-static wp-block-uagb-image--align-none\"><figure class=\"wp-block-uagb-image__figure\"><a class=\"\" href=\"https:\/\/led.amasly.com\/da\/products\/\" target=\"\" rel=\"noopener\"><img decoding=\"async\" srcset=\"https:\/\/led.amasly.com\/wp-content\/uploads\/2024\/09\/LED-Explosion-Proof-Gas-Station-Light.png ,https:\/\/led.amasly.com\/wp-content\/uploads\/2024\/09\/LED-Explosion-Proof-Gas-Station-Light.png 780w, https:\/\/led.amasly.com\/wp-content\/uploads\/2024\/09\/LED-Explosion-Proof-Gas-Station-Light.png 360w\" sizes=\"auto, (max-width: 480px) 150px\" src=\"https:\/\/led.amasly.com\/wp-content\/uploads\/2024\/09\/LED-Explosion-Proof-Gas-Station-Light.png\" alt=\"\" class=\"uag-image-1501\" width=\"300\" height=\"300\" title=\"LED-eksplosionssikkert tankstationslys\" loading=\"lazy\" role=\"img\"><\/a><\/figure><\/div>\n<\/div>\n<\/div><\/div>\n\n\n\n<div class=\"wp-block-uagb-container uagb-block-548945b5 alignfull uagb-is-root-container\"><div class=\"uagb-container-inner-blocks-wrap\">\n<div class=\"wp-block-uagb-container uagb-block-967755d5\">\n<h4 class=\"wp-block-heading has-text-align-center\"><a href=\"https:\/\/led.amasly.com\/da\/products\/\">LED-eksplosionssikre lamper<\/a><\/h4>\n<\/div>\n\n\n\n<div class=\"wp-block-uagb-container uagb-block-9bc52fc2\">\n<h4 class=\"wp-block-heading has-text-align-center\"><a href=\"https:\/\/led.amasly.com\/da\/products\/\">LED Tri-Proof-lys<\/a><\/h4>\n<\/div>\n\n\n\n<div class=\"wp-block-uagb-container uagb-block-8ffa0a23\">\n<h4 class=\"wp-block-heading has-text-align-center\"><a href=\"https:\/\/led.amasly.com\/da\/products\/\">Eksplosionssikre lamper til tankstationer<\/a><\/h4>\n<\/div>\n<\/div><\/div>\n\n\n\n<div class=\"wp-block-uagb-container uagb-block-29499fe0 alignfull uagb-is-root-container\"><div class=\"uagb-container-inner-blocks-wrap\">\n<div class=\"wp-block-uagb-container uagb-block-777ee1c7\">\n<div class=\"wp-block-uagb-image uagb-block-2e9a1851 wp-block-uagb-image--layout-default wp-block-uagb-image--effect-static wp-block-uagb-image--align-none\"><figure class=\"wp-block-uagb-image__figure\"><a class=\"\" href=\"https:\/\/led.amasly.com\/da\/products\/\" target=\"\" rel=\"noopener\"><img decoding=\"async\" srcset=\"https:\/\/led.amasly.com\/wp-content\/uploads\/2024\/10\/50W-100W-150W-200W-300W-LED-Flood-Light.jpg ,https:\/\/led.amasly.com\/wp-content\/uploads\/2024\/10\/50W-100W-150W-200W-300W-LED-Flood-Light.jpg 780w, https:\/\/led.amasly.com\/wp-content\/uploads\/2024\/10\/50W-100W-150W-200W-300W-LED-Flood-Light.jpg 360w\" sizes=\"auto, (max-width: 480px) 150px\" src=\"https:\/\/led.amasly.com\/wp-content\/uploads\/2024\/10\/50W-100W-150W-200W-300W-LED-Flood-Light.jpg\" alt=\"\" class=\"uag-image-1526\" width=\"300\" height=\"300\" title=\"50W 100W 150W 200W 300W LED-oversv\u00f8mmelseslys\" loading=\"lazy\" role=\"img\"><\/a><\/figure><\/div>\n<\/div>\n\n\n\n<div class=\"wp-block-uagb-container uagb-block-af8c8683\">\n<div class=\"wp-block-uagb-image uagb-block-67947854 wp-block-uagb-image--layout-default wp-block-uagb-image--effect-static wp-block-uagb-image--align-none\"><figure class=\"wp-block-uagb-image__figure\"><a class=\"\" href=\"https:\/\/led.amasly.com\/da\/products\/\" target=\"\" rel=\"noopener\"><img decoding=\"async\" srcset=\"https:\/\/led.amasly.com\/wp-content\/uploads\/2024\/07\/led-tri-proof-light.png ,https:\/\/led.amasly.com\/wp-content\/uploads\/2024\/07\/led-tri-proof-light.png 780w, https:\/\/led.amasly.com\/wp-content\/uploads\/2024\/07\/led-tri-proof-light.png 360w\" sizes=\"auto, (max-width: 480px) 150px\" src=\"https:\/\/led.amasly.com\/wp-content\/uploads\/2024\/07\/led-tri-proof-light.png\" alt=\"\" class=\"uag-image-1130\" width=\"300\" height=\"300\" title=\"led-tri-proof-lys\" loading=\"lazy\" role=\"img\"><\/a><\/figure><\/div>\n<\/div>\n\n\n\n<div class=\"wp-block-uagb-container uagb-block-0fdfdd58\">\n<div class=\"wp-block-uagb-image uagb-block-1187d32d wp-block-uagb-image--layout-default wp-block-uagb-image--effect-static wp-block-uagb-image--align-none\"><figure class=\"wp-block-uagb-image__figure\"><a class=\"\" href=\"https:\/\/led.amasly.com\/da\/products\/\" target=\"\" rel=\"noopener\"><img decoding=\"async\" srcset=\"https:\/\/led.amasly.com\/wp-content\/uploads\/2024\/07\/LED-street-light.jpg ,https:\/\/led.amasly.com\/wp-content\/uploads\/2024\/07\/LED-street-light.jpg 780w, https:\/\/led.amasly.com\/wp-content\/uploads\/2024\/07\/LED-street-light.jpg 360w\" sizes=\"auto, (max-width: 480px) 150px\" src=\"https:\/\/led.amasly.com\/wp-content\/uploads\/2024\/07\/LED-street-light.jpg\" alt=\"\" class=\"uag-image-1145\" width=\"300\" height=\"300\" title=\"LED-gadebelysning\" loading=\"lazy\" role=\"img\"><\/a><\/figure><\/div>\n<\/div>\n<\/div><\/div>\n\n\n\n<div class=\"wp-block-uagb-container uagb-block-6a60882c alignfull uagb-is-root-container\"><div class=\"uagb-container-inner-blocks-wrap\">\n<div class=\"wp-block-uagb-container uagb-block-f1e91a35\">\n<h4 class=\"wp-block-heading has-text-align-center\"><a href=\"https:\/\/led.amasly.com\/da\/products\/\">LED-oversv\u00f8mmelseslys<\/a><\/h4>\n<\/div>\n\n\n\n<div class=\"wp-block-uagb-container uagb-block-165bfa58\">\n<h4 class=\"wp-block-heading has-text-align-center\"><a href=\"https:\/\/led.amasly.com\/da\/products\/\">LED Tri-Proof lysr\u00f8r<\/a><\/h4>\n<\/div>\n\n\n\n<div class=\"wp-block-uagb-container uagb-block-f6096e3b\">\n<h4 class=\"wp-block-heading has-text-align-center\"><a href=\"https:\/\/led.amasly.com\/da\/products\/\">LED-gadelys<\/a><\/h4>\n<\/div>\n<\/div><\/div>\n\n\n\n<div class=\"wp-block-uagb-container uagb-block-99c0e0a5 alignfull uagb-is-root-container\"><div class=\"uagb-container-inner-blocks-wrap\"><\/div><\/div>\n\n\n\n<p><\/p>","protected":false},"excerpt":{"rendered":"<p>Don&#8217;t Underestimate Construction Site Street Lights! Choose Right, Use Right, and Speed Up Your Project In various construction projects\u2014from urban road renovations to suburban factory construction\u2014lighting remains a critical factor affecting project progress. Due to limited daytime working hours and tight schedules, nighttime construction has become routine for many projects. As the \u201ckey lighting equipment\u201d [&hellip;]<\/p>\n","protected":false},"author":1,"featured_media":0,"parent":4122,"menu_order":0,"comment_status":"closed","ping_status":"closed","template":"","meta":{"_uag_custom_page_level_css":"","site-sidebar-layout":"no-sidebar","site-content-layout":"","ast-site-content-layout":"default","site-content-style":"default","site-sidebar-style":"default","ast-global-header-display":"","ast-banner-title-visibility":"","ast-main-header-display":"","ast-hfb-above-header-display":"","ast-hfb-below-header-display":"","ast-hfb-mobile-header-display":"","site-post-title":"disabled","ast-breadcrumbs-content":"","ast-featured-img":"","footer-sml-layout":"","ast-disable-related-posts":"","theme-transparent-header-meta":"enabled","adv-header-id-meta":"","stick-header-meta":"","header-above-stick-meta":"","header-main-stick-meta":"","header-below-stick-meta":"","astra-migrate-meta-layouts":"set","ast-page-background-enabled":"default","ast-page-background-meta":{"desktop":{"background-color":"var(--ast-global-color-4)","background-image":"","background-repeat":"repeat","background-position":"center center","background-size":"auto","background-attachment":"scroll","background-type":"","background-media":"","overlay-type":"","overlay-color":"","overlay-opacity":"","overlay-gradient":""},"tablet":{"background-color":"","background-image":"","background-repeat":"repeat","background-position":"center center","background-size":"auto","background-attachment":"scroll","background-type":"","background-media":"","overlay-type":"","overlay-color":"","overlay-opacity":"","overlay-gradient":""},"mobile":{"background-color":"","background-image":"","background-repeat":"repeat","background-position":"center center","background-size":"auto","background-attachment":"scroll","background-type":"","background-media":"","overlay-type":"","overlay-color":"","overlay-opacity":"","overlay-gradient":""}},"ast-content-background-meta":{"desktop":{"background-color":"var(--ast-global-color-5)","background-image":"","background-repeat":"repeat","background-position":"center center","background-size":"auto","background-attachment":"scroll","background-type":"","background-media":"","overlay-type":"","overlay-color":"","overlay-opacity":"","overlay-gradient":""},"tablet":{"background-color":"var(--ast-global-color-5)","background-image":"","background-repeat":"repeat","background-position":"center center","background-size":"auto","background-attachment":"scroll","background-type":"","background-media":"","overlay-type":"","overlay-color":"","overlay-opacity":"","overlay-gradient":""},"mobile":{"background-color":"var(--ast-global-color-5)","background-image":"","background-repeat":"repeat","background-position":"center center","background-size":"auto","background-attachment":"scroll","background-type":"","background-media":"","overlay-type":"","overlay-color":"","overlay-opacity":"","overlay-gradient":""}},"footnotes":""},"class_list":["post-4421","page","type-page","status-publish","hentry"],"uagb_featured_image_src":{"full":false,"thumbnail":false,"medium":false,"medium_large":false,"large":false,"1536x1536":false,"2048x2048":false,"trp-custom-language-flag":false},"uagb_author_info":{"display_name":"Joe","author_link":"https:\/\/led.amasly.com\/da\/author\/jacklin\/"},"uagb_comment_info":0,"uagb_excerpt":"Don&#8217;t Underestimate Construction Site Street Lights! Choose Right, Use Right, and Speed Up Your Project In various construction projects\u2014from urban road renovations to suburban factory construction\u2014lighting remains a critical factor affecting project progress. Due to limited daytime working hours and tight schedules, nighttime construction has become routine for many projects. As the \u201ckey lighting equipment\u201d&hellip;","_links":{"self":[{"href":"https:\/\/led.amasly.com\/da\/wp-json\/wp\/v2\/pages\/4421","targetHints":{"allow":["GET"]}}],"collection":[{"href":"https:\/\/led.amasly.com\/da\/wp-json\/wp\/v2\/pages"}],"about":[{"href":"https:\/\/led.amasly.com\/da\/wp-json\/wp\/v2\/types\/page"}],"author":[{"embeddable":true,"href":"https:\/\/led.amasly.com\/da\/wp-json\/wp\/v2\/users\/1"}],"replies":[{"embeddable":true,"href":"https:\/\/led.amasly.com\/da\/wp-json\/wp\/v2\/comments?post=4421"}],"version-history":[{"count":2,"href":"https:\/\/led.amasly.com\/da\/wp-json\/wp\/v2\/pages\/4421\/revisions"}],"predecessor-version":[{"id":4705,"href":"https:\/\/led.amasly.com\/da\/wp-json\/wp\/v2\/pages\/4421\/revisions\/4705"}],"up":[{"embeddable":true,"href":"https:\/\/led.amasly.com\/da\/wp-json\/wp\/v2\/pages\/4122"}],"wp:attachment":[{"href":"https:\/\/led.amasly.com\/da\/wp-json\/wp\/v2\/media?parent=4421"}],"curies":[{"name":"wp","href":"https:\/\/api.w.org\/{rel}","templated":true}]}}