{"id":4388,"date":"2025-12-21T13:21:32","date_gmt":"2025-12-21T05:21:32","guid":{"rendered":"https:\/\/led.amasly.com\/?page_id=4388"},"modified":"2026-01-24T21:33:11","modified_gmt":"2026-01-24T13:33:11","slug":"why-are-floodlights-the-top-choice-for-nighttime-lighting","status":"publish","type":"page","link":"https:\/\/led.amasly.com\/da\/knowledge\/outdoor-light-knowledge\/why-are-floodlights-the-top-choice-for-nighttime-lighting\/","title":{"rendered":"Hvorfor er projekt\u00f8rer det bedste valg til belysning om natten?"},"content":{"rendered":"<div class=\"wp-block-uagb-container uagb-block-27bae773 alignfull uagb-is-root-container\"><div class=\"uagb-container-inner-blocks-wrap\"><\/div><\/div>\n\n\n\n<h1 class=\"wp-block-heading has-text-align-center\"><strong>Hvorfor er projekt\u00f8rer det bedste valg til belysning om natten? De leverer rigelig lysstyrke, er holdbare og nemme at installere - og opfylder behovene i tre n\u00f8glescenarier.<\/strong><strong><\/strong><\/h1>\n\n\n\n<h2 class=\"wp-block-heading\">Projekt\u00f8rer Instroduce<\/h2>\n\n\n\n<p>I dagligdagen og p\u00e5 arbejdet st\u00e5r mange mennesker over for udfordringer med natbelysning: De k\u00e6mper med at se klart, n\u00e5r de rydder op i baghaven om natten, de oplever reduceret fodtrafik ved butiksfacader p\u00e5 grund af svag belysning, eller de st\u00f8der p\u00e5 effektivitets- og sikkerhedsproblemer under natlige byggeprojekter p\u00e5 grund af utilstr\u00e6kkelig belysning. Faktisk kan en velegnet projekt\u00f8r g\u00f8re en betydelig forskel i l\u00f8sningen af disse problemer. Hvilke fordele har projekt\u00f8rer som det nuv\u00e6rende mainstream-valg til natbelysning, der g\u00f8r dem til den foretrukne l\u00f8sning i s\u00e5 mange scenarier? I dag dykker vi ned i detaljerne for at hj\u00e6lpe dig med at forst\u00e5, hvorfor projekt\u00f8rer er blevet \u201chovedkraften inden for natbelysning\u201d.\u201d<\/p>\n\n\n\n<figure class=\"wp-block-image aligncenter size-full\"><img decoding=\"async\" width=\"300\" height=\"300\" src=\"https:\/\/led.amasly.com\/wp-content\/uploads\/2025\/12\/LED-flood-ight.jpg\" alt=\"floodlights\" class=\"wp-image-4383\" title=\"\" srcset=\"https:\/\/led.amasly.com\/wp-content\/uploads\/2025\/12\/LED-flood-ight.jpg 300w, https:\/\/led.amasly.com\/wp-content\/uploads\/2025\/12\/LED-flood-ight-150x150.jpg 150w, https:\/\/led.amasly.com\/wp-content\/uploads\/2025\/12\/LED-flood-ight-12x12.jpg 12w\" sizes=\"(max-width: 300px) 100vw, 300px\" \/><\/figure>\n\n\n\n<p>N\u00e5r det g\u00e6lder belysning, giver projekt\u00f8rer klare fordele i form af lysstyrke og d\u00e6kning. I mods\u00e6tning til almindelige p\u00e6rer, der kun oplyser sm\u00e5 omr\u00e5der, koncentrerer projekt\u00f8rer lysstr\u00e5lerne, s\u00e5 de d\u00e6kker meget st\u00f8rre omr\u00e5der. Til boligbrug kan en projekt\u00f8r med blot et par dusin watt nemt oplyse en hel lille g\u00e5rdsplads, s\u00e5 man tydeligt kan se, n\u00e5r man vander planter eller h\u00e6nger vasket\u00f8j op om natten. Til store belysningsbehov som f.eks. byggepladser eller torve udm\u00e6rker h\u00f8jtydende projekt\u00f8rer sig endnu mere. Hundredvis af watt kan opn\u00e5 en lysstyrke, der n\u00e6rmer sig dagslys, hvilket muligg\u00f8r problemfri drift og aktiviteter i b\u00e6lgm\u00f8rke omgivelser og eliminerer behovet for at \u201carbejde i m\u00f8rke\u201d.\u201d<\/p>\n\n\n\n<p>Med hensyn til holdbarhed lever projekt\u00f8rer ogs\u00e5 op til kravene i komplekse udend\u00f8rsmilj\u00f8er. Da projekt\u00f8rer typisk installeres udend\u00f8rs og uds\u00e6ttes for langvarig eksponering for vind, regn og sollys, er holdbarhed altafg\u00f8rende. Projekt\u00f8rer af h\u00f8j kvalitet har et professionelt vandt\u00e6t design, der sikrer, at de indvendige komponenter forbliver beskyttet selv under kraftig regn eller st\u00e6rk vind. Deres huse er ofte konstrueret af slagfaste og ridsefaste materialer, der minimerer skader fra utilsigtede st\u00f8d eller friktion under daglig brug. Mange brugere rapporterer, at en velbygget projekt\u00f8r kan fungere p\u00e5lideligt i tre til fem \u00e5r uden fejl, hvilket eliminerer behovet for hyppige udskiftninger - og sparer b\u00e5de besv\u00e6r og penge.<\/p>\n\n\n\n<p>Derudover s\u00e6nker den nemme installation og betjening brugerbarrieren. Uanset om de monteres p\u00e5 v\u00e6gge eller stolper eller placeres midlertidigt p\u00e5 jorden, kr\u00e6ver ops\u00e6tningen kun et par enkle trin. Der er ikke brug for professionel installation - brugerne kan klare det selv. Med den teknologiske udvikling har mange projekt\u00f8rer nu praktiske funktioner som fjernbetjening og timere. Du kan t\u00e6nde og slukke lyset hjemmefra med en fjernbetjening, s\u00e5 du ikke beh\u00f8ver at g\u00e5 udenfor om aftenen. Er du bekymret for at glemme at slukke lyset og spilde str\u00f8m? Du skal blot indstille en timer p\u00e5 forh\u00e5nd, s\u00e5 slukker lyset automatisk p\u00e5 det angivne tidspunkt, hvilket \u00f8ger bekvemmeligheden yderligere.<\/p>\n\n\n\n<p class=\"has-text-align-left\">Uanset om det drejer sig om boligbelysning, kommerciel belysning eller byggepladsbehov, l\u00f8ser projekt\u00f8rer effektivt udfordringer med natbelysning med deres h\u00f8je lysstyrke, holdbarhed og brugervenlige betjening. Vores projekt\u00f8rprodukter sp\u00e6nder fra husstandsmodeller med lav effekt til tekniske l\u00f8sninger med h\u00f8j effekt, der passer til forskellige belysningsscenarier, samtidig med at vi tilbyder installationsservice p\u00e5 stedet. Hvis du har sp\u00f8rgsm\u00e5l om valg eller brug af projekt\u00f8rer, er du altid velkommen til at kontakte os - lad natbelysning v\u00e6re et problem.<\/p>\n\n\n\n<p class=\"has-text-align-left\">Standard: <a href=\"http:\/\/www.iec.com\" rel=\"nofollow noopener\" target=\"_blank\">IEC60598<\/a><\/p>\n\n\n\n<div class=\"wp-block-uagb-container uagb-block-c7d898dd alignfull uagb-is-root-container\"><div class=\"uagb-container-inner-blocks-wrap\"><\/div><\/div>\n\n\n\n<h2 class=\"wp-block-heading\">Relaterede produkter<\/h2>\n\n\n\n<div class=\"wp-block-uagb-container uagb-block-66e4defc alignfull uagb-is-root-container\"><div class=\"uagb-container-inner-blocks-wrap\">\n<div class=\"wp-block-uagb-container uagb-block-a42945f9\">\n<div class=\"wp-block-uagb-image uagb-block-7296296b wp-block-uagb-image--layout-default wp-block-uagb-image--effect-static wp-block-uagb-image--align-none\"><figure class=\"wp-block-uagb-image__figure\"><a class=\"\" href=\"https:\/\/led.amasly.com\/da\/products\/\" target=\"\" rel=\"noopener\"><img decoding=\"async\" srcset=\"https:\/\/led.amasly.com\/wp-content\/uploads\/2024\/09\/Explosion-proof-high-bay-lights.png ,https:\/\/led.amasly.com\/wp-content\/uploads\/2024\/09\/Explosion-proof-high-bay-lights.png 780w, https:\/\/led.amasly.com\/wp-content\/uploads\/2024\/09\/Explosion-proof-high-bay-lights.png 360w\" sizes=\"auto, (max-width: 480px) 150px\" src=\"https:\/\/led.amasly.com\/wp-content\/uploads\/2024\/09\/Explosion-proof-high-bay-lights.png\" alt=\"\" class=\"uag-image-1495\" width=\"300\" height=\"300\" title=\"Eksplosionssikre high bay-lys\" loading=\"lazy\" role=\"img\"><\/a><\/figure><\/div>\n<\/div>\n\n\n\n<div class=\"wp-block-uagb-container uagb-block-4d3efde5\">\n<div class=\"wp-block-uagb-image uagb-block-c9e90797 wp-block-uagb-image--layout-default wp-block-uagb-image--effect-static wp-block-uagb-image--align-none\"><figure class=\"wp-block-uagb-image__figure\"><a class=\"\" href=\"https:\/\/led.amasly.com\/da\/products\/\" target=\"\" rel=\"noopener\"><img decoding=\"async\" srcset=\"https:\/\/led.amasly.com\/wp-content\/uploads\/2024\/07\/LED-tri-proof-lights2.png ,https:\/\/led.amasly.com\/wp-content\/uploads\/2024\/07\/LED-tri-proof-lights2.png 780w, https:\/\/led.amasly.com\/wp-content\/uploads\/2024\/07\/LED-tri-proof-lights2.png 360w\" sizes=\"auto, (max-width: 480px) 150px\" src=\"https:\/\/led.amasly.com\/wp-content\/uploads\/2024\/07\/LED-tri-proof-lights2.png\" alt=\"\" class=\"uag-image-1132\" width=\"300\" height=\"300\" title=\"LED-tri-proof-lys2\" loading=\"lazy\" role=\"img\"><\/a><\/figure><\/div>\n<\/div>\n\n\n\n<div class=\"wp-block-uagb-container uagb-block-11c2578b\">\n<div class=\"wp-block-uagb-image uagb-block-6e8883aa wp-block-uagb-image--layout-default wp-block-uagb-image--effect-static wp-block-uagb-image--align-none\"><figure class=\"wp-block-uagb-image__figure\"><a class=\"\" href=\"https:\/\/led.amasly.com\/da\/products\/\" target=\"\" rel=\"noopener\"><img decoding=\"async\" srcset=\"https:\/\/led.amasly.com\/wp-content\/uploads\/2024\/09\/LED-Explosion-Proof-Gas-Station-Light.png ,https:\/\/led.amasly.com\/wp-content\/uploads\/2024\/09\/LED-Explosion-Proof-Gas-Station-Light.png 780w, https:\/\/led.amasly.com\/wp-content\/uploads\/2024\/09\/LED-Explosion-Proof-Gas-Station-Light.png 360w\" sizes=\"auto, (max-width: 480px) 150px\" src=\"https:\/\/led.amasly.com\/wp-content\/uploads\/2024\/09\/LED-Explosion-Proof-Gas-Station-Light.png\" alt=\"\" class=\"uag-image-1501\" width=\"300\" height=\"300\" title=\"LED-eksplosionssikkert tankstationslys\" loading=\"lazy\" role=\"img\"><\/a><\/figure><\/div>\n<\/div>\n<\/div><\/div>\n\n\n\n<div class=\"wp-block-uagb-container uagb-block-548945b5 alignfull uagb-is-root-container\"><div class=\"uagb-container-inner-blocks-wrap\">\n<div class=\"wp-block-uagb-container uagb-block-967755d5\">\n<h4 class=\"wp-block-heading has-text-align-center\"><a href=\"https:\/\/led.amasly.com\/da\/products\/\">LED-eksplosionssikre lamper<\/a><\/h4>\n<\/div>\n\n\n\n<div class=\"wp-block-uagb-container uagb-block-9bc52fc2\">\n<h4 class=\"wp-block-heading has-text-align-center\"><a href=\"https:\/\/led.amasly.com\/da\/products\/\">LED Tri-Proof-lys<\/a><\/h4>\n<\/div>\n\n\n\n<div class=\"wp-block-uagb-container uagb-block-8ffa0a23\">\n<h4 class=\"wp-block-heading has-text-align-center\"><a href=\"https:\/\/led.amasly.com\/da\/products\/\">Eksplosionssikre lamper til tankstationer<\/a><\/h4>\n<\/div>\n<\/div><\/div>\n\n\n\n<div class=\"wp-block-uagb-container uagb-block-29499fe0 alignfull uagb-is-root-container\"><div class=\"uagb-container-inner-blocks-wrap\">\n<div class=\"wp-block-uagb-container uagb-block-777ee1c7\">\n<div class=\"wp-block-uagb-image uagb-block-2e9a1851 wp-block-uagb-image--layout-default wp-block-uagb-image--effect-static wp-block-uagb-image--align-none\"><figure class=\"wp-block-uagb-image__figure\"><a class=\"\" href=\"https:\/\/led.amasly.com\/da\/products\/\" target=\"\" rel=\"noopener\"><img decoding=\"async\" srcset=\"https:\/\/led.amasly.com\/wp-content\/uploads\/2024\/10\/50W-100W-150W-200W-300W-LED-Flood-Light.jpg ,https:\/\/led.amasly.com\/wp-content\/uploads\/2024\/10\/50W-100W-150W-200W-300W-LED-Flood-Light.jpg 780w, https:\/\/led.amasly.com\/wp-content\/uploads\/2024\/10\/50W-100W-150W-200W-300W-LED-Flood-Light.jpg 360w\" sizes=\"auto, (max-width: 480px) 150px\" src=\"https:\/\/led.amasly.com\/wp-content\/uploads\/2024\/10\/50W-100W-150W-200W-300W-LED-Flood-Light.jpg\" alt=\"\" class=\"uag-image-1526\" width=\"300\" height=\"300\" title=\"50W 100W 150W 200W 300W LED-oversv\u00f8mmelseslys\" loading=\"lazy\" role=\"img\"><\/a><\/figure><\/div>\n<\/div>\n\n\n\n<div class=\"wp-block-uagb-container uagb-block-af8c8683\">\n<div class=\"wp-block-uagb-image uagb-block-67947854 wp-block-uagb-image--layout-default wp-block-uagb-image--effect-static wp-block-uagb-image--align-none\"><figure class=\"wp-block-uagb-image__figure\"><a class=\"\" href=\"https:\/\/led.amasly.com\/da\/products\/\" target=\"\" rel=\"noopener\"><img decoding=\"async\" srcset=\"https:\/\/led.amasly.com\/wp-content\/uploads\/2024\/07\/led-tri-proof-light.png ,https:\/\/led.amasly.com\/wp-content\/uploads\/2024\/07\/led-tri-proof-light.png 780w, https:\/\/led.amasly.com\/wp-content\/uploads\/2024\/07\/led-tri-proof-light.png 360w\" sizes=\"auto, (max-width: 480px) 150px\" src=\"https:\/\/led.amasly.com\/wp-content\/uploads\/2024\/07\/led-tri-proof-light.png\" alt=\"\" class=\"uag-image-1130\" width=\"300\" height=\"300\" title=\"led-tri-proof-lys\" loading=\"lazy\" role=\"img\"><\/a><\/figure><\/div>\n<\/div>\n\n\n\n<div class=\"wp-block-uagb-container uagb-block-0fdfdd58\">\n<div class=\"wp-block-uagb-image uagb-block-1187d32d wp-block-uagb-image--layout-default wp-block-uagb-image--effect-static wp-block-uagb-image--align-none\"><figure class=\"wp-block-uagb-image__figure\"><a class=\"\" href=\"https:\/\/led.amasly.com\/da\/products\/\" target=\"\" rel=\"noopener\"><img decoding=\"async\" srcset=\"https:\/\/led.amasly.com\/wp-content\/uploads\/2024\/07\/LED-street-light.jpg ,https:\/\/led.amasly.com\/wp-content\/uploads\/2024\/07\/LED-street-light.jpg 780w, https:\/\/led.amasly.com\/wp-content\/uploads\/2024\/07\/LED-street-light.jpg 360w\" sizes=\"auto, (max-width: 480px) 150px\" src=\"https:\/\/led.amasly.com\/wp-content\/uploads\/2024\/07\/LED-street-light.jpg\" alt=\"\" class=\"uag-image-1145\" width=\"300\" height=\"300\" title=\"LED-gadebelysning\" loading=\"lazy\" role=\"img\"><\/a><\/figure><\/div>\n<\/div>\n<\/div><\/div>\n\n\n\n<div class=\"wp-block-uagb-container uagb-block-6a60882c alignfull uagb-is-root-container\"><div class=\"uagb-container-inner-blocks-wrap\">\n<div class=\"wp-block-uagb-container uagb-block-f1e91a35\">\n<h4 class=\"wp-block-heading has-text-align-center\"><a href=\"https:\/\/led.amasly.com\/da\/products\/\">LED-oversv\u00f8mmelseslys<\/a><\/h4>\n<\/div>\n\n\n\n<div class=\"wp-block-uagb-container uagb-block-165bfa58\">\n<h4 class=\"wp-block-heading has-text-align-center\"><a href=\"https:\/\/led.amasly.com\/da\/products\/\">LED Tri-Proof lysr\u00f8r<\/a><\/h4>\n<\/div>\n\n\n\n<div class=\"wp-block-uagb-container uagb-block-f6096e3b\">\n<h4 class=\"wp-block-heading has-text-align-center\"><a href=\"https:\/\/led.amasly.com\/da\/products\/\">LED-gadelys<\/a><\/h4>\n<\/div>\n<\/div><\/div>\n\n\n\n<div class=\"wp-block-uagb-container uagb-block-99c0e0a5 alignfull uagb-is-root-container\"><div class=\"uagb-container-inner-blocks-wrap\"><\/div><\/div>\n\n\n\n<p><\/p>","protected":false},"excerpt":{"rendered":"<p>Why are floodlights the top choice for nighttime lighting? They deliver ample brightness, are durable, and easy to install\u2014meeting the needs of three key scenarios. Floodlights Instroduce In daily life and work, many people face challenges with nighttime lighting: struggling to see clearly while tidying up clutter in their backyard at night, experiencing reduced foot [&hellip;]<\/p>\n","protected":false},"author":1,"featured_media":0,"parent":4122,"menu_order":0,"comment_status":"closed","ping_status":"closed","template":"","meta":{"_uag_custom_page_level_css":"","site-sidebar-layout":"no-sidebar","site-content-layout":"","ast-site-content-layout":"default","site-content-style":"default","site-sidebar-style":"default","ast-global-header-display":"","ast-banner-title-visibility":"","ast-main-header-display":"","ast-hfb-above-header-display":"","ast-hfb-below-header-display":"","ast-hfb-mobile-header-display":"","site-post-title":"disabled","ast-breadcrumbs-content":"","ast-featured-img":"","footer-sml-layout":"","ast-disable-related-posts":"","theme-transparent-header-meta":"enabled","adv-header-id-meta":"","stick-header-meta":"","header-above-stick-meta":"","header-main-stick-meta":"","header-below-stick-meta":"","astra-migrate-meta-layouts":"set","ast-page-background-enabled":"default","ast-page-background-meta":{"desktop":{"background-color":"var(--ast-global-color-4)","background-image":"","background-repeat":"repeat","background-position":"center center","background-size":"auto","background-attachment":"scroll","background-type":"","background-media":"","overlay-type":"","overlay-color":"","overlay-opacity":"","overlay-gradient":""},"tablet":{"background-color":"","background-image":"","background-repeat":"repeat","background-position":"center center","background-size":"auto","background-attachment":"scroll","background-type":"","background-media":"","overlay-type":"","overlay-color":"","overlay-opacity":"","overlay-gradient":""},"mobile":{"background-color":"","background-image":"","background-repeat":"repeat","background-position":"center center","background-size":"auto","background-attachment":"scroll","background-type":"","background-media":"","overlay-type":"","overlay-color":"","overlay-opacity":"","overlay-gradient":""}},"ast-content-background-meta":{"desktop":{"background-color":"var(--ast-global-color-5)","background-image":"","background-repeat":"repeat","background-position":"center center","background-size":"auto","background-attachment":"scroll","background-type":"","background-media":"","overlay-type":"","overlay-color":"","overlay-opacity":"","overlay-gradient":""},"tablet":{"background-color":"var(--ast-global-color-5)","background-image":"","background-repeat":"repeat","background-position":"center center","background-size":"auto","background-attachment":"scroll","background-type":"","background-media":"","overlay-type":"","overlay-color":"","overlay-opacity":"","overlay-gradient":""},"mobile":{"background-color":"var(--ast-global-color-5)","background-image":"","background-repeat":"repeat","background-position":"center center","background-size":"auto","background-attachment":"scroll","background-type":"","background-media":"","overlay-type":"","overlay-color":"","overlay-opacity":"","overlay-gradient":""}},"footnotes":""},"class_list":["post-4388","page","type-page","status-publish","hentry"],"uagb_featured_image_src":{"full":false,"thumbnail":false,"medium":false,"medium_large":false,"large":false,"1536x1536":false,"2048x2048":false,"trp-custom-language-flag":false},"uagb_author_info":{"display_name":"Joe","author_link":"https:\/\/led.amasly.com\/da\/author\/jacklin\/"},"uagb_comment_info":0,"uagb_excerpt":"Why are floodlights the top choice for nighttime lighting? They deliver ample brightness, are durable, and easy to install\u2014meeting the needs of three key scenarios. Floodlights Instroduce In daily life and work, many people face challenges with nighttime lighting: struggling to see clearly while tidying up clutter in their backyard at night, experiencing reduced foot&hellip;","_links":{"self":[{"href":"https:\/\/led.amasly.com\/da\/wp-json\/wp\/v2\/pages\/4388","targetHints":{"allow":["GET"]}}],"collection":[{"href":"https:\/\/led.amasly.com\/da\/wp-json\/wp\/v2\/pages"}],"about":[{"href":"https:\/\/led.amasly.com\/da\/wp-json\/wp\/v2\/types\/page"}],"author":[{"embeddable":true,"href":"https:\/\/led.amasly.com\/da\/wp-json\/wp\/v2\/users\/1"}],"replies":[{"embeddable":true,"href":"https:\/\/led.amasly.com\/da\/wp-json\/wp\/v2\/comments?post=4388"}],"version-history":[{"count":2,"href":"https:\/\/led.amasly.com\/da\/wp-json\/wp\/v2\/pages\/4388\/revisions"}],"predecessor-version":[{"id":4719,"href":"https:\/\/led.amasly.com\/da\/wp-json\/wp\/v2\/pages\/4388\/revisions\/4719"}],"up":[{"embeddable":true,"href":"https:\/\/led.amasly.com\/da\/wp-json\/wp\/v2\/pages\/4122"}],"wp:attachment":[{"href":"https:\/\/led.amasly.com\/da\/wp-json\/wp\/v2\/media?parent=4388"}],"curies":[{"name":"wp","href":"https:\/\/api.w.org\/{rel}","templated":true}]}}