{"id":4170,"date":"2025-07-15T22:12:47","date_gmt":"2025-07-15T14:12:47","guid":{"rendered":"https:\/\/led.amasly.com\/?page_id=4170"},"modified":"2025-07-15T22:12:58","modified_gmt":"2025-07-15T14:12:58","slug":"are-led-lights-safe-seven-common-misconceptions","status":"publish","type":"page","link":"https:\/\/led.amasly.com\/da\/knowledge\/led-light-knowledge\/are-led-lights-safe-seven-common-misconceptions\/","title":{"rendered":"Er LED-lys sikkert? Syv almindelige misforst\u00e5elser"},"content":{"rendered":"<div class=\"wp-block-uagb-container uagb-block-27bae773 alignfull uagb-is-root-container\"><div class=\"uagb-container-inner-blocks-wrap\"><\/div><\/div>\n\n\n\n<h1 class=\"wp-block-heading has-text-align-center\"><strong>Er LED-lys sikkert? Syv almindelige misforst\u00e5elser<\/strong><strong><\/strong><\/h1>\n\n\n\n<figure class=\"wp-block-image aligncenter size-full\"><img decoding=\"async\" width=\"927\" height=\"864\" src=\"https:\/\/led.amasly.com\/wp-content\/uploads\/2025\/07\/LED-lamps-1.png\" alt=\"\" class=\"wp-image-4182\" title=\"\" srcset=\"https:\/\/led.amasly.com\/wp-content\/uploads\/2025\/07\/LED-lamps-1.png 927w, https:\/\/led.amasly.com\/wp-content\/uploads\/2025\/07\/LED-lamps-1-300x280.png 300w, https:\/\/led.amasly.com\/wp-content\/uploads\/2025\/07\/LED-lamps-1-768x716.png 768w, https:\/\/led.amasly.com\/wp-content\/uploads\/2025\/07\/LED-lamps-1-13x12.png 13w\" sizes=\"(max-width: 927px) 100vw, 927px\" \/><\/figure>\n\n\n\n<p>&nbsp;LED-lamper og lanterner er gradvist blevet de almindelige lamper og lanterner til hjemmebelysning, og folk begyndte ogs\u00e5 at v\u00e6re opm\u00e6rksomme p\u00e5 sikkerheden ved LED-lamper. LED-lamper, der bruges i lang tid, vil v\u00e6re som gl\u00f8delamper, lysstofr\u00f8r som varme, LED-lamper med bl\u00e5t lys vil v\u00e6re skadelige for vores \u00f8jne? Der er ogs\u00e5 nogle, der s\u00e6tter sp\u00f8rgsm\u00e5lstegn ved, om LED-lys vil p\u00e5virke s\u00f8vnen, give hovedpine og have negative virkninger p\u00e5 vores hud.<\/p>\n\n\n\n<p>&nbsp;Er LED-lys virkelig sikkert? L\u00e6s denne artikel, og vi vil unders\u00f8ge 7 almindelige misforst\u00e5elser om LED-lys og finde ud af, hvilken slags LED-lys der er mest sikkert.<\/p>\n\n\n\n<h2 class=\"wp-block-heading\"><strong>&nbsp;Myte 1: Det er ikke sikkert at lade LED-lys v\u00e6re t\u00e6ndt i l\u00e6ngere tid.<\/strong><strong><\/strong><\/h2>\n\n\n\n<p>&nbsp;De mest almindelige sp\u00f8rgsm\u00e5l, brugerne stiller om LED-lys, er: Hvor l\u00e6nge kan LED-lys v\u00e6re t\u00e6ndt? Kan de bruges hele natten? Vil der ske overophedning? Disse er relateret til varmen fra LED-lys, LED-lys har fremragende fotoelektrisk konverteringseffektivitet, kan v\u00e6re det meste af den elektriske energi til lysenergi, mens kun en meget lille del af energien til varme, s\u00e5 lamperne vil ikke v\u00e6re s\u00e5 traditionelle lyskilder som \u00e5benlyst varme. Dens h\u00f8je effektivitet sikrer ogs\u00e5, at belastningen p\u00e5 str\u00f8mforsyningslinjen altid holdes lav, hvilket garanterer sikkerheden ved elforbruget.<\/p>\n\n\n\n<p>&nbsp;Med andre ord er LED-lys det bedst egnede valg til langvarig kontinuerlig belysning. Det er slet ikke noget problem at lade lyset v\u00e6re t\u00e6ndt hele natten i hverdagen, og kvalitets-LED-lamper underst\u00f8tter endda 24\/7-drift - s\u00e5 l\u00e6nge det omgivende milj\u00f8 ikke er for varmt eller fugtigt.<\/p>\n\n\n\n<p>&nbsp;Selvf\u00f8lgelig genererer LED-lys en lille smule varme, n\u00e5r de arbejder, og kontrolkredsl\u00f8bene udsender ogs\u00e5 en vis m\u00e6ngde temperatur. Lampens temperatur vil gradvist stige efter lang tids drift, s\u00e5 det er stadig n\u00f8dvendigt at kontrollere lampen regelm\u00e6ssigt for overophedning. Hvis du har set rapporter om ulykker, hvor LED-lys blev overophedet og br\u00f8d i brand, er det meget sandsynligt, at de involverede lamper ikke levede op til standarderne for varmeafledning. Kvalificerede LED-belysningskomponenter skal have tilstr\u00e6kkelig varmebestandighed. Desuden kan forkert installation ogs\u00e5 for\u00e5rsage problemer, f.eks. brug af lamper og lanterner i fugtige milj\u00f8er eller manglende plads til varmeafledning.<\/p>\n\n\n\n<h2 class=\"wp-block-heading\"><strong>&nbsp;Myte 2: Det bl\u00e5 lys fra LED-lamper kan skade \u00f8jnene<\/strong><strong><\/strong><\/h2>\n\n\n\n<p>&nbsp;If\u00f8lge standarden IEC62471 \u201cPhotobiological Safety of Lamps and Lamp Systems\u201d kan bl\u00e5t lys i b\u00e5ndet 400nm~500nm fremkalde retinopati. Men faktum er, at bl\u00e5t lys er allestedsn\u00e6rv\u00e6rende i vores liv, og traditionelle lamper som f.eks. metalhalogenlamper, der ofte findes p\u00e5 sportsstadioner og i indk\u00f8bscentre, frigiver ikke kun bl\u00e5t lys, men producerer ogs\u00e5 ultraviolet lys, infrar\u00f8d str\u00e5ling og andet lys, der er mere tilb\u00f8jeligt til at for\u00e5rsage \u00f8jensygdomme. Bl\u00e5t lys er en n\u00f8dvendig komponent for at generere hvidt lys og er derfor til stede i alle belysningsprodukter.<\/p>\n\n\n\n<p>&nbsp;Folk tror, at LED-lysets bl\u00e5 lys er for meget, fordi nogle LED-lys bruger bl\u00e5t lys til at ophidse gul fosfor til at producere hvidt lys. Men LED-lamper har truffet flere foranstaltninger for at kontrollere bl\u00e5t lys: F\u00f8rst og fremmest fasts\u00e6tter IEC62471 strengt lamper og lanterner bl\u00e5 lysbestr\u00e5lingslysstyrke eller bestr\u00e5lingssikkerhedsgr\u00e6nser, s\u00e5 l\u00e6nge den opfylder de tilsvarende standarder for de fotobiologiske farer; For det andet kan brugen af RGB trefarvet blandingsteknologi LED-lamper reducere andelen af bl\u00e5t lys; Derudover kan valget af 3000K under den lave farvetemperatur for de varme hvide LED-lamper ogs\u00e5 v\u00e6re effektivt til at reducere output af bl\u00e5t lys.<\/p>\n\n\n\n<h2 class=\"wp-block-heading\"><strong>&nbsp;Myte 3: LED-lys p\u00e5virker s\u00f8vnkvaliteten<\/strong><strong><\/strong><\/h2>\n\n\n\n<p>&nbsp;P\u00e5standen om, at LED-lys p\u00e5virker s\u00f8vnen, stammer ogs\u00e5 fra bekymringer om bl\u00e5t lys. Langvarig eksponering for bl\u00e5t lys vil sende et signal til hjernen om at \u201creducere udskillelsen af melatonin\u201d, og manglen p\u00e5 dette hormon vil forstyrre kroppens d\u00f8gnrytme og f\u00f8re til s\u00f8vnl\u00f8shed. Men de faktiske LED-produkter, der bruges til natlys, har normalt lav farvetemperatur, lav lysstyrke og lavt bl\u00e5t lys-design, og mange LED-lys har ogs\u00e5 d\u00e6mpnings- og farvejusteringsfunktion - n\u00e5r de justeres til 3000-3500K varmt hvidt lys, reduceres det bl\u00e5 lys betydeligt. Nogle produkter leveres ogs\u00e5 med lampesk\u00e6rme, der filtrerer bl\u00e5t lys. Det korrekte valg af LED-lamper og lanterner kan reducere indvirkningen p\u00e5 s\u00f8vnen betydeligt.<\/p>\n\n\n\n<h2 class=\"wp-block-heading\"><strong>&nbsp;Myte 4: LED-stroboskop giver hovedpine<\/strong><strong><\/strong><\/h2>\n\n\n\n<p>&nbsp;Eksistensen af stroboskoplamper og lanterner er faktisk skadelig for menneskekroppen og b\u00f8r udskiftes med det samme. Men stroboskop er ikke et unikt problem for LED-lys, andre lyskilder kan ogs\u00e5 forekomme, hvilket helt afh\u00e6nger af lampernes kvalitet. Som den nyeste belysningsteknologi har LED-lys udviklet en r\u00e6kke programmer til at h\u00e6mme strobe: kvalificeret LED-p\u00e6re intern konfiguration af konstant str\u00f8mchip kan effektivt reducere strobe, kredsl\u00f8bsdesignet bruger ogs\u00e5 en r\u00e6kke forskellige udbedringsmetoder. K\u00f8b kvalificerede produkter n\u00e6sten ingen strobeproblemer. Det er meget enkelt at registrere strobe: Brug dit mobiltelefonkamera til at pege p\u00e5 lamperne, hvis sk\u00e6rmen viser svingende striber, indikerer det tilstedev\u00e6relsen af strobe.<\/p>\n\n\n\n<figure class=\"wp-block-image aligncenter size-full\"><img decoding=\"async\" width=\"800\" height=\"447\" src=\"https:\/\/led.amasly.com\/wp-content\/uploads\/2025\/07\/LED-lights-1.png\" alt=\"\" class=\"wp-image-4181\" title=\"\" srcset=\"https:\/\/led.amasly.com\/wp-content\/uploads\/2025\/07\/LED-lights-1.png 800w, https:\/\/led.amasly.com\/wp-content\/uploads\/2025\/07\/LED-lights-1-300x168.png 300w, https:\/\/led.amasly.com\/wp-content\/uploads\/2025\/07\/LED-lights-1-768x429.png 768w, https:\/\/led.amasly.com\/wp-content\/uploads\/2025\/07\/LED-lights-1-18x10.png 18w\" sizes=\"(max-width: 800px) 100vw, 800px\" \/><\/figure>\n\n\n\n<h2 class=\"wp-block-heading\"><strong>&nbsp;Myte 5: LED-lys har skadelige virkninger p\u00e5 huden<\/strong><strong><\/strong><\/h2>\n\n\n\n<p>&nbsp;Nogle mennesker ser, at LED-lys bruges som en solbr\u00e6ndingslampe, og begyndte at bekymre sig om, at langvarig brug af LED-lys i hjemmet ogs\u00e5 vil p\u00e5virke huden. De, der har denne bekymring, skal klart skelne mellem LED-sk\u00f8nhedslys og almindelige LED-lys - konventionelle LED-lamper og lanterner med en bred vifte af lysb\u00f8lgel\u00e6ngder, mens medicinske LED-p\u00e6rer vil v\u00e6re pr\u00e6cis kontrol af lysb\u00f8lger i en bestemt zone. For eksempel vil 415 nm bl\u00e5t lys, som er det mest effektive til behandling af acne, medicinske bl\u00e5 lyslamper strengt kontrollere b\u00f8lgel\u00e6ngden inden for omr\u00e5det 415 \u00b1 5 nm. Almindeligt LED-lys spektralomr\u00e5de, andelen af lys i hvert b\u00e5nd er ubetydelig og vil ikke p\u00e5virke hudens sundhed.<\/p>\n\n\n\n<h2 class=\"wp-block-heading\"><strong>&nbsp;Myte 6: LED-lys indeholder sundhedsskadelige metalelementer<\/strong><strong><\/strong><\/h2>\n\n\n\n<p>&nbsp;Kviks\u00f8lv er meget skadeligt for milj\u00f8et og menneskekroppen og er almindeligt i lysstofr\u00f8r, h\u00f8jtrykskviks\u00f8lvlamper og andre traditionelle lamper, men LED-lamper indeholder ikke kviks\u00f8lv, hvilket g\u00f8r LED-lamper mere sikre end andre lamper. Derudover indeholder LED-lamper heller ikke bly, cadmium og andre farlige elementer, der findes i nogle traditionelle lamper. Selvom LED-lamper indeholder nikkel- og kobberkomponenter, bruges disse elementer i vid udstr\u00e6kning i daglige forbrugerprodukter: lysstofr\u00f8rs interne ledninger er for det meste forniklet jernkerne, traditionelle lamper brugte almindeligvis kobberbelagt jerntr\u00e5d, forniklet kobbertr\u00e5d osv. og lysstofr\u00f8r E27 \/ E14 lampehoved er ogs\u00e5 for det meste nikkelbelagt jernmateriale. Til sammenligning er indvirkningen af metalelementer i LED-lamper og lanterner minimal.<\/p>\n\n\n\n<h2 class=\"wp-block-heading\"><strong>&nbsp;Myte 7: LED-lys udsender skadelige elektromagnetiske felter<\/strong><strong><\/strong><\/h2>\n\n\n\n<p>&nbsp;LED-lys bruger ofte PWM-teknologi til at opn\u00e5 konstant str\u00f8mforsyning og d\u00e6mpningsfunktion, s\u00e5 det vil producere visse elektromagnetiske harmonier. Men det elektromagnetiske felt, der genereres af LED-lys, h\u00f8rer til det \u201celektromagnetiske felt p\u00e5 lavt niveau\u201d, og der er ingen beviser for, at livet i den lave elektromagnetiske str\u00e5ling vil p\u00e5virke helbredet. Desuden \u00f8ges den elektromagnetiske feltstyrke med afstanden kraftigt d\u00e6mpning, den faktiske indvirkning er n\u00e6sten ubetydelig.<\/p>\n\n\n\n<figure class=\"wp-block-image aligncenter size-large\"><img decoding=\"async\" width=\"1024\" height=\"1024\" src=\"https:\/\/led.amasly.com\/wp-content\/uploads\/2025\/07\/safest-LED-lights-1024x1024.png\" alt=\"\" class=\"wp-image-4180\" title=\"\" srcset=\"https:\/\/led.amasly.com\/wp-content\/uploads\/2025\/07\/safest-LED-lights-1024x1024.png 1024w, https:\/\/led.amasly.com\/wp-content\/uploads\/2025\/07\/safest-LED-lights-300x300.png 300w, https:\/\/led.amasly.com\/wp-content\/uploads\/2025\/07\/safest-LED-lights-150x150.png 150w, https:\/\/led.amasly.com\/wp-content\/uploads\/2025\/07\/safest-LED-lights-768x768.png 768w, https:\/\/led.amasly.com\/wp-content\/uploads\/2025\/07\/safest-LED-lights-12x12.png 12w, https:\/\/led.amasly.com\/wp-content\/uploads\/2025\/07\/safest-LED-lights.png 1080w\" sizes=\"(max-width: 1024px) 100vw, 1024px\" \/><\/figure>\n\n\n\n<h2 class=\"wp-block-heading\"><strong>&nbsp;Hvordan v\u00e6lger man de sikreste LED-lys?<\/strong><strong><\/strong><\/h2>\n\n\n\n<ol class=\"wp-block-list\">\n<li>\u00a0Anerkend p\u00e5lidelige m\u00e6rkevarer, der har best\u00e5et UL, RoHS og mange andre certificeringer;<\/li>\n\n\n\n<li>\u00a0Foretr\u00e6kker lampehus af flammeh\u00e6mmende plast (overflade med frostet tekstur), fjern almindelig plast (glat, reflekterende overflade) lavet af brandfarlige lamper;<\/li>\n\n\n\n<li>\u00a0Foretrukket aluminium\/jern-k\u00f8leplade, jo st\u00f8rre substratomr\u00e5de, jo bedre varmeafledningseffekt.<\/li>\n\n\n\n<li>\u00a0Normal drift skal opretholde en lav temperaturstigning, og gennem mobiltelefonens kamera kan man registrere tilstedev\u00e6relsen eller frav\u00e6ret af stroboskop;<\/li>\n\n\n\n<li>\u00a0Konstantstr\u00f8m-driverkredsl\u00f8bet skal konfigureres;<\/li>\n\n\n\n<li>\u00a0Indend\u00f8rs LED-lysets farvetemperatur b\u00f8r ikke overstige 4000K, og farvegengivelsesindekset skal v\u00e6re \u2265 80 for at reducere den potentielle p\u00e5virkning af bl\u00e5t lys;<\/li>\n<\/ol>\n\n\n\n<p>&nbsp;Syv, den daglige brug af lamper og lanterner URG-v\u00e6rdien anbefales at kontrollere mellem 16-19 for at undg\u00e5 bl\u00e6ndingsskader p\u00e5 \u00f8jnene.<\/p>\n\n\n\n<p class=\"has-text-align-left\">&nbsp;LED-lys er ikke som rygterne om sundhedsfarer. S\u00e5 l\u00e6nge man k\u00f8ber kvalificerede produkter, er sikkerhedsrisikoen i form af varmeafgivelse og bl\u00e5t lys helt kontrollerbar. Indk\u00f8bsforslagene i denne artikel hj\u00e6lper dig med at f\u00e5 en tryg og sikker belysningsoplevelse.<\/p>\n\n\n\n<div class=\"wp-block-uagb-container uagb-block-c7d898dd alignfull uagb-is-root-container\"><div class=\"uagb-container-inner-blocks-wrap\"><\/div><\/div>\n\n\n\n<h2 class=\"wp-block-heading\">Relaterede produkter<\/h2>\n\n\n\n<div class=\"wp-block-uagb-container uagb-block-66e4defc alignfull uagb-is-root-container\"><div class=\"uagb-container-inner-blocks-wrap\">\n<div class=\"wp-block-uagb-container uagb-block-a42945f9\">\n<div class=\"wp-block-uagb-image uagb-block-7296296b wp-block-uagb-image--layout-default wp-block-uagb-image--effect-static wp-block-uagb-image--align-none\"><figure class=\"wp-block-uagb-image__figure\"><a class=\"\" href=\"https:\/\/led.amasly.com\/da\/products\/\" target=\"\" rel=\"noopener\"><img decoding=\"async\" srcset=\"https:\/\/led.amasly.com\/wp-content\/uploads\/2024\/09\/Explosion-proof-high-bay-lights.png ,https:\/\/led.amasly.com\/wp-content\/uploads\/2024\/09\/Explosion-proof-high-bay-lights.png 780w, https:\/\/led.amasly.com\/wp-content\/uploads\/2024\/09\/Explosion-proof-high-bay-lights.png 360w\" sizes=\"auto, (max-width: 480px) 150px\" src=\"https:\/\/led.amasly.com\/wp-content\/uploads\/2024\/09\/Explosion-proof-high-bay-lights.png\" alt=\"\" class=\"uag-image-1495\" width=\"300\" height=\"300\" title=\"Eksplosionssikre high bay-lys\" loading=\"lazy\" role=\"img\"><\/a><\/figure><\/div>\n<\/div>\n\n\n\n<div class=\"wp-block-uagb-container uagb-block-4d3efde5\">\n<div class=\"wp-block-uagb-image uagb-block-c9e90797 wp-block-uagb-image--layout-default wp-block-uagb-image--effect-static wp-block-uagb-image--align-none\"><figure class=\"wp-block-uagb-image__figure\"><a class=\"\" href=\"https:\/\/led.amasly.com\/da\/products\/\" target=\"\" rel=\"noopener\"><img decoding=\"async\" srcset=\"https:\/\/led.amasly.com\/wp-content\/uploads\/2024\/07\/LED-tri-proof-lights2.png ,https:\/\/led.amasly.com\/wp-content\/uploads\/2024\/07\/LED-tri-proof-lights2.png 780w, https:\/\/led.amasly.com\/wp-content\/uploads\/2024\/07\/LED-tri-proof-lights2.png 360w\" sizes=\"auto, (max-width: 480px) 150px\" src=\"https:\/\/led.amasly.com\/wp-content\/uploads\/2024\/07\/LED-tri-proof-lights2.png\" alt=\"\" class=\"uag-image-1132\" width=\"300\" height=\"300\" title=\"LED-tri-proof-lys2\" loading=\"lazy\" role=\"img\"><\/a><\/figure><\/div>\n<\/div>\n\n\n\n<div class=\"wp-block-uagb-container uagb-block-11c2578b\">\n<div class=\"wp-block-uagb-image uagb-block-6e8883aa wp-block-uagb-image--layout-default wp-block-uagb-image--effect-static wp-block-uagb-image--align-none\"><figure class=\"wp-block-uagb-image__figure\"><a class=\"\" href=\"https:\/\/led.amasly.com\/da\/products\/\" target=\"\" rel=\"noopener\"><img decoding=\"async\" srcset=\"https:\/\/led.amasly.com\/wp-content\/uploads\/2024\/09\/LED-Explosion-Proof-Gas-Station-Light.png ,https:\/\/led.amasly.com\/wp-content\/uploads\/2024\/09\/LED-Explosion-Proof-Gas-Station-Light.png 780w, https:\/\/led.amasly.com\/wp-content\/uploads\/2024\/09\/LED-Explosion-Proof-Gas-Station-Light.png 360w\" sizes=\"auto, (max-width: 480px) 150px\" src=\"https:\/\/led.amasly.com\/wp-content\/uploads\/2024\/09\/LED-Explosion-Proof-Gas-Station-Light.png\" alt=\"\" class=\"uag-image-1501\" width=\"300\" height=\"300\" title=\"LED-eksplosionssikkert tankstationslys\" loading=\"lazy\" role=\"img\"><\/a><\/figure><\/div>\n<\/div>\n<\/div><\/div>\n\n\n\n<div class=\"wp-block-uagb-container uagb-block-548945b5 alignfull uagb-is-root-container\"><div class=\"uagb-container-inner-blocks-wrap\">\n<div class=\"wp-block-uagb-container uagb-block-967755d5\">\n<h4 class=\"wp-block-heading has-text-align-center\"><a href=\"https:\/\/led.amasly.com\/da\/products\/\">LED-eksplosionssikre lamper<\/a><\/h4>\n<\/div>\n\n\n\n<div class=\"wp-block-uagb-container uagb-block-9bc52fc2\">\n<h4 class=\"wp-block-heading has-text-align-center\"><a href=\"https:\/\/led.amasly.com\/da\/products\/\">LED Tri-Proof-lys<\/a><\/h4>\n<\/div>\n\n\n\n<div class=\"wp-block-uagb-container uagb-block-8ffa0a23\">\n<h4 class=\"wp-block-heading has-text-align-center\"><a href=\"https:\/\/led.amasly.com\/da\/products\/\">Eksplosionssikre lamper til tankstationer<\/a><\/h4>\n<\/div>\n<\/div><\/div>\n\n\n\n<div class=\"wp-block-uagb-container uagb-block-29499fe0 alignfull uagb-is-root-container\"><div class=\"uagb-container-inner-blocks-wrap\">\n<div class=\"wp-block-uagb-container uagb-block-777ee1c7\">\n<div class=\"wp-block-uagb-image uagb-block-2e9a1851 wp-block-uagb-image--layout-default wp-block-uagb-image--effect-static wp-block-uagb-image--align-none\"><figure class=\"wp-block-uagb-image__figure\"><a class=\"\" href=\"https:\/\/led.amasly.com\/da\/products\/\" target=\"\" rel=\"noopener\"><img decoding=\"async\" srcset=\"https:\/\/led.amasly.com\/wp-content\/uploads\/2024\/10\/50W-100W-150W-200W-300W-LED-Flood-Light.jpg ,https:\/\/led.amasly.com\/wp-content\/uploads\/2024\/10\/50W-100W-150W-200W-300W-LED-Flood-Light.jpg 780w, https:\/\/led.amasly.com\/wp-content\/uploads\/2024\/10\/50W-100W-150W-200W-300W-LED-Flood-Light.jpg 360w\" sizes=\"auto, (max-width: 480px) 150px\" src=\"https:\/\/led.amasly.com\/wp-content\/uploads\/2024\/10\/50W-100W-150W-200W-300W-LED-Flood-Light.jpg\" alt=\"\" class=\"uag-image-1526\" width=\"300\" height=\"300\" title=\"50W 100W 150W 200W 300W LED-oversv\u00f8mmelseslys\" loading=\"lazy\" role=\"img\"><\/a><\/figure><\/div>\n<\/div>\n\n\n\n<div class=\"wp-block-uagb-container uagb-block-af8c8683\">\n<div class=\"wp-block-uagb-image uagb-block-67947854 wp-block-uagb-image--layout-default wp-block-uagb-image--effect-static wp-block-uagb-image--align-none\"><figure class=\"wp-block-uagb-image__figure\"><a class=\"\" href=\"https:\/\/led.amasly.com\/da\/products\/\" target=\"\" rel=\"noopener\"><img decoding=\"async\" srcset=\"https:\/\/led.amasly.com\/wp-content\/uploads\/2024\/07\/led-tri-proof-light.png ,https:\/\/led.amasly.com\/wp-content\/uploads\/2024\/07\/led-tri-proof-light.png 780w, https:\/\/led.amasly.com\/wp-content\/uploads\/2024\/07\/led-tri-proof-light.png 360w\" sizes=\"auto, (max-width: 480px) 150px\" src=\"https:\/\/led.amasly.com\/wp-content\/uploads\/2024\/07\/led-tri-proof-light.png\" alt=\"\" class=\"uag-image-1130\" width=\"300\" height=\"300\" title=\"led-tri-proof-lys\" loading=\"lazy\" role=\"img\"><\/a><\/figure><\/div>\n<\/div>\n\n\n\n<div class=\"wp-block-uagb-container uagb-block-0fdfdd58\">\n<div class=\"wp-block-uagb-image uagb-block-1187d32d wp-block-uagb-image--layout-default wp-block-uagb-image--effect-static wp-block-uagb-image--align-none\"><figure class=\"wp-block-uagb-image__figure\"><a class=\"\" href=\"https:\/\/led.amasly.com\/da\/products\/\" target=\"\" rel=\"noopener\"><img decoding=\"async\" srcset=\"https:\/\/led.amasly.com\/wp-content\/uploads\/2024\/07\/LED-street-light.jpg ,https:\/\/led.amasly.com\/wp-content\/uploads\/2024\/07\/LED-street-light.jpg 780w, https:\/\/led.amasly.com\/wp-content\/uploads\/2024\/07\/LED-street-light.jpg 360w\" sizes=\"auto, (max-width: 480px) 150px\" src=\"https:\/\/led.amasly.com\/wp-content\/uploads\/2024\/07\/LED-street-light.jpg\" alt=\"\" class=\"uag-image-1145\" width=\"300\" height=\"300\" title=\"LED-gadebelysning\" loading=\"lazy\" role=\"img\"><\/a><\/figure><\/div>\n<\/div>\n<\/div><\/div>\n\n\n\n<div class=\"wp-block-uagb-container uagb-block-6a60882c alignfull uagb-is-root-container\"><div class=\"uagb-container-inner-blocks-wrap\">\n<div class=\"wp-block-uagb-container uagb-block-f1e91a35\">\n<h4 class=\"wp-block-heading has-text-align-center\"><a href=\"https:\/\/led.amasly.com\/da\/products\/\">LED-oversv\u00f8mmelseslys<\/a><\/h4>\n<\/div>\n\n\n\n<div class=\"wp-block-uagb-container uagb-block-165bfa58\">\n<h4 class=\"wp-block-heading has-text-align-center\"><a href=\"https:\/\/led.amasly.com\/da\/products\/\">LED Tri-Proof lysr\u00f8r<\/a><\/h4>\n<\/div>\n\n\n\n<div class=\"wp-block-uagb-container uagb-block-f6096e3b\">\n<h4 class=\"wp-block-heading has-text-align-center\"><a href=\"https:\/\/led.amasly.com\/da\/products\/\">LED-gadelys<\/a><\/h4>\n<\/div>\n<\/div><\/div>\n\n\n\n<div class=\"wp-block-uagb-container uagb-block-99c0e0a5 alignfull uagb-is-root-container\"><div class=\"uagb-container-inner-blocks-wrap\"><\/div><\/div>\n\n\n\n<p><\/p>","protected":false},"excerpt":{"rendered":"<p>Are LED lights safe? Seven common misconceptions &nbsp;LED lamps and lanterns have gradually become the mainstream home lighting lamps and lanterns, people also began to pay attention to the safety of LED lamps. LED lamps used for a long time will be like incandescent lamps, fluorescent lamps like hot, LED lamps of blue light will [&hellip;]<\/p>\n","protected":false},"author":1,"featured_media":0,"parent":2984,"menu_order":0,"comment_status":"closed","ping_status":"closed","template":"","meta":{"_uag_custom_page_level_css":"","site-sidebar-layout":"no-sidebar","site-content-layout":"","ast-site-content-layout":"default","site-content-style":"default","site-sidebar-style":"default","ast-global-header-display":"","ast-banner-title-visibility":"","ast-main-header-display":"","ast-hfb-above-header-display":"","ast-hfb-below-header-display":"","ast-hfb-mobile-header-display":"","site-post-title":"disabled","ast-breadcrumbs-content":"","ast-featured-img":"","footer-sml-layout":"","ast-disable-related-posts":"","theme-transparent-header-meta":"enabled","adv-header-id-meta":"","stick-header-meta":"","header-above-stick-meta":"","header-main-stick-meta":"","header-below-stick-meta":"","astra-migrate-meta-layouts":"set","ast-page-background-enabled":"default","ast-page-background-meta":{"desktop":{"background-color":"var(--ast-global-color-4)","background-image":"","background-repeat":"repeat","background-position":"center center","background-size":"auto","background-attachment":"scroll","background-type":"","background-media":"","overlay-type":"","overlay-color":"","overlay-opacity":"","overlay-gradient":""},"tablet":{"background-color":"","background-image":"","background-repeat":"repeat","background-position":"center center","background-size":"auto","background-attachment":"scroll","background-type":"","background-media":"","overlay-type":"","overlay-color":"","overlay-opacity":"","overlay-gradient":""},"mobile":{"background-color":"","background-image":"","background-repeat":"repeat","background-position":"center center","background-size":"auto","background-attachment":"scroll","background-type":"","background-media":"","overlay-type":"","overlay-color":"","overlay-opacity":"","overlay-gradient":""}},"ast-content-background-meta":{"desktop":{"background-color":"var(--ast-global-color-5)","background-image":"","background-repeat":"repeat","background-position":"center center","background-size":"auto","background-attachment":"scroll","background-type":"","background-media":"","overlay-type":"","overlay-color":"","overlay-opacity":"","overlay-gradient":""},"tablet":{"background-color":"var(--ast-global-color-5)","background-image":"","background-repeat":"repeat","background-position":"center center","background-size":"auto","background-attachment":"scroll","background-type":"","background-media":"","overlay-type":"","overlay-color":"","overlay-opacity":"","overlay-gradient":""},"mobile":{"background-color":"var(--ast-global-color-5)","background-image":"","background-repeat":"repeat","background-position":"center center","background-size":"auto","background-attachment":"scroll","background-type":"","background-media":"","overlay-type":"","overlay-color":"","overlay-opacity":"","overlay-gradient":""}},"footnotes":""},"class_list":["post-4170","page","type-page","status-publish","hentry"],"uagb_featured_image_src":{"full":false,"thumbnail":false,"medium":false,"medium_large":false,"large":false,"1536x1536":false,"2048x2048":false,"trp-custom-language-flag":false},"uagb_author_info":{"display_name":"Joe","author_link":"https:\/\/led.amasly.com\/da\/author\/jacklin\/"},"uagb_comment_info":0,"uagb_excerpt":"Are LED lights safe? Seven common misconceptions &nbsp;LED lamps and lanterns have gradually become the mainstream home lighting lamps and lanterns, people also began to pay attention to the safety of LED lamps. LED lamps used for a long time will be like incandescent lamps, fluorescent lamps like hot, LED lamps of blue light will&hellip;","_links":{"self":[{"href":"https:\/\/led.amasly.com\/da\/wp-json\/wp\/v2\/pages\/4170","targetHints":{"allow":["GET"]}}],"collection":[{"href":"https:\/\/led.amasly.com\/da\/wp-json\/wp\/v2\/pages"}],"about":[{"href":"https:\/\/led.amasly.com\/da\/wp-json\/wp\/v2\/types\/page"}],"author":[{"embeddable":true,"href":"https:\/\/led.amasly.com\/da\/wp-json\/wp\/v2\/users\/1"}],"replies":[{"embeddable":true,"href":"https:\/\/led.amasly.com\/da\/wp-json\/wp\/v2\/comments?post=4170"}],"version-history":[{"count":1,"href":"https:\/\/led.amasly.com\/da\/wp-json\/wp\/v2\/pages\/4170\/revisions"}],"predecessor-version":[{"id":4183,"href":"https:\/\/led.amasly.com\/da\/wp-json\/wp\/v2\/pages\/4170\/revisions\/4183"}],"up":[{"embeddable":true,"href":"https:\/\/led.amasly.com\/da\/wp-json\/wp\/v2\/pages\/2984"}],"wp:attachment":[{"href":"https:\/\/led.amasly.com\/da\/wp-json\/wp\/v2\/media?parent=4170"}],"curies":[{"name":"wp","href":"https:\/\/api.w.org\/{rel}","templated":true}]}}