{"id":4115,"date":"2025-07-05T18:05:39","date_gmt":"2025-07-05T10:05:39","guid":{"rendered":"https:\/\/led.amasly.com\/?page_id=4115"},"modified":"2026-01-22T14:17:14","modified_gmt":"2026-01-22T06:17:14","slug":"60-watt-vs-100-watt-lamps-whats-the-difference-and-which-is-better","status":"publish","type":"page","link":"https:\/\/led.amasly.com\/da\/knowledge\/led-light-knowledge\/60-watt-vs-100-watt-lamps-whats-the-difference-and-which-is-better\/","title":{"rendered":"60 watt vs. 100 watt lamper: hvad er forskellen, og hvad er bedst?"},"content":{"rendered":"<div class=\"wp-block-uagb-container uagb-block-27bae773 alignfull uagb-is-root-container\"><div class=\"uagb-container-inner-blocks-wrap\"><\/div><\/div>\n\n\n\n<h1 class=\"wp-block-heading has-text-align-center\"><strong>60<\/strong><strong>&nbsp;<\/strong><strong>watt vs. 100<\/strong><strong>&nbsp;<\/strong><strong>watt-lamper: hvad er forskellen, og hvad er bedst?<\/strong><strong><\/strong><\/h1>\n\n\n\n<div class=\"wp-block-uagb-image uagb-block-da1360b5 wp-block-uagb-image--layout-default wp-block-uagb-image--effect-static wp-block-uagb-image--align-none\"><figure class=\"wp-block-uagb-image__figure\"><img decoding=\"async\" srcset=\"https:\/\/led.amasly.com\/wp-content\/uploads\/2025\/04\/UFO-high-bay-light.png ,https:\/\/led.amasly.com\/wp-content\/uploads\/2025\/04\/UFO-high-bay-light.png 780w, https:\/\/led.amasly.com\/wp-content\/uploads\/2025\/04\/UFO-high-bay-light.png 360w\" sizes=\"auto, (max-width: 480px) 150px\" src=\"https:\/\/led.amasly.com\/wp-content\/uploads\/2025\/04\/UFO-high-bay-light.png\" alt=\"High Bay\u00a0light price, 100 Watt Lamps\" class=\"uag-image-2947\" width=\"600\" height=\"348\" title=\"UFO high bay-lys\" loading=\"lazy\" role=\"img\"\/><\/figure><\/div>\n\n\n\n<p>Planl\u00e6gger du at udskifte dine gamle 60-watt-p\u00e6rer med 100-watt-lamper? Uanset om du planl\u00e6gger at udskifte dine gamle HID-p\u00e6rer (f.eks. lysstofr\u00f8r, halogener osv.) med 100-watt-\u00e6kvivalente LED-p\u00e6rer, eller du bare vil skifte til en p\u00e6re med h\u00f8jere watt-tal, b\u00f8r du l\u00e6se denne artikel.<\/p>\n\n\n\n<p>I denne artikel sammenligner vi 60 watt- og 100 watt-lamper for at se, hvad der er bedst. Desuden fort\u00e6ller vi, om det kan lade sig g\u00f8re at bruge en 100-watt-p\u00e6re i et 60-watt-armatur. L\u00e6s bare videre!<\/p>\n\n\n\n<figure class=\"wp-block-image aligncenter size-full\"><img decoding=\"async\" src=\"https:\/\/led.amasly.com\/wp-content\/uploads\/2025\/05\/high-bay-light.webp\" alt=\"\" class=\"wp-image-3954\" title=\"\"><\/figure>\n\n\n\n<h2 class=\"wp-block-heading\"><strong>60 vs. 100 watt lamper: hvad er forskellen, og hvad er bedst?<\/strong><\/h2>\n\n\n\n<h3 class=\"wp-block-heading\"><strong>St\u00f8rrelser<\/strong><strong><\/strong><\/h3>\n\n\n\n<p>En 60-watt-p\u00e6re er mindre end en 100-watt-p\u00e6re. P\u00e6rer med h\u00f8jere effekt er normalt st\u00f8rre for at sprede varmen mere effektivt. De p\u00e6rer, vi bruger i hverdagen, har som regel en ensartet sokkelmodel, s\u00e5 de er nemme at udskifte.<\/p>\n\n\n\n<p>Derfor g\u00e6lder det, at jo kraftigere p\u00e6ren er, jo st\u00f8rre er den normalt. Naturligvis kan andre typer lamper tilpasses i st\u00f8rrelse for at opfylde specifikke anvendelseskrav eller kundepr\u00e6ferencer.<br><strong>&nbsp;Lysstyrke<\/strong><strong><\/strong><\/p>\n\n\n\n<p>F\u00f8r vi sammenligner lysstyrken p\u00e5 en 60 watt og en 100 watt p\u00e6re, skal vi f\u00f8rst afg\u00f8re, om de to p\u00e6rer er af samme type. Hvis de er af samme type, vil 100 watt-p\u00e6ren helt sikkert lyse mere end 60 watt-p\u00e6ren.<\/p>\n\n\n\n<p>Hvis det ikke er den samme type p\u00e6re, kan vi ikke bare sige, at jo h\u00f8jere watt, jo lysere vil den v\u00e6re. Det skyldes, at vi i dette tilf\u00e6lde ikke kan m\u00e5le lysstyrken ved hj\u00e6lp af effekten alene, men snarere ved hj\u00e6lp af lumenv\u00e6rdien, som repr\u00e6senterer p\u00e6rens lysstyrke, som det menneskelige \u00f8je ser den. P\u00e6rer med h\u00f8j effekt, men som er ineffektive, omdanner kun en del af den elektriske energi til lysenergi, s\u00e5 de vil udsende lave lumenv\u00e6rdier.<\/p>\n\n\n\n<p>S\u00e5 en 60-watt-p\u00e6re kan v\u00e6re mere lysst\u00e6rk end en 100-watt-p\u00e6re for forskellige typer af p\u00e6rer. For eksempel er en 60-watt LED-p\u00e6re lysere end en 100-watt halogenp\u00e6re, fordi LED-p\u00e6rer er 2-3 gange mere effektive end halogenp\u00e6rer.<\/p>\n\n\n\n<figure class=\"wp-block-image aligncenter size-full\"><img decoding=\"async\" width=\"300\" height=\"300\" src=\"https:\/\/led.amasly.com\/wp-content\/uploads\/2025\/05\/Explosion-proof-high-bay-lights.png\" alt=\"\" class=\"wp-image-3948\" title=\"\" srcset=\"https:\/\/led.amasly.com\/wp-content\/uploads\/2025\/05\/Explosion-proof-high-bay-lights.png 300w, https:\/\/led.amasly.com\/wp-content\/uploads\/2025\/05\/Explosion-proof-high-bay-lights-150x150.png 150w, https:\/\/led.amasly.com\/wp-content\/uploads\/2025\/05\/Explosion-proof-high-bay-lights-12x12.png 12w\" sizes=\"(max-width: 300px) 100vw, 300px\" \/><\/figure>\n\n\n\n<h3 class=\"wp-block-heading\"><strong>resistiv<\/strong><strong><\/strong><\/h3>\n\n\n\n<p>En 60-watt-p\u00e6re er svagere, hvilket betyder, at der l\u00f8ber mindre str\u00f8m gennem p\u00e6ren. N\u00e5r sp\u00e6ndingen holdes konstant, falder str\u00f8mmen, n\u00e5r modstanden stiger. Derfor har 60-watt-p\u00e6ren en h\u00f8jere modstand. Vi kan ogs\u00e5 analysere deres modstand ud fra formlen R=V\u00b2\/P. Med samme sp\u00e6nding har 60-watt-p\u00e6ren en h\u00f8jere modstand end 100-watt-p\u00e6ren, fordi modstanden stiger med faldende effekt.<\/p>\n\n\n\n<h3 class=\"wp-block-heading\"><strong>Str\u00f8mspild<\/strong><strong><\/strong><\/h3>\n\n\n\n<p>P\u00e6rer med h\u00f8jere effekt bruger mere str\u00f8m p\u00e5 et givet tidspunkt. En 60-watt-p\u00e6re bruger 0,06 kWh str\u00f8m i timen, mens en 100-watt-p\u00e6re bruger 0,1 kWh str\u00f8m i timen.<\/p>\n\n\n\n<h3 class=\"wp-block-heading\"><strong>br\u00e6ndv\u00e6rdi<\/strong><strong><\/strong><\/h3>\n\n\n\n<p>En 100-watt-p\u00e6re bruger mere str\u00f8m end en 60-watt-p\u00e6re, s\u00e5 den genererer mere varme. N\u00e5r du v\u00e6lger en p\u00e6re, skal du overveje, om dens effekt er tilstr\u00e6kkelig til den lysstyrke, du har brug for. V\u00e6lg ikke p\u00e6rer med for meget str\u00f8m, da de ogs\u00e5 producerer for meget varme.<\/p>\n\n\n\n<h2 class=\"wp-block-heading\"><strong>Anvendelsesscenarie<\/strong><strong><\/strong><\/h2>\n\n\n\n<p>Forskellige p\u00e6retyper og wattstyrker har forskellige anvendelsesscenarier. I det f\u00f8lgende kan du l\u00e6se om anvendelsesscenarier for 60 watt og 100 watt gl\u00f8dep\u00e6rer, lysstofr\u00f8r og LED-lys.<\/p>\n\n\n\n<p>LED-lys: 60 watt til udend\u00f8rsarealer som f.eks. g\u00e5rdspladser; 100 watt lamper til gadebelysning<br>\u00a0Gl\u00f8delampe: 60 watt til sm\u00e5 rum, f.eks. sovev\u00e6relser; 100 watt lamper til store rum, f.eks. stuer.<br>\u00a0Lysstofr\u00f8r: 60 watt til st\u00f8rre indend\u00f8rs rum, f.eks. kontorlobbyer; 100 watt til kommerciel belysning, f.eks. indk\u00f8bscentre.<\/p>\n\n\n\n<figure class=\"wp-block-image aligncenter size-full\"><img decoding=\"async\" width=\"675\" height=\"661\" src=\"https:\/\/led.amasly.com\/wp-content\/uploads\/2025\/07\/LED-bulbs.png\" alt=\"\" class=\"wp-image-4089\" title=\"\" srcset=\"https:\/\/led.amasly.com\/wp-content\/uploads\/2025\/07\/LED-bulbs.png 675w, https:\/\/led.amasly.com\/wp-content\/uploads\/2025\/07\/LED-bulbs-300x294.png 300w, https:\/\/led.amasly.com\/wp-content\/uploads\/2025\/07\/LED-bulbs-12x12.png 12w\" sizes=\"(max-width: 675px) 100vw, 675px\" \/><\/figure>\n\n\n\n<h2 class=\"wp-block-heading\"><strong>Udskift 60-watt-p\u00e6ren med en 100-watt-p\u00e6re af samme type:<\/strong><strong><\/strong><\/h2>\n\n\n\n<p>Brug af en 100 watt p\u00e6re i en 60 watt fatning kan resultere i kortslutning, brud, udbr\u00e6ndthed eller brand. Den prim\u00e6re \u00e5rsag til disse fejl er varme, og det termiske design af en 60 watt p\u00e6re sikrer kun korrekt drift af en 60 watt p\u00e6re. Hvis effekten er 100 watt, kan en for h\u00f8j str\u00f8mstyrke f\u00e5 en eventuel sikring til at springe og ledningerne til at blive overophedede.<\/p>\n\n\n\n<p>Desuden mister du ogs\u00e5 garantien p\u00e5 p\u00e6ren, hvis du udskifter den. Nogle 100-watt-p\u00e6rer er ogs\u00e5 st\u00f8rre end 60-watt-p\u00e6rer, s\u00e5 p\u00e6ren og lampesoklen passer m\u00e5ske ikke sammen. Derfor anbefales det ikke at bruge en 100-watt-p\u00e6re i et 60-watt-armatur.<\/p>\n\n\n\n<h2 class=\"wp-block-heading\"><strong>Udskift eksisterende 60-watts gl\u00f8delamper, lysstofr\u00f8r, halogen osv. med 100-watts tilsvarende LED-lamper:<\/strong><strong><\/strong><\/h2>\n\n\n\n<p>Hvis du vil bruge en 100 watt gl\u00f8de-\/lysstof-\/halogen\u00e6kvivalent LED-p\u00e6re, vil den v\u00e6re langt under 60 watt p\u00e5 grund af LED-p\u00e6rernes h\u00f8je effektivitet. En LED-p\u00e6re p\u00e5 100 watt, der svarer til en gl\u00f8dep\u00e6re, bruger f.eks. kun 10 til 15 watt. Du b\u00f8r derefter overveje, om p\u00e6rens specifikationer er kompatible.<\/p>\n\n\n\n<p>Nogle LED-p\u00e6rer har specialdesignede lampef\u00f8dder for at maksimere varmeafledningen. Hvis varmeafledningen er d\u00e5rlig, kan p\u00e6rens levetid blive forkortet. Hvis du ikke har noget imod det og bare vil have et skarpere lys, kan du overveje at udskifte din oprindelige 60-watt-p\u00e6re med en 100-watt-\u00e6kvivalent LED-p\u00e6re.<\/p>\n\n\n\n<p>Hvis det virker, vil disse LED-p\u00e6rer p\u00e5 100 watt ikke for\u00e5rsage megen skade, fordi de producerer mindre varme end traditionelle p\u00e6rer.<\/p>\n\n\n\n<h2 class=\"wp-block-heading\"><strong>Sammenfatning<\/strong><strong><\/strong><\/h2>\n\n\n\n<p class=\"has-text-align-left\">60-watt- og 100-watt-p\u00e6rer er forskellige i st\u00f8rrelse, lysstyrke, modstand, str\u00f8mforbrug, varmeudvikling og anvendelsesscenarier. Du b\u00f8r v\u00e6lge den rigtige p\u00e6re i henhold til dine faktiske behov. Det anbefales ikke at udskifte en 60-watt-p\u00e6re med en 100-watt-p\u00e6re af samme type p\u00e5 grund af risikoen for udbr\u00e6ndthed. Under de rette forhold kan du udskifte den oprindelige 60-watt konventionelle p\u00e6re med en 100-watt tilsvarende LED-p\u00e6re.<\/p>\n\n\n\n<p>Standard: <a href=\"http:\/\/www.iec.com\" rel=\"nofollow noopener\" target=\"_blank\">IEC 60598<\/a><\/p>\n\n\n\n<div class=\"wp-block-uagb-container uagb-block-c7d898dd alignfull uagb-is-root-container\"><div class=\"uagb-container-inner-blocks-wrap\"><\/div><\/div>\n\n\n\n<h2 class=\"wp-block-heading\">Relaterede produkter<\/h2>\n\n\n\n<div class=\"wp-block-uagb-container uagb-block-66e4defc alignfull uagb-is-root-container\"><div class=\"uagb-container-inner-blocks-wrap\">\n<div class=\"wp-block-uagb-container uagb-block-a42945f9\">\n<div class=\"wp-block-uagb-image uagb-block-7296296b wp-block-uagb-image--layout-default wp-block-uagb-image--effect-static wp-block-uagb-image--align-none\"><figure class=\"wp-block-uagb-image__figure\"><a class=\"\" href=\"https:\/\/led.amasly.com\/da\/products\/\" target=\"\" rel=\"noopener\"><img decoding=\"async\" srcset=\"https:\/\/led.amasly.com\/wp-content\/uploads\/2024\/09\/Explosion-proof-high-bay-lights.png ,https:\/\/led.amasly.com\/wp-content\/uploads\/2024\/09\/Explosion-proof-high-bay-lights.png 780w, https:\/\/led.amasly.com\/wp-content\/uploads\/2024\/09\/Explosion-proof-high-bay-lights.png 360w\" sizes=\"auto, (max-width: 480px) 150px\" src=\"https:\/\/led.amasly.com\/wp-content\/uploads\/2024\/09\/Explosion-proof-high-bay-lights.png\" alt=\"\" class=\"uag-image-1495\" width=\"300\" height=\"300\" title=\"Eksplosionssikre high bay-lys\" loading=\"lazy\" role=\"img\"><\/a><\/figure><\/div>\n<\/div>\n\n\n\n<div class=\"wp-block-uagb-container uagb-block-4d3efde5\">\n<div class=\"wp-block-uagb-image uagb-block-c9e90797 wp-block-uagb-image--layout-default wp-block-uagb-image--effect-static wp-block-uagb-image--align-none\"><figure class=\"wp-block-uagb-image__figure\"><a class=\"\" href=\"https:\/\/led.amasly.com\/da\/products\/\" target=\"\" rel=\"noopener\"><img decoding=\"async\" srcset=\"https:\/\/led.amasly.com\/wp-content\/uploads\/2024\/07\/LED-tri-proof-lights2.png ,https:\/\/led.amasly.com\/wp-content\/uploads\/2024\/07\/LED-tri-proof-lights2.png 780w, https:\/\/led.amasly.com\/wp-content\/uploads\/2024\/07\/LED-tri-proof-lights2.png 360w\" sizes=\"auto, (max-width: 480px) 150px\" src=\"https:\/\/led.amasly.com\/wp-content\/uploads\/2024\/07\/LED-tri-proof-lights2.png\" alt=\"\" class=\"uag-image-1132\" width=\"300\" height=\"300\" title=\"LED-tri-proof-lys2\" loading=\"lazy\" role=\"img\"><\/a><\/figure><\/div>\n<\/div>\n\n\n\n<div class=\"wp-block-uagb-container uagb-block-11c2578b\">\n<div class=\"wp-block-uagb-image uagb-block-6e8883aa wp-block-uagb-image--layout-default wp-block-uagb-image--effect-static wp-block-uagb-image--align-none\"><figure class=\"wp-block-uagb-image__figure\"><a class=\"\" href=\"https:\/\/led.amasly.com\/da\/products\/\" target=\"\" rel=\"noopener\"><img decoding=\"async\" srcset=\"https:\/\/led.amasly.com\/wp-content\/uploads\/2024\/09\/LED-Explosion-Proof-Gas-Station-Light.png ,https:\/\/led.amasly.com\/wp-content\/uploads\/2024\/09\/LED-Explosion-Proof-Gas-Station-Light.png 780w, https:\/\/led.amasly.com\/wp-content\/uploads\/2024\/09\/LED-Explosion-Proof-Gas-Station-Light.png 360w\" sizes=\"auto, (max-width: 480px) 150px\" src=\"https:\/\/led.amasly.com\/wp-content\/uploads\/2024\/09\/LED-Explosion-Proof-Gas-Station-Light.png\" alt=\"\" class=\"uag-image-1501\" width=\"300\" height=\"300\" title=\"LED-eksplosionssikkert tankstationslys\" loading=\"lazy\" role=\"img\"><\/a><\/figure><\/div>\n<\/div>\n<\/div><\/div>\n\n\n\n<div class=\"wp-block-uagb-container uagb-block-548945b5 alignfull uagb-is-root-container\"><div class=\"uagb-container-inner-blocks-wrap\">\n<div class=\"wp-block-uagb-container uagb-block-967755d5\">\n<h4 class=\"wp-block-heading has-text-align-center\"><a href=\"https:\/\/led.amasly.com\/da\/products\/\">LED-eksplosionssikre lamper<\/a><\/h4>\n<\/div>\n\n\n\n<div class=\"wp-block-uagb-container uagb-block-9bc52fc2\">\n<h4 class=\"wp-block-heading has-text-align-center\"><a href=\"https:\/\/led.amasly.com\/da\/products\/\">LED Tri-Proof-lys<\/a><\/h4>\n<\/div>\n\n\n\n<div class=\"wp-block-uagb-container uagb-block-8ffa0a23\">\n<h4 class=\"wp-block-heading has-text-align-center\"><a href=\"https:\/\/led.amasly.com\/da\/products\/\">Eksplosionssikre lamper til tankstationer<\/a><\/h4>\n<\/div>\n<\/div><\/div>\n\n\n\n<div class=\"wp-block-uagb-container uagb-block-29499fe0 alignfull uagb-is-root-container\"><div class=\"uagb-container-inner-blocks-wrap\">\n<div class=\"wp-block-uagb-container uagb-block-777ee1c7\">\n<div class=\"wp-block-uagb-image uagb-block-2e9a1851 wp-block-uagb-image--layout-default wp-block-uagb-image--effect-static wp-block-uagb-image--align-none\"><figure class=\"wp-block-uagb-image__figure\"><a class=\"\" href=\"https:\/\/led.amasly.com\/da\/products\/\" target=\"\" rel=\"noopener\"><img decoding=\"async\" srcset=\"https:\/\/led.amasly.com\/wp-content\/uploads\/2024\/10\/50W-100W-150W-200W-300W-LED-Flood-Light.jpg ,https:\/\/led.amasly.com\/wp-content\/uploads\/2024\/10\/50W-100W-150W-200W-300W-LED-Flood-Light.jpg 780w, https:\/\/led.amasly.com\/wp-content\/uploads\/2024\/10\/50W-100W-150W-200W-300W-LED-Flood-Light.jpg 360w\" sizes=\"auto, (max-width: 480px) 150px\" src=\"https:\/\/led.amasly.com\/wp-content\/uploads\/2024\/10\/50W-100W-150W-200W-300W-LED-Flood-Light.jpg\" alt=\"\" class=\"uag-image-1526\" width=\"300\" height=\"300\" title=\"50W 100W 150W 200W 300W LED-oversv\u00f8mmelseslys\" loading=\"lazy\" role=\"img\"><\/a><\/figure><\/div>\n<\/div>\n\n\n\n<div class=\"wp-block-uagb-container uagb-block-af8c8683\">\n<div class=\"wp-block-uagb-image uagb-block-67947854 wp-block-uagb-image--layout-default wp-block-uagb-image--effect-static wp-block-uagb-image--align-none\"><figure class=\"wp-block-uagb-image__figure\"><a class=\"\" href=\"https:\/\/led.amasly.com\/da\/products\/\" target=\"\" rel=\"noopener\"><img decoding=\"async\" srcset=\"https:\/\/led.amasly.com\/wp-content\/uploads\/2024\/07\/led-tri-proof-light.png ,https:\/\/led.amasly.com\/wp-content\/uploads\/2024\/07\/led-tri-proof-light.png 780w, https:\/\/led.amasly.com\/wp-content\/uploads\/2024\/07\/led-tri-proof-light.png 360w\" sizes=\"auto, (max-width: 480px) 150px\" src=\"https:\/\/led.amasly.com\/wp-content\/uploads\/2024\/07\/led-tri-proof-light.png\" alt=\"\" class=\"uag-image-1130\" width=\"300\" height=\"300\" title=\"led-tri-proof-lys\" loading=\"lazy\" role=\"img\"><\/a><\/figure><\/div>\n<\/div>\n\n\n\n<div class=\"wp-block-uagb-container uagb-block-0fdfdd58\">\n<div class=\"wp-block-uagb-image uagb-block-1187d32d wp-block-uagb-image--layout-default wp-block-uagb-image--effect-static wp-block-uagb-image--align-none\"><figure class=\"wp-block-uagb-image__figure\"><a class=\"\" href=\"https:\/\/led.amasly.com\/da\/products\/\" target=\"\" rel=\"noopener\"><img decoding=\"async\" srcset=\"https:\/\/led.amasly.com\/wp-content\/uploads\/2024\/07\/LED-street-light.jpg ,https:\/\/led.amasly.com\/wp-content\/uploads\/2024\/07\/LED-street-light.jpg 780w, https:\/\/led.amasly.com\/wp-content\/uploads\/2024\/07\/LED-street-light.jpg 360w\" sizes=\"auto, (max-width: 480px) 150px\" src=\"https:\/\/led.amasly.com\/wp-content\/uploads\/2024\/07\/LED-street-light.jpg\" alt=\"\" class=\"uag-image-1145\" width=\"300\" height=\"300\" title=\"LED-gadebelysning\" loading=\"lazy\" role=\"img\"><\/a><\/figure><\/div>\n<\/div>\n<\/div><\/div>\n\n\n\n<div class=\"wp-block-uagb-container uagb-block-6a60882c alignfull uagb-is-root-container\"><div class=\"uagb-container-inner-blocks-wrap\">\n<div class=\"wp-block-uagb-container uagb-block-f1e91a35\">\n<h4 class=\"wp-block-heading has-text-align-center\"><a href=\"https:\/\/led.amasly.com\/da\/products\/\">LED-oversv\u00f8mmelseslys<\/a><\/h4>\n<\/div>\n\n\n\n<div class=\"wp-block-uagb-container uagb-block-165bfa58\">\n<h4 class=\"wp-block-heading has-text-align-center\"><a href=\"https:\/\/led.amasly.com\/da\/products\/\">LED Tri-Proof lysr\u00f8r<\/a><\/h4>\n<\/div>\n\n\n\n<div class=\"wp-block-uagb-container uagb-block-f6096e3b\">\n<h4 class=\"wp-block-heading has-text-align-center\"><a href=\"https:\/\/led.amasly.com\/da\/products\/\">LED-gadelys<\/a><\/h4>\n<\/div>\n<\/div><\/div>\n\n\n\n<div class=\"wp-block-uagb-container uagb-block-99c0e0a5 alignfull uagb-is-root-container\"><div class=\"uagb-container-inner-blocks-wrap\"><\/div><\/div>\n\n\n\n<p><\/p>","protected":false},"excerpt":{"rendered":"<p>60&nbsp;watt vs. 100&nbsp;watt lamps: what&#8217;s the difference and which is better? Are you planning to replace your old 60-watt bulbs with 100 Watt Lamps? Whether you&#8217;re planning to replace your old HID lights (such as fluorescents, halogens, etc.) with 100-watt equivalent LEDs, or you simply want to switch to a higher wattage bulb, you should [&hellip;]<\/p>\n","protected":false},"author":1,"featured_media":0,"parent":2984,"menu_order":0,"comment_status":"closed","ping_status":"closed","template":"","meta":{"_uag_custom_page_level_css":"","site-sidebar-layout":"no-sidebar","site-content-layout":"","ast-site-content-layout":"default","site-content-style":"default","site-sidebar-style":"default","ast-global-header-display":"","ast-banner-title-visibility":"","ast-main-header-display":"","ast-hfb-above-header-display":"","ast-hfb-below-header-display":"","ast-hfb-mobile-header-display":"","site-post-title":"disabled","ast-breadcrumbs-content":"","ast-featured-img":"","footer-sml-layout":"","ast-disable-related-posts":"","theme-transparent-header-meta":"enabled","adv-header-id-meta":"","stick-header-meta":"","header-above-stick-meta":"","header-main-stick-meta":"","header-below-stick-meta":"","astra-migrate-meta-layouts":"set","ast-page-background-enabled":"default","ast-page-background-meta":{"desktop":{"background-color":"var(--ast-global-color-4)","background-image":"","background-repeat":"repeat","background-position":"center center","background-size":"auto","background-attachment":"scroll","background-type":"","background-media":"","overlay-type":"","overlay-color":"","overlay-opacity":"","overlay-gradient":""},"tablet":{"background-color":"","background-image":"","background-repeat":"repeat","background-position":"center center","background-size":"auto","background-attachment":"scroll","background-type":"","background-media":"","overlay-type":"","overlay-color":"","overlay-opacity":"","overlay-gradient":""},"mobile":{"background-color":"","background-image":"","background-repeat":"repeat","background-position":"center center","background-size":"auto","background-attachment":"scroll","background-type":"","background-media":"","overlay-type":"","overlay-color":"","overlay-opacity":"","overlay-gradient":""}},"ast-content-background-meta":{"desktop":{"background-color":"var(--ast-global-color-5)","background-image":"","background-repeat":"repeat","background-position":"center center","background-size":"auto","background-attachment":"scroll","background-type":"","background-media":"","overlay-type":"","overlay-color":"","overlay-opacity":"","overlay-gradient":""},"tablet":{"background-color":"var(--ast-global-color-5)","background-image":"","background-repeat":"repeat","background-position":"center center","background-size":"auto","background-attachment":"scroll","background-type":"","background-media":"","overlay-type":"","overlay-color":"","overlay-opacity":"","overlay-gradient":""},"mobile":{"background-color":"var(--ast-global-color-5)","background-image":"","background-repeat":"repeat","background-position":"center center","background-size":"auto","background-attachment":"scroll","background-type":"","background-media":"","overlay-type":"","overlay-color":"","overlay-opacity":"","overlay-gradient":""}},"footnotes":""},"class_list":["post-4115","page","type-page","status-publish","hentry"],"uagb_featured_image_src":{"full":false,"thumbnail":false,"medium":false,"medium_large":false,"large":false,"1536x1536":false,"2048x2048":false,"trp-custom-language-flag":false},"uagb_author_info":{"display_name":"Joe","author_link":"https:\/\/led.amasly.com\/da\/author\/jacklin\/"},"uagb_comment_info":0,"uagb_excerpt":"60&nbsp;watt vs. 100&nbsp;watt lamps: what&#8217;s the difference and which is better? Are you planning to replace your old 60-watt bulbs with 100 Watt Lamps? Whether you&#8217;re planning to replace your old HID lights (such as fluorescents, halogens, etc.) with 100-watt equivalent LEDs, or you simply want to switch to a higher wattage bulb, you should&hellip;","_links":{"self":[{"href":"https:\/\/led.amasly.com\/da\/wp-json\/wp\/v2\/pages\/4115","targetHints":{"allow":["GET"]}}],"collection":[{"href":"https:\/\/led.amasly.com\/da\/wp-json\/wp\/v2\/pages"}],"about":[{"href":"https:\/\/led.amasly.com\/da\/wp-json\/wp\/v2\/types\/page"}],"author":[{"embeddable":true,"href":"https:\/\/led.amasly.com\/da\/wp-json\/wp\/v2\/users\/1"}],"replies":[{"embeddable":true,"href":"https:\/\/led.amasly.com\/da\/wp-json\/wp\/v2\/comments?post=4115"}],"version-history":[{"count":2,"href":"https:\/\/led.amasly.com\/da\/wp-json\/wp\/v2\/pages\/4115\/revisions"}],"predecessor-version":[{"id":4603,"href":"https:\/\/led.amasly.com\/da\/wp-json\/wp\/v2\/pages\/4115\/revisions\/4603"}],"up":[{"embeddable":true,"href":"https:\/\/led.amasly.com\/da\/wp-json\/wp\/v2\/pages\/2984"}],"wp:attachment":[{"href":"https:\/\/led.amasly.com\/da\/wp-json\/wp\/v2\/media?parent=4115"}],"curies":[{"name":"wp","href":"https:\/\/api.w.org\/{rel}","templated":true}]}}