{"id":4077,"date":"2025-07-05T15:35:18","date_gmt":"2025-07-05T07:35:18","guid":{"rendered":"https:\/\/led.amasly.com\/?page_id=4077"},"modified":"2025-07-05T15:35:26","modified_gmt":"2025-07-05T07:35:26","slug":"hvilken-farve-led-lys-er-bedst-til-at-sove-med","status":"publish","type":"page","link":"https:\/\/led.amasly.com\/da\/viden\/viden-om-led-lys\/hvilken-farve-led-lys-er-bedst-til-at-sove-med\/","title":{"rendered":"Hvilken farve LED-lys er bedst til at sove i?"},"content":{"rendered":"<div class=\"wp-block-uagb-container uagb-block-27bae773 alignfull uagb-is-root-container\"><div class=\"uagb-container-inner-blocks-wrap\"><\/div><\/div>\n\n\n\n<h1 class=\"wp-block-heading has-text-align-center\"><strong>Hvilken farve LED-lys er bedst til at sove i?<\/strong><strong><br><\/strong><strong><\/strong><\/h1>\n\n\n\n<figure class=\"wp-block-image size-full\"><img decoding=\"async\" width=\"855\" height=\"864\" src=\"https:\/\/led.amasly.com\/wp-content\/uploads\/2025\/07\/sleeping-LED-light.png\" alt=\"\" class=\"wp-image-4083\" title=\"\" srcset=\"https:\/\/led.amasly.com\/wp-content\/uploads\/2025\/07\/sleeping-LED-light.png 855w, https:\/\/led.amasly.com\/wp-content\/uploads\/2025\/07\/sleeping-LED-light-297x300.png 297w, https:\/\/led.amasly.com\/wp-content\/uploads\/2025\/07\/sleeping-LED-light-768x776.png 768w, https:\/\/led.amasly.com\/wp-content\/uploads\/2025\/07\/sleeping-LED-light-12x12.png 12w\" sizes=\"(max-width: 855px) 100vw, 855px\" \/><\/figure>\n\n\n\n<p>Vi ser ofte r\u00e5d, der minder os om, at vi skal holde os v\u00e6k fra st\u00e6rke farver ved sengetid. Sandheden er, at visse lysfarver faktisk hj\u00e6lper p\u00e5 s\u00f8vnen. Det skyldes, at hormonet melatonin spiller en afg\u00f8rende rolle i vores krops s\u00f8vncyklus. S\u00e5 hvordan p\u00e5virker lys egentlig vores s\u00f8vn? Og hvilke farver LED-lys hj\u00e6lper dig med at sove?<\/p>\n\n\n\n<figure class=\"wp-block-image size-full\"><img decoding=\"async\" width=\"800\" height=\"533\" src=\"https:\/\/led.amasly.com\/wp-content\/uploads\/2025\/07\/sleeping-lighting.png\" alt=\"\" class=\"wp-image-4084\" title=\"\" srcset=\"https:\/\/led.amasly.com\/wp-content\/uploads\/2025\/07\/sleeping-lighting.png 800w, https:\/\/led.amasly.com\/wp-content\/uploads\/2025\/07\/sleeping-lighting-300x200.png 300w, https:\/\/led.amasly.com\/wp-content\/uploads\/2025\/07\/sleeping-lighting-768x512.png 768w, https:\/\/led.amasly.com\/wp-content\/uploads\/2025\/07\/sleeping-lighting-18x12.png 18w\" sizes=\"(max-width: 800px) 100vw, 800px\" \/><\/figure>\n\n\n\n<h2 class=\"wp-block-heading\"><strong>Hvordan p\u00e5virker lys s\u00f8vnen?<\/strong><strong><\/strong><\/h2>\n\n\n\n<p>Lys p\u00e5virker i h\u00f8j grad vores d\u00f8gnrytme, som er det biologiske ur, der styrer, hvorn\u00e5r vi har brug for at sove. Dette biologiske ur fungerer i en 24-timers cyklus. N\u00e5r det er lyst udenfor, ved kroppen, at det er tid til at st\u00e5 op; n\u00e5r det er m\u00f8rkt, forbereder kroppen sig p\u00e5 at g\u00e5 i seng.<\/p>\n\n\n\n<p>Kroppen modtager signaler om v\u00e5genhed og s\u00f8vn gennem solopgangens og solnedgangens rytme. Specifikt kan det varme lys fra den nedg\u00e5ende sol antyde, at det er tid til at g\u00e5 i seng. Men folk bruger ofte kunstige lyskilder efter solnedgang, hvilket kan forstyrre d\u00f8gnrytmen og f\u00f8re til s\u00f8vnl\u00f8shed og andre s\u00f8vnforstyrrelser.<\/p>\n\n\n\n<p>Det naturlige hormon melatonin, som fremmer s\u00f8vn, p\u00e5virkes ogs\u00e5 af lys. I m\u00f8rke omgivelser udskiller hjernens koglekirtel melatonin. Men visse former for lys, som f.eks. bl\u00e5t lys, h\u00e6mmer melatoninproduktionen.<\/p>\n\n\n\n<h2 class=\"wp-block-heading\"><strong>Hvilken LED-lysfarve er d\u00e5rlig for s\u00f8vnen?<\/strong><strong><\/strong><\/h2>\n\n\n\n<p>K\u00f8lige LED-lysfarver kan g\u00f8re det sv\u00e6rt for kroppen at falde i s\u00f8vn sammenlignet med varmere farver, der kan hj\u00e6lpe dig med at sove. K\u00f8ligere lys kan holde dig v\u00e5gen om natten, fordi det fremmer koncentration og fokus.<\/p>\n\n\n\n<p><strong>BL\u00c5T LYS: <\/strong>Natlamper med bl\u00e5t lys er d\u00e5rlige for s\u00f8vnen, fordi de har en specifik effekt p\u00e5 d\u00f8gnrytmen og kan p\u00e5virke fotoreceptorer i \u00f8jnene. Ud over at undertrykke melatonin hj\u00e6lper bl\u00e5t lys kroppen med at holde sig v\u00e5gen. Hyppig eksponering for bl\u00e5t lys om natten kan vildlede kroppen til at tro, at det stadig er dag, hvilket kan forstyrre d\u00f8gnrytmen og reducere s\u00f8vnkvaliteten.<\/p>\n\n\n\n<p><strong>Gr\u00f8nt lys: <\/strong>Ligesom bl\u00e5t lys reducerer gr\u00f8nt lys d\u00f8sighed ved at mindske produktionen af melatonin. Selv om bl\u00e5t lys reducerer melatoninniveauet dobbelt s\u00e5 meget som gr\u00f8nt lys, er det bedst at undg\u00e5 at uds\u00e6tte sig for gr\u00f8nt lys f\u00f8r sengetid.<\/p>\n\n\n\n<figure class=\"wp-block-image size-full\"><img decoding=\"async\" width=\"800\" height=\"498\" src=\"https:\/\/led.amasly.com\/wp-content\/uploads\/2025\/07\/color-lights.png\" alt=\"\" class=\"wp-image-4085\" title=\"\" srcset=\"https:\/\/led.amasly.com\/wp-content\/uploads\/2025\/07\/color-lights.png 800w, https:\/\/led.amasly.com\/wp-content\/uploads\/2025\/07\/color-lights-300x187.png 300w, https:\/\/led.amasly.com\/wp-content\/uploads\/2025\/07\/color-lights-768x478.png 768w, https:\/\/led.amasly.com\/wp-content\/uploads\/2025\/07\/color-lights-18x12.png 18w\" sizes=\"(max-width: 800px) 100vw, 800px\" \/><\/figure>\n\n\n\n<h2 class=\"wp-block-heading\"><strong>Hvilke farver lys er bedst til at sove i?<\/strong><strong><\/strong><\/h2>\n\n\n\n<p>R\u00f8dt og gult lys er ideelle natlysfarver til s\u00f8vn, fordi de er beroligende og behagelige nuancer, der hj\u00e6lper med at fremme afslappende s\u00f8vn. Man mener, at farver t\u00e6t p\u00e5 r\u00f8d i spektret fremmer melatoninsyntesen. R\u00f8dt lys er den mest \u00f8nskv\u00e6rdige farve til s\u00f8vn, fordi det har en lavere farvetemperatur end normalt sollys. Med sin lavere farvetemperatur og det faktum, at vores hjerner ikke reagerer s\u00e5 kraftigt p\u00e5 dens b\u00f8lgel\u00e6ngde, er r\u00f8dt lys ideelt til overgangen fra dag til nat uden at forstyrre s\u00f8vncyklussen.<\/p>\n\n\n\n<p><strong>AMBER LIGHT: <\/strong>Ravfarvet lys fremmer melatoninproduktionen og f\u00e5r os til at f\u00f8le os mere afslappede. N\u00e5r vi bruger ravfarvet LED-belysning i vores hjem, beskytter det vores \u00f8jne mod skadeligt bl\u00e5t lys og g\u00f8r det lettere for os at falde i s\u00f8vn. Ravfarvet lys svarer til den ravfarvede b\u00f8lgel\u00e6ngde i stearinlys og er en meget afslappende farve, der kan hj\u00e6lpe dig med at falde hurtigt i s\u00f8vn.<\/p>\n\n\n\n<p><strong>R\u00d8DT LYS: <\/strong>R\u00f8dt lys er ogs\u00e5 en ideel farve til at hj\u00e6lpe med s\u00f8vnen p\u00e5 grund af dets lavere farvetemperatur og svagere respons p\u00e5 hjernens b\u00f8lgel\u00e6ngder, hvilket g\u00f8r det ideelt til overgangen fra dag til nat og hj\u00e6lper med at opretholde en god s\u00f8vncyklus.<\/p>\n\n\n\n<figure class=\"wp-block-image size-full\"><img decoding=\"async\" width=\"800\" height=\"534\" src=\"https:\/\/led.amasly.com\/wp-content\/uploads\/2025\/07\/RED-LIGHT.png\" alt=\"\" class=\"wp-image-4086\" title=\"\" srcset=\"https:\/\/led.amasly.com\/wp-content\/uploads\/2025\/07\/RED-LIGHT.png 800w, https:\/\/led.amasly.com\/wp-content\/uploads\/2025\/07\/RED-LIGHT-300x200.png 300w, https:\/\/led.amasly.com\/wp-content\/uploads\/2025\/07\/RED-LIGHT-768x513.png 768w, https:\/\/led.amasly.com\/wp-content\/uploads\/2025\/07\/RED-LIGHT-18x12.png 18w\" sizes=\"(max-width: 800px) 100vw, 800px\" \/><\/figure>\n\n\n\n<p>Langt hen ad vejen <strong>Den mest nyttige LED-lysfarve til afslappende s\u00f8vn er r\u00f8d.<\/strong>&nbsp;N\u00e5r du v\u00e6lger et r\u00f8dt LED-lys som sovelys, sikrer du, at det ikke forstyrrer din d\u00f8gnrytme. Derfor vil brug af r\u00f8dt lys et par timer f\u00f8r sengetid utvivlsomt g\u00f8re det lettere for dig at falde i s\u00f8vn. Hvis du v\u00e5gner i l\u00f8bet af natten, er r\u00f8dt lys desuden mere nyttigt til at hj\u00e6lpe dig med at falde i s\u00f8vn igen sammenlignet med bl\u00e5t eller gr\u00f8nt lys.<\/p>\n\n\n\n<p>S\u00e5 hvorfor er r\u00f8dt lys den bedste LED-lysfarve til s\u00f8vn? Det skyldes, at r\u00f8dt lys med sin l\u00e6ngere b\u00f8lgel\u00e6ngde (omkring 620-750 nanometer) har en svagere h\u00e6mmende effekt p\u00e5 melatoninudskillelsen. Mens bl\u00e5t og gr\u00f8nt lys med b\u00f8lgel\u00e6ngder mellem 450-495 nanometer og 495-570 nanometer p\u00e5virker melatoninniveauerne negativt og dermed forstyrrer s\u00f8vnm\u00f8nstrene. Videnskabelige unders\u00f8gelser har vist, at vores \u00f8jne er mest f\u00f8lsomme over for bl\u00e5t lys, hvilket g\u00f8r denne b\u00f8lgel\u00e6ngde til den mest kraftfulde faktor i forstyrrelsen af kroppens fysiologiske processer om natten.<\/p>\n\n\n\n<h2 class=\"wp-block-heading\"><strong>S\u00e5 hvad er den optimale LED-farvetemperatur for s\u00f8vn?<\/strong><strong><\/strong><\/h2>\n\n\n\n<p>Ud over at v\u00e6lge LED-p\u00e6rer i forskellige farver kan du forbedre dit indend\u00f8rs belysningsmilj\u00f8 ved at bruge hvide LED-p\u00e6rer med farvetemperaturer, der sp\u00e6nder fra varme til k\u00f8lige toner.<strong>&nbsp;Til sovemilj\u00f8er fungerer varmt gultonet LED-lys med farvetemperaturer mellem 2700K og 3500K bedst.<\/strong>&nbsp;Disse LED-lys har en lavere udstr\u00e5ling af bl\u00e5t lys, hvilket reducerer sandsynligheden for at forstyrre d\u00f8gnrytmen.<\/p>\n\n\n\n<p>F\u00f8lgende giver information om de optimale LED-farvetemperaturniveauer for forskellige s\u00f8vnrelaterede milj\u00f8er:<\/p>\n\n\n\n<p>2700K - 3500K, afslapningszone ved sengetid, 9\/10 (mest befordrende for s\u00f8vn)<\/p>\n\n\n\n<p>2700K - 3500K, kernebelysning i sovev\u00e6relse, 10\/10<\/p>\n\n\n\n<p>4000K - 5000K, wake region, 5\/10 (kan forsinke melatoninscore)<\/p>\n\n\n\n<figure class=\"wp-block-image size-full\"><img decoding=\"async\" width=\"800\" height=\"600\" src=\"https:\/\/led.amasly.com\/wp-content\/uploads\/2025\/07\/sleep-LED-color-temperature.png\" alt=\"\" class=\"wp-image-4087\" title=\"\" srcset=\"https:\/\/led.amasly.com\/wp-content\/uploads\/2025\/07\/sleep-LED-color-temperature.png 800w, https:\/\/led.amasly.com\/wp-content\/uploads\/2025\/07\/sleep-LED-color-temperature-300x225.png 300w, https:\/\/led.amasly.com\/wp-content\/uploads\/2025\/07\/sleep-LED-color-temperature-768x576.png 768w, https:\/\/led.amasly.com\/wp-content\/uploads\/2025\/07\/sleep-LED-color-temperature-16x12.png 16w\" sizes=\"(max-width: 800px) 100vw, 800px\" \/><\/figure>\n\n\n\n<h2 class=\"wp-block-heading\"><strong>V\u00e6lg den rigtige LED-lysfarve til forskellige rum<\/strong><strong><\/strong><\/h2>\n\n\n\n<p><strong>SOVEV\u00c6RELSE: <\/strong>R\u00f8de eller gule LED-lys er de bedste LED-lys til s\u00f8vnhj\u00e6lp. De passer ind i kroppens naturlige s\u00f8vncyklus og skaber et fredeligt milj\u00f8, der hj\u00e6lper dig med at sove.<\/p>\n\n\n\n<p><strong>Kontor og stue: <\/strong>Selvom disse to steder ikke er ideelle steder at sove, kan belysning med justerbare farvetemperaturer hj\u00e6lpe med overgangen fra en aktiv til en afslappet tilstand. Brug af ravfarvet belysning om natten kan hj\u00e6lpe med at forberede kroppen p\u00e5 at sove.<\/p>\n\n\n\n<p><strong>V\u00e6relser til sp\u00e6db\u00f8rn og sm\u00e5b\u00f8rn: <\/strong>Bl\u00f8de r\u00f8de, gule eller lyser\u00f8de natlamper anbefales til sp\u00e6db\u00f8rn og b\u00f8rn, da disse farver fremmer afslapning uden at forstyrre s\u00f8vn-opv\u00e5gningscyklussen.<\/p>\n\n\n\n<p><strong>V\u00e5genhed: <\/strong>Lysere lys som hvidt eller lysebl\u00e5t kan bruges om morgenen for at \u00f8ge \u00e5rv\u00e5genheden og fort\u00e6lle kroppen, at det er tid til at st\u00e5 op.<\/p>\n\n\n\n<p>For at tilpasse LED-belysning til forskellige lejligheder er RGB LED-lys et fremragende valg. Disse farveskiftende p\u00e6rer\/strips pr\u00e6senterer en bred vifte af farver gennem en kombination af r\u00f8de, gr\u00f8nne og bl\u00e5 prim\u00e6rfarver. Den bedste s\u00f8vnhj\u00e6lpende belysning er LED-lys med justerbar farvetemperatur, som giver dig mulighed for at styre spektret af hvidt lys, s\u00e5 det passer til forskellige aktivitetsbehov.<\/p>\n\n\n\n<h2 class=\"wp-block-heading\"><strong>Ofte stillede sp\u00f8rgsm\u00e5l<\/strong><strong><\/strong><\/h2>\n\n\n\n<p><strong>Q: Er det bl\u00e5 lys i LED-lys d\u00e5rligt for mine \u00f8jne?<\/strong><\/p>\n\n\n\n<p><strong>A: <\/strong>N\u00e5r mennesker uds\u00e6ttes for h\u00f8jintensivt bl\u00e5t lys, oplever de abnormiteter i farvesynet og har ogs\u00e5 problemer med bl\u00e6nding. Men intensiteten af bl\u00e5t lys fra LED-lys, der bruges i hjemmet, n\u00e5r generelt ikke op p\u00e5 niveauer, der er skadelige for \u00f8jnene.<\/p>\n\n\n\n<p><strong>Q: Hvilken farve LED-lys er den st\u00e6rkeste?<\/strong><br><strong>&nbsp;A: <\/strong>Det menneskelige \u00f8je er mere f\u00f8lsomt over for farver med korte b\u00f8lgel\u00e6ngder (som bl\u00e5) ved samme lysstyrke. Derfor har k\u00f8ligere farvet lys en tendens til at se lidt lysere ud.<\/p>\n\n\n\n<p><strong>Q: Hvor g\u00e6lder varmt og k\u00f8ligt lys?<\/strong><br><strong>&nbsp;A: <\/strong>I boligomr\u00e5der foretr\u00e6kkes varmt hvidt lys for at skabe et afslappende milj\u00f8. P\u00e5 steder, hvor der kr\u00e6ves opm\u00e6rksomhed og visuel klarhed, f.eks. p\u00e5 arbejdspladser og stationer, er det vigtigt at bruge k\u00f8ligt lys.<\/p>\n\n\n\n<h2 class=\"wp-block-heading\"><strong>Sammenfatning<\/strong><\/h2>\n\n\n\n<p class=\"has-text-align-left\">Det er afg\u00f8rende at forst\u00e5 forholdet mellem lys og s\u00f8vn og skabe et milj\u00f8, der hj\u00e6lper dig med at sove. At v\u00e6lge den rigtige farve LED-lys, f.eks. r\u00f8de p\u00e6rer til s\u00f8vnhj\u00e6lpemidler, kan i h\u00f8j grad forbedre kvaliteten af din s\u00f8vn.<\/p>\n\n\n\n<div class=\"wp-block-uagb-container uagb-block-c7d898dd alignfull uagb-is-root-container\"><div class=\"uagb-container-inner-blocks-wrap\"><\/div><\/div>\n\n\n\n<h2 class=\"wp-block-heading\">Relaterede produkter<\/h2>\n\n\n\n<div class=\"wp-block-uagb-container uagb-block-66e4defc alignfull uagb-is-root-container\"><div class=\"uagb-container-inner-blocks-wrap\">\n<div class=\"wp-block-uagb-container uagb-block-a42945f9\">\n<div class=\"wp-block-uagb-image uagb-block-7296296b wp-block-uagb-image--layout-default wp-block-uagb-image--effect-static wp-block-uagb-image--align-none\"><figure class=\"wp-block-uagb-image__figure\"><a class=\"\" href=\"https:\/\/led.amasly.com\/da\/produkter\/\" target=\"\" rel=\"noopener\"><img decoding=\"async\" srcset=\"https:\/\/led.amasly.com\/wp-content\/uploads\/2024\/09\/Explosion-proof-high-bay-lights.png ,https:\/\/led.amasly.com\/wp-content\/uploads\/2024\/09\/Explosion-proof-high-bay-lights.png 780w, https:\/\/led.amasly.com\/wp-content\/uploads\/2024\/09\/Explosion-proof-high-bay-lights.png 360w\" sizes=\"auto, (max-width: 480px) 150px\" src=\"https:\/\/led.amasly.com\/wp-content\/uploads\/2024\/09\/Explosion-proof-high-bay-lights.png\" alt=\"\" class=\"uag-image-1495\" width=\"300\" height=\"300\" title=\"Eksplosionssikre high bay-lys\" loading=\"lazy\" role=\"img\"><\/a><\/figure><\/div>\n<\/div>\n\n\n\n<div class=\"wp-block-uagb-container uagb-block-4d3efde5\">\n<div class=\"wp-block-uagb-image uagb-block-c9e90797 wp-block-uagb-image--layout-default wp-block-uagb-image--effect-static wp-block-uagb-image--align-none\"><figure class=\"wp-block-uagb-image__figure\"><a class=\"\" href=\"https:\/\/led.amasly.com\/da\/produkter\/\" target=\"\" rel=\"noopener\"><img decoding=\"async\" srcset=\"https:\/\/led.amasly.com\/wp-content\/uploads\/2024\/07\/LED-tri-proof-lights2.png ,https:\/\/led.amasly.com\/wp-content\/uploads\/2024\/07\/LED-tri-proof-lights2.png 780w, https:\/\/led.amasly.com\/wp-content\/uploads\/2024\/07\/LED-tri-proof-lights2.png 360w\" sizes=\"auto, (max-width: 480px) 150px\" src=\"https:\/\/led.amasly.com\/wp-content\/uploads\/2024\/07\/LED-tri-proof-lights2.png\" alt=\"\" class=\"uag-image-1132\" width=\"300\" height=\"300\" title=\"LED-tri-proof-lys2\" loading=\"lazy\" role=\"img\"><\/a><\/figure><\/div>\n<\/div>\n\n\n\n<div class=\"wp-block-uagb-container uagb-block-11c2578b\">\n<div class=\"wp-block-uagb-image uagb-block-6e8883aa wp-block-uagb-image--layout-default wp-block-uagb-image--effect-static wp-block-uagb-image--align-none\"><figure class=\"wp-block-uagb-image__figure\"><a class=\"\" href=\"https:\/\/led.amasly.com\/da\/produkter\/\" target=\"\" rel=\"noopener\"><img decoding=\"async\" srcset=\"https:\/\/led.amasly.com\/wp-content\/uploads\/2024\/09\/LED-Explosion-Proof-Gas-Station-Light.png ,https:\/\/led.amasly.com\/wp-content\/uploads\/2024\/09\/LED-Explosion-Proof-Gas-Station-Light.png 780w, https:\/\/led.amasly.com\/wp-content\/uploads\/2024\/09\/LED-Explosion-Proof-Gas-Station-Light.png 360w\" sizes=\"auto, (max-width: 480px) 150px\" src=\"https:\/\/led.amasly.com\/wp-content\/uploads\/2024\/09\/LED-Explosion-Proof-Gas-Station-Light.png\" alt=\"\" class=\"uag-image-1501\" width=\"300\" height=\"300\" title=\"LED-eksplosionssikkert tankstationslys\" loading=\"lazy\" role=\"img\"><\/a><\/figure><\/div>\n<\/div>\n<\/div><\/div>\n\n\n\n<div class=\"wp-block-uagb-container uagb-block-548945b5 alignfull uagb-is-root-container\"><div class=\"uagb-container-inner-blocks-wrap\">\n<div class=\"wp-block-uagb-container uagb-block-967755d5\">\n<h4 class=\"wp-block-heading has-text-align-center\"><a href=\"https:\/\/led.amasly.com\/da\/produkter\/\">LED-eksplosionssikre lamper<\/a><\/h4>\n<\/div>\n\n\n\n<div class=\"wp-block-uagb-container uagb-block-9bc52fc2\">\n<h4 class=\"wp-block-heading has-text-align-center\"><a href=\"https:\/\/led.amasly.com\/da\/produkter\/\">LED Tri-Proof-lys<\/a><\/h4>\n<\/div>\n\n\n\n<div class=\"wp-block-uagb-container uagb-block-8ffa0a23\">\n<h4 class=\"wp-block-heading has-text-align-center\"><a href=\"https:\/\/led.amasly.com\/da\/produkter\/\">Eksplosionssikre lamper til tankstationer<\/a><\/h4>\n<\/div>\n<\/div><\/div>\n\n\n\n<div class=\"wp-block-uagb-container uagb-block-29499fe0 alignfull uagb-is-root-container\"><div class=\"uagb-container-inner-blocks-wrap\">\n<div class=\"wp-block-uagb-container uagb-block-777ee1c7\">\n<div class=\"wp-block-uagb-image uagb-block-2e9a1851 wp-block-uagb-image--layout-default wp-block-uagb-image--effect-static wp-block-uagb-image--align-none\"><figure class=\"wp-block-uagb-image__figure\"><a class=\"\" href=\"https:\/\/led.amasly.com\/da\/produkter\/\" target=\"\" rel=\"noopener\"><img decoding=\"async\" srcset=\"https:\/\/led.amasly.com\/wp-content\/uploads\/2024\/10\/50W-100W-150W-200W-300W-LED-Flood-Light.jpg ,https:\/\/led.amasly.com\/wp-content\/uploads\/2024\/10\/50W-100W-150W-200W-300W-LED-Flood-Light.jpg 780w, https:\/\/led.amasly.com\/wp-content\/uploads\/2024\/10\/50W-100W-150W-200W-300W-LED-Flood-Light.jpg 360w\" sizes=\"auto, (max-width: 480px) 150px\" src=\"https:\/\/led.amasly.com\/wp-content\/uploads\/2024\/10\/50W-100W-150W-200W-300W-LED-Flood-Light.jpg\" alt=\"\" class=\"uag-image-1526\" width=\"300\" height=\"300\" title=\"50W 100W 150W 200W 300W LED-oversv\u00f8mmelseslys\" loading=\"lazy\" role=\"img\"><\/a><\/figure><\/div>\n<\/div>\n\n\n\n<div class=\"wp-block-uagb-container uagb-block-af8c8683\">\n<div class=\"wp-block-uagb-image uagb-block-67947854 wp-block-uagb-image--layout-default wp-block-uagb-image--effect-static wp-block-uagb-image--align-none\"><figure class=\"wp-block-uagb-image__figure\"><a class=\"\" href=\"https:\/\/led.amasly.com\/da\/produkter\/\" target=\"\" rel=\"noopener\"><img decoding=\"async\" srcset=\"https:\/\/led.amasly.com\/wp-content\/uploads\/2024\/07\/led-tri-proof-light.png ,https:\/\/led.amasly.com\/wp-content\/uploads\/2024\/07\/led-tri-proof-light.png 780w, https:\/\/led.amasly.com\/wp-content\/uploads\/2024\/07\/led-tri-proof-light.png 360w\" sizes=\"auto, (max-width: 480px) 150px\" src=\"https:\/\/led.amasly.com\/wp-content\/uploads\/2024\/07\/led-tri-proof-light.png\" alt=\"\" class=\"uag-image-1130\" width=\"300\" height=\"300\" title=\"led-tri-proof-lys\" loading=\"lazy\" role=\"img\"><\/a><\/figure><\/div>\n<\/div>\n\n\n\n<div class=\"wp-block-uagb-container uagb-block-0fdfdd58\">\n<div class=\"wp-block-uagb-image uagb-block-1187d32d wp-block-uagb-image--layout-default wp-block-uagb-image--effect-static wp-block-uagb-image--align-none\"><figure class=\"wp-block-uagb-image__figure\"><a class=\"\" href=\"https:\/\/led.amasly.com\/da\/produkter\/\" target=\"\" rel=\"noopener\"><img decoding=\"async\" srcset=\"https:\/\/led.amasly.com\/wp-content\/uploads\/2024\/07\/LED-street-light.jpg ,https:\/\/led.amasly.com\/wp-content\/uploads\/2024\/07\/LED-street-light.jpg 780w, https:\/\/led.amasly.com\/wp-content\/uploads\/2024\/07\/LED-street-light.jpg 360w\" sizes=\"auto, (max-width: 480px) 150px\" src=\"https:\/\/led.amasly.com\/wp-content\/uploads\/2024\/07\/LED-street-light.jpg\" alt=\"\" class=\"uag-image-1145\" width=\"300\" height=\"300\" title=\"LED-gadebelysning\" loading=\"lazy\" role=\"img\"><\/a><\/figure><\/div>\n<\/div>\n<\/div><\/div>\n\n\n\n<div class=\"wp-block-uagb-container uagb-block-6a60882c alignfull uagb-is-root-container\"><div class=\"uagb-container-inner-blocks-wrap\">\n<div class=\"wp-block-uagb-container uagb-block-f1e91a35\">\n<h4 class=\"wp-block-heading has-text-align-center\"><a href=\"https:\/\/led.amasly.com\/da\/produkter\/\">LED-oversv\u00f8mmelseslys<\/a><\/h4>\n<\/div>\n\n\n\n<div class=\"wp-block-uagb-container uagb-block-165bfa58\">\n<h4 class=\"wp-block-heading has-text-align-center\"><a href=\"https:\/\/led.amasly.com\/da\/produkter\/\">LED Tri-Proof lysr\u00f8r<\/a><\/h4>\n<\/div>\n\n\n\n<div class=\"wp-block-uagb-container uagb-block-f6096e3b\">\n<h4 class=\"wp-block-heading has-text-align-center\"><a href=\"https:\/\/led.amasly.com\/da\/produkter\/\">LED-gadelys<\/a><\/h4>\n<\/div>\n<\/div><\/div>\n\n\n\n<div class=\"wp-block-uagb-container uagb-block-99c0e0a5 alignfull uagb-is-root-container\"><div class=\"uagb-container-inner-blocks-wrap\"><\/div><\/div>\n\n\n\n<p><\/p>","protected":false},"excerpt":{"rendered":"<p>Which color LED light is best for sleeping? We often see advice that reminds us to stay away from bright colors near bedtime. The truth is that certain colors of light do help with sleep. This is because the hormone melatonin plays a crucial role in our body&#8217;s sleep cycle. So how exactly does light [&hellip;]<\/p>\n","protected":false},"author":1,"featured_media":0,"parent":2984,"menu_order":0,"comment_status":"closed","ping_status":"closed","template":"","meta":{"_uag_custom_page_level_css":"","site-sidebar-layout":"no-sidebar","site-content-layout":"","ast-site-content-layout":"default","site-content-style":"default","site-sidebar-style":"default","ast-global-header-display":"","ast-banner-title-visibility":"","ast-main-header-display":"","ast-hfb-above-header-display":"","ast-hfb-below-header-display":"","ast-hfb-mobile-header-display":"","site-post-title":"disabled","ast-breadcrumbs-content":"","ast-featured-img":"","footer-sml-layout":"","ast-disable-related-posts":"","theme-transparent-header-meta":"enabled","adv-header-id-meta":"","stick-header-meta":"","header-above-stick-meta":"","header-main-stick-meta":"","header-below-stick-meta":"","astra-migrate-meta-layouts":"set","ast-page-background-enabled":"default","ast-page-background-meta":{"desktop":{"background-color":"var(--ast-global-color-4)","background-image":"","background-repeat":"repeat","background-position":"center center","background-size":"auto","background-attachment":"scroll","background-type":"","background-media":"","overlay-type":"","overlay-color":"","overlay-opacity":"","overlay-gradient":""},"tablet":{"background-color":"","background-image":"","background-repeat":"repeat","background-position":"center center","background-size":"auto","background-attachment":"scroll","background-type":"","background-media":"","overlay-type":"","overlay-color":"","overlay-opacity":"","overlay-gradient":""},"mobile":{"background-color":"","background-image":"","background-repeat":"repeat","background-position":"center center","background-size":"auto","background-attachment":"scroll","background-type":"","background-media":"","overlay-type":"","overlay-color":"","overlay-opacity":"","overlay-gradient":""}},"ast-content-background-meta":{"desktop":{"background-color":"var(--ast-global-color-5)","background-image":"","background-repeat":"repeat","background-position":"center center","background-size":"auto","background-attachment":"scroll","background-type":"","background-media":"","overlay-type":"","overlay-color":"","overlay-opacity":"","overlay-gradient":""},"tablet":{"background-color":"var(--ast-global-color-5)","background-image":"","background-repeat":"repeat","background-position":"center center","background-size":"auto","background-attachment":"scroll","background-type":"","background-media":"","overlay-type":"","overlay-color":"","overlay-opacity":"","overlay-gradient":""},"mobile":{"background-color":"var(--ast-global-color-5)","background-image":"","background-repeat":"repeat","background-position":"center center","background-size":"auto","background-attachment":"scroll","background-type":"","background-media":"","overlay-type":"","overlay-color":"","overlay-opacity":"","overlay-gradient":""}},"footnotes":""},"class_list":["post-4077","page","type-page","status-publish","hentry"],"uagb_featured_image_src":{"full":false,"thumbnail":false,"medium":false,"medium_large":false,"large":false,"1536x1536":false,"2048x2048":false,"trp-custom-language-flag":false},"uagb_author_info":{"display_name":"Joe","author_link":"https:\/\/led.amasly.com\/da\/author\/jacklin\/"},"uagb_comment_info":0,"uagb_excerpt":"Which color LED light is best for sleeping? We often see advice that reminds us to stay away from bright colors near bedtime. The truth is that certain colors of light do help with sleep. This is because the hormone melatonin plays a crucial role in our body&#8217;s sleep cycle. So how exactly does light&hellip;","_links":{"self":[{"href":"https:\/\/led.amasly.com\/da\/wp-json\/wp\/v2\/pages\/4077","targetHints":{"allow":["GET"]}}],"collection":[{"href":"https:\/\/led.amasly.com\/da\/wp-json\/wp\/v2\/pages"}],"about":[{"href":"https:\/\/led.amasly.com\/da\/wp-json\/wp\/v2\/types\/page"}],"author":[{"embeddable":true,"href":"https:\/\/led.amasly.com\/da\/wp-json\/wp\/v2\/users\/1"}],"replies":[{"embeddable":true,"href":"https:\/\/led.amasly.com\/da\/wp-json\/wp\/v2\/comments?post=4077"}],"version-history":[{"count":1,"href":"https:\/\/led.amasly.com\/da\/wp-json\/wp\/v2\/pages\/4077\/revisions"}],"predecessor-version":[{"id":4088,"href":"https:\/\/led.amasly.com\/da\/wp-json\/wp\/v2\/pages\/4077\/revisions\/4088"}],"up":[{"embeddable":true,"href":"https:\/\/led.amasly.com\/da\/wp-json\/wp\/v2\/pages\/2984"}],"wp:attachment":[{"href":"https:\/\/led.amasly.com\/da\/wp-json\/wp\/v2\/media?parent=4077"}],"curies":[{"name":"wp","href":"https:\/\/api.w.org\/{rel}","templated":true}]}}