{"id":4076,"date":"2025-07-05T15:48:09","date_gmt":"2025-07-05T07:48:09","guid":{"rendered":"https:\/\/led.amasly.com\/?page_id=4076"},"modified":"2025-07-05T15:48:14","modified_gmt":"2025-07-05T07:48:14","slug":"led-lys-lyser-ikke-almindelige-arsager-og-losninger","status":"publish","type":"page","link":"https:\/\/led.amasly.com\/da\/viden\/viden-om-led-lys\/led-lys-lyser-ikke-almindelige-arsager-og-losninger\/","title":{"rendered":"LED-lamper lyser ikke op? Almindelige \u00e5rsager og l\u00f8sninger"},"content":{"rendered":"<div class=\"wp-block-uagb-container uagb-block-27bae773 alignfull uagb-is-root-container\"><div class=\"uagb-container-inner-blocks-wrap\"><\/div><\/div>\n\n\n\n<h1 class=\"wp-block-heading has-text-align-center\"><strong>LED-lamper lyser ikke op? Almindelige \u00e5rsager og l\u00f8sninger<\/strong><strong><\/strong><\/h1>\n\n\n\n<figure class=\"wp-block-image aligncenter size-full\"><img decoding=\"async\" width=\"675\" height=\"661\" src=\"https:\/\/led.amasly.com\/wp-content\/uploads\/2025\/07\/LED-bulbs.png\" alt=\"\" class=\"wp-image-4089\" title=\"\" srcset=\"https:\/\/led.amasly.com\/wp-content\/uploads\/2025\/07\/LED-bulbs.png 675w, https:\/\/led.amasly.com\/wp-content\/uploads\/2025\/07\/LED-bulbs-300x294.png 300w, https:\/\/led.amasly.com\/wp-content\/uploads\/2025\/07\/LED-bulbs-12x12.png 12w\" sizes=\"(max-width: 675px) 100vw, 675px\" \/><\/figure>\n\n\n\n<p>N\u00e5r et LED-lys pludselig holder op med at virke, er din f\u00f8rste reaktion s\u00e5 ikke bare at k\u00f8be et nyt? Men nogle gange ligger problemet ikke kun i selve LED-lyset. I denne artikel analyserer vi f\u00f8lgende \u00e5rsager til og l\u00f8sninger p\u00e5 LED-fejl. N\u00e5r du har l\u00e6st denne artikel, vil du v\u00e6re udstyret med praktiske tips til selv at kunne l\u00f8se problemet med LED-lamper, der ikke virker!<\/p>\n\n\n\n<p><strong>LED-lys har str\u00f8m, men lyser slet ikke; nogle LED'er lyser, mens resten ikke g\u00f8r; flimrende problem for\u00e5rsager ustabil lyseffekt; LED'er udsender stadig svagt lys, selv efter at de er slukket; overophedningsproblem kan forkorte LED'ernes levetid; LED-lys har str\u00f8m, men lyser ikke.<\/strong><\/p>\n\n\n\n<p><strong>Byt om p\u00e5 de positive og negative terminaler p\u00e5 LED-lamperne: <\/strong>Generelt er den sp\u00e6nding, der m\u00e5les efter vending, den ubelastede sp\u00e6nding. Hvis det er tilf\u00e6ldet, skal du blot tilslutte LED-lygternes positive og negative poler igen.<\/p>\n\n\n\n<p><strong>Udgangskablet er ikke tilsluttet korrekt: <\/strong>Dette svarer til et \u00e5bent kredsl\u00f8b i LED'en, og den m\u00e5lte sp\u00e6nding vil vise ubelastet sp\u00e6nding. Du bliver n\u00f8dt til at tilslutte udgangene igen.<\/p>\n\n\n\n<p><strong>Uoverensstemmelse mellem faktisk belastning og udgangseffekt: <\/strong>Hvis den faktiske effekt er h\u00f8jere eller lavere end den nominelle effekt, kan LED-driverkredsl\u00f8bet g\u00e5 i stykker.<\/p>\n\n\n\n<p><strong>Kortslutning eller \u00e5bent kredsl\u00f8b: <\/strong>vil dette medf\u00f8re, at lysdioderne ikke lyser. I dette tilf\u00e6lde skal du kontakte en professionel for at reparere kredsl\u00f8bet.<\/p>\n\n\n\n<p><strong>Beskadigede LED-kugler: <\/strong>Med tiden kan LED-kugler br\u00e6nde ud ligesom alle andre elektroniske komponenter. Hvis problemet ikke er str\u00f8mforsyningen eller kredsl\u00f8bet, skal du tjekke, om perlen er beskadiget. En m\u00e5de at g\u00f8re det p\u00e5 er at udf\u00f8re en \u201csammenligningstest\u201d, hvor den formodede defekte perle sammenlignes med en normal.<\/p>\n\n\n\n<p><strong>Driver- eller kondensatorproblem: <\/strong>Hvis driveren eller kondensatoren ikke er kompatibel med LED'erne, vil LED'erne ikke fungere korrekt. En anden mulighed er en defekt kondensator eller LED-driver. Hvis driveren fejler, kan dens udgangssp\u00e6nding ofte ikke opfylde lampens kr\u00e6vede udgangssp\u00e6nding. Hvis kondensatoren svigter, kan der v\u00e6re buler, elektrolytl\u00e6kage eller br\u00e6ndem\u00e6rker p\u00e5 overfladen. Desuden vil kapacitansv\u00e6rdien ikke v\u00e6re inden for det nominelle omr\u00e5de. I s\u00e5 fald skal du udskifte driveren eller kondensatoren. N\u00e5r du udskifter driveren, skal du v\u00e6lge en str\u00f8mforsyning, der passer til LED'erne. N\u00e5r du udskifter kondensatoren, skal du v\u00e6lge en kondensator med de samme specifikationer som den originale eller en h\u00f8jere sp\u00e6ndingsv\u00e6rdi.<\/p>\n\n\n\n<figure class=\"wp-block-image size-full\"><img decoding=\"async\" width=\"788\" height=\"442\" src=\"https:\/\/led.amasly.com\/wp-content\/uploads\/2025\/07\/LED.png\" alt=\"\" class=\"wp-image-4090\" title=\"\" srcset=\"https:\/\/led.amasly.com\/wp-content\/uploads\/2025\/07\/LED.png 788w, https:\/\/led.amasly.com\/wp-content\/uploads\/2025\/07\/LED-300x168.png 300w, https:\/\/led.amasly.com\/wp-content\/uploads\/2025\/07\/LED-768x431.png 768w, https:\/\/led.amasly.com\/wp-content\/uploads\/2025\/07\/LED-18x10.png 18w\" sizes=\"(max-width: 788px) 100vw, 788px\" \/><\/figure>\n\n\n\n<h2 class=\"wp-block-heading\"><strong>Hvorfor lyser kun halvdelen af mine LED'er?<\/strong><strong><\/strong><\/h2>\n\n\n\n<p>Hvis en enkelt perle i et LED-lysmodul g\u00e5r i stykker, p\u00e5virker det ikke de andre perler, men lyset bliver svagere. Almindelige \u00e5rsager til fejl i lampeperler er bl.a:<\/p>\n\n\n\n<p><strong>Fugt: <\/strong>Fugtige LED-kugler kan ikke t\u00e6ndes eller er ikke lyse nok. Dette er et almindeligt opbevaringsproblem for LED-lysperler. Producenterne hj\u00e6lper normalt kunderne med at bage perlerne to gange, f\u00f8r de bruges igen.<\/p>\n\n\n\n<p><strong>SKADE: <\/strong>Udbr\u00e6ndte lampekugler vil have sorte pletter p\u00e5 overfladen. Hvis kun en eller to lampekugler er beskadiget, kan du bestille den samme type lampekugle til udskiftning. Hvis et st\u00f8rre antal lampekugler er beskadiget, skal hele lampepladen udskiftes.<\/p>\n\n\n\n<p>LED-lysb\u00e5nd er normalt opdelt i et antal segmenter. Lysperlerne i hvert segment er forbundet i serie, mens segmenterne er forbundet parallelt. Hvis en af lysperlerne i et segment br\u00e6nder ud, vil det f\u00e5 segmentet til at holde op med at fungere. I dette tilf\u00e6lde kan det segment, der ikke lyser, \u00e6ndres eller afsk\u00e6res.<\/p>\n\n\n\n<h2 class=\"wp-block-heading\"><strong>Hvorfor blinker mine LED'er?<\/strong><strong><\/strong><\/h2>\n\n\n\n<p>Hvis specifikationerne for LED'erne og driveren ikke stemmer overens, kan p\u00e6ren muligvis ikke modst\u00e5 den h\u00f8je str\u00f8m, hvilket resulterer i flimrende lys. Hvordan l\u00f8ser man problemet med flimrende LED-lys p\u00e5 grund af kompatibilitetsproblemer? Udskift lampen med en passende driver.<\/p>\n\n\n\n<p>LED-p\u00e6rer kan svigte efter et stykke tid, og driveren kan svigte. Udskiftning af driveren med en ny kan hj\u00e6lpe med at l\u00f8se problemet med LED-lyset.<\/p>\n\n\n\n<p>Hvis driveren har termisk beskyttelse, vil den beskytte kredsl\u00f8bet, n\u00e5r lysdioderne ikke afleder varmen godt nok. Det kan f\u00e5 lyset til at flimre. Hvis det er tilf\u00e6ldet, b\u00f8r du forbedre armaturets evne til at afgive varme ved at \u00e6ndre huset, tilf\u00f8je k\u00f8lekomponenter osv.<\/p>\n\n\n\n<p>LED-lys kan flimre, n\u00e5r de bruges i fugtige omgivelser. Med tiden kan fugtige milj\u00f8er beskadige lyset og driveren. Hvis din driver er vandt\u00e6t, kan du udskifte LED-p\u00e6ren.<\/p>\n\n\n\n<p><strong>Inkompatibilitet med lysd\u00e6mpere: <\/strong>Hvis du bruger en almindelig lysd\u00e6mper, kan den v\u00e6re inkompatibel med LED-lysene og f\u00e5 dem til at flimre. I s\u00e5 fald b\u00f8r du v\u00e6lge en lysd\u00e6mper, der er designet til LED-lys, og som normalt underst\u00f8tter laveffektarmaturer, ikke forstyrrer driveren og har et bredt justeringsomr\u00e5de.<\/p>\n\n\n\n<p><strong>Sp\u00e6ndingsudsving: <\/strong>LED-lys kan flimre, hvis de oplever hyppige sp\u00e6ndings\u00e6ndringer, eller hvis str\u00f8mforsyningen er up\u00e5lidelig. Du kan installere en sp\u00e6ndingsregulator eller v\u00e6lge en LED-driver af h\u00f8jere kvalitet.<\/p>\n\n\n\n<h2 class=\"wp-block-heading\"><strong>Hvordan h\u00e5ndterer man eftergl\u00f8den fra LED-lys?<\/strong><strong><\/strong><\/h2>\n\n\n\n<p>F\u00e6nomenet LED-eftergl\u00f8d refererer til det faktum, at LED-lyset stadig udsender et svagt lys, n\u00e5r det er slukket. \u00c5rsagerne til og l\u00f8sningerne p\u00e5 LED-eftergl\u00f8d er som f\u00f8lger:<\/p>\n\n\n\n<p>En almindelig \u00e5rsag er en kontakt, der er tilsluttet forkert. Afbryderen skal styre ildledningen, ikke nulledningen. N\u00e5r kontakten er slukket, udsender armaturet, der er tilsluttet ildledningen, et svagt lys. L\u00f8sningen er at \u00e6ndre ledningerne, s\u00e5 kontakten styrer ildledningen.<\/p>\n\n\n\n<p>Nogle LED-lys er fremstillet af billige komponenter, som kan v\u00e6re problematiske. For eksempel bruger nogle armaturer drivere af d\u00e5rlig kvalitet, som kan l\u00e6kke, hvilket f\u00e5r lyset til at flimre eller forblive t\u00e6ndt, efter at det er slukket. Desuden kan kobberbelagte substrater og kapacitive effekter udl\u00f8se lysl\u00e6kage. Du skal k\u00f8be nye armaturer med garanteret kvalitet.<\/p>\n\n\n\n<p>Nogle LED-lys er udstyret med en elektronisk kontakt med en indikatorlampe. Selv om kontakten er slukket, kan disse lamper forblive t\u00e6ndt, fordi der stadig flyder en lille m\u00e6ngde str\u00f8m gennem kontakten. To mulige l\u00f8sninger er at udskifte kontakten eller placere en modstand parallelt med de indg\u00e5ende ledninger til armaturet.<\/p>\n\n\n\n<h2 class=\"wp-block-heading\"><strong>Hvordan h\u00e5ndterer man problemet med overophedning af LED-lys?<\/strong><strong><\/strong><\/h2>\n\n\n\n<p>LED-lys kan blive overophedet af en r\u00e6kke \u00e5rsager, herunder d\u00e5rligt design, h\u00f8je temperaturer og andre faktorer. Her er nogle aspekter, som du kan overveje for at l\u00f8se problemet med overophedning af LED-lys:<\/p>\n\n\n\n<p>F\u00f8rst skal du optimere varmeafledningsdesignet. N\u00e5r du k\u00f8ber LED-lys, kan du v\u00e6lge produkter med overlegent varmeafledningsdesign, f.eks. dem med k\u00f8leplader i aluminiumslegering og store varmeafledningshuller. Under installationen skal du holde en vis afstand mellem lyset og v\u00e6ggen eller andre genstande for at hj\u00e6lpe med at sprede varmen. Varmeafledningsdesign er is\u00e6r vigtigt for udend\u00f8rs LED-lys (f.eks. LED-gadelys).<\/p>\n\n\n\n<p>Dern\u00e6st skal du kontrollere den omgivende temperatur. N\u00e5r du installerer LED-lys, s\u00e5 pr\u00f8v at undg\u00e5 at placere dem i direkte sollys eller varme lukkede rum. Hvis temperaturen er for h\u00f8j, s\u00e5 pr\u00f8v at bruge k\u00f8leapparater som klimaanl\u00e6g eller ventilatorer til at s\u00e6nke temperaturen.<\/p>\n\n\n\n<p>Desuden er regelm\u00e6ssig reng\u00f8ring af lamper en effektiv strategi til at reducere varmeudviklingen. St\u00f8v og snavs p\u00e5 armaturets overflade reducerer effektiviteten af varmeafledningen, s\u00e5 det er n\u00f8dvendigt at reng\u00f8re armaturet.<\/p>\n\n\n\n<h2 class=\"wp-block-heading\"><strong>Hvordan nulstiller jeg lysdioderne?<\/strong><strong><\/strong><\/h2>\n\n\n\n<p>LED-strip-controllere har normalt en reset-knap. N\u00e5r du har trykket p\u00e5 reset-knappen og holdt den nede i 5-10 sekunder, begynder LED'erne at blinke. Efter nulstilling vender LED-strippen tilbage til sin oprindelige farve. En anden nulstillingsmetode er at afbryde str\u00f8mforsyningen og vente i 10-15 sekunder, f\u00f8r du tilslutter den igen.<\/p>\n\n\n\n<p>For smarte LED-p\u00e6rer kan du nulstille dem i den relevante app. Da forskellige m\u00e6rker af p\u00e6rer kan have forskellige nulstillingsmetoder, b\u00f8r du l\u00e6se manualen for detaljer.<\/p>\n\n\n\n<figure class=\"wp-block-image size-large\"><img decoding=\"async\" width=\"1024\" height=\"836\" src=\"https:\/\/led.amasly.com\/wp-content\/uploads\/2025\/07\/LED-lights-1024x836.png\" alt=\"\" class=\"wp-image-4091\" title=\"\" srcset=\"https:\/\/led.amasly.com\/wp-content\/uploads\/2025\/07\/LED-lights-1024x836.png 1024w, https:\/\/led.amasly.com\/wp-content\/uploads\/2025\/07\/LED-lights-300x245.png 300w, https:\/\/led.amasly.com\/wp-content\/uploads\/2025\/07\/LED-lights-768x627.png 768w, https:\/\/led.amasly.com\/wp-content\/uploads\/2025\/07\/LED-lights-15x12.png 15w, https:\/\/led.amasly.com\/wp-content\/uploads\/2025\/07\/LED-lights.png 1080w\" sizes=\"(max-width: 1024px) 100vw, 1024px\" \/><\/figure>\n\n\n\n<p><strong>Ofte stillede sp\u00f8rgsm\u00e5l<\/strong><strong><\/strong><\/p>\n\n\n\n<p><strong>Q: Hvordan fejlfinder jeg LED-lys?<\/strong><\/p>\n\n\n\n<p><strong>A: <\/strong>N\u00e5r dine LED-lys ikke virker, skal du f\u00f8rst tjekke str\u00f8mforbindelsen. Tjek p\u00e6ren for misfarvning og eventuelle fysiske skader. For at forts\u00e6tte fejlfindingen kan du teste p\u00e6ren ved at tilslutte den til et andet armatur og derefter k\u00f8be en ny p\u00e6re for at bekr\u00e6fte problemet.<\/p>\n\n\n\n<p><strong>Q: Hvordan ved jeg, om mine LED'er er br\u00e6ndt ud?<\/strong><\/p>\n\n\n\n<p><strong>A: <\/strong>N\u00e5r en LED-p\u00e6re svigter, holder den enten helt op med at lyse eller ser ud til at flimre med mellemrum, og der vil v\u00e6re synlige br\u00e6ndte omr\u00e5der p\u00e5 overfladen. Du kan ogs\u00e5 bruge et multimeter til at kontrollere, at LED'en opretholder en kontinuerlig str\u00f8m. Hvis p\u00e6ren ikke klarer disse kontroller, er den sandsynligvis br\u00e6ndt ud.<\/p>\n\n\n\n<p><strong>Q: Hvorfor g\u00e5r LED-lys hele tiden i stykker?<\/strong><\/p>\n\n\n\n<p><strong>A: <\/strong>Utilstr\u00e6kkelig termisk kontrol af LED-lamper kan f\u00f8re til overophedning af systemet og fremskyndet \u00e6ldning af produktet. LED-lamper kan svigte p\u00e5 grund af unormale sp\u00e6ndingsforhold, installationsproblemer og produktionsfejl.<\/p>\n\n\n\n<h2 class=\"wp-block-heading\"><strong>Konklusion<\/strong><strong><\/strong><\/h2>\n\n\n\n<p class=\"has-text-align-left\">I ovenst\u00e5ende artikel har vi diskuteret de almindelige fejl ved LED-lys, herunder LED-lys, der ikke lyser, flimrer, eftergl\u00f8der og overophedes. Vi n\u00e6vnte ogs\u00e5 nogle nyttige tips til fejlfinding af LED-lys p\u00e5 egen h\u00e5nd. Der er dog visse operationer, som du ikke kan l\u00f8se, og hvor du stadig skal s\u00f8ge professionel hj\u00e6lp.<\/p>\n\n\n\n<div class=\"wp-block-uagb-container uagb-block-c7d898dd alignfull uagb-is-root-container\"><div class=\"uagb-container-inner-blocks-wrap\"><\/div><\/div>\n\n\n\n<h2 class=\"wp-block-heading\">Relaterede produkter<\/h2>\n\n\n\n<div class=\"wp-block-uagb-container uagb-block-66e4defc alignfull uagb-is-root-container\"><div class=\"uagb-container-inner-blocks-wrap\">\n<div class=\"wp-block-uagb-container uagb-block-a42945f9\">\n<div class=\"wp-block-uagb-image uagb-block-7296296b wp-block-uagb-image--layout-default wp-block-uagb-image--effect-static wp-block-uagb-image--align-none\"><figure class=\"wp-block-uagb-image__figure\"><a class=\"\" href=\"https:\/\/led.amasly.com\/da\/produkter\/\" target=\"\" rel=\"noopener\"><img decoding=\"async\" srcset=\"https:\/\/led.amasly.com\/wp-content\/uploads\/2024\/09\/Explosion-proof-high-bay-lights.png ,https:\/\/led.amasly.com\/wp-content\/uploads\/2024\/09\/Explosion-proof-high-bay-lights.png 780w, https:\/\/led.amasly.com\/wp-content\/uploads\/2024\/09\/Explosion-proof-high-bay-lights.png 360w\" sizes=\"auto, (max-width: 480px) 150px\" src=\"https:\/\/led.amasly.com\/wp-content\/uploads\/2024\/09\/Explosion-proof-high-bay-lights.png\" alt=\"\" class=\"uag-image-1495\" width=\"300\" height=\"300\" title=\"Eksplosionssikre high bay-lys\" loading=\"lazy\" role=\"img\"><\/a><\/figure><\/div>\n<\/div>\n\n\n\n<div class=\"wp-block-uagb-container uagb-block-4d3efde5\">\n<div class=\"wp-block-uagb-image uagb-block-c9e90797 wp-block-uagb-image--layout-default wp-block-uagb-image--effect-static wp-block-uagb-image--align-none\"><figure class=\"wp-block-uagb-image__figure\"><a class=\"\" href=\"https:\/\/led.amasly.com\/da\/produkter\/\" target=\"\" rel=\"noopener\"><img decoding=\"async\" srcset=\"https:\/\/led.amasly.com\/wp-content\/uploads\/2024\/07\/LED-tri-proof-lights2.png ,https:\/\/led.amasly.com\/wp-content\/uploads\/2024\/07\/LED-tri-proof-lights2.png 780w, https:\/\/led.amasly.com\/wp-content\/uploads\/2024\/07\/LED-tri-proof-lights2.png 360w\" sizes=\"auto, (max-width: 480px) 150px\" src=\"https:\/\/led.amasly.com\/wp-content\/uploads\/2024\/07\/LED-tri-proof-lights2.png\" alt=\"\" class=\"uag-image-1132\" width=\"300\" height=\"300\" title=\"LED-tri-proof-lys2\" loading=\"lazy\" role=\"img\"><\/a><\/figure><\/div>\n<\/div>\n\n\n\n<div class=\"wp-block-uagb-container uagb-block-11c2578b\">\n<div class=\"wp-block-uagb-image uagb-block-6e8883aa wp-block-uagb-image--layout-default wp-block-uagb-image--effect-static wp-block-uagb-image--align-none\"><figure class=\"wp-block-uagb-image__figure\"><a class=\"\" href=\"https:\/\/led.amasly.com\/da\/produkter\/\" target=\"\" rel=\"noopener\"><img decoding=\"async\" srcset=\"https:\/\/led.amasly.com\/wp-content\/uploads\/2024\/09\/LED-Explosion-Proof-Gas-Station-Light.png ,https:\/\/led.amasly.com\/wp-content\/uploads\/2024\/09\/LED-Explosion-Proof-Gas-Station-Light.png 780w, https:\/\/led.amasly.com\/wp-content\/uploads\/2024\/09\/LED-Explosion-Proof-Gas-Station-Light.png 360w\" sizes=\"auto, (max-width: 480px) 150px\" src=\"https:\/\/led.amasly.com\/wp-content\/uploads\/2024\/09\/LED-Explosion-Proof-Gas-Station-Light.png\" alt=\"\" class=\"uag-image-1501\" width=\"300\" height=\"300\" title=\"LED-eksplosionssikkert tankstationslys\" loading=\"lazy\" role=\"img\"><\/a><\/figure><\/div>\n<\/div>\n<\/div><\/div>\n\n\n\n<div class=\"wp-block-uagb-container uagb-block-548945b5 alignfull uagb-is-root-container\"><div class=\"uagb-container-inner-blocks-wrap\">\n<div class=\"wp-block-uagb-container uagb-block-967755d5\">\n<h4 class=\"wp-block-heading has-text-align-center\"><a href=\"https:\/\/led.amasly.com\/da\/produkter\/\">LED-eksplosionssikre lamper<\/a><\/h4>\n<\/div>\n\n\n\n<div class=\"wp-block-uagb-container uagb-block-9bc52fc2\">\n<h4 class=\"wp-block-heading has-text-align-center\"><a href=\"https:\/\/led.amasly.com\/da\/produkter\/\">LED Tri-Proof-lys<\/a><\/h4>\n<\/div>\n\n\n\n<div class=\"wp-block-uagb-container uagb-block-8ffa0a23\">\n<h4 class=\"wp-block-heading has-text-align-center\"><a href=\"https:\/\/led.amasly.com\/da\/produkter\/\">Eksplosionssikre lamper til tankstationer<\/a><\/h4>\n<\/div>\n<\/div><\/div>\n\n\n\n<div class=\"wp-block-uagb-container uagb-block-29499fe0 alignfull uagb-is-root-container\"><div class=\"uagb-container-inner-blocks-wrap\">\n<div class=\"wp-block-uagb-container uagb-block-777ee1c7\">\n<div class=\"wp-block-uagb-image uagb-block-2e9a1851 wp-block-uagb-image--layout-default wp-block-uagb-image--effect-static wp-block-uagb-image--align-none\"><figure class=\"wp-block-uagb-image__figure\"><a class=\"\" href=\"https:\/\/led.amasly.com\/da\/produkter\/\" target=\"\" rel=\"noopener\"><img decoding=\"async\" srcset=\"https:\/\/led.amasly.com\/wp-content\/uploads\/2024\/10\/50W-100W-150W-200W-300W-LED-Flood-Light.jpg ,https:\/\/led.amasly.com\/wp-content\/uploads\/2024\/10\/50W-100W-150W-200W-300W-LED-Flood-Light.jpg 780w, https:\/\/led.amasly.com\/wp-content\/uploads\/2024\/10\/50W-100W-150W-200W-300W-LED-Flood-Light.jpg 360w\" sizes=\"auto, (max-width: 480px) 150px\" src=\"https:\/\/led.amasly.com\/wp-content\/uploads\/2024\/10\/50W-100W-150W-200W-300W-LED-Flood-Light.jpg\" alt=\"\" class=\"uag-image-1526\" width=\"300\" height=\"300\" title=\"50W 100W 150W 200W 300W LED-oversv\u00f8mmelseslys\" loading=\"lazy\" role=\"img\"><\/a><\/figure><\/div>\n<\/div>\n\n\n\n<div class=\"wp-block-uagb-container uagb-block-af8c8683\">\n<div class=\"wp-block-uagb-image uagb-block-67947854 wp-block-uagb-image--layout-default wp-block-uagb-image--effect-static wp-block-uagb-image--align-none\"><figure class=\"wp-block-uagb-image__figure\"><a class=\"\" href=\"https:\/\/led.amasly.com\/da\/produkter\/\" target=\"\" rel=\"noopener\"><img decoding=\"async\" srcset=\"https:\/\/led.amasly.com\/wp-content\/uploads\/2024\/07\/led-tri-proof-light.png ,https:\/\/led.amasly.com\/wp-content\/uploads\/2024\/07\/led-tri-proof-light.png 780w, https:\/\/led.amasly.com\/wp-content\/uploads\/2024\/07\/led-tri-proof-light.png 360w\" sizes=\"auto, (max-width: 480px) 150px\" src=\"https:\/\/led.amasly.com\/wp-content\/uploads\/2024\/07\/led-tri-proof-light.png\" alt=\"\" class=\"uag-image-1130\" width=\"300\" height=\"300\" title=\"led-tri-proof-lys\" loading=\"lazy\" role=\"img\"><\/a><\/figure><\/div>\n<\/div>\n\n\n\n<div class=\"wp-block-uagb-container uagb-block-0fdfdd58\">\n<div class=\"wp-block-uagb-image uagb-block-1187d32d wp-block-uagb-image--layout-default wp-block-uagb-image--effect-static wp-block-uagb-image--align-none\"><figure class=\"wp-block-uagb-image__figure\"><a class=\"\" href=\"https:\/\/led.amasly.com\/da\/produkter\/\" target=\"\" rel=\"noopener\"><img decoding=\"async\" srcset=\"https:\/\/led.amasly.com\/wp-content\/uploads\/2024\/07\/LED-street-light.jpg ,https:\/\/led.amasly.com\/wp-content\/uploads\/2024\/07\/LED-street-light.jpg 780w, https:\/\/led.amasly.com\/wp-content\/uploads\/2024\/07\/LED-street-light.jpg 360w\" sizes=\"auto, (max-width: 480px) 150px\" src=\"https:\/\/led.amasly.com\/wp-content\/uploads\/2024\/07\/LED-street-light.jpg\" alt=\"\" class=\"uag-image-1145\" width=\"300\" height=\"300\" title=\"LED-gadebelysning\" loading=\"lazy\" role=\"img\"><\/a><\/figure><\/div>\n<\/div>\n<\/div><\/div>\n\n\n\n<div class=\"wp-block-uagb-container uagb-block-6a60882c alignfull uagb-is-root-container\"><div class=\"uagb-container-inner-blocks-wrap\">\n<div class=\"wp-block-uagb-container uagb-block-f1e91a35\">\n<h4 class=\"wp-block-heading has-text-align-center\"><a href=\"https:\/\/led.amasly.com\/da\/produkter\/\">LED-oversv\u00f8mmelseslys<\/a><\/h4>\n<\/div>\n\n\n\n<div class=\"wp-block-uagb-container uagb-block-165bfa58\">\n<h4 class=\"wp-block-heading has-text-align-center\"><a href=\"https:\/\/led.amasly.com\/da\/produkter\/\">LED Tri-Proof lysr\u00f8r<\/a><\/h4>\n<\/div>\n\n\n\n<div class=\"wp-block-uagb-container uagb-block-f6096e3b\">\n<h4 class=\"wp-block-heading has-text-align-center\"><a href=\"https:\/\/led.amasly.com\/da\/produkter\/\">LED-gadelys<\/a><\/h4>\n<\/div>\n<\/div><\/div>\n\n\n\n<div class=\"wp-block-uagb-container uagb-block-99c0e0a5 alignfull uagb-is-root-container\"><div class=\"uagb-container-inner-blocks-wrap\"><\/div><\/div>\n\n\n\n<p><\/p>","protected":false},"excerpt":{"rendered":"<p>LED lights do not light up? Common Causes and Solutions When an LED light suddenly stops working, isn&#8217;t your first reaction to just get a new one? But sometimes the problem is not only in the LED light itself. In this article, we will analyze the following causes and solutions for LED failures. After reading [&hellip;]<\/p>\n","protected":false},"author":1,"featured_media":0,"parent":2984,"menu_order":0,"comment_status":"closed","ping_status":"closed","template":"","meta":{"_uag_custom_page_level_css":"","site-sidebar-layout":"no-sidebar","site-content-layout":"","ast-site-content-layout":"default","site-content-style":"default","site-sidebar-style":"default","ast-global-header-display":"","ast-banner-title-visibility":"","ast-main-header-display":"","ast-hfb-above-header-display":"","ast-hfb-below-header-display":"","ast-hfb-mobile-header-display":"","site-post-title":"disabled","ast-breadcrumbs-content":"","ast-featured-img":"","footer-sml-layout":"","ast-disable-related-posts":"","theme-transparent-header-meta":"enabled","adv-header-id-meta":"","stick-header-meta":"","header-above-stick-meta":"","header-main-stick-meta":"","header-below-stick-meta":"","astra-migrate-meta-layouts":"set","ast-page-background-enabled":"default","ast-page-background-meta":{"desktop":{"background-color":"var(--ast-global-color-4)","background-image":"","background-repeat":"repeat","background-position":"center center","background-size":"auto","background-attachment":"scroll","background-type":"","background-media":"","overlay-type":"","overlay-color":"","overlay-opacity":"","overlay-gradient":""},"tablet":{"background-color":"","background-image":"","background-repeat":"repeat","background-position":"center center","background-size":"auto","background-attachment":"scroll","background-type":"","background-media":"","overlay-type":"","overlay-color":"","overlay-opacity":"","overlay-gradient":""},"mobile":{"background-color":"","background-image":"","background-repeat":"repeat","background-position":"center center","background-size":"auto","background-attachment":"scroll","background-type":"","background-media":"","overlay-type":"","overlay-color":"","overlay-opacity":"","overlay-gradient":""}},"ast-content-background-meta":{"desktop":{"background-color":"var(--ast-global-color-5)","background-image":"","background-repeat":"repeat","background-position":"center center","background-size":"auto","background-attachment":"scroll","background-type":"","background-media":"","overlay-type":"","overlay-color":"","overlay-opacity":"","overlay-gradient":""},"tablet":{"background-color":"var(--ast-global-color-5)","background-image":"","background-repeat":"repeat","background-position":"center center","background-size":"auto","background-attachment":"scroll","background-type":"","background-media":"","overlay-type":"","overlay-color":"","overlay-opacity":"","overlay-gradient":""},"mobile":{"background-color":"var(--ast-global-color-5)","background-image":"","background-repeat":"repeat","background-position":"center center","background-size":"auto","background-attachment":"scroll","background-type":"","background-media":"","overlay-type":"","overlay-color":"","overlay-opacity":"","overlay-gradient":""}},"footnotes":""},"class_list":["post-4076","page","type-page","status-publish","hentry"],"uagb_featured_image_src":{"full":false,"thumbnail":false,"medium":false,"medium_large":false,"large":false,"1536x1536":false,"2048x2048":false,"trp-custom-language-flag":false},"uagb_author_info":{"display_name":"Joe","author_link":"https:\/\/led.amasly.com\/da\/author\/jacklin\/"},"uagb_comment_info":0,"uagb_excerpt":"LED lights do not light up? Common Causes and Solutions When an LED light suddenly stops working, isn&#8217;t your first reaction to just get a new one? But sometimes the problem is not only in the LED light itself. In this article, we will analyze the following causes and solutions for LED failures. After reading&hellip;","_links":{"self":[{"href":"https:\/\/led.amasly.com\/da\/wp-json\/wp\/v2\/pages\/4076","targetHints":{"allow":["GET"]}}],"collection":[{"href":"https:\/\/led.amasly.com\/da\/wp-json\/wp\/v2\/pages"}],"about":[{"href":"https:\/\/led.amasly.com\/da\/wp-json\/wp\/v2\/types\/page"}],"author":[{"embeddable":true,"href":"https:\/\/led.amasly.com\/da\/wp-json\/wp\/v2\/users\/1"}],"replies":[{"embeddable":true,"href":"https:\/\/led.amasly.com\/da\/wp-json\/wp\/v2\/comments?post=4076"}],"version-history":[{"count":1,"href":"https:\/\/led.amasly.com\/da\/wp-json\/wp\/v2\/pages\/4076\/revisions"}],"predecessor-version":[{"id":4092,"href":"https:\/\/led.amasly.com\/da\/wp-json\/wp\/v2\/pages\/4076\/revisions\/4092"}],"up":[{"embeddable":true,"href":"https:\/\/led.amasly.com\/da\/wp-json\/wp\/v2\/pages\/2984"}],"wp:attachment":[{"href":"https:\/\/led.amasly.com\/da\/wp-json\/wp\/v2\/media?parent=4076"}],"curies":[{"name":"wp","href":"https:\/\/api.w.org\/{rel}","templated":true}]}}