{"id":4007,"date":"2025-05-29T21:00:00","date_gmt":"2025-05-29T13:00:00","guid":{"rendered":"https:\/\/led.amasly.com\/?page_id=4007"},"modified":"2026-01-22T13:44:50","modified_gmt":"2026-01-22T05:44:50","slug":"underground-comprehensive-tube-corridor-led-explosion-proof-lighting-solutions","status":"publish","type":"page","link":"https:\/\/led.amasly.com\/da\/solutions\/underground-comprehensive-tube-corridor-led-explosion-proof-lighting-solutions\/","title":{"rendered":"Underjordiske, omfattende LED-eksplosionssikre belysningsl\u00f8sninger til r\u00f8rkorridorer"},"content":{"rendered":"<div class=\"wp-block-uagb-container uagb-block-27bae773 alignfull uagb-is-root-container\"><div class=\"uagb-container-inner-blocks-wrap\"><\/div><\/div>\n\n\n\n<h1 class=\"wp-block-heading has-text-align-center\">Underjordisk, omfattende LED-eksplosionssikker belysningsl\u00f8sning til r\u00f8rkorridorer<\/h1>\n\n\n\n<h2 class=\"wp-block-heading\"><strong>Eksplosionssikker belysningsl\u00f8sning: Underjordisk omfattende r\u00f8rkorridor belysning status:<\/strong><\/h2>\n\n\n\n<figure class=\"wp-block-image aligncenter size-full\"><img decoding=\"async\" width=\"710\" height=\"710\" src=\"https:\/\/led.amasly.com\/wp-content\/uploads\/2025\/12\/Explosion-proof-linear-lights.jpg\" alt=\"explosion proof lighting solutions\" class=\"wp-image-4397\" title=\"\" srcset=\"https:\/\/led.amasly.com\/wp-content\/uploads\/2025\/12\/Explosion-proof-linear-lights.jpg 710w, https:\/\/led.amasly.com\/wp-content\/uploads\/2025\/12\/Explosion-proof-linear-lights-300x300.jpg 300w, https:\/\/led.amasly.com\/wp-content\/uploads\/2025\/12\/Explosion-proof-linear-lights-150x150.jpg 150w, https:\/\/led.amasly.com\/wp-content\/uploads\/2025\/12\/Explosion-proof-linear-lights-12x12.jpg 12w\" sizes=\"(max-width: 710px) 100vw, 710px\" \/><\/figure>\n\n\n\n<p>\u00a0\u00a0\u00a0\u00a0\u00a0\u00a0UnderUnderjordisk omfattende r\u00f8rkorridor, refererer til en r\u00e6kke offentlige karakter af r\u00f8rledningen centraliseret indkvartering i en, og tom for vedligeholdelsesarbejde medarbejdere, der g\u00e5r tunnelkonstruktionskonstruktion.<\/p>\n\n\n\n<p><br> Dette designkoncept sparer ikke kun indend\u00f8rs plads p\u00e5 jorden, centralisering af r\u00f8rledninger er ogs\u00e5 let at administrere og vedligeholde.<br> Underjordisk omfattende r\u00f8rkorridor \u00f8konomisk udvikling, social udvikling, \u00f8kologiske fordele, underjordisk omfattende r\u00f8rkorridor LED-eksplosionssikker lampebelysning kan virkelig im\u00f8dekomme lysbehovet i underjordisk omfattende r\u00f8rkorridor.<br> Kan lade personalet i den underjordiske omfattende r\u00f8rkorridor manipulere situationen med allround-analyse af panoramaudsigten over den underjordiske r\u00f8rkorridor, til gavn for vedligeholdelse og genopbygning.<\/p>\n\n\n\n<p><br>Underjordisk omfattende r\u00f8rkorridor ingeni\u00f8rkonstruktion og jordkonstruktion er ikke det samme. I betragtning af de objektive faktorer i det omgivende milj\u00f8 led begr\u00e6nsninger, jorden er v\u00e5d, intet belysningsudstyr kan ikke ingeni\u00f8rkonstruktion, midlertidigt belysningsudstyr er ogs\u00e5 meget vigtigt.<br> Byggepladsbelysningsudstyrets lysstyrke, ingeni\u00f8rarbejdets sikkerhed og str\u00f8mforbrug fortjener det.<\/p>\n\n\n\n<h2 class=\"wp-block-heading\"><strong>Eksplosionssikker belysningsl\u00f8sning: Traditionel byggepladsbelysning med elektrisk udstyr som f.eks. p\u00e6rer og LED-lysr\u00f8r har f\u00f8lgende problemer:<\/strong>\u3000<\/h2>\n\n\n\n<p>1. Installationen af den midlertidige r\u00f8rledningsbel\u00e6gning er let at bruge af bygningsarbejdere som midlertidig elektricitet til byggeri, hvilket resulterer i potentielle sikkerhedsrisici.<\/p>\n\n\n\n<p>2, installationen kan v\u00e6re led-lamper, p\u00e6rer og andet belysningsudstyr og r\u00f8r, i installationen af belysningsudstyr er f\u00e6lles arbejdsomkostninger og marginale fordele for h\u00f8je.<\/p>\n\n\n\n<p>3 \u3001 Belysningsudstyr er let at blive beskadiget af menneskelige faktorer, og efter brug af transport, skader og andre faktorer er det vanskeligt at udf\u00f8re genbrug.<\/p>\n\n\n\n<p>4, i den underjordiske omfattende r\u00f8rkorridor i den relative fugtighed er traditionelt belysningsudstyr let at ruste, hvilket vil f\u00f8re til kortslutningsfejlproblemer, hvilket resulterer i hele vejen gennem de f\u00e6lles fejlproblemer.<\/p>\n\n\n\n<p>5. Lange tunnelafstande kombineret med gamle kabler eller kabler med aluminiumskerner for\u00e5rsager for stort sp\u00e6ndingsfald. Det resulterer i svag belysning, for tidlig udbr\u00e6ndthed af armaturer og forstyrrelser i byggeriet.<\/p>\n\n\n\n<p>&nbsp;&nbsp;&nbsp;&nbsp;&nbsp;&nbsp;&nbsp;&nbsp;Derfor er et s\u00e6t effektive, enkle og klare underjordiske omfattende belysningsprogrammer for r\u00f8rledningskorridorer ogs\u00e5 s\u00e6rligt vigtige.<\/p>\n\n\n\n<p>Brugen af LED solid lyskilde, ingen afsmeltning, elektrisk niveau aldring og andre problemer, den gennemsnitlige forventede levetid p\u00e5 mere end 50.000 timer, er den nuv\u00e6rende levetid for lyskilden lang levetid uden reparation og vedligeholdelse.<\/p>\n\n\n\n<p>&nbsp;&nbsp;&nbsp;&nbsp;&nbsp;&nbsp;&nbsp;&nbsp;Den samme belysning sammenlignet med den traditionelle lyskilde gr\u00f8n 50 ~ 70%, med relativt lille effekt, i stedet for traditionelle h\u00f8jeffektive belysningsarmaturer, for at opfylde milj\u00f8beskyttelses- og energibesparelsesbestemmelserne, belysningsarmaturer glat og holdbar. <\/p>\n\n\n\n<p>       Kan ogs\u00e5 give et rimeligt belysningslayout, kromaticitet, lysm\u00e5ling, mere omfattende udvalg af forskellige lamper og lanterner.<\/p>\n\n\n\n<p>&nbsp;&nbsp;&nbsp;&nbsp;&nbsp;&nbsp;&nbsp;&nbsp;&nbsp;Derfor er f\u00f8dslen af underjordisk integreret korridor LED-eksplosionssikker belysning, meget god behandling af underjordisk integreret korridor p\u00e5 grund af v\u00e5d og kold, korrosion og st\u00e6rke problemer, meget god belysning.<\/p>\n\n\n\n<p>Standard: <a href=\"http:\/\/www.iec.com\" rel=\"nofollow noopener\" target=\"_blank\">IEC 60598 IEC60079<\/a><\/p>\n\n\n\n<h2 class=\"wp-block-heading\"><strong>Ofte stillede sp\u00f8rgsm\u00e5l om Amasly Light<\/strong><\/h2>\n\n\n\n<p><strong>Q1. Kan jeg f\u00e5 en pr\u00f8veordre p\u00e5 led-lys?<\/strong><strong><\/strong><\/p>\n\n\n\n<p>A: Ja, vi byder pr\u00f8veordre velkommen til at teste og kontrollere kvaliteten. Blandede pr\u00f8ver er acceptable.<\/p>\n\n\n\n<p><strong>Q2. Hvad med leveringstiden?<\/strong><strong><\/strong><\/p>\n\n\n\n<p>A: Pr\u00f8ven tager 3-5 dage, masseproduktionstiden tager 1-2 uger.<\/p>\n\n\n\n<p><strong>Q3.Har du nogen MOQ-gr\u00e6nse for ledet lysordre?<\/strong><strong><\/strong><\/p>\n\n\n\n<p>A: Lav MOQ 1pc til pr\u00f8vekontrol er tilg\u00e6ngelig.<\/p>\n\n\n\n<p><strong>Q4. Hvordan sender I varerne, og hvor lang tid tager det at f\u00e5 dem frem?<\/strong><strong><\/strong><\/p>\n\n\n\n<p>A: Vi sender normalt med <a href=\"https:\/\/www.dhl.com\" rel=\"nofollow noopener\" target=\"_blank\">DHL<\/a>, UPS, FedEx eller TNT. Det tager normalt 3-5 dage at ankomme. Luftlinje og s\u00f8fart er ogs\u00e5 valgfri.<\/p>\n\n\n\n<p><strong>Q5. Hvordan forts\u00e6tter man en ordre p\u00e5 led-lys?<\/strong><strong><\/strong><\/p>\n\n\n\n<p>A:<\/p>\n\n\n\n<p>Fort\u00e6l os f\u00f8rst om dine krav eller din ans\u00f8gning.<\/p>\n\n\n\n<p>For det andet giver vi tilbud i henhold til dine krav eller vores forslag.<\/p>\n\n\n\n<p>For det tredje bekr\u00e6fter kunden pr\u00f8verne og l\u00e6gger et depositum for den formelle ordre.<\/p>\n\n\n\n<p>For det fjerde arrangerer vi produktionen.<\/p>\n\n\n\n<p><strong>Q6. er det ok at printe min <\/strong><strong>LOGO<\/strong><strong>&nbsp;p\u00e5 led-lys produkt?<\/strong><strong><\/strong><\/p>\n\n\n\n<p>A: Ja, informer os venligst formelt inden vores produktion og bekr\u00e6ft f\u00f8rst designet baseret p\u00e5 vores pr\u00f8ve.<\/p>\n\n\n\n<p><strong>Q7: Tilbyder du garanti for produkterne?<\/strong><strong><\/strong><\/p>\n\n\n\n<p>A: Ja, vi tilbyder 2-5 \u00e5rs garanti p\u00e5 vores produkter.<\/p>\n\n\n\n<p><strong>Q8: Hvordan h\u00e5ndterer man de defekte?<\/strong><strong><\/strong><\/p>\n\n\n\n<p>A:<\/p>\n\n\n\n<p>For det f\u00f8rste producerer vores produkter dinstrict kvalitetskontrolsystem, og den defekte sats vil v\u00e6re mindre end 0,2%<\/p>\n\n\n\n<p>For det andet vil vi i l\u00f8bet af garantiperioden levere dele til at erstatte den d\u00e5rlige del. Ved bulkordrer leverer vi s\u00e5rbare dele p\u00e5 forh\u00e5nd, eller vi kan diskutere l\u00f8sninger, herunder tilbagekaldelser, baseret p\u00e5 den faktiske situation.<\/p>\n\n\n\n<p><strong>Q9: Kan vi lave eksplosionssikre lavsp\u00e6ndingslamper med AC\/DC-sp\u00e6ndinger p\u00e5 12V, 24V, 36V eller 48V? <\/strong><\/p>\n\n\n\n<p>Amasly kan bruges som b\u00e5de lavsp\u00e6ndings- og h\u00f8jsp\u00e6ndings eksplosionssikkert lys - AC\/DC 12V, 24V, 36V, 48V, AC 85-265V, AC 380V. <\/p>\n\n\n\n<p><strong>Q10: Kan der tilf\u00f8jes n\u00f8dbatterier til Explosion Poof Lights? <\/strong><\/p>\n\n\n\n<p>Den eksplosionssikre Amasly-lampe kan udstyres med lithium-n\u00f8dbatterier. N\u00f8dvarigheden er 90 minutter, 120 minutter eller 180 minutter. <\/p>\n\n\n\n<p><strong>Q11: Kan Amaslys eksplosionssikre lampe tilpasses som et OEM-produkt? <\/strong><\/p>\n\n\n\n<p>Amasly eksplosionssikre lamper kan tilpasses efter kundens krav til b\u00e5de lamperne og emballagekartonerne.<\/p>\n\n\n\n<div class=\"wp-block-uagb-container uagb-block-c7d898dd alignfull uagb-is-root-container\"><div class=\"uagb-container-inner-blocks-wrap\"><\/div><\/div>\n\n\n\n<h2 class=\"wp-block-heading\">Relaterede produkter<\/h2>\n\n\n\n<div class=\"wp-block-uagb-container uagb-block-66e4defc alignfull uagb-is-root-container\"><div class=\"uagb-container-inner-blocks-wrap\">\n<div class=\"wp-block-uagb-container uagb-block-a42945f9\">\n<div class=\"wp-block-uagb-image uagb-block-7296296b wp-block-uagb-image--layout-default wp-block-uagb-image--effect-static wp-block-uagb-image--align-none\"><figure class=\"wp-block-uagb-image__figure\"><a class=\"\" href=\"https:\/\/led.amasly.com\/da\/products\/\" target=\"\" rel=\"noopener\"><img decoding=\"async\" srcset=\"https:\/\/led.amasly.com\/wp-content\/uploads\/2024\/09\/Explosion-proof-high-bay-lights.png ,https:\/\/led.amasly.com\/wp-content\/uploads\/2024\/09\/Explosion-proof-high-bay-lights.png 780w, https:\/\/led.amasly.com\/wp-content\/uploads\/2024\/09\/Explosion-proof-high-bay-lights.png 360w\" sizes=\"auto, (max-width: 480px) 150px\" src=\"https:\/\/led.amasly.com\/wp-content\/uploads\/2024\/09\/Explosion-proof-high-bay-lights.png\" alt=\"\" class=\"uag-image-1495\" width=\"300\" height=\"300\" title=\"Eksplosionssikre high bay-lys\" loading=\"lazy\" role=\"img\"><\/a><\/figure><\/div>\n<\/div>\n\n\n\n<div class=\"wp-block-uagb-container uagb-block-4d3efde5\">\n<div class=\"wp-block-uagb-image uagb-block-c9e90797 wp-block-uagb-image--layout-default wp-block-uagb-image--effect-static wp-block-uagb-image--align-none\"><figure class=\"wp-block-uagb-image__figure\"><a class=\"\" href=\"https:\/\/led.amasly.com\/da\/products\/\" target=\"\" rel=\"noopener\"><img decoding=\"async\" srcset=\"https:\/\/led.amasly.com\/wp-content\/uploads\/2024\/07\/LED-tri-proof-lights2.png ,https:\/\/led.amasly.com\/wp-content\/uploads\/2024\/07\/LED-tri-proof-lights2.png 780w, https:\/\/led.amasly.com\/wp-content\/uploads\/2024\/07\/LED-tri-proof-lights2.png 360w\" sizes=\"auto, (max-width: 480px) 150px\" src=\"https:\/\/led.amasly.com\/wp-content\/uploads\/2024\/07\/LED-tri-proof-lights2.png\" alt=\"\" class=\"uag-image-1132\" width=\"300\" height=\"300\" title=\"LED-tri-proof-lys2\" loading=\"lazy\" role=\"img\"><\/a><\/figure><\/div>\n<\/div>\n\n\n\n<div class=\"wp-block-uagb-container uagb-block-11c2578b\">\n<div class=\"wp-block-uagb-image uagb-block-6e8883aa wp-block-uagb-image--layout-default wp-block-uagb-image--effect-static wp-block-uagb-image--align-none\"><figure class=\"wp-block-uagb-image__figure\"><a class=\"\" href=\"https:\/\/led.amasly.com\/da\/products\/\" target=\"\" rel=\"noopener\"><img decoding=\"async\" srcset=\"https:\/\/led.amasly.com\/wp-content\/uploads\/2024\/09\/LED-Explosion-Proof-Gas-Station-Light.png ,https:\/\/led.amasly.com\/wp-content\/uploads\/2024\/09\/LED-Explosion-Proof-Gas-Station-Light.png 780w, https:\/\/led.amasly.com\/wp-content\/uploads\/2024\/09\/LED-Explosion-Proof-Gas-Station-Light.png 360w\" sizes=\"auto, (max-width: 480px) 150px\" src=\"https:\/\/led.amasly.com\/wp-content\/uploads\/2024\/09\/LED-Explosion-Proof-Gas-Station-Light.png\" alt=\"\" class=\"uag-image-1501\" width=\"300\" height=\"300\" title=\"LED-eksplosionssikkert tankstationslys\" loading=\"lazy\" role=\"img\"><\/a><\/figure><\/div>\n<\/div>\n<\/div><\/div>\n\n\n\n<div class=\"wp-block-uagb-container uagb-block-548945b5 alignfull uagb-is-root-container\"><div class=\"uagb-container-inner-blocks-wrap\">\n<div class=\"wp-block-uagb-container uagb-block-967755d5\">\n<h4 class=\"wp-block-heading has-text-align-center\"><a href=\"https:\/\/led.amasly.com\/da\/products\/\">LED-eksplosionssikre lamper<\/a><\/h4>\n<\/div>\n\n\n\n<div class=\"wp-block-uagb-container uagb-block-9bc52fc2\">\n<h4 class=\"wp-block-heading has-text-align-center\"><a href=\"https:\/\/led.amasly.com\/da\/products\/\">LED Tri-Proof-lys<\/a><\/h4>\n<\/div>\n\n\n\n<div class=\"wp-block-uagb-container uagb-block-8ffa0a23\">\n<h4 class=\"wp-block-heading has-text-align-center\"><a href=\"https:\/\/led.amasly.com\/da\/products\/\">Eksplosionssikre lamper til tankstationer<\/a><\/h4>\n<\/div>\n<\/div><\/div>\n\n\n\n<div class=\"wp-block-uagb-container uagb-block-29499fe0 alignfull uagb-is-root-container\"><div class=\"uagb-container-inner-blocks-wrap\">\n<div class=\"wp-block-uagb-container uagb-block-777ee1c7\">\n<div class=\"wp-block-uagb-image uagb-block-2e9a1851 wp-block-uagb-image--layout-default wp-block-uagb-image--effect-static wp-block-uagb-image--align-none\"><figure class=\"wp-block-uagb-image__figure\"><a class=\"\" href=\"https:\/\/led.amasly.com\/da\/products\/\" target=\"\" rel=\"noopener\"><img decoding=\"async\" srcset=\"https:\/\/led.amasly.com\/wp-content\/uploads\/2024\/10\/50W-100W-150W-200W-300W-LED-Flood-Light.jpg ,https:\/\/led.amasly.com\/wp-content\/uploads\/2024\/10\/50W-100W-150W-200W-300W-LED-Flood-Light.jpg 780w, https:\/\/led.amasly.com\/wp-content\/uploads\/2024\/10\/50W-100W-150W-200W-300W-LED-Flood-Light.jpg 360w\" sizes=\"auto, (max-width: 480px) 150px\" src=\"https:\/\/led.amasly.com\/wp-content\/uploads\/2024\/10\/50W-100W-150W-200W-300W-LED-Flood-Light.jpg\" alt=\"\" class=\"uag-image-1526\" width=\"300\" height=\"300\" title=\"50W 100W 150W 200W 300W LED-oversv\u00f8mmelseslys\" loading=\"lazy\" role=\"img\"><\/a><\/figure><\/div>\n<\/div>\n\n\n\n<div class=\"wp-block-uagb-container uagb-block-af8c8683\">\n<div class=\"wp-block-uagb-image uagb-block-67947854 wp-block-uagb-image--layout-default wp-block-uagb-image--effect-static wp-block-uagb-image--align-none\"><figure class=\"wp-block-uagb-image__figure\"><a class=\"\" href=\"https:\/\/led.amasly.com\/da\/products\/\" target=\"\" rel=\"noopener\"><img decoding=\"async\" srcset=\"https:\/\/led.amasly.com\/wp-content\/uploads\/2024\/07\/led-tri-proof-light.png ,https:\/\/led.amasly.com\/wp-content\/uploads\/2024\/07\/led-tri-proof-light.png 780w, https:\/\/led.amasly.com\/wp-content\/uploads\/2024\/07\/led-tri-proof-light.png 360w\" sizes=\"auto, (max-width: 480px) 150px\" src=\"https:\/\/led.amasly.com\/wp-content\/uploads\/2024\/07\/led-tri-proof-light.png\" alt=\"\" class=\"uag-image-1130\" width=\"300\" height=\"300\" title=\"led-tri-proof-lys\" loading=\"lazy\" role=\"img\"><\/a><\/figure><\/div>\n<\/div>\n\n\n\n<div class=\"wp-block-uagb-container uagb-block-0fdfdd58\">\n<div class=\"wp-block-uagb-image uagb-block-1187d32d wp-block-uagb-image--layout-default wp-block-uagb-image--effect-static wp-block-uagb-image--align-none\"><figure class=\"wp-block-uagb-image__figure\"><a class=\"\" href=\"https:\/\/led.amasly.com\/da\/products\/\" target=\"\" rel=\"noopener\"><img decoding=\"async\" srcset=\"https:\/\/led.amasly.com\/wp-content\/uploads\/2024\/07\/LED-street-light.jpg ,https:\/\/led.amasly.com\/wp-content\/uploads\/2024\/07\/LED-street-light.jpg 780w, https:\/\/led.amasly.com\/wp-content\/uploads\/2024\/07\/LED-street-light.jpg 360w\" sizes=\"auto, (max-width: 480px) 150px\" src=\"https:\/\/led.amasly.com\/wp-content\/uploads\/2024\/07\/LED-street-light.jpg\" alt=\"\" class=\"uag-image-1145\" width=\"300\" height=\"300\" title=\"LED-gadebelysning\" loading=\"lazy\" role=\"img\"><\/a><\/figure><\/div>\n<\/div>\n<\/div><\/div>\n\n\n\n<div class=\"wp-block-uagb-container uagb-block-6a60882c alignfull uagb-is-root-container\"><div class=\"uagb-container-inner-blocks-wrap\">\n<div class=\"wp-block-uagb-container uagb-block-f1e91a35\">\n<h4 class=\"wp-block-heading has-text-align-center\"><a href=\"https:\/\/led.amasly.com\/da\/products\/\">LED-oversv\u00f8mmelseslys<\/a><\/h4>\n<\/div>\n\n\n\n<div class=\"wp-block-uagb-container uagb-block-165bfa58\">\n<h4 class=\"wp-block-heading has-text-align-center\"><a href=\"https:\/\/led.amasly.com\/da\/products\/\">LED Tri-Proof lysr\u00f8r<\/a><\/h4>\n<\/div>\n\n\n\n<div class=\"wp-block-uagb-container uagb-block-f6096e3b\">\n<h4 class=\"wp-block-heading has-text-align-center\"><a href=\"https:\/\/led.amasly.com\/da\/products\/\">LED-gadelys<\/a><\/h4>\n<\/div>\n<\/div><\/div>\n\n\n\n<div class=\"wp-block-uagb-container uagb-block-99c0e0a5 alignfull uagb-is-root-container\"><div class=\"uagb-container-inner-blocks-wrap\"><\/div><\/div>\n\n\n\n<p><\/p>","protected":false},"excerpt":{"rendered":"<p>Underground comprehensive tube corridor LED explosion proof lighting solution Explosion proof lighting solution: Underground comprehensive tube corridor lighting status: \u00a0\u00a0\u00a0\u00a0\u00a0\u00a0UnderUnderground comprehensive pipe corridor, refers to a variety of public nature of the pipeline centralized accommodation in one, and empty for maintenance work employees walking tunnel engineering construction structure. This design concept not only saves ground [&hellip;]<\/p>\n","protected":false},"author":1,"featured_media":0,"parent":1808,"menu_order":0,"comment_status":"closed","ping_status":"closed","template":"","meta":{"_uag_custom_page_level_css":"","site-sidebar-layout":"no-sidebar","site-content-layout":"","ast-site-content-layout":"default","site-content-style":"default","site-sidebar-style":"default","ast-global-header-display":"","ast-banner-title-visibility":"","ast-main-header-display":"","ast-hfb-above-header-display":"","ast-hfb-below-header-display":"","ast-hfb-mobile-header-display":"","site-post-title":"disabled","ast-breadcrumbs-content":"","ast-featured-img":"","footer-sml-layout":"","ast-disable-related-posts":"","theme-transparent-header-meta":"enabled","adv-header-id-meta":"","stick-header-meta":"","header-above-stick-meta":"","header-main-stick-meta":"","header-below-stick-meta":"","astra-migrate-meta-layouts":"set","ast-page-background-enabled":"default","ast-page-background-meta":{"desktop":{"background-color":"var(--ast-global-color-4)","background-image":"","background-repeat":"repeat","background-position":"center center","background-size":"auto","background-attachment":"scroll","background-type":"","background-media":"","overlay-type":"","overlay-color":"","overlay-opacity":"","overlay-gradient":""},"tablet":{"background-color":"","background-image":"","background-repeat":"repeat","background-position":"center center","background-size":"auto","background-attachment":"scroll","background-type":"","background-media":"","overlay-type":"","overlay-color":"","overlay-opacity":"","overlay-gradient":""},"mobile":{"background-color":"","background-image":"","background-repeat":"repeat","background-position":"center center","background-size":"auto","background-attachment":"scroll","background-type":"","background-media":"","overlay-type":"","overlay-color":"","overlay-opacity":"","overlay-gradient":""}},"ast-content-background-meta":{"desktop":{"background-color":"var(--ast-global-color-5)","background-image":"","background-repeat":"repeat","background-position":"center center","background-size":"auto","background-attachment":"scroll","background-type":"","background-media":"","overlay-type":"","overlay-color":"","overlay-opacity":"","overlay-gradient":""},"tablet":{"background-color":"var(--ast-global-color-5)","background-image":"","background-repeat":"repeat","background-position":"center center","background-size":"auto","background-attachment":"scroll","background-type":"","background-media":"","overlay-type":"","overlay-color":"","overlay-opacity":"","overlay-gradient":""},"mobile":{"background-color":"var(--ast-global-color-5)","background-image":"","background-repeat":"repeat","background-position":"center center","background-size":"auto","background-attachment":"scroll","background-type":"","background-media":"","overlay-type":"","overlay-color":"","overlay-opacity":"","overlay-gradient":""}},"footnotes":""},"class_list":["post-4007","page","type-page","status-publish","hentry"],"uagb_featured_image_src":{"full":false,"thumbnail":false,"medium":false,"medium_large":false,"large":false,"1536x1536":false,"2048x2048":false,"trp-custom-language-flag":false},"uagb_author_info":{"display_name":"Joe","author_link":"https:\/\/led.amasly.com\/da\/author\/jacklin\/"},"uagb_comment_info":0,"uagb_excerpt":"Underground comprehensive tube corridor LED explosion proof lighting solution Explosion proof lighting solution: Underground comprehensive tube corridor lighting status: \u00a0\u00a0\u00a0\u00a0\u00a0\u00a0UnderUnderground comprehensive pipe corridor, refers to a variety of public nature of the pipeline centralized accommodation in one, and empty for maintenance work employees walking tunnel engineering construction structure. This design concept not only saves ground&hellip;","_links":{"self":[{"href":"https:\/\/led.amasly.com\/da\/wp-json\/wp\/v2\/pages\/4007","targetHints":{"allow":["GET"]}}],"collection":[{"href":"https:\/\/led.amasly.com\/da\/wp-json\/wp\/v2\/pages"}],"about":[{"href":"https:\/\/led.amasly.com\/da\/wp-json\/wp\/v2\/types\/page"}],"author":[{"embeddable":true,"href":"https:\/\/led.amasly.com\/da\/wp-json\/wp\/v2\/users\/1"}],"replies":[{"embeddable":true,"href":"https:\/\/led.amasly.com\/da\/wp-json\/wp\/v2\/comments?post=4007"}],"version-history":[{"count":2,"href":"https:\/\/led.amasly.com\/da\/wp-json\/wp\/v2\/pages\/4007\/revisions"}],"predecessor-version":[{"id":4592,"href":"https:\/\/led.amasly.com\/da\/wp-json\/wp\/v2\/pages\/4007\/revisions\/4592"}],"up":[{"embeddable":true,"href":"https:\/\/led.amasly.com\/da\/wp-json\/wp\/v2\/pages\/1808"}],"wp:attachment":[{"href":"https:\/\/led.amasly.com\/da\/wp-json\/wp\/v2\/media?parent=4007"}],"curies":[{"name":"wp","href":"https:\/\/api.w.org\/{rel}","templated":true}]}}