{"id":3198,"date":"2025-04-29T22:16:35","date_gmt":"2025-04-29T14:16:35","guid":{"rendered":"https:\/\/led.amasly.com\/?page_id=3198"},"modified":"2025-04-29T22:16:40","modified_gmt":"2025-04-29T14:16:40","slug":"industrial-lighting-system-optimization-for-waste-to-power-plant-corrosion-resistant-led-selection-guide","status":"publish","type":"page","link":"https:\/\/led.amasly.com\/da\/knowledge\/explosion-proof-products-knowledge\/industrial-lighting-system-optimization-for-waste-to-power-plant-corrosion-resistant-led-selection-guide\/","title":{"rendered":"Optimering af industrielt belysningssystem til affaldsforbr\u00e6ndingsanl\u00e6g: Guide til valg af korrosionsbestandig LED"},"content":{"rendered":"<div class=\"wp-block-uagb-container uagb-block-27bae773 alignfull uagb-is-root-container\"><div class=\"uagb-container-inner-blocks-wrap\"><\/div><\/div>\n\n\n\n<h1 class=\"wp-block-heading has-text-align-center\">Optimering af industrielt belysningssystem til affaldsforbr\u00e6ndingsanl\u00e6g: Guide til valg af korrosionsbestandig LED<\/h1>\n\n\n\n<h2 class=\"wp-block-heading\">Strategisk v\u00e6rdi af industriel belysning i elproduktion fra affaldsforbr\u00e6nding<\/h2>\n\n\n\n<p>Under Dual Carbon Goals er affaldsenergianl\u00e6g blevet kritisk byinfrastruktur, hvor energieffektivitetsstyring nu f\u00e5r industriens opm\u00e6rksomhed. Statistikker viser, at industrielle belysningssystemer tegner sig for 12%-15% af det samlede str\u00f8mforbrug, og at udskiftning af armaturer p\u00e5 grund af korrosion \u00f8ger de \u00e5rlige omkostninger med 37%. Implementering af h\u00f8jeffektive korrosionsbeskyttende LED-l\u00f8sninger er derfor blevet afg\u00f8rende for driftsoptimering.<\/p>\n\n\n\n<h2 class=\"wp-block-heading\">Milj\u00f8analyse af belysningssystemer til affaldskraftv\u00e6rker<\/h2>\n\n\n\n<h3 class=\"wp-block-heading\">Unikke operationelle udfordringer<\/h3>\n\n\n\n<ul class=\"wp-block-list\">\n<li>Kemisk korrosion: H2S\/NH3-koncentrationer, der n\u00e5r 200-500 ppm<\/li>\n\n\n\n<li>Termiske udsving: Kedelzoner ved 60\u2103\u00b110\u2103<\/li>\n\n\n\n<li>Partikelforurening: PM2.5-niveauer p\u00e5 over 300 \u03bcg\/m\u00b3 i posefilterhuse<\/li>\n\n\n\n<li>Mekaniske vibrationer: 5-15Hz lavfrekvente udstyrsvibrationer<\/li>\n<\/ul>\n\n\n\n<h3 class=\"wp-block-heading\">Tekniske specifikationer Matrix<\/h3>\n\n\n\n<figure class=\"wp-block-table\"><table class=\"has-fixed-layout\"><thead><tr><th>Parameter<\/th><th>Krav<\/th><th>Standard<\/th><\/tr><\/thead><tbody><tr><td>IP-klassificering<\/td><td>IP66\/IP67<\/td><td><a href=\"http:\/\/www.iecex-certs.com\/\" rel=\"nofollow noopener\" target=\"_blank\">IEC 60529<\/a><\/td><\/tr><tr><td>Korrosionsklasse<\/td><td>WF2 (1200 timers saltt\u00e5ge)<\/td><td>ISO 9227<\/td><\/tr><tr><td>Modstandsdygtighed over for vibrationer<\/td><td>5-50Hz\/3Grms<\/td><td>IEC 60068-2-6<\/td><\/tr><tr><td>Eksplosionssikker<\/td><td>Ex d IIB T4 Gb<\/td><td>IEC 60079<\/td><\/tr><\/tbody><\/table><\/figure>\n\n\n\n<h2 class=\"wp-block-heading\">Zonebaserede belysningsl\u00f8sninger<\/h2>\n\n\n\n<h3 class=\"wp-block-heading\">1. Belysning i turbinegeneratorhallen<\/h3>\n\n\n\n<p><strong>Milj\u00f8<\/strong>: 15 m loftsh\u00f8jde, 0,8-1,2 mg\/m\u00b3 olie-gasblanding<br><strong>L\u00f8sning<\/strong>: Amasly BAD-serien af eksplosionssikre LED-lys<\/p>\n\n\n\n<ul class=\"wp-block-list\">\n<li>Trykst\u00f8bt hus i 304 rustfrit st\u00e5l<\/li>\n\n\n\n<li>Integreret smart konstantstr\u00f8msdriver<\/li>\n\n\n\n<li>140lm\/W effektivitet, 50.000 timers levetid<\/li>\n\n\n\n<li>0-90\u00b0 justerbart modul\u00e6rt design<\/li>\n<\/ul>\n\n\n\n<h3 class=\"wp-block-heading\">2. Belysning i kedelafsnit<\/h3>\n\n\n\n<p><strong>Udfordringer<\/strong>: 50kW\/m\u00b2 termisk str\u00e5ling, St1 risiko for st\u00f8veksplosion<br><strong>Innovation<\/strong>: BAD-variant med h\u00f8j temperatur<\/p>\n\n\n\n<ul class=\"wp-block-list\">\n<li>Termiske puder af rumfartskvalitet<\/li>\n\n\n\n<li>Dobbeltlags h\u00e6rdet glas<\/li>\n\n\n\n<li>Temperaturkompensationskredsl\u00f8b (-40\u00b0C~+85\u00b0C)<\/li>\n\n\n\n<li>Overholdelse af ATEX-certificering<\/li>\n<\/ul>\n\n\n\n<h3 class=\"wp-block-heading\">3. Belysning til behandling af r\u00f8ggas<\/h3>\n\n\n\n<p><strong>Beskyttelse mod korrosion<\/strong>: BAT-seriens tredobbelte skjoldteknologi<\/p>\n\n\n\n<ul class=\"wp-block-list\">\n<li>Nano-bel\u00e6gning (Patent: ZL202010XXXXXX.X)<\/li>\n\n\n\n<li>PTFE-t\u00e6tninger for syrebestandighed<\/li>\n\n\n\n<li>Honeycomb-st\u00f8vbeskyttelsesstruktur<\/li>\n\n\n\n<li>5000K CCT for klarhed i inspektionen<\/li>\n<\/ul>\n\n\n\n<h3 class=\"wp-block-heading\">4. Belysning af kontrolcenter<\/h3>\n\n\n\n<p><strong>Kravene<\/strong>: UGR85, 500lux belysningsstyrke<br><strong>Implementering<\/strong>: Indbyggede LED-gitterlamper<\/p>\n\n\n\n<ul class=\"wp-block-list\">\n<li>Mikroprismatisk lyslederteknologi<\/li>\n\n\n\n<li>Smart lysd\u00e6mpning (0-10V\/DALI)<\/li>\n\n\n\n<li>Overensstemmelse med EMI klasse B<\/li>\n\n\n\n<li>THD&lt;15%<\/li>\n<\/ul>\n\n\n\n<h2 class=\"wp-block-heading\">Analyse af energieffektivitet<\/h2>\n\n\n\n<p>Ydelsesdata fra eftermontering af 2\u00d7750 t\/d anl\u00e6g:<\/p>\n\n\n\n<figure class=\"wp-block-table\"><table class=\"has-fixed-layout\"><thead><tr><th>Metrisk<\/th><th>Pre-Retrofit<\/th><th>Efter ombygning<\/th><th>Forbedring<\/th><\/tr><\/thead><tbody><tr><td>\u00c5rligt forbrug<\/td><td>286.000 kWh<\/td><td>158.000 kWh<\/td><td>44.7%<\/td><\/tr><tr><td>Vedligeholdelsesfrekvens<\/td><td>6\/\u00e5r<\/td><td>0,5\/\u00e5r<\/td><td>91.7%<\/td><\/tr><tr><td>CO2-reduktion<\/td><td>-<\/td><td>102 tons<\/td><td>-<\/td><\/tr><\/tbody><\/table><\/figure>\n\n\n\n<h2 class=\"wp-block-heading\">Tendenser i industrien<\/h2>\n\n\n\n<ol start=\"1\" class=\"wp-block-list\">\n<li>DCS-integreret intelligent lysstyring<\/li>\n\n\n\n<li>Hybridsystemer med solceller, opbevaring og belysning<\/li>\n\n\n\n<li>Forudsigelse af levetid baseret p\u00e5 digitale tvillinger<\/li>\n\n\n\n<li>IoT-aktiverede facility management-platforme<\/li>\n<\/ol>\n\n\n\n<p class=\"has-text-align-left\"><strong>Teknisk r\u00e5dgivning<\/strong>: Kr\u00e6v fuld IECEx-certificeringsdokumentation og TM-21 lumenvedligeholdelsesrapporter for at sikre overholdelse af L70-levetid ved valg af LED.<\/p>\n\n\n\n<div class=\"wp-block-uagb-container uagb-block-c7d898dd alignfull uagb-is-root-container\"><div class=\"uagb-container-inner-blocks-wrap\"><\/div><\/div>\n\n\n\n<h2 class=\"wp-block-heading\">Relaterede produkter<\/h2>\n\n\n\n<div class=\"wp-block-uagb-container uagb-block-66e4defc alignfull uagb-is-root-container\"><div class=\"uagb-container-inner-blocks-wrap\">\n<div class=\"wp-block-uagb-container uagb-block-a42945f9\">\n<div class=\"wp-block-uagb-image uagb-block-7296296b wp-block-uagb-image--layout-default wp-block-uagb-image--effect-static wp-block-uagb-image--align-none\"><figure class=\"wp-block-uagb-image__figure\"><a class=\"\" href=\"https:\/\/led.amasly.com\/da\/products\/\" target=\"\" rel=\"noopener\"><img decoding=\"async\" srcset=\"https:\/\/led.amasly.com\/wp-content\/uploads\/2024\/09\/Explosion-proof-high-bay-lights.png ,https:\/\/led.amasly.com\/wp-content\/uploads\/2024\/09\/Explosion-proof-high-bay-lights.png 780w, https:\/\/led.amasly.com\/wp-content\/uploads\/2024\/09\/Explosion-proof-high-bay-lights.png 360w\" sizes=\"auto, (max-width: 480px) 150px\" src=\"https:\/\/led.amasly.com\/wp-content\/uploads\/2024\/09\/Explosion-proof-high-bay-lights.png\" alt=\"\" class=\"uag-image-1495\" width=\"300\" height=\"300\" title=\"Eksplosionssikre high bay-lys\" loading=\"lazy\" role=\"img\"><\/a><\/figure><\/div>\n<\/div>\n\n\n\n<div class=\"wp-block-uagb-container uagb-block-4d3efde5\">\n<div class=\"wp-block-uagb-image uagb-block-c9e90797 wp-block-uagb-image--layout-default wp-block-uagb-image--effect-static wp-block-uagb-image--align-none\"><figure class=\"wp-block-uagb-image__figure\"><a class=\"\" href=\"https:\/\/led.amasly.com\/da\/products\/\" target=\"\" rel=\"noopener\"><img decoding=\"async\" srcset=\"https:\/\/led.amasly.com\/wp-content\/uploads\/2024\/07\/LED-tri-proof-lights2.png ,https:\/\/led.amasly.com\/wp-content\/uploads\/2024\/07\/LED-tri-proof-lights2.png 780w, https:\/\/led.amasly.com\/wp-content\/uploads\/2024\/07\/LED-tri-proof-lights2.png 360w\" sizes=\"auto, (max-width: 480px) 150px\" src=\"https:\/\/led.amasly.com\/wp-content\/uploads\/2024\/07\/LED-tri-proof-lights2.png\" alt=\"\" class=\"uag-image-1132\" width=\"300\" height=\"300\" title=\"LED-tri-proof-lys2\" loading=\"lazy\" role=\"img\"><\/a><\/figure><\/div>\n<\/div>\n\n\n\n<div class=\"wp-block-uagb-container uagb-block-11c2578b\">\n<div class=\"wp-block-uagb-image uagb-block-6e8883aa wp-block-uagb-image--layout-default wp-block-uagb-image--effect-static wp-block-uagb-image--align-none\"><figure class=\"wp-block-uagb-image__figure\"><a class=\"\" href=\"https:\/\/led.amasly.com\/da\/products\/\" target=\"\" rel=\"noopener\"><img decoding=\"async\" srcset=\"https:\/\/led.amasly.com\/wp-content\/uploads\/2024\/09\/LED-Explosion-Proof-Gas-Station-Light.png ,https:\/\/led.amasly.com\/wp-content\/uploads\/2024\/09\/LED-Explosion-Proof-Gas-Station-Light.png 780w, https:\/\/led.amasly.com\/wp-content\/uploads\/2024\/09\/LED-Explosion-Proof-Gas-Station-Light.png 360w\" sizes=\"auto, (max-width: 480px) 150px\" src=\"https:\/\/led.amasly.com\/wp-content\/uploads\/2024\/09\/LED-Explosion-Proof-Gas-Station-Light.png\" alt=\"\" class=\"uag-image-1501\" width=\"300\" height=\"300\" title=\"LED-eksplosionssikkert tankstationslys\" loading=\"lazy\" role=\"img\"><\/a><\/figure><\/div>\n<\/div>\n<\/div><\/div>\n\n\n\n<div class=\"wp-block-uagb-container uagb-block-548945b5 alignfull uagb-is-root-container\"><div class=\"uagb-container-inner-blocks-wrap\">\n<div class=\"wp-block-uagb-container uagb-block-967755d5\">\n<h4 class=\"wp-block-heading has-text-align-center\"><a href=\"https:\/\/led.amasly.com\/da\/products\/\">LED-eksplosionssikre lamper<\/a><\/h4>\n<\/div>\n\n\n\n<div class=\"wp-block-uagb-container uagb-block-9bc52fc2\">\n<h4 class=\"wp-block-heading has-text-align-center\"><a href=\"https:\/\/led.amasly.com\/da\/products\/\">LED Tri-Proof-lys<\/a><\/h4>\n<\/div>\n\n\n\n<div class=\"wp-block-uagb-container uagb-block-8ffa0a23\">\n<h4 class=\"wp-block-heading has-text-align-center\"><a href=\"https:\/\/led.amasly.com\/da\/products\/\">Eksplosionssikre lamper til tankstationer<\/a><\/h4>\n<\/div>\n<\/div><\/div>\n\n\n\n<div class=\"wp-block-uagb-container uagb-block-29499fe0 alignfull uagb-is-root-container\"><div class=\"uagb-container-inner-blocks-wrap\">\n<div class=\"wp-block-uagb-container uagb-block-777ee1c7\">\n<div class=\"wp-block-uagb-image uagb-block-2e9a1851 wp-block-uagb-image--layout-default wp-block-uagb-image--effect-static wp-block-uagb-image--align-none\"><figure class=\"wp-block-uagb-image__figure\"><a class=\"\" href=\"https:\/\/led.amasly.com\/da\/products\/\" target=\"\" rel=\"noopener\"><img decoding=\"async\" srcset=\"https:\/\/led.amasly.com\/wp-content\/uploads\/2024\/10\/50W-100W-150W-200W-300W-LED-Flood-Light.jpg ,https:\/\/led.amasly.com\/wp-content\/uploads\/2024\/10\/50W-100W-150W-200W-300W-LED-Flood-Light.jpg 780w, https:\/\/led.amasly.com\/wp-content\/uploads\/2024\/10\/50W-100W-150W-200W-300W-LED-Flood-Light.jpg 360w\" sizes=\"auto, (max-width: 480px) 150px\" src=\"https:\/\/led.amasly.com\/wp-content\/uploads\/2024\/10\/50W-100W-150W-200W-300W-LED-Flood-Light.jpg\" alt=\"\" class=\"uag-image-1526\" width=\"300\" height=\"300\" title=\"50W 100W 150W 200W 300W LED-oversv\u00f8mmelseslys\" loading=\"lazy\" role=\"img\"><\/a><\/figure><\/div>\n<\/div>\n\n\n\n<div class=\"wp-block-uagb-container uagb-block-af8c8683\">\n<div class=\"wp-block-uagb-image uagb-block-67947854 wp-block-uagb-image--layout-default wp-block-uagb-image--effect-static wp-block-uagb-image--align-none\"><figure class=\"wp-block-uagb-image__figure\"><a class=\"\" href=\"https:\/\/led.amasly.com\/da\/products\/\" target=\"\" rel=\"noopener\"><img decoding=\"async\" srcset=\"https:\/\/led.amasly.com\/wp-content\/uploads\/2024\/07\/led-tri-proof-light.png ,https:\/\/led.amasly.com\/wp-content\/uploads\/2024\/07\/led-tri-proof-light.png 780w, https:\/\/led.amasly.com\/wp-content\/uploads\/2024\/07\/led-tri-proof-light.png 360w\" sizes=\"auto, (max-width: 480px) 150px\" src=\"https:\/\/led.amasly.com\/wp-content\/uploads\/2024\/07\/led-tri-proof-light.png\" alt=\"\" class=\"uag-image-1130\" width=\"300\" height=\"300\" title=\"led-tri-proof-lys\" loading=\"lazy\" role=\"img\"><\/a><\/figure><\/div>\n<\/div>\n\n\n\n<div class=\"wp-block-uagb-container uagb-block-0fdfdd58\">\n<div class=\"wp-block-uagb-image uagb-block-1187d32d wp-block-uagb-image--layout-default wp-block-uagb-image--effect-static wp-block-uagb-image--align-none\"><figure class=\"wp-block-uagb-image__figure\"><a class=\"\" href=\"https:\/\/led.amasly.com\/da\/products\/\" target=\"\" rel=\"noopener\"><img decoding=\"async\" srcset=\"https:\/\/led.amasly.com\/wp-content\/uploads\/2024\/07\/LED-street-light.jpg ,https:\/\/led.amasly.com\/wp-content\/uploads\/2024\/07\/LED-street-light.jpg 780w, https:\/\/led.amasly.com\/wp-content\/uploads\/2024\/07\/LED-street-light.jpg 360w\" sizes=\"auto, (max-width: 480px) 150px\" src=\"https:\/\/led.amasly.com\/wp-content\/uploads\/2024\/07\/LED-street-light.jpg\" alt=\"\" class=\"uag-image-1145\" width=\"300\" height=\"300\" title=\"LED-gadebelysning\" loading=\"lazy\" role=\"img\"><\/a><\/figure><\/div>\n<\/div>\n<\/div><\/div>\n\n\n\n<div class=\"wp-block-uagb-container uagb-block-6a60882c alignfull uagb-is-root-container\"><div class=\"uagb-container-inner-blocks-wrap\">\n<div class=\"wp-block-uagb-container uagb-block-f1e91a35\">\n<h4 class=\"wp-block-heading has-text-align-center\"><a href=\"https:\/\/led.amasly.com\/da\/products\/\">LED-oversv\u00f8mmelseslys<\/a><\/h4>\n<\/div>\n\n\n\n<div class=\"wp-block-uagb-container uagb-block-165bfa58\">\n<h4 class=\"wp-block-heading has-text-align-center\"><a href=\"https:\/\/led.amasly.com\/da\/products\/\">LED Tri-Proof lysr\u00f8r<\/a><\/h4>\n<\/div>\n\n\n\n<div class=\"wp-block-uagb-container uagb-block-f6096e3b\">\n<h4 class=\"wp-block-heading has-text-align-center\"><a href=\"https:\/\/led.amasly.com\/da\/products\/\">LED-gadelys<\/a><\/h4>\n<\/div>\n<\/div><\/div>\n\n\n\n<div class=\"wp-block-uagb-container uagb-block-99c0e0a5 alignfull uagb-is-root-container\"><div class=\"uagb-container-inner-blocks-wrap\"><\/div><\/div>\n\n\n\n<p><\/p>","protected":false},"excerpt":{"rendered":"<p>Industrial Lighting System Optimization for Waste-to-Power Plant: Corrosion-Resistant LED Selection Guide Strategic Value of Industrial Lighting in Waste Incineration Power Generation Under the Dual Carbon Goals, waste-to-energy plants have become critical urban infrastructure, where energy efficiency management now commands industry attention. Statistics show industrial lighting systems account for 12%-15% of total power consumption, with corrosion-induced [&hellip;]<\/p>\n","protected":false},"author":1,"featured_media":0,"parent":2374,"menu_order":0,"comment_status":"closed","ping_status":"closed","template":"","meta":{"_uag_custom_page_level_css":"","site-sidebar-layout":"no-sidebar","site-content-layout":"","ast-site-content-layout":"default","site-content-style":"default","site-sidebar-style":"default","ast-global-header-display":"","ast-banner-title-visibility":"","ast-main-header-display":"","ast-hfb-above-header-display":"","ast-hfb-below-header-display":"","ast-hfb-mobile-header-display":"","site-post-title":"disabled","ast-breadcrumbs-content":"","ast-featured-img":"","footer-sml-layout":"","ast-disable-related-posts":"","theme-transparent-header-meta":"enabled","adv-header-id-meta":"","stick-header-meta":"","header-above-stick-meta":"","header-main-stick-meta":"","header-below-stick-meta":"","astra-migrate-meta-layouts":"set","ast-page-background-enabled":"default","ast-page-background-meta":{"desktop":{"background-color":"var(--ast-global-color-4)","background-image":"","background-repeat":"repeat","background-position":"center center","background-size":"auto","background-attachment":"scroll","background-type":"","background-media":"","overlay-type":"","overlay-color":"","overlay-opacity":"","overlay-gradient":""},"tablet":{"background-color":"","background-image":"","background-repeat":"repeat","background-position":"center center","background-size":"auto","background-attachment":"scroll","background-type":"","background-media":"","overlay-type":"","overlay-color":"","overlay-opacity":"","overlay-gradient":""},"mobile":{"background-color":"","background-image":"","background-repeat":"repeat","background-position":"center center","background-size":"auto","background-attachment":"scroll","background-type":"","background-media":"","overlay-type":"","overlay-color":"","overlay-opacity":"","overlay-gradient":""}},"ast-content-background-meta":{"desktop":{"background-color":"var(--ast-global-color-5)","background-image":"","background-repeat":"repeat","background-position":"center center","background-size":"auto","background-attachment":"scroll","background-type":"","background-media":"","overlay-type":"","overlay-color":"","overlay-opacity":"","overlay-gradient":""},"tablet":{"background-color":"var(--ast-global-color-5)","background-image":"","background-repeat":"repeat","background-position":"center center","background-size":"auto","background-attachment":"scroll","background-type":"","background-media":"","overlay-type":"","overlay-color":"","overlay-opacity":"","overlay-gradient":""},"mobile":{"background-color":"var(--ast-global-color-5)","background-image":"","background-repeat":"repeat","background-position":"center center","background-size":"auto","background-attachment":"scroll","background-type":"","background-media":"","overlay-type":"","overlay-color":"","overlay-opacity":"","overlay-gradient":""}},"footnotes":""},"class_list":["post-3198","page","type-page","status-publish","hentry"],"uagb_featured_image_src":{"full":false,"thumbnail":false,"medium":false,"medium_large":false,"large":false,"1536x1536":false,"2048x2048":false,"trp-custom-language-flag":false},"uagb_author_info":{"display_name":"Joe","author_link":"https:\/\/led.amasly.com\/da\/author\/jacklin\/"},"uagb_comment_info":0,"uagb_excerpt":"Industrial Lighting System Optimization for Waste-to-Power Plant: Corrosion-Resistant LED Selection Guide Strategic Value of Industrial Lighting in Waste Incineration Power Generation Under the Dual Carbon Goals, waste-to-energy plants have become critical urban infrastructure, where energy efficiency management now commands industry attention. Statistics show industrial lighting systems account for 12%-15% of total power consumption, with corrosion-induced&hellip;","_links":{"self":[{"href":"https:\/\/led.amasly.com\/da\/wp-json\/wp\/v2\/pages\/3198","targetHints":{"allow":["GET"]}}],"collection":[{"href":"https:\/\/led.amasly.com\/da\/wp-json\/wp\/v2\/pages"}],"about":[{"href":"https:\/\/led.amasly.com\/da\/wp-json\/wp\/v2\/types\/page"}],"author":[{"embeddable":true,"href":"https:\/\/led.amasly.com\/da\/wp-json\/wp\/v2\/users\/1"}],"replies":[{"embeddable":true,"href":"https:\/\/led.amasly.com\/da\/wp-json\/wp\/v2\/comments?post=3198"}],"version-history":[{"count":1,"href":"https:\/\/led.amasly.com\/da\/wp-json\/wp\/v2\/pages\/3198\/revisions"}],"predecessor-version":[{"id":3199,"href":"https:\/\/led.amasly.com\/da\/wp-json\/wp\/v2\/pages\/3198\/revisions\/3199"}],"up":[{"embeddable":true,"href":"https:\/\/led.amasly.com\/da\/wp-json\/wp\/v2\/pages\/2374"}],"wp:attachment":[{"href":"https:\/\/led.amasly.com\/da\/wp-json\/wp\/v2\/media?parent=3198"}],"curies":[{"name":"wp","href":"https:\/\/api.w.org\/{rel}","templated":true}]}}