{"id":3134,"date":"2025-04-19T21:37:11","date_gmt":"2025-04-19T13:37:11","guid":{"rendered":"https:\/\/led.amasly.com\/?page_id=3134"},"modified":"2026-01-18T10:52:14","modified_gmt":"2026-01-18T02:52:14","slug":"explosion-proof-emergency-light-price","status":"publish","type":"page","link":"https:\/\/led.amasly.com\/da\/light-price\/explosion-proof-emergency-light-price\/","title":{"rendered":"Eksplosionssikkert n\u00f8dlys pris"},"content":{"rendered":"<div class=\"wp-block-uagb-container uagb-block-27bae773 alignfull uagb-is-root-container\"><div class=\"uagb-container-inner-blocks-wrap\"><\/div><\/div>\n\n\n\n<h1 class=\"wp-block-heading has-text-align-center\"><strong>Amasly<\/strong> <strong>LED<\/strong> <strong>Eksplosionssikkert n\u00f8dlys pris<\/strong><\/h1>\n\n\n\n<div class=\"wp-block-uagb-image uagb-block-27e58544 wp-block-uagb-image--layout-default wp-block-uagb-image--effect-static wp-block-uagb-image--align-none\"><figure class=\"wp-block-uagb-image__figure\"><a class=\"\" href=\"https:\/\/led.amasly.com\/da\/products\/\" target=\"\" rel=\"noopener\"><img decoding=\"async\" srcset=\"https:\/\/led.amasly.com\/wp-content\/uploads\/2025\/03\/explosion-proof-emergency-lights-explosion-proof-exit-lights.png ,https:\/\/led.amasly.com\/wp-content\/uploads\/2025\/03\/explosion-proof-emergency-lights-explosion-proof-exit-lights.png 780w, https:\/\/led.amasly.com\/wp-content\/uploads\/2025\/03\/explosion-proof-emergency-lights-explosion-proof-exit-lights.png 360w\" sizes=\"auto, (max-width: 480px) 150px\" src=\"https:\/\/led.amasly.com\/wp-content\/uploads\/2025\/03\/explosion-proof-emergency-lights-explosion-proof-exit-lights.png\" alt=\"\" class=\"uag-image-2763\" width=\"1004\" height=\"308\" title=\"eksplosionssikre n\u00f8dlys eksplosionssikre udgangslamper\" loading=\"lazy\" role=\"img\"><\/a><\/figure><\/div>\n\n\n\n<h2 class=\"wp-block-heading\"><strong>Introduktion til eksplosionssikkert n\u00f8dlys:<\/strong><strong><\/strong><\/h2>\n\n\n\n<p>Eksplosionssikkert n\u00f8dlys bruges i olieminedrift, kemisk industri, milit\u00e6rindustri og andre brandfarlige og eksplosive farlige steder og milj\u00f8er til n\u00f8dsikkerhedsevakuering og belysningsudstyr i tilf\u00e6lde af str\u00f8msvigt.<\/p>\n\n\n\n<p>Drevet af 3,7V lithium-ion milj\u00f8venlig 2200mah n\u00f8dstr\u00f8msforsyning, n\u00e5r hovedstr\u00f8msafbrydelsen straks kan starte n\u00f8dbelysningen med eksplosionssikre lysarmaturer, kan ogs\u00e5 styres af en ekstern kontakt.<\/p>\n\n\n\n<p>Kaldes ogs\u00e5: Eksplosionssikre n\u00f8dlygter, Eksplosionssikre n\u00f8dlygter med dobbelt hoved, LED Eksplosionssikre n\u00f8dlygter, LED-n\u00f8dlygter.<\/p>\n\n\n\n<h2 class=\"wp-block-heading\"><strong>Eksplosionssikker<\/strong><strong>&nbsp;n\u00f8dlys anvendelsesomr\u00e5de<\/strong><strong><\/strong><\/h2>\n\n\n\n<p>Velegnet til olieminedrift, kemisk industri, milit\u00e6r og andre br\u00e6ndbare og eksplosive farlige steder og milj\u00f8er til evakuering i n\u00f8dsituationer og belysning under str\u00f8msvigt.<\/p>\n\n\n\n<p>1 \u3001 Kan anvendes til eksplosivt d\u00e5rligt milj\u00f8 1 omr\u00e5de, 2 omr\u00e5de steder;<\/p>\n\n\n\n<p>2 \u3001 G\u00e6lder for \u2161A, \u2161B, \u2161C eksplosive gasmilj\u00f8er;<\/p>\n\n\n\n<p>3 \u3001 Anvendelig til eksplosivt st\u00f8v i d\u00e5rligt milj\u00f8 20 omr\u00e5de, 21 omr\u00e5de, 22 omr\u00e5de steder.<\/p>\n\n\n\n<p>Eksplosionssikkert symbol: <a href=\"http:\/\/www.iecex-certs.com\/\" rel=\"nofollow noopener\" target=\"_blank\">Ex d II C T6<\/a> Beskyttelsesniveau: IP65 Antikorrosionsgrad: WF2<\/p>\n\n\n\n<h2 class=\"wp-block-heading\"><strong>Faktorer, der p\u00e5virker LED-eksplosionssikkert n\u00f8dlys <strong>Pris<\/strong>:<\/strong><\/h2>\n\n\n\n<ol class=\"wp-block-list\">\n<li>M\u00e6rkeforskelle f\u00f8rer til forskellige priser: Eksplosionssikre n\u00f8dlys p\u00e5 markedet er der en r\u00e6kke m\u00e6rker, velkendte m\u00e6rker har normalt en h\u00f8jere markedsandel og et godt omd\u00f8mme, s\u00e5 prisen p\u00e5 deres produkter kan v\u00e6re relativt h\u00f8j.<\/li>\n<\/ol>\n\n\n\n<p>Forskellige m\u00e6rker af eksplosionssikre n\u00f8dlys, dets kvalitet, produktionsproces, materialebrug og andre aspekter af forskellene, som direkte p\u00e5virker produktprisen.<\/p>\n\n\n\n<p>2. Funktionel mangfoldighed p\u00e5virker prispositioneringen: Eksplosionssikre n\u00f8dlys ud over de grundl\u00e6ggende belysningsfunktioner har nogle produkter ogs\u00e5 automatisk sensing, lang standby, en r\u00e6kke belysningstilstande og andre ekstra funktioner. Stigningen i disse funktioner vil f\u00e5 produktomkostningerne til at stige og dermed p\u00e5virke salgsprisen.<\/p>\n\n\n\n<p>3. Overvejelser om ydeevne og kvalitet: Eksplosionssikre n\u00f8dlys bruges p\u00e5 steder, der kr\u00e6ver h\u00f8je sikkerhedsstandarder, s\u00e5som miner, oliefelter osv., s\u00e5 kravene til kvalitet og ydeevne er meget strenge. Materialer af h\u00f8j kvalitet og avanceret teknologi betyder h\u00f8jere omkostninger, hvilket er en af grundene til, at prisen p\u00e5 eksplosionssikre n\u00f8dlys kan v\u00e6re h\u00f8jere.<\/p>\n\n\n\n<p>4. Markedsprisudsving: Prisen p\u00e5 varer er ikke statisk, den er underlagt markedets udbud og eftersp\u00f8rgsel, produktionsomkostninger, s\u00e6sonbestemt eftersp\u00f8rgsel og andre faktorer. Derfor, n\u00e5r de k\u00f8ber eksplosionssikre n\u00f8dlys, r\u00e5des forbrugerne til at v\u00e6re mere opm\u00e6rksomme p\u00e5 markedsprisdynamikken og v\u00e6lge omkostningseffektive produkter.<\/p>\n\n\n\n<h2 class=\"wp-block-heading\"><strong>Amasly <\/strong><strong>Eksplosionssikker<\/strong><strong>&nbsp;N\u00f8dbelysningens egenskaber:<\/strong><strong><\/strong><\/h2>\n\n\n\n<p>1, med automatisk n\u00f8dfunktion, lang n\u00f8dtid.<\/p>\n\n\n\n<p>2, brug af LED-lyskilde, lav effekt, lang levetid, energieffektiv.<\/p>\n\n\n\n<p>3, avanceret og fornuftigt kredsl\u00f8bsdesign, h\u00f8j elektrisk effektivitet, h\u00f8j p\u00e5lidelighed, energibesparende og vedligeholdelsesfri.<\/p>\n\n\n\n<p>4, optimeret strukturelt design, letv\u00e6gtslegeringsskal, st\u00f8vt\u00e6t og vandt\u00e6t, slagfasthed, for at sikre, at lamperne og lanternerne opn\u00e5r vedligeholdelsesfrihed, for at undg\u00e5 vedligeholdelse af usikre faktorer.<\/p>\n\n\n\n<p>5 \u3001 Anvendelse af h\u00f8jteknologisk overfladebel\u00e6gningsteknologi, korrosionsbestandig, p\u00e5lidelig og holdbar, kan bruges p\u00e5lideligt i barske milj\u00f8er.<\/p>\n\n\n\n<p>6\u30013,7V lithium-ion milj\u00f8venligt 2200mah batteri;<\/p>\n\n\n\n<h2 class=\"wp-block-heading\"><strong>Amasly <\/strong><strong>Eksplosionssikker<\/strong><strong>&nbsp;n\u00f8dlys tekniske parametre<\/strong><strong><\/strong><\/h2>\n\n\n\n<figure class=\"wp-block-table\"><table class=\"has-fixed-layout\"><tbody><tr><td>Vare<\/td><td>Parametre<\/td><\/tr><tr><td>Sp\u00e6nding<\/td><td>AC110V-285V<\/td><\/tr><tr><td>Sp\u00e6nding<\/td><td>DC3,7V n\u00f8dstilf\u00e6lde<\/td><\/tr><tr><td>Kraft<\/td><td>2\u00d75W<\/td><\/tr><tr><td>N\u00f8dsituation<\/td><td>&gt;90 minutter<\/td><\/tr><tr><td>Kabel O.D.<\/td><td>\u03c610-\u03c614<\/td><\/tr><\/tbody><\/table><\/figure>\n\n\n\n<h2 class=\"wp-block-heading\"><strong>Amasly LED Eksplosionssikkert n\u00f8dlys pris: 12.57USD pr. stk.<\/strong><\/h2>\n\n\n\n<figure class=\"wp-block-image aligncenter size-full\"><img decoding=\"async\" width=\"661\" height=\"657\" src=\"https:\/\/led.amasly.com\/wp-content\/uploads\/2025\/04\/LED-Explosion-proof-emergency-lights.png\" alt=\"LED Explosion proof\u00a0emergency light price\" class=\"wp-image-3135\" title=\"\" srcset=\"https:\/\/led.amasly.com\/wp-content\/uploads\/2025\/04\/LED-Explosion-proof-emergency-lights.png 661w, https:\/\/led.amasly.com\/wp-content\/uploads\/2025\/04\/LED-Explosion-proof-emergency-lights-300x298.png 300w, https:\/\/led.amasly.com\/wp-content\/uploads\/2025\/04\/LED-Explosion-proof-emergency-lights-150x150.png 150w, https:\/\/led.amasly.com\/wp-content\/uploads\/2025\/04\/LED-Explosion-proof-emergency-lights-12x12.png 12w\" sizes=\"(max-width: 661px) 100vw, 661px\" \/><\/figure>\n\n\n\n<h2 class=\"wp-block-heading\"><strong>Amasly Eksplosionssikkert udgangslys pris:11.14USD pr. stk.<\/strong><\/h2>\n\n\n\n<figure class=\"wp-block-image aligncenter size-full\"><img decoding=\"async\" width=\"797\" height=\"632\" src=\"https:\/\/led.amasly.com\/wp-content\/uploads\/2025\/04\/LED-Explosion-proof-exit-light.png\" alt=\"\" class=\"wp-image-3136\" title=\"\" srcset=\"https:\/\/led.amasly.com\/wp-content\/uploads\/2025\/04\/LED-Explosion-proof-exit-light.png 797w, https:\/\/led.amasly.com\/wp-content\/uploads\/2025\/04\/LED-Explosion-proof-exit-light-300x238.png 300w, https:\/\/led.amasly.com\/wp-content\/uploads\/2025\/04\/LED-Explosion-proof-exit-light-768x609.png 768w, https:\/\/led.amasly.com\/wp-content\/uploads\/2025\/04\/LED-Explosion-proof-exit-light-15x12.png 15w\" sizes=\"(max-width: 797px) 100vw, 797px\" \/><\/figure>\n\n\n\n<h2 class=\"wp-block-heading\"><strong>Amasly <\/strong><strong>Eksplosionssikker<\/strong><strong>&nbsp;<\/strong><strong>n\u00f8dsituation <\/strong><strong>e<\/strong><strong>xit<\/strong><strong>&nbsp;Let pris<\/strong><strong>: 14.89USD pr. stk.<\/strong><strong><\/strong><\/h2>\n\n\n\n<figure class=\"wp-block-image aligncenter size-full\"><img decoding=\"async\" width=\"630\" height=\"674\" src=\"https:\/\/led.amasly.com\/wp-content\/uploads\/2025\/04\/LED-Explosion-proof-emergency-exit-lights.png\" alt=\"\" class=\"wp-image-3137\" title=\"\" srcset=\"https:\/\/led.amasly.com\/wp-content\/uploads\/2025\/04\/LED-Explosion-proof-emergency-exit-lights.png 630w, https:\/\/led.amasly.com\/wp-content\/uploads\/2025\/04\/LED-Explosion-proof-emergency-exit-lights-280x300.png 280w, https:\/\/led.amasly.com\/wp-content\/uploads\/2025\/04\/LED-Explosion-proof-emergency-exit-lights-11x12.png 11w\" sizes=\"(max-width: 630px) 100vw, 630px\" \/><\/figure>\n\n\n\n<p class=\"has-text-align-center\"><\/p>\n\n\n\n<div class=\"wp-block-uagb-container uagb-block-c7d898dd alignfull uagb-is-root-container\"><div class=\"uagb-container-inner-blocks-wrap\"><\/div><\/div>\n\n\n\n<h2 class=\"wp-block-heading\"><strong>Ofte stillede sp\u00f8rgsm\u00e5l om Amasly Light<\/strong><\/h2>\n\n\n\n<p><strong>Q1. Kan jeg f\u00e5 en pr\u00f8veordre p\u00e5 led-lys?<\/strong><strong><\/strong><\/p>\n\n\n\n<p>A: Ja, vi byder pr\u00f8veordre velkommen til at teste og kontrollere kvaliteten. Blandede pr\u00f8ver er acceptable.<\/p>\n\n\n\n<p><strong>Q2. Hvad med leveringstiden?<\/strong><strong><\/strong><\/p>\n\n\n\n<p>A: Pr\u00f8ven tager 3-5 dage, masseproduktionstiden tager 1-2 uger.<\/p>\n\n\n\n<p><strong>Q3.Har du nogen MOQ-gr\u00e6nse for ledet lysordre?<\/strong><strong><\/strong><\/p>\n\n\n\n<p>A: Lav MOQ 1pc til pr\u00f8vekontrol er tilg\u00e6ngelig.<\/p>\n\n\n\n<p><strong>Q4. Hvordan sender I varerne, og hvor lang tid tager det at f\u00e5 dem frem?<\/strong><strong><\/strong><\/p>\n\n\n\n<p>A: Vi sender normalt med <a href=\"https:\/\/www.dhl.com\" rel=\"nofollow noopener\" target=\"_blank\">DHL<\/a>, UPS, FedEx eller TNT. Det tager normalt 3-5 dage at ankomme. Luftlinje og s\u00f8fart er ogs\u00e5 valgfri.<\/p>\n\n\n\n<p><strong>Q5. Hvordan forts\u00e6tter man en ordre p\u00e5 led-lys?<\/strong><strong><\/strong><\/p>\n\n\n\n<p>A:<\/p>\n\n\n\n<p>Fort\u00e6l os f\u00f8rst om dine krav eller din ans\u00f8gning.<\/p>\n\n\n\n<p>For det andet giver vi tilbud i henhold til dine krav eller vores forslag.<\/p>\n\n\n\n<p>For det tredje bekr\u00e6fter kunden pr\u00f8verne og l\u00e6gger et depositum for den formelle ordre.<\/p>\n\n\n\n<p>For det fjerde arrangerer vi produktionen.<\/p>\n\n\n\n<p><strong>Q6. er det ok at printe min <\/strong><strong>LOGO<\/strong><strong>&nbsp;p\u00e5 led-lys produkt?<\/strong><strong><\/strong><\/p>\n\n\n\n<p>A: Ja, informer os venligst formelt inden vores produktion og bekr\u00e6ft f\u00f8rst designet baseret p\u00e5 vores pr\u00f8ve.<\/p>\n\n\n\n<p><strong>Q7: Tilbyder du garanti for produkterne?<\/strong><strong><\/strong><\/p>\n\n\n\n<p>A: Ja, vi tilbyder 2-5 \u00e5rs garanti p\u00e5 vores produkter.<\/p>\n\n\n\n<p><strong>Q8: Hvordan h\u00e5ndterer man de defekte?<\/strong><strong><\/strong><\/p>\n\n\n\n<p>A:<\/p>\n\n\n\n<p>For det f\u00f8rste producerer vores produkter dinstrict kvalitetskontrolsystem, og den defekte sats vil v\u00e6re mindre end 0,2%<\/p>\n\n\n\n<p>For det andet vil vi i l\u00f8bet af garantiperioden levere dele til at erstatte den d\u00e5rlige del. Ved bulkordrer leverer vi s\u00e5rbare dele p\u00e5 forh\u00e5nd, eller vi kan diskutere l\u00f8sninger, herunder tilbagekaldelser, baseret p\u00e5 den faktiske situation.<\/p>\n\n\n\n<p><strong>Q9: Kan vi lave eksplosionssikre lavsp\u00e6ndingslamper med AC\/DC-sp\u00e6ndinger p\u00e5 12V, 24V, 36V eller 48V? <\/strong><\/p>\n\n\n\n<p>Amasly kan bruges som b\u00e5de lavsp\u00e6ndings- og h\u00f8jsp\u00e6ndings eksplosionssikkert lys - AC\/DC 12V, 24V, 36V, 48V, AC 85-265V, AC 380V. <\/p>\n\n\n\n<p><strong>Q10: Kan der tilf\u00f8jes n\u00f8dbatterier til Explosion Poof Lights? <\/strong><\/p>\n\n\n\n<p>Den eksplosionssikre Amasly-lampe kan udstyres med lithium-n\u00f8dbatterier. N\u00f8dvarigheden er 90 minutter, 120 minutter eller 180 minutter. <\/p>\n\n\n\n<p><strong>Q11: Kan Amaslys eksplosionssikre lampe tilpasses som et OEM-produkt? <\/strong><\/p>\n\n\n\n<p>Amasly eksplosionssikre lamper kan tilpasses efter kundens krav til b\u00e5de lamperne og emballagekartonerne.<\/p>\n\n\n\n<h2 class=\"wp-block-heading\">Relaterede produkter<\/h2>\n\n\n\n<div class=\"wp-block-uagb-container uagb-block-66e4defc alignfull uagb-is-root-container\"><div class=\"uagb-container-inner-blocks-wrap\">\n<div class=\"wp-block-uagb-container uagb-block-a42945f9\">\n<div class=\"wp-block-uagb-image uagb-block-7296296b wp-block-uagb-image--layout-default wp-block-uagb-image--effect-static wp-block-uagb-image--align-none\"><figure class=\"wp-block-uagb-image__figure\"><a class=\"\" href=\"https:\/\/led.amasly.com\/da\/products\/\" target=\"\" rel=\"noopener\"><img decoding=\"async\" srcset=\"https:\/\/led.amasly.com\/wp-content\/uploads\/2024\/09\/Explosion-proof-high-bay-lights.png ,https:\/\/led.amasly.com\/wp-content\/uploads\/2024\/09\/Explosion-proof-high-bay-lights.png 780w, https:\/\/led.amasly.com\/wp-content\/uploads\/2024\/09\/Explosion-proof-high-bay-lights.png 360w\" sizes=\"auto, (max-width: 480px) 150px\" src=\"https:\/\/led.amasly.com\/wp-content\/uploads\/2024\/09\/Explosion-proof-high-bay-lights.png\" alt=\"\" class=\"uag-image-1495\" width=\"300\" height=\"300\" title=\"Eksplosionssikre high bay-lys\" loading=\"lazy\" role=\"img\"><\/a><\/figure><\/div>\n<\/div>\n\n\n\n<div class=\"wp-block-uagb-container uagb-block-4d3efde5\">\n<div class=\"wp-block-uagb-image uagb-block-c9e90797 wp-block-uagb-image--layout-default wp-block-uagb-image--effect-static wp-block-uagb-image--align-none\"><figure class=\"wp-block-uagb-image__figure\"><a class=\"\" href=\"https:\/\/led.amasly.com\/da\/products\/\" target=\"\" rel=\"noopener\"><img decoding=\"async\" srcset=\"https:\/\/led.amasly.com\/wp-content\/uploads\/2024\/07\/LED-tri-proof-lights2.png ,https:\/\/led.amasly.com\/wp-content\/uploads\/2024\/07\/LED-tri-proof-lights2.png 780w, https:\/\/led.amasly.com\/wp-content\/uploads\/2024\/07\/LED-tri-proof-lights2.png 360w\" sizes=\"auto, (max-width: 480px) 150px\" src=\"https:\/\/led.amasly.com\/wp-content\/uploads\/2024\/07\/LED-tri-proof-lights2.png\" alt=\"\" class=\"uag-image-1132\" width=\"300\" height=\"300\" title=\"LED-tri-proof-lys2\" loading=\"lazy\" role=\"img\"><\/a><\/figure><\/div>\n<\/div>\n\n\n\n<div class=\"wp-block-uagb-container uagb-block-11c2578b\">\n<div class=\"wp-block-uagb-image uagb-block-6e8883aa wp-block-uagb-image--layout-default wp-block-uagb-image--effect-static wp-block-uagb-image--align-none\"><figure class=\"wp-block-uagb-image__figure\"><a class=\"\" href=\"https:\/\/led.amasly.com\/da\/products\/\" target=\"\" rel=\"noopener\"><img decoding=\"async\" srcset=\"https:\/\/led.amasly.com\/wp-content\/uploads\/2024\/09\/LED-Explosion-Proof-Gas-Station-Light.png ,https:\/\/led.amasly.com\/wp-content\/uploads\/2024\/09\/LED-Explosion-Proof-Gas-Station-Light.png 780w, https:\/\/led.amasly.com\/wp-content\/uploads\/2024\/09\/LED-Explosion-Proof-Gas-Station-Light.png 360w\" sizes=\"auto, (max-width: 480px) 150px\" src=\"https:\/\/led.amasly.com\/wp-content\/uploads\/2024\/09\/LED-Explosion-Proof-Gas-Station-Light.png\" alt=\"\" class=\"uag-image-1501\" width=\"300\" height=\"300\" title=\"LED-eksplosionssikkert tankstationslys\" loading=\"lazy\" role=\"img\"><\/a><\/figure><\/div>\n<\/div>\n<\/div><\/div>\n\n\n\n<div class=\"wp-block-uagb-container uagb-block-548945b5 alignfull uagb-is-root-container\"><div class=\"uagb-container-inner-blocks-wrap\">\n<div class=\"wp-block-uagb-container uagb-block-967755d5\">\n<h4 class=\"wp-block-heading has-text-align-center\"><a href=\"https:\/\/led.amasly.com\/da\/products\/\">LED-eksplosionssikre lamper<\/a><\/h4>\n<\/div>\n\n\n\n<div class=\"wp-block-uagb-container uagb-block-9bc52fc2\">\n<h4 class=\"wp-block-heading has-text-align-center\"><a href=\"https:\/\/led.amasly.com\/da\/products\/\">LED Tri-Proof-lys<\/a><\/h4>\n<\/div>\n\n\n\n<div class=\"wp-block-uagb-container uagb-block-8ffa0a23\">\n<h4 class=\"wp-block-heading has-text-align-center\"><a href=\"https:\/\/led.amasly.com\/da\/products\/\">Eksplosionssikre lamper til tankstationer<\/a><\/h4>\n<\/div>\n<\/div><\/div>\n\n\n\n<div class=\"wp-block-uagb-container uagb-block-29499fe0 alignfull uagb-is-root-container\"><div class=\"uagb-container-inner-blocks-wrap\">\n<div class=\"wp-block-uagb-container uagb-block-777ee1c7\">\n<div class=\"wp-block-uagb-image uagb-block-2e9a1851 wp-block-uagb-image--layout-default wp-block-uagb-image--effect-static wp-block-uagb-image--align-none\"><figure class=\"wp-block-uagb-image__figure\"><a class=\"\" href=\"https:\/\/led.amasly.com\/da\/products\/\" target=\"\" rel=\"noopener\"><img decoding=\"async\" srcset=\"https:\/\/led.amasly.com\/wp-content\/uploads\/2024\/10\/50W-100W-150W-200W-300W-LED-Flood-Light.jpg ,https:\/\/led.amasly.com\/wp-content\/uploads\/2024\/10\/50W-100W-150W-200W-300W-LED-Flood-Light.jpg 780w, https:\/\/led.amasly.com\/wp-content\/uploads\/2024\/10\/50W-100W-150W-200W-300W-LED-Flood-Light.jpg 360w\" sizes=\"auto, (max-width: 480px) 150px\" src=\"https:\/\/led.amasly.com\/wp-content\/uploads\/2024\/10\/50W-100W-150W-200W-300W-LED-Flood-Light.jpg\" alt=\"\" class=\"uag-image-1526\" width=\"300\" height=\"300\" title=\"50W 100W 150W 200W 300W LED-oversv\u00f8mmelseslys\" loading=\"lazy\" role=\"img\"><\/a><\/figure><\/div>\n<\/div>\n\n\n\n<div class=\"wp-block-uagb-container uagb-block-af8c8683\">\n<div class=\"wp-block-uagb-image uagb-block-67947854 wp-block-uagb-image--layout-default wp-block-uagb-image--effect-static wp-block-uagb-image--align-none\"><figure class=\"wp-block-uagb-image__figure\"><a class=\"\" href=\"https:\/\/led.amasly.com\/da\/products\/\" target=\"\" rel=\"noopener\"><img decoding=\"async\" srcset=\"https:\/\/led.amasly.com\/wp-content\/uploads\/2024\/07\/led-tri-proof-light.png ,https:\/\/led.amasly.com\/wp-content\/uploads\/2024\/07\/led-tri-proof-light.png 780w, https:\/\/led.amasly.com\/wp-content\/uploads\/2024\/07\/led-tri-proof-light.png 360w\" sizes=\"auto, (max-width: 480px) 150px\" src=\"https:\/\/led.amasly.com\/wp-content\/uploads\/2024\/07\/led-tri-proof-light.png\" alt=\"\" class=\"uag-image-1130\" width=\"300\" height=\"300\" title=\"led-tri-proof-lys\" loading=\"lazy\" role=\"img\"><\/a><\/figure><\/div>\n<\/div>\n\n\n\n<div class=\"wp-block-uagb-container uagb-block-0fdfdd58\">\n<div class=\"wp-block-uagb-image uagb-block-1187d32d wp-block-uagb-image--layout-default wp-block-uagb-image--effect-static wp-block-uagb-image--align-none\"><figure class=\"wp-block-uagb-image__figure\"><a class=\"\" href=\"https:\/\/led.amasly.com\/da\/products\/\" target=\"\" rel=\"noopener\"><img decoding=\"async\" srcset=\"https:\/\/led.amasly.com\/wp-content\/uploads\/2024\/07\/LED-street-light.jpg ,https:\/\/led.amasly.com\/wp-content\/uploads\/2024\/07\/LED-street-light.jpg 780w, https:\/\/led.amasly.com\/wp-content\/uploads\/2024\/07\/LED-street-light.jpg 360w\" sizes=\"auto, (max-width: 480px) 150px\" src=\"https:\/\/led.amasly.com\/wp-content\/uploads\/2024\/07\/LED-street-light.jpg\" alt=\"\" class=\"uag-image-1145\" width=\"300\" height=\"300\" title=\"LED-gadebelysning\" loading=\"lazy\" role=\"img\"><\/a><\/figure><\/div>\n<\/div>\n<\/div><\/div>\n\n\n\n<div class=\"wp-block-uagb-container uagb-block-6a60882c alignfull uagb-is-root-container\"><div class=\"uagb-container-inner-blocks-wrap\">\n<div class=\"wp-block-uagb-container uagb-block-f1e91a35\">\n<h4 class=\"wp-block-heading has-text-align-center\"><a href=\"https:\/\/led.amasly.com\/da\/products\/\">LED-oversv\u00f8mmelseslys<\/a><\/h4>\n<\/div>\n\n\n\n<div class=\"wp-block-uagb-container uagb-block-165bfa58\">\n<h4 class=\"wp-block-heading has-text-align-center\"><a href=\"https:\/\/led.amasly.com\/da\/products\/\">LED Tri-Proof lysr\u00f8r<\/a><\/h4>\n<\/div>\n\n\n\n<div class=\"wp-block-uagb-container uagb-block-f6096e3b\">\n<h4 class=\"wp-block-heading has-text-align-center\"><a href=\"https:\/\/led.amasly.com\/da\/products\/\">LED-gadelys<\/a><\/h4>\n<\/div>\n<\/div><\/div>\n\n\n\n<div class=\"wp-block-uagb-container uagb-block-99c0e0a5 alignfull uagb-is-root-container\"><div class=\"uagb-container-inner-blocks-wrap\"><\/div><\/div>","protected":false},"excerpt":{"rendered":"<p>Amasly LED Explosion proof emergency light price Explosion proof emergency light introduction: Explosion proof&nbsp;emergency light is used in petroleum mining, chemical industry, military industry and other flammable and explosive hazardous places and environments for emergency safety evacuation and lighting equipment in case of power failure. Powered by 3.7V lithium-ion environmentally friendly 2200mah emergency battery power [&hellip;]<\/p>\n","protected":false},"author":1,"featured_media":0,"parent":2869,"menu_order":0,"comment_status":"closed","ping_status":"closed","template":"","meta":{"_uag_custom_page_level_css":"","site-sidebar-layout":"no-sidebar","site-content-layout":"","ast-site-content-layout":"default","site-content-style":"default","site-sidebar-style":"default","ast-global-header-display":"","ast-banner-title-visibility":"","ast-main-header-display":"","ast-hfb-above-header-display":"","ast-hfb-below-header-display":"","ast-hfb-mobile-header-display":"","site-post-title":"disabled","ast-breadcrumbs-content":"","ast-featured-img":"","footer-sml-layout":"","ast-disable-related-posts":"","theme-transparent-header-meta":"enabled","adv-header-id-meta":"","stick-header-meta":"","header-above-stick-meta":"","header-main-stick-meta":"","header-below-stick-meta":"","astra-migrate-meta-layouts":"set","ast-page-background-enabled":"default","ast-page-background-meta":{"desktop":{"background-color":"var(--ast-global-color-4)","background-image":"","background-repeat":"repeat","background-position":"center center","background-size":"auto","background-attachment":"scroll","background-type":"","background-media":"","overlay-type":"","overlay-color":"","overlay-opacity":"","overlay-gradient":""},"tablet":{"background-color":"","background-image":"","background-repeat":"repeat","background-position":"center center","background-size":"auto","background-attachment":"scroll","background-type":"","background-media":"","overlay-type":"","overlay-color":"","overlay-opacity":"","overlay-gradient":""},"mobile":{"background-color":"","background-image":"","background-repeat":"repeat","background-position":"center center","background-size":"auto","background-attachment":"scroll","background-type":"","background-media":"","overlay-type":"","overlay-color":"","overlay-opacity":"","overlay-gradient":""}},"ast-content-background-meta":{"desktop":{"background-color":"var(--ast-global-color-5)","background-image":"","background-repeat":"repeat","background-position":"center center","background-size":"auto","background-attachment":"scroll","background-type":"","background-media":"","overlay-type":"","overlay-color":"","overlay-opacity":"","overlay-gradient":""},"tablet":{"background-color":"var(--ast-global-color-5)","background-image":"","background-repeat":"repeat","background-position":"center center","background-size":"auto","background-attachment":"scroll","background-type":"","background-media":"","overlay-type":"","overlay-color":"","overlay-opacity":"","overlay-gradient":""},"mobile":{"background-color":"var(--ast-global-color-5)","background-image":"","background-repeat":"repeat","background-position":"center center","background-size":"auto","background-attachment":"scroll","background-type":"","background-media":"","overlay-type":"","overlay-color":"","overlay-opacity":"","overlay-gradient":""}},"footnotes":""},"class_list":["post-3134","page","type-page","status-publish","hentry"],"uagb_featured_image_src":{"full":false,"thumbnail":false,"medium":false,"medium_large":false,"large":false,"1536x1536":false,"2048x2048":false,"trp-custom-language-flag":false},"uagb_author_info":{"display_name":"Joe","author_link":"https:\/\/led.amasly.com\/da\/author\/jacklin\/"},"uagb_comment_info":0,"uagb_excerpt":"Amasly LED Explosion proof emergency light price Explosion proof emergency light introduction: Explosion proof&nbsp;emergency light is used in petroleum mining, chemical industry, military industry and other flammable and explosive hazardous places and environments for emergency safety evacuation and lighting equipment in case of power failure. Powered by 3.7V lithium-ion environmentally friendly 2200mah emergency battery power&hellip;","_links":{"self":[{"href":"https:\/\/led.amasly.com\/da\/wp-json\/wp\/v2\/pages\/3134","targetHints":{"allow":["GET"]}}],"collection":[{"href":"https:\/\/led.amasly.com\/da\/wp-json\/wp\/v2\/pages"}],"about":[{"href":"https:\/\/led.amasly.com\/da\/wp-json\/wp\/v2\/types\/page"}],"author":[{"embeddable":true,"href":"https:\/\/led.amasly.com\/da\/wp-json\/wp\/v2\/users\/1"}],"replies":[{"embeddable":true,"href":"https:\/\/led.amasly.com\/da\/wp-json\/wp\/v2\/comments?post=3134"}],"version-history":[{"count":3,"href":"https:\/\/led.amasly.com\/da\/wp-json\/wp\/v2\/pages\/3134\/revisions"}],"predecessor-version":[{"id":4481,"href":"https:\/\/led.amasly.com\/da\/wp-json\/wp\/v2\/pages\/3134\/revisions\/4481"}],"up":[{"embeddable":true,"href":"https:\/\/led.amasly.com\/da\/wp-json\/wp\/v2\/pages\/2869"}],"wp:attachment":[{"href":"https:\/\/led.amasly.com\/da\/wp-json\/wp\/v2\/media?parent=3134"}],"curies":[{"name":"wp","href":"https:\/\/api.w.org\/{rel}","templated":true}]}}